





{"id":88362,"date":"2025-09-14T16:26:55","date_gmt":"2025-09-14T14:26:55","guid":{"rendered":"https:\/\/repliquemangacine.fr\/?post_type=product&#038;p=88362"},"modified":"2026-04-23T12:35:09","modified_gmt":"2026-04-23T10:35:09","slug":"dolch-von-baruka-solo-leveling","status":"publish","type":"product","link":"https:\/\/repliquemangacine.fr\/de\/solo-leveling\/dague-de-baruka-solo-leveling\/","title":{"rendered":"Dolch von Baruka Solo Leveling"},"content":{"rendered":"<h2>Der Dolch von Baruka Solo Leveling<\/h2>\n<p>Tauchen Sie zun\u00e4chst mit dieser originalgetreuen Nachbildung von Barukas Dolch in die d\u00fcstere Welt von Solo Leveling ein. Anf\u00fchrerin der Eiselfen und gef\u00fcrchtete Gegnerin von <a href=\"https:\/\/solo-leveling.fandom.com\/wiki\/Sung_Jinwoo\" target=\"_blank\" rel=\"noopener noreferrer\">Sung Jin-Woo<\/a>, Baruka beherrschte diese Waffe mit erschreckender Meisterschaft. Nach seinem Tod machte Jin-Woo sie zu einer seiner Hauptwaffen, bevor er die Dolche des D\u00e4monenk\u00f6nigs erhielt.<\/p>\n<p>Dieser Dolch aus rostfreiem 440er Stahl ist authentisch und widerstandsf\u00e4hig. Seine gebogene Klinge ist unverkennbar. Er wird durch einen Parierstab und einen Knauf aus blauem ABS veredelt, die das urspr\u00fcngliche Design des Manhwa aufgreifen.  Mit diesem einzigartigen St\u00fcck k\u00f6nnen Sie diese mythischen K\u00e4mpfe nacherleben und Ihre Sammlung mit einer Replik vervollst\u00e4ndigen, die den gr\u00f6\u00dften Fans w\u00fcrdig ist.<\/p>\n<h2>Baruka, die Eiselfe mit dem legend\u00e4ren Dolch<\/h2>\n<p>Als Eiselfe hatte Baruka schneewei\u00dfes Haar. Sie hatte blaue Haut, wei\u00dfe Augen, ein grausames L\u00e4cheln, schwarze Fingern\u00e4gel und ein violettes Blattmuster auf der Stirn. Au\u00dferdem trug sie eine wei\u00df-blaue, haarige M\u00fctze.<\/p>\n<p>Wie der Rest seines Stammes war Baruka egozentrisch und sadistisch. Er prahlte h\u00e4ufig w\u00e4hrend des Kampfes mit seiner \u00fcberlegenen Kraft und seiner Kampfkraft. Er hatte gro\u00dfe Freude daran, Menschen zu t\u00f6ten. F\u00fcr ein magisches Tier war er auch ausgesprochen intelligent. Er stellte fest, dass Sung Jinwoo nicht ganz menschlich war, nachdem er ihn nur wenige Minuten lang kennengelernt hatte.<br \/>\nAls magisches Wesen der Stufe S in einem Dungeon der Roten Pforte war Baruka so m\u00e4chtig, dass Jinwoo erkannte, dass er ihn alleine niemals besiegen k\u00f6nnte, und nur erfolgreich war, indem er den Eiselfen mit seinen damals st\u00e4rksten Schatten, Igris und Iron, besiegte.<\/p>\n<h2>Solo Leveling Replikas erh\u00e4ltlich bei RMC<\/h2>\n<p>R\u00e9plique Manga Cin\u00e9 bietet eine einzigartige Auswahl an Repliken aus dem Solo Leveling. Hier finden Sie die ber\u00fchmte <a href=\"https:\/\/repliquemangacine.fr\/de\/neuheiten\/dolch-moonshadow-solo-leveling\/\" target=\"_blank\" rel=\"noopener noreferrer\">Moonshadow-Dolch<\/a> von Sung Jinwoo. Diese mythische Waffe spiegelt seinen schnellen und pr\u00e4zisen Stil perfekt wider. Die Demon King\u2019s Daggers geh\u00f6ren ebenfalls zu den Neuheiten. Jedes St\u00fcck wurde sorgf\u00e4ltig entworfen, um den Geist des Manhwa widerzuspiegeln.<\/p>\n<p>Jede Neuheit wird aufgrund ihrer Originalgetreue und Reproduktionsqualit\u00e4t ausgew\u00e4hlt. Wir bieten Repliken aus den gr\u00f6\u00dften Mangas, Videospielen und Kultfilmen an. Dank dieser symboltr\u00e4chtigen Waffen k\u00f6nnen Sammler ihre Vitrinen mit einzigartigen St\u00fccken bereichern.<\/p>","protected":false},"excerpt":{"rendered":"<p>Wundersch\u00f6ne Replik des Dolches von Baruka in Solo Leveling<\/p>\n<ul>\n<li>Speziell geformte Klinge aus 440er-Stahl.<\/li>\n<li>Blauer ABS-Griffb\u00fcgel und -Knauf mit speziellem Design.<\/li>\n<li>Griff mit braunem, geformtem und geriffeltem ABS \u00fcberzogen, damit er gut in der Hand liegt.<\/li>\n<li>Wird mit Pr\u00e4sentationsst\u00e4nder geliefert<\/li>\n<li>Klingenl\u00e4nge: 59 cm mit Kr\u00f6pfung<\/li>\n<li>Gesamtl\u00e4nge: 69 cm<\/li>\n<\/ul>\n<p>&nbsp;<\/p>\n<p>&nbsp;<\/p>","protected":false},"featured_media":88365,"template":"","meta":[],"product_brand":[896],"product_cat":[895],"product_tag":[],"class_list":{"0":"post-88362","1":"product","2":"type-product","3":"status-publish","4":"has-post-thumbnail","6":"product_brand-replique-manga-cine","7":"product_cat-solo-leveling","9":"first","10":"instock","11":"taxable","12":"shipping-taxable","13":"purchasable","14":"product-type-simple"},"yoast_head":"<!-- This site is optimized with the Yoast SEO plugin v27.5 - https:\/\/yoast.com\/product\/yoast-seo-wordpress\/ -->\n<title>Dague de Baruka Solo Leveling - R\u00e9plique Manga Cin\u00e9<\/title>\n<meta name=\"description\" content=\"R\u00e9plique fid\u00e8le de la dague de Baruka dans Solo Leveling, en acier inoxydable 440 avec support. Id\u00e9al collectionneurs, cosplay et fans du manhwa. 69 cm.\" \/>\n<meta name=\"robots\" content=\"index, follow, max-snippet:-1, max-image-preview:large, max-video-preview:-1\" \/>\n<link rel=\"canonical\" href=\"https:\/\/repliquemangacine.fr\/de\/solo-leveling\/dolch-von-baruka-solo-leveling\/\" \/>\n<meta property=\"og:locale\" content=\"de_DE\" \/>\n<meta property=\"og:type\" content=\"article\" \/>\n<meta property=\"og:title\" content=\"Dague de Baruka Solo Leveling - R\u00e9plique Manga Cin\u00e9\" \/>\n<meta property=\"og:description\" content=\"R\u00e9plique fid\u00e8le de la dague de Baruka dans Solo Leveling, en acier inoxydable 440 avec support. Id\u00e9al collectionneurs, cosplay et fans du manhwa. 69 cm.\" \/>\n<meta property=\"og:url\" content=\"https:\/\/repliquemangacine.fr\/de\/solo-leveling\/dolch-von-baruka-solo-leveling\/\" \/>\n<meta property=\"og:site_name\" content=\"R\u00e9plique Manga Cin\u00e9\" \/>\n<meta property=\"article:publisher\" content=\"https:\/\/www.facebook.com\/RepliqueMangaCine\" \/>\n<meta property=\"article:modified_time\" content=\"2026-04-23T10:35:09+00:00\" \/>\n<meta property=\"og:image\" content=\"https:\/\/repliquemangacine.fr\/wp-content\/uploads\/2025\/09\/Dague-Baruka-Solo-Leveling.jpg\" \/>\n\t<meta property=\"og:image:width\" content=\"700\" \/>\n\t<meta property=\"og:image:height\" content=\"700\" \/>\n\t<meta property=\"og:image:type\" content=\"image\/jpeg\" \/>\n<meta name=\"twitter:card\" content=\"summary_large_image\" \/>\n<meta name=\"twitter:label1\" content=\"Gesch\u00e4tzte Lesezeit\" \/>\n\t<meta name=\"twitter:data1\" content=\"3\u00a0Minuten\" \/>\n<script type=\"application\/ld+json\" class=\"yoast-schema-graph\">{\"@context\":\"https:\\\/\\\/schema.org\",\"@graph\":[{\"@type\":\"WebPage\",\"@id\":\"https:\\\/\\\/repliquemangacine.fr\\\/solo-leveling\\\/dague-de-baruka-solo-leveling\\\/\",\"url\":\"https:\\\/\\\/repliquemangacine.fr\\\/solo-leveling\\\/dague-de-baruka-solo-leveling\\\/\",\"name\":\"Dague de Baruka Solo Leveling - R\u00e9plique Manga Cin\u00e9\",\"isPartOf\":{\"@id\":\"https:\\\/\\\/repliquemangacine.fr\\\/#website\"},\"primaryImageOfPage\":{\"@id\":\"https:\\\/\\\/repliquemangacine.fr\\\/solo-leveling\\\/dague-de-baruka-solo-leveling\\\/#primaryimage\"},\"image\":{\"@id\":\"https:\\\/\\\/repliquemangacine.fr\\\/solo-leveling\\\/dague-de-baruka-solo-leveling\\\/#primaryimage\"},\"thumbnailUrl\":\"https:\\\/\\\/repliquemangacine.fr\\\/wp-content\\\/uploads\\\/2025\\\/09\\\/Dague-Baruka-Solo-Leveling.jpg\",\"datePublished\":\"2025-09-14T14:26:55+00:00\",\"dateModified\":\"2026-04-23T10:35:09+00:00\",\"description\":\"R\u00e9plique fid\u00e8le de la dague de Baruka dans Solo Leveling, en acier inoxydable 440 avec support. Id\u00e9al collectionneurs, cosplay et fans du manhwa. 69 cm.\",\"breadcrumb\":{\"@id\":\"https:\\\/\\\/repliquemangacine.fr\\\/solo-leveling\\\/dague-de-baruka-solo-leveling\\\/#breadcrumb\"},\"inLanguage\":\"de\",\"potentialAction\":[{\"@type\":\"ReadAction\",\"target\":[\"https:\\\/\\\/repliquemangacine.fr\\\/solo-leveling\\\/dague-de-baruka-solo-leveling\\\/\"]}]},{\"@type\":\"ImageObject\",\"inLanguage\":\"de\",\"@id\":\"https:\\\/\\\/repliquemangacine.fr\\\/solo-leveling\\\/dague-de-baruka-solo-leveling\\\/#primaryimage\",\"url\":\"https:\\\/\\\/repliquemangacine.fr\\\/wp-content\\\/uploads\\\/2025\\\/09\\\/Dague-Baruka-Solo-Leveling.jpg\",\"contentUrl\":\"https:\\\/\\\/repliquemangacine.fr\\\/wp-content\\\/uploads\\\/2025\\\/09\\\/Dague-Baruka-Solo-Leveling.jpg\",\"width\":700,\"height\":700,\"caption\":\"Dague de Baruka Solo Leveling\"},{\"@type\":\"BreadcrumbList\",\"@id\":\"https:\\\/\\\/repliquemangacine.fr\\\/solo-leveling\\\/dague-de-baruka-solo-leveling\\\/#breadcrumb\",\"itemListElement\":[{\"@type\":\"ListItem\",\"position\":1,\"name\":\"Accueil\",\"item\":\"https:\\\/\\\/repliquemangacine.fr\\\/\"},{\"@type\":\"ListItem\",\"position\":2,\"name\":\"Produits\",\"item\":\"https:\\\/\\\/repliquemangacine.fr\\\/boutique\\\/\"},{\"@type\":\"ListItem\",\"position\":3,\"name\":\"Dague de Baruka Solo Leveling\"}]},{\"@type\":\"WebSite\",\"@id\":\"https:\\\/\\\/repliquemangacine.fr\\\/#website\",\"url\":\"https:\\\/\\\/repliquemangacine.fr\\\/\",\"name\":\"R\u00e9plique Manga Cin\u00e9\",\"description\":\"\",\"publisher\":{\"@id\":\"https:\\\/\\\/repliquemangacine.fr\\\/#organization\"},\"potentialAction\":[{\"@type\":\"SearchAction\",\"target\":{\"@type\":\"EntryPoint\",\"urlTemplate\":\"https:\\\/\\\/repliquemangacine.fr\\\/?s={search_term_string}\"},\"query-input\":{\"@type\":\"PropertyValueSpecification\",\"valueRequired\":true,\"valueName\":\"search_term_string\"}}],\"inLanguage\":\"de\"},{\"@type\":\"Organization\",\"@id\":\"https:\\\/\\\/repliquemangacine.fr\\\/#organization\",\"name\":\"R\u00e9plique Manga Cin\u00e9\",\"url\":\"https:\\\/\\\/repliquemangacine.fr\\\/\",\"logo\":{\"@type\":\"ImageObject\",\"inLanguage\":\"de\",\"@id\":\"https:\\\/\\\/repliquemangacine.fr\\\/#\\\/schema\\\/logo\\\/image\\\/\",\"url\":\"https:\\\/\\\/repliquemangacine.fr\\\/wp-content\\\/uploads\\\/2023\\\/10\\\/RMC-500250.png\",\"contentUrl\":\"https:\\\/\\\/repliquemangacine.fr\\\/wp-content\\\/uploads\\\/2023\\\/10\\\/RMC-500250.png\",\"width\":500,\"height\":250,\"caption\":\"R\u00e9plique Manga Cin\u00e9\"},\"image\":{\"@id\":\"https:\\\/\\\/repliquemangacine.fr\\\/#\\\/schema\\\/logo\\\/image\\\/\"},\"sameAs\":[\"https:\\\/\\\/www.facebook.com\\\/RepliqueMangaCine\",\"https:\\\/\\\/www.instagram.com\\\/repliquemangacine.fr\\\/\"]}]}<\/script>\n<!-- \/ Yoast SEO plugin. -->","yoast_head_json":{"title":"Dolch von Baruka Solo Leveling - R\u00e9plique Manga Cin\u00e9","description":"Originalgetreue Replik von Barukas Dolch aus \"Solo Leveling\", aus 440er Edelstahl mit Halterung. Ideal f\u00fcr Sammler, Cosplay und Manhwa-Fans. 69 cm.","robots":{"index":"index","follow":"follow","max-snippet":"max-snippet:-1","max-image-preview":"max-image-preview:large","max-video-preview":"max-video-preview:-1"},"canonical":"https:\/\/repliquemangacine.fr\/de\/solo-leveling\/dolch-von-baruka-solo-leveling\/","og_locale":"de_DE","og_type":"article","og_title":"Dague de Baruka Solo Leveling - R\u00e9plique Manga Cin\u00e9","og_description":"R\u00e9plique fid\u00e8le de la dague de Baruka dans Solo Leveling, en acier inoxydable 440 avec support. Id\u00e9al collectionneurs, cosplay et fans du manhwa. 69 cm.","og_url":"https:\/\/repliquemangacine.fr\/de\/solo-leveling\/dolch-von-baruka-solo-leveling\/","og_site_name":"R\u00e9plique Manga Cin\u00e9","article_publisher":"https:\/\/www.facebook.com\/RepliqueMangaCine","article_modified_time":"2026-04-23T10:35:09+00:00","og_image":[{"width":700,"height":700,"url":"https:\/\/repliquemangacine.fr\/wp-content\/uploads\/2025\/09\/Dague-Baruka-Solo-Leveling.jpg","type":"image\/jpeg"}],"twitter_card":"summary_large_image","twitter_misc":{"Gesch\u00e4tzte Lesezeit":"3\u00a0Minuten"},"schema":{"@context":"https:\/\/schema.org","@graph":[{"@type":"WebPage","@id":"https:\/\/repliquemangacine.fr\/solo-leveling\/dague-de-baruka-solo-leveling\/","url":"https:\/\/repliquemangacine.fr\/solo-leveling\/dague-de-baruka-solo-leveling\/","name":"Dolch von Baruka Solo Leveling - R\u00e9plique Manga Cin\u00e9","isPartOf":{"@id":"https:\/\/repliquemangacine.fr\/#website"},"primaryImageOfPage":{"@id":"https:\/\/repliquemangacine.fr\/solo-leveling\/dague-de-baruka-solo-leveling\/#primaryimage"},"image":{"@id":"https:\/\/repliquemangacine.fr\/solo-leveling\/dague-de-baruka-solo-leveling\/#primaryimage"},"thumbnailUrl":"https:\/\/repliquemangacine.fr\/wp-content\/uploads\/2025\/09\/Dague-Baruka-Solo-Leveling.jpg","datePublished":"2025-09-14T14:26:55+00:00","dateModified":"2026-04-23T10:35:09+00:00","description":"Originalgetreue Replik von Barukas Dolch aus \"Solo Leveling\", aus 440er Edelstahl mit Halterung. Ideal f\u00fcr Sammler, Cosplay und Manhwa-Fans. 69 cm.","breadcrumb":{"@id":"https:\/\/repliquemangacine.fr\/solo-leveling\/dague-de-baruka-solo-leveling\/#breadcrumb"},"inLanguage":"de","potentialAction":[{"@type":"ReadAction","target":["https:\/\/repliquemangacine.fr\/solo-leveling\/dague-de-baruka-solo-leveling\/"]}]},{"@type":"ImageObject","inLanguage":"de","@id":"https:\/\/repliquemangacine.fr\/solo-leveling\/dague-de-baruka-solo-leveling\/#primaryimage","url":"https:\/\/repliquemangacine.fr\/wp-content\/uploads\/2025\/09\/Dague-Baruka-Solo-Leveling.jpg","contentUrl":"https:\/\/repliquemangacine.fr\/wp-content\/uploads\/2025\/09\/Dague-Baruka-Solo-Leveling.jpg","width":700,"height":700,"caption":"Dague de Baruka Solo Leveling"},{"@type":"BreadcrumbList","@id":"https:\/\/repliquemangacine.fr\/solo-leveling\/dague-de-baruka-solo-leveling\/#breadcrumb","itemListElement":[{"@type":"ListItem","position":1,"name":"Accueil","item":"https:\/\/repliquemangacine.fr\/"},{"@type":"ListItem","position":2,"name":"Produits","item":"https:\/\/repliquemangacine.fr\/boutique\/"},{"@type":"ListItem","position":3,"name":"Dague de Baruka Solo Leveling"}]},{"@type":"WebSite","@id":"https:\/\/repliquemangacine.fr\/#website","url":"https:\/\/repliquemangacine.fr\/","name":"R\u00e9plique Manga Cin\u00e9","description":"","publisher":{"@id":"https:\/\/repliquemangacine.fr\/#organization"},"potentialAction":[{"@type":"SearchAction","target":{"@type":"EntryPoint","urlTemplate":"https:\/\/repliquemangacine.fr\/?s={search_term_string}"},"query-input":{"@type":"PropertyValueSpecification","valueRequired":true,"valueName":"search_term_string"}}],"inLanguage":"de"},{"@type":"Organization","@id":"https:\/\/repliquemangacine.fr\/#organization","name":"R\u00e9plique Manga Cin\u00e9","url":"https:\/\/repliquemangacine.fr\/","logo":{"@type":"ImageObject","inLanguage":"de","@id":"https:\/\/repliquemangacine.fr\/#\/schema\/logo\/image\/","url":"https:\/\/repliquemangacine.fr\/wp-content\/uploads\/2023\/10\/RMC-500250.png","contentUrl":"https:\/\/repliquemangacine.fr\/wp-content\/uploads\/2023\/10\/RMC-500250.png","width":500,"height":250,"caption":"R\u00e9plique Manga Cin\u00e9"},"image":{"@id":"https:\/\/repliquemangacine.fr\/#\/schema\/logo\/image\/"},"sameAs":["https:\/\/www.facebook.com\/RepliqueMangaCine","https:\/\/www.instagram.com\/repliquemangacine.fr\/"]}]}},"_links":{"self":[{"href":"https:\/\/repliquemangacine.fr\/de\/wp-json\/wp\/v2\/product\/88362","targetHints":{"allow":["GET"]}}],"collection":[{"href":"https:\/\/repliquemangacine.fr\/de\/wp-json\/wp\/v2\/product"}],"about":[{"href":"https:\/\/repliquemangacine.fr\/de\/wp-json\/wp\/v2\/types\/product"}],"wp:featuredmedia":[{"embeddable":true,"href":"https:\/\/repliquemangacine.fr\/de\/wp-json\/wp\/v2\/media\/88365"}],"wp:attachment":[{"href":"https:\/\/repliquemangacine.fr\/de\/wp-json\/wp\/v2\/media?parent=88362"}],"wp:term":[{"taxonomy":"product_brand","embeddable":true,"href":"https:\/\/repliquemangacine.fr\/de\/wp-json\/wp\/v2\/product_brand?post=88362"},{"taxonomy":"product_cat","embeddable":true,"href":"https:\/\/repliquemangacine.fr\/de\/wp-json\/wp\/v2\/product_cat?post=88362"},{"taxonomy":"product_tag","embeddable":true,"href":"https:\/\/repliquemangacine.fr\/de\/wp-json\/wp\/v2\/product_tag?post=88362"}],"curies":[{"name":"wp","href":"https:\/\/api.w.org\/{rel}","templated":true}]}}