





{"id":88233,"date":"2025-09-09T16:41:35","date_gmt":"2025-09-09T14:41:35","guid":{"rendered":"https:\/\/repliquemangacine.fr\/?post_type=product&#038;p=88233"},"modified":"2026-02-19T11:30:09","modified_gmt":"2026-02-19T10:30:09","slug":"traditionelles-schwert-aus-der-tang-dynastie","status":"publish","type":"product","link":"https:\/\/repliquemangacine.fr\/de\/epees-et-dagues-fantasy\/sabre-traditionnel-de-la-dynastie-tang\/","title":{"rendered":"traditionelles Schwert aus der Tang-Dynastie"},"content":{"rendered":"<h2>Das traditionelle Schwert der Tang-Dynastie<\/h2>\n<p>Hier ist eine wundersch\u00f6ne Nachbildung des traditionellen chinesischen Schwertes aus der Tang-Dynastie. Diese symboltr\u00e4chtige Waffe, Jian genannt, ist eines der \u00e4ltesten chinesischen Schwerter. Seit \u00fcber 2500 Jahren im Einsatz, symbolisiert es sowohl Macht als auch Raffinesse. In der Tang-Dynastie war das Jian nicht nur eine Kampfwaffe, sondern auch ein Prestigeobjekt, das von Adligen und Gelehrten getragen wurde.<\/p>\n<p>Diese originalgetreue Nachbildung spiegelt die Eleganz und Finesse der Originalwaffe wider. Sie verf\u00fcgt \u00fcber: einen reich verzierten, runden Handschutz, hier mit einem Drachenmotiv, dem kaiserlichen Symbol f\u00fcr Macht und Schutz. Einen gravierten und bearbeiteten Griff, der sowohl Eleganz als auch Festigkeit bietet. Eine verzierte Scheide, die nicht nur praktisch war, sondern auch ein Zeichen des sozialen Status. Eine gerade, lange und ausgewogene Klinge, die sich sowohl f\u00fcr Stich- als auch f\u00fcr pr\u00e4zise Hiebe eignet.<\/p>\n<h2>Ein Schwert mit Prestige und Tradition<\/h2>\n<p>Die <a href=\"https:\/\/samurai-chronicles.fandom.com\/fr\/wiki\/Jian\" target=\"_blank\" rel=\"noopener noreferrer\">jian<\/a> ist als \"Waffe der Gentlemen\" bekannt, da es sowohl f\u00fcr Kultur als auch f\u00fcr Kampfkunst steht. Im Gegensatz zu den gebogenen japanischen Schwertern ist dieses Schwert gerade und hat zwei Schneiden. Es erm\u00f6glicht pr\u00e4zise und ausgewogene Angriffe, die sich sowohl f\u00fcr St\u00f6\u00dfe als auch f\u00fcr Taillen perfekt eignen. Diese Replik hebt all die raffinierten Details hervor, die die Gr\u00f6\u00dfe der Tang-Waffen ausmachten. Der fein verzierte Metallb\u00fcgel, die mit traditionellen Mustern verzierte Scheide und die ausgewogene Klinge zeugen von einer hochwertigen Herstellung. Es ist ein St\u00fcck, das St\u00e4rke und Eleganz in einer einzigen Waffe verk\u00f6rpert. Zusammenfassend l\u00e4sst sich sagen, dass der Besitz eines Jian im Tang-Stil bedeutet, ein St\u00fcck chinesischer Geschichte und chinesischen Erbes in seiner Vitrine zu haben.<\/p>\n<h2>R\u00e9plique Manga Cin\u00e9 und seine historischen Sammlungen<\/h2>\n<p>Bei R\u00e9plique Manga Cin\u00e9 reiht sich dieses traditionelle Schwert aus der Tang-Dynastie in eine einzigartige Sammlung ein, die historischen chinesischen Waffen gewidmet ist. Entdecken Sie auch das<a href=\"https:\/\/repliquemangacine.fr\/de\/katana-dekoration\/traditionelles-schwert-der-ming-dynastie\/\" target=\"_blank\" rel=\"noopener noreferrer\">Traditionelles Schwert Ming-Dynastie<\/a>Ein raffiniertes St\u00fcck, das an die Macht und die Kultur dieser gro\u00dfen Epoche erinnert. Wir bieten auch eine <a href=\"https:\/\/repliquemangacine.fr\/de\/katana-dekoration\/traditionelles-schwert-der-tang-dynastie\/\" target=\"_blank\" rel=\"noopener noreferrer\">Traditionelles Schwert der Tang-Dynastie mit Drachenschutz<\/a>, ein Symbol f\u00fcr Prestige und Schutz im chinesischen Kaiserreich. Diese originalgetreuen Repliken unterstreichen die althergebrachte Handwerkskunst und begeistern leidenschaftliche Sammler. Jedes Schwert wird sorgf\u00e4ltig nach der Qualit\u00e4t seiner Verarbeitung und seiner Authentizit\u00e4t ausgew\u00e4hlt. Mit diesen au\u00dfergew\u00f6hnlichen St\u00fccken k\u00f6nnen Sie Ihre Sammlung orientalischer und historischer Waffen erweitern und gleichzeitig das Erbe alter Zivilisationen bewahren.<\/p>","protected":false},"excerpt":{"rendered":"<p>Wundersch\u00f6nes traditionelles Schwert aus der Tang-Dynastie, ein emblematisches St\u00fcck der milit\u00e4rischen und kulturellen Geschichte Chinas.<\/p>\n<ul>\n<li>Gerade Klinge aus rostfreiem Stahl mit eleganten Gravuren.<\/li>\n<li>Kreisf\u00f6rmiger, gealterter Vollstahlb\u00fcgel mit Drachenverzierungen.<\/li>\n<li>Knauf aus Vollstahl ebenfalls reich verziert.<\/li>\n<li>Langer Stahlgriff mit reichem Drachendekor und in der Mitte ein Lederriemen f\u00fcr einen guten Griff.<\/li>\n<li>Holzscheide mit dickem schwarzem Stoff\u00fcberzug mit Drachendekor.<\/li>\n<li>Drei fein mit Drachen verzierte Ornamente aus vielliertem Stahl entlang der Scheide.<\/li>\n<li>Schwarze Kordel mit zwei Pompoms und Holzperlen<\/li>\n<li>Klingenl\u00e4nge: 71,5 cm - Gesamtl\u00e4nge ohne Scheide: 108 cm und 113 cm mit Scheide<\/li>\n<li>Gewicht: 1850 g Schwert allein und 2550 g mit Scheide<\/li>\n<\/ul>","protected":false},"featured_media":88235,"template":"","meta":[],"product_brand":[896],"product_cat":[44],"product_tag":[],"class_list":{"0":"post-88233","1":"product","2":"type-product","3":"status-publish","4":"has-post-thumbnail","6":"product_brand-replique-manga-cine","7":"product_cat-epees-et-dagues-fantasy","9":"first","10":"instock","11":"taxable","12":"shipping-taxable","13":"purchasable","14":"product-type-simple"},"yoast_head":"<!-- This site is optimized with the Yoast SEO plugin v27.5 - https:\/\/yoast.com\/product\/yoast-seo-wordpress\/ -->\n<title>sabre traditionnel de la dynastie Tang - R\u00e9plique Manga Cin\u00e9<\/title>\n<meta name=\"description\" content=\"D\u00e9couvrez l\u2019\u00e9l\u00e9gance du sabre traditionnel de la dynastie Tang. R\u00e9plique historique avec garde dragon. Pour passionn\u00e9s d\u2019armes orientales.\" \/>\n<meta name=\"robots\" content=\"index, follow, max-snippet:-1, max-image-preview:large, max-video-preview:-1\" \/>\n<link rel=\"canonical\" href=\"https:\/\/repliquemangacine.fr\/de\/fantasy-schwerter-und-dolche\/traditionelles-schwert-aus-der-tang-dynastie\/\" \/>\n<meta property=\"og:locale\" content=\"de_DE\" \/>\n<meta property=\"og:type\" content=\"article\" \/>\n<meta property=\"og:title\" content=\"sabre traditionnel de la dynastie Tang - R\u00e9plique Manga Cin\u00e9\" \/>\n<meta property=\"og:description\" content=\"D\u00e9couvrez l\u2019\u00e9l\u00e9gance du sabre traditionnel de la dynastie Tang. R\u00e9plique historique avec garde dragon. Pour passionn\u00e9s d\u2019armes orientales.\" \/>\n<meta property=\"og:url\" content=\"https:\/\/repliquemangacine.fr\/de\/fantasy-schwerter-und-dolche\/traditionelles-schwert-aus-der-tang-dynastie\/\" \/>\n<meta property=\"og:site_name\" content=\"R\u00e9plique Manga Cin\u00e9\" \/>\n<meta property=\"article:publisher\" content=\"https:\/\/www.facebook.com\/RepliqueMangaCine\" \/>\n<meta property=\"article:modified_time\" content=\"2026-02-19T10:30:09+00:00\" \/>\n<meta property=\"og:image\" content=\"https:\/\/repliquemangacine.fr\/wp-content\/uploads\/2025\/09\/Epee-Dynastie-Tang.jpg\" \/>\n\t<meta property=\"og:image:width\" content=\"700\" \/>\n\t<meta property=\"og:image:height\" content=\"700\" \/>\n\t<meta property=\"og:image:type\" content=\"image\/jpeg\" \/>\n<meta name=\"twitter:card\" content=\"summary_large_image\" \/>\n<meta name=\"twitter:label1\" content=\"Gesch\u00e4tzte Lesezeit\" \/>\n\t<meta name=\"twitter:data1\" content=\"3\u00a0Minuten\" \/>\n<script type=\"application\/ld+json\" class=\"yoast-schema-graph\">{\"@context\":\"https:\\\/\\\/schema.org\",\"@graph\":[{\"@type\":\"WebPage\",\"@id\":\"https:\\\/\\\/repliquemangacine.fr\\\/epees-et-dagues-fantasy\\\/sabre-traditionnel-de-la-dynastie-tang\\\/\",\"url\":\"https:\\\/\\\/repliquemangacine.fr\\\/epees-et-dagues-fantasy\\\/sabre-traditionnel-de-la-dynastie-tang\\\/\",\"name\":\"sabre traditionnel de la dynastie Tang - R\u00e9plique Manga Cin\u00e9\",\"isPartOf\":{\"@id\":\"https:\\\/\\\/repliquemangacine.fr\\\/#website\"},\"primaryImageOfPage\":{\"@id\":\"https:\\\/\\\/repliquemangacine.fr\\\/epees-et-dagues-fantasy\\\/sabre-traditionnel-de-la-dynastie-tang\\\/#primaryimage\"},\"image\":{\"@id\":\"https:\\\/\\\/repliquemangacine.fr\\\/epees-et-dagues-fantasy\\\/sabre-traditionnel-de-la-dynastie-tang\\\/#primaryimage\"},\"thumbnailUrl\":\"https:\\\/\\\/repliquemangacine.fr\\\/wp-content\\\/uploads\\\/2025\\\/09\\\/Epee-Dynastie-Tang.jpg\",\"datePublished\":\"2025-09-09T14:41:35+00:00\",\"dateModified\":\"2026-02-19T10:30:09+00:00\",\"description\":\"D\u00e9couvrez l\u2019\u00e9l\u00e9gance du sabre traditionnel de la dynastie Tang. R\u00e9plique historique avec garde dragon. Pour passionn\u00e9s d\u2019armes orientales.\",\"breadcrumb\":{\"@id\":\"https:\\\/\\\/repliquemangacine.fr\\\/epees-et-dagues-fantasy\\\/sabre-traditionnel-de-la-dynastie-tang\\\/#breadcrumb\"},\"inLanguage\":\"de\",\"potentialAction\":[{\"@type\":\"ReadAction\",\"target\":[\"https:\\\/\\\/repliquemangacine.fr\\\/epees-et-dagues-fantasy\\\/sabre-traditionnel-de-la-dynastie-tang\\\/\"]}]},{\"@type\":\"ImageObject\",\"inLanguage\":\"de\",\"@id\":\"https:\\\/\\\/repliquemangacine.fr\\\/epees-et-dagues-fantasy\\\/sabre-traditionnel-de-la-dynastie-tang\\\/#primaryimage\",\"url\":\"https:\\\/\\\/repliquemangacine.fr\\\/wp-content\\\/uploads\\\/2025\\\/09\\\/Epee-Dynastie-Tang.jpg\",\"contentUrl\":\"https:\\\/\\\/repliquemangacine.fr\\\/wp-content\\\/uploads\\\/2025\\\/09\\\/Epee-Dynastie-Tang.jpg\",\"width\":700,\"height\":700,\"caption\":\"sabre traditionnel de la dynastie Tang\"},{\"@type\":\"BreadcrumbList\",\"@id\":\"https:\\\/\\\/repliquemangacine.fr\\\/epees-et-dagues-fantasy\\\/sabre-traditionnel-de-la-dynastie-tang\\\/#breadcrumb\",\"itemListElement\":[{\"@type\":\"ListItem\",\"position\":1,\"name\":\"Accueil\",\"item\":\"https:\\\/\\\/repliquemangacine.fr\\\/\"},{\"@type\":\"ListItem\",\"position\":2,\"name\":\"Produits\",\"item\":\"https:\\\/\\\/repliquemangacine.fr\\\/boutique\\\/\"},{\"@type\":\"ListItem\",\"position\":3,\"name\":\"sabre traditionnel de la dynastie Tang\"}]},{\"@type\":\"WebSite\",\"@id\":\"https:\\\/\\\/repliquemangacine.fr\\\/#website\",\"url\":\"https:\\\/\\\/repliquemangacine.fr\\\/\",\"name\":\"R\u00e9plique Manga Cin\u00e9\",\"description\":\"\",\"publisher\":{\"@id\":\"https:\\\/\\\/repliquemangacine.fr\\\/#organization\"},\"potentialAction\":[{\"@type\":\"SearchAction\",\"target\":{\"@type\":\"EntryPoint\",\"urlTemplate\":\"https:\\\/\\\/repliquemangacine.fr\\\/?s={search_term_string}\"},\"query-input\":{\"@type\":\"PropertyValueSpecification\",\"valueRequired\":true,\"valueName\":\"search_term_string\"}}],\"inLanguage\":\"de\"},{\"@type\":\"Organization\",\"@id\":\"https:\\\/\\\/repliquemangacine.fr\\\/#organization\",\"name\":\"R\u00e9plique Manga Cin\u00e9\",\"url\":\"https:\\\/\\\/repliquemangacine.fr\\\/\",\"logo\":{\"@type\":\"ImageObject\",\"inLanguage\":\"de\",\"@id\":\"https:\\\/\\\/repliquemangacine.fr\\\/#\\\/schema\\\/logo\\\/image\\\/\",\"url\":\"https:\\\/\\\/repliquemangacine.fr\\\/wp-content\\\/uploads\\\/2023\\\/10\\\/RMC-500250.png\",\"contentUrl\":\"https:\\\/\\\/repliquemangacine.fr\\\/wp-content\\\/uploads\\\/2023\\\/10\\\/RMC-500250.png\",\"width\":500,\"height\":250,\"caption\":\"R\u00e9plique Manga Cin\u00e9\"},\"image\":{\"@id\":\"https:\\\/\\\/repliquemangacine.fr\\\/#\\\/schema\\\/logo\\\/image\\\/\"},\"sameAs\":[\"https:\\\/\\\/www.facebook.com\\\/RepliqueMangaCine\",\"https:\\\/\\\/www.instagram.com\\\/repliquemangacine.fr\\\/\"]}]}<\/script>\n<!-- \/ Yoast SEO plugin. -->","yoast_head_json":{"title":"traditionelles Schwert aus der Tang-Dynastie - R\u00e9plique Manga Cin\u00e9","description":"Entdecken Sie die Eleganz des traditionellen Schwertes aus der Tang-Dynastie. Historische Replik mit Drachenschutz. F\u00fcr Liebhaber orientalischer Waffen.","robots":{"index":"index","follow":"follow","max-snippet":"max-snippet:-1","max-image-preview":"max-image-preview:large","max-video-preview":"max-video-preview:-1"},"canonical":"https:\/\/repliquemangacine.fr\/de\/fantasy-schwerter-und-dolche\/traditionelles-schwert-aus-der-tang-dynastie\/","og_locale":"de_DE","og_type":"article","og_title":"sabre traditionnel de la dynastie Tang - R\u00e9plique Manga Cin\u00e9","og_description":"D\u00e9couvrez l\u2019\u00e9l\u00e9gance du sabre traditionnel de la dynastie Tang. R\u00e9plique historique avec garde dragon. Pour passionn\u00e9s d\u2019armes orientales.","og_url":"https:\/\/repliquemangacine.fr\/de\/fantasy-schwerter-und-dolche\/traditionelles-schwert-aus-der-tang-dynastie\/","og_site_name":"R\u00e9plique Manga Cin\u00e9","article_publisher":"https:\/\/www.facebook.com\/RepliqueMangaCine","article_modified_time":"2026-02-19T10:30:09+00:00","og_image":[{"width":700,"height":700,"url":"https:\/\/repliquemangacine.fr\/wp-content\/uploads\/2025\/09\/Epee-Dynastie-Tang.jpg","type":"image\/jpeg"}],"twitter_card":"summary_large_image","twitter_misc":{"Gesch\u00e4tzte Lesezeit":"3\u00a0Minuten"},"schema":{"@context":"https:\/\/schema.org","@graph":[{"@type":"WebPage","@id":"https:\/\/repliquemangacine.fr\/epees-et-dagues-fantasy\/sabre-traditionnel-de-la-dynastie-tang\/","url":"https:\/\/repliquemangacine.fr\/epees-et-dagues-fantasy\/sabre-traditionnel-de-la-dynastie-tang\/","name":"traditionelles Schwert aus der Tang-Dynastie - R\u00e9plique Manga Cin\u00e9","isPartOf":{"@id":"https:\/\/repliquemangacine.fr\/#website"},"primaryImageOfPage":{"@id":"https:\/\/repliquemangacine.fr\/epees-et-dagues-fantasy\/sabre-traditionnel-de-la-dynastie-tang\/#primaryimage"},"image":{"@id":"https:\/\/repliquemangacine.fr\/epees-et-dagues-fantasy\/sabre-traditionnel-de-la-dynastie-tang\/#primaryimage"},"thumbnailUrl":"https:\/\/repliquemangacine.fr\/wp-content\/uploads\/2025\/09\/Epee-Dynastie-Tang.jpg","datePublished":"2025-09-09T14:41:35+00:00","dateModified":"2026-02-19T10:30:09+00:00","description":"Entdecken Sie die Eleganz des traditionellen Schwertes aus der Tang-Dynastie. Historische Replik mit Drachenschutz. F\u00fcr Liebhaber orientalischer Waffen.","breadcrumb":{"@id":"https:\/\/repliquemangacine.fr\/epees-et-dagues-fantasy\/sabre-traditionnel-de-la-dynastie-tang\/#breadcrumb"},"inLanguage":"de","potentialAction":[{"@type":"ReadAction","target":["https:\/\/repliquemangacine.fr\/epees-et-dagues-fantasy\/sabre-traditionnel-de-la-dynastie-tang\/"]}]},{"@type":"ImageObject","inLanguage":"de","@id":"https:\/\/repliquemangacine.fr\/epees-et-dagues-fantasy\/sabre-traditionnel-de-la-dynastie-tang\/#primaryimage","url":"https:\/\/repliquemangacine.fr\/wp-content\/uploads\/2025\/09\/Epee-Dynastie-Tang.jpg","contentUrl":"https:\/\/repliquemangacine.fr\/wp-content\/uploads\/2025\/09\/Epee-Dynastie-Tang.jpg","width":700,"height":700,"caption":"sabre traditionnel de la dynastie Tang"},{"@type":"BreadcrumbList","@id":"https:\/\/repliquemangacine.fr\/epees-et-dagues-fantasy\/sabre-traditionnel-de-la-dynastie-tang\/#breadcrumb","itemListElement":[{"@type":"ListItem","position":1,"name":"Accueil","item":"https:\/\/repliquemangacine.fr\/"},{"@type":"ListItem","position":2,"name":"Produits","item":"https:\/\/repliquemangacine.fr\/boutique\/"},{"@type":"ListItem","position":3,"name":"sabre traditionnel de la dynastie Tang"}]},{"@type":"WebSite","@id":"https:\/\/repliquemangacine.fr\/#website","url":"https:\/\/repliquemangacine.fr\/","name":"R\u00e9plique Manga Cin\u00e9","description":"","publisher":{"@id":"https:\/\/repliquemangacine.fr\/#organization"},"potentialAction":[{"@type":"SearchAction","target":{"@type":"EntryPoint","urlTemplate":"https:\/\/repliquemangacine.fr\/?s={search_term_string}"},"query-input":{"@type":"PropertyValueSpecification","valueRequired":true,"valueName":"search_term_string"}}],"inLanguage":"de"},{"@type":"Organization","@id":"https:\/\/repliquemangacine.fr\/#organization","name":"R\u00e9plique Manga Cin\u00e9","url":"https:\/\/repliquemangacine.fr\/","logo":{"@type":"ImageObject","inLanguage":"de","@id":"https:\/\/repliquemangacine.fr\/#\/schema\/logo\/image\/","url":"https:\/\/repliquemangacine.fr\/wp-content\/uploads\/2023\/10\/RMC-500250.png","contentUrl":"https:\/\/repliquemangacine.fr\/wp-content\/uploads\/2023\/10\/RMC-500250.png","width":500,"height":250,"caption":"R\u00e9plique Manga Cin\u00e9"},"image":{"@id":"https:\/\/repliquemangacine.fr\/#\/schema\/logo\/image\/"},"sameAs":["https:\/\/www.facebook.com\/RepliqueMangaCine","https:\/\/www.instagram.com\/repliquemangacine.fr\/"]}]}},"_links":{"self":[{"href":"https:\/\/repliquemangacine.fr\/de\/wp-json\/wp\/v2\/product\/88233","targetHints":{"allow":["GET"]}}],"collection":[{"href":"https:\/\/repliquemangacine.fr\/de\/wp-json\/wp\/v2\/product"}],"about":[{"href":"https:\/\/repliquemangacine.fr\/de\/wp-json\/wp\/v2\/types\/product"}],"wp:featuredmedia":[{"embeddable":true,"href":"https:\/\/repliquemangacine.fr\/de\/wp-json\/wp\/v2\/media\/88235"}],"wp:attachment":[{"href":"https:\/\/repliquemangacine.fr\/de\/wp-json\/wp\/v2\/media?parent=88233"}],"wp:term":[{"taxonomy":"product_brand","embeddable":true,"href":"https:\/\/repliquemangacine.fr\/de\/wp-json\/wp\/v2\/product_brand?post=88233"},{"taxonomy":"product_cat","embeddable":true,"href":"https:\/\/repliquemangacine.fr\/de\/wp-json\/wp\/v2\/product_cat?post=88233"},{"taxonomy":"product_tag","embeddable":true,"href":"https:\/\/repliquemangacine.fr\/de\/wp-json\/wp\/v2\/product_tag?post=88233"}],"curies":[{"name":"wp","href":"https:\/\/api.w.org\/{rel}","templated":true}]}}