





{"id":88222,"date":"2025-09-09T15:48:13","date_gmt":"2025-09-09T13:48:13","guid":{"rendered":"https:\/\/repliquemangacine.fr\/?post_type=product&#038;p=88222"},"modified":"2026-02-19T11:29:55","modified_gmt":"2026-02-19T10:29:55","slug":"tanto-yamato-de-vergil-devil-my-cry","status":"publish","type":"product","link":"https:\/\/repliquemangacine.fr\/de\/devil-may-cry\/tanto-yamato-de-vergil-devil-my-cry\/","title":{"rendered":"Tanto Yamato de Vergil - Devil My Cry"},"content":{"rendered":"<h2>Vergils Tanto Yamato<\/h2>\n<p>Zun\u00e4chst einmal ist hier die Replik von Vergils ber\u00fchmtem Tanto Yamato aus Devil May Cry. Dieses kompakte Mini-Katana weist die Merkmale des mythischen Katanas auf, das von Dantes Zwillingsbruder gef\u00fchrt wird. In der Saga ist das Yamato eine g\u00f6ttliche Waffe, die die Realit\u00e4t selbst durchtrennen kann. Au\u00dferdem \u00f6ffnet es Dimensionsportale und symbolisiert Vergils eisige Macht. Diese tant\u014d-Version hebt die Feinheit und Eleganz dieser Kultwaffe hervor. Sein wei\u00dfer Griff mit schwarzen Mustern spiegelt einen raffinierten und authentischen Stil wider. Sein fein gearbeiteter, silberner Griff erinnert an die traditionellen japanischen Urspr\u00fcnge.<\/p>\n<h2>Eine mythische Waffe aus Devil May Cry<\/h2>\n<p>In <a href=\"https:\/\/devilmaycrydmc.fandom.com\/fr\/wiki\/Devil_May_Cry\" target=\"_blank\" rel=\"noopener noreferrer\">Devil May Cry<\/a>Vergil zeichnet sich durch seine Beherrschung und Pr\u00e4zision aus. Im Gegensatz zu Dante legt er Wert auf Schnelligkeit und Disziplin. Die Yamato ist seine nat\u00fcrliche Erweiterung. Diese Waffe repr\u00e4sentiert seinen Ehrgeiz und seinen Wunsch nach Macht. Bei dieser tant\u014d-Replik wurde jedes Detail beachtet, um anspruchsvolle Fans zu begeistern. Die scharfe und elegante Klinge verk\u00f6rpert Vergils ganze Fluidit\u00e4t. Die gl\u00e4nzend schwarze Scheide, die von einer blauen Kordel begleitet wird, bietet ein schlichtes und prestigetr\u00e4chtiges Finish. Dank seiner kompakten Gr\u00f6\u00dfe ist dieses Tant\u014d ideal f\u00fcr die Ausstellung und Sammlung.<\/p>\n<h2>R\u00e9plique Manga Cin\u00e9 und seine Neuheiten<\/h2>\n<p>Bei R\u00e9plique Manga Cin\u00e9 reiht sich dieser Tant\u014d Yamato von Vergil in eine immer vielf\u00e4ltiger werdende Kollektion ein. Entdecken Sie auch die <a href=\"https:\/\/repliquemangacine.fr\/de\/katana-und-schwert-von-manga-anime-andere-manga\/twin-blade-von-julie-sigtuna-absolute-duo\/\" target=\"_blank\" rel=\"noopener noreferrer\">Twin Blade<\/a> von Julie Sigtuna von Absolute Duo, dem <a href=\"https:\/\/repliquemangacine.fr\/de\/katana-demon-slayer-metal\/katana-kanao-black-pink-demon-slayer\/\" target=\"_blank\" rel=\"noopener noreferrer\">Katana Black Pink von Kanao<\/a> in Demon Slayer oder der<a href=\"https:\/\/repliquemangacine.fr\/de\/neuheiten\/katana-ninja-gaiden\/\" target=\"_blank\" rel=\"noopener noreferrer\"> legend\u00e4res Katana von Ryu Hayabusa<\/a> in Ninja Gaiden. Jede Neuheit wird aufgrund ihrer Treue und Qualit\u00e4t der Reproduktion ausgew\u00e4hlt. Wir bieten Repliken aus den bekanntesten Mangas, Videospielen und Kultfilmen an. Dank dieser ikonischen Waffen bereichern Sammler ihre Vitrinen mit einzigartigen St\u00fccken. Abschlie\u00dfend sei gesagt, dass das Tant\u014d Yamato somit zu einer unverzichtbaren Replik f\u00fcr jeden Fan von Devil May Cry und den mythischen japanischen Schwertern wird.<\/p>","protected":false},"excerpt":{"rendered":"<p>Wundersch\u00f6nes Tanto Yamato von Vergil in Devil My Cry. Diese Replik ist identisch mit dem Katana im Spiel.<\/p>\n<ul>\n<li>Klinge aus zweifarbigem Stainless-Stahl<\/li>\n<li>Fein verzierter Metallb\u00fcgel<\/li>\n<li>Griff aus Rochenhautimitat, \u00fcberzogen mit einem wei\u00dfen Baumwollgeflecht.<\/li>\n<li>Schwarz lackierte Holzscheide<\/li>\n<li>Wird mit einem kleinen Pr\u00e4sentationsst\u00e4nder geliefert.<\/li>\n<li>Klingenl\u00e4nge: 26.5 cm - Gesamtl\u00e4nge: 45 cm<\/li>\n<li>Gewicht mit Scheide: 245g<\/li>\n<\/ul>","protected":false},"featured_media":88228,"template":"","meta":[],"product_brand":[896],"product_cat":[880],"product_tag":[],"class_list":{"0":"post-88222","1":"product","2":"type-product","3":"status-publish","4":"has-post-thumbnail","6":"product_brand-replique-manga-cine","7":"product_cat-devil-may-cry","9":"first","10":"instock","11":"taxable","12":"shipping-taxable","13":"purchasable","14":"product-type-simple"},"yoast_head":"<!-- This site is optimized with the Yoast SEO plugin v27.4 - https:\/\/yoast.com\/product\/yoast-seo-wordpress\/ -->\n<title>Tanto Yamato de Vergil - Devil My Cry - R\u00e9plique Manga Cin\u00e9<\/title>\n<meta name=\"description\" content=\"D\u00e9couvrez le Tanto Yamato de Vergil. R\u00e9plique Devil May Cry fid\u00e8le et \u00e9l\u00e9gante disponible sur R\u00e9plique Manga Cin\u00e9 pour fans et collectionneurs.\" \/>\n<meta name=\"robots\" content=\"index, follow, max-snippet:-1, max-image-preview:large, max-video-preview:-1\" \/>\n<link rel=\"canonical\" href=\"https:\/\/repliquemangacine.fr\/de\/devil-may-cry\/tanto-yamato-de-vergil-devil-my-cry\/\" \/>\n<meta property=\"og:locale\" content=\"de_DE\" \/>\n<meta property=\"og:type\" content=\"article\" \/>\n<meta property=\"og:title\" content=\"Tanto Yamato de Vergil - Devil My Cry - R\u00e9plique Manga Cin\u00e9\" \/>\n<meta property=\"og:description\" content=\"D\u00e9couvrez le Tanto Yamato de Vergil. R\u00e9plique Devil May Cry fid\u00e8le et \u00e9l\u00e9gante disponible sur R\u00e9plique Manga Cin\u00e9 pour fans et collectionneurs.\" \/>\n<meta property=\"og:url\" content=\"https:\/\/repliquemangacine.fr\/de\/devil-may-cry\/tanto-yamato-de-vergil-devil-my-cry\/\" \/>\n<meta property=\"og:site_name\" content=\"R\u00e9plique Manga Cin\u00e9\" \/>\n<meta property=\"article:publisher\" content=\"https:\/\/www.facebook.com\/RepliqueMangaCine\" \/>\n<meta property=\"article:modified_time\" content=\"2026-02-19T10:29:55+00:00\" \/>\n<meta property=\"og:image\" content=\"https:\/\/repliquemangacine.fr\/wp-content\/uploads\/2025\/09\/Mini-katana-YAMATO-DMC.jpg\" \/>\n\t<meta property=\"og:image:width\" content=\"700\" \/>\n\t<meta property=\"og:image:height\" content=\"700\" \/>\n\t<meta property=\"og:image:type\" content=\"image\/jpeg\" \/>\n<meta name=\"twitter:card\" content=\"summary_large_image\" \/>\n<meta name=\"twitter:label1\" content=\"Gesch\u00e4tzte Lesezeit\" \/>\n\t<meta name=\"twitter:data1\" content=\"2\u00a0Minuten\" \/>\n<script type=\"application\/ld+json\" class=\"yoast-schema-graph\">{\"@context\":\"https:\\\/\\\/schema.org\",\"@graph\":[{\"@type\":\"WebPage\",\"@id\":\"https:\\\/\\\/repliquemangacine.fr\\\/devil-may-cry\\\/tanto-yamato-de-vergil-devil-my-cry\\\/\",\"url\":\"https:\\\/\\\/repliquemangacine.fr\\\/devil-may-cry\\\/tanto-yamato-de-vergil-devil-my-cry\\\/\",\"name\":\"Tanto Yamato de Vergil - Devil My Cry - R\u00e9plique Manga Cin\u00e9\",\"isPartOf\":{\"@id\":\"https:\\\/\\\/repliquemangacine.fr\\\/#website\"},\"primaryImageOfPage\":{\"@id\":\"https:\\\/\\\/repliquemangacine.fr\\\/devil-may-cry\\\/tanto-yamato-de-vergil-devil-my-cry\\\/#primaryimage\"},\"image\":{\"@id\":\"https:\\\/\\\/repliquemangacine.fr\\\/devil-may-cry\\\/tanto-yamato-de-vergil-devil-my-cry\\\/#primaryimage\"},\"thumbnailUrl\":\"https:\\\/\\\/repliquemangacine.fr\\\/wp-content\\\/uploads\\\/2025\\\/09\\\/Mini-katana-YAMATO-DMC.jpg\",\"datePublished\":\"2025-09-09T13:48:13+00:00\",\"dateModified\":\"2026-02-19T10:29:55+00:00\",\"description\":\"D\u00e9couvrez le Tanto Yamato de Vergil. R\u00e9plique Devil May Cry fid\u00e8le et \u00e9l\u00e9gante disponible sur R\u00e9plique Manga Cin\u00e9 pour fans et collectionneurs.\",\"breadcrumb\":{\"@id\":\"https:\\\/\\\/repliquemangacine.fr\\\/devil-may-cry\\\/tanto-yamato-de-vergil-devil-my-cry\\\/#breadcrumb\"},\"inLanguage\":\"de\",\"potentialAction\":[{\"@type\":\"ReadAction\",\"target\":[\"https:\\\/\\\/repliquemangacine.fr\\\/devil-may-cry\\\/tanto-yamato-de-vergil-devil-my-cry\\\/\"]}]},{\"@type\":\"ImageObject\",\"inLanguage\":\"de\",\"@id\":\"https:\\\/\\\/repliquemangacine.fr\\\/devil-may-cry\\\/tanto-yamato-de-vergil-devil-my-cry\\\/#primaryimage\",\"url\":\"https:\\\/\\\/repliquemangacine.fr\\\/wp-content\\\/uploads\\\/2025\\\/09\\\/Mini-katana-YAMATO-DMC.jpg\",\"contentUrl\":\"https:\\\/\\\/repliquemangacine.fr\\\/wp-content\\\/uploads\\\/2025\\\/09\\\/Mini-katana-YAMATO-DMC.jpg\",\"width\":700,\"height\":700,\"caption\":\"Tanto Yamato de Vergil dans Devil My Cry\"},{\"@type\":\"BreadcrumbList\",\"@id\":\"https:\\\/\\\/repliquemangacine.fr\\\/devil-may-cry\\\/tanto-yamato-de-vergil-devil-my-cry\\\/#breadcrumb\",\"itemListElement\":[{\"@type\":\"ListItem\",\"position\":1,\"name\":\"Accueil\",\"item\":\"https:\\\/\\\/repliquemangacine.fr\\\/\"},{\"@type\":\"ListItem\",\"position\":2,\"name\":\"Produits\",\"item\":\"https:\\\/\\\/repliquemangacine.fr\\\/boutique\\\/\"},{\"@type\":\"ListItem\",\"position\":3,\"name\":\"Tanto Yamato de Vergil &#8211; Devil My Cry\"}]},{\"@type\":\"WebSite\",\"@id\":\"https:\\\/\\\/repliquemangacine.fr\\\/#website\",\"url\":\"https:\\\/\\\/repliquemangacine.fr\\\/\",\"name\":\"R\u00e9plique Manga Cin\u00e9\",\"description\":\"\",\"publisher\":{\"@id\":\"https:\\\/\\\/repliquemangacine.fr\\\/#organization\"},\"potentialAction\":[{\"@type\":\"SearchAction\",\"target\":{\"@type\":\"EntryPoint\",\"urlTemplate\":\"https:\\\/\\\/repliquemangacine.fr\\\/?s={search_term_string}\"},\"query-input\":{\"@type\":\"PropertyValueSpecification\",\"valueRequired\":true,\"valueName\":\"search_term_string\"}}],\"inLanguage\":\"de\"},{\"@type\":\"Organization\",\"@id\":\"https:\\\/\\\/repliquemangacine.fr\\\/#organization\",\"name\":\"R\u00e9plique Manga Cin\u00e9\",\"url\":\"https:\\\/\\\/repliquemangacine.fr\\\/\",\"logo\":{\"@type\":\"ImageObject\",\"inLanguage\":\"de\",\"@id\":\"https:\\\/\\\/repliquemangacine.fr\\\/#\\\/schema\\\/logo\\\/image\\\/\",\"url\":\"https:\\\/\\\/repliquemangacine.fr\\\/wp-content\\\/uploads\\\/2023\\\/10\\\/RMC-500250.png\",\"contentUrl\":\"https:\\\/\\\/repliquemangacine.fr\\\/wp-content\\\/uploads\\\/2023\\\/10\\\/RMC-500250.png\",\"width\":500,\"height\":250,\"caption\":\"R\u00e9plique Manga Cin\u00e9\"},\"image\":{\"@id\":\"https:\\\/\\\/repliquemangacine.fr\\\/#\\\/schema\\\/logo\\\/image\\\/\"},\"sameAs\":[\"https:\\\/\\\/www.facebook.com\\\/RepliqueMangaCine\",\"https:\\\/\\\/www.instagram.com\\\/repliquemangacine.fr\\\/\"]}]}<\/script>\n<!-- \/ Yoast SEO plugin. -->","yoast_head_json":{"title":"Tanto Yamato de Vergil - Devil My Cry - R\u00e9plique Manga Cin\u00e9","description":"Entdecken Sie den Tanto Yamato von Vergil. Eine originalgetreue und stilvolle Devil May Cry-Replik, die auf R\u00e9plique Manga Cin\u00e9 f\u00fcr Fans und Sammler erh\u00e4ltlich ist.","robots":{"index":"index","follow":"follow","max-snippet":"max-snippet:-1","max-image-preview":"max-image-preview:large","max-video-preview":"max-video-preview:-1"},"canonical":"https:\/\/repliquemangacine.fr\/de\/devil-may-cry\/tanto-yamato-de-vergil-devil-my-cry\/","og_locale":"de_DE","og_type":"article","og_title":"Tanto Yamato de Vergil - Devil My Cry - R\u00e9plique Manga Cin\u00e9","og_description":"D\u00e9couvrez le Tanto Yamato de Vergil. R\u00e9plique Devil May Cry fid\u00e8le et \u00e9l\u00e9gante disponible sur R\u00e9plique Manga Cin\u00e9 pour fans et collectionneurs.","og_url":"https:\/\/repliquemangacine.fr\/de\/devil-may-cry\/tanto-yamato-de-vergil-devil-my-cry\/","og_site_name":"R\u00e9plique Manga Cin\u00e9","article_publisher":"https:\/\/www.facebook.com\/RepliqueMangaCine","article_modified_time":"2026-02-19T10:29:55+00:00","og_image":[{"width":700,"height":700,"url":"https:\/\/repliquemangacine.fr\/wp-content\/uploads\/2025\/09\/Mini-katana-YAMATO-DMC.jpg","type":"image\/jpeg"}],"twitter_card":"summary_large_image","twitter_misc":{"Gesch\u00e4tzte Lesezeit":"2\u00a0Minuten"},"schema":{"@context":"https:\/\/schema.org","@graph":[{"@type":"WebPage","@id":"https:\/\/repliquemangacine.fr\/devil-may-cry\/tanto-yamato-de-vergil-devil-my-cry\/","url":"https:\/\/repliquemangacine.fr\/devil-may-cry\/tanto-yamato-de-vergil-devil-my-cry\/","name":"Tanto Yamato de Vergil - Devil My Cry - R\u00e9plique Manga Cin\u00e9","isPartOf":{"@id":"https:\/\/repliquemangacine.fr\/#website"},"primaryImageOfPage":{"@id":"https:\/\/repliquemangacine.fr\/devil-may-cry\/tanto-yamato-de-vergil-devil-my-cry\/#primaryimage"},"image":{"@id":"https:\/\/repliquemangacine.fr\/devil-may-cry\/tanto-yamato-de-vergil-devil-my-cry\/#primaryimage"},"thumbnailUrl":"https:\/\/repliquemangacine.fr\/wp-content\/uploads\/2025\/09\/Mini-katana-YAMATO-DMC.jpg","datePublished":"2025-09-09T13:48:13+00:00","dateModified":"2026-02-19T10:29:55+00:00","description":"Entdecken Sie den Tanto Yamato von Vergil. Eine originalgetreue und stilvolle Devil May Cry-Replik, die auf R\u00e9plique Manga Cin\u00e9 f\u00fcr Fans und Sammler erh\u00e4ltlich ist.","breadcrumb":{"@id":"https:\/\/repliquemangacine.fr\/devil-may-cry\/tanto-yamato-de-vergil-devil-my-cry\/#breadcrumb"},"inLanguage":"de","potentialAction":[{"@type":"ReadAction","target":["https:\/\/repliquemangacine.fr\/devil-may-cry\/tanto-yamato-de-vergil-devil-my-cry\/"]}]},{"@type":"ImageObject","inLanguage":"de","@id":"https:\/\/repliquemangacine.fr\/devil-may-cry\/tanto-yamato-de-vergil-devil-my-cry\/#primaryimage","url":"https:\/\/repliquemangacine.fr\/wp-content\/uploads\/2025\/09\/Mini-katana-YAMATO-DMC.jpg","contentUrl":"https:\/\/repliquemangacine.fr\/wp-content\/uploads\/2025\/09\/Mini-katana-YAMATO-DMC.jpg","width":700,"height":700,"caption":"Tanto Yamato de Vergil dans Devil My Cry"},{"@type":"BreadcrumbList","@id":"https:\/\/repliquemangacine.fr\/devil-may-cry\/tanto-yamato-de-vergil-devil-my-cry\/#breadcrumb","itemListElement":[{"@type":"ListItem","position":1,"name":"Accueil","item":"https:\/\/repliquemangacine.fr\/"},{"@type":"ListItem","position":2,"name":"Produits","item":"https:\/\/repliquemangacine.fr\/boutique\/"},{"@type":"ListItem","position":3,"name":"Tanto Yamato de Vergil &#8211; Devil My Cry"}]},{"@type":"WebSite","@id":"https:\/\/repliquemangacine.fr\/#website","url":"https:\/\/repliquemangacine.fr\/","name":"R\u00e9plique Manga Cin\u00e9","description":"","publisher":{"@id":"https:\/\/repliquemangacine.fr\/#organization"},"potentialAction":[{"@type":"SearchAction","target":{"@type":"EntryPoint","urlTemplate":"https:\/\/repliquemangacine.fr\/?s={search_term_string}"},"query-input":{"@type":"PropertyValueSpecification","valueRequired":true,"valueName":"search_term_string"}}],"inLanguage":"de"},{"@type":"Organization","@id":"https:\/\/repliquemangacine.fr\/#organization","name":"R\u00e9plique Manga Cin\u00e9","url":"https:\/\/repliquemangacine.fr\/","logo":{"@type":"ImageObject","inLanguage":"de","@id":"https:\/\/repliquemangacine.fr\/#\/schema\/logo\/image\/","url":"https:\/\/repliquemangacine.fr\/wp-content\/uploads\/2023\/10\/RMC-500250.png","contentUrl":"https:\/\/repliquemangacine.fr\/wp-content\/uploads\/2023\/10\/RMC-500250.png","width":500,"height":250,"caption":"R\u00e9plique Manga Cin\u00e9"},"image":{"@id":"https:\/\/repliquemangacine.fr\/#\/schema\/logo\/image\/"},"sameAs":["https:\/\/www.facebook.com\/RepliqueMangaCine","https:\/\/www.instagram.com\/repliquemangacine.fr\/"]}]}},"_links":{"self":[{"href":"https:\/\/repliquemangacine.fr\/de\/wp-json\/wp\/v2\/product\/88222","targetHints":{"allow":["GET"]}}],"collection":[{"href":"https:\/\/repliquemangacine.fr\/de\/wp-json\/wp\/v2\/product"}],"about":[{"href":"https:\/\/repliquemangacine.fr\/de\/wp-json\/wp\/v2\/types\/product"}],"wp:featuredmedia":[{"embeddable":true,"href":"https:\/\/repliquemangacine.fr\/de\/wp-json\/wp\/v2\/media\/88228"}],"wp:attachment":[{"href":"https:\/\/repliquemangacine.fr\/de\/wp-json\/wp\/v2\/media?parent=88222"}],"wp:term":[{"taxonomy":"product_brand","embeddable":true,"href":"https:\/\/repliquemangacine.fr\/de\/wp-json\/wp\/v2\/product_brand?post=88222"},{"taxonomy":"product_cat","embeddable":true,"href":"https:\/\/repliquemangacine.fr\/de\/wp-json\/wp\/v2\/product_cat?post=88222"},{"taxonomy":"product_tag","embeddable":true,"href":"https:\/\/repliquemangacine.fr\/de\/wp-json\/wp\/v2\/product_tag?post=88222"}],"curies":[{"name":"wp","href":"https:\/\/api.w.org\/{rel}","templated":true}]}}