





{"id":88032,"date":"2025-09-03T18:12:56","date_gmt":"2025-09-03T16:12:56","guid":{"rendered":"https:\/\/repliquemangacine.fr\/?post_type=product&#038;p=88032"},"modified":"2026-04-15T12:22:03","modified_gmt":"2026-04-15T10:22:03","slug":"katana-obanai-iguro-v3-demon-slayer","status":"publish","type":"product","link":"https:\/\/repliquemangacine.fr\/de\/katana-demon-slayer-metal\/katana-obanai-iguro-v3-demon-slayer\/","title":{"rendered":"Katana Obanai Iguro V3 - Demon Slayer"},"content":{"rendered":"<h2>Katana von Obanai Iguro V3<\/h2>\n<p>Zun\u00e4chst einmal ist hier die originalgetreue Nachbildung des Katanas aus Obanai Iguro V3, der S\u00e4ule der Schlange in <a href=\"https:\/\/demon-slayer.fr\/wiki\/\" target=\"_blank\" rel=\"noopener noreferrer\">Demon Slayer<\/a>. Dieses Schwert f\u00e4llt sofort durch seine wellenf\u00f6rmige Klinge auf, die an die flie\u00dfenden und unvorhersehbaren Bewegungen einer Schlange erinnert. Sein gr\u00fcner, mit Reptilienmotiven verzierter Griff unterstreicht diese einzigartige Verbindung zu seinem Kampfstil. Der rot und wei\u00df gestreifte Griff sorgt f\u00fcr einen bemerkenswerten Abschluss, der sowohl \u00e4sthetisch als auch symbolisch ist. Im Anime schwingt Obanai dieses Katana mit t\u00f6dlicher Pr\u00e4zision. Diese Reproduktion f\u00e4ngt die Originalwaffe perfekt ein. Sie wird sowohl Sammler als auch Fans, die sich f\u00fcr die Welt der D\u00e4monenj\u00e4ger begeistern, begeistern.<\/p>\n<h2>Eine ikonische Waffe aus Demon Slayer<\/h2>\n<p>Zu Beginn: In Kimetsu no Yaiba zeichnet sich jede S\u00e4ule durch ein einzigartiges Katana aus, das ihren Atem und ihre Pers\u00f6nlichkeit repr\u00e4sentiert. Das Kata von Obanai spiegelt die Geschmeidigkeit und List der Schlange wider. Mit seiner gewundenen Klinge kann er aus unvorhersehbaren Winkeln angreifen und seine Gegner verwirren. Sein schlangenf\u00f6rmiger Griff verst\u00e4rkt diese tiefe Verbindung zu seinem Stil. Diese Waffe symbolisiert seine Rolle als Hashira, der Garant f\u00fcr die Kraft und Disziplin der H\u00e4scher. Die Replik hebt jedes markante Detail hervor, von der Kr\u00fcmmung der Klinge bis hin zum Flechtwerk des Griffs. Dadurch wird sie zu einem unverzichtbaren Gegenstand f\u00fcr alle Anime-Fans.<\/p>\n<h2>R\u00e9plique Manga Cin\u00e9 und seine Neuheiten<\/h2>\n<p>Bei R\u00e9plique Manga Cin\u00e9 reiht sich das Katana von Obanai Iguro in eine Auswahl von Neuheiten ein, die bereits unumg\u00e4nglich sind. Entdecken Sie die <a href=\"https:\/\/repliquemangacine.fr\/de\/katana-und-schwert-von-manga-anime-andere-manga\/twin-blade-von-julie-sigtuna-absolute-duo\/\" target=\"_blank\" rel=\"noopener noreferrer\">Twin Blade von Julie Sigtuna<\/a> aus Absolute Duo, eine dunkle und elegante Waffe mit einzigartigem Design. Fans von Demon Slayer werden auch das <a href=\"https:\/\/repliquemangacine.fr\/de\/katana-demon-slayer-metal\/katana-kanao-black-pink-demon-slayer\/\" target=\"_blank\" rel=\"noopener noreferrer\">Katana Black Pink von Kanao<\/a>eine \u00fcberarbeitete Version, die Stil und Modernit\u00e4t vereint. Schlie\u00dflich sollten Sie sich auch die wundersch\u00f6ne Replik des <a href=\"https:\/\/repliquemangacine.fr\/de\/neuheiten\/katana-ninja-gaiden\/\" target=\"_blank\" rel=\"noopener noreferrer\">Katana von Ryu Hayabusa in Ninja Gaiden<\/a>ein mythisches Schwert, das von einer Legende geschmiedet wurde. Unser Shop erweitert seinen Katalog regelm\u00e4\u00dfig mit ikonischen St\u00fccken aus Mangas, Videospielen und Kultwelten. Jede Replik wird aufgrund ihrer Treue und Qualit\u00e4t ausgew\u00e4hlt, um Sammler und Liebhaber zu begeistern. Mit diesen Neuheiten bietet R\u00e9plique Manga Cin\u00e9 weiterhin au\u00dfergew\u00f6hnliche Waffen an, die eine Hommage an die Helden und Universen sind, die uns inspirieren.<\/p>","protected":false},"excerpt":{"rendered":"<p>Wundersch\u00f6ne, originalgetreue Nachbildung des Katanas von Obanai Iguro, dem Pfeiler der Schlange in Demon Slayer.<\/p>\n<ul>\n<li>Gewellte Klinge aus zweifarbigem Metall mit \u00c4tzung<\/li>\n<li>Griff mit rot und wei\u00df gestreifter Baumwolle \u00fcberzogen<\/li>\n<li>Stahlb\u00fcgel mit gr\u00fcnen und schwarzen Reptilienmotiven verziert<\/li>\n<li>Scheide aus schwarzem Kunstleder mit Riemen<\/li>\n<li>L\u00e4nge der Klinge: 69 cm - Gesamtl\u00e4nge: 102 cm<\/li>\n<li>Gewicht: 985 g<\/li>\n<\/ul>","protected":false},"featured_media":88033,"template":"","meta":[],"product_brand":[896],"product_cat":[63,117],"product_tag":[],"class_list":{"0":"post-88032","1":"product","2":"type-product","3":"status-publish","4":"has-post-thumbnail","6":"product_brand-replique-manga-cine","7":"product_cat-katana-demon-slayer","8":"product_cat-katana-demon-slayer-metal","10":"first","11":"instock","12":"taxable","13":"shipping-taxable","14":"purchasable","15":"product-type-simple"},"yoast_head":"<!-- This site is optimized with the Yoast SEO plugin v27.4 - https:\/\/yoast.com\/product\/yoast-seo-wordpress\/ -->\n<title>Katana Obanai Iguro V3 - Demon Slayer - R\u00e9plique Manga Cin\u00e9<\/title>\n<meta name=\"description\" content=\"R\u00e9plique fid\u00e8le du katana d\u2019Obanai Iguro V3. Un sabre Demon Slayer unique \u00e0 ajouter \u00e0 votre collection chez R\u00e9plique Manga Cin\u00e9. En m\u00e9tal. 102 cm\" \/>\n<meta name=\"robots\" content=\"index, follow, max-snippet:-1, max-image-preview:large, max-video-preview:-1\" \/>\n<link rel=\"canonical\" href=\"https:\/\/repliquemangacine.fr\/de\/katana-demon-slayer-metal\/katana-obanai-iguro-v3-demon-slayer\/\" \/>\n<meta property=\"og:locale\" content=\"de_DE\" \/>\n<meta property=\"og:type\" content=\"article\" \/>\n<meta property=\"og:title\" content=\"Katana Obanai Iguro V3 - Demon Slayer - R\u00e9plique Manga Cin\u00e9\" \/>\n<meta property=\"og:description\" content=\"R\u00e9plique fid\u00e8le du katana d\u2019Obanai Iguro V3. Un sabre Demon Slayer unique \u00e0 ajouter \u00e0 votre collection chez R\u00e9plique Manga Cin\u00e9. En m\u00e9tal. 102 cm\" \/>\n<meta property=\"og:url\" content=\"https:\/\/repliquemangacine.fr\/de\/katana-demon-slayer-metal\/katana-obanai-iguro-v3-demon-slayer\/\" \/>\n<meta property=\"og:site_name\" content=\"R\u00e9plique Manga Cin\u00e9\" \/>\n<meta property=\"article:publisher\" content=\"https:\/\/www.facebook.com\/RepliqueMangaCine\" \/>\n<meta property=\"article:modified_time\" content=\"2026-04-15T10:22:03+00:00\" \/>\n<meta property=\"og:image\" content=\"https:\/\/repliquemangacine.fr\/wp-content\/uploads\/2025\/09\/Katana-Obanai-Iguro-V3-Demon-Slayer.jpg\" \/>\n\t<meta property=\"og:image:width\" content=\"600\" \/>\n\t<meta property=\"og:image:height\" content=\"600\" \/>\n\t<meta property=\"og:image:type\" content=\"image\/jpeg\" \/>\n<meta name=\"twitter:card\" content=\"summary_large_image\" \/>\n<meta name=\"twitter:label1\" content=\"Gesch\u00e4tzte Lesezeit\" \/>\n\t<meta name=\"twitter:data1\" content=\"3\u00a0Minuten\" \/>\n<script type=\"application\/ld+json\" class=\"yoast-schema-graph\">{\"@context\":\"https:\\\/\\\/schema.org\",\"@graph\":[{\"@type\":\"WebPage\",\"@id\":\"https:\\\/\\\/repliquemangacine.fr\\\/katana-demon-slayer-metal\\\/katana-obanai-iguro-v3-demon-slayer\\\/\",\"url\":\"https:\\\/\\\/repliquemangacine.fr\\\/katana-demon-slayer-metal\\\/katana-obanai-iguro-v3-demon-slayer\\\/\",\"name\":\"Katana Obanai Iguro V3 - Demon Slayer - R\u00e9plique Manga Cin\u00e9\",\"isPartOf\":{\"@id\":\"https:\\\/\\\/repliquemangacine.fr\\\/#website\"},\"primaryImageOfPage\":{\"@id\":\"https:\\\/\\\/repliquemangacine.fr\\\/katana-demon-slayer-metal\\\/katana-obanai-iguro-v3-demon-slayer\\\/#primaryimage\"},\"image\":{\"@id\":\"https:\\\/\\\/repliquemangacine.fr\\\/katana-demon-slayer-metal\\\/katana-obanai-iguro-v3-demon-slayer\\\/#primaryimage\"},\"thumbnailUrl\":\"https:\\\/\\\/repliquemangacine.fr\\\/wp-content\\\/uploads\\\/2025\\\/09\\\/Katana-Obanai-Iguro-V3-Demon-Slayer.jpg\",\"datePublished\":\"2025-09-03T16:12:56+00:00\",\"dateModified\":\"2026-04-15T10:22:03+00:00\",\"description\":\"R\u00e9plique fid\u00e8le du katana d\u2019Obanai Iguro V3. Un sabre Demon Slayer unique \u00e0 ajouter \u00e0 votre collection chez R\u00e9plique Manga Cin\u00e9. En m\u00e9tal. 102 cm\",\"breadcrumb\":{\"@id\":\"https:\\\/\\\/repliquemangacine.fr\\\/katana-demon-slayer-metal\\\/katana-obanai-iguro-v3-demon-slayer\\\/#breadcrumb\"},\"inLanguage\":\"de\",\"potentialAction\":[{\"@type\":\"ReadAction\",\"target\":[\"https:\\\/\\\/repliquemangacine.fr\\\/katana-demon-slayer-metal\\\/katana-obanai-iguro-v3-demon-slayer\\\/\"]}]},{\"@type\":\"ImageObject\",\"inLanguage\":\"de\",\"@id\":\"https:\\\/\\\/repliquemangacine.fr\\\/katana-demon-slayer-metal\\\/katana-obanai-iguro-v3-demon-slayer\\\/#primaryimage\",\"url\":\"https:\\\/\\\/repliquemangacine.fr\\\/wp-content\\\/uploads\\\/2025\\\/09\\\/Katana-Obanai-Iguro-V3-Demon-Slayer.jpg\",\"contentUrl\":\"https:\\\/\\\/repliquemangacine.fr\\\/wp-content\\\/uploads\\\/2025\\\/09\\\/Katana-Obanai-Iguro-V3-Demon-Slayer.jpg\",\"width\":600,\"height\":600,\"caption\":\"Katana Obanai Iguro V3 Demon Slayer\"},{\"@type\":\"BreadcrumbList\",\"@id\":\"https:\\\/\\\/repliquemangacine.fr\\\/katana-demon-slayer-metal\\\/katana-obanai-iguro-v3-demon-slayer\\\/#breadcrumb\",\"itemListElement\":[{\"@type\":\"ListItem\",\"position\":1,\"name\":\"Accueil\",\"item\":\"https:\\\/\\\/repliquemangacine.fr\\\/\"},{\"@type\":\"ListItem\",\"position\":2,\"name\":\"Produits\",\"item\":\"https:\\\/\\\/repliquemangacine.fr\\\/boutique\\\/\"},{\"@type\":\"ListItem\",\"position\":3,\"name\":\"Katana Obanai Iguro V3 &#8211; Demon Slayer\"}]},{\"@type\":\"WebSite\",\"@id\":\"https:\\\/\\\/repliquemangacine.fr\\\/#website\",\"url\":\"https:\\\/\\\/repliquemangacine.fr\\\/\",\"name\":\"R\u00e9plique Manga Cin\u00e9\",\"description\":\"\",\"publisher\":{\"@id\":\"https:\\\/\\\/repliquemangacine.fr\\\/#organization\"},\"potentialAction\":[{\"@type\":\"SearchAction\",\"target\":{\"@type\":\"EntryPoint\",\"urlTemplate\":\"https:\\\/\\\/repliquemangacine.fr\\\/?s={search_term_string}\"},\"query-input\":{\"@type\":\"PropertyValueSpecification\",\"valueRequired\":true,\"valueName\":\"search_term_string\"}}],\"inLanguage\":\"de\"},{\"@type\":\"Organization\",\"@id\":\"https:\\\/\\\/repliquemangacine.fr\\\/#organization\",\"name\":\"R\u00e9plique Manga Cin\u00e9\",\"url\":\"https:\\\/\\\/repliquemangacine.fr\\\/\",\"logo\":{\"@type\":\"ImageObject\",\"inLanguage\":\"de\",\"@id\":\"https:\\\/\\\/repliquemangacine.fr\\\/#\\\/schema\\\/logo\\\/image\\\/\",\"url\":\"https:\\\/\\\/repliquemangacine.fr\\\/wp-content\\\/uploads\\\/2023\\\/10\\\/RMC-500250.png\",\"contentUrl\":\"https:\\\/\\\/repliquemangacine.fr\\\/wp-content\\\/uploads\\\/2023\\\/10\\\/RMC-500250.png\",\"width\":500,\"height\":250,\"caption\":\"R\u00e9plique Manga Cin\u00e9\"},\"image\":{\"@id\":\"https:\\\/\\\/repliquemangacine.fr\\\/#\\\/schema\\\/logo\\\/image\\\/\"},\"sameAs\":[\"https:\\\/\\\/www.facebook.com\\\/RepliqueMangaCine\",\"https:\\\/\\\/www.instagram.com\\\/repliquemangacine.fr\\\/\"]}]}<\/script>\n<!-- \/ Yoast SEO plugin. -->","yoast_head_json":{"title":"Katana Obanai Iguro V3 - Demon Slayer - R\u00e9plique Manga Cin\u00e9","description":"Eine originalgetreue Replik des Obanai Iguro V3 Katanas. Ein einzigartiges Demon Slayer-Schwert, das Sie Ihrer Sammlung bei R\u00e9plique Manga Cin\u00e9 hinzuf\u00fcgen k\u00f6nnen. Aus Metall gefertigt. 102 cm","robots":{"index":"index","follow":"follow","max-snippet":"max-snippet:-1","max-image-preview":"max-image-preview:large","max-video-preview":"max-video-preview:-1"},"canonical":"https:\/\/repliquemangacine.fr\/de\/katana-demon-slayer-metal\/katana-obanai-iguro-v3-demon-slayer\/","og_locale":"de_DE","og_type":"article","og_title":"Katana Obanai Iguro V3 - Demon Slayer - R\u00e9plique Manga Cin\u00e9","og_description":"R\u00e9plique fid\u00e8le du katana d\u2019Obanai Iguro V3. Un sabre Demon Slayer unique \u00e0 ajouter \u00e0 votre collection chez R\u00e9plique Manga Cin\u00e9. En m\u00e9tal. 102 cm","og_url":"https:\/\/repliquemangacine.fr\/de\/katana-demon-slayer-metal\/katana-obanai-iguro-v3-demon-slayer\/","og_site_name":"R\u00e9plique Manga Cin\u00e9","article_publisher":"https:\/\/www.facebook.com\/RepliqueMangaCine","article_modified_time":"2026-04-15T10:22:03+00:00","og_image":[{"width":600,"height":600,"url":"https:\/\/repliquemangacine.fr\/wp-content\/uploads\/2025\/09\/Katana-Obanai-Iguro-V3-Demon-Slayer.jpg","type":"image\/jpeg"}],"twitter_card":"summary_large_image","twitter_misc":{"Gesch\u00e4tzte Lesezeit":"3\u00a0Minuten"},"schema":{"@context":"https:\/\/schema.org","@graph":[{"@type":"WebPage","@id":"https:\/\/repliquemangacine.fr\/katana-demon-slayer-metal\/katana-obanai-iguro-v3-demon-slayer\/","url":"https:\/\/repliquemangacine.fr\/katana-demon-slayer-metal\/katana-obanai-iguro-v3-demon-slayer\/","name":"Katana Obanai Iguro V3 - Demon Slayer - R\u00e9plique Manga Cin\u00e9","isPartOf":{"@id":"https:\/\/repliquemangacine.fr\/#website"},"primaryImageOfPage":{"@id":"https:\/\/repliquemangacine.fr\/katana-demon-slayer-metal\/katana-obanai-iguro-v3-demon-slayer\/#primaryimage"},"image":{"@id":"https:\/\/repliquemangacine.fr\/katana-demon-slayer-metal\/katana-obanai-iguro-v3-demon-slayer\/#primaryimage"},"thumbnailUrl":"https:\/\/repliquemangacine.fr\/wp-content\/uploads\/2025\/09\/Katana-Obanai-Iguro-V3-Demon-Slayer.jpg","datePublished":"2025-09-03T16:12:56+00:00","dateModified":"2026-04-15T10:22:03+00:00","description":"Eine originalgetreue Replik des Obanai Iguro V3 Katanas. Ein einzigartiges Demon Slayer-Schwert, das Sie Ihrer Sammlung bei R\u00e9plique Manga Cin\u00e9 hinzuf\u00fcgen k\u00f6nnen. Aus Metall gefertigt. 102 cm","breadcrumb":{"@id":"https:\/\/repliquemangacine.fr\/katana-demon-slayer-metal\/katana-obanai-iguro-v3-demon-slayer\/#breadcrumb"},"inLanguage":"de","potentialAction":[{"@type":"ReadAction","target":["https:\/\/repliquemangacine.fr\/katana-demon-slayer-metal\/katana-obanai-iguro-v3-demon-slayer\/"]}]},{"@type":"ImageObject","inLanguage":"de","@id":"https:\/\/repliquemangacine.fr\/katana-demon-slayer-metal\/katana-obanai-iguro-v3-demon-slayer\/#primaryimage","url":"https:\/\/repliquemangacine.fr\/wp-content\/uploads\/2025\/09\/Katana-Obanai-Iguro-V3-Demon-Slayer.jpg","contentUrl":"https:\/\/repliquemangacine.fr\/wp-content\/uploads\/2025\/09\/Katana-Obanai-Iguro-V3-Demon-Slayer.jpg","width":600,"height":600,"caption":"Katana Obanai Iguro V3 Demon Slayer"},{"@type":"BreadcrumbList","@id":"https:\/\/repliquemangacine.fr\/katana-demon-slayer-metal\/katana-obanai-iguro-v3-demon-slayer\/#breadcrumb","itemListElement":[{"@type":"ListItem","position":1,"name":"Accueil","item":"https:\/\/repliquemangacine.fr\/"},{"@type":"ListItem","position":2,"name":"Produits","item":"https:\/\/repliquemangacine.fr\/boutique\/"},{"@type":"ListItem","position":3,"name":"Katana Obanai Iguro V3 &#8211; Demon Slayer"}]},{"@type":"WebSite","@id":"https:\/\/repliquemangacine.fr\/#website","url":"https:\/\/repliquemangacine.fr\/","name":"R\u00e9plique Manga Cin\u00e9","description":"","publisher":{"@id":"https:\/\/repliquemangacine.fr\/#organization"},"potentialAction":[{"@type":"SearchAction","target":{"@type":"EntryPoint","urlTemplate":"https:\/\/repliquemangacine.fr\/?s={search_term_string}"},"query-input":{"@type":"PropertyValueSpecification","valueRequired":true,"valueName":"search_term_string"}}],"inLanguage":"de"},{"@type":"Organization","@id":"https:\/\/repliquemangacine.fr\/#organization","name":"R\u00e9plique Manga Cin\u00e9","url":"https:\/\/repliquemangacine.fr\/","logo":{"@type":"ImageObject","inLanguage":"de","@id":"https:\/\/repliquemangacine.fr\/#\/schema\/logo\/image\/","url":"https:\/\/repliquemangacine.fr\/wp-content\/uploads\/2023\/10\/RMC-500250.png","contentUrl":"https:\/\/repliquemangacine.fr\/wp-content\/uploads\/2023\/10\/RMC-500250.png","width":500,"height":250,"caption":"R\u00e9plique Manga Cin\u00e9"},"image":{"@id":"https:\/\/repliquemangacine.fr\/#\/schema\/logo\/image\/"},"sameAs":["https:\/\/www.facebook.com\/RepliqueMangaCine","https:\/\/www.instagram.com\/repliquemangacine.fr\/"]}]}},"_links":{"self":[{"href":"https:\/\/repliquemangacine.fr\/de\/wp-json\/wp\/v2\/product\/88032","targetHints":{"allow":["GET"]}}],"collection":[{"href":"https:\/\/repliquemangacine.fr\/de\/wp-json\/wp\/v2\/product"}],"about":[{"href":"https:\/\/repliquemangacine.fr\/de\/wp-json\/wp\/v2\/types\/product"}],"wp:featuredmedia":[{"embeddable":true,"href":"https:\/\/repliquemangacine.fr\/de\/wp-json\/wp\/v2\/media\/88033"}],"wp:attachment":[{"href":"https:\/\/repliquemangacine.fr\/de\/wp-json\/wp\/v2\/media?parent=88032"}],"wp:term":[{"taxonomy":"product_brand","embeddable":true,"href":"https:\/\/repliquemangacine.fr\/de\/wp-json\/wp\/v2\/product_brand?post=88032"},{"taxonomy":"product_cat","embeddable":true,"href":"https:\/\/repliquemangacine.fr\/de\/wp-json\/wp\/v2\/product_cat?post=88032"},{"taxonomy":"product_tag","embeddable":true,"href":"https:\/\/repliquemangacine.fr\/de\/wp-json\/wp\/v2\/product_tag?post=88032"}],"curies":[{"name":"wp","href":"https:\/\/api.w.org\/{rel}","templated":true}]}}