





{"id":88022,"date":"2025-09-03T17:04:09","date_gmt":"2025-09-03T15:04:09","guid":{"rendered":"https:\/\/repliquemangacine.fr\/?post_type=product&#038;p=88022"},"modified":"2026-02-19T11:29:38","modified_gmt":"2026-02-19T10:29:38","slug":"twin-blade-von-julie-sigtuna-absolute-duo","status":"publish","type":"product","link":"https:\/\/repliquemangacine.fr\/de\/katana-et-epee-de-manga-anime-autre-manga\/twin-blade-de-julie-sigtuna-absolute-duo\/","title":{"rendered":"Twin Blade von Julie Sigtuna - Absolute Duo"},"content":{"rendered":"<h2>Der Twin Blade von Julie Sigtuna<\/h2>\n<p>Zun\u00e4chst hier die beeindruckende Replik des Twin Blade von Julie Sigtuna, der Heldin des Anime <a href=\"https:\/\/manga-encyclopedie.fandom.com\/fr\/wiki\/Cat%C3%A9gorie:Absolute_Duo\" target=\"_blank\" rel=\"noopener noreferrer\">Absolute Duo<\/a>. In diesem Universum besitzt jeder K\u00e4mpfer eine \"Blaze\", eine Waffe, die durch seine Seele materialisiert wird. Julie zeichnet sich durch eine seltene Waffe aus: eine schwarze Doppelklinge mit roten Adern, die ihre St\u00e4rke und ihr tragisches Schicksal symbolisiert. Diese originalgetreue Reproduktion \u00fcbernimmt das urspr\u00fcngliche Design mit seinem aggressiven Heft und der atypischen Klinge. Dank seines einzigartigen Stils zieht es sofort die Blicke von Sammlern und Liebhabern auf sich. Dieses Schwert verk\u00f6rpert Julies Eleganz und Kraft in ihren K\u00e4mpfen. Es repr\u00e4sentiert auch ihr Gleichgewicht zwischen Sanftmut und Entschlossenheit.<\/p>\n<h2>Eine ikonische Waffe in Absolute Duo<\/h2>\n<p>Zun\u00e4chst einmal spiegeln die Blazes in Absolute Duo die Pers\u00f6nlichkeit ihrer Tr\u00e4ger wider. Julies Blaze ist eine furchteinfl\u00f6\u00dfende Waffe, die perfekt zu ihrer Beherrschung des Nahkampfes passt. Der Twin Blade vereint Geschwindigkeit, Pr\u00e4zision und Kraft und erm\u00f6glicht spektakul\u00e4re Kombinationen. Mit ihren Klingen \u00fcberw\u00e4ltigt Julie ihre Gegner in einem flie\u00dfenden, unerbittlichen Strudel. Die sichtbaren roten Adern auf dem Stahl erinnern an ihre innere Energie und ihre Verbindung zu ihrer Vergangenheit. Diese Replik bewahrt jedes Detail, um auch anspruchsvollen Fans zu gefallen. Sie ist mehr als nur eine Waffe, sie ist ein Symbol f\u00fcr Willenskraft und Widerstandsf\u00e4higkeit. So wird sie zu einem unverzichtbaren Objekt f\u00fcr Fans von Animes und Sammlerwaffen.<\/p>\n<h2>R\u00e9plique Manga Cin\u00e9 und seine exklusiven Neuheiten<\/h2>\n<p>Bei R\u00e9plique Manga Cin\u00e9 reiht sich Julies Twin Blade in unsere Top-Neuheiten ein. Zun\u00e4chst <a href=\"https:\/\/repliquemangacine.fr\/de\/neuheiten\/katana-cloud-gouger-in-kagurabachi\/\" target=\"_blank\" rel=\"noopener noreferrer\">katana Cloud Gouger<\/a> von Kagurabachi zieht die Blicke auf sich. Sein scharfes und modernes Design zieht Liebhaber sofort in seinen Bann. Entdecken Sie anschlie\u00dfend <a href=\"https:\/\/repliquemangacine.fr\/de\/katana-kagurabachi-metal\/katana-enten-von-chihiro-kagurabachi\/\" target=\"_blank\" rel=\"noopener noreferrer\">Enten<\/a>ein weiteres markantes Katana von Kagurabachi, das bei den Lesern bereits Kultstatus genie\u00dft. F\u00fcr das Jujutsu Kaisen Universum ist dies das <a href=\"https:\/\/repliquemangacine.fr\/de\/jujutsu-kaisen\/split-soul-katana-jujutsu-kaisen\/\" target=\"_blank\" rel=\"noopener noreferrer\">Split Soul Katana<\/a>Die Geschichte ist d\u00fcster und furchterregend. Es ist eine perfekte Erg\u00e4nzung zu Sammlungen, die auf Exorzisten und Fl\u00fcche ausgerichtet sind. Au\u00dferdem ist der<a href=\"https:\/\/repliquemangacine.fr\/de\/elden-ring\/schwurschwert-elden-ring\/\" target=\"_blank\" rel=\"noopener noreferrer\">Schwert des Schwurs von Elden Ring<\/a> hat einen bemerkenswerten Auftritt. Es erinnert an die Schw\u00fcre und epischen K\u00e4mpfe der Splitterlosen. Dar\u00fcber hinaus erweitern wir st\u00e4ndig unseren Katalog. Erwarten Sie regelm\u00e4\u00dfige Neuzug\u00e4nge und bearbeitete Exklusivit\u00e4ten. Jedes St\u00fcck wird aufgrund seiner Treue und Qualit\u00e4t ausgew\u00e4hlt. So gewinnt Ihr Schaufenster an Wirkung und Koh\u00e4renz. Und schlie\u00dflich k\u00f6nnen Sie unsere Kategorien durchforsten, um Ihre n\u00e4chste Legende zu finden.<\/p>","protected":false},"excerpt":{"rendered":"<p>Einzigartige Replik von Julie Sigtunas Twin Blade. Kultwaffe aus Absolute Duo.<\/p>\n<ul>\n<li>Schwarze Stahlklinge mit roten Adern markiert<\/li>\n<li>Speziell geformter Griff mit schwarzem Baumwollfaden, der gut in der Hand liegt.<\/li>\n<li>Scheide aus schwarzem Kunstleder mit Tragegurt.<\/li>\n<li>L\u00e4nge der Klinge: 52 cm - Gesamtl\u00e4nge: 79cm<\/li>\n<li>Gewicht: 1080g<\/li>\n<\/ul>","protected":false},"featured_media":88029,"template":"","meta":[],"product_brand":[896],"product_cat":[65],"product_tag":[],"class_list":{"0":"post-88022","1":"product","2":"type-product","3":"status-publish","4":"has-post-thumbnail","6":"product_brand-replique-manga-cine","7":"product_cat-katana-et-epee-de-manga-anime-autre-manga","9":"first","10":"instock","11":"taxable","12":"shipping-taxable","13":"purchasable","14":"product-type-simple"},"yoast_head":"<!-- This site is optimized with the Yoast SEO plugin v27.4 - https:\/\/yoast.com\/product\/yoast-seo-wordpress\/ -->\n<title>Twin Blade de Julie Sigtuna - Absolute Duo - R\u00e9plique Manga Cin\u00e9<\/title>\n<meta name=\"description\" content=\"R\u00e9plique unique de la Twin Blade de Julie Sigtuna. Arme culte d\u2019Absolute Duo disponible chez R\u00e9plique Manga Cin\u00e9 pour les fans d\u2019anime.\" \/>\n<meta name=\"robots\" content=\"index, follow, max-snippet:-1, max-image-preview:large, max-video-preview:-1\" \/>\n<link rel=\"canonical\" href=\"https:\/\/repliquemangacine.fr\/de\/katana-und-schwert-von-manga-anime-andere-manga\/twin-blade-von-julie-sigtuna-absolute-duo\/\" \/>\n<meta property=\"og:locale\" content=\"de_DE\" \/>\n<meta property=\"og:type\" content=\"article\" \/>\n<meta property=\"og:title\" content=\"Twin Blade de Julie Sigtuna - Absolute Duo - R\u00e9plique Manga Cin\u00e9\" \/>\n<meta property=\"og:description\" content=\"R\u00e9plique unique de la Twin Blade de Julie Sigtuna. Arme culte d\u2019Absolute Duo disponible chez R\u00e9plique Manga Cin\u00e9 pour les fans d\u2019anime.\" \/>\n<meta property=\"og:url\" content=\"https:\/\/repliquemangacine.fr\/de\/katana-und-schwert-von-manga-anime-andere-manga\/twin-blade-von-julie-sigtuna-absolute-duo\/\" \/>\n<meta property=\"og:site_name\" content=\"R\u00e9plique Manga Cin\u00e9\" \/>\n<meta property=\"article:publisher\" content=\"https:\/\/www.facebook.com\/RepliqueMangaCine\" \/>\n<meta property=\"article:modified_time\" content=\"2026-02-19T10:29:38+00:00\" \/>\n<meta property=\"og:image\" content=\"https:\/\/repliquemangacine.fr\/wp-content\/uploads\/2025\/09\/twin-blade-julie-sigtuna-1.jpg\" \/>\n\t<meta property=\"og:image:width\" content=\"700\" \/>\n\t<meta property=\"og:image:height\" content=\"700\" \/>\n\t<meta property=\"og:image:type\" content=\"image\/jpeg\" \/>\n<meta name=\"twitter:card\" content=\"summary_large_image\" \/>\n<meta name=\"twitter:label1\" content=\"Gesch\u00e4tzte Lesezeit\" \/>\n\t<meta name=\"twitter:data1\" content=\"3\u00a0Minuten\" \/>\n<script type=\"application\/ld+json\" class=\"yoast-schema-graph\">{\"@context\":\"https:\\\/\\\/schema.org\",\"@graph\":[{\"@type\":\"WebPage\",\"@id\":\"https:\\\/\\\/repliquemangacine.fr\\\/katana-et-epee-de-manga-anime-autre-manga\\\/twin-blade-de-julie-sigtuna-absolute-duo\\\/\",\"url\":\"https:\\\/\\\/repliquemangacine.fr\\\/katana-et-epee-de-manga-anime-autre-manga\\\/twin-blade-de-julie-sigtuna-absolute-duo\\\/\",\"name\":\"Twin Blade de Julie Sigtuna - Absolute Duo - R\u00e9plique Manga Cin\u00e9\",\"isPartOf\":{\"@id\":\"https:\\\/\\\/repliquemangacine.fr\\\/#website\"},\"primaryImageOfPage\":{\"@id\":\"https:\\\/\\\/repliquemangacine.fr\\\/katana-et-epee-de-manga-anime-autre-manga\\\/twin-blade-de-julie-sigtuna-absolute-duo\\\/#primaryimage\"},\"image\":{\"@id\":\"https:\\\/\\\/repliquemangacine.fr\\\/katana-et-epee-de-manga-anime-autre-manga\\\/twin-blade-de-julie-sigtuna-absolute-duo\\\/#primaryimage\"},\"thumbnailUrl\":\"https:\\\/\\\/repliquemangacine.fr\\\/wp-content\\\/uploads\\\/2025\\\/09\\\/twin-blade-julie-sigtuna-1.jpg\",\"datePublished\":\"2025-09-03T15:04:09+00:00\",\"dateModified\":\"2026-02-19T10:29:38+00:00\",\"description\":\"R\u00e9plique unique de la Twin Blade de Julie Sigtuna. Arme culte d\u2019Absolute Duo disponible chez R\u00e9plique Manga Cin\u00e9 pour les fans d\u2019anime.\",\"breadcrumb\":{\"@id\":\"https:\\\/\\\/repliquemangacine.fr\\\/katana-et-epee-de-manga-anime-autre-manga\\\/twin-blade-de-julie-sigtuna-absolute-duo\\\/#breadcrumb\"},\"inLanguage\":\"de\",\"potentialAction\":[{\"@type\":\"ReadAction\",\"target\":[\"https:\\\/\\\/repliquemangacine.fr\\\/katana-et-epee-de-manga-anime-autre-manga\\\/twin-blade-de-julie-sigtuna-absolute-duo\\\/\"]}]},{\"@type\":\"ImageObject\",\"inLanguage\":\"de\",\"@id\":\"https:\\\/\\\/repliquemangacine.fr\\\/katana-et-epee-de-manga-anime-autre-manga\\\/twin-blade-de-julie-sigtuna-absolute-duo\\\/#primaryimage\",\"url\":\"https:\\\/\\\/repliquemangacine.fr\\\/wp-content\\\/uploads\\\/2025\\\/09\\\/twin-blade-julie-sigtuna-1.jpg\",\"contentUrl\":\"https:\\\/\\\/repliquemangacine.fr\\\/wp-content\\\/uploads\\\/2025\\\/09\\\/twin-blade-julie-sigtuna-1.jpg\",\"width\":700,\"height\":700},{\"@type\":\"BreadcrumbList\",\"@id\":\"https:\\\/\\\/repliquemangacine.fr\\\/katana-et-epee-de-manga-anime-autre-manga\\\/twin-blade-de-julie-sigtuna-absolute-duo\\\/#breadcrumb\",\"itemListElement\":[{\"@type\":\"ListItem\",\"position\":1,\"name\":\"Accueil\",\"item\":\"https:\\\/\\\/repliquemangacine.fr\\\/\"},{\"@type\":\"ListItem\",\"position\":2,\"name\":\"Produits\",\"item\":\"https:\\\/\\\/repliquemangacine.fr\\\/boutique\\\/\"},{\"@type\":\"ListItem\",\"position\":3,\"name\":\"Twin Blade de Julie Sigtuna &#8211; Absolute Duo\"}]},{\"@type\":\"WebSite\",\"@id\":\"https:\\\/\\\/repliquemangacine.fr\\\/#website\",\"url\":\"https:\\\/\\\/repliquemangacine.fr\\\/\",\"name\":\"R\u00e9plique Manga Cin\u00e9\",\"description\":\"\",\"publisher\":{\"@id\":\"https:\\\/\\\/repliquemangacine.fr\\\/#organization\"},\"potentialAction\":[{\"@type\":\"SearchAction\",\"target\":{\"@type\":\"EntryPoint\",\"urlTemplate\":\"https:\\\/\\\/repliquemangacine.fr\\\/?s={search_term_string}\"},\"query-input\":{\"@type\":\"PropertyValueSpecification\",\"valueRequired\":true,\"valueName\":\"search_term_string\"}}],\"inLanguage\":\"de\"},{\"@type\":\"Organization\",\"@id\":\"https:\\\/\\\/repliquemangacine.fr\\\/#organization\",\"name\":\"R\u00e9plique Manga Cin\u00e9\",\"url\":\"https:\\\/\\\/repliquemangacine.fr\\\/\",\"logo\":{\"@type\":\"ImageObject\",\"inLanguage\":\"de\",\"@id\":\"https:\\\/\\\/repliquemangacine.fr\\\/#\\\/schema\\\/logo\\\/image\\\/\",\"url\":\"https:\\\/\\\/repliquemangacine.fr\\\/wp-content\\\/uploads\\\/2023\\\/10\\\/RMC-500250.png\",\"contentUrl\":\"https:\\\/\\\/repliquemangacine.fr\\\/wp-content\\\/uploads\\\/2023\\\/10\\\/RMC-500250.png\",\"width\":500,\"height\":250,\"caption\":\"R\u00e9plique Manga Cin\u00e9\"},\"image\":{\"@id\":\"https:\\\/\\\/repliquemangacine.fr\\\/#\\\/schema\\\/logo\\\/image\\\/\"},\"sameAs\":[\"https:\\\/\\\/www.facebook.com\\\/RepliqueMangaCine\",\"https:\\\/\\\/www.instagram.com\\\/repliquemangacine.fr\\\/\"]}]}<\/script>\n<!-- \/ Yoast SEO plugin. -->","yoast_head_json":{"title":"Twin Blade von Julie Sigtuna - Absolute Duo - R\u00e9plique Manga Cin\u00e9","description":"Einzigartige Replik der Twin Blade von Julie Sigtuna. Kultwaffe von Absolute Duo, erh\u00e4ltlich bei R\u00e9plique Manga Cin\u00e9 f\u00fcr Anime-Fans.","robots":{"index":"index","follow":"follow","max-snippet":"max-snippet:-1","max-image-preview":"max-image-preview:large","max-video-preview":"max-video-preview:-1"},"canonical":"https:\/\/repliquemangacine.fr\/de\/katana-und-schwert-von-manga-anime-andere-manga\/twin-blade-von-julie-sigtuna-absolute-duo\/","og_locale":"de_DE","og_type":"article","og_title":"Twin Blade de Julie Sigtuna - Absolute Duo - R\u00e9plique Manga Cin\u00e9","og_description":"R\u00e9plique unique de la Twin Blade de Julie Sigtuna. Arme culte d\u2019Absolute Duo disponible chez R\u00e9plique Manga Cin\u00e9 pour les fans d\u2019anime.","og_url":"https:\/\/repliquemangacine.fr\/de\/katana-und-schwert-von-manga-anime-andere-manga\/twin-blade-von-julie-sigtuna-absolute-duo\/","og_site_name":"R\u00e9plique Manga Cin\u00e9","article_publisher":"https:\/\/www.facebook.com\/RepliqueMangaCine","article_modified_time":"2026-02-19T10:29:38+00:00","og_image":[{"width":700,"height":700,"url":"https:\/\/repliquemangacine.fr\/wp-content\/uploads\/2025\/09\/twin-blade-julie-sigtuna-1.jpg","type":"image\/jpeg"}],"twitter_card":"summary_large_image","twitter_misc":{"Gesch\u00e4tzte Lesezeit":"3\u00a0Minuten"},"schema":{"@context":"https:\/\/schema.org","@graph":[{"@type":"WebPage","@id":"https:\/\/repliquemangacine.fr\/katana-et-epee-de-manga-anime-autre-manga\/twin-blade-de-julie-sigtuna-absolute-duo\/","url":"https:\/\/repliquemangacine.fr\/katana-et-epee-de-manga-anime-autre-manga\/twin-blade-de-julie-sigtuna-absolute-duo\/","name":"Twin Blade von Julie Sigtuna - Absolute Duo - R\u00e9plique Manga Cin\u00e9","isPartOf":{"@id":"https:\/\/repliquemangacine.fr\/#website"},"primaryImageOfPage":{"@id":"https:\/\/repliquemangacine.fr\/katana-et-epee-de-manga-anime-autre-manga\/twin-blade-de-julie-sigtuna-absolute-duo\/#primaryimage"},"image":{"@id":"https:\/\/repliquemangacine.fr\/katana-et-epee-de-manga-anime-autre-manga\/twin-blade-de-julie-sigtuna-absolute-duo\/#primaryimage"},"thumbnailUrl":"https:\/\/repliquemangacine.fr\/wp-content\/uploads\/2025\/09\/twin-blade-julie-sigtuna-1.jpg","datePublished":"2025-09-03T15:04:09+00:00","dateModified":"2026-02-19T10:29:38+00:00","description":"Einzigartige Replik der Twin Blade von Julie Sigtuna. Kultwaffe von Absolute Duo, erh\u00e4ltlich bei R\u00e9plique Manga Cin\u00e9 f\u00fcr Anime-Fans.","breadcrumb":{"@id":"https:\/\/repliquemangacine.fr\/katana-et-epee-de-manga-anime-autre-manga\/twin-blade-de-julie-sigtuna-absolute-duo\/#breadcrumb"},"inLanguage":"de","potentialAction":[{"@type":"ReadAction","target":["https:\/\/repliquemangacine.fr\/katana-et-epee-de-manga-anime-autre-manga\/twin-blade-de-julie-sigtuna-absolute-duo\/"]}]},{"@type":"ImageObject","inLanguage":"de","@id":"https:\/\/repliquemangacine.fr\/katana-et-epee-de-manga-anime-autre-manga\/twin-blade-de-julie-sigtuna-absolute-duo\/#primaryimage","url":"https:\/\/repliquemangacine.fr\/wp-content\/uploads\/2025\/09\/twin-blade-julie-sigtuna-1.jpg","contentUrl":"https:\/\/repliquemangacine.fr\/wp-content\/uploads\/2025\/09\/twin-blade-julie-sigtuna-1.jpg","width":700,"height":700},{"@type":"BreadcrumbList","@id":"https:\/\/repliquemangacine.fr\/katana-et-epee-de-manga-anime-autre-manga\/twin-blade-de-julie-sigtuna-absolute-duo\/#breadcrumb","itemListElement":[{"@type":"ListItem","position":1,"name":"Accueil","item":"https:\/\/repliquemangacine.fr\/"},{"@type":"ListItem","position":2,"name":"Produits","item":"https:\/\/repliquemangacine.fr\/boutique\/"},{"@type":"ListItem","position":3,"name":"Twin Blade de Julie Sigtuna &#8211; Absolute Duo"}]},{"@type":"WebSite","@id":"https:\/\/repliquemangacine.fr\/#website","url":"https:\/\/repliquemangacine.fr\/","name":"R\u00e9plique Manga Cin\u00e9","description":"","publisher":{"@id":"https:\/\/repliquemangacine.fr\/#organization"},"potentialAction":[{"@type":"SearchAction","target":{"@type":"EntryPoint","urlTemplate":"https:\/\/repliquemangacine.fr\/?s={search_term_string}"},"query-input":{"@type":"PropertyValueSpecification","valueRequired":true,"valueName":"search_term_string"}}],"inLanguage":"de"},{"@type":"Organization","@id":"https:\/\/repliquemangacine.fr\/#organization","name":"R\u00e9plique Manga Cin\u00e9","url":"https:\/\/repliquemangacine.fr\/","logo":{"@type":"ImageObject","inLanguage":"de","@id":"https:\/\/repliquemangacine.fr\/#\/schema\/logo\/image\/","url":"https:\/\/repliquemangacine.fr\/wp-content\/uploads\/2023\/10\/RMC-500250.png","contentUrl":"https:\/\/repliquemangacine.fr\/wp-content\/uploads\/2023\/10\/RMC-500250.png","width":500,"height":250,"caption":"R\u00e9plique Manga Cin\u00e9"},"image":{"@id":"https:\/\/repliquemangacine.fr\/#\/schema\/logo\/image\/"},"sameAs":["https:\/\/www.facebook.com\/RepliqueMangaCine","https:\/\/www.instagram.com\/repliquemangacine.fr\/"]}]}},"_links":{"self":[{"href":"https:\/\/repliquemangacine.fr\/de\/wp-json\/wp\/v2\/product\/88022","targetHints":{"allow":["GET"]}}],"collection":[{"href":"https:\/\/repliquemangacine.fr\/de\/wp-json\/wp\/v2\/product"}],"about":[{"href":"https:\/\/repliquemangacine.fr\/de\/wp-json\/wp\/v2\/types\/product"}],"wp:featuredmedia":[{"embeddable":true,"href":"https:\/\/repliquemangacine.fr\/de\/wp-json\/wp\/v2\/media\/88029"}],"wp:attachment":[{"href":"https:\/\/repliquemangacine.fr\/de\/wp-json\/wp\/v2\/media?parent=88022"}],"wp:term":[{"taxonomy":"product_brand","embeddable":true,"href":"https:\/\/repliquemangacine.fr\/de\/wp-json\/wp\/v2\/product_brand?post=88022"},{"taxonomy":"product_cat","embeddable":true,"href":"https:\/\/repliquemangacine.fr\/de\/wp-json\/wp\/v2\/product_cat?post=88022"},{"taxonomy":"product_tag","embeddable":true,"href":"https:\/\/repliquemangacine.fr\/de\/wp-json\/wp\/v2\/product_tag?post=88022"}],"curies":[{"name":"wp","href":"https:\/\/api.w.org\/{rel}","templated":true}]}}