





{"id":87986,"date":"2025-09-02T17:48:27","date_gmt":"2025-09-02T15:48:27","guid":{"rendered":"https:\/\/repliquemangacine.fr\/?post_type=product&#038;p=87986"},"modified":"2026-04-16T09:31:17","modified_gmt":"2026-04-16T07:31:17","slug":"katana-kanao-black-pink-demon-slayer","status":"publish","type":"product","link":"https:\/\/repliquemangacine.fr\/de\/katana-demon-slayer-metal\/katana-kanao-black-pink-demon-slayer\/","title":{"rendered":"Katana Kanao Black Pink"},"content":{"rendered":"<h2>Katana Kanao Black Pink - Demon Slayer<\/h2>\n<p>Als Erstes entdecken Sie die einzigartige Replik von Kanao Tsuyuris Katana in einer Black Pink-Version. In <a href=\"https:\/\/demon-slayer.fr\/wiki\/\" target=\"_blank\" rel=\"noopener noreferrer\">Demon Slayer<\/a>Das Kanao-Schwert zeichnet sich durch seine Anmut, Pr\u00e4zision und unersch\u00fctterliche Ruhe aus. Dieses Schwert greift die Eleganz seiner Waffe auf, die jedoch durch ein modernes und gewagtes Design \u00fcberarbeitet wurde. Sein Stil ist direkt von der BLACKPINK-Mode inspiriert, einer Mischung aus Kraft und Sanftheit, die auf der ganzen Welt f\u00fcr Furore sorgt. Sein rosafarbener Blumenschutz erinnert an die Zartheit von Kanao, w\u00e4hrend der schwarz-wei\u00dfe Kontrast des Griffs St\u00e4rke und Eleganz suggeriert. Diese Replik ist eine perfekte Balance zwischen Anime-Treue und trendigen Einfl\u00fcssen.<\/p>\n<h2>Ein Katana, das von Demon Slayer und der BLACKPINK-Mode inspiriert ist<\/h2>\n<p>In Kimetsu no Yaiba hat jeder D\u00e4monenj\u00e4ger ein Katana, das seine Pers\u00f6nlichkeit widerspiegelt. Das von Kanao verk\u00f6rpert Anmut und Entschlossenheit. In dieser Black-Pink-Version beh\u00e4lt die Klinge die Seele der Originalwaffe bei, w\u00e4hrend sie gleichzeitig eine \u00c4sthetik aufweist, die von der koreanischen Popkultur inspiriert ist. Das Duo Schwarz und Pink, das Symbol der Gruppe BLACKPINK, hat die Modewelt erobert, indem es Glamour und Macht miteinander verbindet. Dieser Kontrast findet sich \u00fcbrigens auch in der leuchtend pinken Scheide und dem dunklen Griff dieses Schwertes wieder. Die Gravur \"Black Pink\" auf der Klinge verleiht dem Schwert einen unverwechselbaren, modernen Touch, der Fans von Mangas und K-Pop begeistern wird.<\/p>\n<h2>R\u00e9plique Manga Cin\u00e9 und seine Sammlungen<\/h2>\n<p>Bei R\u00e9plique Manga Cin\u00e9 reiht sich dieses Katana Black Pink von Kanao in eine vielf\u00e4ltige Auswahl an Repliken ein. Wir bieten Waffen an, die von den bekanntesten Mangas, Videospielen, Filmen und Kultserien inspiriert sind. Entdecken Sie unsere Katanas aus den Mangas One Piece, Bleach oder Sword Art Online. Finden Sie auch unsere Reproduktionen von mythischen Schwertern wie das von Zelda oder The Witcher. F\u00fcr Geschichtsinteressierte bieten wir alle historischen R<a href=\"https:\/\/repliquemangacine.fr\/de\/waffen-accessoires-weltkrieg\/\" target=\"_blank\" rel=\"noopener noreferrer\">e Waffenproduktionen aus dem Zweiten Weltkrieg<\/a>. Es gibt auch die <a href=\"https:\/\/repliquemangacine.fr\/de\/waffen-und-zubehor-der-wikinger\/\" target=\"_blank\" rel=\"noopener noreferrer\">Wikingerschwerter und Zubeh\u00f6r<\/a> sowie die Wikingerschilde. Jedes St\u00fcck wird aufgrund seiner Qualit\u00e4t und seiner Treue zu den Originalmodellen ausgew\u00e4hlt. Ob Sie nun Sammler oder einfacher Fan sind, unser Shop bietet eine gro\u00dfe Auswahl, um Ihre Vitrinen zu bereichern. Zusammenfassend l\u00e4sst sich sagen, dass dieses Katana Black Pink ein unverzichtbares St\u00fcck ist, um Ihre Sammlung zu vervollst\u00e4ndigen.<\/p>","protected":false},"excerpt":{"rendered":"<p>Katana Kanao Demon Slayer Replik - Black Pink Version<\/p>\n<ul>\n<li>Klinge aus 440 stainless Stahl nicht scharf<\/li>\n<li>Gravur auf der Oberseite der Klinge \" Black Pink\".<\/li>\n<li>Griff aus Rochenhautimitat, \u00fcberzogen mit einem schwarzen Baumwollgeflecht.<\/li>\n<li>Rosa lackierte Holzscheide<\/li>\n<li>Metallb\u00fcgel mit Blumendekor<\/li>\n<li>L\u00e4nge der Klinge: 64 cm - Gesamtl\u00e4nge: 102 cm<\/li>\n<li>Gewicht: 960g<\/li>\n<\/ul>","protected":false},"featured_media":87987,"template":"","meta":[],"product_brand":[896],"product_cat":[63,117],"product_tag":[],"class_list":{"0":"post-87986","1":"product","2":"type-product","3":"status-publish","4":"has-post-thumbnail","6":"product_brand-replique-manga-cine","7":"product_cat-katana-demon-slayer","8":"product_cat-katana-demon-slayer-metal","10":"first","11":"instock","12":"taxable","13":"shipping-taxable","14":"purchasable","15":"product-type-simple"},"yoast_head":"<!-- This site is optimized with the Yoast SEO plugin v27.4 - https:\/\/yoast.com\/product\/yoast-seo-wordpress\/ -->\n<title>Katana Kanao Black Pink - R\u00e9plique Manga Cin\u00e9<\/title>\n<meta name=\"description\" content=\"Decouvrez le Katana Kanao Black Pink inspir\u00e9e de l&#039;anim\u00e9 Demon Slayer et de l&#039;esth\u00e9tique Black Pink. Une r\u00e9plique tendance et originale disponible chez RMC\" \/>\n<meta name=\"robots\" content=\"index, follow, max-snippet:-1, max-image-preview:large, max-video-preview:-1\" \/>\n<link rel=\"canonical\" href=\"https:\/\/repliquemangacine.fr\/de\/katana-demon-slayer-metal\/katana-kanao-black-pink-demon-slayer\/\" \/>\n<meta property=\"og:locale\" content=\"de_DE\" \/>\n<meta property=\"og:type\" content=\"article\" \/>\n<meta property=\"og:title\" content=\"Katana Kanao Black Pink - R\u00e9plique Manga Cin\u00e9\" \/>\n<meta property=\"og:description\" content=\"Decouvrez le Katana Kanao Black Pink inspir\u00e9e de l&#039;anim\u00e9 Demon Slayer et de l&#039;esth\u00e9tique Black Pink. Une r\u00e9plique tendance et originale disponible chez RMC\" \/>\n<meta property=\"og:url\" content=\"https:\/\/repliquemangacine.fr\/de\/katana-demon-slayer-metal\/katana-kanao-black-pink-demon-slayer\/\" \/>\n<meta property=\"og:site_name\" content=\"R\u00e9plique Manga Cin\u00e9\" \/>\n<meta property=\"article:publisher\" content=\"https:\/\/www.facebook.com\/RepliqueMangaCine\" \/>\n<meta property=\"article:modified_time\" content=\"2026-04-16T07:31:17+00:00\" \/>\n<meta property=\"og:image\" content=\"https:\/\/repliquemangacine.fr\/wp-content\/uploads\/2025\/09\/Katana-kanao-Black-pink.jpg\" \/>\n\t<meta property=\"og:image:width\" content=\"1000\" \/>\n\t<meta property=\"og:image:height\" content=\"1000\" \/>\n\t<meta property=\"og:image:type\" content=\"image\/jpeg\" \/>\n<meta name=\"twitter:card\" content=\"summary_large_image\" \/>\n<meta name=\"twitter:label1\" content=\"Gesch\u00e4tzte Lesezeit\" \/>\n\t<meta name=\"twitter:data1\" content=\"3\u00a0Minuten\" \/>\n<script type=\"application\/ld+json\" class=\"yoast-schema-graph\">{\"@context\":\"https:\\\/\\\/schema.org\",\"@graph\":[{\"@type\":\"WebPage\",\"@id\":\"https:\\\/\\\/repliquemangacine.fr\\\/katana-demon-slayer-metal\\\/katana-kanao-black-pink-demon-slayer\\\/\",\"url\":\"https:\\\/\\\/repliquemangacine.fr\\\/katana-demon-slayer-metal\\\/katana-kanao-black-pink-demon-slayer\\\/\",\"name\":\"Katana Kanao Black Pink - R\u00e9plique Manga Cin\u00e9\",\"isPartOf\":{\"@id\":\"https:\\\/\\\/repliquemangacine.fr\\\/#website\"},\"primaryImageOfPage\":{\"@id\":\"https:\\\/\\\/repliquemangacine.fr\\\/katana-demon-slayer-metal\\\/katana-kanao-black-pink-demon-slayer\\\/#primaryimage\"},\"image\":{\"@id\":\"https:\\\/\\\/repliquemangacine.fr\\\/katana-demon-slayer-metal\\\/katana-kanao-black-pink-demon-slayer\\\/#primaryimage\"},\"thumbnailUrl\":\"https:\\\/\\\/repliquemangacine.fr\\\/wp-content\\\/uploads\\\/2025\\\/09\\\/Katana-kanao-Black-pink.jpg\",\"datePublished\":\"2025-09-02T15:48:27+00:00\",\"dateModified\":\"2026-04-16T07:31:17+00:00\",\"description\":\"Decouvrez le Katana Kanao Black Pink inspir\u00e9e de l'anim\u00e9 Demon Slayer et de l'esth\u00e9tique Black Pink. Une r\u00e9plique tendance et originale disponible chez RMC\",\"breadcrumb\":{\"@id\":\"https:\\\/\\\/repliquemangacine.fr\\\/katana-demon-slayer-metal\\\/katana-kanao-black-pink-demon-slayer\\\/#breadcrumb\"},\"inLanguage\":\"de\",\"potentialAction\":[{\"@type\":\"ReadAction\",\"target\":[\"https:\\\/\\\/repliquemangacine.fr\\\/katana-demon-slayer-metal\\\/katana-kanao-black-pink-demon-slayer\\\/\"]}]},{\"@type\":\"ImageObject\",\"inLanguage\":\"de\",\"@id\":\"https:\\\/\\\/repliquemangacine.fr\\\/katana-demon-slayer-metal\\\/katana-kanao-black-pink-demon-slayer\\\/#primaryimage\",\"url\":\"https:\\\/\\\/repliquemangacine.fr\\\/wp-content\\\/uploads\\\/2025\\\/09\\\/Katana-kanao-Black-pink.jpg\",\"contentUrl\":\"https:\\\/\\\/repliquemangacine.fr\\\/wp-content\\\/uploads\\\/2025\\\/09\\\/Katana-kanao-Black-pink.jpg\",\"width\":1000,\"height\":1000,\"caption\":\"Katana Kanao Black Pink - Demon Slayer\"},{\"@type\":\"BreadcrumbList\",\"@id\":\"https:\\\/\\\/repliquemangacine.fr\\\/katana-demon-slayer-metal\\\/katana-kanao-black-pink-demon-slayer\\\/#breadcrumb\",\"itemListElement\":[{\"@type\":\"ListItem\",\"position\":1,\"name\":\"Accueil\",\"item\":\"https:\\\/\\\/repliquemangacine.fr\\\/\"},{\"@type\":\"ListItem\",\"position\":2,\"name\":\"Produits\",\"item\":\"https:\\\/\\\/repliquemangacine.fr\\\/boutique\\\/\"},{\"@type\":\"ListItem\",\"position\":3,\"name\":\"Katana Kanao Black Pink\"}]},{\"@type\":\"WebSite\",\"@id\":\"https:\\\/\\\/repliquemangacine.fr\\\/#website\",\"url\":\"https:\\\/\\\/repliquemangacine.fr\\\/\",\"name\":\"R\u00e9plique Manga Cin\u00e9\",\"description\":\"\",\"publisher\":{\"@id\":\"https:\\\/\\\/repliquemangacine.fr\\\/#organization\"},\"potentialAction\":[{\"@type\":\"SearchAction\",\"target\":{\"@type\":\"EntryPoint\",\"urlTemplate\":\"https:\\\/\\\/repliquemangacine.fr\\\/?s={search_term_string}\"},\"query-input\":{\"@type\":\"PropertyValueSpecification\",\"valueRequired\":true,\"valueName\":\"search_term_string\"}}],\"inLanguage\":\"de\"},{\"@type\":\"Organization\",\"@id\":\"https:\\\/\\\/repliquemangacine.fr\\\/#organization\",\"name\":\"R\u00e9plique Manga Cin\u00e9\",\"url\":\"https:\\\/\\\/repliquemangacine.fr\\\/\",\"logo\":{\"@type\":\"ImageObject\",\"inLanguage\":\"de\",\"@id\":\"https:\\\/\\\/repliquemangacine.fr\\\/#\\\/schema\\\/logo\\\/image\\\/\",\"url\":\"https:\\\/\\\/repliquemangacine.fr\\\/wp-content\\\/uploads\\\/2023\\\/10\\\/RMC-500250.png\",\"contentUrl\":\"https:\\\/\\\/repliquemangacine.fr\\\/wp-content\\\/uploads\\\/2023\\\/10\\\/RMC-500250.png\",\"width\":500,\"height\":250,\"caption\":\"R\u00e9plique Manga Cin\u00e9\"},\"image\":{\"@id\":\"https:\\\/\\\/repliquemangacine.fr\\\/#\\\/schema\\\/logo\\\/image\\\/\"},\"sameAs\":[\"https:\\\/\\\/www.facebook.com\\\/RepliqueMangaCine\",\"https:\\\/\\\/www.instagram.com\\\/repliquemangacine.fr\\\/\"]}]}<\/script>\n<!-- \/ Yoast SEO plugin. -->","yoast_head_json":{"title":"Katana Kanao Black Pink - R\u00e9plique Manga Cin\u00e9","description":"Entdecken Sie das Katana Kanao Black Pink, das vom Anime Demon Slayer und der Black Pink-\u00c4sthetik inspiriert ist. Eine trendige und originelle Replik, die bei RMC erh\u00e4ltlich ist.","robots":{"index":"index","follow":"follow","max-snippet":"max-snippet:-1","max-image-preview":"max-image-preview:large","max-video-preview":"max-video-preview:-1"},"canonical":"https:\/\/repliquemangacine.fr\/de\/katana-demon-slayer-metal\/katana-kanao-black-pink-demon-slayer\/","og_locale":"de_DE","og_type":"article","og_title":"Katana Kanao Black Pink - R\u00e9plique Manga Cin\u00e9","og_description":"Decouvrez le Katana Kanao Black Pink inspir\u00e9e de l'anim\u00e9 Demon Slayer et de l'esth\u00e9tique Black Pink. Une r\u00e9plique tendance et originale disponible chez RMC","og_url":"https:\/\/repliquemangacine.fr\/de\/katana-demon-slayer-metal\/katana-kanao-black-pink-demon-slayer\/","og_site_name":"R\u00e9plique Manga Cin\u00e9","article_publisher":"https:\/\/www.facebook.com\/RepliqueMangaCine","article_modified_time":"2026-04-16T07:31:17+00:00","og_image":[{"width":1000,"height":1000,"url":"https:\/\/repliquemangacine.fr\/wp-content\/uploads\/2025\/09\/Katana-kanao-Black-pink.jpg","type":"image\/jpeg"}],"twitter_card":"summary_large_image","twitter_misc":{"Gesch\u00e4tzte Lesezeit":"3\u00a0Minuten"},"schema":{"@context":"https:\/\/schema.org","@graph":[{"@type":"WebPage","@id":"https:\/\/repliquemangacine.fr\/katana-demon-slayer-metal\/katana-kanao-black-pink-demon-slayer\/","url":"https:\/\/repliquemangacine.fr\/katana-demon-slayer-metal\/katana-kanao-black-pink-demon-slayer\/","name":"Katana Kanao Black Pink - R\u00e9plique Manga Cin\u00e9","isPartOf":{"@id":"https:\/\/repliquemangacine.fr\/#website"},"primaryImageOfPage":{"@id":"https:\/\/repliquemangacine.fr\/katana-demon-slayer-metal\/katana-kanao-black-pink-demon-slayer\/#primaryimage"},"image":{"@id":"https:\/\/repliquemangacine.fr\/katana-demon-slayer-metal\/katana-kanao-black-pink-demon-slayer\/#primaryimage"},"thumbnailUrl":"https:\/\/repliquemangacine.fr\/wp-content\/uploads\/2025\/09\/Katana-kanao-Black-pink.jpg","datePublished":"2025-09-02T15:48:27+00:00","dateModified":"2026-04-16T07:31:17+00:00","description":"Entdecken Sie das Katana Kanao Black Pink, das vom Anime Demon Slayer und der Black Pink-\u00c4sthetik inspiriert ist. Eine trendige und originelle Replik, die bei RMC erh\u00e4ltlich ist.","breadcrumb":{"@id":"https:\/\/repliquemangacine.fr\/katana-demon-slayer-metal\/katana-kanao-black-pink-demon-slayer\/#breadcrumb"},"inLanguage":"de","potentialAction":[{"@type":"ReadAction","target":["https:\/\/repliquemangacine.fr\/katana-demon-slayer-metal\/katana-kanao-black-pink-demon-slayer\/"]}]},{"@type":"ImageObject","inLanguage":"de","@id":"https:\/\/repliquemangacine.fr\/katana-demon-slayer-metal\/katana-kanao-black-pink-demon-slayer\/#primaryimage","url":"https:\/\/repliquemangacine.fr\/wp-content\/uploads\/2025\/09\/Katana-kanao-Black-pink.jpg","contentUrl":"https:\/\/repliquemangacine.fr\/wp-content\/uploads\/2025\/09\/Katana-kanao-Black-pink.jpg","width":1000,"height":1000,"caption":"Katana Kanao Black Pink - Demon Slayer"},{"@type":"BreadcrumbList","@id":"https:\/\/repliquemangacine.fr\/katana-demon-slayer-metal\/katana-kanao-black-pink-demon-slayer\/#breadcrumb","itemListElement":[{"@type":"ListItem","position":1,"name":"Accueil","item":"https:\/\/repliquemangacine.fr\/"},{"@type":"ListItem","position":2,"name":"Produits","item":"https:\/\/repliquemangacine.fr\/boutique\/"},{"@type":"ListItem","position":3,"name":"Katana Kanao Black Pink"}]},{"@type":"WebSite","@id":"https:\/\/repliquemangacine.fr\/#website","url":"https:\/\/repliquemangacine.fr\/","name":"R\u00e9plique Manga Cin\u00e9","description":"","publisher":{"@id":"https:\/\/repliquemangacine.fr\/#organization"},"potentialAction":[{"@type":"SearchAction","target":{"@type":"EntryPoint","urlTemplate":"https:\/\/repliquemangacine.fr\/?s={search_term_string}"},"query-input":{"@type":"PropertyValueSpecification","valueRequired":true,"valueName":"search_term_string"}}],"inLanguage":"de"},{"@type":"Organization","@id":"https:\/\/repliquemangacine.fr\/#organization","name":"R\u00e9plique Manga Cin\u00e9","url":"https:\/\/repliquemangacine.fr\/","logo":{"@type":"ImageObject","inLanguage":"de","@id":"https:\/\/repliquemangacine.fr\/#\/schema\/logo\/image\/","url":"https:\/\/repliquemangacine.fr\/wp-content\/uploads\/2023\/10\/RMC-500250.png","contentUrl":"https:\/\/repliquemangacine.fr\/wp-content\/uploads\/2023\/10\/RMC-500250.png","width":500,"height":250,"caption":"R\u00e9plique Manga Cin\u00e9"},"image":{"@id":"https:\/\/repliquemangacine.fr\/#\/schema\/logo\/image\/"},"sameAs":["https:\/\/www.facebook.com\/RepliqueMangaCine","https:\/\/www.instagram.com\/repliquemangacine.fr\/"]}]}},"_links":{"self":[{"href":"https:\/\/repliquemangacine.fr\/de\/wp-json\/wp\/v2\/product\/87986","targetHints":{"allow":["GET"]}}],"collection":[{"href":"https:\/\/repliquemangacine.fr\/de\/wp-json\/wp\/v2\/product"}],"about":[{"href":"https:\/\/repliquemangacine.fr\/de\/wp-json\/wp\/v2\/types\/product"}],"wp:featuredmedia":[{"embeddable":true,"href":"https:\/\/repliquemangacine.fr\/de\/wp-json\/wp\/v2\/media\/87987"}],"wp:attachment":[{"href":"https:\/\/repliquemangacine.fr\/de\/wp-json\/wp\/v2\/media?parent=87986"}],"wp:term":[{"taxonomy":"product_brand","embeddable":true,"href":"https:\/\/repliquemangacine.fr\/de\/wp-json\/wp\/v2\/product_brand?post=87986"},{"taxonomy":"product_cat","embeddable":true,"href":"https:\/\/repliquemangacine.fr\/de\/wp-json\/wp\/v2\/product_cat?post=87986"},{"taxonomy":"product_tag","embeddable":true,"href":"https:\/\/repliquemangacine.fr\/de\/wp-json\/wp\/v2\/product_tag?post=87986"}],"curies":[{"name":"wp","href":"https:\/\/api.w.org\/{rel}","templated":true}]}}