





{"id":87979,"date":"2025-09-02T17:33:37","date_gmt":"2025-09-02T15:33:37","guid":{"rendered":"https:\/\/repliquemangacine.fr\/?post_type=product&#038;p=87979"},"modified":"2026-03-25T15:55:55","modified_gmt":"2026-03-25T14:55:55","slug":"katana-ninja-gaiden","status":"publish","type":"product","link":"https:\/\/repliquemangacine.fr\/de\/katana-et-epee-de-jeux-video-autre-jeux-video\/katana-ninja-gaiden\/","title":{"rendered":"Katana Ninja Gaiden"},"content":{"rendered":"<h2>Katana Ninja Gaiden: Das legend\u00e4re Schwert von Ryu Hayabusa<\/h2>\n<p>Zun\u00e4chst einmal ist hier die originalgetreue Nachbildung des Katanas von <a href=\"https:\/\/ninjagaiden.fandom.com\/wiki\/Ryu_Hayabusa\" target=\"_blank\" rel=\"noopener noreferrer\">Ryu Hayabusa<\/a>dem ikonischen Helden aus Ninja Gaiden. Dieses Schwert mit dem Namen Dragon Sword verk\u00f6rpert das Erbe eines uralten Ninja-Clans. Mit seinem roten Griff und dem fein gearbeiteten Heft zieht dieses Katana sofort die Blicke der Liebhaber auf sich. In der Welt des Spiels besitzt die Klinge die Seele eines Drachen und offenbart ihre volle Kraft nur den wahren Meistern. Diese Reproduktion f\u00e4ngt das ganze Wesen von Ryus mythischer Waffe ein. Sie richtet sich an Sammler, Fans und Liebhaber japanischer Schwerter. Dank der sorgf\u00e4ltigen Verarbeitung und des einzigartigen Designs ist dieses Katana weit mehr als nur ein dekoratives St\u00fcck. Es ist ein Symbol f\u00fcr Mut und Disziplin.<\/p>\n<h2>Der Stellenwert des Katanas in Ninja Gaiden<\/h2>\n<p>In der Ninja Gaiden-Saga ist das Dragon Sword keine Waffe wie jede andere. Es stellt das Herzst\u00fcck des Gameplays dar und entwickelt sich im Laufe des Abenteuers weiter. Ryu Hayabusa schaltet neue Techniken frei und st\u00e4rkt so die Bindung zwischen dem Spieler und seinem Katana. Jeder ausgef\u00fchrte Schlag wird m\u00e4chtiger und spektakul\u00e4rer. Dieses g\u00f6ttliche Schwert begleitet Ryu in seinen K\u00e4mpfen gegen furchterregende Feinde und furchterregende D\u00e4monen. In der Geschichte ist das Dragon Sword auch ein heiliges Erbe, das innerhalb des Hayabusa-Clans weitergegeben wurde. Es symbolisiert somit die Kontinuit\u00e4t, die Ehre und das Schicksal eines Ninjas. F\u00fcr die Spieler bleibt es die ikonischste Waffe des Franchise. Diese Bedeutung macht die Replik zu einem Muss f\u00fcr jeden Ninja Gaiden-Fan.<\/p>\n<h2>R\u00e9plique Manga Cin\u00e9 und andere Universen<\/h2>\n<p>Bei R\u00e9plique Manga Cin\u00e9 reiht sich dieses Kultschwert in eine gro\u00dfe Sammlung von Repliken ein. Hier finden Sie zahlreiche Waffen, die von Manga-Welten, Videospielen, Filmen und Serien inspiriert sind. Ob Sie sich nun f\u00fcr <a href=\"https:\/\/repliquemangacine.fr\/de\/katana-one-piece\/\" target=\"_blank\" rel=\"noopener noreferrer\">One Piece<\/a>, <a href=\"https:\/\/repliquemangacine.fr\/de\/katana-demon-slayer\/\" target=\"_blank\" rel=\"noopener noreferrer\">Demon Slayer<\/a>, The Witcher oder <a href=\"https:\/\/repliquemangacine.fr\/de\/zelda-schwert\/\" target=\"_blank\" rel=\"noopener noreferrer\">Zelda<\/a>In unserem Shop finden Sie au\u00dfergew\u00f6hnliche St\u00fccke. Jedes Replikat wird aufgrund seiner Qualit\u00e4t und seiner Treue zu den Originalmodellen ausgew\u00e4hlt. Neben Katanas bieten wir auch <a href=\"https:\/\/repliquemangacine.fr\/de\/antike-schwerter\/\" target=\"_blank\" rel=\"noopener noreferrer\">antike Schwerter<\/a>mittelalterliche Schwerter und <a href=\"https:\/\/repliquemangacine.fr\/de\/piratenwaffen\/\" target=\"_blank\" rel=\"noopener noreferrer\">Piratenwaffen<\/a>. Sowohl Sammler als auch Reenactors werden in unserem vielf\u00e4ltigen Katalog f\u00fcndig. \u00dcbrigens erm\u00f6glicht diese Vielfalt jedem Fan, seine Sammlung zu vervollst\u00e4ndigen. Zusammenfassend l\u00e4sst sich also sagen, dass das Katana von Ryu Hayabusa ein unverzichtbares St\u00fcck ist, aber nur der Anfang eines riesigen Universums.<\/p>","protected":false},"excerpt":{"rendered":"<p>Wundersch\u00f6ne Nachbildung des Katanas von Ryu Hayabusa in Ninja Gaiden<\/p>\n<ul>\n<li>Klinge aus 440 stainless Stahl nicht scharf<\/li>\n<li>Fein verzierter Metallb\u00fcgel<\/li>\n<li>Griff aus Rochenhautimitat, \u00fcberzogen mit einem roten Baumwollgeflecht.<\/li>\n<li>Holzscheide mit vergoldeten Metallbeschl\u00e4gen<\/li>\n<li>L\u00e4nge der Klinge: 65 cm - Gesamtl\u00e4nge: 103 cm<\/li>\n<li>Gewicht: 910 g<\/li>\n<\/ul>","protected":false},"featured_media":87980,"template":"","meta":[],"product_brand":[896],"product_cat":[67],"product_tag":[],"class_list":{"0":"post-87979","1":"product","2":"type-product","3":"status-publish","4":"has-post-thumbnail","6":"product_brand-replique-manga-cine","7":"product_cat-katana-et-epee-de-jeux-video-autre-jeux-video","9":"first","10":"instock","11":"taxable","12":"shipping-taxable","13":"purchasable","14":"product-type-simple"},"yoast_head":"<!-- This site is optimized with the Yoast SEO plugin v27.4 - https:\/\/yoast.com\/product\/yoast-seo-wordpress\/ -->\n<title>Katana Ninja Gaiden - R\u00e9plique Manga Cin\u00e9<\/title>\n<meta name=\"description\" content=\"D\u00e9couvrez le Katana Ninja Gaiden, la Dragon Sword de Ryu Hayabusa. Lame et garde en acier. Fourreau bois. Longueur totale: 103 cm. Id\u00e9al Cosplay et fans.\" \/>\n<meta name=\"robots\" content=\"index, follow, max-snippet:-1, max-image-preview:large, max-video-preview:-1\" \/>\n<link rel=\"canonical\" href=\"https:\/\/repliquemangacine.fr\/de\/katana-und-schwert-von-videospielen-andere-videospiele\/katana-ninja-gaiden\/\" \/>\n<meta property=\"og:locale\" content=\"de_DE\" \/>\n<meta property=\"og:type\" content=\"article\" \/>\n<meta property=\"og:title\" content=\"Katana Ninja Gaiden - R\u00e9plique Manga Cin\u00e9\" \/>\n<meta property=\"og:description\" content=\"D\u00e9couvrez le Katana Ninja Gaiden, la Dragon Sword de Ryu Hayabusa. Lame et garde en acier. Fourreau bois. Longueur totale: 103 cm. Id\u00e9al Cosplay et fans.\" \/>\n<meta property=\"og:url\" content=\"https:\/\/repliquemangacine.fr\/de\/katana-und-schwert-von-videospielen-andere-videospiele\/katana-ninja-gaiden\/\" \/>\n<meta property=\"og:site_name\" content=\"R\u00e9plique Manga Cin\u00e9\" \/>\n<meta property=\"article:publisher\" content=\"https:\/\/www.facebook.com\/RepliqueMangaCine\" \/>\n<meta property=\"article:modified_time\" content=\"2026-03-25T14:55:55+00:00\" \/>\n<meta property=\"og:image\" content=\"https:\/\/repliquemangacine.fr\/wp-content\/uploads\/2025\/09\/katana-ninja-gaiden.jpg\" \/>\n\t<meta property=\"og:image:width\" content=\"700\" \/>\n\t<meta property=\"og:image:height\" content=\"700\" \/>\n\t<meta property=\"og:image:type\" content=\"image\/jpeg\" \/>\n<meta name=\"twitter:card\" content=\"summary_large_image\" \/>\n<meta name=\"twitter:label1\" content=\"Gesch\u00e4tzte Lesezeit\" \/>\n\t<meta name=\"twitter:data1\" content=\"3\u00a0Minuten\" \/>\n<script type=\"application\/ld+json\" class=\"yoast-schema-graph\">{\"@context\":\"https:\\\/\\\/schema.org\",\"@graph\":[{\"@type\":\"WebPage\",\"@id\":\"https:\\\/\\\/repliquemangacine.fr\\\/katana-et-epee-de-jeux-video-autre-jeux-video\\\/katana-ninja-gaiden\\\/\",\"url\":\"https:\\\/\\\/repliquemangacine.fr\\\/katana-et-epee-de-jeux-video-autre-jeux-video\\\/katana-ninja-gaiden\\\/\",\"name\":\"Katana Ninja Gaiden - R\u00e9plique Manga Cin\u00e9\",\"isPartOf\":{\"@id\":\"https:\\\/\\\/repliquemangacine.fr\\\/#website\"},\"primaryImageOfPage\":{\"@id\":\"https:\\\/\\\/repliquemangacine.fr\\\/katana-et-epee-de-jeux-video-autre-jeux-video\\\/katana-ninja-gaiden\\\/#primaryimage\"},\"image\":{\"@id\":\"https:\\\/\\\/repliquemangacine.fr\\\/katana-et-epee-de-jeux-video-autre-jeux-video\\\/katana-ninja-gaiden\\\/#primaryimage\"},\"thumbnailUrl\":\"https:\\\/\\\/repliquemangacine.fr\\\/wp-content\\\/uploads\\\/2025\\\/09\\\/katana-ninja-gaiden.jpg\",\"datePublished\":\"2025-09-02T15:33:37+00:00\",\"dateModified\":\"2026-03-25T14:55:55+00:00\",\"description\":\"D\u00e9couvrez le Katana Ninja Gaiden, la Dragon Sword de Ryu Hayabusa. Lame et garde en acier. Fourreau bois. Longueur totale: 103 cm. Id\u00e9al Cosplay et fans.\",\"breadcrumb\":{\"@id\":\"https:\\\/\\\/repliquemangacine.fr\\\/katana-et-epee-de-jeux-video-autre-jeux-video\\\/katana-ninja-gaiden\\\/#breadcrumb\"},\"inLanguage\":\"de\",\"potentialAction\":[{\"@type\":\"ReadAction\",\"target\":[\"https:\\\/\\\/repliquemangacine.fr\\\/katana-et-epee-de-jeux-video-autre-jeux-video\\\/katana-ninja-gaiden\\\/\"]}]},{\"@type\":\"ImageObject\",\"inLanguage\":\"de\",\"@id\":\"https:\\\/\\\/repliquemangacine.fr\\\/katana-et-epee-de-jeux-video-autre-jeux-video\\\/katana-ninja-gaiden\\\/#primaryimage\",\"url\":\"https:\\\/\\\/repliquemangacine.fr\\\/wp-content\\\/uploads\\\/2025\\\/09\\\/katana-ninja-gaiden.jpg\",\"contentUrl\":\"https:\\\/\\\/repliquemangacine.fr\\\/wp-content\\\/uploads\\\/2025\\\/09\\\/katana-ninja-gaiden.jpg\",\"width\":700,\"height\":700,\"caption\":\"Katana Ninja Gaiden\"},{\"@type\":\"BreadcrumbList\",\"@id\":\"https:\\\/\\\/repliquemangacine.fr\\\/katana-et-epee-de-jeux-video-autre-jeux-video\\\/katana-ninja-gaiden\\\/#breadcrumb\",\"itemListElement\":[{\"@type\":\"ListItem\",\"position\":1,\"name\":\"Accueil\",\"item\":\"https:\\\/\\\/repliquemangacine.fr\\\/\"},{\"@type\":\"ListItem\",\"position\":2,\"name\":\"Produits\",\"item\":\"https:\\\/\\\/repliquemangacine.fr\\\/boutique\\\/\"},{\"@type\":\"ListItem\",\"position\":3,\"name\":\"Katana Ninja Gaiden\"}]},{\"@type\":\"WebSite\",\"@id\":\"https:\\\/\\\/repliquemangacine.fr\\\/#website\",\"url\":\"https:\\\/\\\/repliquemangacine.fr\\\/\",\"name\":\"R\u00e9plique Manga Cin\u00e9\",\"description\":\"\",\"publisher\":{\"@id\":\"https:\\\/\\\/repliquemangacine.fr\\\/#organization\"},\"potentialAction\":[{\"@type\":\"SearchAction\",\"target\":{\"@type\":\"EntryPoint\",\"urlTemplate\":\"https:\\\/\\\/repliquemangacine.fr\\\/?s={search_term_string}\"},\"query-input\":{\"@type\":\"PropertyValueSpecification\",\"valueRequired\":true,\"valueName\":\"search_term_string\"}}],\"inLanguage\":\"de\"},{\"@type\":\"Organization\",\"@id\":\"https:\\\/\\\/repliquemangacine.fr\\\/#organization\",\"name\":\"R\u00e9plique Manga Cin\u00e9\",\"url\":\"https:\\\/\\\/repliquemangacine.fr\\\/\",\"logo\":{\"@type\":\"ImageObject\",\"inLanguage\":\"de\",\"@id\":\"https:\\\/\\\/repliquemangacine.fr\\\/#\\\/schema\\\/logo\\\/image\\\/\",\"url\":\"https:\\\/\\\/repliquemangacine.fr\\\/wp-content\\\/uploads\\\/2023\\\/10\\\/RMC-500250.png\",\"contentUrl\":\"https:\\\/\\\/repliquemangacine.fr\\\/wp-content\\\/uploads\\\/2023\\\/10\\\/RMC-500250.png\",\"width\":500,\"height\":250,\"caption\":\"R\u00e9plique Manga Cin\u00e9\"},\"image\":{\"@id\":\"https:\\\/\\\/repliquemangacine.fr\\\/#\\\/schema\\\/logo\\\/image\\\/\"},\"sameAs\":[\"https:\\\/\\\/www.facebook.com\\\/RepliqueMangaCine\",\"https:\\\/\\\/www.instagram.com\\\/repliquemangacine.fr\\\/\"]}]}<\/script>\n<!-- \/ Yoast SEO plugin. -->","yoast_head_json":{"title":"Katana Ninja Gaiden - R\u00e9plique Manga Cin\u00e9","description":"Entdecken Sie das Ninja Gaiden Katana, das Dragon Sword von Ryu Hayabusa. Klinge und Heft aus Stahl. Scheide aus Holz. Gesamtl\u00e4nge: 103 cm. Ideal f\u00fcr Cosplay und Fans.","robots":{"index":"index","follow":"follow","max-snippet":"max-snippet:-1","max-image-preview":"max-image-preview:large","max-video-preview":"max-video-preview:-1"},"canonical":"https:\/\/repliquemangacine.fr\/de\/katana-und-schwert-von-videospielen-andere-videospiele\/katana-ninja-gaiden\/","og_locale":"de_DE","og_type":"article","og_title":"Katana Ninja Gaiden - R\u00e9plique Manga Cin\u00e9","og_description":"D\u00e9couvrez le Katana Ninja Gaiden, la Dragon Sword de Ryu Hayabusa. Lame et garde en acier. Fourreau bois. Longueur totale: 103 cm. Id\u00e9al Cosplay et fans.","og_url":"https:\/\/repliquemangacine.fr\/de\/katana-und-schwert-von-videospielen-andere-videospiele\/katana-ninja-gaiden\/","og_site_name":"R\u00e9plique Manga Cin\u00e9","article_publisher":"https:\/\/www.facebook.com\/RepliqueMangaCine","article_modified_time":"2026-03-25T14:55:55+00:00","og_image":[{"width":700,"height":700,"url":"https:\/\/repliquemangacine.fr\/wp-content\/uploads\/2025\/09\/katana-ninja-gaiden.jpg","type":"image\/jpeg"}],"twitter_card":"summary_large_image","twitter_misc":{"Gesch\u00e4tzte Lesezeit":"3\u00a0Minuten"},"schema":{"@context":"https:\/\/schema.org","@graph":[{"@type":"WebPage","@id":"https:\/\/repliquemangacine.fr\/katana-et-epee-de-jeux-video-autre-jeux-video\/katana-ninja-gaiden\/","url":"https:\/\/repliquemangacine.fr\/katana-et-epee-de-jeux-video-autre-jeux-video\/katana-ninja-gaiden\/","name":"Katana Ninja Gaiden - R\u00e9plique Manga Cin\u00e9","isPartOf":{"@id":"https:\/\/repliquemangacine.fr\/#website"},"primaryImageOfPage":{"@id":"https:\/\/repliquemangacine.fr\/katana-et-epee-de-jeux-video-autre-jeux-video\/katana-ninja-gaiden\/#primaryimage"},"image":{"@id":"https:\/\/repliquemangacine.fr\/katana-et-epee-de-jeux-video-autre-jeux-video\/katana-ninja-gaiden\/#primaryimage"},"thumbnailUrl":"https:\/\/repliquemangacine.fr\/wp-content\/uploads\/2025\/09\/katana-ninja-gaiden.jpg","datePublished":"2025-09-02T15:33:37+00:00","dateModified":"2026-03-25T14:55:55+00:00","description":"Entdecken Sie das Ninja Gaiden Katana, das Dragon Sword von Ryu Hayabusa. Klinge und Heft aus Stahl. Scheide aus Holz. Gesamtl\u00e4nge: 103 cm. Ideal f\u00fcr Cosplay und Fans.","breadcrumb":{"@id":"https:\/\/repliquemangacine.fr\/katana-et-epee-de-jeux-video-autre-jeux-video\/katana-ninja-gaiden\/#breadcrumb"},"inLanguage":"de","potentialAction":[{"@type":"ReadAction","target":["https:\/\/repliquemangacine.fr\/katana-et-epee-de-jeux-video-autre-jeux-video\/katana-ninja-gaiden\/"]}]},{"@type":"ImageObject","inLanguage":"de","@id":"https:\/\/repliquemangacine.fr\/katana-et-epee-de-jeux-video-autre-jeux-video\/katana-ninja-gaiden\/#primaryimage","url":"https:\/\/repliquemangacine.fr\/wp-content\/uploads\/2025\/09\/katana-ninja-gaiden.jpg","contentUrl":"https:\/\/repliquemangacine.fr\/wp-content\/uploads\/2025\/09\/katana-ninja-gaiden.jpg","width":700,"height":700,"caption":"Katana Ninja Gaiden"},{"@type":"BreadcrumbList","@id":"https:\/\/repliquemangacine.fr\/katana-et-epee-de-jeux-video-autre-jeux-video\/katana-ninja-gaiden\/#breadcrumb","itemListElement":[{"@type":"ListItem","position":1,"name":"Accueil","item":"https:\/\/repliquemangacine.fr\/"},{"@type":"ListItem","position":2,"name":"Produits","item":"https:\/\/repliquemangacine.fr\/boutique\/"},{"@type":"ListItem","position":3,"name":"Katana Ninja Gaiden"}]},{"@type":"WebSite","@id":"https:\/\/repliquemangacine.fr\/#website","url":"https:\/\/repliquemangacine.fr\/","name":"R\u00e9plique Manga Cin\u00e9","description":"","publisher":{"@id":"https:\/\/repliquemangacine.fr\/#organization"},"potentialAction":[{"@type":"SearchAction","target":{"@type":"EntryPoint","urlTemplate":"https:\/\/repliquemangacine.fr\/?s={search_term_string}"},"query-input":{"@type":"PropertyValueSpecification","valueRequired":true,"valueName":"search_term_string"}}],"inLanguage":"de"},{"@type":"Organization","@id":"https:\/\/repliquemangacine.fr\/#organization","name":"R\u00e9plique Manga Cin\u00e9","url":"https:\/\/repliquemangacine.fr\/","logo":{"@type":"ImageObject","inLanguage":"de","@id":"https:\/\/repliquemangacine.fr\/#\/schema\/logo\/image\/","url":"https:\/\/repliquemangacine.fr\/wp-content\/uploads\/2023\/10\/RMC-500250.png","contentUrl":"https:\/\/repliquemangacine.fr\/wp-content\/uploads\/2023\/10\/RMC-500250.png","width":500,"height":250,"caption":"R\u00e9plique Manga Cin\u00e9"},"image":{"@id":"https:\/\/repliquemangacine.fr\/#\/schema\/logo\/image\/"},"sameAs":["https:\/\/www.facebook.com\/RepliqueMangaCine","https:\/\/www.instagram.com\/repliquemangacine.fr\/"]}]}},"_links":{"self":[{"href":"https:\/\/repliquemangacine.fr\/de\/wp-json\/wp\/v2\/product\/87979","targetHints":{"allow":["GET"]}}],"collection":[{"href":"https:\/\/repliquemangacine.fr\/de\/wp-json\/wp\/v2\/product"}],"about":[{"href":"https:\/\/repliquemangacine.fr\/de\/wp-json\/wp\/v2\/types\/product"}],"wp:featuredmedia":[{"embeddable":true,"href":"https:\/\/repliquemangacine.fr\/de\/wp-json\/wp\/v2\/media\/87980"}],"wp:attachment":[{"href":"https:\/\/repliquemangacine.fr\/de\/wp-json\/wp\/v2\/media?parent=87979"}],"wp:term":[{"taxonomy":"product_brand","embeddable":true,"href":"https:\/\/repliquemangacine.fr\/de\/wp-json\/wp\/v2\/product_brand?post=87979"},{"taxonomy":"product_cat","embeddable":true,"href":"https:\/\/repliquemangacine.fr\/de\/wp-json\/wp\/v2\/product_cat?post=87979"},{"taxonomy":"product_tag","embeddable":true,"href":"https:\/\/repliquemangacine.fr\/de\/wp-json\/wp\/v2\/product_tag?post=87979"}],"curies":[{"name":"wp","href":"https:\/\/api.w.org\/{rel}","templated":true}]}}