





{"id":87782,"date":"2025-08-26T19:53:41","date_gmt":"2025-08-26T17:53:41","guid":{"rendered":"https:\/\/repliquemangacine.fr\/?post_type=product&#038;p=87782"},"modified":"2026-02-19T11:28:54","modified_gmt":"2026-02-19T10:28:54","slug":"luger-p08-parabellum-nickele","status":"publish","type":"product","link":"https:\/\/repliquemangacine.fr\/de\/reproductions-armes-seconde-guerre-mondiale-denix\/luger-p08-parabellum-nickele\/","title":{"rendered":"Luger P08 Parabellum Vernickelt"},"content":{"rendered":"<h2>Luger P08 Parabellum Nickel: Mythische Waffe und au\u00dfergew\u00f6hnliches Replikat<\/h2>\n<p>Die <strong>Luger P08 Parabellum Vernickelt<\/strong> geh\u00f6rt zu den symboltr\u00e4chtigsten Waffen der Geschichte. Entworfen wurde sie Ende des 19. Jahrhunderts vom deutschen Ingenieur Georg Luger. 1908 wurde sie von der deutschen Kaiserlichen Armee eingef\u00fchrt, daher auch ihre Bezeichnung P08. Dank ihres einzigartigen Verriegelungssystems und ihrer raffinierten \u00c4sthetik ist sie unverkennbar. Sie etablierte sich schnell als gef\u00fcrchtete und prestigetr\u00e4chtige Handfeuerwaffe.<\/p>\n<p>Die von uns angebotene Denix-Replik gibt dieses historische Symbol in einer vernickelten Version originalgetreu wieder. Mit gl\u00e4nzendem Chrom, das jedes Detail hervorhebt. Der massive Metallrahmen, die Griffschalen aus geformtem ABS und der funktionsf\u00e4hige Mechanismus erm\u00f6glichen es, das Gef\u00fchl des Ladens und Schie\u00dfens gefahrlos nachzuempfinden. Ausgestattet mit einem herausnehmbaren Magazin vereint diese 25,5 cm lange und 975 g schwere Reproduktion Realismus und Eleganz und ist frei verk\u00e4uflich, ohne dass eine Genehmigung f\u00fcr Sammler erforderlich ist.<\/p>\n<h2>Die Rolle der Luger P08 w\u00e4hrend des Zweiten Weltkriegs<\/h2>\n<p>W\u00e4hrend des Zweiten Weltkriegs wurde die Luger P08 zu einer der am h\u00e4ufigsten verwendeten Pistolen der deutschen Armee. Obwohl sie ab 1938 nach und nach durch die Walther P38 ersetzt wurde. Sie behielt ein einzigartiges Prestige und wurde weiterhin von vielen deutschen Offizieren getragen. Sie symbolisierte das Prestige und die milit\u00e4rische Macht des Deutschen Reiches. <a href=\"https:\/\/encyclopedia.ushmm.org\/content\/fr\/article\/third-reich-an-overview\" target=\"_blank\" rel=\"noopener noreferrer\">Reich<\/a>.  Seine Pr\u00e4zision, Zuverl\u00e4ssigkeit und sein unverwechselbares Design machten ihn zu einer gef\u00fcrchteten Waffe auf dem Schlachtfeld.<\/p>\n<p>Die Luger P08 war nicht nur eine Waffe, sondern auch eine begehrte Troph\u00e4e f\u00fcr die alliierten Soldaten und Widerstandsk\u00e4mpfer, die sie als prestigetr\u00e4chtige Kriegsbeute betrachteten. Dar\u00fcber hinaus pr\u00e4gten ihre schlanke Silhouette und ihr innovatives mechanisches System nachhaltig die kollektive Vorstellungskraft. Auch heute noch gilt sie als eine der legend\u00e4rsten Pistolen des 20. Jahrhunderts. Dank Denix k\u00f6nnen Sammler und Militaria-Liebhaber mit dieser vernickelten Replik ein St\u00fcck dieser unverzichtbaren Milit\u00e4rgeschichte in die H\u00e4nde bekommen.<\/p>\n<h2>Tauchen Sie mit Denix in das Herz des Zweiten Weltkriegs ein<\/h2>\n<p>Unser R\u00e9plique Manga Cin\u00e9-Shop bietet mehr als das ber\u00fchmte <strong>Luger P08 Parabellum Vernickelt<\/strong>. Wir bieten eine gro\u00dfe Auswahl an Denix-Reproduktionen aus dem Zweiten Weltkrieg an. Im Bereich der deutschen Waffen finden Sie den unumg\u00e4nglichen <a href=\"https:\/\/repliquemangacine.fr\/de\/denix\/maschinengewehr-mp40-sub-machin-gun\/\">MP40<\/a>Diese Maschinenpistole wurde von der Wehrmacht in gro\u00dfem Umfang eingesetzt. Sowie die legend\u00e4re <a href=\"https:\/\/repliquemangacine.fr\/de\/waffenreproduktionen-zweiter-weltkrieg-denix\/mg34-maschinengewehr-34\/\">Maschinengewehr MG34<\/a>, erste moderne automatische Waffe, die von der deutschen Armee in gro\u00dfem Umfang eingef\u00fchrt wurde.<\/p>\n<p>Auf der verb\u00fcndeten Seite bieten wir auch Reproduktionen von ikonischen Waffen wie der <a href=\"https:\/\/repliquemangacine.fr\/de\/waffenreproduktionen-zweiter-weltkrieg-denix\/m1-garand-patina-alt-denix\/\" target=\"_blank\" rel=\"noopener noreferrer\">Gewehr M1 Garand<\/a> in der patinierten und gealterten Version, die von der US-Armee verwendet wurde, oder die automatische Pistole <a href=\"https:\/\/repliquemangacine.fr\/de\/waffenreproduktionen-zweiter-weltkrieg-denix\/automatische-pistole-m1911a1-patiniert-und-gealtert\/\" target=\"_blank\" rel=\"noopener noreferrer\">M1911A1<\/a>in verschiedenen Versionen. Liebhaber der britischen Milit\u00e4rgeschichte werden das <a href=\"https:\/\/repliquemangacine.fr\/de\/waffenreproduktionen-zweiter-weltkrieg-denix\/lee-enfield-smle-mark-iii-englisches-gewehr\/\" target=\"_blank\" rel=\"noopener noreferrer\">Lee-Enfield SMLE Mark III Gewehr<\/a>, die Hauptwaffe der britischen Streitkr\u00e4fte. Jedes Denix-Replikat vereint eine beeindruckende Liebe zum Detail mit einer beispielhaften Fertigungsqualit\u00e4t. Wir bieten Ihnen eine sehr gro\u00dfe Auswahl an Militaria-Repliken. Sammler k\u00f6nnen so in die Geschichte des 20. Jahrhunderts eintauchen.<\/p>","protected":false},"excerpt":{"rendered":"<p>Wundersch\u00f6ne Reproduktion der Luger P08 Parabellum Pistole vernickelte Version von Denix<\/p>\n<ul>\n<li>Metallkarkasse, gl\u00e4nzend verchromt<\/li>\n<li>Schaftkappen aus geformtem ABS<\/li>\n<li>Simulierender funktionaler Mechanismus f\u00fcr Laden und Schie\u00dfen<\/li>\n<li>Abnehmbares Ladeger\u00e4t<\/li>\n<li>Unterliegt keiner Genehmigungspflicht. Verkauf und Besitz frei.<\/li>\n<li>Gesamtl\u00e4nge: 25.5 cm - Gewicht: 975 gr<\/li>\n<\/ul>","protected":false},"featured_media":87783,"template":"","meta":[],"product_brand":[896],"product_cat":[102,54,40,76],"product_tag":[],"class_list":{"0":"post-87782","1":"product","2":"type-product","3":"status-publish","4":"has-post-thumbnail","6":"product_brand-replique-manga-cine","7":"product_cat-denix","8":"product_cat-armes-accessoires-guerre-mondiale","9":"product_cat-pistolet-moderne","10":"product_cat-reproductions-armes-seconde-guerre-mondiale-denix","12":"first","13":"instock","14":"taxable","15":"shipping-taxable","16":"purchasable","17":"product-type-simple"},"yoast_head":"<!-- This site is optimized with the Yoast SEO plugin v27.4 - https:\/\/yoast.com\/product\/yoast-seo-wordpress\/ -->\n<title>Luger P08 Parabellum Nickel\u00e9 - R\u00e9plique Manga Cin\u00e9<\/title>\n<meta name=\"description\" content=\"R\u00e9plique du Luger P08 Parabellum Nickel\u00e9. Arme allemande mythique, chrome brillant, m\u00e9canisme fonctionnel. Collection militaire Seconde Guerre mondiale.\" \/>\n<meta name=\"robots\" content=\"index, follow, max-snippet:-1, max-image-preview:large, max-video-preview:-1\" \/>\n<link rel=\"canonical\" href=\"https:\/\/repliquemangacine.fr\/de\/waffenreproduktionen-zweiter-weltkrieg-denix\/luger-p08-parabellum-nickele\/\" \/>\n<meta property=\"og:locale\" content=\"de_DE\" \/>\n<meta property=\"og:type\" content=\"article\" \/>\n<meta property=\"og:title\" content=\"Luger P08 Parabellum Nickel\u00e9 - R\u00e9plique Manga Cin\u00e9\" \/>\n<meta property=\"og:description\" content=\"R\u00e9plique du Luger P08 Parabellum Nickel\u00e9. Arme allemande mythique, chrome brillant, m\u00e9canisme fonctionnel. Collection militaire Seconde Guerre mondiale.\" \/>\n<meta property=\"og:url\" content=\"https:\/\/repliquemangacine.fr\/de\/waffenreproduktionen-zweiter-weltkrieg-denix\/luger-p08-parabellum-nickele\/\" \/>\n<meta property=\"og:site_name\" content=\"R\u00e9plique Manga Cin\u00e9\" \/>\n<meta property=\"article:publisher\" content=\"https:\/\/www.facebook.com\/RepliqueMangaCine\" \/>\n<meta property=\"article:modified_time\" content=\"2026-02-19T10:28:54+00:00\" \/>\n<meta property=\"og:image\" content=\"https:\/\/repliquemangacine.fr\/wp-content\/uploads\/2025\/08\/Luger-P08-Parabellum-Nickele-Denix.jpg\" \/>\n\t<meta property=\"og:image:width\" content=\"700\" \/>\n\t<meta property=\"og:image:height\" content=\"700\" \/>\n\t<meta property=\"og:image:type\" content=\"image\/jpeg\" \/>\n<meta name=\"twitter:card\" content=\"summary_large_image\" \/>\n<meta name=\"twitter:label1\" content=\"Gesch\u00e4tzte Lesezeit\" \/>\n\t<meta name=\"twitter:data1\" content=\"3\u00a0Minuten\" \/>\n<script type=\"application\/ld+json\" class=\"yoast-schema-graph\">{\"@context\":\"https:\\\/\\\/schema.org\",\"@graph\":[{\"@type\":\"WebPage\",\"@id\":\"https:\\\/\\\/repliquemangacine.fr\\\/reproductions-armes-seconde-guerre-mondiale-denix\\\/luger-p08-parabellum-nickele\\\/\",\"url\":\"https:\\\/\\\/repliquemangacine.fr\\\/reproductions-armes-seconde-guerre-mondiale-denix\\\/luger-p08-parabellum-nickele\\\/\",\"name\":\"Luger P08 Parabellum Nickel\u00e9 - R\u00e9plique Manga Cin\u00e9\",\"isPartOf\":{\"@id\":\"https:\\\/\\\/repliquemangacine.fr\\\/#website\"},\"primaryImageOfPage\":{\"@id\":\"https:\\\/\\\/repliquemangacine.fr\\\/reproductions-armes-seconde-guerre-mondiale-denix\\\/luger-p08-parabellum-nickele\\\/#primaryimage\"},\"image\":{\"@id\":\"https:\\\/\\\/repliquemangacine.fr\\\/reproductions-armes-seconde-guerre-mondiale-denix\\\/luger-p08-parabellum-nickele\\\/#primaryimage\"},\"thumbnailUrl\":\"https:\\\/\\\/repliquemangacine.fr\\\/wp-content\\\/uploads\\\/2025\\\/08\\\/Luger-P08-Parabellum-Nickele-Denix.jpg\",\"datePublished\":\"2025-08-26T17:53:41+00:00\",\"dateModified\":\"2026-02-19T10:28:54+00:00\",\"description\":\"R\u00e9plique du Luger P08 Parabellum Nickel\u00e9. Arme allemande mythique, chrome brillant, m\u00e9canisme fonctionnel. Collection militaire Seconde Guerre mondiale.\",\"breadcrumb\":{\"@id\":\"https:\\\/\\\/repliquemangacine.fr\\\/reproductions-armes-seconde-guerre-mondiale-denix\\\/luger-p08-parabellum-nickele\\\/#breadcrumb\"},\"inLanguage\":\"de\",\"potentialAction\":[{\"@type\":\"ReadAction\",\"target\":[\"https:\\\/\\\/repliquemangacine.fr\\\/reproductions-armes-seconde-guerre-mondiale-denix\\\/luger-p08-parabellum-nickele\\\/\"]}]},{\"@type\":\"ImageObject\",\"inLanguage\":\"de\",\"@id\":\"https:\\\/\\\/repliquemangacine.fr\\\/reproductions-armes-seconde-guerre-mondiale-denix\\\/luger-p08-parabellum-nickele\\\/#primaryimage\",\"url\":\"https:\\\/\\\/repliquemangacine.fr\\\/wp-content\\\/uploads\\\/2025\\\/08\\\/Luger-P08-Parabellum-Nickele-Denix.jpg\",\"contentUrl\":\"https:\\\/\\\/repliquemangacine.fr\\\/wp-content\\\/uploads\\\/2025\\\/08\\\/Luger-P08-Parabellum-Nickele-Denix.jpg\",\"width\":700,\"height\":700,\"caption\":\"Luger P08 Parabellum Nickel\u00e9 Denix\"},{\"@type\":\"BreadcrumbList\",\"@id\":\"https:\\\/\\\/repliquemangacine.fr\\\/reproductions-armes-seconde-guerre-mondiale-denix\\\/luger-p08-parabellum-nickele\\\/#breadcrumb\",\"itemListElement\":[{\"@type\":\"ListItem\",\"position\":1,\"name\":\"Accueil\",\"item\":\"https:\\\/\\\/repliquemangacine.fr\\\/\"},{\"@type\":\"ListItem\",\"position\":2,\"name\":\"Produits\",\"item\":\"https:\\\/\\\/repliquemangacine.fr\\\/boutique\\\/\"},{\"@type\":\"ListItem\",\"position\":3,\"name\":\"Luger P08 Parabellum Nickel\u00e9\"}]},{\"@type\":\"WebSite\",\"@id\":\"https:\\\/\\\/repliquemangacine.fr\\\/#website\",\"url\":\"https:\\\/\\\/repliquemangacine.fr\\\/\",\"name\":\"R\u00e9plique Manga Cin\u00e9\",\"description\":\"\",\"publisher\":{\"@id\":\"https:\\\/\\\/repliquemangacine.fr\\\/#organization\"},\"potentialAction\":[{\"@type\":\"SearchAction\",\"target\":{\"@type\":\"EntryPoint\",\"urlTemplate\":\"https:\\\/\\\/repliquemangacine.fr\\\/?s={search_term_string}\"},\"query-input\":{\"@type\":\"PropertyValueSpecification\",\"valueRequired\":true,\"valueName\":\"search_term_string\"}}],\"inLanguage\":\"de\"},{\"@type\":\"Organization\",\"@id\":\"https:\\\/\\\/repliquemangacine.fr\\\/#organization\",\"name\":\"R\u00e9plique Manga Cin\u00e9\",\"url\":\"https:\\\/\\\/repliquemangacine.fr\\\/\",\"logo\":{\"@type\":\"ImageObject\",\"inLanguage\":\"de\",\"@id\":\"https:\\\/\\\/repliquemangacine.fr\\\/#\\\/schema\\\/logo\\\/image\\\/\",\"url\":\"https:\\\/\\\/repliquemangacine.fr\\\/wp-content\\\/uploads\\\/2023\\\/10\\\/RMC-500250.png\",\"contentUrl\":\"https:\\\/\\\/repliquemangacine.fr\\\/wp-content\\\/uploads\\\/2023\\\/10\\\/RMC-500250.png\",\"width\":500,\"height\":250,\"caption\":\"R\u00e9plique Manga Cin\u00e9\"},\"image\":{\"@id\":\"https:\\\/\\\/repliquemangacine.fr\\\/#\\\/schema\\\/logo\\\/image\\\/\"},\"sameAs\":[\"https:\\\/\\\/www.facebook.com\\\/RepliqueMangaCine\",\"https:\\\/\\\/www.instagram.com\\\/repliquemangacine.fr\\\/\"]}]}<\/script>\n<!-- \/ Yoast SEO plugin. -->","yoast_head_json":{"title":"Luger P08 Parabellum Nickel - R\u00e9plique Manga Cin\u00e9","description":"Replik der Luger P08 Parabellum vernickelt. Mythische deutsche Waffe, gl\u00e4nzend verchromt, funktionaler Mechanismus. Milit\u00e4rische Sammlung Zweiter Weltkrieg.","robots":{"index":"index","follow":"follow","max-snippet":"max-snippet:-1","max-image-preview":"max-image-preview:large","max-video-preview":"max-video-preview:-1"},"canonical":"https:\/\/repliquemangacine.fr\/de\/waffenreproduktionen-zweiter-weltkrieg-denix\/luger-p08-parabellum-nickele\/","og_locale":"de_DE","og_type":"article","og_title":"Luger P08 Parabellum Nickel\u00e9 - R\u00e9plique Manga Cin\u00e9","og_description":"R\u00e9plique du Luger P08 Parabellum Nickel\u00e9. Arme allemande mythique, chrome brillant, m\u00e9canisme fonctionnel. Collection militaire Seconde Guerre mondiale.","og_url":"https:\/\/repliquemangacine.fr\/de\/waffenreproduktionen-zweiter-weltkrieg-denix\/luger-p08-parabellum-nickele\/","og_site_name":"R\u00e9plique Manga Cin\u00e9","article_publisher":"https:\/\/www.facebook.com\/RepliqueMangaCine","article_modified_time":"2026-02-19T10:28:54+00:00","og_image":[{"width":700,"height":700,"url":"https:\/\/repliquemangacine.fr\/wp-content\/uploads\/2025\/08\/Luger-P08-Parabellum-Nickele-Denix.jpg","type":"image\/jpeg"}],"twitter_card":"summary_large_image","twitter_misc":{"Gesch\u00e4tzte Lesezeit":"3\u00a0Minuten"},"schema":{"@context":"https:\/\/schema.org","@graph":[{"@type":"WebPage","@id":"https:\/\/repliquemangacine.fr\/reproductions-armes-seconde-guerre-mondiale-denix\/luger-p08-parabellum-nickele\/","url":"https:\/\/repliquemangacine.fr\/reproductions-armes-seconde-guerre-mondiale-denix\/luger-p08-parabellum-nickele\/","name":"Luger P08 Parabellum Nickel - R\u00e9plique Manga Cin\u00e9","isPartOf":{"@id":"https:\/\/repliquemangacine.fr\/#website"},"primaryImageOfPage":{"@id":"https:\/\/repliquemangacine.fr\/reproductions-armes-seconde-guerre-mondiale-denix\/luger-p08-parabellum-nickele\/#primaryimage"},"image":{"@id":"https:\/\/repliquemangacine.fr\/reproductions-armes-seconde-guerre-mondiale-denix\/luger-p08-parabellum-nickele\/#primaryimage"},"thumbnailUrl":"https:\/\/repliquemangacine.fr\/wp-content\/uploads\/2025\/08\/Luger-P08-Parabellum-Nickele-Denix.jpg","datePublished":"2025-08-26T17:53:41+00:00","dateModified":"2026-02-19T10:28:54+00:00","description":"Replik der Luger P08 Parabellum vernickelt. Mythische deutsche Waffe, gl\u00e4nzend verchromt, funktionaler Mechanismus. Milit\u00e4rische Sammlung Zweiter Weltkrieg.","breadcrumb":{"@id":"https:\/\/repliquemangacine.fr\/reproductions-armes-seconde-guerre-mondiale-denix\/luger-p08-parabellum-nickele\/#breadcrumb"},"inLanguage":"de","potentialAction":[{"@type":"ReadAction","target":["https:\/\/repliquemangacine.fr\/reproductions-armes-seconde-guerre-mondiale-denix\/luger-p08-parabellum-nickele\/"]}]},{"@type":"ImageObject","inLanguage":"de","@id":"https:\/\/repliquemangacine.fr\/reproductions-armes-seconde-guerre-mondiale-denix\/luger-p08-parabellum-nickele\/#primaryimage","url":"https:\/\/repliquemangacine.fr\/wp-content\/uploads\/2025\/08\/Luger-P08-Parabellum-Nickele-Denix.jpg","contentUrl":"https:\/\/repliquemangacine.fr\/wp-content\/uploads\/2025\/08\/Luger-P08-Parabellum-Nickele-Denix.jpg","width":700,"height":700,"caption":"Luger P08 Parabellum Nickel\u00e9 Denix"},{"@type":"BreadcrumbList","@id":"https:\/\/repliquemangacine.fr\/reproductions-armes-seconde-guerre-mondiale-denix\/luger-p08-parabellum-nickele\/#breadcrumb","itemListElement":[{"@type":"ListItem","position":1,"name":"Accueil","item":"https:\/\/repliquemangacine.fr\/"},{"@type":"ListItem","position":2,"name":"Produits","item":"https:\/\/repliquemangacine.fr\/boutique\/"},{"@type":"ListItem","position":3,"name":"Luger P08 Parabellum Nickel\u00e9"}]},{"@type":"WebSite","@id":"https:\/\/repliquemangacine.fr\/#website","url":"https:\/\/repliquemangacine.fr\/","name":"R\u00e9plique Manga Cin\u00e9","description":"","publisher":{"@id":"https:\/\/repliquemangacine.fr\/#organization"},"potentialAction":[{"@type":"SearchAction","target":{"@type":"EntryPoint","urlTemplate":"https:\/\/repliquemangacine.fr\/?s={search_term_string}"},"query-input":{"@type":"PropertyValueSpecification","valueRequired":true,"valueName":"search_term_string"}}],"inLanguage":"de"},{"@type":"Organization","@id":"https:\/\/repliquemangacine.fr\/#organization","name":"R\u00e9plique Manga Cin\u00e9","url":"https:\/\/repliquemangacine.fr\/","logo":{"@type":"ImageObject","inLanguage":"de","@id":"https:\/\/repliquemangacine.fr\/#\/schema\/logo\/image\/","url":"https:\/\/repliquemangacine.fr\/wp-content\/uploads\/2023\/10\/RMC-500250.png","contentUrl":"https:\/\/repliquemangacine.fr\/wp-content\/uploads\/2023\/10\/RMC-500250.png","width":500,"height":250,"caption":"R\u00e9plique Manga Cin\u00e9"},"image":{"@id":"https:\/\/repliquemangacine.fr\/#\/schema\/logo\/image\/"},"sameAs":["https:\/\/www.facebook.com\/RepliqueMangaCine","https:\/\/www.instagram.com\/repliquemangacine.fr\/"]}]}},"_links":{"self":[{"href":"https:\/\/repliquemangacine.fr\/de\/wp-json\/wp\/v2\/product\/87782","targetHints":{"allow":["GET"]}}],"collection":[{"href":"https:\/\/repliquemangacine.fr\/de\/wp-json\/wp\/v2\/product"}],"about":[{"href":"https:\/\/repliquemangacine.fr\/de\/wp-json\/wp\/v2\/types\/product"}],"wp:featuredmedia":[{"embeddable":true,"href":"https:\/\/repliquemangacine.fr\/de\/wp-json\/wp\/v2\/media\/87783"}],"wp:attachment":[{"href":"https:\/\/repliquemangacine.fr\/de\/wp-json\/wp\/v2\/media?parent=87782"}],"wp:term":[{"taxonomy":"product_brand","embeddable":true,"href":"https:\/\/repliquemangacine.fr\/de\/wp-json\/wp\/v2\/product_brand?post=87782"},{"taxonomy":"product_cat","embeddable":true,"href":"https:\/\/repliquemangacine.fr\/de\/wp-json\/wp\/v2\/product_cat?post=87782"},{"taxonomy":"product_tag","embeddable":true,"href":"https:\/\/repliquemangacine.fr\/de\/wp-json\/wp\/v2\/product_tag?post=87782"}],"curies":[{"name":"wp","href":"https:\/\/api.w.org\/{rel}","templated":true}]}}