





{"id":87240,"date":"2025-08-10T16:02:50","date_gmt":"2025-08-10T14:02:50","guid":{"rendered":"https:\/\/repliquemangacine.fr\/?post_type=product&#038;p=87240"},"modified":"2025-11-12T23:25:21","modified_gmt":"2025-11-12T22:25:21","slug":"elbisches-schwert-thranduil-the-hobbit-elbisches-schwert","status":"publish","type":"product","link":"https:\/\/repliquemangacine.fr\/de\/epees-the-hobbit\/epee-elfique-thranduil-the-hobbit-sabre-elfique\/","title":{"rendered":"Elbisches Schwert Thranduil - Der Hobbit"},"content":{"rendered":"<h2>Elbisches Schwert Thranduil: Ein au\u00dfergew\u00f6hnliches Replikat<\/h2>\n<p>Zun\u00e4chst einmal verk\u00f6rpert das Elfen-Schwert Thranduil perfekt die Eleganz und Kraft dieses charismatischen Herrschers. Es besticht sofort durch sein raffiniertes Design und seine hochwertige Verarbeitung. Diese Waffe wurde im rein elfenhaften Stil geschmiedet und zeichnet sich durch ihre Klinge aus rostfreiem Stahl aus. Sie ist mit feinen, von Bl\u00e4ttern inspirierten Motiven graviert, die die tiefe Verbindung zwischen den Elfen und der Natur widerspiegeln. Auf der Oberseite verst\u00e4rkt ein speziell geformter ABS-Einsatz sein einzigartiges Aussehen. Der Griff aus geformtem ABS, verziert mit eleganten Dekorationen, sorgt f\u00fcr einen komfortablen Halt und unterstreicht gleichzeitig die allgemeine \u00c4sthetik.<\/p>\n<p>Jedes Detail spiegelt die Handwerkskunst der Elfen wider. Im Lieferumfang enthalten ist eine verzierte Wandhalterung aus Holz, ideal, um diese symboltr\u00e4chtige Waffe stolz in Ihrem Zuhause zu pr\u00e4sentieren. Als Replik begeistert dieses Schwert sowohl Sammler als auch Fans des Tolkien-Universums. Es wird schnell zu einem Blickfang, den man stolz in seinem Zuhause, B\u00fcro oder einem Raum, der der Fantasy gewidmet ist, pr\u00e4sentieren kann.<\/p>\n<h2>Die ikonische Waffe von K\u00f6nig Thranduil aus \"Der Hobbit\".<\/h2>\n<p>Zun\u00e4chst einmal ist Thranduil Gr\u00fcnbl\u00e4tter ein Sindar-Elb, K\u00f6nig des Waldreichs und Vater von Legolas. Er ist der Sohn von Oropher, dem ersten K\u00f6nig der Elben des Schwarzen Waldes im Zweiten Zeitalter. An seiner Seite nimmt er 3434 im Zweiten Zeitalter an der Schlacht von Dagorlad teil. Oropher kommt dabei ums Leben, wodurch Thranduil zum neuen K\u00f6nig der Elben von Gr\u00fcnwald der Gro\u00dfe wird.<\/p>\n<p>In der Trilogie \u201eDer Hobbit\u201c schwingt K\u00f6nig Thranduil dieses Schwert mit verbl\u00fcffender Leichtigkeit und besiegt seine Feinde mit einer Kombination aus Schnelligkeit und Pr\u00e4zision. Dar\u00fcber hinaus spiegelt sein schlichtes, aber detailreiches Design die perfekte Balance zwischen Anmut und T\u00f6dlichkeit wider. Als Symbol f\u00fcr Macht und Adel verk\u00f6rpert es die Autorit\u00e4t und Raffinesse des Herrschers der Elfen des Schwarzen Waldes. Sein schlankes Design und seine filigranen Gravuren erinnern an das Erbe und die Tradition der Elfenkrieger. <br class=\"yoast-text-mark\" \/>Zusammenfassend l\u00e4sst sich sagen, dass der Besitz dieses Replikas nicht nur einen bedeutenden Moment in der Welt von <a href=\"https:\/\/lotr.fandom.com\/fr\/wiki\/J._R._R._Tolkien\" target=\"_blank\" rel=\"noopener noreferrer\">Tolkien<\/a>Der Film ist eine Hommage an einen der charismatischsten Charaktere der Saga.<\/p>\n<h2>Andere Elfenwaffen, die auf R\u00e9plique Manga Cin\u00e9 erh\u00e4ltlich sind<\/h2>\n<p>Bei R\u00e9plique Manga Cin\u00e9 wird die Magie von Mittelerde durch unsere einzigartige Sammlung elfischer und legend\u00e4rer Waffen zum Leben erweckt. Entdecken Sie neben dem eleganten Schwert von Thranduil auch die <a href=\"https:\/\/repliquemangacine.fr\/de\/schwerter-the-hobbit\/dolche-tauriel-the-hobbit\/\" target=\"_blank\" rel=\"noopener noreferrer\">Dolche von Tauriel<\/a>Sie sind schnell und scharf wie ein Blitz. Es gibt auch die beeindruckende<a href=\"https:\/\/repliquemangacine.fr\/de\/schwerter-the-hobbit\/orcrist-schwert-thorin-schwert\/\" target=\"_blank\" rel=\"noopener noreferrer\"> Thorins Schwert Orcrist<\/a> im einzigartigen Zwergenstil. Sie finden auch den<a href=\"https:\/\/repliquemangacine.fr\/de\/schwerter-the-hobbit\/kilis-schwert-the-hobbit\/\" target=\"_blank\" rel=\"noopener noreferrer\">Kili-Schwert<\/a> und die<a href=\"https:\/\/repliquemangacine.fr\/de\/schwerter-the-hobbit\/schwert-von-bard-dem-hobbit\/\" target=\"_blank\" rel=\"noopener noreferrer\">Bards Schwert<\/a>, die beide voller Geschichte und Mut sind.<\/p>\n<p>Jede Replik zeichnet sich durch sorgf\u00e4ltige Verarbeitung, von der Natur inspirierte Gravuren und hochwertige Materialien aus. Sie bieten jedem Sammler ein Objekt, das den gr\u00f6\u00dften Legenden w\u00fcrdig ist. Dank ihrer perfekten Ausgewogenheit und ihren anmutigen Linien sind diese Waffen nicht nur dekorativ: Sie verk\u00f6rpern das Erbe, das Handwerk und die St\u00e4rke der Helden von Mittelerde.<\/p>","protected":false},"excerpt":{"rendered":"<p>Wundersch\u00f6ne Replik des elbischen Schwertes Thranduil aus der Hobbit-Trilogie<\/p>\n<ul>\n<li>Klinge aus 440er Stahl stainless stell mit \u00c4tzungen<\/li>\n<li>Auf der Oberseite der Klinge, speziell geformter ABS-Einsatz<\/li>\n<li>Griff aus gegossenem ABS, verziert mit goldenen Gravuren.<\/li>\n<li>Wird mit einem St\u00e4nder aus verziertem Holz geliefert.<\/li>\n<li>L\u00e4nge der Klinge: 75.5 cm - Gesamtl\u00e4nge: 100 cm<\/li>\n<\/ul>","protected":false},"featured_media":87245,"template":"","meta":[],"product_brand":[896],"product_cat":[69,35],"product_tag":[],"class_list":{"0":"post-87240","1":"product","2":"type-product","3":"status-publish","4":"has-post-thumbnail","6":"product_brand-replique-manga-cine","7":"product_cat-epees-the-hobbit","8":"product_cat-epee-et-bijoux-the-hobbit","10":"first","11":"instock","12":"taxable","13":"shipping-taxable","14":"purchasable","15":"product-type-simple"},"yoast_head":"<!-- This site is optimized with the Yoast SEO plugin v27.4 - https:\/\/yoast.com\/product\/yoast-seo-wordpress\/ -->\n<title>\u00c9p\u00e9e Elfique Thranduil \u2013 The Hobbit - R\u00e9plique Manga Cin\u00e9<\/title>\n<meta name=\"description\" content=\"\u00c9p\u00e9e Elfique Thranduil verion luxe en acier grav\u00e9, inspir\u00e9e de The Hobbit. \u00c9l\u00e9gance elfique, d\u00e9tails soign\u00e9s et support mural d\u00e9cor\u00e9 inclus.\" \/>\n<meta name=\"robots\" content=\"index, follow, max-snippet:-1, max-image-preview:large, max-video-preview:-1\" \/>\n<link rel=\"canonical\" href=\"https:\/\/repliquemangacine.fr\/de\/schwerter-the-hobbit\/elbisches-schwert-thranduil-the-hobbit-elbisches-schwert\/\" \/>\n<meta property=\"og:locale\" content=\"de_DE\" \/>\n<meta property=\"og:type\" content=\"article\" \/>\n<meta property=\"og:title\" content=\"\u00c9p\u00e9e Elfique Thranduil \u2013 The Hobbit - R\u00e9plique Manga Cin\u00e9\" \/>\n<meta property=\"og:description\" content=\"\u00c9p\u00e9e Elfique Thranduil verion luxe en acier grav\u00e9, inspir\u00e9e de The Hobbit. \u00c9l\u00e9gance elfique, d\u00e9tails soign\u00e9s et support mural d\u00e9cor\u00e9 inclus.\" \/>\n<meta property=\"og:url\" content=\"https:\/\/repliquemangacine.fr\/de\/schwerter-the-hobbit\/elbisches-schwert-thranduil-the-hobbit-elbisches-schwert\/\" \/>\n<meta property=\"og:site_name\" content=\"R\u00e9plique Manga Cin\u00e9\" \/>\n<meta property=\"article:publisher\" content=\"https:\/\/www.facebook.com\/RepliqueMangaCine\" \/>\n<meta property=\"article:modified_time\" content=\"2025-11-12T22:25:21+00:00\" \/>\n<meta property=\"og:image\" content=\"https:\/\/repliquemangacine.fr\/wp-content\/uploads\/2025\/08\/Epee-Elfe-Thranduil.jpg\" \/>\n\t<meta property=\"og:image:width\" content=\"700\" \/>\n\t<meta property=\"og:image:height\" content=\"700\" \/>\n\t<meta property=\"og:image:type\" content=\"image\/jpeg\" \/>\n<meta name=\"twitter:card\" content=\"summary_large_image\" \/>\n<meta name=\"twitter:label1\" content=\"Gesch\u00e4tzte Lesezeit\" \/>\n\t<meta name=\"twitter:data1\" content=\"3\u00a0Minuten\" \/>\n<script type=\"application\/ld+json\" class=\"yoast-schema-graph\">{\"@context\":\"https:\\\/\\\/schema.org\",\"@graph\":[{\"@type\":\"WebPage\",\"@id\":\"https:\\\/\\\/repliquemangacine.fr\\\/epees-the-hobbit\\\/epee-elfique-thranduil-the-hobbit-sabre-elfique\\\/\",\"url\":\"https:\\\/\\\/repliquemangacine.fr\\\/epees-the-hobbit\\\/epee-elfique-thranduil-the-hobbit-sabre-elfique\\\/\",\"name\":\"\u00c9p\u00e9e Elfique Thranduil \u2013 The Hobbit - R\u00e9plique Manga Cin\u00e9\",\"isPartOf\":{\"@id\":\"https:\\\/\\\/repliquemangacine.fr\\\/#website\"},\"primaryImageOfPage\":{\"@id\":\"https:\\\/\\\/repliquemangacine.fr\\\/epees-the-hobbit\\\/epee-elfique-thranduil-the-hobbit-sabre-elfique\\\/#primaryimage\"},\"image\":{\"@id\":\"https:\\\/\\\/repliquemangacine.fr\\\/epees-the-hobbit\\\/epee-elfique-thranduil-the-hobbit-sabre-elfique\\\/#primaryimage\"},\"thumbnailUrl\":\"https:\\\/\\\/repliquemangacine.fr\\\/wp-content\\\/uploads\\\/2025\\\/08\\\/Epee-Elfe-Thranduil.jpg\",\"datePublished\":\"2025-08-10T14:02:50+00:00\",\"dateModified\":\"2025-11-12T22:25:21+00:00\",\"description\":\"\u00c9p\u00e9e Elfique Thranduil verion luxe en acier grav\u00e9, inspir\u00e9e de The Hobbit. \u00c9l\u00e9gance elfique, d\u00e9tails soign\u00e9s et support mural d\u00e9cor\u00e9 inclus.\",\"breadcrumb\":{\"@id\":\"https:\\\/\\\/repliquemangacine.fr\\\/epees-the-hobbit\\\/epee-elfique-thranduil-the-hobbit-sabre-elfique\\\/#breadcrumb\"},\"inLanguage\":\"de\",\"potentialAction\":[{\"@type\":\"ReadAction\",\"target\":[\"https:\\\/\\\/repliquemangacine.fr\\\/epees-the-hobbit\\\/epee-elfique-thranduil-the-hobbit-sabre-elfique\\\/\"]}]},{\"@type\":\"ImageObject\",\"inLanguage\":\"de\",\"@id\":\"https:\\\/\\\/repliquemangacine.fr\\\/epees-the-hobbit\\\/epee-elfique-thranduil-the-hobbit-sabre-elfique\\\/#primaryimage\",\"url\":\"https:\\\/\\\/repliquemangacine.fr\\\/wp-content\\\/uploads\\\/2025\\\/08\\\/Epee-Elfe-Thranduil.jpg\",\"contentUrl\":\"https:\\\/\\\/repliquemangacine.fr\\\/wp-content\\\/uploads\\\/2025\\\/08\\\/Epee-Elfe-Thranduil.jpg\",\"width\":700,\"height\":700,\"caption\":\"\u00c9p\u00e9e Elfique Thranduil-The Hobbit\"},{\"@type\":\"BreadcrumbList\",\"@id\":\"https:\\\/\\\/repliquemangacine.fr\\\/epees-the-hobbit\\\/epee-elfique-thranduil-the-hobbit-sabre-elfique\\\/#breadcrumb\",\"itemListElement\":[{\"@type\":\"ListItem\",\"position\":1,\"name\":\"Accueil\",\"item\":\"https:\\\/\\\/repliquemangacine.fr\\\/\"},{\"@type\":\"ListItem\",\"position\":2,\"name\":\"Produits\",\"item\":\"https:\\\/\\\/repliquemangacine.fr\\\/boutique\\\/\"},{\"@type\":\"ListItem\",\"position\":3,\"name\":\"\u00c9p\u00e9e Elfique Thranduil \u2013 The Hobbit\"}]},{\"@type\":\"WebSite\",\"@id\":\"https:\\\/\\\/repliquemangacine.fr\\\/#website\",\"url\":\"https:\\\/\\\/repliquemangacine.fr\\\/\",\"name\":\"R\u00e9plique Manga Cin\u00e9\",\"description\":\"\",\"publisher\":{\"@id\":\"https:\\\/\\\/repliquemangacine.fr\\\/#organization\"},\"potentialAction\":[{\"@type\":\"SearchAction\",\"target\":{\"@type\":\"EntryPoint\",\"urlTemplate\":\"https:\\\/\\\/repliquemangacine.fr\\\/?s={search_term_string}\"},\"query-input\":{\"@type\":\"PropertyValueSpecification\",\"valueRequired\":true,\"valueName\":\"search_term_string\"}}],\"inLanguage\":\"de\"},{\"@type\":\"Organization\",\"@id\":\"https:\\\/\\\/repliquemangacine.fr\\\/#organization\",\"name\":\"R\u00e9plique Manga Cin\u00e9\",\"url\":\"https:\\\/\\\/repliquemangacine.fr\\\/\",\"logo\":{\"@type\":\"ImageObject\",\"inLanguage\":\"de\",\"@id\":\"https:\\\/\\\/repliquemangacine.fr\\\/#\\\/schema\\\/logo\\\/image\\\/\",\"url\":\"https:\\\/\\\/repliquemangacine.fr\\\/wp-content\\\/uploads\\\/2023\\\/10\\\/RMC-500250.png\",\"contentUrl\":\"https:\\\/\\\/repliquemangacine.fr\\\/wp-content\\\/uploads\\\/2023\\\/10\\\/RMC-500250.png\",\"width\":500,\"height\":250,\"caption\":\"R\u00e9plique Manga Cin\u00e9\"},\"image\":{\"@id\":\"https:\\\/\\\/repliquemangacine.fr\\\/#\\\/schema\\\/logo\\\/image\\\/\"},\"sameAs\":[\"https:\\\/\\\/www.facebook.com\\\/RepliqueMangaCine\",\"https:\\\/\\\/www.instagram.com\\\/repliquemangacine.fr\\\/\"]}]}<\/script>\n<!-- \/ Yoast SEO plugin. -->","yoast_head_json":{"title":"Elbisches Schwert Thranduil - Der Hobbit - R\u00e9plique Manga Cin\u00e9","description":"Elbisches Schwert Thranduil verion luxe aus graviertem Stahl, inspiriert von \"Der Hobbit\". Elfische Eleganz, liebevolle Details und eine verzierte Wandhalterung sind im Lieferumfang enthalten.","robots":{"index":"index","follow":"follow","max-snippet":"max-snippet:-1","max-image-preview":"max-image-preview:large","max-video-preview":"max-video-preview:-1"},"canonical":"https:\/\/repliquemangacine.fr\/de\/schwerter-the-hobbit\/elbisches-schwert-thranduil-the-hobbit-elbisches-schwert\/","og_locale":"de_DE","og_type":"article","og_title":"\u00c9p\u00e9e Elfique Thranduil \u2013 The Hobbit - R\u00e9plique Manga Cin\u00e9","og_description":"\u00c9p\u00e9e Elfique Thranduil verion luxe en acier grav\u00e9, inspir\u00e9e de The Hobbit. \u00c9l\u00e9gance elfique, d\u00e9tails soign\u00e9s et support mural d\u00e9cor\u00e9 inclus.","og_url":"https:\/\/repliquemangacine.fr\/de\/schwerter-the-hobbit\/elbisches-schwert-thranduil-the-hobbit-elbisches-schwert\/","og_site_name":"R\u00e9plique Manga Cin\u00e9","article_publisher":"https:\/\/www.facebook.com\/RepliqueMangaCine","article_modified_time":"2025-11-12T22:25:21+00:00","og_image":[{"width":700,"height":700,"url":"https:\/\/repliquemangacine.fr\/wp-content\/uploads\/2025\/08\/Epee-Elfe-Thranduil.jpg","type":"image\/jpeg"}],"twitter_card":"summary_large_image","twitter_misc":{"Gesch\u00e4tzte Lesezeit":"3\u00a0Minuten"},"schema":{"@context":"https:\/\/schema.org","@graph":[{"@type":"WebPage","@id":"https:\/\/repliquemangacine.fr\/epees-the-hobbit\/epee-elfique-thranduil-the-hobbit-sabre-elfique\/","url":"https:\/\/repliquemangacine.fr\/epees-the-hobbit\/epee-elfique-thranduil-the-hobbit-sabre-elfique\/","name":"Elbisches Schwert Thranduil - Der Hobbit - R\u00e9plique Manga Cin\u00e9","isPartOf":{"@id":"https:\/\/repliquemangacine.fr\/#website"},"primaryImageOfPage":{"@id":"https:\/\/repliquemangacine.fr\/epees-the-hobbit\/epee-elfique-thranduil-the-hobbit-sabre-elfique\/#primaryimage"},"image":{"@id":"https:\/\/repliquemangacine.fr\/epees-the-hobbit\/epee-elfique-thranduil-the-hobbit-sabre-elfique\/#primaryimage"},"thumbnailUrl":"https:\/\/repliquemangacine.fr\/wp-content\/uploads\/2025\/08\/Epee-Elfe-Thranduil.jpg","datePublished":"2025-08-10T14:02:50+00:00","dateModified":"2025-11-12T22:25:21+00:00","description":"Elbisches Schwert Thranduil verion luxe aus graviertem Stahl, inspiriert von \"Der Hobbit\". Elfische Eleganz, liebevolle Details und eine verzierte Wandhalterung sind im Lieferumfang enthalten.","breadcrumb":{"@id":"https:\/\/repliquemangacine.fr\/epees-the-hobbit\/epee-elfique-thranduil-the-hobbit-sabre-elfique\/#breadcrumb"},"inLanguage":"de","potentialAction":[{"@type":"ReadAction","target":["https:\/\/repliquemangacine.fr\/epees-the-hobbit\/epee-elfique-thranduil-the-hobbit-sabre-elfique\/"]}]},{"@type":"ImageObject","inLanguage":"de","@id":"https:\/\/repliquemangacine.fr\/epees-the-hobbit\/epee-elfique-thranduil-the-hobbit-sabre-elfique\/#primaryimage","url":"https:\/\/repliquemangacine.fr\/wp-content\/uploads\/2025\/08\/Epee-Elfe-Thranduil.jpg","contentUrl":"https:\/\/repliquemangacine.fr\/wp-content\/uploads\/2025\/08\/Epee-Elfe-Thranduil.jpg","width":700,"height":700,"caption":"\u00c9p\u00e9e Elfique Thranduil-The Hobbit"},{"@type":"BreadcrumbList","@id":"https:\/\/repliquemangacine.fr\/epees-the-hobbit\/epee-elfique-thranduil-the-hobbit-sabre-elfique\/#breadcrumb","itemListElement":[{"@type":"ListItem","position":1,"name":"Accueil","item":"https:\/\/repliquemangacine.fr\/"},{"@type":"ListItem","position":2,"name":"Produits","item":"https:\/\/repliquemangacine.fr\/boutique\/"},{"@type":"ListItem","position":3,"name":"\u00c9p\u00e9e Elfique Thranduil \u2013 The Hobbit"}]},{"@type":"WebSite","@id":"https:\/\/repliquemangacine.fr\/#website","url":"https:\/\/repliquemangacine.fr\/","name":"R\u00e9plique Manga Cin\u00e9","description":"","publisher":{"@id":"https:\/\/repliquemangacine.fr\/#organization"},"potentialAction":[{"@type":"SearchAction","target":{"@type":"EntryPoint","urlTemplate":"https:\/\/repliquemangacine.fr\/?s={search_term_string}"},"query-input":{"@type":"PropertyValueSpecification","valueRequired":true,"valueName":"search_term_string"}}],"inLanguage":"de"},{"@type":"Organization","@id":"https:\/\/repliquemangacine.fr\/#organization","name":"R\u00e9plique Manga Cin\u00e9","url":"https:\/\/repliquemangacine.fr\/","logo":{"@type":"ImageObject","inLanguage":"de","@id":"https:\/\/repliquemangacine.fr\/#\/schema\/logo\/image\/","url":"https:\/\/repliquemangacine.fr\/wp-content\/uploads\/2023\/10\/RMC-500250.png","contentUrl":"https:\/\/repliquemangacine.fr\/wp-content\/uploads\/2023\/10\/RMC-500250.png","width":500,"height":250,"caption":"R\u00e9plique Manga Cin\u00e9"},"image":{"@id":"https:\/\/repliquemangacine.fr\/#\/schema\/logo\/image\/"},"sameAs":["https:\/\/www.facebook.com\/RepliqueMangaCine","https:\/\/www.instagram.com\/repliquemangacine.fr\/"]}]}},"_links":{"self":[{"href":"https:\/\/repliquemangacine.fr\/de\/wp-json\/wp\/v2\/product\/87240","targetHints":{"allow":["GET"]}}],"collection":[{"href":"https:\/\/repliquemangacine.fr\/de\/wp-json\/wp\/v2\/product"}],"about":[{"href":"https:\/\/repliquemangacine.fr\/de\/wp-json\/wp\/v2\/types\/product"}],"wp:featuredmedia":[{"embeddable":true,"href":"https:\/\/repliquemangacine.fr\/de\/wp-json\/wp\/v2\/media\/87245"}],"wp:attachment":[{"href":"https:\/\/repliquemangacine.fr\/de\/wp-json\/wp\/v2\/media?parent=87240"}],"wp:term":[{"taxonomy":"product_brand","embeddable":true,"href":"https:\/\/repliquemangacine.fr\/de\/wp-json\/wp\/v2\/product_brand?post=87240"},{"taxonomy":"product_cat","embeddable":true,"href":"https:\/\/repliquemangacine.fr\/de\/wp-json\/wp\/v2\/product_cat?post=87240"},{"taxonomy":"product_tag","embeddable":true,"href":"https:\/\/repliquemangacine.fr\/de\/wp-json\/wp\/v2\/product_tag?post=87240"}],"curies":[{"name":"wp","href":"https:\/\/api.w.org\/{rel}","templated":true}]}}