





{"id":87219,"date":"2025-08-09T16:21:19","date_gmt":"2025-08-09T14:21:19","guid":{"rendered":"https:\/\/repliquemangacine.fr\/?post_type=product&#038;p=87219"},"modified":"2026-02-19T11:26:55","modified_gmt":"2026-02-19T10:26:55","slug":"schwurschwert-elden-ring","status":"publish","type":"product","link":"https:\/\/repliquemangacine.fr\/de\/elden-ring\/epee-de-serment-elden-ring\/","title":{"rendered":"Eidschwert Elden Ring"},"content":{"rendered":"<h2><strong>Elden Ring-Schwert des Schwurs- Legend\u00e4re Klinge\u00a0<\/strong><\/h2>\n<p>Zun\u00e4chst einmal verk\u00f6rpert das Elden Ring Eidschwert perfekt die Ehre und Loyalit\u00e4t eines treuen Ritters. Es ist vom mittelalterlichen Stil inspiriert und reich verziert. Sie verf\u00fcgt \u00fcber einen fein ziselierten, vergoldeten Schutzb\u00fcgel. Eine Klinge mit eleganten \u00c4tzmustern sowie eine Scheide aus braunem Kunstleder sorgen f\u00fcr einen prestigetr\u00e4chtigen Tragekomfort. Dank ihres Designs, das der Spielwelt des Elden Ring treu bleibt, spricht diese Replik sowohl passionierte Sammler als auch Fans des epischen Abenteuers an. Sie wird schnell zum Kernst\u00fcck einer Sammlung, die Fantasy-Waffen gewidmet ist.<\/p>\n<h2>Ein au\u00dfergew\u00f6hnliches Objekt f\u00fcr Sammler und Liebhaber<\/h2>\n<p>Dieses Eidschwert ist n\u00e4mlich mehr als nur eine einfache Dekoration. Es erz\u00e4hlt eine Geschichte: die Geschichte der Ritter, die in <a href=\"https:\/\/eldenring.fandom.com\/fr\/wiki\/Elden_Ring_Wiki\" target=\"_blank\" rel=\"noopener noreferrer\">Elden Ring<\/a>Die Menschen, die in dieser Welt leben, schw\u00f6ren ihrem Eid die Treue und verteidigen ihre Ehre bis zum letzten Atemzug. Dank ihrer hochwertigen Verarbeitung und authentischen Details eignet sie sich hervorragend zur Versch\u00f6nerung einer Inneneinrichtung. Vervollst\u00e4ndigen Sie ein Cosplay oder bereichern Sie eine mittelalterlich-phantastische Sammlung. So bietet sie jedem Bewunderer die M\u00f6glichkeit, ein m\u00e4chtiges Symbol f\u00fcr Mut und Loyalit\u00e4t zu besitzen, das direkt aus der dunklen und fesselnden Welt von FromSoftware stammt.<\/p>\n<h2>Entdecken Sie unsere anderen unverzichtbaren Waffen aus Elden Ring<\/h2>\n<p>Dar\u00fcber hinaus bieten wir auf R\u00e9plique Manga Cin\u00e9 eine gro\u00dfe Auswahl an ikonischen Elden-Ring-Waffen an, um Ihre Sammlung zu erweitern. Dazu geh\u00f6rt auch die au\u00dfergew\u00f6hnliche <a href=\"https:\/\/repliquemangacine.fr\/de\/elden-ring\/dark-moon-greatsword-metal-elden-ring\/\" target=\"_blank\" rel=\"noopener noreferrer\">Dark Moon Greatsword<\/a> besticht durch seine blaue, mit floralen Gravuren verzierte Klinge, die die ganze Magie und Kraft dieses legend\u00e4ren Spiels widerspiegelt. Au\u00dferdem finden Sie das beeindruckende <a href=\"https:\/\/repliquemangacine.fr\/de\/elden-ring\/schwert-bloodhound-fang-elden-ring\/\" target=\"_blank\" rel=\"noopener noreferrer\">Schwert Bloodhound Fang<\/a>. Mit seiner geschwungenen Klinge aus hochwertigem Stahl. Sublimiert durch einen bronzefarbenen Hammerschlag-Effekt, der ihm einen einzigartigen Stil verleiht. F\u00fcr Liebhaber von Katanas ist das majest\u00e4tische <a href=\"https:\/\/repliquemangacine.fr\/de\/elden-ring\/katana-moonveil-in-elden-ring\/\" target=\"_blank\" rel=\"noopener noreferrer\">Katana Moonveil<\/a> bleibt dank seiner sorgf\u00e4ltigen Verarbeitung und seines inspirierenden Designs eine unumg\u00e4ngliche Wahl. Und schlie\u00dflich werden Liebhaber intensiver K\u00e4mpfe den gef\u00fcrchteten <a href=\"https:\/\/repliquemangacine.fr\/de\/katana-und-schwert-von-videospielen-andere-videospiele\/katana-blutiger-riviere\/\" target=\"_blank\" rel=\"noopener noreferrer\">Katana Blutiger Fluss<\/a>. Erkennbar an der wellenf\u00f6rmigen Klinge, die perfekt geeignet ist, um die epischen Auseinandersetzungen im Spiel nachzustellen. So wird jedes St\u00fcck zu mehr als nur einer Nachbildung: Es ist ein echtes Eintauchen in die Welt von Elden Ring.<\/p>","protected":false},"excerpt":{"rendered":"<p>Wundersch\u00f6nes Replikat, das vom Spiel Elden Ring inspiriert wurde.<\/p>\n<ul>\n<li>Reich verzierte Klinge aus 440er Stahl<\/li>\n<li>Fein vergoldeter Stahlb\u00fcgel und -knauf<\/li>\n<li>Griff mit braunem Kunstleder \u00fcberzogen<\/li>\n<li>Wird mit einer Scheide aus Kunstleder geliefert<\/li>\n<li>L\u00e4nge der Klinge: 72 cm - Gesamtl\u00e4nge: 96.5 cm<\/li>\n<li>Gewicht: 1220 gr<\/li>\n<\/ul>","protected":false},"featured_media":87221,"template":"","meta":[],"product_brand":[896],"product_cat":[876,84],"product_tag":[],"class_list":{"0":"post-87219","1":"product","2":"type-product","3":"status-publish","4":"has-post-thumbnail","6":"product_brand-replique-manga-cine","7":"product_cat-elden-ring","8":"product_cat-epee-templier-medievale","10":"first","11":"instock","12":"taxable","13":"shipping-taxable","14":"purchasable","15":"product-type-simple"},"yoast_head":"<!-- This site is optimized with the Yoast SEO plugin v27.5 - https:\/\/yoast.com\/product\/yoast-seo-wordpress\/ -->\n<title>\u00c9p\u00e9e de serment Elden Ring - R\u00e9plique Manga Cin\u00e9<\/title>\n<meta name=\"description\" content=\"\u00c9p\u00e9e de serment Elden Ring avec lame grav\u00e9e, garde dor\u00e9e et fourreau marron. Une r\u00e9plique d\u2019exception pour fans et collectionneurs passionn\u00e9s.\" \/>\n<meta name=\"robots\" content=\"index, follow, max-snippet:-1, max-image-preview:large, max-video-preview:-1\" \/>\n<link rel=\"canonical\" href=\"https:\/\/repliquemangacine.fr\/de\/elden-ring\/schwurschwert-elden-ring\/\" \/>\n<meta property=\"og:locale\" content=\"de_DE\" \/>\n<meta property=\"og:type\" content=\"article\" \/>\n<meta property=\"og:title\" content=\"\u00c9p\u00e9e de serment Elden Ring - R\u00e9plique Manga Cin\u00e9\" \/>\n<meta property=\"og:description\" content=\"\u00c9p\u00e9e de serment Elden Ring avec lame grav\u00e9e, garde dor\u00e9e et fourreau marron. Une r\u00e9plique d\u2019exception pour fans et collectionneurs passionn\u00e9s.\" \/>\n<meta property=\"og:url\" content=\"https:\/\/repliquemangacine.fr\/de\/elden-ring\/schwurschwert-elden-ring\/\" \/>\n<meta property=\"og:site_name\" content=\"R\u00e9plique Manga Cin\u00e9\" \/>\n<meta property=\"article:publisher\" content=\"https:\/\/www.facebook.com\/RepliqueMangaCine\" \/>\n<meta property=\"article:modified_time\" content=\"2026-02-19T10:26:55+00:00\" \/>\n<meta property=\"og:image\" content=\"https:\/\/repliquemangacine.fr\/wp-content\/uploads\/2025\/08\/Epee-de-serment-Elden-Ring.jpg\" \/>\n\t<meta property=\"og:image:width\" content=\"700\" \/>\n\t<meta property=\"og:image:height\" content=\"700\" \/>\n\t<meta property=\"og:image:type\" content=\"image\/jpeg\" \/>\n<meta name=\"twitter:card\" content=\"summary_large_image\" \/>\n<meta name=\"twitter:label1\" content=\"Gesch\u00e4tzte Lesezeit\" \/>\n\t<meta name=\"twitter:data1\" content=\"2\u00a0Minuten\" \/>\n<script type=\"application\/ld+json\" class=\"yoast-schema-graph\">{\"@context\":\"https:\\\/\\\/schema.org\",\"@graph\":[{\"@type\":\"WebPage\",\"@id\":\"https:\\\/\\\/repliquemangacine.fr\\\/elden-ring\\\/epee-de-serment-elden-ring\\\/\",\"url\":\"https:\\\/\\\/repliquemangacine.fr\\\/elden-ring\\\/epee-de-serment-elden-ring\\\/\",\"name\":\"\u00c9p\u00e9e de serment Elden Ring - R\u00e9plique Manga Cin\u00e9\",\"isPartOf\":{\"@id\":\"https:\\\/\\\/repliquemangacine.fr\\\/#website\"},\"primaryImageOfPage\":{\"@id\":\"https:\\\/\\\/repliquemangacine.fr\\\/elden-ring\\\/epee-de-serment-elden-ring\\\/#primaryimage\"},\"image\":{\"@id\":\"https:\\\/\\\/repliquemangacine.fr\\\/elden-ring\\\/epee-de-serment-elden-ring\\\/#primaryimage\"},\"thumbnailUrl\":\"https:\\\/\\\/repliquemangacine.fr\\\/wp-content\\\/uploads\\\/2025\\\/08\\\/Epee-de-serment-Elden-Ring.jpg\",\"datePublished\":\"2025-08-09T14:21:19+00:00\",\"dateModified\":\"2026-02-19T10:26:55+00:00\",\"description\":\"\u00c9p\u00e9e de serment Elden Ring avec lame grav\u00e9e, garde dor\u00e9e et fourreau marron. Une r\u00e9plique d\u2019exception pour fans et collectionneurs passionn\u00e9s.\",\"breadcrumb\":{\"@id\":\"https:\\\/\\\/repliquemangacine.fr\\\/elden-ring\\\/epee-de-serment-elden-ring\\\/#breadcrumb\"},\"inLanguage\":\"de\",\"potentialAction\":[{\"@type\":\"ReadAction\",\"target\":[\"https:\\\/\\\/repliquemangacine.fr\\\/elden-ring\\\/epee-de-serment-elden-ring\\\/\"]}]},{\"@type\":\"ImageObject\",\"inLanguage\":\"de\",\"@id\":\"https:\\\/\\\/repliquemangacine.fr\\\/elden-ring\\\/epee-de-serment-elden-ring\\\/#primaryimage\",\"url\":\"https:\\\/\\\/repliquemangacine.fr\\\/wp-content\\\/uploads\\\/2025\\\/08\\\/Epee-de-serment-Elden-Ring.jpg\",\"contentUrl\":\"https:\\\/\\\/repliquemangacine.fr\\\/wp-content\\\/uploads\\\/2025\\\/08\\\/Epee-de-serment-Elden-Ring.jpg\",\"width\":700,\"height\":700,\"caption\":\"\u00c9p\u00e9e de serment Elden Ring\"},{\"@type\":\"BreadcrumbList\",\"@id\":\"https:\\\/\\\/repliquemangacine.fr\\\/elden-ring\\\/epee-de-serment-elden-ring\\\/#breadcrumb\",\"itemListElement\":[{\"@type\":\"ListItem\",\"position\":1,\"name\":\"Accueil\",\"item\":\"https:\\\/\\\/repliquemangacine.fr\\\/\"},{\"@type\":\"ListItem\",\"position\":2,\"name\":\"Produits\",\"item\":\"https:\\\/\\\/repliquemangacine.fr\\\/boutique\\\/\"},{\"@type\":\"ListItem\",\"position\":3,\"name\":\"\u00c9p\u00e9e de serment Elden Ring\"}]},{\"@type\":\"WebSite\",\"@id\":\"https:\\\/\\\/repliquemangacine.fr\\\/#website\",\"url\":\"https:\\\/\\\/repliquemangacine.fr\\\/\",\"name\":\"R\u00e9plique Manga Cin\u00e9\",\"description\":\"\",\"publisher\":{\"@id\":\"https:\\\/\\\/repliquemangacine.fr\\\/#organization\"},\"potentialAction\":[{\"@type\":\"SearchAction\",\"target\":{\"@type\":\"EntryPoint\",\"urlTemplate\":\"https:\\\/\\\/repliquemangacine.fr\\\/?s={search_term_string}\"},\"query-input\":{\"@type\":\"PropertyValueSpecification\",\"valueRequired\":true,\"valueName\":\"search_term_string\"}}],\"inLanguage\":\"de\"},{\"@type\":\"Organization\",\"@id\":\"https:\\\/\\\/repliquemangacine.fr\\\/#organization\",\"name\":\"R\u00e9plique Manga Cin\u00e9\",\"url\":\"https:\\\/\\\/repliquemangacine.fr\\\/\",\"logo\":{\"@type\":\"ImageObject\",\"inLanguage\":\"de\",\"@id\":\"https:\\\/\\\/repliquemangacine.fr\\\/#\\\/schema\\\/logo\\\/image\\\/\",\"url\":\"https:\\\/\\\/repliquemangacine.fr\\\/wp-content\\\/uploads\\\/2023\\\/10\\\/RMC-500250.png\",\"contentUrl\":\"https:\\\/\\\/repliquemangacine.fr\\\/wp-content\\\/uploads\\\/2023\\\/10\\\/RMC-500250.png\",\"width\":500,\"height\":250,\"caption\":\"R\u00e9plique Manga Cin\u00e9\"},\"image\":{\"@id\":\"https:\\\/\\\/repliquemangacine.fr\\\/#\\\/schema\\\/logo\\\/image\\\/\"},\"sameAs\":[\"https:\\\/\\\/www.facebook.com\\\/RepliqueMangaCine\",\"https:\\\/\\\/www.instagram.com\\\/repliquemangacine.fr\\\/\"]}]}<\/script>\n<!-- \/ Yoast SEO plugin. -->","yoast_head_json":{"title":"Elden Ring Eidschwert - R\u00e9plique Manga Cin\u00e9","description":"Elden Ring Eid-Schwert mit ge\u00e4tzter Klinge, vergoldetem Schutz und brauner Scheide. Eine au\u00dfergew\u00f6hnliche Replik f\u00fcr Fans und leidenschaftliche Sammler.","robots":{"index":"index","follow":"follow","max-snippet":"max-snippet:-1","max-image-preview":"max-image-preview:large","max-video-preview":"max-video-preview:-1"},"canonical":"https:\/\/repliquemangacine.fr\/de\/elden-ring\/schwurschwert-elden-ring\/","og_locale":"de_DE","og_type":"article","og_title":"\u00c9p\u00e9e de serment Elden Ring - R\u00e9plique Manga Cin\u00e9","og_description":"\u00c9p\u00e9e de serment Elden Ring avec lame grav\u00e9e, garde dor\u00e9e et fourreau marron. Une r\u00e9plique d\u2019exception pour fans et collectionneurs passionn\u00e9s.","og_url":"https:\/\/repliquemangacine.fr\/de\/elden-ring\/schwurschwert-elden-ring\/","og_site_name":"R\u00e9plique Manga Cin\u00e9","article_publisher":"https:\/\/www.facebook.com\/RepliqueMangaCine","article_modified_time":"2026-02-19T10:26:55+00:00","og_image":[{"width":700,"height":700,"url":"https:\/\/repliquemangacine.fr\/wp-content\/uploads\/2025\/08\/Epee-de-serment-Elden-Ring.jpg","type":"image\/jpeg"}],"twitter_card":"summary_large_image","twitter_misc":{"Gesch\u00e4tzte Lesezeit":"2\u00a0Minuten"},"schema":{"@context":"https:\/\/schema.org","@graph":[{"@type":"WebPage","@id":"https:\/\/repliquemangacine.fr\/elden-ring\/epee-de-serment-elden-ring\/","url":"https:\/\/repliquemangacine.fr\/elden-ring\/epee-de-serment-elden-ring\/","name":"Elden Ring Eidschwert - R\u00e9plique Manga Cin\u00e9","isPartOf":{"@id":"https:\/\/repliquemangacine.fr\/#website"},"primaryImageOfPage":{"@id":"https:\/\/repliquemangacine.fr\/elden-ring\/epee-de-serment-elden-ring\/#primaryimage"},"image":{"@id":"https:\/\/repliquemangacine.fr\/elden-ring\/epee-de-serment-elden-ring\/#primaryimage"},"thumbnailUrl":"https:\/\/repliquemangacine.fr\/wp-content\/uploads\/2025\/08\/Epee-de-serment-Elden-Ring.jpg","datePublished":"2025-08-09T14:21:19+00:00","dateModified":"2026-02-19T10:26:55+00:00","description":"Elden Ring Eid-Schwert mit ge\u00e4tzter Klinge, vergoldetem Schutz und brauner Scheide. Eine au\u00dfergew\u00f6hnliche Replik f\u00fcr Fans und leidenschaftliche Sammler.","breadcrumb":{"@id":"https:\/\/repliquemangacine.fr\/elden-ring\/epee-de-serment-elden-ring\/#breadcrumb"},"inLanguage":"de","potentialAction":[{"@type":"ReadAction","target":["https:\/\/repliquemangacine.fr\/elden-ring\/epee-de-serment-elden-ring\/"]}]},{"@type":"ImageObject","inLanguage":"de","@id":"https:\/\/repliquemangacine.fr\/elden-ring\/epee-de-serment-elden-ring\/#primaryimage","url":"https:\/\/repliquemangacine.fr\/wp-content\/uploads\/2025\/08\/Epee-de-serment-Elden-Ring.jpg","contentUrl":"https:\/\/repliquemangacine.fr\/wp-content\/uploads\/2025\/08\/Epee-de-serment-Elden-Ring.jpg","width":700,"height":700,"caption":"\u00c9p\u00e9e de serment Elden Ring"},{"@type":"BreadcrumbList","@id":"https:\/\/repliquemangacine.fr\/elden-ring\/epee-de-serment-elden-ring\/#breadcrumb","itemListElement":[{"@type":"ListItem","position":1,"name":"Accueil","item":"https:\/\/repliquemangacine.fr\/"},{"@type":"ListItem","position":2,"name":"Produits","item":"https:\/\/repliquemangacine.fr\/boutique\/"},{"@type":"ListItem","position":3,"name":"\u00c9p\u00e9e de serment Elden Ring"}]},{"@type":"WebSite","@id":"https:\/\/repliquemangacine.fr\/#website","url":"https:\/\/repliquemangacine.fr\/","name":"R\u00e9plique Manga Cin\u00e9","description":"","publisher":{"@id":"https:\/\/repliquemangacine.fr\/#organization"},"potentialAction":[{"@type":"SearchAction","target":{"@type":"EntryPoint","urlTemplate":"https:\/\/repliquemangacine.fr\/?s={search_term_string}"},"query-input":{"@type":"PropertyValueSpecification","valueRequired":true,"valueName":"search_term_string"}}],"inLanguage":"de"},{"@type":"Organization","@id":"https:\/\/repliquemangacine.fr\/#organization","name":"R\u00e9plique Manga Cin\u00e9","url":"https:\/\/repliquemangacine.fr\/","logo":{"@type":"ImageObject","inLanguage":"de","@id":"https:\/\/repliquemangacine.fr\/#\/schema\/logo\/image\/","url":"https:\/\/repliquemangacine.fr\/wp-content\/uploads\/2023\/10\/RMC-500250.png","contentUrl":"https:\/\/repliquemangacine.fr\/wp-content\/uploads\/2023\/10\/RMC-500250.png","width":500,"height":250,"caption":"R\u00e9plique Manga Cin\u00e9"},"image":{"@id":"https:\/\/repliquemangacine.fr\/#\/schema\/logo\/image\/"},"sameAs":["https:\/\/www.facebook.com\/RepliqueMangaCine","https:\/\/www.instagram.com\/repliquemangacine.fr\/"]}]}},"_links":{"self":[{"href":"https:\/\/repliquemangacine.fr\/de\/wp-json\/wp\/v2\/product\/87219","targetHints":{"allow":["GET"]}}],"collection":[{"href":"https:\/\/repliquemangacine.fr\/de\/wp-json\/wp\/v2\/product"}],"about":[{"href":"https:\/\/repliquemangacine.fr\/de\/wp-json\/wp\/v2\/types\/product"}],"wp:featuredmedia":[{"embeddable":true,"href":"https:\/\/repliquemangacine.fr\/de\/wp-json\/wp\/v2\/media\/87221"}],"wp:attachment":[{"href":"https:\/\/repliquemangacine.fr\/de\/wp-json\/wp\/v2\/media?parent=87219"}],"wp:term":[{"taxonomy":"product_brand","embeddable":true,"href":"https:\/\/repliquemangacine.fr\/de\/wp-json\/wp\/v2\/product_brand?post=87219"},{"taxonomy":"product_cat","embeddable":true,"href":"https:\/\/repliquemangacine.fr\/de\/wp-json\/wp\/v2\/product_cat?post=87219"},{"taxonomy":"product_tag","embeddable":true,"href":"https:\/\/repliquemangacine.fr\/de\/wp-json\/wp\/v2\/product_tag?post=87219"}],"curies":[{"name":"wp","href":"https:\/\/api.w.org\/{rel}","templated":true}]}}