





{"id":87123,"date":"2025-08-05T15:31:21","date_gmt":"2025-08-05T13:31:21","guid":{"rendered":"https:\/\/repliquemangacine.fr\/?post_type=product&#038;p=87123"},"modified":"2025-11-12T23:31:05","modified_gmt":"2025-11-12T22:31:05","slug":"taktisches-messer-sck-rot","status":"publish","type":"product","link":"https:\/\/repliquemangacine.fr\/de\/coutellerie\/couteau-tactique-sck-rouge\/","title":{"rendered":"Taktisches Messer SCK rot"},"content":{"rendered":"<h2>Merkmale des roten taktischen SCK-Messers und seines einzigartigen Stils<\/h2>\n<p>Dieses rote SCK-Taktikmesser besticht durch sein kraftvolles Design, das von der Welt der Spezialeinheiten und extremen Action inspiriert ist.<br \/>\nDie schwarze Klinge mit Halbverzahnung vereint pr\u00e4zises Schneiden und Funktionalit\u00e4t und ist ideal f\u00fcr den t\u00e4glichen Gebrauch oder in Notf\u00e4llen.<br \/>\nDer strukturierte schwarze Griff, verst\u00e4rkt durch einen roten Metalleinsatz, sorgt f\u00fcr einen festen und rutschfesten Halt.<br \/>\nDank seines Schnell\u00f6ffnungssystems l\u00e4sst sich das Messer mit einer Hand bedienen und ist somit ein reaktionsschneller Begleiter.<br \/>\nDar\u00fcber hinaus verf\u00fcgt es \u00fcber einen Glasbrecher und einen Gurtschneider, die sich perfekt f\u00fcr Notf\u00e4lle oder \u00dcberlebenssituationen eignen.<br \/>\nDieses Modell wird Liebhabern von taktischer Ausr\u00fcstung, Fans von Videospielen oder milit\u00e4rischen Helden in Actionfilmen gefallen.<br \/>\nZusammenfassend l\u00e4sst sich sagen, dass das SCK-Messer Stil, Robustheit und Effizienz in einem kompakten und ausgesprochen aggressiven Format vereint.<br \/>\nKompakt, zuverl\u00e4ssig und stilvoll, f\u00fcgt er sich perfekt in eine Sammlung oder als Ausr\u00fcstung ein. <a href=\"https:\/\/fr.wiktionary.org\/wiki\/EDC\" target=\"_blank\" rel=\"noopener noreferrer\">EDC<\/a> von Land.<\/p>\n<h2>Warum sollten Sie sich f\u00fcr das rote SCK Tactical Knife entscheiden? Eine strategische und stilvolle Wahl<\/h2>\n<p>Das rote SCK-Messer ist kein Gadget, sondern ein ernstzunehmendes Werkzeug, das f\u00fcr vielf\u00e4ltige konkrete Situationen konzipiert wurde.<br \/>\nDank seiner funktionalen Vielseitigkeit (Gurtschneider, Glasbrecher, Kombiklinge) ist er ein unverzichtbarer Begleiter im Rucksack oder im Auto.<br \/>\nIm Gegensatz zu anderen Modellen besticht sein durchdachtes Design durch seine Optik und gew\u00e4hrleistet gleichzeitig eine hervorragende Ergonomie bei der Handhabung.<br \/>\nDie unterst\u00fctzte \u00d6ffnung garantiert maximale Reaktionsf\u00e4higkeit, ein entscheidendes Detail, wenn jede Sekunde z\u00e4hlt.<br \/>\nDar\u00fcber hinaus richtet es sich sowohl an Survival-Enthusiasten als auch an Fans von taktischer Ausr\u00fcstung mit markantem Design.<br \/>\nDas metallische Rot des Griffs unterstreicht seine Wirkung, die sowohl modern als auch einsch\u00fcchternd ist.<br \/>\nSomit ist dieses SCK-Messer sowohl ein n\u00fctzliches Werkzeug als auch ein \u00e4u\u00dferst stilvolles Sammlerst\u00fcck.<br \/>\nMachen Sie den Unterschied mit einem Teil, das Design, Effizienz und ein ausgezeichnetes Preis-Leistungs-Verh\u00e4ltnis vereint.<\/p>\n<h2>Entdecken Sie RepliqueMangaCine: mehr als nur Messer, eine Welt voller Leidenschaft<\/h2>\n<p>Bei <strong>ReplicaMangaCine<\/strong>, Wir verkaufen nicht nur Messer, sondern auch Sammlerst\u00fccke, die eine Geschichte erz\u00e4hlen.<br \/>\nUnser Katalog reicht von Katanas, die von One Piece, Demon Slayer oder Bleach inspiriert sind, bis hin zu Schwertern aus Kultfilmen wie Gladiator.<br \/>\nNeben Waffen bietet unser Shop auch<a href=\"https:\/\/repliquemangacine.fr\/de\/goodies\/\" target=\"_blank\" rel=\"noopener noreferrer\"> goodies<\/a>, Schl\u00fcsselanh\u00e4nger, Holster und Gegenst\u00e4nde aus dem Westernuniversum.<br \/>\nWir haben auch Teile aus gro\u00dfen Franchises wie Assassin's Creed, Zelda, Harry Potter oder <a href=\"https:\/\/repliquemangacine.fr\/de\/der-herr-der-ringe\/\" target=\"_blank\" rel=\"noopener noreferrer\">Der Herr der Ringe.<\/a><br \/>\nJedes Produkt wird aufgrund seiner Qualit\u00e4t, Authentizit\u00e4t und seines Potenzials ausgew\u00e4hlt, anspruchsvolle Sammler zu begeistern.<br \/>\nUnsere Mission ist einfach: Wir m\u00f6chten allen Liebhabern originalgetreue, stilvolle Repliken zu erschwinglichen Preisen anbieten.<br \/>\n<strong>ReplicaMangaCine.de<\/strong>Die Seite ist ein Muss f\u00fcr alle Liebhaber von Geek-, Manga-, Videospiel- und Filmkultur.<\/p>\n<p><strong>\u26a0\ufe0f Verkauf an Minderj\u00e4hrige verboten. Nach der Bestellung kann eine Identit\u00e4tspr\u00fcfung verlangt werden, um die Vollj\u00e4hrigkeit des K\u00e4ufers zu best\u00e4tigen.<\/strong><\/p>","protected":false},"excerpt":{"rendered":"<p><strong>Technische Daten :<\/strong><\/p>\n<p>Materialien: Geschw\u00e4rzter Edelstahl \/ Polymergriff + rot eloxierte Aluminiumeinlage<br \/>\nMarke: SCK (Logo auf Klinge ge\u00e4tzt)<br \/>\nFensterbrecher am Ende des Stiels<br \/>\nIntegrierter G\u00fcrtelschneider<br \/>\nG\u00fcrtelclip f\u00fcr diskretes Tragen im Alltag<\/p>\n<p>Gesamtl\u00e4nge (aufgeklappt): ~21 cm<br \/>\nKlingenl\u00e4nge: ~9 cm<br \/>\nL\u00e4nge geschlossen: ~12 cm<br \/>\nGewicht: ca. 150 g<\/p>","protected":false},"featured_media":87124,"template":"","meta":[],"product_brand":[],"product_cat":[891,892,884],"product_tag":[],"class_list":{"0":"post-87123","1":"product","2":"type-product","3":"status-publish","4":"has-post-thumbnail","6":"product_cat-couteaux-automatiques","7":"product_cat-couteaux-tactical","8":"product_cat-coutellerie","10":"first","11":"instock","12":"taxable","13":"shipping-taxable","14":"purchasable","15":"product-type-simple"},"yoast_head":"<!-- This site is optimized with the Yoast SEO plugin v27.5 - https:\/\/yoast.com\/product\/yoast-seo-wordpress\/ -->\n<title>Couteau tactique SCK rouge | R\u00e9plique Manga Cin\u00e9<\/title>\n<meta name=\"description\" content=\"Couteau tactique SCK rouge avec lame noire semi-crant\u00e9e, brise-vitre et coupe-ceinture. Id\u00e9al pour l\u2019EDC, la survie ou l\u2019usage quotidien.\" \/>\n<meta name=\"robots\" content=\"index, follow, max-snippet:-1, max-image-preview:large, max-video-preview:-1\" \/>\n<link rel=\"canonical\" href=\"https:\/\/repliquemangacine.fr\/de\/besteck\/taktisches-messer-sck-rot\/\" \/>\n<meta property=\"og:locale\" content=\"de_DE\" \/>\n<meta property=\"og:type\" content=\"article\" \/>\n<meta property=\"og:title\" content=\"Couteau tactique SCK rouge | R\u00e9plique Manga Cin\u00e9\" \/>\n<meta property=\"og:description\" content=\"Couteau tactique SCK rouge avec lame noire semi-crant\u00e9e, brise-vitre et coupe-ceinture. Id\u00e9al pour l\u2019EDC, la survie ou l\u2019usage quotidien.\" \/>\n<meta property=\"og:url\" content=\"https:\/\/repliquemangacine.fr\/de\/besteck\/taktisches-messer-sck-rot\/\" \/>\n<meta property=\"og:site_name\" content=\"R\u00e9plique Manga Cin\u00e9\" \/>\n<meta property=\"article:publisher\" content=\"https:\/\/www.facebook.com\/RepliqueMangaCine\" \/>\n<meta property=\"article:modified_time\" content=\"2025-11-12T22:31:05+00:00\" \/>\n<meta property=\"og:image\" content=\"https:\/\/repliquemangacine.fr\/wp-content\/uploads\/2025\/08\/Couteau-SCK-Tactique-Rouge.jpg\" \/>\n\t<meta property=\"og:image:width\" content=\"700\" \/>\n\t<meta property=\"og:image:height\" content=\"700\" \/>\n\t<meta property=\"og:image:type\" content=\"image\/jpeg\" \/>\n<meta name=\"twitter:card\" content=\"summary_large_image\" \/>\n<meta name=\"twitter:label1\" content=\"Gesch\u00e4tzte Lesezeit\" \/>\n\t<meta name=\"twitter:data1\" content=\"3\u00a0Minuten\" \/>\n<script type=\"application\/ld+json\" class=\"yoast-schema-graph\">{\"@context\":\"https:\\\/\\\/schema.org\",\"@graph\":[{\"@type\":\"WebPage\",\"@id\":\"https:\\\/\\\/repliquemangacine.fr\\\/coutellerie\\\/couteau-tactique-sck-rouge\\\/\",\"url\":\"https:\\\/\\\/repliquemangacine.fr\\\/coutellerie\\\/couteau-tactique-sck-rouge\\\/\",\"name\":\"Couteau tactique SCK rouge | R\u00e9plique Manga Cin\u00e9\",\"isPartOf\":{\"@id\":\"https:\\\/\\\/repliquemangacine.fr\\\/#website\"},\"primaryImageOfPage\":{\"@id\":\"https:\\\/\\\/repliquemangacine.fr\\\/coutellerie\\\/couteau-tactique-sck-rouge\\\/#primaryimage\"},\"image\":{\"@id\":\"https:\\\/\\\/repliquemangacine.fr\\\/coutellerie\\\/couteau-tactique-sck-rouge\\\/#primaryimage\"},\"thumbnailUrl\":\"https:\\\/\\\/repliquemangacine.fr\\\/wp-content\\\/uploads\\\/2025\\\/08\\\/Couteau-SCK-Tactique-Rouge.jpg\",\"datePublished\":\"2025-08-05T13:31:21+00:00\",\"dateModified\":\"2025-11-12T22:31:05+00:00\",\"description\":\"Couteau tactique SCK rouge avec lame noire semi-crant\u00e9e, brise-vitre et coupe-ceinture. Id\u00e9al pour l\u2019EDC, la survie ou l\u2019usage quotidien.\",\"breadcrumb\":{\"@id\":\"https:\\\/\\\/repliquemangacine.fr\\\/coutellerie\\\/couteau-tactique-sck-rouge\\\/#breadcrumb\"},\"inLanguage\":\"de\",\"potentialAction\":[{\"@type\":\"ReadAction\",\"target\":[\"https:\\\/\\\/repliquemangacine.fr\\\/coutellerie\\\/couteau-tactique-sck-rouge\\\/\"]}]},{\"@type\":\"ImageObject\",\"inLanguage\":\"de\",\"@id\":\"https:\\\/\\\/repliquemangacine.fr\\\/coutellerie\\\/couteau-tactique-sck-rouge\\\/#primaryimage\",\"url\":\"https:\\\/\\\/repliquemangacine.fr\\\/wp-content\\\/uploads\\\/2025\\\/08\\\/Couteau-SCK-Tactique-Rouge.jpg\",\"contentUrl\":\"https:\\\/\\\/repliquemangacine.fr\\\/wp-content\\\/uploads\\\/2025\\\/08\\\/Couteau-SCK-Tactique-Rouge.jpg\",\"width\":700,\"height\":700,\"caption\":\"Couteau-SCK-Tactique-Rouge\"},{\"@type\":\"BreadcrumbList\",\"@id\":\"https:\\\/\\\/repliquemangacine.fr\\\/coutellerie\\\/couteau-tactique-sck-rouge\\\/#breadcrumb\",\"itemListElement\":[{\"@type\":\"ListItem\",\"position\":1,\"name\":\"Accueil\",\"item\":\"https:\\\/\\\/repliquemangacine.fr\\\/\"},{\"@type\":\"ListItem\",\"position\":2,\"name\":\"Produits\",\"item\":\"https:\\\/\\\/repliquemangacine.fr\\\/boutique\\\/\"},{\"@type\":\"ListItem\",\"position\":3,\"name\":\"Couteau tactique SCK rouge\"}]},{\"@type\":\"WebSite\",\"@id\":\"https:\\\/\\\/repliquemangacine.fr\\\/#website\",\"url\":\"https:\\\/\\\/repliquemangacine.fr\\\/\",\"name\":\"R\u00e9plique Manga Cin\u00e9\",\"description\":\"\",\"publisher\":{\"@id\":\"https:\\\/\\\/repliquemangacine.fr\\\/#organization\"},\"potentialAction\":[{\"@type\":\"SearchAction\",\"target\":{\"@type\":\"EntryPoint\",\"urlTemplate\":\"https:\\\/\\\/repliquemangacine.fr\\\/?s={search_term_string}\"},\"query-input\":{\"@type\":\"PropertyValueSpecification\",\"valueRequired\":true,\"valueName\":\"search_term_string\"}}],\"inLanguage\":\"de\"},{\"@type\":\"Organization\",\"@id\":\"https:\\\/\\\/repliquemangacine.fr\\\/#organization\",\"name\":\"R\u00e9plique Manga Cin\u00e9\",\"url\":\"https:\\\/\\\/repliquemangacine.fr\\\/\",\"logo\":{\"@type\":\"ImageObject\",\"inLanguage\":\"de\",\"@id\":\"https:\\\/\\\/repliquemangacine.fr\\\/#\\\/schema\\\/logo\\\/image\\\/\",\"url\":\"https:\\\/\\\/repliquemangacine.fr\\\/wp-content\\\/uploads\\\/2023\\\/10\\\/RMC-500250.png\",\"contentUrl\":\"https:\\\/\\\/repliquemangacine.fr\\\/wp-content\\\/uploads\\\/2023\\\/10\\\/RMC-500250.png\",\"width\":500,\"height\":250,\"caption\":\"R\u00e9plique Manga Cin\u00e9\"},\"image\":{\"@id\":\"https:\\\/\\\/repliquemangacine.fr\\\/#\\\/schema\\\/logo\\\/image\\\/\"},\"sameAs\":[\"https:\\\/\\\/www.facebook.com\\\/RepliqueMangaCine\",\"https:\\\/\\\/www.instagram.com\\\/repliquemangacine.fr\\\/\"]}]}<\/script>\n<!-- \/ Yoast SEO plugin. -->","yoast_head_json":{"title":"Taktisches Messer SCK rot | R\u00e9plique Manga Cin\u00e9","description":"Rotes taktisches SCK-Messer mit schwarzer, halbverzinkter Klinge, Glasbrecher und Gurtschneider. Ideal f\u00fcr EDC, Survival oder den t\u00e4glichen Gebrauch.","robots":{"index":"index","follow":"follow","max-snippet":"max-snippet:-1","max-image-preview":"max-image-preview:large","max-video-preview":"max-video-preview:-1"},"canonical":"https:\/\/repliquemangacine.fr\/de\/besteck\/taktisches-messer-sck-rot\/","og_locale":"de_DE","og_type":"article","og_title":"Couteau tactique SCK rouge | R\u00e9plique Manga Cin\u00e9","og_description":"Couteau tactique SCK rouge avec lame noire semi-crant\u00e9e, brise-vitre et coupe-ceinture. Id\u00e9al pour l\u2019EDC, la survie ou l\u2019usage quotidien.","og_url":"https:\/\/repliquemangacine.fr\/de\/besteck\/taktisches-messer-sck-rot\/","og_site_name":"R\u00e9plique Manga Cin\u00e9","article_publisher":"https:\/\/www.facebook.com\/RepliqueMangaCine","article_modified_time":"2025-11-12T22:31:05+00:00","og_image":[{"width":700,"height":700,"url":"https:\/\/repliquemangacine.fr\/wp-content\/uploads\/2025\/08\/Couteau-SCK-Tactique-Rouge.jpg","type":"image\/jpeg"}],"twitter_card":"summary_large_image","twitter_misc":{"Gesch\u00e4tzte Lesezeit":"3\u00a0Minuten"},"schema":{"@context":"https:\/\/schema.org","@graph":[{"@type":"WebPage","@id":"https:\/\/repliquemangacine.fr\/coutellerie\/couteau-tactique-sck-rouge\/","url":"https:\/\/repliquemangacine.fr\/coutellerie\/couteau-tactique-sck-rouge\/","name":"Taktisches Messer SCK rot | R\u00e9plique Manga Cin\u00e9","isPartOf":{"@id":"https:\/\/repliquemangacine.fr\/#website"},"primaryImageOfPage":{"@id":"https:\/\/repliquemangacine.fr\/coutellerie\/couteau-tactique-sck-rouge\/#primaryimage"},"image":{"@id":"https:\/\/repliquemangacine.fr\/coutellerie\/couteau-tactique-sck-rouge\/#primaryimage"},"thumbnailUrl":"https:\/\/repliquemangacine.fr\/wp-content\/uploads\/2025\/08\/Couteau-SCK-Tactique-Rouge.jpg","datePublished":"2025-08-05T13:31:21+00:00","dateModified":"2025-11-12T22:31:05+00:00","description":"Rotes taktisches SCK-Messer mit schwarzer, halbverzinkter Klinge, Glasbrecher und Gurtschneider. Ideal f\u00fcr EDC, Survival oder den t\u00e4glichen Gebrauch.","breadcrumb":{"@id":"https:\/\/repliquemangacine.fr\/coutellerie\/couteau-tactique-sck-rouge\/#breadcrumb"},"inLanguage":"de","potentialAction":[{"@type":"ReadAction","target":["https:\/\/repliquemangacine.fr\/coutellerie\/couteau-tactique-sck-rouge\/"]}]},{"@type":"ImageObject","inLanguage":"de","@id":"https:\/\/repliquemangacine.fr\/coutellerie\/couteau-tactique-sck-rouge\/#primaryimage","url":"https:\/\/repliquemangacine.fr\/wp-content\/uploads\/2025\/08\/Couteau-SCK-Tactique-Rouge.jpg","contentUrl":"https:\/\/repliquemangacine.fr\/wp-content\/uploads\/2025\/08\/Couteau-SCK-Tactique-Rouge.jpg","width":700,"height":700,"caption":"Couteau-SCK-Tactique-Rouge"},{"@type":"BreadcrumbList","@id":"https:\/\/repliquemangacine.fr\/coutellerie\/couteau-tactique-sck-rouge\/#breadcrumb","itemListElement":[{"@type":"ListItem","position":1,"name":"Accueil","item":"https:\/\/repliquemangacine.fr\/"},{"@type":"ListItem","position":2,"name":"Produits","item":"https:\/\/repliquemangacine.fr\/boutique\/"},{"@type":"ListItem","position":3,"name":"Couteau tactique SCK rouge"}]},{"@type":"WebSite","@id":"https:\/\/repliquemangacine.fr\/#website","url":"https:\/\/repliquemangacine.fr\/","name":"R\u00e9plique Manga Cin\u00e9","description":"","publisher":{"@id":"https:\/\/repliquemangacine.fr\/#organization"},"potentialAction":[{"@type":"SearchAction","target":{"@type":"EntryPoint","urlTemplate":"https:\/\/repliquemangacine.fr\/?s={search_term_string}"},"query-input":{"@type":"PropertyValueSpecification","valueRequired":true,"valueName":"search_term_string"}}],"inLanguage":"de"},{"@type":"Organization","@id":"https:\/\/repliquemangacine.fr\/#organization","name":"R\u00e9plique Manga Cin\u00e9","url":"https:\/\/repliquemangacine.fr\/","logo":{"@type":"ImageObject","inLanguage":"de","@id":"https:\/\/repliquemangacine.fr\/#\/schema\/logo\/image\/","url":"https:\/\/repliquemangacine.fr\/wp-content\/uploads\/2023\/10\/RMC-500250.png","contentUrl":"https:\/\/repliquemangacine.fr\/wp-content\/uploads\/2023\/10\/RMC-500250.png","width":500,"height":250,"caption":"R\u00e9plique Manga Cin\u00e9"},"image":{"@id":"https:\/\/repliquemangacine.fr\/#\/schema\/logo\/image\/"},"sameAs":["https:\/\/www.facebook.com\/RepliqueMangaCine","https:\/\/www.instagram.com\/repliquemangacine.fr\/"]}]}},"_links":{"self":[{"href":"https:\/\/repliquemangacine.fr\/de\/wp-json\/wp\/v2\/product\/87123","targetHints":{"allow":["GET"]}}],"collection":[{"href":"https:\/\/repliquemangacine.fr\/de\/wp-json\/wp\/v2\/product"}],"about":[{"href":"https:\/\/repliquemangacine.fr\/de\/wp-json\/wp\/v2\/types\/product"}],"wp:featuredmedia":[{"embeddable":true,"href":"https:\/\/repliquemangacine.fr\/de\/wp-json\/wp\/v2\/media\/87124"}],"wp:attachment":[{"href":"https:\/\/repliquemangacine.fr\/de\/wp-json\/wp\/v2\/media?parent=87123"}],"wp:term":[{"taxonomy":"product_brand","embeddable":true,"href":"https:\/\/repliquemangacine.fr\/de\/wp-json\/wp\/v2\/product_brand?post=87123"},{"taxonomy":"product_cat","embeddable":true,"href":"https:\/\/repliquemangacine.fr\/de\/wp-json\/wp\/v2\/product_cat?post=87123"},{"taxonomy":"product_tag","embeddable":true,"href":"https:\/\/repliquemangacine.fr\/de\/wp-json\/wp\/v2\/product_tag?post=87123"}],"curies":[{"name":"wp","href":"https:\/\/api.w.org\/{rel}","templated":true}]}}