





{"id":87118,"date":"2025-08-05T14:57:52","date_gmt":"2025-08-05T12:57:52","guid":{"rendered":"https:\/\/repliquemangacine.fr\/?post_type=product&#038;p=87118"},"modified":"2025-11-12T23:32:49","modified_gmt":"2025-11-12T22:32:49","slug":"taktisches-klappmesser-sck","status":"publish","type":"product","link":"https:\/\/repliquemangacine.fr\/de\/coutellerie\/couteau-tactique-pliant-sck\/","title":{"rendered":"Taktisches Klappmesser SCK"},"content":{"rendered":"<h2>Eigenschaften des Tactical Folding Knife SCK<\/h2>\n<p>Beginnen wir mit einem Blick auf das taktische Klappmesser SCK, das Robustheit, Kompaktheit und Effizienz vereint, um den Anforderungen von Outdoor- und Action-Enthusiasten gerecht zu werden.<br \/>\nErstens sorgt seine gezackte Klinge aus rostfreiem Stahl f\u00fcr einen pr\u00e4zisen Schnitt, selbst bei widerstandsf\u00e4higsten Materialien oder in Notf\u00e4llen.<br \/>\nZweitens l\u00e4sst es sich dank seines halbautomatischen \u00d6ffnungssystems schnell mit einer Hand aufklappen.<br \/>\nSchlie\u00dflich sorgt der ergonomische, rutschfeste Griff f\u00fcr einen festen Halt, selbst bei Regen, Schlamm oder mit dicken Handschuhen.<br \/>\nDar\u00fcber hinaus verf\u00fcgt dieses Messer \u00fcber einen integrierten Glasbrecher und einen Gurtschneider, um in Sekundenschnelle auf unvorhergesehene Ereignisse reagieren zu k\u00f6nnen.<br \/>\nDank seiner praktischen G\u00fcrtelklammer haben Sie ihn immer griffbereit, ohne dass er Sie unterwegs behindert oder st\u00f6rt.<br \/>\nDieses vielseitige und langlebige Messer ist ein Muss f\u00fcr Abenteurer, Fachleute im Au\u00dfendienst oder Liebhaber von taktischer Ausr\u00fcstung.<\/p>\n<h2>Ein \u00dcberlebensmesser, das auf Action und Effizienz ausgelegt ist<\/h2>\n<p>Dieses SCK-Klappmesser ist nicht nur ein einfaches Accessoire, sondern ein echtes \u00dcberlebenswerkzeug, das f\u00fcr Extremsituationen geeignet ist.<br \/>\nEs zeichnet sich durch seine Robustheit, seine schnelle Einsatzbereitschaft und seine Notfallfunktionen aus, die im Bedarfsfall Leben retten k\u00f6nnen.<br \/>\nSein taktisches Design in Mattschwarz verleiht ihm ein diskretes, professionelles Aussehen und macht ihn in jeder Umgebung \u00e4u\u00dferst effektiv.<br \/>\nDar\u00fcber hinaus machen seine zahlreichen integrierten Funktionen ihn zu einem zuverl\u00e4ssigen Begleiter f\u00fcr Wanderungen, Eins\u00e4tze oder t\u00e4gliche Fahrten.<br \/>\nIm Gegensatz zu anderen Modellen vereint es alles Notwendige: Gurtschneider, Glasbrecher, scharfe Klinge und stabilen G\u00fcrtelclip.<br \/>\nDieses Messer garantiert Ihnen Sicherheit, Effizienz und Stil, egal ob Sie sich in der freien Natur oder in einer gef\u00e4hrlichen st\u00e4dtischen Umgebung befinden.<br \/>\nKurz gesagt, es erf\u00fcllt alle Anforderungen f\u00fcr diejenigen, die ein zuverl\u00e4ssiges Messer suchen, das jederzeit einsatzbereit ist, ohne Kompromisse.<\/p>\n<h2>Finden Sie es auf Repliquemangacine mit anderen au\u00dfergew\u00f6hnlichen Produkten<\/h2>\n<p>Auf <strong>Replikmangacin<\/strong>, Entdecken Sie weit mehr als nur dieses SCK-Messer: eine ganze Welt voller Repliken und Sammlerst\u00fccke.<br \/>\nSind Sie Fan von Mangas wie One Piece, Naruto oder Demon Slayer? Entdecken Sie unsere <a href=\"https:\/\/repliquemangacine.fr\/de\/leuchtendes-katana\/\" target=\"_blank\" rel=\"noopener noreferrer\">leuchtende Katanas<\/a> und die symboltr\u00e4chtigen Schwerter Ihrer Helden.<br \/>\nBegeistern Sie sich f\u00fcr Videospiele? Entdecken Sie unsere Waffen aus Zelda, The Witcher, Genshin Impact und vielen anderen beliebten Franchises.<br \/>\nWas Filme angeht, bieten wir legend\u00e4re St\u00fccke wie das Schwert aus Gladiator, das S\u00e4bel aus <a href=\"https:\/\/repliquemangacine.fr\/de\/messer-rambo-dolch-john-rambo\/\" target=\"_blank\" rel=\"noopener noreferrer\">Rambo<\/a> oder auch Harry-Potter-Artikel.<br \/>\nWir haben auch eine gro\u00dfe Auswahl an historischen Waffen: r\u00f6mische Schwerter, mittelalterliche Schwerter, Piratens\u00e4bel oder Requisiten aus der <a href=\"https:\/\/fr.wikipedia.org\/wiki\/Seconde_Guerre_mondiale\" target=\"_blank\" rel=\"noopener noreferrer\">WWII<\/a>.<br \/>\nNicht zu vergessen unsere Western-Kategorie: Colts, Holster, Winchesters und Sheriff-Abzeichen f\u00fcr Fans des Wilden Westens.<br \/>\nZum Schluss, <strong>Replikmangacin<\/strong>Hier k\u00f6nnen Sie Ihre Sammlung mit Leidenschaft, Qualit\u00e4t und Originalit\u00e4t erweitern.<\/p>\n<p><strong>\u26a0\ufe0f Verkauf an Minderj\u00e4hrige verboten. Nach der Bestellung kann eine Identit\u00e4tspr\u00fcfung verlangt werden, um die Vollj\u00e4hrigkeit des K\u00e4ufers zu best\u00e4tigen.<\/strong><\/p>","protected":false},"excerpt":{"rendered":"<p>\u2699\ufe0f Technische Daten :<br \/>\nTyp: Halbautomatisches Klappmesser<\/p>\n<p>Marke: SCK<br \/>\nKlinge: Schwarzer rostfreier Stahl, teilweise gezahnt f\u00fcr einfaches Schneiden von Seilen und widerstandsf\u00e4higen Materialien<br \/>\nL\u00e4nge der Klinge: ca. 9 cm (zu best\u00e4tigen, wenn du die genaue Angabe hast)<br \/>\nGesamtl\u00e4nge offen: ca. 21 cm (ebenfalls zu best\u00e4tigen)<br \/>\nGriff: Ergonomisch geformt mit rutschfestem Griff + texturierter Einsatz f\u00fcr einen festen Halt auch mit Handschuhen<br \/>\n\u00d6ffnung: Halbautomatisch durch Schnell\u00f6ffnungshilfe (Flipper oder Druckknopf)<br \/>\nIntegrierte Funktionen:Notfall-Fensterbrecher (Heckansatz)<br \/>\nIn den Schaft integrierter G\u00fcrtelschneider<br \/>\nRobuster G\u00fcrtelclip f\u00fcr diskretes Tragen<\/p>","protected":false},"featured_media":87121,"template":"","meta":[],"product_brand":[],"product_cat":[891,892,884],"product_tag":[],"class_list":{"0":"post-87118","1":"product","2":"type-product","3":"status-publish","4":"has-post-thumbnail","6":"product_cat-couteaux-automatiques","7":"product_cat-couteaux-tactical","8":"product_cat-coutellerie","10":"first","11":"instock","12":"taxable","13":"shipping-taxable","14":"purchasable","15":"product-type-simple"},"yoast_head":"<!-- This site is optimized with the Yoast SEO plugin v27.5 - https:\/\/yoast.com\/product\/yoast-seo-wordpress\/ -->\n<title>Couteau Tactique Pliant SCK | R\u00e9plique Manga Cin\u00e9<\/title>\n<meta name=\"description\" content=\"D\u00e9couvrez le couteau tactique pliant SCK : lame crant\u00e9e, ouverture rapide, coupe-ceinture et brise-vitre. Id\u00e9al survie, outdoor, urgence.\" \/>\n<meta name=\"robots\" content=\"index, follow, max-snippet:-1, max-image-preview:large, max-video-preview:-1\" \/>\n<link rel=\"canonical\" href=\"https:\/\/repliquemangacine.fr\/de\/besteck\/taktisches-klappmesser-sck\/\" \/>\n<meta property=\"og:locale\" content=\"de_DE\" \/>\n<meta property=\"og:type\" content=\"article\" \/>\n<meta property=\"og:title\" content=\"Couteau Tactique Pliant SCK | R\u00e9plique Manga Cin\u00e9\" \/>\n<meta property=\"og:description\" content=\"D\u00e9couvrez le couteau tactique pliant SCK : lame crant\u00e9e, ouverture rapide, coupe-ceinture et brise-vitre. Id\u00e9al survie, outdoor, urgence.\" \/>\n<meta property=\"og:url\" content=\"https:\/\/repliquemangacine.fr\/de\/besteck\/taktisches-klappmesser-sck\/\" \/>\n<meta property=\"og:site_name\" content=\"R\u00e9plique Manga Cin\u00e9\" \/>\n<meta property=\"article:publisher\" content=\"https:\/\/www.facebook.com\/RepliqueMangaCine\" \/>\n<meta property=\"article:modified_time\" content=\"2025-11-12T22:32:49+00:00\" \/>\n<meta property=\"og:image\" content=\"https:\/\/repliquemangacine.fr\/wp-content\/uploads\/2025\/08\/Couteau-SCK-Tactique-semi-automatique.jpg\" \/>\n\t<meta property=\"og:image:width\" content=\"700\" \/>\n\t<meta property=\"og:image:height\" content=\"700\" \/>\n\t<meta property=\"og:image:type\" content=\"image\/jpeg\" \/>\n<meta name=\"twitter:card\" content=\"summary_large_image\" \/>\n<meta name=\"twitter:label1\" content=\"Gesch\u00e4tzte Lesezeit\" \/>\n\t<meta name=\"twitter:data1\" content=\"3\u00a0Minuten\" \/>\n<script type=\"application\/ld+json\" class=\"yoast-schema-graph\">{\"@context\":\"https:\\\/\\\/schema.org\",\"@graph\":[{\"@type\":\"WebPage\",\"@id\":\"https:\\\/\\\/repliquemangacine.fr\\\/coutellerie\\\/couteau-tactique-pliant-sck\\\/\",\"url\":\"https:\\\/\\\/repliquemangacine.fr\\\/coutellerie\\\/couteau-tactique-pliant-sck\\\/\",\"name\":\"Couteau Tactique Pliant SCK | R\u00e9plique Manga Cin\u00e9\",\"isPartOf\":{\"@id\":\"https:\\\/\\\/repliquemangacine.fr\\\/#website\"},\"primaryImageOfPage\":{\"@id\":\"https:\\\/\\\/repliquemangacine.fr\\\/coutellerie\\\/couteau-tactique-pliant-sck\\\/#primaryimage\"},\"image\":{\"@id\":\"https:\\\/\\\/repliquemangacine.fr\\\/coutellerie\\\/couteau-tactique-pliant-sck\\\/#primaryimage\"},\"thumbnailUrl\":\"https:\\\/\\\/repliquemangacine.fr\\\/wp-content\\\/uploads\\\/2025\\\/08\\\/Couteau-SCK-Tactique-semi-automatique.jpg\",\"datePublished\":\"2025-08-05T12:57:52+00:00\",\"dateModified\":\"2025-11-12T22:32:49+00:00\",\"description\":\"D\u00e9couvrez le couteau tactique pliant SCK : lame crant\u00e9e, ouverture rapide, coupe-ceinture et brise-vitre. Id\u00e9al survie, outdoor, urgence.\",\"breadcrumb\":{\"@id\":\"https:\\\/\\\/repliquemangacine.fr\\\/coutellerie\\\/couteau-tactique-pliant-sck\\\/#breadcrumb\"},\"inLanguage\":\"de\",\"potentialAction\":[{\"@type\":\"ReadAction\",\"target\":[\"https:\\\/\\\/repliquemangacine.fr\\\/coutellerie\\\/couteau-tactique-pliant-sck\\\/\"]}]},{\"@type\":\"ImageObject\",\"inLanguage\":\"de\",\"@id\":\"https:\\\/\\\/repliquemangacine.fr\\\/coutellerie\\\/couteau-tactique-pliant-sck\\\/#primaryimage\",\"url\":\"https:\\\/\\\/repliquemangacine.fr\\\/wp-content\\\/uploads\\\/2025\\\/08\\\/Couteau-SCK-Tactique-semi-automatique.jpg\",\"contentUrl\":\"https:\\\/\\\/repliquemangacine.fr\\\/wp-content\\\/uploads\\\/2025\\\/08\\\/Couteau-SCK-Tactique-semi-automatique.jpg\",\"width\":700,\"height\":700,\"caption\":\"Couteau-SCK-Tactique-semi-automatique\"},{\"@type\":\"BreadcrumbList\",\"@id\":\"https:\\\/\\\/repliquemangacine.fr\\\/coutellerie\\\/couteau-tactique-pliant-sck\\\/#breadcrumb\",\"itemListElement\":[{\"@type\":\"ListItem\",\"position\":1,\"name\":\"Accueil\",\"item\":\"https:\\\/\\\/repliquemangacine.fr\\\/\"},{\"@type\":\"ListItem\",\"position\":2,\"name\":\"Produits\",\"item\":\"https:\\\/\\\/repliquemangacine.fr\\\/boutique\\\/\"},{\"@type\":\"ListItem\",\"position\":3,\"name\":\"Couteau Tactique Pliant SCK\"}]},{\"@type\":\"WebSite\",\"@id\":\"https:\\\/\\\/repliquemangacine.fr\\\/#website\",\"url\":\"https:\\\/\\\/repliquemangacine.fr\\\/\",\"name\":\"R\u00e9plique Manga Cin\u00e9\",\"description\":\"\",\"publisher\":{\"@id\":\"https:\\\/\\\/repliquemangacine.fr\\\/#organization\"},\"potentialAction\":[{\"@type\":\"SearchAction\",\"target\":{\"@type\":\"EntryPoint\",\"urlTemplate\":\"https:\\\/\\\/repliquemangacine.fr\\\/?s={search_term_string}\"},\"query-input\":{\"@type\":\"PropertyValueSpecification\",\"valueRequired\":true,\"valueName\":\"search_term_string\"}}],\"inLanguage\":\"de\"},{\"@type\":\"Organization\",\"@id\":\"https:\\\/\\\/repliquemangacine.fr\\\/#organization\",\"name\":\"R\u00e9plique Manga Cin\u00e9\",\"url\":\"https:\\\/\\\/repliquemangacine.fr\\\/\",\"logo\":{\"@type\":\"ImageObject\",\"inLanguage\":\"de\",\"@id\":\"https:\\\/\\\/repliquemangacine.fr\\\/#\\\/schema\\\/logo\\\/image\\\/\",\"url\":\"https:\\\/\\\/repliquemangacine.fr\\\/wp-content\\\/uploads\\\/2023\\\/10\\\/RMC-500250.png\",\"contentUrl\":\"https:\\\/\\\/repliquemangacine.fr\\\/wp-content\\\/uploads\\\/2023\\\/10\\\/RMC-500250.png\",\"width\":500,\"height\":250,\"caption\":\"R\u00e9plique Manga Cin\u00e9\"},\"image\":{\"@id\":\"https:\\\/\\\/repliquemangacine.fr\\\/#\\\/schema\\\/logo\\\/image\\\/\"},\"sameAs\":[\"https:\\\/\\\/www.facebook.com\\\/RepliqueMangaCine\",\"https:\\\/\\\/www.instagram.com\\\/repliquemangacine.fr\\\/\"]}]}<\/script>\n<!-- \/ Yoast SEO plugin. -->","yoast_head_json":{"title":"Tactical Folding Knife SCK | R\u00e9plique Manga Cin\u00e9","description":"Entdecken Sie das taktische Klappmesser SCK: gezahnte Klinge, Schnell\u00f6ffner, Gurtschneider und Glasbrecher. Ideal f\u00fcr \u00dcberleben, Outdoor, Notfall.","robots":{"index":"index","follow":"follow","max-snippet":"max-snippet:-1","max-image-preview":"max-image-preview:large","max-video-preview":"max-video-preview:-1"},"canonical":"https:\/\/repliquemangacine.fr\/de\/besteck\/taktisches-klappmesser-sck\/","og_locale":"de_DE","og_type":"article","og_title":"Couteau Tactique Pliant SCK | R\u00e9plique Manga Cin\u00e9","og_description":"D\u00e9couvrez le couteau tactique pliant SCK : lame crant\u00e9e, ouverture rapide, coupe-ceinture et brise-vitre. Id\u00e9al survie, outdoor, urgence.","og_url":"https:\/\/repliquemangacine.fr\/de\/besteck\/taktisches-klappmesser-sck\/","og_site_name":"R\u00e9plique Manga Cin\u00e9","article_publisher":"https:\/\/www.facebook.com\/RepliqueMangaCine","article_modified_time":"2025-11-12T22:32:49+00:00","og_image":[{"width":700,"height":700,"url":"https:\/\/repliquemangacine.fr\/wp-content\/uploads\/2025\/08\/Couteau-SCK-Tactique-semi-automatique.jpg","type":"image\/jpeg"}],"twitter_card":"summary_large_image","twitter_misc":{"Gesch\u00e4tzte Lesezeit":"3\u00a0Minuten"},"schema":{"@context":"https:\/\/schema.org","@graph":[{"@type":"WebPage","@id":"https:\/\/repliquemangacine.fr\/coutellerie\/couteau-tactique-pliant-sck\/","url":"https:\/\/repliquemangacine.fr\/coutellerie\/couteau-tactique-pliant-sck\/","name":"Tactical Folding Knife SCK | R\u00e9plique Manga Cin\u00e9","isPartOf":{"@id":"https:\/\/repliquemangacine.fr\/#website"},"primaryImageOfPage":{"@id":"https:\/\/repliquemangacine.fr\/coutellerie\/couteau-tactique-pliant-sck\/#primaryimage"},"image":{"@id":"https:\/\/repliquemangacine.fr\/coutellerie\/couteau-tactique-pliant-sck\/#primaryimage"},"thumbnailUrl":"https:\/\/repliquemangacine.fr\/wp-content\/uploads\/2025\/08\/Couteau-SCK-Tactique-semi-automatique.jpg","datePublished":"2025-08-05T12:57:52+00:00","dateModified":"2025-11-12T22:32:49+00:00","description":"Entdecken Sie das taktische Klappmesser SCK: gezahnte Klinge, Schnell\u00f6ffner, Gurtschneider und Glasbrecher. Ideal f\u00fcr \u00dcberleben, Outdoor, Notfall.","breadcrumb":{"@id":"https:\/\/repliquemangacine.fr\/coutellerie\/couteau-tactique-pliant-sck\/#breadcrumb"},"inLanguage":"de","potentialAction":[{"@type":"ReadAction","target":["https:\/\/repliquemangacine.fr\/coutellerie\/couteau-tactique-pliant-sck\/"]}]},{"@type":"ImageObject","inLanguage":"de","@id":"https:\/\/repliquemangacine.fr\/coutellerie\/couteau-tactique-pliant-sck\/#primaryimage","url":"https:\/\/repliquemangacine.fr\/wp-content\/uploads\/2025\/08\/Couteau-SCK-Tactique-semi-automatique.jpg","contentUrl":"https:\/\/repliquemangacine.fr\/wp-content\/uploads\/2025\/08\/Couteau-SCK-Tactique-semi-automatique.jpg","width":700,"height":700,"caption":"Couteau-SCK-Tactique-semi-automatique"},{"@type":"BreadcrumbList","@id":"https:\/\/repliquemangacine.fr\/coutellerie\/couteau-tactique-pliant-sck\/#breadcrumb","itemListElement":[{"@type":"ListItem","position":1,"name":"Accueil","item":"https:\/\/repliquemangacine.fr\/"},{"@type":"ListItem","position":2,"name":"Produits","item":"https:\/\/repliquemangacine.fr\/boutique\/"},{"@type":"ListItem","position":3,"name":"Couteau Tactique Pliant SCK"}]},{"@type":"WebSite","@id":"https:\/\/repliquemangacine.fr\/#website","url":"https:\/\/repliquemangacine.fr\/","name":"R\u00e9plique Manga Cin\u00e9","description":"","publisher":{"@id":"https:\/\/repliquemangacine.fr\/#organization"},"potentialAction":[{"@type":"SearchAction","target":{"@type":"EntryPoint","urlTemplate":"https:\/\/repliquemangacine.fr\/?s={search_term_string}"},"query-input":{"@type":"PropertyValueSpecification","valueRequired":true,"valueName":"search_term_string"}}],"inLanguage":"de"},{"@type":"Organization","@id":"https:\/\/repliquemangacine.fr\/#organization","name":"R\u00e9plique Manga Cin\u00e9","url":"https:\/\/repliquemangacine.fr\/","logo":{"@type":"ImageObject","inLanguage":"de","@id":"https:\/\/repliquemangacine.fr\/#\/schema\/logo\/image\/","url":"https:\/\/repliquemangacine.fr\/wp-content\/uploads\/2023\/10\/RMC-500250.png","contentUrl":"https:\/\/repliquemangacine.fr\/wp-content\/uploads\/2023\/10\/RMC-500250.png","width":500,"height":250,"caption":"R\u00e9plique Manga Cin\u00e9"},"image":{"@id":"https:\/\/repliquemangacine.fr\/#\/schema\/logo\/image\/"},"sameAs":["https:\/\/www.facebook.com\/RepliqueMangaCine","https:\/\/www.instagram.com\/repliquemangacine.fr\/"]}]}},"_links":{"self":[{"href":"https:\/\/repliquemangacine.fr\/de\/wp-json\/wp\/v2\/product\/87118","targetHints":{"allow":["GET"]}}],"collection":[{"href":"https:\/\/repliquemangacine.fr\/de\/wp-json\/wp\/v2\/product"}],"about":[{"href":"https:\/\/repliquemangacine.fr\/de\/wp-json\/wp\/v2\/types\/product"}],"wp:featuredmedia":[{"embeddable":true,"href":"https:\/\/repliquemangacine.fr\/de\/wp-json\/wp\/v2\/media\/87121"}],"wp:attachment":[{"href":"https:\/\/repliquemangacine.fr\/de\/wp-json\/wp\/v2\/media?parent=87118"}],"wp:term":[{"taxonomy":"product_brand","embeddable":true,"href":"https:\/\/repliquemangacine.fr\/de\/wp-json\/wp\/v2\/product_brand?post=87118"},{"taxonomy":"product_cat","embeddable":true,"href":"https:\/\/repliquemangacine.fr\/de\/wp-json\/wp\/v2\/product_cat?post=87118"},{"taxonomy":"product_tag","embeddable":true,"href":"https:\/\/repliquemangacine.fr\/de\/wp-json\/wp\/v2\/product_tag?post=87118"}],"curies":[{"name":"wp","href":"https:\/\/api.w.org\/{rel}","templated":true}]}}