





{"id":87105,"date":"2025-08-05T10:48:31","date_gmt":"2025-08-05T08:48:31","guid":{"rendered":"https:\/\/repliquemangacine.fr\/?post_type=product&#038;p=87105"},"modified":"2026-04-04T04:52:55","modified_gmt":"2026-04-04T02:52:55","slug":"set-3-wurfmesser-sck-blau","status":"publish","type":"product","link":"https:\/\/repliquemangacine.fr\/de\/coutellerie\/set-3-couteaux-a-lancer-sck-bleu\/","title":{"rendered":"Set 3 Wurfmesser Blau SCK"},"content":{"rendered":"<h2>Ein stilisiertes und technisch anspruchsvolles 3er-Set Wurfmesser Blau f\u00fcr Wurffreunde<\/h2>\n<p>Dieses Set mit 3 blauen SCK-Wurfmessern wurde f\u00fcr Liebhaber des Pr\u00e4zisionswurfs und moderner \u00c4sthetik entwickelt.<br \/>\nJedes Messer hat eine Klinge aus<a href=\"https:\/\/fr.wikipedia.org\/wiki\/Acier_inoxydable#:~:text=L'acier%20inoxydable%2C%20couramment%20appel%C3%A9,pas%20se%20d%C3%A9grader%20en%20rouille.\" target=\"_blank\" rel=\"noopener noreferrer\"> rostfreier Stahl<\/a> Blau, stilisiert, gezackt und ausgewogen f\u00fcr fl\u00fcssige und effektive W\u00fcrfe.<br \/>\nDer Griff ist mit einem blauen geflochtenen Seil umwickelt und gew\u00e4hrleistet einen hervorragenden Halt in allen Anwendungssituationen.<br \/>\nAu\u00dferdem werden die Messer in einer praktischen und widerstandsf\u00e4higen schwarzen Cordura-Tasche mit G\u00fcrtelschlaufe geliefert.<br \/>\nDieser sehr visuelle Stil gef\u00e4llt \u00fcbrigens Fans von Cosplay, originellen Kollektionen oder Sportartikeln.<br \/>\nZusammenfassend l\u00e4sst sich sagen, dass dieses Paket die perfekte Mischung aus Leistung, Stil und Benutzerfreundlichkeit verk\u00f6rpert.<br \/>\nSo wird es sowohl Sammler als auch regelm\u00e4\u00dfige Nutzer auf der Suche nach Nervenkitzel begeistern.<br \/>\nEs ist die ideale Wahl f\u00fcr alle, die sich mit Messern mit einzigartigem und auff\u00e4lligem Design von der Masse abheben m\u00f6chten.<\/p>\n<h2>Nimm das blaue SCK-Set: eine unumg\u00e4ngliche Wahl f\u00fcr jeden Enthusiasten<\/h2>\n<p>Zun\u00e4chst einmal zeichnet sich dieses 3er-Set blauer SCK-Messer durch sein au\u00dfergew\u00f6hnliches Design und seine hochwertige Verarbeitung aus.<br \/>\nIm Gegensatz zu klassischen Modellen strahlen diese stilvollen Klingen eine starke Pers\u00f6nlichkeit aus und ziehen sofort die Aufmerksamkeit versierter Liebhaber auf sich.<br \/>\nDar\u00fcber hinaus sorgt die Ausbalancierung f\u00fcr perfekte Flugstabilit\u00e4t und bietet ideale Wurfleistungen.<br \/>\nDank ihrer kompakten Gr\u00f6\u00dfe und ihrer Verarbeitung eignen sich diese Messer sowohl f\u00fcr das Training als auch f\u00fcr k\u00fcnstlerische Vorf\u00fchrungen.<br \/>\nDar\u00fcber hinaus erleichtert die Aufbewahrung im G\u00fcrteletui den Transport und gew\u00e4hrleistet einen optimalen Schutz der Klingen.<br \/>\nSo vereinst du \u00c4sthetik, Funktionalit\u00e4t und Leistung in einem einzigen Produkt.<br \/>\nZusammenfassend l\u00e4sst sich sagen, dass dieses Set nicht nur effizient ist, sondern auch deinen Stil, dein Niveau und deine Leidenschaft f\u00fcr das Werfen unterstreicht.<br \/>\nUnd das ist noch nicht alles: Es ist auch ein ausgezeichnetes Geschenk f\u00fcr Liebhaber moderner und stilvoller Waffen.<\/p>\n<h2>Repliquemangacine: Der Tempel f\u00fcr geekige und historische Repliken<\/h2>\n<p>Auf <strong>Replikmangacin<\/strong>, findest du weit mehr als nur Wurfmesser: Unser Sortiment umfasst eine Vielzahl kultiger und einzigartiger Artikel.<br \/>\nDu findest auch Schwerter aus Videospielen wie das Skyward Sword aus Zelda oder das Red Queen aus Devil May Cry.<br \/>\nUnser Shop bietet auch Nachbildungen historischer Waffen an: r\u00f6mische Schwerter, Piratens\u00e4bel, antike Helme und vieles mehr.<br \/>\nF\u00fcr Fans von <a href=\"https:\/\/repliquemangacine.fr\/de\/waffen-und-westernzubehor\/\" target=\"_blank\" rel=\"noopener noreferrer\">western<\/a>, Wir haben Colts, Winchesters, Lederholster und sogar originalgetreue Sheriffsterne aus dieser Zeit.<br \/>\nNicht zu vergessen unser Sortiment an Fanartikeln und Figuren aus Kult-Mangas wie Naruto, Demon Slayer, Bleach oder <a href=\"https:\/\/repliquemangacine.fr\/de\/genshin-impact\/\" target=\"_blank\" rel=\"noopener noreferrer\">Genshin Impact.<\/a><br \/>\nKurz gesagt: Ob Sie Sammler, Liebhaber oder einfach nur neugierig sind, in unserem Katalog finden Sie bestimmt etwas, das Ihnen gef\u00e4llt.<br \/>\nWarten Sie also nicht l\u00e4nger und entdecken Sie alle unsere exklusiven Produkte online, die schnell zu Ihnen nach Hause geliefert werden.<\/p>\n<p><strong>\u26a0\ufe0f Verkauf an Minderj\u00e4hrige verboten. Nach der Bestellung kann eine Identit\u00e4tspr\u00fcfung verlangt werden, um die Vollj\u00e4hrigkeit des K\u00e4ufers zu best\u00e4tigen.<\/strong><\/p>","protected":false},"excerpt":{"rendered":"<p><strong>Technische Daten :<\/strong><\/p>\n<ul>\n<li>Marke: SCK<\/li>\n<li>Menge: 3 Messer<\/li>\n<li>Gesamtl\u00e4nge (pro Messer): ca. 20 cm<\/li>\n<li>Material: Rostfreier Stahl<\/li>\n<li>Gesamtgewicht (mit Etui): ca. 230g<\/li>\n<li>Farbe der Klinge: Metallic-Blau<\/li>\n<li>Griff: Geflochtenes blaues Tau<\/li>\n<li>Etui: Schwarzes Cordura mit Klettverschluss + G\u00fcrtelschlaufe<\/li>\n<\/ul>","protected":false},"featured_media":87110,"template":"","meta":[],"product_brand":[],"product_cat":[894,884],"product_tag":[],"class_list":{"0":"post-87105","1":"product","2":"type-product","3":"status-publish","4":"has-post-thumbnail","6":"product_cat-couteaux-de-lancer-et-etoiles","7":"product_cat-coutellerie","9":"first","10":"outofstock","11":"taxable","12":"shipping-taxable","13":"purchasable","14":"product-type-simple"},"yoast_head":"<!-- This site is optimized with the Yoast SEO plugin v27.5 - https:\/\/yoast.com\/product\/yoast-seo-wordpress\/ -->\n<title>Set 3 Couteaux \u00e0 Lancer Bleu SCK | R\u00e9plique Manga Cin\u00e9<\/title>\n<meta name=\"description\" content=\"Set 3 Couteaux \u00e0 Lancer Bleu SCK, lames stylis\u00e9es, poign\u00e9e en corde tress\u00e9e + \u00e9tui ceinture. Parfait pour lancer ou collection.\" \/>\n<meta name=\"robots\" content=\"index, follow, max-snippet:-1, max-image-preview:large, max-video-preview:-1\" \/>\n<link rel=\"canonical\" href=\"https:\/\/repliquemangacine.fr\/de\/besteck\/set-3-wurfmesser-sck-blau\/\" \/>\n<meta property=\"og:locale\" content=\"de_DE\" \/>\n<meta property=\"og:type\" content=\"article\" \/>\n<meta property=\"og:title\" content=\"Set 3 Couteaux \u00e0 Lancer Bleu SCK | R\u00e9plique Manga Cin\u00e9\" \/>\n<meta property=\"og:description\" content=\"Set 3 Couteaux \u00e0 Lancer Bleu SCK, lames stylis\u00e9es, poign\u00e9e en corde tress\u00e9e + \u00e9tui ceinture. Parfait pour lancer ou collection.\" \/>\n<meta property=\"og:url\" content=\"https:\/\/repliquemangacine.fr\/de\/besteck\/set-3-wurfmesser-sck-blau\/\" \/>\n<meta property=\"og:site_name\" content=\"R\u00e9plique Manga Cin\u00e9\" \/>\n<meta property=\"article:publisher\" content=\"https:\/\/www.facebook.com\/RepliqueMangaCine\" \/>\n<meta property=\"article:modified_time\" content=\"2026-04-04T02:52:55+00:00\" \/>\n<meta property=\"og:image\" content=\"https:\/\/repliquemangacine.fr\/wp-content\/uploads\/2025\/08\/Couteaux-a-lancer-SCK-Bleu.jpg\" \/>\n\t<meta property=\"og:image:width\" content=\"700\" \/>\n\t<meta property=\"og:image:height\" content=\"700\" \/>\n\t<meta property=\"og:image:type\" content=\"image\/jpeg\" \/>\n<meta name=\"twitter:card\" content=\"summary_large_image\" \/>\n<meta name=\"twitter:label1\" content=\"Gesch\u00e4tzte Lesezeit\" \/>\n\t<meta name=\"twitter:data1\" content=\"3\u00a0Minuten\" \/>\n<script type=\"application\/ld+json\" class=\"yoast-schema-graph\">{\"@context\":\"https:\\\/\\\/schema.org\",\"@graph\":[{\"@type\":\"WebPage\",\"@id\":\"https:\\\/\\\/repliquemangacine.fr\\\/coutellerie\\\/set-3-couteaux-a-lancer-sck-bleu\\\/\",\"url\":\"https:\\\/\\\/repliquemangacine.fr\\\/coutellerie\\\/set-3-couteaux-a-lancer-sck-bleu\\\/\",\"name\":\"Set 3 Couteaux \u00e0 Lancer Bleu SCK | R\u00e9plique Manga Cin\u00e9\",\"isPartOf\":{\"@id\":\"https:\\\/\\\/repliquemangacine.fr\\\/#website\"},\"primaryImageOfPage\":{\"@id\":\"https:\\\/\\\/repliquemangacine.fr\\\/coutellerie\\\/set-3-couteaux-a-lancer-sck-bleu\\\/#primaryimage\"},\"image\":{\"@id\":\"https:\\\/\\\/repliquemangacine.fr\\\/coutellerie\\\/set-3-couteaux-a-lancer-sck-bleu\\\/#primaryimage\"},\"thumbnailUrl\":\"https:\\\/\\\/repliquemangacine.fr\\\/wp-content\\\/uploads\\\/2025\\\/08\\\/Couteaux-a-lancer-SCK-Bleu.jpg\",\"datePublished\":\"2025-08-05T08:48:31+00:00\",\"dateModified\":\"2026-04-04T02:52:55+00:00\",\"description\":\"Set 3 Couteaux \u00e0 Lancer Bleu SCK, lames stylis\u00e9es, poign\u00e9e en corde tress\u00e9e + \u00e9tui ceinture. Parfait pour lancer ou collection.\",\"breadcrumb\":{\"@id\":\"https:\\\/\\\/repliquemangacine.fr\\\/coutellerie\\\/set-3-couteaux-a-lancer-sck-bleu\\\/#breadcrumb\"},\"inLanguage\":\"de\",\"potentialAction\":[{\"@type\":\"ReadAction\",\"target\":[\"https:\\\/\\\/repliquemangacine.fr\\\/coutellerie\\\/set-3-couteaux-a-lancer-sck-bleu\\\/\"]}]},{\"@type\":\"ImageObject\",\"inLanguage\":\"de\",\"@id\":\"https:\\\/\\\/repliquemangacine.fr\\\/coutellerie\\\/set-3-couteaux-a-lancer-sck-bleu\\\/#primaryimage\",\"url\":\"https:\\\/\\\/repliquemangacine.fr\\\/wp-content\\\/uploads\\\/2025\\\/08\\\/Couteaux-a-lancer-SCK-Bleu.jpg\",\"contentUrl\":\"https:\\\/\\\/repliquemangacine.fr\\\/wp-content\\\/uploads\\\/2025\\\/08\\\/Couteaux-a-lancer-SCK-Bleu.jpg\",\"width\":700,\"height\":700,\"caption\":\"Couteaux-\u00e0-lancer-SCK-Bleu\"},{\"@type\":\"BreadcrumbList\",\"@id\":\"https:\\\/\\\/repliquemangacine.fr\\\/coutellerie\\\/set-3-couteaux-a-lancer-sck-bleu\\\/#breadcrumb\",\"itemListElement\":[{\"@type\":\"ListItem\",\"position\":1,\"name\":\"Accueil\",\"item\":\"https:\\\/\\\/repliquemangacine.fr\\\/\"},{\"@type\":\"ListItem\",\"position\":2,\"name\":\"Produits\",\"item\":\"https:\\\/\\\/repliquemangacine.fr\\\/boutique\\\/\"},{\"@type\":\"ListItem\",\"position\":3,\"name\":\"Set 3 Couteaux \u00e0 Lancer Bleu SCK\"}]},{\"@type\":\"WebSite\",\"@id\":\"https:\\\/\\\/repliquemangacine.fr\\\/#website\",\"url\":\"https:\\\/\\\/repliquemangacine.fr\\\/\",\"name\":\"R\u00e9plique Manga Cin\u00e9\",\"description\":\"\",\"publisher\":{\"@id\":\"https:\\\/\\\/repliquemangacine.fr\\\/#organization\"},\"potentialAction\":[{\"@type\":\"SearchAction\",\"target\":{\"@type\":\"EntryPoint\",\"urlTemplate\":\"https:\\\/\\\/repliquemangacine.fr\\\/?s={search_term_string}\"},\"query-input\":{\"@type\":\"PropertyValueSpecification\",\"valueRequired\":true,\"valueName\":\"search_term_string\"}}],\"inLanguage\":\"de\"},{\"@type\":\"Organization\",\"@id\":\"https:\\\/\\\/repliquemangacine.fr\\\/#organization\",\"name\":\"R\u00e9plique Manga Cin\u00e9\",\"url\":\"https:\\\/\\\/repliquemangacine.fr\\\/\",\"logo\":{\"@type\":\"ImageObject\",\"inLanguage\":\"de\",\"@id\":\"https:\\\/\\\/repliquemangacine.fr\\\/#\\\/schema\\\/logo\\\/image\\\/\",\"url\":\"https:\\\/\\\/repliquemangacine.fr\\\/wp-content\\\/uploads\\\/2023\\\/10\\\/RMC-500250.png\",\"contentUrl\":\"https:\\\/\\\/repliquemangacine.fr\\\/wp-content\\\/uploads\\\/2023\\\/10\\\/RMC-500250.png\",\"width\":500,\"height\":250,\"caption\":\"R\u00e9plique Manga Cin\u00e9\"},\"image\":{\"@id\":\"https:\\\/\\\/repliquemangacine.fr\\\/#\\\/schema\\\/logo\\\/image\\\/\"},\"sameAs\":[\"https:\\\/\\\/www.facebook.com\\\/RepliqueMangaCine\",\"https:\\\/\\\/www.instagram.com\\\/repliquemangacine.fr\\\/\"]}]}<\/script>\n<!-- \/ Yoast SEO plugin. -->","yoast_head_json":{"title":"Set 3 Wurfmesser Blau SCK | R\u00e9plique Manga Cin\u00e9","description":"Set aus 3 Wurfmessern SCK Blau, stilisierte Klingen, Griff aus geflochtenem Seil + G\u00fcrtelholster. Perfekt zum Werfen oder Sammeln.","robots":{"index":"index","follow":"follow","max-snippet":"max-snippet:-1","max-image-preview":"max-image-preview:large","max-video-preview":"max-video-preview:-1"},"canonical":"https:\/\/repliquemangacine.fr\/de\/besteck\/set-3-wurfmesser-sck-blau\/","og_locale":"de_DE","og_type":"article","og_title":"Set 3 Couteaux \u00e0 Lancer Bleu SCK | R\u00e9plique Manga Cin\u00e9","og_description":"Set 3 Couteaux \u00e0 Lancer Bleu SCK, lames stylis\u00e9es, poign\u00e9e en corde tress\u00e9e + \u00e9tui ceinture. Parfait pour lancer ou collection.","og_url":"https:\/\/repliquemangacine.fr\/de\/besteck\/set-3-wurfmesser-sck-blau\/","og_site_name":"R\u00e9plique Manga Cin\u00e9","article_publisher":"https:\/\/www.facebook.com\/RepliqueMangaCine","article_modified_time":"2026-04-04T02:52:55+00:00","og_image":[{"width":700,"height":700,"url":"https:\/\/repliquemangacine.fr\/wp-content\/uploads\/2025\/08\/Couteaux-a-lancer-SCK-Bleu.jpg","type":"image\/jpeg"}],"twitter_card":"summary_large_image","twitter_misc":{"Gesch\u00e4tzte Lesezeit":"3\u00a0Minuten"},"schema":{"@context":"https:\/\/schema.org","@graph":[{"@type":"WebPage","@id":"https:\/\/repliquemangacine.fr\/coutellerie\/set-3-couteaux-a-lancer-sck-bleu\/","url":"https:\/\/repliquemangacine.fr\/coutellerie\/set-3-couteaux-a-lancer-sck-bleu\/","name":"Set 3 Wurfmesser Blau SCK | R\u00e9plique Manga Cin\u00e9","isPartOf":{"@id":"https:\/\/repliquemangacine.fr\/#website"},"primaryImageOfPage":{"@id":"https:\/\/repliquemangacine.fr\/coutellerie\/set-3-couteaux-a-lancer-sck-bleu\/#primaryimage"},"image":{"@id":"https:\/\/repliquemangacine.fr\/coutellerie\/set-3-couteaux-a-lancer-sck-bleu\/#primaryimage"},"thumbnailUrl":"https:\/\/repliquemangacine.fr\/wp-content\/uploads\/2025\/08\/Couteaux-a-lancer-SCK-Bleu.jpg","datePublished":"2025-08-05T08:48:31+00:00","dateModified":"2026-04-04T02:52:55+00:00","description":"Set aus 3 Wurfmessern SCK Blau, stilisierte Klingen, Griff aus geflochtenem Seil + G\u00fcrtelholster. Perfekt zum Werfen oder Sammeln.","breadcrumb":{"@id":"https:\/\/repliquemangacine.fr\/coutellerie\/set-3-couteaux-a-lancer-sck-bleu\/#breadcrumb"},"inLanguage":"de","potentialAction":[{"@type":"ReadAction","target":["https:\/\/repliquemangacine.fr\/coutellerie\/set-3-couteaux-a-lancer-sck-bleu\/"]}]},{"@type":"ImageObject","inLanguage":"de","@id":"https:\/\/repliquemangacine.fr\/coutellerie\/set-3-couteaux-a-lancer-sck-bleu\/#primaryimage","url":"https:\/\/repliquemangacine.fr\/wp-content\/uploads\/2025\/08\/Couteaux-a-lancer-SCK-Bleu.jpg","contentUrl":"https:\/\/repliquemangacine.fr\/wp-content\/uploads\/2025\/08\/Couteaux-a-lancer-SCK-Bleu.jpg","width":700,"height":700,"caption":"Couteaux-\u00e0-lancer-SCK-Bleu"},{"@type":"BreadcrumbList","@id":"https:\/\/repliquemangacine.fr\/coutellerie\/set-3-couteaux-a-lancer-sck-bleu\/#breadcrumb","itemListElement":[{"@type":"ListItem","position":1,"name":"Accueil","item":"https:\/\/repliquemangacine.fr\/"},{"@type":"ListItem","position":2,"name":"Produits","item":"https:\/\/repliquemangacine.fr\/boutique\/"},{"@type":"ListItem","position":3,"name":"Set 3 Couteaux \u00e0 Lancer Bleu SCK"}]},{"@type":"WebSite","@id":"https:\/\/repliquemangacine.fr\/#website","url":"https:\/\/repliquemangacine.fr\/","name":"R\u00e9plique Manga Cin\u00e9","description":"","publisher":{"@id":"https:\/\/repliquemangacine.fr\/#organization"},"potentialAction":[{"@type":"SearchAction","target":{"@type":"EntryPoint","urlTemplate":"https:\/\/repliquemangacine.fr\/?s={search_term_string}"},"query-input":{"@type":"PropertyValueSpecification","valueRequired":true,"valueName":"search_term_string"}}],"inLanguage":"de"},{"@type":"Organization","@id":"https:\/\/repliquemangacine.fr\/#organization","name":"R\u00e9plique Manga Cin\u00e9","url":"https:\/\/repliquemangacine.fr\/","logo":{"@type":"ImageObject","inLanguage":"de","@id":"https:\/\/repliquemangacine.fr\/#\/schema\/logo\/image\/","url":"https:\/\/repliquemangacine.fr\/wp-content\/uploads\/2023\/10\/RMC-500250.png","contentUrl":"https:\/\/repliquemangacine.fr\/wp-content\/uploads\/2023\/10\/RMC-500250.png","width":500,"height":250,"caption":"R\u00e9plique Manga Cin\u00e9"},"image":{"@id":"https:\/\/repliquemangacine.fr\/#\/schema\/logo\/image\/"},"sameAs":["https:\/\/www.facebook.com\/RepliqueMangaCine","https:\/\/www.instagram.com\/repliquemangacine.fr\/"]}]}},"_links":{"self":[{"href":"https:\/\/repliquemangacine.fr\/de\/wp-json\/wp\/v2\/product\/87105","targetHints":{"allow":["GET"]}}],"collection":[{"href":"https:\/\/repliquemangacine.fr\/de\/wp-json\/wp\/v2\/product"}],"about":[{"href":"https:\/\/repliquemangacine.fr\/de\/wp-json\/wp\/v2\/types\/product"}],"wp:featuredmedia":[{"embeddable":true,"href":"https:\/\/repliquemangacine.fr\/de\/wp-json\/wp\/v2\/media\/87110"}],"wp:attachment":[{"href":"https:\/\/repliquemangacine.fr\/de\/wp-json\/wp\/v2\/media?parent=87105"}],"wp:term":[{"taxonomy":"product_brand","embeddable":true,"href":"https:\/\/repliquemangacine.fr\/de\/wp-json\/wp\/v2\/product_brand?post=87105"},{"taxonomy":"product_cat","embeddable":true,"href":"https:\/\/repliquemangacine.fr\/de\/wp-json\/wp\/v2\/product_cat?post=87105"},{"taxonomy":"product_tag","embeddable":true,"href":"https:\/\/repliquemangacine.fr\/de\/wp-json\/wp\/v2\/product_tag?post=87105"}],"curies":[{"name":"wp","href":"https:\/\/api.w.org\/{rel}","templated":true}]}}