





{"id":87006,"date":"2025-08-01T15:37:50","date_gmt":"2025-08-01T13:37:50","guid":{"rendered":"https:\/\/repliquemangacine.fr\/?post_type=product&#038;p=87006"},"modified":"2025-11-12T23:37:55","modified_gmt":"2025-11-12T22:37:55","slug":"schwert-der-templer-de-luxe","status":"publish","type":"product","link":"https:\/\/repliquemangacine.fr\/de\/epee-templier-medievale\/epee-des-templiers-de-luxe\/","title":{"rendered":"Schwert der Templer de Luxe"},"content":{"rendered":"<h2>Templerschwert de Luxe - Eine prestigetr\u00e4chtige Replik zum Ausstellen<\/h2>\n<p>Tauchen Sie ein in die mystische Welt der Ritter mit diesem luxuri\u00f6sen Templerschwert, einer originalgetreuen Nachbildung, die von der mittelalterlichen Ikonografie inspiriert ist. Als Symbol f\u00fcr Glauben, Tapferkeit und Loyalit\u00e4t verk\u00f6rpert dieses reich verzierte St\u00fcck den Geist der legend\u00e4ren M\u00f6nchsritter des Templerordens.<br \/>\nMarkante Details und hochwertige Verarbeitung<\/p>\n<p>Dieses Schwert zeichnet sich durch seinen kreuzf\u00f6rmigen Handschutz mit einem roten Kreuz aus, dem traditionellen Emblem der Templer. Der Griff ist mit einer tiefroten Beschichtung \u00fcberzogen und von silbernen Details mit ziselierten Verzierungen umgeben. Der runde Knauf ist mit einer Gravur von zwei Rittern verziert, die sich ein Pferd teilen, eine symbolische Darstellung des Ordens.<\/p>\n<p>Wird mit einer schildf\u00f6rmigen Wandhalterung geliefert, die mit einem goldenen Wappenl\u00f6wen verziert ist. Diese Halterung verst\u00e4rkt die optische Wirkung des Schwertes und erm\u00f6glicht eine edle Pr\u00e4sentation in einem mittelalterlichen, historischen oder einfach nur dekorativen Interieur.<\/p>\n<h2>Das legend\u00e4re Erbe der Templer<\/h2>\n<p>Seit dem 12. Jahrhundert <a href=\"https:\/\/www.templars-route.eu\/fr\/ordre-du-temple\/histoire-templiers\/\" target=\"_blank\" rel=\"noopener noreferrer\">Templer<\/a> verk\u00f6rpern Mut, Glauben und Disziplin. Tats\u00e4chlich sch\u00fctzt dieser 1119 gegr\u00fcndete Milit\u00e4r- und Orden die Pilger im Heiligen Land und f\u00fchrt gleichzeitig gro\u00dfe Schlachten w\u00e4hrend der Kreuzz\u00fcge. Dank ihrer vorbildlichen Organisation bauen sie Festungen und entwickeln ein solides Netzwerk von Komtureien in Europa. Dar\u00fcber hinaus werden ihre Waffen, insbesondere ihre reich verzierten Schwerter, zu m\u00e4chtigen Symbolen ihrer Macht.<\/p>\n<p>Heute faszinieren diese mythischen St\u00fccke weiterhin Liebhaber der mittelalterlichen Geschichte. So lassen Repliken von Templerschwertern diese legend\u00e4re Epoche wieder aufleben. Sie zeichnen sich durch ihre sorgf\u00e4ltige Verarbeitung, ihre symboltr\u00e4chtigen Kreuze und Details aus, die an die Aura der Ritter erinnern. Ein Templerschwert zu besitzen bedeutet daher, seiner Sammlung ein Objekt voller Geschichte und Geheimnisse hinzuzuf\u00fcgen, das sich perfekt zur Dekoration oder Erg\u00e4nzung eines mittelalterlichen Universums eignet.<\/p>\n<h2>Vervollst\u00e4ndigen Sie Ihre Templer-Sammlung mit unseren ikonischen Accessoires<\/h2>\n<p>Um Ihre den Templern gewidmete Sammlung zu bereichern, bietet Ihnen Repliquemangacine viel mehr als nur ein Schwert. Tats\u00e4chlich k\u00f6nnen Sie sich f\u00fcr das <a href=\"https:\/\/repliquemangacine.fr\/de\/helm-helm-ritter-templer\/helm-der-templerritter\/\">Helm der Tempelritter<\/a>Ein beeindruckendes St\u00fcck, das die Macht und Autorit\u00e4t dieser heiligen Krieger verk\u00f6rpert. F\u00fcgen Sie Ihrer Wand au\u00dferdem das majest\u00e4tische <a href=\"https:\/\/repliquemangacine.fr\/de\/schilde-und-rustungen\/schild-der-templer-metal\/\">Schild der Templer<\/a>. Perfekt, um das Schwert hervorzuheben und Ihre Leidenschaft f\u00fcr die mittelalterliche Geschichte zu bekr\u00e4ftigen. Um den Glanz Ihrer Klinge dauerhaft zu erhalten, verwenden Sie regelm\u00e4\u00dfig das<a href=\"https:\/\/repliquemangacine.fr\/de\/historische-waffen\/universalol-ballistol\/\">Ballistol-\u00d6l<\/a>. Ideal, um Metall vor Oxidation zu sch\u00fctzen und ein makelloses Finish zu bewahren. So findet jedes St\u00fcck seinen Platz in einem koh\u00e4renten, authentischen und spektakul\u00e4ren Ensemble. Ob Sie nun ein leidenschaftlicher Sammler oder ein Liebhaber historischer Gegenst\u00e4nde sind, diese Artikel bilden ein unverzichtbares Trio, um Ihr Templer-Universum zu veredeln.<\/p>","protected":false},"excerpt":{"rendered":"<p>Wundersch\u00f6ne Replik des Templer-Schwerts de Luxe.<\/p>\n<ul>\n<li>Klinge aus rostfreiem Stahl<\/li>\n<li>Knauf aus Vollstahl mit Gravuren von zwei Rittern.<\/li>\n<li>Kreuzf\u00f6rmiger Stahlb\u00fcgel mit rotem Patentkreuz.<\/li>\n<li>Wird mit seiner Wandpr\u00e4sentationsplatte aus Holz geliefert.<\/li>\n<li>L\u00e4nge der Klinge: 90 cm - Gesamtl\u00e4nge: 115 cm<\/li>\n<li>Gewicht: 1800g<\/li>\n<\/ul>","protected":false},"featured_media":87008,"template":"","meta":[],"product_brand":[896],"product_cat":[84],"product_tag":[],"class_list":{"0":"post-87006","1":"product","2":"type-product","3":"status-publish","4":"has-post-thumbnail","6":"product_brand-replique-manga-cine","7":"product_cat-epee-templier-medievale","9":"first","10":"outofstock","11":"taxable","12":"shipping-taxable","13":"purchasable","14":"product-type-simple"},"yoast_head":"<!-- This site is optimized with the Yoast SEO plugin v27.5 - https:\/\/yoast.com\/product\/yoast-seo-wordpress\/ -->\n<title>\u00c9p\u00e9e des Templiers de Luxe - R\u00e9plique Manga Cin\u00e9<\/title>\n<meta name=\"description\" content=\"D\u00e9couvrez cette \u00c9p\u00e9e des Templiers de Luxe avec blason mural. D\u00e9tails historiques soign\u00e9s, croix embl\u00e9matique et finition haut de gamme. 115 cm\" \/>\n<meta name=\"robots\" content=\"index, follow, max-snippet:-1, max-image-preview:large, max-video-preview:-1\" \/>\n<link rel=\"canonical\" href=\"https:\/\/repliquemangacine.fr\/de\/mittelalterliches-schwert-der-templer\/schwert-der-templer-de-luxe\/\" \/>\n<meta property=\"og:locale\" content=\"de_DE\" \/>\n<meta property=\"og:type\" content=\"article\" \/>\n<meta property=\"og:title\" content=\"\u00c9p\u00e9e des Templiers de Luxe - R\u00e9plique Manga Cin\u00e9\" \/>\n<meta property=\"og:description\" content=\"D\u00e9couvrez cette \u00c9p\u00e9e des Templiers de Luxe avec blason mural. D\u00e9tails historiques soign\u00e9s, croix embl\u00e9matique et finition haut de gamme. 115 cm\" \/>\n<meta property=\"og:url\" content=\"https:\/\/repliquemangacine.fr\/de\/mittelalterliches-schwert-der-templer\/schwert-der-templer-de-luxe\/\" \/>\n<meta property=\"og:site_name\" content=\"R\u00e9plique Manga Cin\u00e9\" \/>\n<meta property=\"article:publisher\" content=\"https:\/\/www.facebook.com\/RepliqueMangaCine\" \/>\n<meta property=\"article:modified_time\" content=\"2025-11-12T22:37:55+00:00\" \/>\n<meta property=\"og:image\" content=\"https:\/\/repliquemangacine.fr\/wp-content\/uploads\/2025\/08\/Epee-des-Templiers-de-Luxe.jpg\" \/>\n\t<meta property=\"og:image:width\" content=\"700\" \/>\n\t<meta property=\"og:image:height\" content=\"700\" \/>\n\t<meta property=\"og:image:type\" content=\"image\/jpeg\" \/>\n<meta name=\"twitter:card\" content=\"summary_large_image\" \/>\n<meta name=\"twitter:label1\" content=\"Gesch\u00e4tzte Lesezeit\" \/>\n\t<meta name=\"twitter:data1\" content=\"3\u00a0Minuten\" \/>\n<script type=\"application\/ld+json\" class=\"yoast-schema-graph\">{\"@context\":\"https:\\\/\\\/schema.org\",\"@graph\":[{\"@type\":\"WebPage\",\"@id\":\"https:\\\/\\\/repliquemangacine.fr\\\/epee-templier-medievale\\\/epee-des-templiers-de-luxe\\\/\",\"url\":\"https:\\\/\\\/repliquemangacine.fr\\\/epee-templier-medievale\\\/epee-des-templiers-de-luxe\\\/\",\"name\":\"\u00c9p\u00e9e des Templiers de Luxe - R\u00e9plique Manga Cin\u00e9\",\"isPartOf\":{\"@id\":\"https:\\\/\\\/repliquemangacine.fr\\\/#website\"},\"primaryImageOfPage\":{\"@id\":\"https:\\\/\\\/repliquemangacine.fr\\\/epee-templier-medievale\\\/epee-des-templiers-de-luxe\\\/#primaryimage\"},\"image\":{\"@id\":\"https:\\\/\\\/repliquemangacine.fr\\\/epee-templier-medievale\\\/epee-des-templiers-de-luxe\\\/#primaryimage\"},\"thumbnailUrl\":\"https:\\\/\\\/repliquemangacine.fr\\\/wp-content\\\/uploads\\\/2025\\\/08\\\/Epee-des-Templiers-de-Luxe.jpg\",\"datePublished\":\"2025-08-01T13:37:50+00:00\",\"dateModified\":\"2025-11-12T22:37:55+00:00\",\"description\":\"D\u00e9couvrez cette \u00c9p\u00e9e des Templiers de Luxe avec blason mural. D\u00e9tails historiques soign\u00e9s, croix embl\u00e9matique et finition haut de gamme. 115 cm\",\"breadcrumb\":{\"@id\":\"https:\\\/\\\/repliquemangacine.fr\\\/epee-templier-medievale\\\/epee-des-templiers-de-luxe\\\/#breadcrumb\"},\"inLanguage\":\"de\",\"potentialAction\":[{\"@type\":\"ReadAction\",\"target\":[\"https:\\\/\\\/repliquemangacine.fr\\\/epee-templier-medievale\\\/epee-des-templiers-de-luxe\\\/\"]}]},{\"@type\":\"ImageObject\",\"inLanguage\":\"de\",\"@id\":\"https:\\\/\\\/repliquemangacine.fr\\\/epee-templier-medievale\\\/epee-des-templiers-de-luxe\\\/#primaryimage\",\"url\":\"https:\\\/\\\/repliquemangacine.fr\\\/wp-content\\\/uploads\\\/2025\\\/08\\\/Epee-des-Templiers-de-Luxe.jpg\",\"contentUrl\":\"https:\\\/\\\/repliquemangacine.fr\\\/wp-content\\\/uploads\\\/2025\\\/08\\\/Epee-des-Templiers-de-Luxe.jpg\",\"width\":700,\"height\":700,\"caption\":\"\u00c9p\u00e9e des Templiers de Luxe\"},{\"@type\":\"BreadcrumbList\",\"@id\":\"https:\\\/\\\/repliquemangacine.fr\\\/epee-templier-medievale\\\/epee-des-templiers-de-luxe\\\/#breadcrumb\",\"itemListElement\":[{\"@type\":\"ListItem\",\"position\":1,\"name\":\"Accueil\",\"item\":\"https:\\\/\\\/repliquemangacine.fr\\\/\"},{\"@type\":\"ListItem\",\"position\":2,\"name\":\"Produits\",\"item\":\"https:\\\/\\\/repliquemangacine.fr\\\/boutique\\\/\"},{\"@type\":\"ListItem\",\"position\":3,\"name\":\"\u00c9p\u00e9e des Templiers de Luxe\"}]},{\"@type\":\"WebSite\",\"@id\":\"https:\\\/\\\/repliquemangacine.fr\\\/#website\",\"url\":\"https:\\\/\\\/repliquemangacine.fr\\\/\",\"name\":\"R\u00e9plique Manga Cin\u00e9\",\"description\":\"\",\"publisher\":{\"@id\":\"https:\\\/\\\/repliquemangacine.fr\\\/#organization\"},\"potentialAction\":[{\"@type\":\"SearchAction\",\"target\":{\"@type\":\"EntryPoint\",\"urlTemplate\":\"https:\\\/\\\/repliquemangacine.fr\\\/?s={search_term_string}\"},\"query-input\":{\"@type\":\"PropertyValueSpecification\",\"valueRequired\":true,\"valueName\":\"search_term_string\"}}],\"inLanguage\":\"de\"},{\"@type\":\"Organization\",\"@id\":\"https:\\\/\\\/repliquemangacine.fr\\\/#organization\",\"name\":\"R\u00e9plique Manga Cin\u00e9\",\"url\":\"https:\\\/\\\/repliquemangacine.fr\\\/\",\"logo\":{\"@type\":\"ImageObject\",\"inLanguage\":\"de\",\"@id\":\"https:\\\/\\\/repliquemangacine.fr\\\/#\\\/schema\\\/logo\\\/image\\\/\",\"url\":\"https:\\\/\\\/repliquemangacine.fr\\\/wp-content\\\/uploads\\\/2023\\\/10\\\/RMC-500250.png\",\"contentUrl\":\"https:\\\/\\\/repliquemangacine.fr\\\/wp-content\\\/uploads\\\/2023\\\/10\\\/RMC-500250.png\",\"width\":500,\"height\":250,\"caption\":\"R\u00e9plique Manga Cin\u00e9\"},\"image\":{\"@id\":\"https:\\\/\\\/repliquemangacine.fr\\\/#\\\/schema\\\/logo\\\/image\\\/\"},\"sameAs\":[\"https:\\\/\\\/www.facebook.com\\\/RepliqueMangaCine\",\"https:\\\/\\\/www.instagram.com\\\/repliquemangacine.fr\\\/\"]}]}<\/script>\n<!-- \/ Yoast SEO plugin. -->","yoast_head_json":{"title":"Templerschwert de Luxe - R\u00e9plique Manga Cin\u00e9","description":"Entdecken Sie dieses luxuri\u00f6se Templerschwert mit Wandwappen. Sorgf\u00e4ltig ausgearbeitete historische Details, das ikonische Kreuz und eine hochwertige Verarbeitung. 115 cm","robots":{"index":"index","follow":"follow","max-snippet":"max-snippet:-1","max-image-preview":"max-image-preview:large","max-video-preview":"max-video-preview:-1"},"canonical":"https:\/\/repliquemangacine.fr\/de\/mittelalterliches-schwert-der-templer\/schwert-der-templer-de-luxe\/","og_locale":"de_DE","og_type":"article","og_title":"\u00c9p\u00e9e des Templiers de Luxe - R\u00e9plique Manga Cin\u00e9","og_description":"D\u00e9couvrez cette \u00c9p\u00e9e des Templiers de Luxe avec blason mural. D\u00e9tails historiques soign\u00e9s, croix embl\u00e9matique et finition haut de gamme. 115 cm","og_url":"https:\/\/repliquemangacine.fr\/de\/mittelalterliches-schwert-der-templer\/schwert-der-templer-de-luxe\/","og_site_name":"R\u00e9plique Manga Cin\u00e9","article_publisher":"https:\/\/www.facebook.com\/RepliqueMangaCine","article_modified_time":"2025-11-12T22:37:55+00:00","og_image":[{"width":700,"height":700,"url":"https:\/\/repliquemangacine.fr\/wp-content\/uploads\/2025\/08\/Epee-des-Templiers-de-Luxe.jpg","type":"image\/jpeg"}],"twitter_card":"summary_large_image","twitter_misc":{"Gesch\u00e4tzte Lesezeit":"3\u00a0Minuten"},"schema":{"@context":"https:\/\/schema.org","@graph":[{"@type":"WebPage","@id":"https:\/\/repliquemangacine.fr\/epee-templier-medievale\/epee-des-templiers-de-luxe\/","url":"https:\/\/repliquemangacine.fr\/epee-templier-medievale\/epee-des-templiers-de-luxe\/","name":"Templerschwert de Luxe - R\u00e9plique Manga Cin\u00e9","isPartOf":{"@id":"https:\/\/repliquemangacine.fr\/#website"},"primaryImageOfPage":{"@id":"https:\/\/repliquemangacine.fr\/epee-templier-medievale\/epee-des-templiers-de-luxe\/#primaryimage"},"image":{"@id":"https:\/\/repliquemangacine.fr\/epee-templier-medievale\/epee-des-templiers-de-luxe\/#primaryimage"},"thumbnailUrl":"https:\/\/repliquemangacine.fr\/wp-content\/uploads\/2025\/08\/Epee-des-Templiers-de-Luxe.jpg","datePublished":"2025-08-01T13:37:50+00:00","dateModified":"2025-11-12T22:37:55+00:00","description":"Entdecken Sie dieses luxuri\u00f6se Templerschwert mit Wandwappen. Sorgf\u00e4ltig ausgearbeitete historische Details, das ikonische Kreuz und eine hochwertige Verarbeitung. 115 cm","breadcrumb":{"@id":"https:\/\/repliquemangacine.fr\/epee-templier-medievale\/epee-des-templiers-de-luxe\/#breadcrumb"},"inLanguage":"de","potentialAction":[{"@type":"ReadAction","target":["https:\/\/repliquemangacine.fr\/epee-templier-medievale\/epee-des-templiers-de-luxe\/"]}]},{"@type":"ImageObject","inLanguage":"de","@id":"https:\/\/repliquemangacine.fr\/epee-templier-medievale\/epee-des-templiers-de-luxe\/#primaryimage","url":"https:\/\/repliquemangacine.fr\/wp-content\/uploads\/2025\/08\/Epee-des-Templiers-de-Luxe.jpg","contentUrl":"https:\/\/repliquemangacine.fr\/wp-content\/uploads\/2025\/08\/Epee-des-Templiers-de-Luxe.jpg","width":700,"height":700,"caption":"\u00c9p\u00e9e des Templiers de Luxe"},{"@type":"BreadcrumbList","@id":"https:\/\/repliquemangacine.fr\/epee-templier-medievale\/epee-des-templiers-de-luxe\/#breadcrumb","itemListElement":[{"@type":"ListItem","position":1,"name":"Accueil","item":"https:\/\/repliquemangacine.fr\/"},{"@type":"ListItem","position":2,"name":"Produits","item":"https:\/\/repliquemangacine.fr\/boutique\/"},{"@type":"ListItem","position":3,"name":"\u00c9p\u00e9e des Templiers de Luxe"}]},{"@type":"WebSite","@id":"https:\/\/repliquemangacine.fr\/#website","url":"https:\/\/repliquemangacine.fr\/","name":"R\u00e9plique Manga Cin\u00e9","description":"","publisher":{"@id":"https:\/\/repliquemangacine.fr\/#organization"},"potentialAction":[{"@type":"SearchAction","target":{"@type":"EntryPoint","urlTemplate":"https:\/\/repliquemangacine.fr\/?s={search_term_string}"},"query-input":{"@type":"PropertyValueSpecification","valueRequired":true,"valueName":"search_term_string"}}],"inLanguage":"de"},{"@type":"Organization","@id":"https:\/\/repliquemangacine.fr\/#organization","name":"R\u00e9plique Manga Cin\u00e9","url":"https:\/\/repliquemangacine.fr\/","logo":{"@type":"ImageObject","inLanguage":"de","@id":"https:\/\/repliquemangacine.fr\/#\/schema\/logo\/image\/","url":"https:\/\/repliquemangacine.fr\/wp-content\/uploads\/2023\/10\/RMC-500250.png","contentUrl":"https:\/\/repliquemangacine.fr\/wp-content\/uploads\/2023\/10\/RMC-500250.png","width":500,"height":250,"caption":"R\u00e9plique Manga Cin\u00e9"},"image":{"@id":"https:\/\/repliquemangacine.fr\/#\/schema\/logo\/image\/"},"sameAs":["https:\/\/www.facebook.com\/RepliqueMangaCine","https:\/\/www.instagram.com\/repliquemangacine.fr\/"]}]}},"_links":{"self":[{"href":"https:\/\/repliquemangacine.fr\/de\/wp-json\/wp\/v2\/product\/87006","targetHints":{"allow":["GET"]}}],"collection":[{"href":"https:\/\/repliquemangacine.fr\/de\/wp-json\/wp\/v2\/product"}],"about":[{"href":"https:\/\/repliquemangacine.fr\/de\/wp-json\/wp\/v2\/types\/product"}],"wp:featuredmedia":[{"embeddable":true,"href":"https:\/\/repliquemangacine.fr\/de\/wp-json\/wp\/v2\/media\/87008"}],"wp:attachment":[{"href":"https:\/\/repliquemangacine.fr\/de\/wp-json\/wp\/v2\/media?parent=87006"}],"wp:term":[{"taxonomy":"product_brand","embeddable":true,"href":"https:\/\/repliquemangacine.fr\/de\/wp-json\/wp\/v2\/product_brand?post=87006"},{"taxonomy":"product_cat","embeddable":true,"href":"https:\/\/repliquemangacine.fr\/de\/wp-json\/wp\/v2\/product_cat?post=87006"},{"taxonomy":"product_tag","embeddable":true,"href":"https:\/\/repliquemangacine.fr\/de\/wp-json\/wp\/v2\/product_tag?post=87006"}],"curies":[{"name":"wp","href":"https:\/\/api.w.org\/{rel}","templated":true}]}}