





{"id":86993,"date":"2025-08-01T13:21:44","date_gmt":"2025-08-01T11:21:44","guid":{"rendered":"https:\/\/repliquemangacine.fr\/?post_type=product&#038;p=86993"},"modified":"2026-03-07T09:57:20","modified_gmt":"2026-03-07T08:57:20","slug":"deutsches-stiefelmesser-im42","status":"publish","type":"product","link":"https:\/\/repliquemangacine.fr\/de\/dagues-et-accessoires-seconde-guerre-mondiale-materiels-militaria\/couteau-de-botte-allemand-im42\/","title":{"rendered":"Deutsches Stiefelmesser IM42"},"content":{"rendered":"<h2>Deutsches Stiefelmesser IM42 - Ein historisches Milit\u00e4rdesign<\/h2>\n<p>Das deutsche Stiefelmesser IM42 (Infanteriemesser 42), das auf einem ikonischen Modell basiert, das von der deutschen Infanterie verwendet wurde. Das Infanteriemesser 42 war ein Gebrauchsmesser, das von der deutschen Wehrmacht w\u00e4hrend des Zweiten Weltkriegs verwendet wurde. Es diente sowohl als Mehrzweckwerkzeug als auch als Nahkampfwaffe, haupts\u00e4chlich f\u00fcr Infanterietruppen.<br class=\"yoast-text-mark\" \/>Dieses Messer, das oft in einen Stiefel gesteckt wird, zeichnet sich durch seine Einfachheit, Effizienz und Robustheit aus. Das IM42 ersetzt nach und nach das Vorg\u00e4ngermodell (das komplexere \"Heer Dolch\"). Denn es ist einfacher und g\u00fcnstiger in der Herstellung. Dieses Messer begleitet die Soldaten bei allen ihren Eins\u00e4tzen, sei es im Kampfgebiet, im Biwak oder im Sch\u00fctzengraben.<\/p>\n<h2>Eine ideale Replik f\u00fcr Geschichtsinteressierte<\/h2>\n<p>Auch ohne milit\u00e4rische Kennzeichnung entspricht diese Nachbildung des IM42 den traditionellen Linien des Originalmodells: eine gerade, schmale Klinge, ein ergonomischer Griff aus dunklem Holz mit rutschfesten Rillen und eine schwarze Hartschalenh\u00fclle, die ein diskretes Tragen erm\u00f6glicht. Es ist das perfekte Accessoire f\u00fcr Liebhaber historischer Nachstellungen, Sammler oder Fans von Milit\u00e4rmessern.<\/p>\n<p>Diese Replik wurde f\u00fcr Sammler oder Dekorationszwecke entworfen und weist keine offiziellen Symbole oder Beschriftungen auf, wodurch sie den geltenden Gesetzen entspricht. Sie bietet das authentische Aussehen, ohne die mit dem Besitz eines originalen Milit\u00e4robjekts verbundenen Risiken.<\/p>\n<h2>Entdecken Sie weitere ikonische historische Repliken<\/h2>\n<p>Neben dem ber\u00fchmten deutschen Stiefelmesser Infanteriemesser 42 bietet Ihnen R\u00e9plique Manga Cin\u00e9 eine authentische Auswahl an historischen Milit\u00e4rrepliken, die Sammler und Enthusiasten gleicherma\u00dfen begeistern werden. Zum Beispiel das <a href=\"https:\/\/repliquemangacine.fr\/de\/waffen-accessoires-weltkrieg\/granatapfel-m24-reinheitspresse\/\">Granatapfel M24 Presse-P\u00fcree<\/a> unechte Marke <a href=\"https:\/\/www.denix.fr\/\" target=\"_blank\" rel=\"noopener noreferrer\">Denix<\/a>, eine originalgetreue Nachbildung eines symboltr\u00e4chtigen St\u00fccks aus dem deutschen Arsenal, eignet sich perfekt f\u00fcr Inszenierungen oder thematische Dekorationen.<\/p>\n<p>Au\u00dferdem ist es unm\u00f6glich, das <a href=\"https:\/\/repliquemangacine.fr\/de\/dolche-und-zubehor-zweiter-weltkrieg-militarisches-material\/deutscher-helm-stahlhelm-m42\/\">deutscher Helm Stahlhelm M42<\/a> gealtert, sorgf\u00e4ltig patiniert, um die Abnutzung durch die Zeit nachzubilden. Es f\u00fcgt sich ideal in eine Sammlung zum Zweiten Weltkrieg oder bei historischen Nachstellungen ein.<\/p>\n<p>Schlie\u00dflich werden Liebhaber amerikanischer Ausr\u00fcstung die Nachbildung des <a href=\"https:\/\/repliquemangacine.fr\/de\/dolche-und-zubehor-zweiter-weltkrieg-militarisches-material\/kampfmesser-usmc-ka-bar\/\">USMC Kampfmesser KA-BAR<\/a>, der von den Marines verwendet wird. Mit seiner robusten Silhouette und seiner legend\u00e4ren Geschichte ist er ein Muss in jeder Milit\u00e4rausstellung.<\/p>\n<p>Dank dieser vielf\u00e4ltigen und traditionsbewussten Produktpalette erh\u00e4lt Ihre Sammlung eine ganz neue Dimension.<\/p>\n<p>&nbsp;<\/p>","protected":false},"excerpt":{"rendered":"<p>Deutsches Stiefelmesser Infanteriemesser 42, oft abgek\u00fcrzt als IM42.<\/p>\n<ul>\n<li>Gerade, einschneidige, nicht schneidende Klinge.<\/li>\n<li>Holzgriff mit Nieten befestigt und mit einer leichten Rille f\u00fcr einen besseren Griff.<\/li>\n<li>Kleiner Metallschutz, der verhindert, dass die Hand abrutscht.<\/li>\n<li>Schwarze Metallscheide, die so gestaltet ist, dass sie unauff\u00e4llig im Stiefel oder am G\u00fcrtel getragen werden kann, und Befestigungsclip.<\/li>\n<li>L\u00e4nge der Klinge: 15 cm - Gesamtl\u00e4nge: 27 cm<\/li>\n<\/ul>","protected":false},"featured_media":86994,"template":"","meta":[],"product_brand":[896],"product_cat":[85],"product_tag":[],"class_list":{"0":"post-86993","1":"product","2":"type-product","3":"status-publish","4":"has-post-thumbnail","6":"product_brand-replique-manga-cine","7":"product_cat-dagues-et-accessoires-seconde-guerre-mondiale-materiels-militaria","9":"first","10":"instock","11":"taxable","12":"shipping-taxable","13":"purchasable","14":"product-type-simple"},"yoast_head":"<!-- This site is optimized with the Yoast SEO plugin v27.5 - https:\/\/yoast.com\/product\/yoast-seo-wordpress\/ -->\n<title>Couteau de botte allemand IM42 - R\u00e9plique Manga Cin\u00e9<\/title>\n<meta name=\"description\" content=\"R\u00e9plique du Couteau de botte allemand IM42 (Infanteriemesser 42), sans marquage. Id\u00e9al pour collectionneurs, reconstitutions historiques militaire.\" \/>\n<meta name=\"robots\" content=\"index, follow, max-snippet:-1, max-image-preview:large, max-video-preview:-1\" \/>\n<link rel=\"canonical\" href=\"https:\/\/repliquemangacine.fr\/de\/dolche-und-zubehor-zweiter-weltkrieg-militarisches-material\/deutsches-stiefelmesser-im42\/\" \/>\n<meta property=\"og:locale\" content=\"de_DE\" \/>\n<meta property=\"og:type\" content=\"article\" \/>\n<meta property=\"og:title\" content=\"Couteau de botte allemand IM42 - R\u00e9plique Manga Cin\u00e9\" \/>\n<meta property=\"og:description\" content=\"R\u00e9plique du Couteau de botte allemand IM42 (Infanteriemesser 42), sans marquage. Id\u00e9al pour collectionneurs, reconstitutions historiques militaire.\" \/>\n<meta property=\"og:url\" content=\"https:\/\/repliquemangacine.fr\/de\/dolche-und-zubehor-zweiter-weltkrieg-militarisches-material\/deutsches-stiefelmesser-im42\/\" \/>\n<meta property=\"og:site_name\" content=\"R\u00e9plique Manga Cin\u00e9\" \/>\n<meta property=\"article:publisher\" content=\"https:\/\/www.facebook.com\/RepliqueMangaCine\" \/>\n<meta property=\"article:modified_time\" content=\"2026-03-07T08:57:20+00:00\" \/>\n<meta property=\"og:image\" content=\"https:\/\/repliquemangacine.fr\/wp-content\/uploads\/2025\/08\/COUTEAU-BOTTE-ALLEMANDE.jpg\" \/>\n\t<meta property=\"og:image:width\" content=\"700\" \/>\n\t<meta property=\"og:image:height\" content=\"700\" \/>\n\t<meta property=\"og:image:type\" content=\"image\/jpeg\" \/>\n<meta name=\"twitter:card\" content=\"summary_large_image\" \/>\n<meta name=\"twitter:label1\" content=\"Gesch\u00e4tzte Lesezeit\" \/>\n\t<meta name=\"twitter:data1\" content=\"3\u00a0Minuten\" \/>\n<script type=\"application\/ld+json\" class=\"yoast-schema-graph\">{\"@context\":\"https:\\\/\\\/schema.org\",\"@graph\":[{\"@type\":\"WebPage\",\"@id\":\"https:\\\/\\\/repliquemangacine.fr\\\/dagues-et-accessoires-seconde-guerre-mondiale-materiels-militaria\\\/couteau-de-botte-allemand-im42\\\/\",\"url\":\"https:\\\/\\\/repliquemangacine.fr\\\/dagues-et-accessoires-seconde-guerre-mondiale-materiels-militaria\\\/couteau-de-botte-allemand-im42\\\/\",\"name\":\"Couteau de botte allemand IM42 - R\u00e9plique Manga Cin\u00e9\",\"isPartOf\":{\"@id\":\"https:\\\/\\\/repliquemangacine.fr\\\/#website\"},\"primaryImageOfPage\":{\"@id\":\"https:\\\/\\\/repliquemangacine.fr\\\/dagues-et-accessoires-seconde-guerre-mondiale-materiels-militaria\\\/couteau-de-botte-allemand-im42\\\/#primaryimage\"},\"image\":{\"@id\":\"https:\\\/\\\/repliquemangacine.fr\\\/dagues-et-accessoires-seconde-guerre-mondiale-materiels-militaria\\\/couteau-de-botte-allemand-im42\\\/#primaryimage\"},\"thumbnailUrl\":\"https:\\\/\\\/repliquemangacine.fr\\\/wp-content\\\/uploads\\\/2025\\\/08\\\/COUTEAU-BOTTE-ALLEMANDE.jpg\",\"datePublished\":\"2025-08-01T11:21:44+00:00\",\"dateModified\":\"2026-03-07T08:57:20+00:00\",\"description\":\"R\u00e9plique du Couteau de botte allemand IM42 (Infanteriemesser 42), sans marquage. Id\u00e9al pour collectionneurs, reconstitutions historiques militaire.\",\"breadcrumb\":{\"@id\":\"https:\\\/\\\/repliquemangacine.fr\\\/dagues-et-accessoires-seconde-guerre-mondiale-materiels-militaria\\\/couteau-de-botte-allemand-im42\\\/#breadcrumb\"},\"inLanguage\":\"de\",\"potentialAction\":[{\"@type\":\"ReadAction\",\"target\":[\"https:\\\/\\\/repliquemangacine.fr\\\/dagues-et-accessoires-seconde-guerre-mondiale-materiels-militaria\\\/couteau-de-botte-allemand-im42\\\/\"]}]},{\"@type\":\"ImageObject\",\"inLanguage\":\"de\",\"@id\":\"https:\\\/\\\/repliquemangacine.fr\\\/dagues-et-accessoires-seconde-guerre-mondiale-materiels-militaria\\\/couteau-de-botte-allemand-im42\\\/#primaryimage\",\"url\":\"https:\\\/\\\/repliquemangacine.fr\\\/wp-content\\\/uploads\\\/2025\\\/08\\\/COUTEAU-BOTTE-ALLEMANDE.jpg\",\"contentUrl\":\"https:\\\/\\\/repliquemangacine.fr\\\/wp-content\\\/uploads\\\/2025\\\/08\\\/COUTEAU-BOTTE-ALLEMANDE.jpg\",\"width\":700,\"height\":700,\"caption\":\"Couteau de Botte Allemand IM42\"},{\"@type\":\"BreadcrumbList\",\"@id\":\"https:\\\/\\\/repliquemangacine.fr\\\/dagues-et-accessoires-seconde-guerre-mondiale-materiels-militaria\\\/couteau-de-botte-allemand-im42\\\/#breadcrumb\",\"itemListElement\":[{\"@type\":\"ListItem\",\"position\":1,\"name\":\"Accueil\",\"item\":\"https:\\\/\\\/repliquemangacine.fr\\\/\"},{\"@type\":\"ListItem\",\"position\":2,\"name\":\"Produits\",\"item\":\"https:\\\/\\\/repliquemangacine.fr\\\/boutique\\\/\"},{\"@type\":\"ListItem\",\"position\":3,\"name\":\"Couteau de botte allemand IM42\"}]},{\"@type\":\"WebSite\",\"@id\":\"https:\\\/\\\/repliquemangacine.fr\\\/#website\",\"url\":\"https:\\\/\\\/repliquemangacine.fr\\\/\",\"name\":\"R\u00e9plique Manga Cin\u00e9\",\"description\":\"\",\"publisher\":{\"@id\":\"https:\\\/\\\/repliquemangacine.fr\\\/#organization\"},\"potentialAction\":[{\"@type\":\"SearchAction\",\"target\":{\"@type\":\"EntryPoint\",\"urlTemplate\":\"https:\\\/\\\/repliquemangacine.fr\\\/?s={search_term_string}\"},\"query-input\":{\"@type\":\"PropertyValueSpecification\",\"valueRequired\":true,\"valueName\":\"search_term_string\"}}],\"inLanguage\":\"de\"},{\"@type\":\"Organization\",\"@id\":\"https:\\\/\\\/repliquemangacine.fr\\\/#organization\",\"name\":\"R\u00e9plique Manga Cin\u00e9\",\"url\":\"https:\\\/\\\/repliquemangacine.fr\\\/\",\"logo\":{\"@type\":\"ImageObject\",\"inLanguage\":\"de\",\"@id\":\"https:\\\/\\\/repliquemangacine.fr\\\/#\\\/schema\\\/logo\\\/image\\\/\",\"url\":\"https:\\\/\\\/repliquemangacine.fr\\\/wp-content\\\/uploads\\\/2023\\\/10\\\/RMC-500250.png\",\"contentUrl\":\"https:\\\/\\\/repliquemangacine.fr\\\/wp-content\\\/uploads\\\/2023\\\/10\\\/RMC-500250.png\",\"width\":500,\"height\":250,\"caption\":\"R\u00e9plique Manga Cin\u00e9\"},\"image\":{\"@id\":\"https:\\\/\\\/repliquemangacine.fr\\\/#\\\/schema\\\/logo\\\/image\\\/\"},\"sameAs\":[\"https:\\\/\\\/www.facebook.com\\\/RepliqueMangaCine\",\"https:\\\/\\\/www.instagram.com\\\/repliquemangacine.fr\\\/\"]}]}<\/script>\n<!-- \/ Yoast SEO plugin. -->","yoast_head_json":{"title":"Deutsches Stiefelmesser IM42 - R\u00e9plique Manga Cin\u00e9","description":"Replik des deutschen Stiefelmessers IM42 (Infanteriemesser 42), ohne Markierung. Ideal f\u00fcr Sammler, milit\u00e4rhistorische Rekonstruktionen.","robots":{"index":"index","follow":"follow","max-snippet":"max-snippet:-1","max-image-preview":"max-image-preview:large","max-video-preview":"max-video-preview:-1"},"canonical":"https:\/\/repliquemangacine.fr\/de\/dolche-und-zubehor-zweiter-weltkrieg-militarisches-material\/deutsches-stiefelmesser-im42\/","og_locale":"de_DE","og_type":"article","og_title":"Couteau de botte allemand IM42 - R\u00e9plique Manga Cin\u00e9","og_description":"R\u00e9plique du Couteau de botte allemand IM42 (Infanteriemesser 42), sans marquage. Id\u00e9al pour collectionneurs, reconstitutions historiques militaire.","og_url":"https:\/\/repliquemangacine.fr\/de\/dolche-und-zubehor-zweiter-weltkrieg-militarisches-material\/deutsches-stiefelmesser-im42\/","og_site_name":"R\u00e9plique Manga Cin\u00e9","article_publisher":"https:\/\/www.facebook.com\/RepliqueMangaCine","article_modified_time":"2026-03-07T08:57:20+00:00","og_image":[{"width":700,"height":700,"url":"https:\/\/repliquemangacine.fr\/wp-content\/uploads\/2025\/08\/COUTEAU-BOTTE-ALLEMANDE.jpg","type":"image\/jpeg"}],"twitter_card":"summary_large_image","twitter_misc":{"Gesch\u00e4tzte Lesezeit":"3\u00a0Minuten"},"schema":{"@context":"https:\/\/schema.org","@graph":[{"@type":"WebPage","@id":"https:\/\/repliquemangacine.fr\/dagues-et-accessoires-seconde-guerre-mondiale-materiels-militaria\/couteau-de-botte-allemand-im42\/","url":"https:\/\/repliquemangacine.fr\/dagues-et-accessoires-seconde-guerre-mondiale-materiels-militaria\/couteau-de-botte-allemand-im42\/","name":"Deutsches Stiefelmesser IM42 - R\u00e9plique Manga Cin\u00e9","isPartOf":{"@id":"https:\/\/repliquemangacine.fr\/#website"},"primaryImageOfPage":{"@id":"https:\/\/repliquemangacine.fr\/dagues-et-accessoires-seconde-guerre-mondiale-materiels-militaria\/couteau-de-botte-allemand-im42\/#primaryimage"},"image":{"@id":"https:\/\/repliquemangacine.fr\/dagues-et-accessoires-seconde-guerre-mondiale-materiels-militaria\/couteau-de-botte-allemand-im42\/#primaryimage"},"thumbnailUrl":"https:\/\/repliquemangacine.fr\/wp-content\/uploads\/2025\/08\/COUTEAU-BOTTE-ALLEMANDE.jpg","datePublished":"2025-08-01T11:21:44+00:00","dateModified":"2026-03-07T08:57:20+00:00","description":"Replik des deutschen Stiefelmessers IM42 (Infanteriemesser 42), ohne Markierung. Ideal f\u00fcr Sammler, milit\u00e4rhistorische Rekonstruktionen.","breadcrumb":{"@id":"https:\/\/repliquemangacine.fr\/dagues-et-accessoires-seconde-guerre-mondiale-materiels-militaria\/couteau-de-botte-allemand-im42\/#breadcrumb"},"inLanguage":"de","potentialAction":[{"@type":"ReadAction","target":["https:\/\/repliquemangacine.fr\/dagues-et-accessoires-seconde-guerre-mondiale-materiels-militaria\/couteau-de-botte-allemand-im42\/"]}]},{"@type":"ImageObject","inLanguage":"de","@id":"https:\/\/repliquemangacine.fr\/dagues-et-accessoires-seconde-guerre-mondiale-materiels-militaria\/couteau-de-botte-allemand-im42\/#primaryimage","url":"https:\/\/repliquemangacine.fr\/wp-content\/uploads\/2025\/08\/COUTEAU-BOTTE-ALLEMANDE.jpg","contentUrl":"https:\/\/repliquemangacine.fr\/wp-content\/uploads\/2025\/08\/COUTEAU-BOTTE-ALLEMANDE.jpg","width":700,"height":700,"caption":"Couteau de Botte Allemand IM42"},{"@type":"BreadcrumbList","@id":"https:\/\/repliquemangacine.fr\/dagues-et-accessoires-seconde-guerre-mondiale-materiels-militaria\/couteau-de-botte-allemand-im42\/#breadcrumb","itemListElement":[{"@type":"ListItem","position":1,"name":"Accueil","item":"https:\/\/repliquemangacine.fr\/"},{"@type":"ListItem","position":2,"name":"Produits","item":"https:\/\/repliquemangacine.fr\/boutique\/"},{"@type":"ListItem","position":3,"name":"Couteau de botte allemand IM42"}]},{"@type":"WebSite","@id":"https:\/\/repliquemangacine.fr\/#website","url":"https:\/\/repliquemangacine.fr\/","name":"R\u00e9plique Manga Cin\u00e9","description":"","publisher":{"@id":"https:\/\/repliquemangacine.fr\/#organization"},"potentialAction":[{"@type":"SearchAction","target":{"@type":"EntryPoint","urlTemplate":"https:\/\/repliquemangacine.fr\/?s={search_term_string}"},"query-input":{"@type":"PropertyValueSpecification","valueRequired":true,"valueName":"search_term_string"}}],"inLanguage":"de"},{"@type":"Organization","@id":"https:\/\/repliquemangacine.fr\/#organization","name":"R\u00e9plique Manga Cin\u00e9","url":"https:\/\/repliquemangacine.fr\/","logo":{"@type":"ImageObject","inLanguage":"de","@id":"https:\/\/repliquemangacine.fr\/#\/schema\/logo\/image\/","url":"https:\/\/repliquemangacine.fr\/wp-content\/uploads\/2023\/10\/RMC-500250.png","contentUrl":"https:\/\/repliquemangacine.fr\/wp-content\/uploads\/2023\/10\/RMC-500250.png","width":500,"height":250,"caption":"R\u00e9plique Manga Cin\u00e9"},"image":{"@id":"https:\/\/repliquemangacine.fr\/#\/schema\/logo\/image\/"},"sameAs":["https:\/\/www.facebook.com\/RepliqueMangaCine","https:\/\/www.instagram.com\/repliquemangacine.fr\/"]}]}},"_links":{"self":[{"href":"https:\/\/repliquemangacine.fr\/de\/wp-json\/wp\/v2\/product\/86993","targetHints":{"allow":["GET"]}}],"collection":[{"href":"https:\/\/repliquemangacine.fr\/de\/wp-json\/wp\/v2\/product"}],"about":[{"href":"https:\/\/repliquemangacine.fr\/de\/wp-json\/wp\/v2\/types\/product"}],"wp:featuredmedia":[{"embeddable":true,"href":"https:\/\/repliquemangacine.fr\/de\/wp-json\/wp\/v2\/media\/86994"}],"wp:attachment":[{"href":"https:\/\/repliquemangacine.fr\/de\/wp-json\/wp\/v2\/media?parent=86993"}],"wp:term":[{"taxonomy":"product_brand","embeddable":true,"href":"https:\/\/repliquemangacine.fr\/de\/wp-json\/wp\/v2\/product_brand?post=86993"},{"taxonomy":"product_cat","embeddable":true,"href":"https:\/\/repliquemangacine.fr\/de\/wp-json\/wp\/v2\/product_cat?post=86993"},{"taxonomy":"product_tag","embeddable":true,"href":"https:\/\/repliquemangacine.fr\/de\/wp-json\/wp\/v2\/product_tag?post=86993"}],"curies":[{"name":"wp","href":"https:\/\/api.w.org\/{rel}","templated":true}]}}