





{"id":86989,"date":"2025-08-01T12:08:46","date_gmt":"2025-08-01T10:08:46","guid":{"rendered":"https:\/\/repliquemangacine.fr\/?post_type=product&#038;p=86989"},"modified":"2025-11-12T23:43:10","modified_gmt":"2025-11-12T22:43:10","slug":"taktisches-messer-sck-schwarz","status":"publish","type":"product","link":"https:\/\/repliquemangacine.fr\/de\/coutellerie\/couteau-tactique-sck-noir\/","title":{"rendered":"Tactical Knife SCK Schwarz"},"content":{"rendered":"<h2>Ein komplettes, robustes, einsatzbereites taktisches Messer<\/h2>\n<p>Das taktische Messer SCK Noir zeichnet sich durch sein funktionales Design aus, das f\u00fcr extremste Situationen konzipiert ist.<br \/>\nErstens sorgt seine schwarze Klinge aus rostfreiem Stahl (glatt und gezahnt) f\u00fcr einen effizienten, schnellen und m\u00fchelosen Schnitt.<br \/>\nDar\u00fcber hinaus garantiert sein ergonomischer Griff aus strukturiertem Aluminium einen hervorragenden Halt, selbst mit Handschuhen oder bei Regen.<br \/>\nDar\u00fcber hinaus erm\u00f6glicht die unterst\u00fctzte \u00d6ffnung dank des Flipper-Systems oder des seitlichen Daumens eine sofortige Entfaltung mit einer Hand.<br \/>\nEs verf\u00fcgt au\u00dferdem \u00fcber einen Gurtschneider und einen Glasbrecher f\u00fcr Notf\u00e4lle und Eins\u00e4tze vor Ort.<br \/>\nSchlie\u00dflich erm\u00f6glicht die G\u00fcrtelschlaufe ein diskretes Tragen, ideal f\u00fcr den\u2019<a href=\"https:\/\/en.wikipedia.org\/wiki\/Everyday_carry\" target=\"_blank\" rel=\"noopener noreferrer\">EDC<\/a>, Wandern, Rettungsaktionen oder taktische Eins\u00e4tze.<br \/>\nDieses Messer vereint somit Robustheit, Funktionalit\u00e4t und Vielseitigkeit in einem kompakten, praktischen Format, das jederzeit einsatzbereit ist.<\/p>\n<h2>Warum sollten Sie sich f\u00fcr das SCK-Messer entscheiden? Eine taktische und multifunktionale Referenz<\/h2>\n<p>Mit dem taktischen Messer SCK Noir investieren Sie in ein zuverl\u00e4ssiges Werkzeug, das f\u00fcr Liebhaber von \u00dcberlebenstechniken und Effizienz entwickelt wurde.<br \/>\nIm Gegensatz zu einem einfachen Klappmesser bietet dieses Messer integrierte Rettungsfunktionen in einem 100 % taktischen Design.<br \/>\nSo wird es schnell unverzichtbar f\u00fcr Feuerwehrleute, Ordnungskr\u00e4fte, Milit\u00e4rangeh\u00f6rige oder alle Liebhaber gut ausgestatteter Ausr\u00fcstung.<br \/>\nDank seiner Kombiklinge eignet er sich sowohl f\u00fcr pr\u00e4zise Schnitte als auch f\u00fcr aggressivere oder technisch anspruchsvollere Aufgaben.<br \/>\nAber das ist noch nicht alles: Sein modernes, schwarzes und schlichtes Design verleiht ihm ein professionelles Aussehen und macht ihn zu einem beeindruckenden Begleiter im Einsatz.<br \/>\nLeicht, einfach zu transportieren, aber robust genug, um auch den h\u00e4rtesten Bedingungen bei l\u00e4ngerem Gebrauch standzuhalten.<br \/>\nZusammenfassend l\u00e4sst sich sagen, dass es sich nicht nur um ein Messer handelt: Es ist ein zuverl\u00e4ssiges Werkzeug, das f\u00fcr anspruchsvolle Abenteurer und Profis entwickelt wurde.<\/p>\n<h2>Dieses Messer und vieles mehr finden Sie auf Repliquemangacine<\/h2>\n<p>Auf <strong>Replikmangacin<\/strong>, Wir bieten weit mehr als nur taktische Messer: Wir begeistern uns f\u00fcr die Welt der Geeks und der Geschichte.<br \/>\nHier finden Sie leuchtende One Piece-Katanas, Schwerter aus Kultfilmen, Sammlerwaffen und exklusive Fanartikel.<br \/>\nZum Beispiel unsere Reproduktionen aus Demon Slayer, Zelda, Harry Potter oder <a href=\"https:\/\/repliquemangacine.fr\/de\/schwert-the-witcher\/\" target=\"_blank\" rel=\"noopener noreferrer\">The Witcher<\/a> sind bei den Fans sehr beliebt.<br \/>\nDar\u00fcber hinaus umfasst unser Katalog auch antike Schwerter, Piratens\u00e4bel, Westernwaffen oder originalgetreue Milit\u00e4rausr\u00fcstung.<br \/>\nJedes Produkt wurde aufgrund seiner Qualit\u00e4t, seines Designs und seiner Treue zum Werk oder zur jeweiligen historischen Epoche ausgew\u00e4hlt.<br \/>\nDank <strong>Replikmangacin<\/strong>, Hier finden Sie das perfekte Geschenk f\u00fcr Sammler, Anime-Fans, Gamer oder Geschichtsinteressierte.<br \/>\nBestellen Sie ganz einfach, profitieren Sie von einem reaktionsschnellen Kundenservice und erhalten Sie Ihre Teile schnell nach Hause geliefert.<\/p>\n<p><strong>\u26a0\ufe0f Verkauf an Minderj\u00e4hrige verboten. Nach der Bestellung kann eine Identit\u00e4tspr\u00fcfung verlangt werden, um die Vollj\u00e4hrigkeit des K\u00e4ufers zu best\u00e4tigen.<\/strong><\/p>","protected":false},"excerpt":{"rendered":"<p>Un couteau tactique complet, robuste et pr\u00eat \u00e0 l\u2019action Le couteau tactique SCK Noir se distingue par son design fonctionnel, con\u00e7u pour r\u00e9pondre aux situations les plus extr\u00eames. D\u2019abord, sa lame noire mixte (lisse et crant\u00e9e) en acier inoxydable assure une d\u00e9coupe efficace, rapide et sans effort. Ensuite, son manche ergonomique en aluminium textur\u00e9 garantit [&hellip;]<\/p>\n","protected":false},"featured_media":86992,"template":"","meta":[],"product_brand":[],"product_cat":[891,892,884],"product_tag":[],"class_list":{"0":"post-86989","1":"product","2":"type-product","3":"status-publish","4":"has-post-thumbnail","6":"product_cat-couteaux-automatiques","7":"product_cat-couteaux-tactical","8":"product_cat-coutellerie","10":"first","11":"instock","12":"taxable","13":"shipping-taxable","14":"purchasable","15":"product-type-simple"},"yoast_head":"<!-- This site is optimized with the Yoast SEO plugin v27.4 - https:\/\/yoast.com\/product\/yoast-seo-wordpress\/ -->\n<title>Couteau Tactique SCK Noir - R\u00e9plique Manga Cin\u00e9<\/title>\n<meta name=\"description\" content=\"Couteau Tactique SCK Noir pliant avec lame mixte (lisse + crant\u00e9e), coupe-ceinture, brise-vitre et clip ceinture. Id\u00e9al pour la survie ou l&#039;EDC\" \/>\n<meta name=\"robots\" content=\"index, follow, max-snippet:-1, max-image-preview:large, max-video-preview:-1\" \/>\n<link rel=\"canonical\" href=\"https:\/\/repliquemangacine.fr\/de\/besteck\/taktisches-messer-sck-schwarz\/\" \/>\n<meta property=\"og:locale\" content=\"de_DE\" \/>\n<meta property=\"og:type\" content=\"article\" \/>\n<meta property=\"og:title\" content=\"Couteau Tactique SCK Noir - R\u00e9plique Manga Cin\u00e9\" \/>\n<meta property=\"og:description\" content=\"Couteau Tactique SCK Noir pliant avec lame mixte (lisse + crant\u00e9e), coupe-ceinture, brise-vitre et clip ceinture. Id\u00e9al pour la survie ou l&#039;EDC\" \/>\n<meta property=\"og:url\" content=\"https:\/\/repliquemangacine.fr\/de\/besteck\/taktisches-messer-sck-schwarz\/\" \/>\n<meta property=\"og:site_name\" content=\"R\u00e9plique Manga Cin\u00e9\" \/>\n<meta property=\"article:publisher\" content=\"https:\/\/www.facebook.com\/RepliqueMangaCine\" \/>\n<meta property=\"article:modified_time\" content=\"2025-11-12T22:43:10+00:00\" \/>\n<meta property=\"og:image\" content=\"https:\/\/repliquemangacine.fr\/wp-content\/uploads\/2025\/08\/Couteau-Tactique-SCK-noir.jpg\" \/>\n\t<meta property=\"og:image:width\" content=\"700\" \/>\n\t<meta property=\"og:image:height\" content=\"700\" \/>\n\t<meta property=\"og:image:type\" content=\"image\/jpeg\" \/>\n<meta name=\"twitter:card\" content=\"summary_large_image\" \/>\n<meta name=\"twitter:label1\" content=\"Gesch\u00e4tzte Lesezeit\" \/>\n\t<meta name=\"twitter:data1\" content=\"3\u00a0Minuten\" \/>\n<script type=\"application\/ld+json\" class=\"yoast-schema-graph\">{\"@context\":\"https:\\\/\\\/schema.org\",\"@graph\":[{\"@type\":\"WebPage\",\"@id\":\"https:\\\/\\\/repliquemangacine.fr\\\/coutellerie\\\/couteau-tactique-sck-noir\\\/\",\"url\":\"https:\\\/\\\/repliquemangacine.fr\\\/coutellerie\\\/couteau-tactique-sck-noir\\\/\",\"name\":\"Couteau Tactique SCK Noir - R\u00e9plique Manga Cin\u00e9\",\"isPartOf\":{\"@id\":\"https:\\\/\\\/repliquemangacine.fr\\\/#website\"},\"primaryImageOfPage\":{\"@id\":\"https:\\\/\\\/repliquemangacine.fr\\\/coutellerie\\\/couteau-tactique-sck-noir\\\/#primaryimage\"},\"image\":{\"@id\":\"https:\\\/\\\/repliquemangacine.fr\\\/coutellerie\\\/couteau-tactique-sck-noir\\\/#primaryimage\"},\"thumbnailUrl\":\"https:\\\/\\\/repliquemangacine.fr\\\/wp-content\\\/uploads\\\/2025\\\/08\\\/Couteau-Tactique-SCK-noir.jpg\",\"datePublished\":\"2025-08-01T10:08:46+00:00\",\"dateModified\":\"2025-11-12T22:43:10+00:00\",\"description\":\"Couteau Tactique SCK Noir pliant avec lame mixte (lisse + crant\u00e9e), coupe-ceinture, brise-vitre et clip ceinture. Id\u00e9al pour la survie ou l'EDC\",\"breadcrumb\":{\"@id\":\"https:\\\/\\\/repliquemangacine.fr\\\/coutellerie\\\/couteau-tactique-sck-noir\\\/#breadcrumb\"},\"inLanguage\":\"de\",\"potentialAction\":[{\"@type\":\"ReadAction\",\"target\":[\"https:\\\/\\\/repliquemangacine.fr\\\/coutellerie\\\/couteau-tactique-sck-noir\\\/\"]}]},{\"@type\":\"ImageObject\",\"inLanguage\":\"de\",\"@id\":\"https:\\\/\\\/repliquemangacine.fr\\\/coutellerie\\\/couteau-tactique-sck-noir\\\/#primaryimage\",\"url\":\"https:\\\/\\\/repliquemangacine.fr\\\/wp-content\\\/uploads\\\/2025\\\/08\\\/Couteau-Tactique-SCK-noir.jpg\",\"contentUrl\":\"https:\\\/\\\/repliquemangacine.fr\\\/wp-content\\\/uploads\\\/2025\\\/08\\\/Couteau-Tactique-SCK-noir.jpg\",\"width\":700,\"height\":700,\"caption\":\"Couteau-Tactique-SCK-noir\"},{\"@type\":\"BreadcrumbList\",\"@id\":\"https:\\\/\\\/repliquemangacine.fr\\\/coutellerie\\\/couteau-tactique-sck-noir\\\/#breadcrumb\",\"itemListElement\":[{\"@type\":\"ListItem\",\"position\":1,\"name\":\"Accueil\",\"item\":\"https:\\\/\\\/repliquemangacine.fr\\\/\"},{\"@type\":\"ListItem\",\"position\":2,\"name\":\"Produits\",\"item\":\"https:\\\/\\\/repliquemangacine.fr\\\/boutique\\\/\"},{\"@type\":\"ListItem\",\"position\":3,\"name\":\"Couteau Tactique SCK Noir\"}]},{\"@type\":\"WebSite\",\"@id\":\"https:\\\/\\\/repliquemangacine.fr\\\/#website\",\"url\":\"https:\\\/\\\/repliquemangacine.fr\\\/\",\"name\":\"R\u00e9plique Manga Cin\u00e9\",\"description\":\"\",\"publisher\":{\"@id\":\"https:\\\/\\\/repliquemangacine.fr\\\/#organization\"},\"potentialAction\":[{\"@type\":\"SearchAction\",\"target\":{\"@type\":\"EntryPoint\",\"urlTemplate\":\"https:\\\/\\\/repliquemangacine.fr\\\/?s={search_term_string}\"},\"query-input\":{\"@type\":\"PropertyValueSpecification\",\"valueRequired\":true,\"valueName\":\"search_term_string\"}}],\"inLanguage\":\"de\"},{\"@type\":\"Organization\",\"@id\":\"https:\\\/\\\/repliquemangacine.fr\\\/#organization\",\"name\":\"R\u00e9plique Manga Cin\u00e9\",\"url\":\"https:\\\/\\\/repliquemangacine.fr\\\/\",\"logo\":{\"@type\":\"ImageObject\",\"inLanguage\":\"de\",\"@id\":\"https:\\\/\\\/repliquemangacine.fr\\\/#\\\/schema\\\/logo\\\/image\\\/\",\"url\":\"https:\\\/\\\/repliquemangacine.fr\\\/wp-content\\\/uploads\\\/2023\\\/10\\\/RMC-500250.png\",\"contentUrl\":\"https:\\\/\\\/repliquemangacine.fr\\\/wp-content\\\/uploads\\\/2023\\\/10\\\/RMC-500250.png\",\"width\":500,\"height\":250,\"caption\":\"R\u00e9plique Manga Cin\u00e9\"},\"image\":{\"@id\":\"https:\\\/\\\/repliquemangacine.fr\\\/#\\\/schema\\\/logo\\\/image\\\/\"},\"sameAs\":[\"https:\\\/\\\/www.facebook.com\\\/RepliqueMangaCine\",\"https:\\\/\\\/www.instagram.com\\\/repliquemangacine.fr\\\/\"]}]}<\/script>\n<!-- \/ Yoast SEO plugin. -->","yoast_head_json":{"title":"SCK Tactical Knife Schwarz - R\u00e9plique Manga Cin\u00e9","description":"SCK Black Tactical Knife Klappmesser mit gemischter Klinge (glatt + gezackt), Gurtschneider, Glasbrecher und G\u00fcrtelclip. Ideal zum \u00dcberleben oder EDC","robots":{"index":"index","follow":"follow","max-snippet":"max-snippet:-1","max-image-preview":"max-image-preview:large","max-video-preview":"max-video-preview:-1"},"canonical":"https:\/\/repliquemangacine.fr\/de\/besteck\/taktisches-messer-sck-schwarz\/","og_locale":"de_DE","og_type":"article","og_title":"Couteau Tactique SCK Noir - R\u00e9plique Manga Cin\u00e9","og_description":"Couteau Tactique SCK Noir pliant avec lame mixte (lisse + crant\u00e9e), coupe-ceinture, brise-vitre et clip ceinture. Id\u00e9al pour la survie ou l'EDC","og_url":"https:\/\/repliquemangacine.fr\/de\/besteck\/taktisches-messer-sck-schwarz\/","og_site_name":"R\u00e9plique Manga Cin\u00e9","article_publisher":"https:\/\/www.facebook.com\/RepliqueMangaCine","article_modified_time":"2025-11-12T22:43:10+00:00","og_image":[{"width":700,"height":700,"url":"https:\/\/repliquemangacine.fr\/wp-content\/uploads\/2025\/08\/Couteau-Tactique-SCK-noir.jpg","type":"image\/jpeg"}],"twitter_card":"summary_large_image","twitter_misc":{"Gesch\u00e4tzte Lesezeit":"3\u00a0Minuten"},"schema":{"@context":"https:\/\/schema.org","@graph":[{"@type":"WebPage","@id":"https:\/\/repliquemangacine.fr\/coutellerie\/couteau-tactique-sck-noir\/","url":"https:\/\/repliquemangacine.fr\/coutellerie\/couteau-tactique-sck-noir\/","name":"SCK Tactical Knife Schwarz - R\u00e9plique Manga Cin\u00e9","isPartOf":{"@id":"https:\/\/repliquemangacine.fr\/#website"},"primaryImageOfPage":{"@id":"https:\/\/repliquemangacine.fr\/coutellerie\/couteau-tactique-sck-noir\/#primaryimage"},"image":{"@id":"https:\/\/repliquemangacine.fr\/coutellerie\/couteau-tactique-sck-noir\/#primaryimage"},"thumbnailUrl":"https:\/\/repliquemangacine.fr\/wp-content\/uploads\/2025\/08\/Couteau-Tactique-SCK-noir.jpg","datePublished":"2025-08-01T10:08:46+00:00","dateModified":"2025-11-12T22:43:10+00:00","description":"SCK Black Tactical Knife Klappmesser mit gemischter Klinge (glatt + gezackt), Gurtschneider, Glasbrecher und G\u00fcrtelclip. Ideal zum \u00dcberleben oder EDC","breadcrumb":{"@id":"https:\/\/repliquemangacine.fr\/coutellerie\/couteau-tactique-sck-noir\/#breadcrumb"},"inLanguage":"de","potentialAction":[{"@type":"ReadAction","target":["https:\/\/repliquemangacine.fr\/coutellerie\/couteau-tactique-sck-noir\/"]}]},{"@type":"ImageObject","inLanguage":"de","@id":"https:\/\/repliquemangacine.fr\/coutellerie\/couteau-tactique-sck-noir\/#primaryimage","url":"https:\/\/repliquemangacine.fr\/wp-content\/uploads\/2025\/08\/Couteau-Tactique-SCK-noir.jpg","contentUrl":"https:\/\/repliquemangacine.fr\/wp-content\/uploads\/2025\/08\/Couteau-Tactique-SCK-noir.jpg","width":700,"height":700,"caption":"Couteau-Tactique-SCK-noir"},{"@type":"BreadcrumbList","@id":"https:\/\/repliquemangacine.fr\/coutellerie\/couteau-tactique-sck-noir\/#breadcrumb","itemListElement":[{"@type":"ListItem","position":1,"name":"Accueil","item":"https:\/\/repliquemangacine.fr\/"},{"@type":"ListItem","position":2,"name":"Produits","item":"https:\/\/repliquemangacine.fr\/boutique\/"},{"@type":"ListItem","position":3,"name":"Couteau Tactique SCK Noir"}]},{"@type":"WebSite","@id":"https:\/\/repliquemangacine.fr\/#website","url":"https:\/\/repliquemangacine.fr\/","name":"R\u00e9plique Manga Cin\u00e9","description":"","publisher":{"@id":"https:\/\/repliquemangacine.fr\/#organization"},"potentialAction":[{"@type":"SearchAction","target":{"@type":"EntryPoint","urlTemplate":"https:\/\/repliquemangacine.fr\/?s={search_term_string}"},"query-input":{"@type":"PropertyValueSpecification","valueRequired":true,"valueName":"search_term_string"}}],"inLanguage":"de"},{"@type":"Organization","@id":"https:\/\/repliquemangacine.fr\/#organization","name":"R\u00e9plique Manga Cin\u00e9","url":"https:\/\/repliquemangacine.fr\/","logo":{"@type":"ImageObject","inLanguage":"de","@id":"https:\/\/repliquemangacine.fr\/#\/schema\/logo\/image\/","url":"https:\/\/repliquemangacine.fr\/wp-content\/uploads\/2023\/10\/RMC-500250.png","contentUrl":"https:\/\/repliquemangacine.fr\/wp-content\/uploads\/2023\/10\/RMC-500250.png","width":500,"height":250,"caption":"R\u00e9plique Manga Cin\u00e9"},"image":{"@id":"https:\/\/repliquemangacine.fr\/#\/schema\/logo\/image\/"},"sameAs":["https:\/\/www.facebook.com\/RepliqueMangaCine","https:\/\/www.instagram.com\/repliquemangacine.fr\/"]}]}},"_links":{"self":[{"href":"https:\/\/repliquemangacine.fr\/de\/wp-json\/wp\/v2\/product\/86989","targetHints":{"allow":["GET"]}}],"collection":[{"href":"https:\/\/repliquemangacine.fr\/de\/wp-json\/wp\/v2\/product"}],"about":[{"href":"https:\/\/repliquemangacine.fr\/de\/wp-json\/wp\/v2\/types\/product"}],"wp:featuredmedia":[{"embeddable":true,"href":"https:\/\/repliquemangacine.fr\/de\/wp-json\/wp\/v2\/media\/86992"}],"wp:attachment":[{"href":"https:\/\/repliquemangacine.fr\/de\/wp-json\/wp\/v2\/media?parent=86989"}],"wp:term":[{"taxonomy":"product_brand","embeddable":true,"href":"https:\/\/repliquemangacine.fr\/de\/wp-json\/wp\/v2\/product_brand?post=86989"},{"taxonomy":"product_cat","embeddable":true,"href":"https:\/\/repliquemangacine.fr\/de\/wp-json\/wp\/v2\/product_cat?post=86989"},{"taxonomy":"product_tag","embeddable":true,"href":"https:\/\/repliquemangacine.fr\/de\/wp-json\/wp\/v2\/product_tag?post=86989"}],"curies":[{"name":"wp","href":"https:\/\/api.w.org\/{rel}","templated":true}]}}