





{"id":86949,"date":"2025-07-30T15:38:54","date_gmt":"2025-07-30T13:38:54","guid":{"rendered":"https:\/\/repliquemangacine.fr\/?post_type=product&#038;p=86949"},"modified":"2026-02-04T11:15:58","modified_gmt":"2026-02-04T10:15:58","slug":"klappmesser-dore-sck","status":"publish","type":"product","link":"https:\/\/repliquemangacine.fr\/de\/coutellerie\/couteau-pliant-dore-sck\/","title":{"rendered":"Goldenes Klappmesser SCK"},"content":{"rendered":"<h2>Ein goldenes Klappmesser mit einem einzigartigen, schlagkr\u00e4ftigen Design<\/h2>\n<p>Das goldene SCK Klappmesser besticht durch seine Klinge <a href=\"https:\/\/fr.wikipedia.org\/wiki\/Acier_inoxydable\" target=\"_blank\" rel=\"noopener noreferrer\">Edelstahl stainless<\/a> Zweifarbig, kombiniert eine elegante schwarze und goldene satinierte Oberfl\u00e4che.<br \/>\nDank seines \u00d6ffnungshilfesystems l\u00e4sst es sich mit einer einzigen flie\u00dfenden Bewegung leicht bedienen und ist somit schnell und praktisch einsetzbar.<br \/>\nDer strukturierte Griff sorgt f\u00fcr einen hervorragenden Halt, selbst bei l\u00e4ngerem oder intensiven Gebrauch.<br \/>\nDank seiner G\u00fcrtelklammer kann man ihn diskret und sicher \u00fcberallhin mitnehmen, egal ob in die Stadt oder in die Natur.<br \/>\nEs eignet sich daher perfekt f\u00fcr Sammler oder Liebhaber von Klappmessern mit einem gepflegten, schlichten und eleganten Design.<br \/>\nSchlie\u00dflich machen ihn sein Farbkontrast und seine Ergonomie sowohl funktional als auch \u00e4sthetisch.<\/p>\n<h2>Ein stilvolles und funktionales Taschenmesser, weit entfernt von den klassischen Modellen<\/h2>\n<p>Im Gegensatz zu einigen taktischen Messern zeichnet sich dieses SCK-Modell durch sein raffiniertes Design aus.<br \/>\nEs zeichnet sich durch einen urbanen und modernen Stil aus, mit einer robusten Konstruktion und einer widerstandsf\u00e4higen Klinge.<br \/>\nDar\u00fcber hinaus macht die unterst\u00fctzte \u00d6ffnungsfunktion es zu einem schnellen und intuitiven Werkzeug, das echten Bedienkomfort f\u00fcr den t\u00e4glichen Gebrauch bietet.<br \/>\nEs ist also die perfekte Wahl f\u00fcr Messerliebhaber.<br \/>\nDar\u00fcber hinaus sorgen sein ausgewogenes Gewicht und seine Handlichkeit f\u00fcr ein angenehmes Erlebnis.<br \/>\nSchlie\u00dflich sorgen die goldenen und schwarzen Oberfl\u00e4chen f\u00fcr einen auff\u00e4lligen Kontrast, der die Aufmerksamkeit von Liebhabern sofort auf sich zieht.<br \/>\nSo wird das goldene Klappmesser SCK zu einem Lieblingsst\u00fcck, das sowohl funktional als auch ein Sammlerobjekt ist.<\/p>\n<h2>Dieses Messer und vieles mehr finden Sie auf Repliquemangacine<\/h2>\n<p>Auf <strong>Replikmangacin<\/strong>, Du findest dort weit mehr als nur dieses goldene Klappmesser: eine ganze Welt f\u00fcr Liebhaber der Popkultur.<br \/>\nUnser Shop bietet eine gro\u00dfe Auswahl an Katanas, Schwertern, S\u00e4beln, Messern und verschiedenen Sammlerst\u00fccken.<br \/>\nFans von <a href=\"https:\/\/repliquemangacine.fr\/de\/repliken-manga-videospiele\/\" target=\"_blank\" rel=\"noopener noreferrer\">Manga<\/a> werden sich \u00fcber Repliken aus One Piece, Naruto, Demon Slayer, Bleach oder Zelda freuen.<br \/>\nAber das ist noch nicht alles: Wir bieten auch legend\u00e4re Teile aus Kultfilmen wie Der Herr der Ringe oder Harry Potter an.<br \/>\nF\u00fcr Geschichtsinteressierte sind auf unserer Website auch mittelalterliche, antike oder Waffen aus dem Zweiten Weltkrieg erh\u00e4ltlich.<br \/>\nEgal, ob du Fan von Videospielen, <a href=\"https:\/\/repliquemangacine.fr\/de\/filme-tv-serien-verkauf-von-katana-schwertern-und-derivaten\/\" target=\"_blank\" rel=\"noopener noreferrer\">Kino<\/a>Wenn du ein Fan von Mangas bist oder einfach nur ein Sammler, dann findest du dein Gl\u00fcck bei <strong>Replikmangacin<\/strong>.<br \/>\nUnser Ziel ist klar: Wir m\u00f6chten dir originelle, hochwertige Produkte anbieten, die schnell geliefert werden, um deine Sammlung geb\u00fchrend zu bereichern.<\/p>\n<p><strong>\u26a0\ufe0f Verkauf an Minderj\u00e4hrige verboten. Nach der Bestellung kann eine Identit\u00e4tspr\u00fcfung verlangt werden, um die Vollj\u00e4hrigkeit des K\u00e4ufers zu best\u00e4tigen.<\/strong><\/p>","protected":false},"excerpt":{"rendered":"<p><strong>Technische Daten :<\/strong><\/p>\n<ul>\n<li>Marke: SCK<\/li>\n<li>Typ: Klappmesser mit \u00d6ffnungshilfe<\/li>\n<li>Klinge: Rostfreier Stahl, zweifarbig schwarz\/gold mit Satin-Effekt<\/li>\n<li>Dicke des Griffs: ergonomisch, liegt gut in der Hand<\/li>\n<li>Griff: Schwarze texturierte Beschichtung, goldene Eins\u00e4tze, verst\u00e4rkter Griff<\/li>\n<li>G\u00fcrtelclip: Ja, f\u00fcr diskretes und praktisches Tragen<\/li>\n<li>Verriegelungssystem: Liner lock (sichere Arretierung der Klinge)<\/li>\n<li>Klingenl\u00e4nge: ca. 8,5 cm (noch zu best\u00e4tigen)<\/li>\n<li>Gesamtl\u00e4nge (offen): ca. 20 cm<\/li>\n<li>L\u00e4nge zusammengeklappt: ca. 11,5 cm<\/li>\n<\/ul>","protected":false},"featured_media":86952,"template":"","meta":[],"product_brand":[],"product_cat":[891,886,884],"product_tag":[],"class_list":{"0":"post-86949","1":"product","2":"type-product","3":"status-publish","4":"has-post-thumbnail","6":"product_cat-couteaux-automatiques","7":"product_cat-couteaux-de-poche","8":"product_cat-coutellerie","10":"first","11":"instock","12":"taxable","13":"shipping-taxable","14":"purchasable","15":"product-type-simple"},"yoast_head":"<!-- This site is optimized with the Yoast SEO plugin v27.5 - https:\/\/yoast.com\/product\/yoast-seo-wordpress\/ -->\n<title>Couteau Pliant dor\u00e9 SCK | R\u00e9plique Manga Cin\u00e9<\/title>\n<meta name=\"description\" content=\"D\u00e9couvrez le Couteau Pliant dor\u00e9 SCK : lame inox \u00e0 ouverture assist\u00e9e, design noir et dor\u00e9, clip ceinture int\u00e9gr\u00e9. \u00c9l\u00e9gant, compact et id\u00e9al en collection.\" \/>\n<meta name=\"robots\" content=\"index, follow, max-snippet:-1, max-image-preview:large, max-video-preview:-1\" \/>\n<link rel=\"canonical\" href=\"https:\/\/repliquemangacine.fr\/de\/besteck\/klappmesser-dore-sck\/\" \/>\n<meta property=\"og:locale\" content=\"de_DE\" \/>\n<meta property=\"og:type\" content=\"article\" \/>\n<meta property=\"og:title\" content=\"Couteau Pliant dor\u00e9 SCK | R\u00e9plique Manga Cin\u00e9\" \/>\n<meta property=\"og:description\" content=\"D\u00e9couvrez le Couteau Pliant dor\u00e9 SCK : lame inox \u00e0 ouverture assist\u00e9e, design noir et dor\u00e9, clip ceinture int\u00e9gr\u00e9. \u00c9l\u00e9gant, compact et id\u00e9al en collection.\" \/>\n<meta property=\"og:url\" content=\"https:\/\/repliquemangacine.fr\/de\/besteck\/klappmesser-dore-sck\/\" \/>\n<meta property=\"og:site_name\" content=\"R\u00e9plique Manga Cin\u00e9\" \/>\n<meta property=\"article:publisher\" content=\"https:\/\/www.facebook.com\/RepliqueMangaCine\" \/>\n<meta property=\"article:modified_time\" content=\"2026-02-04T10:15:58+00:00\" \/>\n<meta property=\"og:image\" content=\"https:\/\/repliquemangacine.fr\/wp-content\/uploads\/2025\/07\/Couteau-ouverture-assiste-SCK.jpg\" \/>\n\t<meta property=\"og:image:width\" content=\"700\" \/>\n\t<meta property=\"og:image:height\" content=\"700\" \/>\n\t<meta property=\"og:image:type\" content=\"image\/jpeg\" \/>\n<meta name=\"twitter:card\" content=\"summary_large_image\" \/>\n<meta name=\"twitter:label1\" content=\"Gesch\u00e4tzte Lesezeit\" \/>\n\t<meta name=\"twitter:data1\" content=\"3\u00a0Minuten\" \/>\n<script type=\"application\/ld+json\" class=\"yoast-schema-graph\">{\"@context\":\"https:\\\/\\\/schema.org\",\"@graph\":[{\"@type\":\"WebPage\",\"@id\":\"https:\\\/\\\/repliquemangacine.fr\\\/coutellerie\\\/couteau-pliant-dore-sck\\\/\",\"url\":\"https:\\\/\\\/repliquemangacine.fr\\\/coutellerie\\\/couteau-pliant-dore-sck\\\/\",\"name\":\"Couteau Pliant dor\u00e9 SCK | R\u00e9plique Manga Cin\u00e9\",\"isPartOf\":{\"@id\":\"https:\\\/\\\/repliquemangacine.fr\\\/#website\"},\"primaryImageOfPage\":{\"@id\":\"https:\\\/\\\/repliquemangacine.fr\\\/coutellerie\\\/couteau-pliant-dore-sck\\\/#primaryimage\"},\"image\":{\"@id\":\"https:\\\/\\\/repliquemangacine.fr\\\/coutellerie\\\/couteau-pliant-dore-sck\\\/#primaryimage\"},\"thumbnailUrl\":\"https:\\\/\\\/repliquemangacine.fr\\\/wp-content\\\/uploads\\\/2025\\\/07\\\/Couteau-ouverture-assiste-SCK.jpg\",\"datePublished\":\"2025-07-30T13:38:54+00:00\",\"dateModified\":\"2026-02-04T10:15:58+00:00\",\"description\":\"D\u00e9couvrez le Couteau Pliant dor\u00e9 SCK : lame inox \u00e0 ouverture assist\u00e9e, design noir et dor\u00e9, clip ceinture int\u00e9gr\u00e9. \u00c9l\u00e9gant, compact et id\u00e9al en collection.\",\"breadcrumb\":{\"@id\":\"https:\\\/\\\/repliquemangacine.fr\\\/coutellerie\\\/couteau-pliant-dore-sck\\\/#breadcrumb\"},\"inLanguage\":\"de\",\"potentialAction\":[{\"@type\":\"ReadAction\",\"target\":[\"https:\\\/\\\/repliquemangacine.fr\\\/coutellerie\\\/couteau-pliant-dore-sck\\\/\"]}]},{\"@type\":\"ImageObject\",\"inLanguage\":\"de\",\"@id\":\"https:\\\/\\\/repliquemangacine.fr\\\/coutellerie\\\/couteau-pliant-dore-sck\\\/#primaryimage\",\"url\":\"https:\\\/\\\/repliquemangacine.fr\\\/wp-content\\\/uploads\\\/2025\\\/07\\\/Couteau-ouverture-assiste-SCK.jpg\",\"contentUrl\":\"https:\\\/\\\/repliquemangacine.fr\\\/wp-content\\\/uploads\\\/2025\\\/07\\\/Couteau-ouverture-assiste-SCK.jpg\",\"width\":700,\"height\":700,\"caption\":\"Couteau-ouverture-assist\u00e9-SCK\"},{\"@type\":\"BreadcrumbList\",\"@id\":\"https:\\\/\\\/repliquemangacine.fr\\\/coutellerie\\\/couteau-pliant-dore-sck\\\/#breadcrumb\",\"itemListElement\":[{\"@type\":\"ListItem\",\"position\":1,\"name\":\"Accueil\",\"item\":\"https:\\\/\\\/repliquemangacine.fr\\\/\"},{\"@type\":\"ListItem\",\"position\":2,\"name\":\"Produits\",\"item\":\"https:\\\/\\\/repliquemangacine.fr\\\/boutique\\\/\"},{\"@type\":\"ListItem\",\"position\":3,\"name\":\"Couteau Pliant dor\u00e9 SCK\"}]},{\"@type\":\"WebSite\",\"@id\":\"https:\\\/\\\/repliquemangacine.fr\\\/#website\",\"url\":\"https:\\\/\\\/repliquemangacine.fr\\\/\",\"name\":\"R\u00e9plique Manga Cin\u00e9\",\"description\":\"\",\"publisher\":{\"@id\":\"https:\\\/\\\/repliquemangacine.fr\\\/#organization\"},\"potentialAction\":[{\"@type\":\"SearchAction\",\"target\":{\"@type\":\"EntryPoint\",\"urlTemplate\":\"https:\\\/\\\/repliquemangacine.fr\\\/?s={search_term_string}\"},\"query-input\":{\"@type\":\"PropertyValueSpecification\",\"valueRequired\":true,\"valueName\":\"search_term_string\"}}],\"inLanguage\":\"de\"},{\"@type\":\"Organization\",\"@id\":\"https:\\\/\\\/repliquemangacine.fr\\\/#organization\",\"name\":\"R\u00e9plique Manga Cin\u00e9\",\"url\":\"https:\\\/\\\/repliquemangacine.fr\\\/\",\"logo\":{\"@type\":\"ImageObject\",\"inLanguage\":\"de\",\"@id\":\"https:\\\/\\\/repliquemangacine.fr\\\/#\\\/schema\\\/logo\\\/image\\\/\",\"url\":\"https:\\\/\\\/repliquemangacine.fr\\\/wp-content\\\/uploads\\\/2023\\\/10\\\/RMC-500250.png\",\"contentUrl\":\"https:\\\/\\\/repliquemangacine.fr\\\/wp-content\\\/uploads\\\/2023\\\/10\\\/RMC-500250.png\",\"width\":500,\"height\":250,\"caption\":\"R\u00e9plique Manga Cin\u00e9\"},\"image\":{\"@id\":\"https:\\\/\\\/repliquemangacine.fr\\\/#\\\/schema\\\/logo\\\/image\\\/\"},\"sameAs\":[\"https:\\\/\\\/www.facebook.com\\\/RepliqueMangaCine\",\"https:\\\/\\\/www.instagram.com\\\/repliquemangacine.fr\\\/\"]}]}<\/script>\n<!-- \/ Yoast SEO plugin. -->","yoast_head_json":{"title":"Goldenes Klappmesser SCK | R\u00e9plique Manga Cin\u00e9","description":"Entdecken Sie das goldene SCK Klappmesser: rostfreie Klinge mit \u00d6ffnungshilfe, schwarzes und goldenes Design, integrierter G\u00fcrtelclip. Elegant, kompakt und ideal f\u00fcr die Sammlung.","robots":{"index":"index","follow":"follow","max-snippet":"max-snippet:-1","max-image-preview":"max-image-preview:large","max-video-preview":"max-video-preview:-1"},"canonical":"https:\/\/repliquemangacine.fr\/de\/besteck\/klappmesser-dore-sck\/","og_locale":"de_DE","og_type":"article","og_title":"Couteau Pliant dor\u00e9 SCK | R\u00e9plique Manga Cin\u00e9","og_description":"D\u00e9couvrez le Couteau Pliant dor\u00e9 SCK : lame inox \u00e0 ouverture assist\u00e9e, design noir et dor\u00e9, clip ceinture int\u00e9gr\u00e9. \u00c9l\u00e9gant, compact et id\u00e9al en collection.","og_url":"https:\/\/repliquemangacine.fr\/de\/besteck\/klappmesser-dore-sck\/","og_site_name":"R\u00e9plique Manga Cin\u00e9","article_publisher":"https:\/\/www.facebook.com\/RepliqueMangaCine","article_modified_time":"2026-02-04T10:15:58+00:00","og_image":[{"width":700,"height":700,"url":"https:\/\/repliquemangacine.fr\/wp-content\/uploads\/2025\/07\/Couteau-ouverture-assiste-SCK.jpg","type":"image\/jpeg"}],"twitter_card":"summary_large_image","twitter_misc":{"Gesch\u00e4tzte Lesezeit":"3\u00a0Minuten"},"schema":{"@context":"https:\/\/schema.org","@graph":[{"@type":"WebPage","@id":"https:\/\/repliquemangacine.fr\/coutellerie\/couteau-pliant-dore-sck\/","url":"https:\/\/repliquemangacine.fr\/coutellerie\/couteau-pliant-dore-sck\/","name":"Goldenes Klappmesser SCK | R\u00e9plique Manga Cin\u00e9","isPartOf":{"@id":"https:\/\/repliquemangacine.fr\/#website"},"primaryImageOfPage":{"@id":"https:\/\/repliquemangacine.fr\/coutellerie\/couteau-pliant-dore-sck\/#primaryimage"},"image":{"@id":"https:\/\/repliquemangacine.fr\/coutellerie\/couteau-pliant-dore-sck\/#primaryimage"},"thumbnailUrl":"https:\/\/repliquemangacine.fr\/wp-content\/uploads\/2025\/07\/Couteau-ouverture-assiste-SCK.jpg","datePublished":"2025-07-30T13:38:54+00:00","dateModified":"2026-02-04T10:15:58+00:00","description":"Entdecken Sie das goldene SCK Klappmesser: rostfreie Klinge mit \u00d6ffnungshilfe, schwarzes und goldenes Design, integrierter G\u00fcrtelclip. Elegant, kompakt und ideal f\u00fcr die Sammlung.","breadcrumb":{"@id":"https:\/\/repliquemangacine.fr\/coutellerie\/couteau-pliant-dore-sck\/#breadcrumb"},"inLanguage":"de","potentialAction":[{"@type":"ReadAction","target":["https:\/\/repliquemangacine.fr\/coutellerie\/couteau-pliant-dore-sck\/"]}]},{"@type":"ImageObject","inLanguage":"de","@id":"https:\/\/repliquemangacine.fr\/coutellerie\/couteau-pliant-dore-sck\/#primaryimage","url":"https:\/\/repliquemangacine.fr\/wp-content\/uploads\/2025\/07\/Couteau-ouverture-assiste-SCK.jpg","contentUrl":"https:\/\/repliquemangacine.fr\/wp-content\/uploads\/2025\/07\/Couteau-ouverture-assiste-SCK.jpg","width":700,"height":700,"caption":"Couteau-ouverture-assist\u00e9-SCK"},{"@type":"BreadcrumbList","@id":"https:\/\/repliquemangacine.fr\/coutellerie\/couteau-pliant-dore-sck\/#breadcrumb","itemListElement":[{"@type":"ListItem","position":1,"name":"Accueil","item":"https:\/\/repliquemangacine.fr\/"},{"@type":"ListItem","position":2,"name":"Produits","item":"https:\/\/repliquemangacine.fr\/boutique\/"},{"@type":"ListItem","position":3,"name":"Couteau Pliant dor\u00e9 SCK"}]},{"@type":"WebSite","@id":"https:\/\/repliquemangacine.fr\/#website","url":"https:\/\/repliquemangacine.fr\/","name":"R\u00e9plique Manga Cin\u00e9","description":"","publisher":{"@id":"https:\/\/repliquemangacine.fr\/#organization"},"potentialAction":[{"@type":"SearchAction","target":{"@type":"EntryPoint","urlTemplate":"https:\/\/repliquemangacine.fr\/?s={search_term_string}"},"query-input":{"@type":"PropertyValueSpecification","valueRequired":true,"valueName":"search_term_string"}}],"inLanguage":"de"},{"@type":"Organization","@id":"https:\/\/repliquemangacine.fr\/#organization","name":"R\u00e9plique Manga Cin\u00e9","url":"https:\/\/repliquemangacine.fr\/","logo":{"@type":"ImageObject","inLanguage":"de","@id":"https:\/\/repliquemangacine.fr\/#\/schema\/logo\/image\/","url":"https:\/\/repliquemangacine.fr\/wp-content\/uploads\/2023\/10\/RMC-500250.png","contentUrl":"https:\/\/repliquemangacine.fr\/wp-content\/uploads\/2023\/10\/RMC-500250.png","width":500,"height":250,"caption":"R\u00e9plique Manga Cin\u00e9"},"image":{"@id":"https:\/\/repliquemangacine.fr\/#\/schema\/logo\/image\/"},"sameAs":["https:\/\/www.facebook.com\/RepliqueMangaCine","https:\/\/www.instagram.com\/repliquemangacine.fr\/"]}]}},"_links":{"self":[{"href":"https:\/\/repliquemangacine.fr\/de\/wp-json\/wp\/v2\/product\/86949","targetHints":{"allow":["GET"]}}],"collection":[{"href":"https:\/\/repliquemangacine.fr\/de\/wp-json\/wp\/v2\/product"}],"about":[{"href":"https:\/\/repliquemangacine.fr\/de\/wp-json\/wp\/v2\/types\/product"}],"wp:featuredmedia":[{"embeddable":true,"href":"https:\/\/repliquemangacine.fr\/de\/wp-json\/wp\/v2\/media\/86952"}],"wp:attachment":[{"href":"https:\/\/repliquemangacine.fr\/de\/wp-json\/wp\/v2\/media?parent=86949"}],"wp:term":[{"taxonomy":"product_brand","embeddable":true,"href":"https:\/\/repliquemangacine.fr\/de\/wp-json\/wp\/v2\/product_brand?post=86949"},{"taxonomy":"product_cat","embeddable":true,"href":"https:\/\/repliquemangacine.fr\/de\/wp-json\/wp\/v2\/product_cat?post=86949"},{"taxonomy":"product_tag","embeddable":true,"href":"https:\/\/repliquemangacine.fr\/de\/wp-json\/wp\/v2\/product_tag?post=86949"}],"curies":[{"name":"wp","href":"https:\/\/api.w.org\/{rel}","templated":true}]}}