





{"id":86912,"date":"2025-07-29T16:25:53","date_gmt":"2025-07-29T14:25:53","guid":{"rendered":"https:\/\/repliquemangacine.fr\/?post_type=product&#038;p=86912"},"modified":"2026-02-19T11:27:47","modified_gmt":"2026-02-19T10:27:47","slug":"katana-der-letzte-samurai","status":"publish","type":"product","link":"https:\/\/repliquemangacine.fr\/de\/katanas-le-dernier-samourai\/katana-le-dernier-samourai\/","title":{"rendered":"Katana Der letzte Samurai"},"content":{"rendered":"<h2>Ein Katana, das von Der letzte Samurai inspiriert wurde, detailgetreu und raffiniert.<\/h2>\n<p>Beginnen wir mit der Untersuchung dieser dekorativen Katana ist eine Hommage an die Figur Algren, gespielt von Tom Cruise in <a href=\"https:\/\/fr.wikipedia.org\/wiki\/Le_Dernier_Samoura%C3%AF\" target=\"_blank\" rel=\"noopener noreferrer\">Der letzte Samurai<\/a>.<br class=\"yoast-text-mark\" \/>Zun\u00e4chst einmal entspricht es mit seinem versilberten Holzgriff, der mit japanischen Symbolen graviert ist, der Eleganz und Strenge der Waffen unserer Vorfahren.<br \/>\nDie schwarz lackierte Scheide mit wei\u00dfen Inschriften steht f\u00fcr Adel, Meisterschaft und die Einhaltung des Bushido-Kodex.<br \/>\nDar\u00fcber hinaus symbolisiert sein mit einem Drachen gravierter Metallverschluss die innere St\u00e4rke, den Schutz und die Ehre der legend\u00e4ren Samurai.<br \/>\nMit einer L\u00e4nge von etwa 102 cm bietet dieses Katana eine perfekte Balance f\u00fcr Dekorationszwecke, Cosplay oder die pers\u00f6nliche Sammlung.<br \/>\nDer Griff ist auf traditionelle Weise geflochten, was ein beeindruckendes Erscheinungsbild garantiert, das den Schwertern japanischer Krieger nachempfunden ist.<br \/>\nDank seiner Holzkonstruktion eignet es sich perfekt f\u00fcr Liebhaber, die ein symboltr\u00e4chtiges St\u00fcck ohne scharfe Kanten ausstellen m\u00f6chten.<\/p>\n<h2>Warum dieses dekorative Katana ein einzigartiges und unverzichtbares St\u00fcck ist, das man besitzen sollte<\/h2>\n<p>Dieses Katana aus Holz ist nicht nur dekorativ, sondern verk\u00f6rpert auch eine Philosophie, einen Lebensstil und eine Epoche.<br class=\"yoast-text-mark\" \/>Der Film Der letzte Samurai beleuchtet den \u00dcbergang zwischen Tradition und Moderne, der in dieser originalgetreuen Replik perfekt dargestellt wird.<br class=\"yoast-text-mark\" \/>Dank seiner hochwertigen Verarbeitung wird dieses Schwert schnell zum Blickfang in jeder Dekoration mit japanischem oder Filmthema.<br class=\"yoast-text-mark\" \/>Wenn Sie es zu Hause ausstellen, zeigen Sie nicht nur einen sicheren Geschmack, sondern auch Ihre Bewunderung f\u00fcr die Geschichte und Japan.<br class=\"yoast-text-mark\" \/>Au\u00dferdem eignet er sich dank seiner Holzverarbeitung f\u00fcr Cosplay, Fotografie oder Zen-Atmosph\u00e4re zu Hause.<br class=\"yoast-text-mark\" \/>Viele Menschen suchen nach bedeutungsvollen Gegenst\u00e4nden, und dieses Katana erf\u00fcllt diesen tiefen Wunsch perfekt.<br class=\"yoast-text-mark\" \/>Dieses einzigartige Modell vereint raffiniertes Design mit einer kraftvollen Botschaft und ist damit eine ausgezeichnete Wahl f\u00fcr alle anspruchsvollen Enthusiasten.<\/p>\n<h2>Repliquemangacine: die Referenz f\u00fcr Film-, Manga- und historische Waffenrepliken<\/h2>\n<p>Auf <strong>Replikmangacin<\/strong>In diesem Buch wird eine Welt erkundet, die reich an Repliken von Katanas, Schwertern, antiken Waffen und exklusiven Sammlerst\u00fccken ist.<br class=\"yoast-text-mark\" \/>Zu unseren Bestsellern geh\u00f6ren die LED-Katanas aus Ame no Habakiri, der schwarze Enma und Nidai Kitetsu aus One Piece.<br class=\"yoast-text-mark\" \/>Gamer werden das ber\u00fchmte Skyward Sword aus Zelda und die <a href=\"https:\/\/repliquemangacine.fr\/de\/katana-und-schwert-von-videospielen-andere-videospiele\/epee-red-queen-devil-my-cry\/\" target=\"_blank\" rel=\"noopener noreferrer\">Red Queen aus Devil May Cry<\/a> in originalgetreuer Ausf\u00fchrung.<br \/>\nGeschichtsinteressierte sollten sich das Schwert von Maximus oder unsere Ninja-Sets mit blauen Klingen und taktischen Scheiden nicht entgehen lassen.<br \/>\nDazu kommen noch unsere Chibi-Figuren, Schl\u00fcsselanh\u00e4nger von Assassin\u2019s Creed, Bleach oder <a href=\"https:\/\/repliquemangacine.fr\/de\/katana-und-schwert-von-manga-anime-andere-manga\/epee-xeno-trunks-dbz-dragon-ball-z\/\" target=\"_blank\" rel=\"noopener noreferrer\">das Schwert von Trunk<\/a> in Dragon Ball Z.<\/p>\n<p>Zum Schluss<strong> Replikmangacin<\/strong> richtet sich an anspruchsvolle Fans, die auf der Suche nach immersiven, gut verarbeiteten Produkten sind.<br \/>\nDank unserer vielf\u00e4ltigen Auswahl findet bei uns jeder Liebhaber ein aussagekr\u00e4ftiges St\u00fcck, das an seine Lieblingswelten erinnert.<\/p>","protected":false},"excerpt":{"rendered":"<p><strong>Technische Daten :<\/strong><\/p>\n<ul>\n<li>Klinge: Versilbertes Holz mit japanischer \u00c4tzung<\/li>\n<li>Wache (Tsuba): Metall mit eingraviertem Drachen<\/li>\n<li>Scheide (Saya): Schwarz lackiertes Holz mit wei\u00dfer Beschriftung<\/li><li>Gesamtl\u00e4nge: Ca. 102 cm<\/li>\n<li>L\u00e4nge der Holzklinge: 70 cm<\/li>\n<li>Gewicht: ca. 500g<\/li>\n<li>Verwendung: Wanddekoration, Cosplay, Sammlung<\/li>\n<\/ul>","protected":false},"featured_media":86914,"template":"","meta":[],"product_brand":[],"product_cat":[26,32,88],"product_tag":[],"class_list":{"0":"post-86912","1":"product","2":"type-product","3":"status-publish","4":"has-post-thumbnail","6":"product_cat-katana-epee","7":"product_cat-katana-decoration","8":"product_cat-katanas-le-dernier-samourai","10":"first","11":"instock","12":"taxable","13":"shipping-taxable","14":"purchasable","15":"product-type-simple"},"yoast_head":"<!-- This site is optimized with the Yoast SEO plugin v27.5 - https:\/\/yoast.com\/product\/yoast-seo-wordpress\/ -->\n<title>Katana Le Dernier Samoura\u00ef | R\u00e9plique Manga Cin\u00e9<\/title>\n<meta name=\"description\" content=\"Katana Le Dernier Samoura\u00ef \u2013 R\u00e9plique d\u00e9corative avec lame en bois, fourreau laqu\u00e9 noir et garde dragon. Id\u00e9al pour les fans de culture japonaise.\" \/>\n<meta name=\"robots\" content=\"index, follow, max-snippet:-1, max-image-preview:large, max-video-preview:-1\" \/>\n<link rel=\"canonical\" href=\"https:\/\/repliquemangacine.fr\/de\/katanas-der-letzte-samurai\/katana-der-letzte-samurai\/\" \/>\n<meta property=\"og:locale\" content=\"de_DE\" \/>\n<meta property=\"og:type\" content=\"article\" \/>\n<meta property=\"og:title\" content=\"Katana Le Dernier Samoura\u00ef | R\u00e9plique Manga Cin\u00e9\" \/>\n<meta property=\"og:description\" content=\"Katana Le Dernier Samoura\u00ef \u2013 R\u00e9plique d\u00e9corative avec lame en bois, fourreau laqu\u00e9 noir et garde dragon. Id\u00e9al pour les fans de culture japonaise.\" \/>\n<meta property=\"og:url\" content=\"https:\/\/repliquemangacine.fr\/de\/katanas-der-letzte-samurai\/katana-der-letzte-samurai\/\" \/>\n<meta property=\"og:site_name\" content=\"R\u00e9plique Manga Cin\u00e9\" \/>\n<meta property=\"article:publisher\" content=\"https:\/\/www.facebook.com\/RepliqueMangaCine\" \/>\n<meta property=\"article:modified_time\" content=\"2026-02-19T10:27:47+00:00\" \/>\n<meta property=\"og:image\" content=\"https:\/\/repliquemangacine.fr\/wp-content\/uploads\/2025\/07\/Katana-bois-dernier-Samourai-.jpg\" \/>\n\t<meta property=\"og:image:width\" content=\"700\" \/>\n\t<meta property=\"og:image:height\" content=\"700\" \/>\n\t<meta property=\"og:image:type\" content=\"image\/jpeg\" \/>\n<meta name=\"twitter:card\" content=\"summary_large_image\" \/>\n<meta name=\"twitter:label1\" content=\"Gesch\u00e4tzte Lesezeit\" \/>\n\t<meta name=\"twitter:data1\" content=\"3\u00a0Minuten\" \/>\n<script type=\"application\/ld+json\" class=\"yoast-schema-graph\">{\"@context\":\"https:\\\/\\\/schema.org\",\"@graph\":[{\"@type\":\"WebPage\",\"@id\":\"https:\\\/\\\/repliquemangacine.fr\\\/katanas-le-dernier-samourai\\\/katana-le-dernier-samourai\\\/\",\"url\":\"https:\\\/\\\/repliquemangacine.fr\\\/katanas-le-dernier-samourai\\\/katana-le-dernier-samourai\\\/\",\"name\":\"Katana Le Dernier Samoura\u00ef | R\u00e9plique Manga Cin\u00e9\",\"isPartOf\":{\"@id\":\"https:\\\/\\\/repliquemangacine.fr\\\/#website\"},\"primaryImageOfPage\":{\"@id\":\"https:\\\/\\\/repliquemangacine.fr\\\/katanas-le-dernier-samourai\\\/katana-le-dernier-samourai\\\/#primaryimage\"},\"image\":{\"@id\":\"https:\\\/\\\/repliquemangacine.fr\\\/katanas-le-dernier-samourai\\\/katana-le-dernier-samourai\\\/#primaryimage\"},\"thumbnailUrl\":\"https:\\\/\\\/repliquemangacine.fr\\\/wp-content\\\/uploads\\\/2025\\\/07\\\/Katana-bois-dernier-Samourai-.jpg\",\"datePublished\":\"2025-07-29T14:25:53+00:00\",\"dateModified\":\"2026-02-19T10:27:47+00:00\",\"description\":\"Katana Le Dernier Samoura\u00ef \u2013 R\u00e9plique d\u00e9corative avec lame en bois, fourreau laqu\u00e9 noir et garde dragon. Id\u00e9al pour les fans de culture japonaise.\",\"breadcrumb\":{\"@id\":\"https:\\\/\\\/repliquemangacine.fr\\\/katanas-le-dernier-samourai\\\/katana-le-dernier-samourai\\\/#breadcrumb\"},\"inLanguage\":\"de\",\"potentialAction\":[{\"@type\":\"ReadAction\",\"target\":[\"https:\\\/\\\/repliquemangacine.fr\\\/katanas-le-dernier-samourai\\\/katana-le-dernier-samourai\\\/\"]}]},{\"@type\":\"ImageObject\",\"inLanguage\":\"de\",\"@id\":\"https:\\\/\\\/repliquemangacine.fr\\\/katanas-le-dernier-samourai\\\/katana-le-dernier-samourai\\\/#primaryimage\",\"url\":\"https:\\\/\\\/repliquemangacine.fr\\\/wp-content\\\/uploads\\\/2025\\\/07\\\/Katana-bois-dernier-Samourai-.jpg\",\"contentUrl\":\"https:\\\/\\\/repliquemangacine.fr\\\/wp-content\\\/uploads\\\/2025\\\/07\\\/Katana-bois-dernier-Samourai-.jpg\",\"width\":700,\"height\":700,\"caption\":\"Katana-bois-dernier-Samoura\u00ef-\"},{\"@type\":\"BreadcrumbList\",\"@id\":\"https:\\\/\\\/repliquemangacine.fr\\\/katanas-le-dernier-samourai\\\/katana-le-dernier-samourai\\\/#breadcrumb\",\"itemListElement\":[{\"@type\":\"ListItem\",\"position\":1,\"name\":\"Accueil\",\"item\":\"https:\\\/\\\/repliquemangacine.fr\\\/\"},{\"@type\":\"ListItem\",\"position\":2,\"name\":\"Produits\",\"item\":\"https:\\\/\\\/repliquemangacine.fr\\\/boutique\\\/\"},{\"@type\":\"ListItem\",\"position\":3,\"name\":\"Katana Le Dernier Samoura\u00ef\"}]},{\"@type\":\"WebSite\",\"@id\":\"https:\\\/\\\/repliquemangacine.fr\\\/#website\",\"url\":\"https:\\\/\\\/repliquemangacine.fr\\\/\",\"name\":\"R\u00e9plique Manga Cin\u00e9\",\"description\":\"\",\"publisher\":{\"@id\":\"https:\\\/\\\/repliquemangacine.fr\\\/#organization\"},\"potentialAction\":[{\"@type\":\"SearchAction\",\"target\":{\"@type\":\"EntryPoint\",\"urlTemplate\":\"https:\\\/\\\/repliquemangacine.fr\\\/?s={search_term_string}\"},\"query-input\":{\"@type\":\"PropertyValueSpecification\",\"valueRequired\":true,\"valueName\":\"search_term_string\"}}],\"inLanguage\":\"de\"},{\"@type\":\"Organization\",\"@id\":\"https:\\\/\\\/repliquemangacine.fr\\\/#organization\",\"name\":\"R\u00e9plique Manga Cin\u00e9\",\"url\":\"https:\\\/\\\/repliquemangacine.fr\\\/\",\"logo\":{\"@type\":\"ImageObject\",\"inLanguage\":\"de\",\"@id\":\"https:\\\/\\\/repliquemangacine.fr\\\/#\\\/schema\\\/logo\\\/image\\\/\",\"url\":\"https:\\\/\\\/repliquemangacine.fr\\\/wp-content\\\/uploads\\\/2023\\\/10\\\/RMC-500250.png\",\"contentUrl\":\"https:\\\/\\\/repliquemangacine.fr\\\/wp-content\\\/uploads\\\/2023\\\/10\\\/RMC-500250.png\",\"width\":500,\"height\":250,\"caption\":\"R\u00e9plique Manga Cin\u00e9\"},\"image\":{\"@id\":\"https:\\\/\\\/repliquemangacine.fr\\\/#\\\/schema\\\/logo\\\/image\\\/\"},\"sameAs\":[\"https:\\\/\\\/www.facebook.com\\\/RepliqueMangaCine\",\"https:\\\/\\\/www.instagram.com\\\/repliquemangacine.fr\\\/\"]}]}<\/script>\n<!-- \/ Yoast SEO plugin. -->","yoast_head_json":{"title":"Katana Der letzte Samurai | R\u00e9plique Manga Cin\u00e9","description":"Katana Der letzte Samurai - Dekorative Replik mit Holzklinge, schwarz lackierter Scheide und Drachenschutz. Ideal f\u00fcr Fans der japanischen Kultur.","robots":{"index":"index","follow":"follow","max-snippet":"max-snippet:-1","max-image-preview":"max-image-preview:large","max-video-preview":"max-video-preview:-1"},"canonical":"https:\/\/repliquemangacine.fr\/de\/katanas-der-letzte-samurai\/katana-der-letzte-samurai\/","og_locale":"de_DE","og_type":"article","og_title":"Katana Le Dernier Samoura\u00ef | R\u00e9plique Manga Cin\u00e9","og_description":"Katana Le Dernier Samoura\u00ef \u2013 R\u00e9plique d\u00e9corative avec lame en bois, fourreau laqu\u00e9 noir et garde dragon. Id\u00e9al pour les fans de culture japonaise.","og_url":"https:\/\/repliquemangacine.fr\/de\/katanas-der-letzte-samurai\/katana-der-letzte-samurai\/","og_site_name":"R\u00e9plique Manga Cin\u00e9","article_publisher":"https:\/\/www.facebook.com\/RepliqueMangaCine","article_modified_time":"2026-02-19T10:27:47+00:00","og_image":[{"width":700,"height":700,"url":"https:\/\/repliquemangacine.fr\/wp-content\/uploads\/2025\/07\/Katana-bois-dernier-Samourai-.jpg","type":"image\/jpeg"}],"twitter_card":"summary_large_image","twitter_misc":{"Gesch\u00e4tzte Lesezeit":"3\u00a0Minuten"},"schema":{"@context":"https:\/\/schema.org","@graph":[{"@type":"WebPage","@id":"https:\/\/repliquemangacine.fr\/katanas-le-dernier-samourai\/katana-le-dernier-samourai\/","url":"https:\/\/repliquemangacine.fr\/katanas-le-dernier-samourai\/katana-le-dernier-samourai\/","name":"Katana Der letzte Samurai | R\u00e9plique Manga Cin\u00e9","isPartOf":{"@id":"https:\/\/repliquemangacine.fr\/#website"},"primaryImageOfPage":{"@id":"https:\/\/repliquemangacine.fr\/katanas-le-dernier-samourai\/katana-le-dernier-samourai\/#primaryimage"},"image":{"@id":"https:\/\/repliquemangacine.fr\/katanas-le-dernier-samourai\/katana-le-dernier-samourai\/#primaryimage"},"thumbnailUrl":"https:\/\/repliquemangacine.fr\/wp-content\/uploads\/2025\/07\/Katana-bois-dernier-Samourai-.jpg","datePublished":"2025-07-29T14:25:53+00:00","dateModified":"2026-02-19T10:27:47+00:00","description":"Katana Der letzte Samurai - Dekorative Replik mit Holzklinge, schwarz lackierter Scheide und Drachenschutz. Ideal f\u00fcr Fans der japanischen Kultur.","breadcrumb":{"@id":"https:\/\/repliquemangacine.fr\/katanas-le-dernier-samourai\/katana-le-dernier-samourai\/#breadcrumb"},"inLanguage":"de","potentialAction":[{"@type":"ReadAction","target":["https:\/\/repliquemangacine.fr\/katanas-le-dernier-samourai\/katana-le-dernier-samourai\/"]}]},{"@type":"ImageObject","inLanguage":"de","@id":"https:\/\/repliquemangacine.fr\/katanas-le-dernier-samourai\/katana-le-dernier-samourai\/#primaryimage","url":"https:\/\/repliquemangacine.fr\/wp-content\/uploads\/2025\/07\/Katana-bois-dernier-Samourai-.jpg","contentUrl":"https:\/\/repliquemangacine.fr\/wp-content\/uploads\/2025\/07\/Katana-bois-dernier-Samourai-.jpg","width":700,"height":700,"caption":"Katana-bois-dernier-Samoura\u00ef-"},{"@type":"BreadcrumbList","@id":"https:\/\/repliquemangacine.fr\/katanas-le-dernier-samourai\/katana-le-dernier-samourai\/#breadcrumb","itemListElement":[{"@type":"ListItem","position":1,"name":"Accueil","item":"https:\/\/repliquemangacine.fr\/"},{"@type":"ListItem","position":2,"name":"Produits","item":"https:\/\/repliquemangacine.fr\/boutique\/"},{"@type":"ListItem","position":3,"name":"Katana Le Dernier Samoura\u00ef"}]},{"@type":"WebSite","@id":"https:\/\/repliquemangacine.fr\/#website","url":"https:\/\/repliquemangacine.fr\/","name":"R\u00e9plique Manga Cin\u00e9","description":"","publisher":{"@id":"https:\/\/repliquemangacine.fr\/#organization"},"potentialAction":[{"@type":"SearchAction","target":{"@type":"EntryPoint","urlTemplate":"https:\/\/repliquemangacine.fr\/?s={search_term_string}"},"query-input":{"@type":"PropertyValueSpecification","valueRequired":true,"valueName":"search_term_string"}}],"inLanguage":"de"},{"@type":"Organization","@id":"https:\/\/repliquemangacine.fr\/#organization","name":"R\u00e9plique Manga Cin\u00e9","url":"https:\/\/repliquemangacine.fr\/","logo":{"@type":"ImageObject","inLanguage":"de","@id":"https:\/\/repliquemangacine.fr\/#\/schema\/logo\/image\/","url":"https:\/\/repliquemangacine.fr\/wp-content\/uploads\/2023\/10\/RMC-500250.png","contentUrl":"https:\/\/repliquemangacine.fr\/wp-content\/uploads\/2023\/10\/RMC-500250.png","width":500,"height":250,"caption":"R\u00e9plique Manga Cin\u00e9"},"image":{"@id":"https:\/\/repliquemangacine.fr\/#\/schema\/logo\/image\/"},"sameAs":["https:\/\/www.facebook.com\/RepliqueMangaCine","https:\/\/www.instagram.com\/repliquemangacine.fr\/"]}]}},"_links":{"self":[{"href":"https:\/\/repliquemangacine.fr\/de\/wp-json\/wp\/v2\/product\/86912","targetHints":{"allow":["GET"]}}],"collection":[{"href":"https:\/\/repliquemangacine.fr\/de\/wp-json\/wp\/v2\/product"}],"about":[{"href":"https:\/\/repliquemangacine.fr\/de\/wp-json\/wp\/v2\/types\/product"}],"wp:featuredmedia":[{"embeddable":true,"href":"https:\/\/repliquemangacine.fr\/de\/wp-json\/wp\/v2\/media\/86914"}],"wp:attachment":[{"href":"https:\/\/repliquemangacine.fr\/de\/wp-json\/wp\/v2\/media?parent=86912"}],"wp:term":[{"taxonomy":"product_brand","embeddable":true,"href":"https:\/\/repliquemangacine.fr\/de\/wp-json\/wp\/v2\/product_brand?post=86912"},{"taxonomy":"product_cat","embeddable":true,"href":"https:\/\/repliquemangacine.fr\/de\/wp-json\/wp\/v2\/product_cat?post=86912"},{"taxonomy":"product_tag","embeddable":true,"href":"https:\/\/repliquemangacine.fr\/de\/wp-json\/wp\/v2\/product_tag?post=86912"}],"curies":[{"name":"wp","href":"https:\/\/api.w.org\/{rel}","templated":true}]}}