





{"id":86905,"date":"2025-07-29T16:05:07","date_gmt":"2025-07-29T14:05:07","guid":{"rendered":"https:\/\/repliquemangacine.fr\/?post_type=product&#038;p=86905"},"modified":"2026-02-19T10:16:26","modified_gmt":"2026-02-19T09:16:26","slug":"katana-hattori-hanzo","status":"publish","type":"product","link":"https:\/\/repliquemangacine.fr\/de\/katana-kill-bill\/katana-hattori-hanzo\/","title":{"rendered":"Katana Hattori Hanzo"},"content":{"rendered":"<h2>Die Eigenschaften von Bills Katana und die Legende von Hattori Hanzo<\/h2>\n<p>Beginnen wir damit, dieses Katana Hattori Hanzo von Bill zu untersuchen, das von dem legend\u00e4ren Film Kill Bill inspiriert wurde, der unter der Regie von <a href=\"https:\/\/fr.wikipedia.org\/wiki\/Quentin_Tarantino\" target=\"_blank\" rel=\"noopener noreferrer\">Quentin Tarantino<\/a> im Jahr 2003.<br class=\"yoast-text-mark\" \/>Erstens hat dieses Replikat eine steife, sorgf\u00e4ltig bemalte Holzklinge mit der f\u00fcr echte japanische Schwerter typischen Hamon-Welle.<br class=\"yoast-text-mark\" \/>Zweitens erinnert der fein verzierte Metallb\u00fcgel an die Eleganz traditioneller japanischer Schmiedekunst und an die hohen Anspr\u00fcche seines fiktiven Sch\u00f6pfers Hanzo.<br class=\"yoast-text-mark\" \/>Und schlie\u00dflich seine gl\u00e4nzend schwarze Scheide, die mit dem emblematischen, goldgepr\u00e4gten D\u00e4mon verziert ist - ein Symbol f\u00fcr Macht und schneidende Autorit\u00e4t.<br class=\"yoast-text-mark\" \/>Abgerundet wird das Ganze durch den sorgf\u00e4ltig geflochtenen Griff in Schwarz und Wei\u00df, der einen stabilen Halt und eine optisch sehr authentische Optik gew\u00e4hrleistet.<br \/>\nDank seiner Holzklinge kann es auf Messen oder bei Dreharbeiten sicher ausgestellt oder gehandhabt werden.<\/p>\n<h2>Warum das Kill Bill Katana ein einzigartiges St\u00fcck ist, das man unbedingt haben muss<\/h2>\n<p>Vor allem zeichnet sich dieses Kill Bill Katana durch sein ikonisches Design aus, das es unter tausend anderen Schwertern sofort erkennbar macht.<br class=\"yoast-text-mark\" \/>Anschlie\u00dfend erw\u00e4hnt er die dramatische Intensit\u00e4t der Figur des Bill, des letzten Gegenspielers von \"Die Braut\", der mit Klasse und K\u00e4lte dargestellt wird.<br class=\"yoast-text-mark\" \/>Au\u00dferdem ist diese Replik nicht einfach nur ein Gegenstand: Sie tr\u00e4gt die Seele des Films und die Legende von Hanzo in sich.<br class=\"yoast-text-mark\" \/>Sie verk\u00f6rpert Rache, Beherrschung und Pr\u00e4zision - drei Schl\u00fcsselwerte, die in jeder Duellszene des Films zu finden sind.<br class=\"yoast-text-mark\" \/>Sein geringes Gewicht und seine Holzklinge machen ihn zu einer ausgezeichneten Wahl f\u00fcr Cosplay-Fans und gefahrlose Vorf\u00fchrungen.<br \/>\nMit seiner originalgetreuen Verarbeitung und seinem hochwertigen Aussehen ist dieses Katana ein Blickfang und sorgt in jeder Sammlung f\u00fcr Bewunderung.<br \/>\nDie gl\u00e4nzende Scheide, die detailreiche Tsuba und der traditionelle Griff unterstreichen die au\u00dfergew\u00f6hnliche Qualit\u00e4t dieser Reproduktion.<\/p>\n<h2>Repliquemangacine: Dein komplettes Universum an Manga-, Film-, Spiele- und historischen Waffenrepliken<\/h2>\n<p>Auf <strong>Replikmangacin<\/strong>Wir bieten dir mehr als nur Bills Katana: eine Reise durch die Kultwelten.<br class=\"yoast-text-mark\" \/>Du wirst leuchtende One Piece-Katanas wiederfinden, wie z. B. <a href=\"https:\/\/repliquemangacine.fr\/de\/leuchtendes-katana-one-piece\/katana-enma-schwarz-led-leuchtend-one-piece\/\" target=\"_blank\" rel=\"noopener noreferrer\">Enma<\/a>Ame no Habakiri oder Luffys gef\u00fcrchtetes Nidai Kitetsu.<br class=\"yoast-text-mark\" \/>Fans von Naruto, Demon Slayer oder Bleach finden ebenfalls ihre Lieblingswaffen, um ihre Shinobi-Sammlung zu erweitern.<br class=\"yoast-text-mark\" \/>Wir haben auch Schwerter aus The Witcher, Repliken aus Assassin\u2019s Creed und Gladiatoren-Schwerter aus Gladiator oder 300.<br \/>\nWas den Westernbereich angeht, so tauchen Sie ein in das Amerika der Cowboys mit Colts, Winchesters, Holstern und authentischen Sheriff-Sternen.<br \/>\nNicht zu vergessen unsere Auswahl an Videospielen: Genshin Impact, Zelda, <a href=\"https:\/\/repliquemangacine.fr\/de\/schwerter-world-of-warcraft\/\" target=\"_blank\" rel=\"noopener noreferrer\">World of Warcraft<\/a>, Devil May Cry und viele andere.<br \/>\nDu liebst Pr\u00e4zision? Entdecke unsere Wurfmessersets, taktischen Taschen und Ninjato mit verstellbarer Scheide.<br \/>\nMit <strong>Replikmangacin<\/strong>Wenn du deine Leidenschaft in eine einzigartige Kollektion verwandeln willst, dann mach dich auf den Weg in deine Lieblingswelt!<\/p>","protected":false},"excerpt":{"rendered":"<p><strong>Technische Daten :<\/strong><\/p>\n<ul>\n<li>Klinge: steifes Holz, mit bemaltem Wellenschliff (nicht scharfkantig)<\/li>\n<li>Tsuba (Wache): aus Metall, verziert im Stil eines F\u00e4chers<\/li>\n<li>Griff: Schwarz-wei\u00dfes Geflecht auf Same-Imitat (Rochenhaut)<\/li>\n<li>Scheide: Schwarz lackiert mit vergoldetem Hanzo-D\u00e4monensymbol<\/li>\n<li>Verzierung: beigefarbene Halteschnur + Etikett \"Hattori Hanzo\" inbegriffen<\/li>\n<li>L\u00e4nge gesamt: 102 cm<\/li>\n<li>L\u00e4nge der Holzklinge: 70 cm<\/li>\n<li>Gesamtgewicht: 470 Gramm<\/li>\n<\/ul>","protected":false},"featured_media":86906,"template":"","meta":[],"product_brand":[],"product_cat":[26,71],"product_tag":[],"class_list":{"0":"post-86905","1":"product","2":"type-product","3":"status-publish","4":"has-post-thumbnail","6":"product_cat-katana-epee","7":"product_cat-katana-kill-bill","9":"first","10":"instock","11":"taxable","12":"shipping-taxable","13":"purchasable","14":"product-type-simple"},"yoast_head":"<!-- This site is optimized with the Yoast SEO plugin v27.5 - https:\/\/yoast.com\/product\/yoast-seo-wordpress\/ -->\n<title>Katana Hattori Hanzo -Kill Bill | R\u00e9plique Manga Cin\u00e9<\/title>\n<meta name=\"description\" content=\"D\u00e9couvrez le katana Hattori Hanzo de Kill Bill en version bois. Une r\u00e9plique fid\u00e8le, id\u00e9ale pour les fans, cosplayeurs et collectionneurs passionn\u00e9s.\" \/>\n<meta name=\"robots\" content=\"index, follow, max-snippet:-1, max-image-preview:large, max-video-preview:-1\" \/>\n<link rel=\"canonical\" href=\"https:\/\/repliquemangacine.fr\/de\/katana-kill-bill\/katana-hattori-hanzo\/\" \/>\n<meta property=\"og:locale\" content=\"de_DE\" \/>\n<meta property=\"og:type\" content=\"article\" \/>\n<meta property=\"og:title\" content=\"Katana Hattori Hanzo -Kill Bill | R\u00e9plique Manga Cin\u00e9\" \/>\n<meta property=\"og:description\" content=\"D\u00e9couvrez le katana Hattori Hanzo de Kill Bill en version bois. Une r\u00e9plique fid\u00e8le, id\u00e9ale pour les fans, cosplayeurs et collectionneurs passionn\u00e9s.\" \/>\n<meta property=\"og:url\" content=\"https:\/\/repliquemangacine.fr\/de\/katana-kill-bill\/katana-hattori-hanzo\/\" \/>\n<meta property=\"og:site_name\" content=\"R\u00e9plique Manga Cin\u00e9\" \/>\n<meta property=\"article:publisher\" content=\"https:\/\/www.facebook.com\/RepliqueMangaCine\" \/>\n<meta property=\"article:modified_time\" content=\"2026-02-19T09:16:26+00:00\" \/>\n<meta property=\"og:image\" content=\"https:\/\/repliquemangacine.fr\/wp-content\/uploads\/2025\/07\/Katana-de-bill-en-bois.jpg\" \/>\n\t<meta property=\"og:image:width\" content=\"700\" \/>\n\t<meta property=\"og:image:height\" content=\"700\" \/>\n\t<meta property=\"og:image:type\" content=\"image\/jpeg\" \/>\n<meta name=\"twitter:card\" content=\"summary_large_image\" \/>\n<meta name=\"twitter:label1\" content=\"Gesch\u00e4tzte Lesezeit\" \/>\n\t<meta name=\"twitter:data1\" content=\"3\u00a0Minuten\" \/>\n<script type=\"application\/ld+json\" class=\"yoast-schema-graph\">{\"@context\":\"https:\\\/\\\/schema.org\",\"@graph\":[{\"@type\":\"WebPage\",\"@id\":\"https:\\\/\\\/repliquemangacine.fr\\\/katana-kill-bill\\\/katana-hattori-hanzo\\\/\",\"url\":\"https:\\\/\\\/repliquemangacine.fr\\\/katana-kill-bill\\\/katana-hattori-hanzo\\\/\",\"name\":\"Katana Hattori Hanzo -Kill Bill | R\u00e9plique Manga Cin\u00e9\",\"isPartOf\":{\"@id\":\"https:\\\/\\\/repliquemangacine.fr\\\/#website\"},\"primaryImageOfPage\":{\"@id\":\"https:\\\/\\\/repliquemangacine.fr\\\/katana-kill-bill\\\/katana-hattori-hanzo\\\/#primaryimage\"},\"image\":{\"@id\":\"https:\\\/\\\/repliquemangacine.fr\\\/katana-kill-bill\\\/katana-hattori-hanzo\\\/#primaryimage\"},\"thumbnailUrl\":\"https:\\\/\\\/repliquemangacine.fr\\\/wp-content\\\/uploads\\\/2025\\\/07\\\/Katana-de-bill-en-bois.jpg\",\"datePublished\":\"2025-07-29T14:05:07+00:00\",\"dateModified\":\"2026-02-19T09:16:26+00:00\",\"description\":\"D\u00e9couvrez le katana Hattori Hanzo de Kill Bill en version bois. Une r\u00e9plique fid\u00e8le, id\u00e9ale pour les fans, cosplayeurs et collectionneurs passionn\u00e9s.\",\"breadcrumb\":{\"@id\":\"https:\\\/\\\/repliquemangacine.fr\\\/katana-kill-bill\\\/katana-hattori-hanzo\\\/#breadcrumb\"},\"inLanguage\":\"de\",\"potentialAction\":[{\"@type\":\"ReadAction\",\"target\":[\"https:\\\/\\\/repliquemangacine.fr\\\/katana-kill-bill\\\/katana-hattori-hanzo\\\/\"]}]},{\"@type\":\"ImageObject\",\"inLanguage\":\"de\",\"@id\":\"https:\\\/\\\/repliquemangacine.fr\\\/katana-kill-bill\\\/katana-hattori-hanzo\\\/#primaryimage\",\"url\":\"https:\\\/\\\/repliquemangacine.fr\\\/wp-content\\\/uploads\\\/2025\\\/07\\\/Katana-de-bill-en-bois.jpg\",\"contentUrl\":\"https:\\\/\\\/repliquemangacine.fr\\\/wp-content\\\/uploads\\\/2025\\\/07\\\/Katana-de-bill-en-bois.jpg\",\"width\":700,\"height\":700,\"caption\":\"Katana Hattori Hanzo\"},{\"@type\":\"BreadcrumbList\",\"@id\":\"https:\\\/\\\/repliquemangacine.fr\\\/katana-kill-bill\\\/katana-hattori-hanzo\\\/#breadcrumb\",\"itemListElement\":[{\"@type\":\"ListItem\",\"position\":1,\"name\":\"Accueil\",\"item\":\"https:\\\/\\\/repliquemangacine.fr\\\/\"},{\"@type\":\"ListItem\",\"position\":2,\"name\":\"Produits\",\"item\":\"https:\\\/\\\/repliquemangacine.fr\\\/boutique\\\/\"},{\"@type\":\"ListItem\",\"position\":3,\"name\":\"Katana Hattori Hanzo\"}]},{\"@type\":\"WebSite\",\"@id\":\"https:\\\/\\\/repliquemangacine.fr\\\/#website\",\"url\":\"https:\\\/\\\/repliquemangacine.fr\\\/\",\"name\":\"R\u00e9plique Manga Cin\u00e9\",\"description\":\"\",\"publisher\":{\"@id\":\"https:\\\/\\\/repliquemangacine.fr\\\/#organization\"},\"potentialAction\":[{\"@type\":\"SearchAction\",\"target\":{\"@type\":\"EntryPoint\",\"urlTemplate\":\"https:\\\/\\\/repliquemangacine.fr\\\/?s={search_term_string}\"},\"query-input\":{\"@type\":\"PropertyValueSpecification\",\"valueRequired\":true,\"valueName\":\"search_term_string\"}}],\"inLanguage\":\"de\"},{\"@type\":\"Organization\",\"@id\":\"https:\\\/\\\/repliquemangacine.fr\\\/#organization\",\"name\":\"R\u00e9plique Manga Cin\u00e9\",\"url\":\"https:\\\/\\\/repliquemangacine.fr\\\/\",\"logo\":{\"@type\":\"ImageObject\",\"inLanguage\":\"de\",\"@id\":\"https:\\\/\\\/repliquemangacine.fr\\\/#\\\/schema\\\/logo\\\/image\\\/\",\"url\":\"https:\\\/\\\/repliquemangacine.fr\\\/wp-content\\\/uploads\\\/2023\\\/10\\\/RMC-500250.png\",\"contentUrl\":\"https:\\\/\\\/repliquemangacine.fr\\\/wp-content\\\/uploads\\\/2023\\\/10\\\/RMC-500250.png\",\"width\":500,\"height\":250,\"caption\":\"R\u00e9plique Manga Cin\u00e9\"},\"image\":{\"@id\":\"https:\\\/\\\/repliquemangacine.fr\\\/#\\\/schema\\\/logo\\\/image\\\/\"},\"sameAs\":[\"https:\\\/\\\/www.facebook.com\\\/RepliqueMangaCine\",\"https:\\\/\\\/www.instagram.com\\\/repliquemangacine.fr\\\/\"]}]}<\/script>\n<!-- \/ Yoast SEO plugin. -->","yoast_head_json":{"title":"Katana Hattori Hanzo -Kill Bill | R\u00e9plique Manga Cin\u00e9","description":"Entdecken Sie das Hattori Hanzo Katana aus Kill Bill in einer Holzversion. Eine originalgetreue Replik, ideal f\u00fcr Fans, Cosplayer und leidenschaftliche Sammler.","robots":{"index":"index","follow":"follow","max-snippet":"max-snippet:-1","max-image-preview":"max-image-preview:large","max-video-preview":"max-video-preview:-1"},"canonical":"https:\/\/repliquemangacine.fr\/de\/katana-kill-bill\/katana-hattori-hanzo\/","og_locale":"de_DE","og_type":"article","og_title":"Katana Hattori Hanzo -Kill Bill | R\u00e9plique Manga Cin\u00e9","og_description":"D\u00e9couvrez le katana Hattori Hanzo de Kill Bill en version bois. Une r\u00e9plique fid\u00e8le, id\u00e9ale pour les fans, cosplayeurs et collectionneurs passionn\u00e9s.","og_url":"https:\/\/repliquemangacine.fr\/de\/katana-kill-bill\/katana-hattori-hanzo\/","og_site_name":"R\u00e9plique Manga Cin\u00e9","article_publisher":"https:\/\/www.facebook.com\/RepliqueMangaCine","article_modified_time":"2026-02-19T09:16:26+00:00","og_image":[{"width":700,"height":700,"url":"https:\/\/repliquemangacine.fr\/wp-content\/uploads\/2025\/07\/Katana-de-bill-en-bois.jpg","type":"image\/jpeg"}],"twitter_card":"summary_large_image","twitter_misc":{"Gesch\u00e4tzte Lesezeit":"3\u00a0Minuten"},"schema":{"@context":"https:\/\/schema.org","@graph":[{"@type":"WebPage","@id":"https:\/\/repliquemangacine.fr\/katana-kill-bill\/katana-hattori-hanzo\/","url":"https:\/\/repliquemangacine.fr\/katana-kill-bill\/katana-hattori-hanzo\/","name":"Katana Hattori Hanzo -Kill Bill | R\u00e9plique Manga Cin\u00e9","isPartOf":{"@id":"https:\/\/repliquemangacine.fr\/#website"},"primaryImageOfPage":{"@id":"https:\/\/repliquemangacine.fr\/katana-kill-bill\/katana-hattori-hanzo\/#primaryimage"},"image":{"@id":"https:\/\/repliquemangacine.fr\/katana-kill-bill\/katana-hattori-hanzo\/#primaryimage"},"thumbnailUrl":"https:\/\/repliquemangacine.fr\/wp-content\/uploads\/2025\/07\/Katana-de-bill-en-bois.jpg","datePublished":"2025-07-29T14:05:07+00:00","dateModified":"2026-02-19T09:16:26+00:00","description":"Entdecken Sie das Hattori Hanzo Katana aus Kill Bill in einer Holzversion. Eine originalgetreue Replik, ideal f\u00fcr Fans, Cosplayer und leidenschaftliche Sammler.","breadcrumb":{"@id":"https:\/\/repliquemangacine.fr\/katana-kill-bill\/katana-hattori-hanzo\/#breadcrumb"},"inLanguage":"de","potentialAction":[{"@type":"ReadAction","target":["https:\/\/repliquemangacine.fr\/katana-kill-bill\/katana-hattori-hanzo\/"]}]},{"@type":"ImageObject","inLanguage":"de","@id":"https:\/\/repliquemangacine.fr\/katana-kill-bill\/katana-hattori-hanzo\/#primaryimage","url":"https:\/\/repliquemangacine.fr\/wp-content\/uploads\/2025\/07\/Katana-de-bill-en-bois.jpg","contentUrl":"https:\/\/repliquemangacine.fr\/wp-content\/uploads\/2025\/07\/Katana-de-bill-en-bois.jpg","width":700,"height":700,"caption":"Katana Hattori Hanzo"},{"@type":"BreadcrumbList","@id":"https:\/\/repliquemangacine.fr\/katana-kill-bill\/katana-hattori-hanzo\/#breadcrumb","itemListElement":[{"@type":"ListItem","position":1,"name":"Accueil","item":"https:\/\/repliquemangacine.fr\/"},{"@type":"ListItem","position":2,"name":"Produits","item":"https:\/\/repliquemangacine.fr\/boutique\/"},{"@type":"ListItem","position":3,"name":"Katana Hattori Hanzo"}]},{"@type":"WebSite","@id":"https:\/\/repliquemangacine.fr\/#website","url":"https:\/\/repliquemangacine.fr\/","name":"R\u00e9plique Manga Cin\u00e9","description":"","publisher":{"@id":"https:\/\/repliquemangacine.fr\/#organization"},"potentialAction":[{"@type":"SearchAction","target":{"@type":"EntryPoint","urlTemplate":"https:\/\/repliquemangacine.fr\/?s={search_term_string}"},"query-input":{"@type":"PropertyValueSpecification","valueRequired":true,"valueName":"search_term_string"}}],"inLanguage":"de"},{"@type":"Organization","@id":"https:\/\/repliquemangacine.fr\/#organization","name":"R\u00e9plique Manga Cin\u00e9","url":"https:\/\/repliquemangacine.fr\/","logo":{"@type":"ImageObject","inLanguage":"de","@id":"https:\/\/repliquemangacine.fr\/#\/schema\/logo\/image\/","url":"https:\/\/repliquemangacine.fr\/wp-content\/uploads\/2023\/10\/RMC-500250.png","contentUrl":"https:\/\/repliquemangacine.fr\/wp-content\/uploads\/2023\/10\/RMC-500250.png","width":500,"height":250,"caption":"R\u00e9plique Manga Cin\u00e9"},"image":{"@id":"https:\/\/repliquemangacine.fr\/#\/schema\/logo\/image\/"},"sameAs":["https:\/\/www.facebook.com\/RepliqueMangaCine","https:\/\/www.instagram.com\/repliquemangacine.fr\/"]}]}},"_links":{"self":[{"href":"https:\/\/repliquemangacine.fr\/de\/wp-json\/wp\/v2\/product\/86905","targetHints":{"allow":["GET"]}}],"collection":[{"href":"https:\/\/repliquemangacine.fr\/de\/wp-json\/wp\/v2\/product"}],"about":[{"href":"https:\/\/repliquemangacine.fr\/de\/wp-json\/wp\/v2\/types\/product"}],"wp:featuredmedia":[{"embeddable":true,"href":"https:\/\/repliquemangacine.fr\/de\/wp-json\/wp\/v2\/media\/86906"}],"wp:attachment":[{"href":"https:\/\/repliquemangacine.fr\/de\/wp-json\/wp\/v2\/media?parent=86905"}],"wp:term":[{"taxonomy":"product_brand","embeddable":true,"href":"https:\/\/repliquemangacine.fr\/de\/wp-json\/wp\/v2\/product_brand?post=86905"},{"taxonomy":"product_cat","embeddable":true,"href":"https:\/\/repliquemangacine.fr\/de\/wp-json\/wp\/v2\/product_cat?post=86905"},{"taxonomy":"product_tag","embeddable":true,"href":"https:\/\/repliquemangacine.fr\/de\/wp-json\/wp\/v2\/product_tag?post=86905"}],"curies":[{"name":"wp","href":"https:\/\/api.w.org\/{rel}","templated":true}]}}