





{"id":86739,"date":"2025-07-25T17:10:12","date_gmt":"2025-07-25T15:10:12","guid":{"rendered":"https:\/\/repliquemangacine.fr\/?post_type=product&#038;p=86739"},"modified":"2026-04-27T15:41:37","modified_gmt":"2026-04-27T13:41:37","slug":"lederholster-fur-linkshander-kolser","status":"publish","type":"product","link":"https:\/\/repliquemangacine.fr\/de\/holster-western-ceinturon\/holster-cuir-pour-gaucher-kolser\/","title":{"rendered":"Lederholster f\u00fcr Linksh\u00e4nder - Kolser"},"content":{"rendered":"<h2>Lederholster f\u00fcr Linksh\u00e4nder im authentischen Stil<\/h2>\n<p>Dieses Lederholster f\u00fcr Linksh\u00e4nder wurde urspr\u00fcnglich f\u00fcr anspruchsvolle Sammler und Westernfans entwickelt und ist ein au\u00dfergew\u00f6hnliches St\u00fcck. Seine handwerkliche Fertigung von Kolser verleiht ihm einen Vintage-Stil, der dem Geist des Wilden Westens und den gro\u00dfen Klassikern des Genres treu bleibt. Mit einer L\u00e4nge von 29,5 cm passt es perfekt zu Ihren Colt- oder Peacemaker-Repliken. Gleichzeitig bietet es einen hervorragenden Halt am G\u00fcrtel. Dank seiner G\u00fcrtelschlaufe und seines Befestigungsriemens bleibt es auch bei schnellen Ziehbewegungen oder Bewegungen sicher an seinem Platz.<br \/>\nRobust, elegant und komfortabel, richtet es sich an Liebhaber historischer Waffen, Western-Cosplay oder sch\u00f6ne Ausstellungsst\u00fccke. Das gealterte braune Leder und die Metallschnalle machen es zu einem ebenso n\u00fctzlichen wie \u00e4sthetischen Accessoire, das jedes Western-Outfit perfekt erg\u00e4nzt.<\/p>\n<h2>Kolser: Die Kunst der realistischen Replik und des historischen Details<\/h2>\n<p>Weltweit bekannt f\u00fcr seine Repliken historischer Waffen. Die Marke <a href=\"https:\/\/kolser.com\/fr\/\" target=\"_blank\" rel=\"noopener noreferrer\">Kolser<\/a> bietet hochwertige Produkte, die den Originalen treu bleiben. Jedes Holster, wie dieses Modell f\u00fcr Linksh\u00e4nder, wurde sorgf\u00e4ltig entworfen, um optische Authentizit\u00e4t und Robustheit im Gebrauch zu verbinden. Die weiche Lederverarbeitung, die soliden N\u00e4hte und die Metallteile erinnern an das Zubeh\u00f6r, das die legend\u00e4ren Cowboys trugen.<br \/>\nKolser begn\u00fcgt sich \u00fcbrigens nicht damit, Kopien anzufertigen. Das Unternehmen schafft eine authentische Atmosph\u00e4re und historische Wahrhaftigkeit, um ein vollst\u00e4ndiges Eintauchen in die Welt zu erm\u00f6glichen. Dieses Know-how findet sich auch in seinem gesamten Sortiment wieder, das auf Repliquemangacine erh\u00e4ltlich ist und in dem Qualit\u00e4t mit Leidenschaft und hohen Anspr\u00fcchen einhergeht. Bei Kolser z\u00e4hlt jedes Detail: Von der Lederstruktur bis zum Gewicht der Repliken ist alles darauf ausgelegt, echte Liebhaber zu begeistern.<\/p>\n<h2>Entdecken Sie die auf R\u00e9plique Manga Cin\u00e9 erh\u00e4ltlichen Kolser-Repliken<\/h2>\n<p>Auf Repliquemangacine bieten wir eine scharfe Auswahl an Kolser-Repliken, die der Geschichte und den gro\u00dfen Waffen des 19. Jahrhunderts treu bleiben. Hier finden Sie das <a href=\"https:\/\/repliquemangacine.fr\/de\/kolser-waffe\/remington-1858-konvertiert-kolser\/\" target=\"_blank\" rel=\"noopener noreferrer\">Remington 1858 umgewandelt<\/a>, ein Kultmodell f\u00fcr Liebhaber von Mechanik und realistischen Trommelwaffen.<br \/>\nUm ihn zu begleiten, wird der<a href=\"https:\/\/repliquemangacine.fr\/de\/holster-westernzubehor\/holster-fur-remington-1858-kolser\/\" target=\"_blank\" rel=\"noopener noreferrer\"> spezielles Remington-Holster<\/a> ist ebenfalls erh\u00e4ltlich: f\u00fcr den Revolver entworfen und mit zwei zus\u00e4tzlichen Barrel-Slots ausgestattet. Hinzu kommt der legend\u00e4re <a href=\"https:\/\/repliquemangacine.fr\/de\/kolser-waffe\/colt-navy-1851-messing\/\" target=\"_blank\" rel=\"noopener noreferrer\">Colt Navy 1851<\/a> Messing, das absolute Symbol f\u00fcr Handfeuerwaffen, die w\u00e4hrend des Sezessionskrieges verwendet wurden.<br \/>\nJedes dieser St\u00fccke ist f\u00fcr Liebhaber von Western, historischen Nachstellungen oder einfach nur sch\u00f6nen Sammlungen gedacht. Bei Repliquemangacine w\u00e4hlen wir die Kolser-Repliken aufgrund ihrer sorgf\u00e4ltigen Verarbeitung, ihrer Authentizit\u00e4t und ihres ausgezeichneten Preis-Leistungs-Verh\u00e4ltnisses aus. Schlie\u00dfen Sie sich den zahlreichen Sammlern an, die unserem Shop vertrauen, um eine originalgetreue, elegante und beeindruckende Sammlung aufzubauen.<\/p>","protected":false},"excerpt":{"rendered":"<p>Lederholster f\u00fcr Linksh\u00e4nder, perfekt um Ihren Cowboy-Look zu vervollst\u00e4ndigen und Ihren Revolver stolz zu tragen.<\/p>\n<ul>\n<li>Modell: Colt Holster - Linksh\u00e4nder<\/li>\n<li>Marke: Kolser<\/li>\n<li>Material: 100 % echtes Leder<\/li>\n<li>Gesamtl\u00e4nge: 29,5 cm<\/li>\n<li>Befestigung: G\u00fcrtelschlaufe, Metallschnalle und Schn\u00fcrsenkel zur Befestigung.<\/li>\n<li>N\u00e4hen: Durch Nieten<\/li>\n<li>Farbe: Dunkelbraun Vintage<\/li>\n<\/ul>\n<p>Kompatibilit\u00e4t: Colt-Repliken, Westernrevolver und \u00e4hnliche Modelle<\/p>","protected":false},"featured_media":86740,"template":"","meta":[],"product_brand":[896],"product_cat":[100,45,90,27],"product_tag":[],"class_list":{"0":"post-86739","1":"product","2":"type-product","3":"status-publish","4":"has-post-thumbnail","6":"product_brand-replique-manga-cine","7":"product_cat-arme-kolser","8":"product_cat-holster-western-ceinturon","9":"product_cat-holster-accessoires-western","10":"product_cat-armes-et-accessoires-western","12":"first","13":"instock","14":"taxable","15":"shipping-taxable","16":"purchasable","17":"product-type-simple"},"yoast_head":"<!-- This site is optimized with the Yoast SEO plugin v27.5 - https:\/\/yoast.com\/product\/yoast-seo-wordpress\/ -->\n<title>Holster cuir pour Gaucher - Kolser - R\u00e9plique Manga Cin\u00e9<\/title>\n<meta name=\"description\" content=\"Holster cuir pour Gaucher de 29.5 cm de la marque Kolser. Passant ceinture, boucle acier vieilli et lacet de fixation pour un maintien optimal.\" \/>\n<meta name=\"robots\" content=\"index, follow, max-snippet:-1, max-image-preview:large, max-video-preview:-1\" \/>\n<link rel=\"canonical\" href=\"https:\/\/repliquemangacine.fr\/de\/westerngurtelholster\/lederholster-fur-linkshander-kolser\/\" \/>\n<meta property=\"og:locale\" content=\"de_DE\" \/>\n<meta property=\"og:type\" content=\"article\" \/>\n<meta property=\"og:title\" content=\"Holster cuir pour Gaucher - Kolser - R\u00e9plique Manga Cin\u00e9\" \/>\n<meta property=\"og:description\" content=\"Holster cuir pour Gaucher de 29.5 cm de la marque Kolser. Passant ceinture, boucle acier vieilli et lacet de fixation pour un maintien optimal.\" \/>\n<meta property=\"og:url\" content=\"https:\/\/repliquemangacine.fr\/de\/westerngurtelholster\/lederholster-fur-linkshander-kolser\/\" \/>\n<meta property=\"og:site_name\" content=\"R\u00e9plique Manga Cin\u00e9\" \/>\n<meta property=\"article:publisher\" content=\"https:\/\/www.facebook.com\/RepliqueMangaCine\" \/>\n<meta property=\"article:modified_time\" content=\"2026-04-27T13:41:37+00:00\" \/>\n<meta property=\"og:image\" content=\"https:\/\/repliquemangacine.fr\/wp-content\/uploads\/2025\/07\/Holster-souple-pour-Gaucher.jpg\" \/>\n\t<meta property=\"og:image:width\" content=\"700\" \/>\n\t<meta property=\"og:image:height\" content=\"700\" \/>\n\t<meta property=\"og:image:type\" content=\"image\/jpeg\" \/>\n<meta name=\"twitter:card\" content=\"summary_large_image\" \/>\n<meta name=\"twitter:label1\" content=\"Gesch\u00e4tzte Lesezeit\" \/>\n\t<meta name=\"twitter:data1\" content=\"3\u00a0Minuten\" \/>\n<script type=\"application\/ld+json\" class=\"yoast-schema-graph\">{\"@context\":\"https:\\\/\\\/schema.org\",\"@graph\":[{\"@type\":\"WebPage\",\"@id\":\"https:\\\/\\\/repliquemangacine.fr\\\/holster-western-ceinturon\\\/holster-cuir-pour-gaucher-kolser\\\/\",\"url\":\"https:\\\/\\\/repliquemangacine.fr\\\/holster-western-ceinturon\\\/holster-cuir-pour-gaucher-kolser\\\/\",\"name\":\"Holster cuir pour Gaucher - Kolser - R\u00e9plique Manga Cin\u00e9\",\"isPartOf\":{\"@id\":\"https:\\\/\\\/repliquemangacine.fr\\\/#website\"},\"primaryImageOfPage\":{\"@id\":\"https:\\\/\\\/repliquemangacine.fr\\\/holster-western-ceinturon\\\/holster-cuir-pour-gaucher-kolser\\\/#primaryimage\"},\"image\":{\"@id\":\"https:\\\/\\\/repliquemangacine.fr\\\/holster-western-ceinturon\\\/holster-cuir-pour-gaucher-kolser\\\/#primaryimage\"},\"thumbnailUrl\":\"https:\\\/\\\/repliquemangacine.fr\\\/wp-content\\\/uploads\\\/2025\\\/07\\\/Holster-souple-pour-Gaucher.jpg\",\"datePublished\":\"2025-07-25T15:10:12+00:00\",\"dateModified\":\"2026-04-27T13:41:37+00:00\",\"description\":\"Holster cuir pour Gaucher de 29.5 cm de la marque Kolser. Passant ceinture, boucle acier vieilli et lacet de fixation pour un maintien optimal.\",\"breadcrumb\":{\"@id\":\"https:\\\/\\\/repliquemangacine.fr\\\/holster-western-ceinturon\\\/holster-cuir-pour-gaucher-kolser\\\/#breadcrumb\"},\"inLanguage\":\"de\",\"potentialAction\":[{\"@type\":\"ReadAction\",\"target\":[\"https:\\\/\\\/repliquemangacine.fr\\\/holster-western-ceinturon\\\/holster-cuir-pour-gaucher-kolser\\\/\"]}]},{\"@type\":\"ImageObject\",\"inLanguage\":\"de\",\"@id\":\"https:\\\/\\\/repliquemangacine.fr\\\/holster-western-ceinturon\\\/holster-cuir-pour-gaucher-kolser\\\/#primaryimage\",\"url\":\"https:\\\/\\\/repliquemangacine.fr\\\/wp-content\\\/uploads\\\/2025\\\/07\\\/Holster-souple-pour-Gaucher.jpg\",\"contentUrl\":\"https:\\\/\\\/repliquemangacine.fr\\\/wp-content\\\/uploads\\\/2025\\\/07\\\/Holster-souple-pour-Gaucher.jpg\",\"width\":700,\"height\":700,\"caption\":\"Holster western en cuir marron pour revolver Colt, mod\u00e8le Gaucher Kolser, avec boucle m\u00e9tallique et lacets de fixation\"},{\"@type\":\"BreadcrumbList\",\"@id\":\"https:\\\/\\\/repliquemangacine.fr\\\/holster-western-ceinturon\\\/holster-cuir-pour-gaucher-kolser\\\/#breadcrumb\",\"itemListElement\":[{\"@type\":\"ListItem\",\"position\":1,\"name\":\"Accueil\",\"item\":\"https:\\\/\\\/repliquemangacine.fr\\\/\"},{\"@type\":\"ListItem\",\"position\":2,\"name\":\"Produits\",\"item\":\"https:\\\/\\\/repliquemangacine.fr\\\/boutique\\\/\"},{\"@type\":\"ListItem\",\"position\":3,\"name\":\"Holster cuir pour Gaucher &#8211; Kolser\"}]},{\"@type\":\"WebSite\",\"@id\":\"https:\\\/\\\/repliquemangacine.fr\\\/#website\",\"url\":\"https:\\\/\\\/repliquemangacine.fr\\\/\",\"name\":\"R\u00e9plique Manga Cin\u00e9\",\"description\":\"\",\"publisher\":{\"@id\":\"https:\\\/\\\/repliquemangacine.fr\\\/#organization\"},\"potentialAction\":[{\"@type\":\"SearchAction\",\"target\":{\"@type\":\"EntryPoint\",\"urlTemplate\":\"https:\\\/\\\/repliquemangacine.fr\\\/?s={search_term_string}\"},\"query-input\":{\"@type\":\"PropertyValueSpecification\",\"valueRequired\":true,\"valueName\":\"search_term_string\"}}],\"inLanguage\":\"de\"},{\"@type\":\"Organization\",\"@id\":\"https:\\\/\\\/repliquemangacine.fr\\\/#organization\",\"name\":\"R\u00e9plique Manga Cin\u00e9\",\"url\":\"https:\\\/\\\/repliquemangacine.fr\\\/\",\"logo\":{\"@type\":\"ImageObject\",\"inLanguage\":\"de\",\"@id\":\"https:\\\/\\\/repliquemangacine.fr\\\/#\\\/schema\\\/logo\\\/image\\\/\",\"url\":\"https:\\\/\\\/repliquemangacine.fr\\\/wp-content\\\/uploads\\\/2023\\\/10\\\/RMC-500250.png\",\"contentUrl\":\"https:\\\/\\\/repliquemangacine.fr\\\/wp-content\\\/uploads\\\/2023\\\/10\\\/RMC-500250.png\",\"width\":500,\"height\":250,\"caption\":\"R\u00e9plique Manga Cin\u00e9\"},\"image\":{\"@id\":\"https:\\\/\\\/repliquemangacine.fr\\\/#\\\/schema\\\/logo\\\/image\\\/\"},\"sameAs\":[\"https:\\\/\\\/www.facebook.com\\\/RepliqueMangaCine\",\"https:\\\/\\\/www.instagram.com\\\/repliquemangacine.fr\\\/\"]}]}<\/script>\n<!-- \/ Yoast SEO plugin. -->","yoast_head_json":{"title":"Lederholster f\u00fcr Linksh\u00e4nder - Kolser - R\u00e9plique Manga Cin\u00e9","description":"Lederholster f\u00fcr Linksh\u00e4nder mit einer L\u00e4nge von 29,5 cm der Marke Kolser. G\u00fcrtelschlaufe, Schnalle aus antikisiertem Stahl und Schn\u00fcrsenkel zur Befestigung f\u00fcr optimalen Halt.","robots":{"index":"index","follow":"follow","max-snippet":"max-snippet:-1","max-image-preview":"max-image-preview:large","max-video-preview":"max-video-preview:-1"},"canonical":"https:\/\/repliquemangacine.fr\/de\/westerngurtelholster\/lederholster-fur-linkshander-kolser\/","og_locale":"de_DE","og_type":"article","og_title":"Holster cuir pour Gaucher - Kolser - R\u00e9plique Manga Cin\u00e9","og_description":"Holster cuir pour Gaucher de 29.5 cm de la marque Kolser. Passant ceinture, boucle acier vieilli et lacet de fixation pour un maintien optimal.","og_url":"https:\/\/repliquemangacine.fr\/de\/westerngurtelholster\/lederholster-fur-linkshander-kolser\/","og_site_name":"R\u00e9plique Manga Cin\u00e9","article_publisher":"https:\/\/www.facebook.com\/RepliqueMangaCine","article_modified_time":"2026-04-27T13:41:37+00:00","og_image":[{"width":700,"height":700,"url":"https:\/\/repliquemangacine.fr\/wp-content\/uploads\/2025\/07\/Holster-souple-pour-Gaucher.jpg","type":"image\/jpeg"}],"twitter_card":"summary_large_image","twitter_misc":{"Gesch\u00e4tzte Lesezeit":"3\u00a0Minuten"},"schema":{"@context":"https:\/\/schema.org","@graph":[{"@type":"WebPage","@id":"https:\/\/repliquemangacine.fr\/holster-western-ceinturon\/holster-cuir-pour-gaucher-kolser\/","url":"https:\/\/repliquemangacine.fr\/holster-western-ceinturon\/holster-cuir-pour-gaucher-kolser\/","name":"Lederholster f\u00fcr Linksh\u00e4nder - Kolser - R\u00e9plique Manga Cin\u00e9","isPartOf":{"@id":"https:\/\/repliquemangacine.fr\/#website"},"primaryImageOfPage":{"@id":"https:\/\/repliquemangacine.fr\/holster-western-ceinturon\/holster-cuir-pour-gaucher-kolser\/#primaryimage"},"image":{"@id":"https:\/\/repliquemangacine.fr\/holster-western-ceinturon\/holster-cuir-pour-gaucher-kolser\/#primaryimage"},"thumbnailUrl":"https:\/\/repliquemangacine.fr\/wp-content\/uploads\/2025\/07\/Holster-souple-pour-Gaucher.jpg","datePublished":"2025-07-25T15:10:12+00:00","dateModified":"2026-04-27T13:41:37+00:00","description":"Lederholster f\u00fcr Linksh\u00e4nder mit einer L\u00e4nge von 29,5 cm der Marke Kolser. G\u00fcrtelschlaufe, Schnalle aus antikisiertem Stahl und Schn\u00fcrsenkel zur Befestigung f\u00fcr optimalen Halt.","breadcrumb":{"@id":"https:\/\/repliquemangacine.fr\/holster-western-ceinturon\/holster-cuir-pour-gaucher-kolser\/#breadcrumb"},"inLanguage":"de","potentialAction":[{"@type":"ReadAction","target":["https:\/\/repliquemangacine.fr\/holster-western-ceinturon\/holster-cuir-pour-gaucher-kolser\/"]}]},{"@type":"ImageObject","inLanguage":"de","@id":"https:\/\/repliquemangacine.fr\/holster-western-ceinturon\/holster-cuir-pour-gaucher-kolser\/#primaryimage","url":"https:\/\/repliquemangacine.fr\/wp-content\/uploads\/2025\/07\/Holster-souple-pour-Gaucher.jpg","contentUrl":"https:\/\/repliquemangacine.fr\/wp-content\/uploads\/2025\/07\/Holster-souple-pour-Gaucher.jpg","width":700,"height":700,"caption":"Holster western en cuir marron pour revolver Colt, mod\u00e8le Gaucher Kolser, avec boucle m\u00e9tallique et lacets de fixation"},{"@type":"BreadcrumbList","@id":"https:\/\/repliquemangacine.fr\/holster-western-ceinturon\/holster-cuir-pour-gaucher-kolser\/#breadcrumb","itemListElement":[{"@type":"ListItem","position":1,"name":"Accueil","item":"https:\/\/repliquemangacine.fr\/"},{"@type":"ListItem","position":2,"name":"Produits","item":"https:\/\/repliquemangacine.fr\/boutique\/"},{"@type":"ListItem","position":3,"name":"Holster cuir pour Gaucher &#8211; Kolser"}]},{"@type":"WebSite","@id":"https:\/\/repliquemangacine.fr\/#website","url":"https:\/\/repliquemangacine.fr\/","name":"R\u00e9plique Manga Cin\u00e9","description":"","publisher":{"@id":"https:\/\/repliquemangacine.fr\/#organization"},"potentialAction":[{"@type":"SearchAction","target":{"@type":"EntryPoint","urlTemplate":"https:\/\/repliquemangacine.fr\/?s={search_term_string}"},"query-input":{"@type":"PropertyValueSpecification","valueRequired":true,"valueName":"search_term_string"}}],"inLanguage":"de"},{"@type":"Organization","@id":"https:\/\/repliquemangacine.fr\/#organization","name":"R\u00e9plique Manga Cin\u00e9","url":"https:\/\/repliquemangacine.fr\/","logo":{"@type":"ImageObject","inLanguage":"de","@id":"https:\/\/repliquemangacine.fr\/#\/schema\/logo\/image\/","url":"https:\/\/repliquemangacine.fr\/wp-content\/uploads\/2023\/10\/RMC-500250.png","contentUrl":"https:\/\/repliquemangacine.fr\/wp-content\/uploads\/2023\/10\/RMC-500250.png","width":500,"height":250,"caption":"R\u00e9plique Manga Cin\u00e9"},"image":{"@id":"https:\/\/repliquemangacine.fr\/#\/schema\/logo\/image\/"},"sameAs":["https:\/\/www.facebook.com\/RepliqueMangaCine","https:\/\/www.instagram.com\/repliquemangacine.fr\/"]}]}},"_links":{"self":[{"href":"https:\/\/repliquemangacine.fr\/de\/wp-json\/wp\/v2\/product\/86739","targetHints":{"allow":["GET"]}}],"collection":[{"href":"https:\/\/repliquemangacine.fr\/de\/wp-json\/wp\/v2\/product"}],"about":[{"href":"https:\/\/repliquemangacine.fr\/de\/wp-json\/wp\/v2\/types\/product"}],"wp:featuredmedia":[{"embeddable":true,"href":"https:\/\/repliquemangacine.fr\/de\/wp-json\/wp\/v2\/media\/86740"}],"wp:attachment":[{"href":"https:\/\/repliquemangacine.fr\/de\/wp-json\/wp\/v2\/media?parent=86739"}],"wp:term":[{"taxonomy":"product_brand","embeddable":true,"href":"https:\/\/repliquemangacine.fr\/de\/wp-json\/wp\/v2\/product_brand?post=86739"},{"taxonomy":"product_cat","embeddable":true,"href":"https:\/\/repliquemangacine.fr\/de\/wp-json\/wp\/v2\/product_cat?post=86739"},{"taxonomy":"product_tag","embeddable":true,"href":"https:\/\/repliquemangacine.fr\/de\/wp-json\/wp\/v2\/product_tag?post=86739"}],"curies":[{"name":"wp","href":"https:\/\/api.w.org\/{rel}","templated":true}]}}