





{"id":86726,"date":"2025-07-25T16:27:11","date_gmt":"2025-07-25T14:27:11","guid":{"rendered":"https:\/\/repliquemangacine.fr\/?post_type=product&#038;p=86726"},"modified":"2026-04-19T10:43:20","modified_gmt":"2026-04-19T08:43:20","slug":"holster-aus-echtem-leder-fur-rechtshander-kolser","status":"publish","type":"product","link":"https:\/\/repliquemangacine.fr\/de\/holster-western-ceinturon\/holster-cuir-veritable-pour-droitier-kolser\/","title":{"rendered":"Lederholster f\u00fcr Rechtsh\u00e4nder - Kolser"},"content":{"rendered":"<h2>Lederholster f\u00fcr Rechtsh\u00e4nder Westernfans<\/h2>\n<p>Zun\u00e4chst einmal ist dieser <strong>Lederholster f\u00fcr Rechtsh\u00e4nder<\/strong> ist ein Muss f\u00fcr alle Liebhaber von Westernwaffen und authentischen Repliken. Es besteht zu 100 % aus echtem Leder und bietet ein optisches und haptisches Erlebnis, das dem Wilden Westen treu bleibt. Seine dunkelbraune Oberfl\u00e4che, seine robusten N\u00e4hte und seine Metallschnalle und Befestigungsschn\u00fcrsenkel. Das schlichte, aber wirkungsvolle Design erinnert an die Holster, die Sheriffs, Cowboys oder Kopfgeldj\u00e4ger zu jener Zeit trugen. Mit einer L\u00e4nge von 29,5 cm passt es perfekt zu einer Vielzahl von Repliken wie Colt 45 oder Peacemaker.<\/p>\n<p>Er l\u00e4sst sich leicht am G\u00fcrtel befestigen, ist bequem zu tragen und erm\u00f6glicht ein schnelles Ziehen. Ideal f\u00fcr Cosplay, historische Nachstellungen oder Vitrinenpr\u00e4sentationen. Elegant, funktional und den Codes des Westerns treu bleibend, ist er eine unverzichtbare Erg\u00e4nzung f\u00fcr jede Sammlung, die diesen Namen verdient.<\/p>\n<h2>Kolser: Exzellenz in der Replik von Waffen und Westernzubeh\u00f6r<\/h2>\n<p>Die Marke <a href=\"https:\/\/kolser.com\/fr\/\" target=\"_blank\" rel=\"noopener noreferrer\">Kolser<\/a> hat sich dank seiner hohen Qualit\u00e4tsanspr\u00fcche und seiner Liebe zum Detail als Referenz im Bereich der Nachbildungen historischer Waffen etabliert. Jedes von der spanischen Marke entworfene St\u00fcck zeichnet sich durch ein realistisches Design, robuste Materialien und eine bemerkenswerte originalgetreue Nachbildung der Originalmodelle aus. Dieses Holster bildet da keine Ausnahme: Es ist das Ergebnis handwerklichen Know-hows, das Tradition und Moderne vereint.<\/p>\n<p>Kolser begn\u00fcgt sich nicht damit, zu kopieren: Das Unternehmen schafft das Erlebnis neu, damit jeder Sammler das Gewicht der Geschichte sp\u00fcren kann. Dieses Qualit\u00e4tsniveau finden Sie in allen Produkten wieder, die in unserem Shop Repliquemangacine erh\u00e4ltlich sind, egal ob es sich um Schlagwaffen, Sammlerboxen oder Zubeh\u00f6r f\u00fcr Kugeln handelt. Wenn Sie sich f\u00fcr Kolser entscheiden, setzen Sie auf Authentizit\u00e4t, Langlebigkeit und ein vollst\u00e4ndiges Eintauchen in die Welt der Legenden des Westens.<\/p>\n<h2>Die Kolser-Waffenrepliken, die auf Replica Manga Cine verf\u00fcgbar sind<\/h2>\n<p>Repliquemangacine bietet Ihnen eine exklusive Auswahl an Kolser-Repliken, um Ihre Sammlung zu erweitern oder Ihr Outfit zu vervollst\u00e4ndigen. Sie finden insbesondere den ber\u00fchmten <a href=\"https:\/\/repliquemangacine.fr\/de\/kolser-waffe\/remington-1858-a-percussion-kolser\/\" target=\"_blank\" rel=\"noopener noreferrer\">Remington 1858 Perkussion<\/a>. Symbolische Waffe aus dem 19. Jahrhundert, perfekt f\u00fcr Liebhaber der Milit\u00e4rgeschichte. F\u00fcr diejenigen, die noch weiter gehen wollen, bieten wir auch eine <a href=\"https:\/\/repliquemangacine.fr\/de\/kolser-waffe\/zusatzliche-perkussionstrommel-remington-1858-kolser\/\" target=\"_blank\" rel=\"noopener noreferrer\">Perkussionszylinder<\/a> kompatible Zusatzfolie, um Ihrer Pr\u00e4sentation mehr Realismus zu verleihen. Unsere <a href=\"https:\/\/repliquemangacine.fr\/de\/kolser-waffe\/6-attrappenkugeln-fur-colt-45-kolser\/\" target=\"_blank\" rel=\"noopener noreferrer\">Attrappen Kugeln Colt Kolser<\/a> sind ebenfalls erh\u00e4ltlich, um Ihr Holster zu verzieren. Und schlie\u00dflich sollten Sie sich die pr\u00e4chtige Schatulle <a href=\"https:\/\/repliquemangacine.fr\/de\/kolser-waffe\/koffer-peacemaker-5-5-poliert-kolser\/\" target=\"_blank\" rel=\"noopener noreferrer\">Peacemaker 5.5 poli<\/a>. Ein echtes Sammlerst\u00fcck, geliefert in einer sch\u00f6nen Holzschatulle, ideal zum Verschenken oder Ausstellen.<\/p>\n<p>Alle Artikel werden sorgf\u00e4ltig aufgrund ihrer hochwertigen Verarbeitung, ihres Realismus und ihres historischen Werts ausgew\u00e4hlt. Schlie\u00dfen Sie sich den Fans an, die bereits von Kolser auf Repliquemangacine \u00fcberzeugt sind, der Referenzseite f\u00fcr Fans des Westerns, Mangas, Kinos und Videospielen.<\/p>","protected":false},"excerpt":{"rendered":"<p>Colt Rechtsh\u00e4nder Leder Holster - Kolser Herstellung - 29,5 cm<\/p>\n<p>Das perfekte Holster, um Ihren Cowboy-Look zu vervollst\u00e4ndigen oder Ihre Revolverreplik stolz zur Schau zu stellen.<\/p>\n<ul>\n<li>Modell: Colt Holster - Rechtsh\u00e4nder<\/li>\n<li>Marke: Kolser<\/li>\n<li>Material: 100 % echtes Leder<\/li>\n<li>Gesamtl\u00e4nge: 29,5 cm<\/li>\n<li>Befestigung: G\u00fcrtelschlaufe, Metallschnalle und Schn\u00fcrsenkel zur Befestigung.<\/li>\n<li>Farbe: Dunkelbraun Vintage<\/li>\n<\/ul>","protected":false},"featured_media":86729,"template":"","meta":[],"product_brand":[896],"product_cat":[100,45,90,27],"product_tag":[],"class_list":{"0":"post-86726","1":"product","2":"type-product","3":"status-publish","4":"has-post-thumbnail","6":"product_brand-replique-manga-cine","7":"product_cat-arme-kolser","8":"product_cat-holster-western-ceinturon","9":"product_cat-holster-accessoires-western","10":"product_cat-armes-et-accessoires-western","12":"first","13":"instock","14":"taxable","15":"shipping-taxable","16":"purchasable","17":"product-type-simple"},"yoast_head":"<!-- This site is optimized with the Yoast SEO plugin v27.5 - https:\/\/yoast.com\/product\/yoast-seo-wordpress\/ -->\n<title>Holster cuir pour droitier - Kolser - R\u00e9plique Manga Cin\u00e9<\/title>\n<meta name=\"description\" content=\"Holster cuir v\u00e9ritable pour droitier de la marque Kolser, avec passant ceinture et lacet. Id\u00e9al pour revolvers western type Peacemaker. 29 cm\" \/>\n<meta name=\"robots\" content=\"index, follow, max-snippet:-1, max-image-preview:large, max-video-preview:-1\" \/>\n<link rel=\"canonical\" href=\"https:\/\/repliquemangacine.fr\/de\/westerngurtelholster\/holster-aus-echtem-leder-fur-rechtshander-kolser\/\" \/>\n<meta property=\"og:locale\" content=\"de_DE\" \/>\n<meta property=\"og:type\" content=\"article\" \/>\n<meta property=\"og:title\" content=\"Holster cuir pour droitier - Kolser - R\u00e9plique Manga Cin\u00e9\" \/>\n<meta property=\"og:description\" content=\"Holster cuir v\u00e9ritable pour droitier de la marque Kolser, avec passant ceinture et lacet. Id\u00e9al pour revolvers western type Peacemaker. 29 cm\" \/>\n<meta property=\"og:url\" content=\"https:\/\/repliquemangacine.fr\/de\/westerngurtelholster\/holster-aus-echtem-leder-fur-rechtshander-kolser\/\" \/>\n<meta property=\"og:site_name\" content=\"R\u00e9plique Manga Cin\u00e9\" \/>\n<meta property=\"article:publisher\" content=\"https:\/\/www.facebook.com\/RepliqueMangaCine\" \/>\n<meta property=\"article:modified_time\" content=\"2026-04-19T08:43:20+00:00\" \/>\n<meta property=\"og:image\" content=\"https:\/\/repliquemangacine.fr\/wp-content\/uploads\/2025\/07\/Holster-cuir-pour-droitier-1.jpg\" \/>\n\t<meta property=\"og:image:width\" content=\"700\" \/>\n\t<meta property=\"og:image:height\" content=\"700\" \/>\n\t<meta property=\"og:image:type\" content=\"image\/jpeg\" \/>\n<meta name=\"twitter:card\" content=\"summary_large_image\" \/>\n<meta name=\"twitter:label1\" content=\"Gesch\u00e4tzte Lesezeit\" \/>\n\t<meta name=\"twitter:data1\" content=\"3\u00a0Minuten\" \/>\n<script type=\"application\/ld+json\" class=\"yoast-schema-graph\">{\"@context\":\"https:\\\/\\\/schema.org\",\"@graph\":[{\"@type\":\"WebPage\",\"@id\":\"https:\\\/\\\/repliquemangacine.fr\\\/holster-western-ceinturon\\\/holster-cuir-veritable-pour-droitier-kolser\\\/\",\"url\":\"https:\\\/\\\/repliquemangacine.fr\\\/holster-western-ceinturon\\\/holster-cuir-veritable-pour-droitier-kolser\\\/\",\"name\":\"Holster cuir pour droitier - Kolser - R\u00e9plique Manga Cin\u00e9\",\"isPartOf\":{\"@id\":\"https:\\\/\\\/repliquemangacine.fr\\\/#website\"},\"primaryImageOfPage\":{\"@id\":\"https:\\\/\\\/repliquemangacine.fr\\\/holster-western-ceinturon\\\/holster-cuir-veritable-pour-droitier-kolser\\\/#primaryimage\"},\"image\":{\"@id\":\"https:\\\/\\\/repliquemangacine.fr\\\/holster-western-ceinturon\\\/holster-cuir-veritable-pour-droitier-kolser\\\/#primaryimage\"},\"thumbnailUrl\":\"https:\\\/\\\/repliquemangacine.fr\\\/wp-content\\\/uploads\\\/2025\\\/07\\\/Holster-cuir-pour-droitier-1.jpg\",\"datePublished\":\"2025-07-25T14:27:11+00:00\",\"dateModified\":\"2026-04-19T08:43:20+00:00\",\"description\":\"Holster cuir v\u00e9ritable pour droitier de la marque Kolser, avec passant ceinture et lacet. Id\u00e9al pour revolvers western type Peacemaker. 29 cm\",\"breadcrumb\":{\"@id\":\"https:\\\/\\\/repliquemangacine.fr\\\/holster-western-ceinturon\\\/holster-cuir-veritable-pour-droitier-kolser\\\/#breadcrumb\"},\"inLanguage\":\"de\",\"potentialAction\":[{\"@type\":\"ReadAction\",\"target\":[\"https:\\\/\\\/repliquemangacine.fr\\\/holster-western-ceinturon\\\/holster-cuir-veritable-pour-droitier-kolser\\\/\"]}]},{\"@type\":\"ImageObject\",\"inLanguage\":\"de\",\"@id\":\"https:\\\/\\\/repliquemangacine.fr\\\/holster-western-ceinturon\\\/holster-cuir-veritable-pour-droitier-kolser\\\/#primaryimage\",\"url\":\"https:\\\/\\\/repliquemangacine.fr\\\/wp-content\\\/uploads\\\/2025\\\/07\\\/Holster-cuir-pour-droitier-1.jpg\",\"contentUrl\":\"https:\\\/\\\/repliquemangacine.fr\\\/wp-content\\\/uploads\\\/2025\\\/07\\\/Holster-cuir-pour-droitier-1.jpg\",\"width\":700,\"height\":700,\"caption\":\"Holster western en cuir marron pour revolver Colt, mod\u00e8le droitier Kolser, avec boucle m\u00e9tallique et lacets de fixation.\"},{\"@type\":\"BreadcrumbList\",\"@id\":\"https:\\\/\\\/repliquemangacine.fr\\\/holster-western-ceinturon\\\/holster-cuir-veritable-pour-droitier-kolser\\\/#breadcrumb\",\"itemListElement\":[{\"@type\":\"ListItem\",\"position\":1,\"name\":\"Accueil\",\"item\":\"https:\\\/\\\/repliquemangacine.fr\\\/\"},{\"@type\":\"ListItem\",\"position\":2,\"name\":\"Produits\",\"item\":\"https:\\\/\\\/repliquemangacine.fr\\\/boutique\\\/\"},{\"@type\":\"ListItem\",\"position\":3,\"name\":\"Holster cuir pour droitier &#8211; Kolser\"}]},{\"@type\":\"WebSite\",\"@id\":\"https:\\\/\\\/repliquemangacine.fr\\\/#website\",\"url\":\"https:\\\/\\\/repliquemangacine.fr\\\/\",\"name\":\"R\u00e9plique Manga Cin\u00e9\",\"description\":\"\",\"publisher\":{\"@id\":\"https:\\\/\\\/repliquemangacine.fr\\\/#organization\"},\"potentialAction\":[{\"@type\":\"SearchAction\",\"target\":{\"@type\":\"EntryPoint\",\"urlTemplate\":\"https:\\\/\\\/repliquemangacine.fr\\\/?s={search_term_string}\"},\"query-input\":{\"@type\":\"PropertyValueSpecification\",\"valueRequired\":true,\"valueName\":\"search_term_string\"}}],\"inLanguage\":\"de\"},{\"@type\":\"Organization\",\"@id\":\"https:\\\/\\\/repliquemangacine.fr\\\/#organization\",\"name\":\"R\u00e9plique Manga Cin\u00e9\",\"url\":\"https:\\\/\\\/repliquemangacine.fr\\\/\",\"logo\":{\"@type\":\"ImageObject\",\"inLanguage\":\"de\",\"@id\":\"https:\\\/\\\/repliquemangacine.fr\\\/#\\\/schema\\\/logo\\\/image\\\/\",\"url\":\"https:\\\/\\\/repliquemangacine.fr\\\/wp-content\\\/uploads\\\/2023\\\/10\\\/RMC-500250.png\",\"contentUrl\":\"https:\\\/\\\/repliquemangacine.fr\\\/wp-content\\\/uploads\\\/2023\\\/10\\\/RMC-500250.png\",\"width\":500,\"height\":250,\"caption\":\"R\u00e9plique Manga Cin\u00e9\"},\"image\":{\"@id\":\"https:\\\/\\\/repliquemangacine.fr\\\/#\\\/schema\\\/logo\\\/image\\\/\"},\"sameAs\":[\"https:\\\/\\\/www.facebook.com\\\/RepliqueMangaCine\",\"https:\\\/\\\/www.instagram.com\\\/repliquemangacine.fr\\\/\"]}]}<\/script>\n<!-- \/ Yoast SEO plugin. -->","yoast_head_json":{"title":"Lederholster f\u00fcr Rechtsh\u00e4nder - Kolser - R\u00e9plique Manga Cin\u00e9","description":"Echtleder-Holster f\u00fcr Rechtsh\u00e4nder von Kolser mit G\u00fcrtelschlaufe und Schn\u00fcrsenkel. Ideal f\u00fcr Westernrevolver vom Typ Peacemaker. 29 cm","robots":{"index":"index","follow":"follow","max-snippet":"max-snippet:-1","max-image-preview":"max-image-preview:large","max-video-preview":"max-video-preview:-1"},"canonical":"https:\/\/repliquemangacine.fr\/de\/westerngurtelholster\/holster-aus-echtem-leder-fur-rechtshander-kolser\/","og_locale":"de_DE","og_type":"article","og_title":"Holster cuir pour droitier - Kolser - R\u00e9plique Manga Cin\u00e9","og_description":"Holster cuir v\u00e9ritable pour droitier de la marque Kolser, avec passant ceinture et lacet. Id\u00e9al pour revolvers western type Peacemaker. 29 cm","og_url":"https:\/\/repliquemangacine.fr\/de\/westerngurtelholster\/holster-aus-echtem-leder-fur-rechtshander-kolser\/","og_site_name":"R\u00e9plique Manga Cin\u00e9","article_publisher":"https:\/\/www.facebook.com\/RepliqueMangaCine","article_modified_time":"2026-04-19T08:43:20+00:00","og_image":[{"width":700,"height":700,"url":"https:\/\/repliquemangacine.fr\/wp-content\/uploads\/2025\/07\/Holster-cuir-pour-droitier-1.jpg","type":"image\/jpeg"}],"twitter_card":"summary_large_image","twitter_misc":{"Gesch\u00e4tzte Lesezeit":"3\u00a0Minuten"},"schema":{"@context":"https:\/\/schema.org","@graph":[{"@type":"WebPage","@id":"https:\/\/repliquemangacine.fr\/holster-western-ceinturon\/holster-cuir-veritable-pour-droitier-kolser\/","url":"https:\/\/repliquemangacine.fr\/holster-western-ceinturon\/holster-cuir-veritable-pour-droitier-kolser\/","name":"Lederholster f\u00fcr Rechtsh\u00e4nder - Kolser - R\u00e9plique Manga Cin\u00e9","isPartOf":{"@id":"https:\/\/repliquemangacine.fr\/#website"},"primaryImageOfPage":{"@id":"https:\/\/repliquemangacine.fr\/holster-western-ceinturon\/holster-cuir-veritable-pour-droitier-kolser\/#primaryimage"},"image":{"@id":"https:\/\/repliquemangacine.fr\/holster-western-ceinturon\/holster-cuir-veritable-pour-droitier-kolser\/#primaryimage"},"thumbnailUrl":"https:\/\/repliquemangacine.fr\/wp-content\/uploads\/2025\/07\/Holster-cuir-pour-droitier-1.jpg","datePublished":"2025-07-25T14:27:11+00:00","dateModified":"2026-04-19T08:43:20+00:00","description":"Echtleder-Holster f\u00fcr Rechtsh\u00e4nder von Kolser mit G\u00fcrtelschlaufe und Schn\u00fcrsenkel. Ideal f\u00fcr Westernrevolver vom Typ Peacemaker. 29 cm","breadcrumb":{"@id":"https:\/\/repliquemangacine.fr\/holster-western-ceinturon\/holster-cuir-veritable-pour-droitier-kolser\/#breadcrumb"},"inLanguage":"de","potentialAction":[{"@type":"ReadAction","target":["https:\/\/repliquemangacine.fr\/holster-western-ceinturon\/holster-cuir-veritable-pour-droitier-kolser\/"]}]},{"@type":"ImageObject","inLanguage":"de","@id":"https:\/\/repliquemangacine.fr\/holster-western-ceinturon\/holster-cuir-veritable-pour-droitier-kolser\/#primaryimage","url":"https:\/\/repliquemangacine.fr\/wp-content\/uploads\/2025\/07\/Holster-cuir-pour-droitier-1.jpg","contentUrl":"https:\/\/repliquemangacine.fr\/wp-content\/uploads\/2025\/07\/Holster-cuir-pour-droitier-1.jpg","width":700,"height":700,"caption":"Holster western en cuir marron pour revolver Colt, mod\u00e8le droitier Kolser, avec boucle m\u00e9tallique et lacets de fixation."},{"@type":"BreadcrumbList","@id":"https:\/\/repliquemangacine.fr\/holster-western-ceinturon\/holster-cuir-veritable-pour-droitier-kolser\/#breadcrumb","itemListElement":[{"@type":"ListItem","position":1,"name":"Accueil","item":"https:\/\/repliquemangacine.fr\/"},{"@type":"ListItem","position":2,"name":"Produits","item":"https:\/\/repliquemangacine.fr\/boutique\/"},{"@type":"ListItem","position":3,"name":"Holster cuir pour droitier &#8211; Kolser"}]},{"@type":"WebSite","@id":"https:\/\/repliquemangacine.fr\/#website","url":"https:\/\/repliquemangacine.fr\/","name":"R\u00e9plique Manga Cin\u00e9","description":"","publisher":{"@id":"https:\/\/repliquemangacine.fr\/#organization"},"potentialAction":[{"@type":"SearchAction","target":{"@type":"EntryPoint","urlTemplate":"https:\/\/repliquemangacine.fr\/?s={search_term_string}"},"query-input":{"@type":"PropertyValueSpecification","valueRequired":true,"valueName":"search_term_string"}}],"inLanguage":"de"},{"@type":"Organization","@id":"https:\/\/repliquemangacine.fr\/#organization","name":"R\u00e9plique Manga Cin\u00e9","url":"https:\/\/repliquemangacine.fr\/","logo":{"@type":"ImageObject","inLanguage":"de","@id":"https:\/\/repliquemangacine.fr\/#\/schema\/logo\/image\/","url":"https:\/\/repliquemangacine.fr\/wp-content\/uploads\/2023\/10\/RMC-500250.png","contentUrl":"https:\/\/repliquemangacine.fr\/wp-content\/uploads\/2023\/10\/RMC-500250.png","width":500,"height":250,"caption":"R\u00e9plique Manga Cin\u00e9"},"image":{"@id":"https:\/\/repliquemangacine.fr\/#\/schema\/logo\/image\/"},"sameAs":["https:\/\/www.facebook.com\/RepliqueMangaCine","https:\/\/www.instagram.com\/repliquemangacine.fr\/"]}]}},"_links":{"self":[{"href":"https:\/\/repliquemangacine.fr\/de\/wp-json\/wp\/v2\/product\/86726","targetHints":{"allow":["GET"]}}],"collection":[{"href":"https:\/\/repliquemangacine.fr\/de\/wp-json\/wp\/v2\/product"}],"about":[{"href":"https:\/\/repliquemangacine.fr\/de\/wp-json\/wp\/v2\/types\/product"}],"wp:featuredmedia":[{"embeddable":true,"href":"https:\/\/repliquemangacine.fr\/de\/wp-json\/wp\/v2\/media\/86729"}],"wp:attachment":[{"href":"https:\/\/repliquemangacine.fr\/de\/wp-json\/wp\/v2\/media?parent=86726"}],"wp:term":[{"taxonomy":"product_brand","embeddable":true,"href":"https:\/\/repliquemangacine.fr\/de\/wp-json\/wp\/v2\/product_brand?post=86726"},{"taxonomy":"product_cat","embeddable":true,"href":"https:\/\/repliquemangacine.fr\/de\/wp-json\/wp\/v2\/product_cat?post=86726"},{"taxonomy":"product_tag","embeddable":true,"href":"https:\/\/repliquemangacine.fr\/de\/wp-json\/wp\/v2\/product_tag?post=86726"}],"curies":[{"name":"wp","href":"https:\/\/api.w.org\/{rel}","templated":true}]}}