





{"id":86686,"date":"2025-07-24T11:55:27","date_gmt":"2025-07-24T09:55:27","guid":{"rendered":"https:\/\/repliquemangacine.fr\/?post_type=product&#038;p=86686"},"modified":"2025-11-12T23:52:48","modified_gmt":"2025-11-12T22:52:48","slug":"prasentationsrahmen-colt-4-75","status":"publish","type":"product","link":"https:\/\/repliquemangacine.fr\/de\/non-classe\/cadre-de-presentation-colt-4-75\/","title":{"rendered":"Pr\u00e4sentationsrahmen Colt 4.75\u2033"},"content":{"rendered":"<h2>Ein Colt 4.75\u2033 Pr\u00e4sentationsrahmen - Kolser-Qualit\u00e4t auf den Punkt gebracht.<\/h2>\n<p>Beginnen wir mit der Betrachtung dieses Pr\u00e4sentationsrahmens Colt 4.75\u2033. <a href=\"https:\/\/kolser.com\/fr\/\" target=\"_blank\" rel=\"noopener noreferrer\">Kolser<\/a> ist perfekt kompatibel mit Colt Single Action Army Revolvern mit 4,75-Zoll-Lauf.<br \/>\nZun\u00e4chst einmal sorgt sein sorgf\u00e4ltig gefertigter Rahmen aus dunklem Holz f\u00fcr einen eleganten Kontrast zum gr\u00fcnen Filz und sorgt so f\u00fcr einen auff\u00e4lligen visuellen Effekt.<br \/>\nDar\u00fcber hinaus sorgen integrierte Metallhaken f\u00fcr eine sichere und \u00e4sthetische Befestigung Ihrer Waffe und der Attrappenmunition.<br \/>\nDas Set enth\u00e4lt sechs Attrappenpatronen aus Metall (nur kompatibel mit Colts der Marke Kolser) und eine vergoldete Plakette \u201cColts Patent Repeating Pistols\u201d im authentischen Stil.<br \/>\nZusammenfassend l\u00e4sst sich sagen, dass dieser Rahmen eine ideale L\u00f6sung ist, um Ihren Colt elegant zur Geltung zu bringen und ihm gleichzeitig einen authentischen Western-Touch zu verleihen.<br \/>\nSo k\u00f6nnen Sie Ihren Colt-Revolver nun wie in einem Museum ausstellen und erzielen damit einen beeindruckenden und professionellen Effekt.<br \/>\nSchlie\u00dflich ist diese Kreation von Kolser nicht nur sch\u00f6n, sondern auch eine Hommage an eine legend\u00e4re Waffe des amerikanischen Westens.<\/p>\n<h2>Eleganz im Detail - Warum dieser Rahmen ein Muss ist<\/h2>\n<p>Dieser Pr\u00e4sentationsrahmen von Kolser ist nicht nur dekorativ, sondern spielt auch eine zentrale Rolle bei der Inszenierung Ihrer Repliken.<br \/>\nSein klassischer Westernstil passt beispielsweise perfekt zur Welt der Sammler, die sich f\u00fcr authentische Waffen aus dem Wilden Westen begeistern.<br \/>\nDar\u00fcber hinaus unterstreicht die gravierte Messingplakette die historische Dimension Ihres Raumes und sorgt f\u00fcr ein noch eindrucksvolleres Erlebnis.<br \/>\nDeshalb hebt sich dieses Produkt deutlich von einfachen Halterungen ab: Es bietet eine echte Dekoration f\u00fcr Ihre legend\u00e4re Waffe.<br \/>\nDaher handelt es sich hierbei um ein Accessoire der Wahl f\u00fcr jeden Liebhaber, der seinen Revolver mit Charakter pr\u00e4sentieren m\u00f6chte.<br \/>\nMit anderen Worten: Dieser Rahmen ist nicht nur ein einfacher Ausstellungsgegenstand, sondern ein direktes Eintauchen in die Geschichte des Wilden Westens.<br \/>\nLetztendlich verwandelt er eine statische Waffe in ein lebendiges Gem\u00e4lde, das f\u00fcr alle Liebhaber ebenso faszinierend wie authentisch ist.<\/p>\n<h2>Weitere Westernrepliken und Sammlerst\u00fccke finden Sie auf RepliqueMangaCine.de.<\/h2>\n<p>Auf unserer Seite <strong>ReplicaMangaCine.de<\/strong>, finden Sie weit mehr als nur diesen wundersch\u00f6nen Rahmen f\u00fcr einen Colt-Revolver.<br \/>\nWir bieten n\u00e4mlich authentische Repliken wie <a href=\"https:\/\/repliquemangacine.fr\/de\/kolser-waffe\/koffer-colt-45-poliert-4-75-zoll-1873-kolser\/\" target=\"_blank\" rel=\"noopener noreferrer\">die Colt 1873 polierte 4.75\u2033 Kolser Box<\/a>, mit au\u00dfergew\u00f6hnlichen Oberfl\u00e4chen.<br \/>\nVerpassen Sie au\u00dferdem nicht unser <a href=\"https:\/\/repliquemangacine.fr\/de\/denix\/colt-single-action-1873-peacemaker-le-frontier\/\" target=\"_blank\" rel=\"noopener noreferrer\">Colt Single Action 1873 Peacemaker Der Frontier Denix<\/a>, ein symboltr\u00e4chtiges St\u00fcck des Wilden Westens.<br \/>\nAber das ist noch nicht alles: Unser Shop ist voll mit Schwertern, Katanas, S\u00e4beln, historischen Waffen und Objekten aus der Popkultur.<br \/>\nSo kommen Fans von One Piece, Zelda, The Witcher, Game of Thrones oder Assassin\u2019s Creed voll auf ihre Kosten.<br \/>\nDar\u00fcber hinaus sind alle unsere Produkte f\u00fcr Liebhaber sch\u00f6ner St\u00fccke konzipiert, egal ob es sich um Repliken oder Geek-Dekoration handelt.<br \/>\nMit anderen Worten: Ob Sie nun Filmfan, Waffensammler oder Manga-Fan sind, auf unserer Website finden Sie, was Sie suchen.<br \/>\nBesuchen Sie schlie\u00dflich <strong>ReplicaMangaCine.de<\/strong> und tauchen Sie ein in einen Katalog voller Emotionen, Kultwaffen und legend\u00e4rer Gegenst\u00e4nde.<\/p>","protected":false},"excerpt":{"rendered":"<p>Speziell f\u00fcr die Aufnahme von .45 Colt-Replikaten mit 4,75-Zoll-Lauf konzipiert.<\/p>\n<p><strong>Im Rahmen enthalten:<\/strong><\/p>\n<ul>\n<li>6 falsche Metallkugeln (nicht funktionst\u00fcchtig)<\/li>\n<li>Eine goldene Plakette mit Gravur: Colts Patent Repeating Pistols<\/li>\n<li>Inneres Befestigungssystem (Metallhaken) f\u00fcr das Ausstellen von Revolver + Kugeln<\/li>\n<li>\u00a0Materialien: Holzrahmen<\/li>\n<li>Hintergrund aus gr\u00fcnem Filz<\/li>\n<li>Metalldetails (Haken + falsche Munition + Platte)<\/li>\n<li>Breite: 33 cm<\/li>\n<li>H\u00f6he: 24 cm<\/li>\n<li>Tiefe: 4,5 cm<\/li>\n<\/ul>","protected":false},"featured_media":86666,"template":"","meta":[],"product_brand":[896],"product_cat":[22],"product_tag":[],"class_list":{"0":"post-86686","1":"product","2":"type-product","3":"status-publish","4":"has-post-thumbnail","6":"product_brand-replique-manga-cine","7":"product_cat-non-classe","9":"first","10":"instock","11":"taxable","12":"shipping-taxable","13":"purchasable","14":"product-type-simple"},"yoast_head":"<!-- This site is optimized with the Yoast SEO plugin v27.4 - https:\/\/yoast.com\/product\/yoast-seo-wordpress\/ -->\n<title>Cadre de pr\u00e9sentation Colt 4.75&quot;- Kolser | R\u00e9plique Manga Cin\u00e9<\/title>\n<meta name=\"description\" content=\"Exposez votre revolver western avec style gr\u00e2ce \u00e0 ce cadre de pr\u00e9sentation pour Colt 4.75&quot;. \u00c9l\u00e9gant, robuste et sign\u00e9 Kolser !\" \/>\n<meta name=\"robots\" content=\"index, follow, max-snippet:-1, max-image-preview:large, max-video-preview:-1\" \/>\n<link rel=\"canonical\" href=\"https:\/\/repliquemangacine.fr\/de\/nicht-klasse\/prasentationsrahmen-colt-4-75\/\" \/>\n<meta property=\"og:locale\" content=\"de_DE\" \/>\n<meta property=\"og:type\" content=\"article\" \/>\n<meta property=\"og:title\" content=\"Cadre de pr\u00e9sentation Colt 4.75&quot;- Kolser | R\u00e9plique Manga Cin\u00e9\" \/>\n<meta property=\"og:description\" content=\"Exposez votre revolver western avec style gr\u00e2ce \u00e0 ce cadre de pr\u00e9sentation pour Colt 4.75&quot;. \u00c9l\u00e9gant, robuste et sign\u00e9 Kolser !\" \/>\n<meta property=\"og:url\" content=\"https:\/\/repliquemangacine.fr\/de\/nicht-klasse\/prasentationsrahmen-colt-4-75\/\" \/>\n<meta property=\"og:site_name\" content=\"R\u00e9plique Manga Cin\u00e9\" \/>\n<meta property=\"article:publisher\" content=\"https:\/\/www.facebook.com\/RepliqueMangaCine\" \/>\n<meta property=\"article:modified_time\" content=\"2025-11-12T22:52:48+00:00\" \/>\n<meta property=\"og:image\" content=\"https:\/\/repliquemangacine.fr\/wp-content\/uploads\/2025\/07\/Cadre-de-presentation-pour-colt-1062.jpg\" \/>\n\t<meta property=\"og:image:width\" content=\"700\" \/>\n\t<meta property=\"og:image:height\" content=\"500\" \/>\n\t<meta property=\"og:image:type\" content=\"image\/jpeg\" \/>\n<meta name=\"twitter:card\" content=\"summary_large_image\" \/>\n<meta name=\"twitter:label1\" content=\"Gesch\u00e4tzte Lesezeit\" \/>\n\t<meta name=\"twitter:data1\" content=\"3\u00a0Minuten\" \/>\n<script type=\"application\/ld+json\" class=\"yoast-schema-graph\">{\"@context\":\"https:\\\/\\\/schema.org\",\"@graph\":[{\"@type\":\"WebPage\",\"@id\":\"https:\\\/\\\/repliquemangacine.fr\\\/non-classe\\\/cadre-de-presentation-colt-4-75\\\/\",\"url\":\"https:\\\/\\\/repliquemangacine.fr\\\/non-classe\\\/cadre-de-presentation-colt-4-75\\\/\",\"name\":\"Cadre de pr\u00e9sentation Colt 4.75\\\"- Kolser | R\u00e9plique Manga Cin\u00e9\",\"isPartOf\":{\"@id\":\"https:\\\/\\\/repliquemangacine.fr\\\/#website\"},\"primaryImageOfPage\":{\"@id\":\"https:\\\/\\\/repliquemangacine.fr\\\/non-classe\\\/cadre-de-presentation-colt-4-75\\\/#primaryimage\"},\"image\":{\"@id\":\"https:\\\/\\\/repliquemangacine.fr\\\/non-classe\\\/cadre-de-presentation-colt-4-75\\\/#primaryimage\"},\"thumbnailUrl\":\"https:\\\/\\\/repliquemangacine.fr\\\/wp-content\\\/uploads\\\/2025\\\/07\\\/Cadre-de-presentation-pour-colt-1062.jpg\",\"datePublished\":\"2025-07-24T09:55:27+00:00\",\"dateModified\":\"2025-11-12T22:52:48+00:00\",\"description\":\"Exposez votre revolver western avec style gr\u00e2ce \u00e0 ce cadre de pr\u00e9sentation pour Colt 4.75\\\". \u00c9l\u00e9gant, robuste et sign\u00e9 Kolser !\",\"breadcrumb\":{\"@id\":\"https:\\\/\\\/repliquemangacine.fr\\\/non-classe\\\/cadre-de-presentation-colt-4-75\\\/#breadcrumb\"},\"inLanguage\":\"de\",\"potentialAction\":[{\"@type\":\"ReadAction\",\"target\":[\"https:\\\/\\\/repliquemangacine.fr\\\/non-classe\\\/cadre-de-presentation-colt-4-75\\\/\"]}]},{\"@type\":\"ImageObject\",\"inLanguage\":\"de\",\"@id\":\"https:\\\/\\\/repliquemangacine.fr\\\/non-classe\\\/cadre-de-presentation-colt-4-75\\\/#primaryimage\",\"url\":\"https:\\\/\\\/repliquemangacine.fr\\\/wp-content\\\/uploads\\\/2025\\\/07\\\/Cadre-de-presentation-pour-colt-1062.jpg\",\"contentUrl\":\"https:\\\/\\\/repliquemangacine.fr\\\/wp-content\\\/uploads\\\/2025\\\/07\\\/Cadre-de-presentation-pour-colt-1062.jpg\",\"width\":700,\"height\":500,\"caption\":\"Cadre-de-pr\u00e9sentation-pour-colt-1062\"},{\"@type\":\"BreadcrumbList\",\"@id\":\"https:\\\/\\\/repliquemangacine.fr\\\/non-classe\\\/cadre-de-presentation-colt-4-75\\\/#breadcrumb\",\"itemListElement\":[{\"@type\":\"ListItem\",\"position\":1,\"name\":\"Accueil\",\"item\":\"https:\\\/\\\/repliquemangacine.fr\\\/\"},{\"@type\":\"ListItem\",\"position\":2,\"name\":\"Produits\",\"item\":\"https:\\\/\\\/repliquemangacine.fr\\\/boutique\\\/\"},{\"@type\":\"ListItem\",\"position\":3,\"name\":\"Cadre de pr\u00e9sentation Colt 4.75&#8243;\"}]},{\"@type\":\"WebSite\",\"@id\":\"https:\\\/\\\/repliquemangacine.fr\\\/#website\",\"url\":\"https:\\\/\\\/repliquemangacine.fr\\\/\",\"name\":\"R\u00e9plique Manga Cin\u00e9\",\"description\":\"\",\"publisher\":{\"@id\":\"https:\\\/\\\/repliquemangacine.fr\\\/#organization\"},\"potentialAction\":[{\"@type\":\"SearchAction\",\"target\":{\"@type\":\"EntryPoint\",\"urlTemplate\":\"https:\\\/\\\/repliquemangacine.fr\\\/?s={search_term_string}\"},\"query-input\":{\"@type\":\"PropertyValueSpecification\",\"valueRequired\":true,\"valueName\":\"search_term_string\"}}],\"inLanguage\":\"de\"},{\"@type\":\"Organization\",\"@id\":\"https:\\\/\\\/repliquemangacine.fr\\\/#organization\",\"name\":\"R\u00e9plique Manga Cin\u00e9\",\"url\":\"https:\\\/\\\/repliquemangacine.fr\\\/\",\"logo\":{\"@type\":\"ImageObject\",\"inLanguage\":\"de\",\"@id\":\"https:\\\/\\\/repliquemangacine.fr\\\/#\\\/schema\\\/logo\\\/image\\\/\",\"url\":\"https:\\\/\\\/repliquemangacine.fr\\\/wp-content\\\/uploads\\\/2023\\\/10\\\/RMC-500250.png\",\"contentUrl\":\"https:\\\/\\\/repliquemangacine.fr\\\/wp-content\\\/uploads\\\/2023\\\/10\\\/RMC-500250.png\",\"width\":500,\"height\":250,\"caption\":\"R\u00e9plique Manga Cin\u00e9\"},\"image\":{\"@id\":\"https:\\\/\\\/repliquemangacine.fr\\\/#\\\/schema\\\/logo\\\/image\\\/\"},\"sameAs\":[\"https:\\\/\\\/www.facebook.com\\\/RepliqueMangaCine\",\"https:\\\/\\\/www.instagram.com\\\/repliquemangacine.fr\\\/\"]}]}<\/script>\n<!-- \/ Yoast SEO plugin. -->","yoast_head_json":{"title":"Pr\u00e4sentationsrahmen Colt 4.75\"- Kolser | R\u00e9plique Manga Cin\u00e9","description":"Zeigen Sie Ihren Westernrevolver stilvoll mit diesem Pr\u00e4sentationsrahmen f\u00fcr den Colt 4.75\". Elegant, robust und von Kolser!","robots":{"index":"index","follow":"follow","max-snippet":"max-snippet:-1","max-image-preview":"max-image-preview:large","max-video-preview":"max-video-preview:-1"},"canonical":"https:\/\/repliquemangacine.fr\/de\/nicht-klasse\/prasentationsrahmen-colt-4-75\/","og_locale":"de_DE","og_type":"article","og_title":"Cadre de pr\u00e9sentation Colt 4.75\"- Kolser | R\u00e9plique Manga Cin\u00e9","og_description":"Exposez votre revolver western avec style gr\u00e2ce \u00e0 ce cadre de pr\u00e9sentation pour Colt 4.75\". \u00c9l\u00e9gant, robuste et sign\u00e9 Kolser !","og_url":"https:\/\/repliquemangacine.fr\/de\/nicht-klasse\/prasentationsrahmen-colt-4-75\/","og_site_name":"R\u00e9plique Manga Cin\u00e9","article_publisher":"https:\/\/www.facebook.com\/RepliqueMangaCine","article_modified_time":"2025-11-12T22:52:48+00:00","og_image":[{"width":700,"height":500,"url":"https:\/\/repliquemangacine.fr\/wp-content\/uploads\/2025\/07\/Cadre-de-presentation-pour-colt-1062.jpg","type":"image\/jpeg"}],"twitter_card":"summary_large_image","twitter_misc":{"Gesch\u00e4tzte Lesezeit":"3\u00a0Minuten"},"schema":{"@context":"https:\/\/schema.org","@graph":[{"@type":"WebPage","@id":"https:\/\/repliquemangacine.fr\/non-classe\/cadre-de-presentation-colt-4-75\/","url":"https:\/\/repliquemangacine.fr\/non-classe\/cadre-de-presentation-colt-4-75\/","name":"Pr\u00e4sentationsrahmen Colt 4.75\"- Kolser | R\u00e9plique Manga Cin\u00e9","isPartOf":{"@id":"https:\/\/repliquemangacine.fr\/#website"},"primaryImageOfPage":{"@id":"https:\/\/repliquemangacine.fr\/non-classe\/cadre-de-presentation-colt-4-75\/#primaryimage"},"image":{"@id":"https:\/\/repliquemangacine.fr\/non-classe\/cadre-de-presentation-colt-4-75\/#primaryimage"},"thumbnailUrl":"https:\/\/repliquemangacine.fr\/wp-content\/uploads\/2025\/07\/Cadre-de-presentation-pour-colt-1062.jpg","datePublished":"2025-07-24T09:55:27+00:00","dateModified":"2025-11-12T22:52:48+00:00","description":"Zeigen Sie Ihren Westernrevolver stilvoll mit diesem Pr\u00e4sentationsrahmen f\u00fcr den Colt 4.75\". Elegant, robust und von Kolser!","breadcrumb":{"@id":"https:\/\/repliquemangacine.fr\/non-classe\/cadre-de-presentation-colt-4-75\/#breadcrumb"},"inLanguage":"de","potentialAction":[{"@type":"ReadAction","target":["https:\/\/repliquemangacine.fr\/non-classe\/cadre-de-presentation-colt-4-75\/"]}]},{"@type":"ImageObject","inLanguage":"de","@id":"https:\/\/repliquemangacine.fr\/non-classe\/cadre-de-presentation-colt-4-75\/#primaryimage","url":"https:\/\/repliquemangacine.fr\/wp-content\/uploads\/2025\/07\/Cadre-de-presentation-pour-colt-1062.jpg","contentUrl":"https:\/\/repliquemangacine.fr\/wp-content\/uploads\/2025\/07\/Cadre-de-presentation-pour-colt-1062.jpg","width":700,"height":500,"caption":"Cadre-de-pr\u00e9sentation-pour-colt-1062"},{"@type":"BreadcrumbList","@id":"https:\/\/repliquemangacine.fr\/non-classe\/cadre-de-presentation-colt-4-75\/#breadcrumb","itemListElement":[{"@type":"ListItem","position":1,"name":"Accueil","item":"https:\/\/repliquemangacine.fr\/"},{"@type":"ListItem","position":2,"name":"Produits","item":"https:\/\/repliquemangacine.fr\/boutique\/"},{"@type":"ListItem","position":3,"name":"Cadre de pr\u00e9sentation Colt 4.75&#8243;"}]},{"@type":"WebSite","@id":"https:\/\/repliquemangacine.fr\/#website","url":"https:\/\/repliquemangacine.fr\/","name":"R\u00e9plique Manga Cin\u00e9","description":"","publisher":{"@id":"https:\/\/repliquemangacine.fr\/#organization"},"potentialAction":[{"@type":"SearchAction","target":{"@type":"EntryPoint","urlTemplate":"https:\/\/repliquemangacine.fr\/?s={search_term_string}"},"query-input":{"@type":"PropertyValueSpecification","valueRequired":true,"valueName":"search_term_string"}}],"inLanguage":"de"},{"@type":"Organization","@id":"https:\/\/repliquemangacine.fr\/#organization","name":"R\u00e9plique Manga Cin\u00e9","url":"https:\/\/repliquemangacine.fr\/","logo":{"@type":"ImageObject","inLanguage":"de","@id":"https:\/\/repliquemangacine.fr\/#\/schema\/logo\/image\/","url":"https:\/\/repliquemangacine.fr\/wp-content\/uploads\/2023\/10\/RMC-500250.png","contentUrl":"https:\/\/repliquemangacine.fr\/wp-content\/uploads\/2023\/10\/RMC-500250.png","width":500,"height":250,"caption":"R\u00e9plique Manga Cin\u00e9"},"image":{"@id":"https:\/\/repliquemangacine.fr\/#\/schema\/logo\/image\/"},"sameAs":["https:\/\/www.facebook.com\/RepliqueMangaCine","https:\/\/www.instagram.com\/repliquemangacine.fr\/"]}]}},"_links":{"self":[{"href":"https:\/\/repliquemangacine.fr\/de\/wp-json\/wp\/v2\/product\/86686","targetHints":{"allow":["GET"]}}],"collection":[{"href":"https:\/\/repliquemangacine.fr\/de\/wp-json\/wp\/v2\/product"}],"about":[{"href":"https:\/\/repliquemangacine.fr\/de\/wp-json\/wp\/v2\/types\/product"}],"wp:featuredmedia":[{"embeddable":true,"href":"https:\/\/repliquemangacine.fr\/de\/wp-json\/wp\/v2\/media\/86666"}],"wp:attachment":[{"href":"https:\/\/repliquemangacine.fr\/de\/wp-json\/wp\/v2\/media?parent=86686"}],"wp:term":[{"taxonomy":"product_brand","embeddable":true,"href":"https:\/\/repliquemangacine.fr\/de\/wp-json\/wp\/v2\/product_brand?post=86686"},{"taxonomy":"product_cat","embeddable":true,"href":"https:\/\/repliquemangacine.fr\/de\/wp-json\/wp\/v2\/product_cat?post=86686"},{"taxonomy":"product_tag","embeddable":true,"href":"https:\/\/repliquemangacine.fr\/de\/wp-json\/wp\/v2\/product_tag?post=86686"}],"curies":[{"name":"wp","href":"https:\/\/api.w.org\/{rel}","templated":true}]}}