





{"id":86664,"date":"2025-07-23T15:59:11","date_gmt":"2025-07-23T13:59:11","guid":{"rendered":"https:\/\/repliquemangacine.fr\/?post_type=product&#038;p=86664"},"modified":"2026-02-19T10:17:03","modified_gmt":"2026-02-19T09:17:03","slug":"prasentationsrahmen-fur-colt","status":"publish","type":"product","link":"https:\/\/repliquemangacine.fr\/de\/western-repliques-armes\/cadre-de-presentation-pour-colt\/","title":{"rendered":"Pr\u00e4sentationsrahmen f\u00fcr Colt 5.5"},"content":{"rendered":"<h2>Ein Pr\u00e4sentationsrahmen Rahmen f\u00fcr Colt 5.5 im authentischen Westernstil<\/h2>\n<p>Beginnen wir mit der Untersuchung dieses Pr\u00e4sentationsrahmens f\u00fcr Colt 5.5 wird hergestellt von <a href=\"https:\/\/kolser.com\/fr\/\" target=\"_blank\" rel=\"noopener noreferrer\">Kolser<\/a>, aus Massivholz mit rustikaler Oberfl\u00e4che, ideal f\u00fcr ein elegantes und authentisches Western-Ambiente.<br \/>\nZun\u00e4chst einmal kommt Ihr Revolver-Replikat dank des gr\u00fcnen Samthintergrunds perfekt zur Geltung und wird eindrucksvoll in Szene gesetzt.<br \/>\nZweitens verleiht die vergoldete Plakette \u201cColts Patent Repeating Pistols\u201d der gesamten Pr\u00e4sentation einen Hauch von Geschichte und Authentizit\u00e4t.<br \/>\nAbschlie\u00dfend erm\u00f6glichen zwei integrierte Metallhaken die einfache Befestigung eines Revolvers sowie der im Lieferumfang enthaltenen Attrappenmunition.<br \/>\nDieser dekorative Rahmen passt perfekt zu einer Nachbildung der Colt Single Action Army, auch \u201cPeacemaker\u201d genannt.<br \/>\nDieser Rahmen ist einfach anzubringen und ein sicherer Wert f\u00fcr Sammler und Liebhaber von Westernfilmen.<br \/>\nZusammenfassend l\u00e4sst sich sagen, dass es sich um ein ebenso dekoratives wie symboltr\u00e4chtiges Produkt handelt, das Ihren sch\u00f6nsten Western-Repliken in nichts nachsteht.<\/p>\n<h2>Warum dieser Rahmen ideal f\u00fcr Ihren 5,5 Zoll Colt ist<\/h2>\n<p>Dieser Rahmen wurde speziell f\u00fcr einen Colt-Revolver mit 5,5-Zoll-Lauf entwickelt, einem bei Nachbildungen sehr verbreiteten Format.<br \/>\nDank seiner passenden Abmessungen garantiert es eine perfekt ausgewogene Pr\u00e4sentation, ohne Ihre Replik zu besch\u00e4digen oder zu strapazieren.<br \/>\nDar\u00fcber hinaus sorgen die integrierten Metallhalterungen f\u00fcr einen hervorragenden Halt und ein makelloses Erscheinungsbild.<br \/>\nIm Gegensatz zu anderen generischen Rahmen passt sich dieser perfekt an die Form des Colt 5.5 an und sorgt so f\u00fcr ein museales Erscheinungsbild.<br \/>\nAu\u00dferdem verleihen die mitgelieferten Attrappenmunitionen einen echten optischen Mehrwert und verst\u00e4rken den Realismus der gesamten Ausstellung.<br \/>\nAu\u00dferdem f\u00e4llt es sofort ins Auge und wird zum Blickfang in jedem Raum, in dem es aufgeh\u00e4ngt ist.<br \/>\nZusammenfassend l\u00e4sst sich sagen, dass dies ein unverzichtbares Accessoire ist, um Ihren Colt zu versch\u00f6nern und ihm den Platz zu geben, den er verdient.<\/p>\n<h2>Entdecken Sie weitere Peacemaker-Repliken auf Repliquemangacine<\/h2>\n<p>Auf unserer Seite <strong>Replikmangacin<\/strong>, Hier finden Sie eine exklusive Auswahl an Nachbildungen des ber\u00fchmten Colt Peacemaker Kaliber .45 in 5,5 Zoll.<br \/>\nEntdecken Sie unter unseren Must-haves das <a href=\"https:\/\/repliquemangacine.fr\/de\/denix\/revolver-colt-peacemaker-55-inch-kaliber-45-2\/\" target=\"_blank\" rel=\"noopener noreferrer\">Revolver Colt Peacemaker 5.5 Zoll by Denix<\/a>, realistische Metalloptik und Griff in Holzoptik.<br \/>\nWir bieten auch das wundersch\u00f6ne <a href=\"https:\/\/repliquemangacine.fr\/de\/kolser-waffe\/colt-peacemaker-kolser-5-5-snake\/\" target=\"_blank\" rel=\"noopener noreferrer\">Colt Peacemaker Kolser 5.5 Snake<\/a>, mit seinem einzigartigen Look, dem gravierten Lauf und den sorgf\u00e4ltigen Verarbeitungsdetails.<br \/>\nLetztere passen perfekt zum Pr\u00e4sentationsrahmen Kolser.<br \/>\nBei <strong>Replikmangacin<\/strong>, Jedes St\u00fcck wurde aufgrund seiner Qualit\u00e4t, seines Realismus und seines dekorativen Potenzials ausgew\u00e4hlt.<br \/>\nUnsere begeisterten Kunden sch\u00e4tzen die Verbindung zwischen historischer Authentizit\u00e4t und einer Pr\u00e4sentation, die den besten Filmkulissen w\u00fcrdig ist.<br \/>\nVerleihen Sie Ihrem Interieur einen Hauch von Western oder erg\u00e4nzen Sie Ihre Sammlung mit hochwertigen Repliken.<br \/>\nUnd nat\u00fcrlich profitieren Sie von unserer schnellen Lieferung und einem aufmerksamen Kundenservice, der Ihnen bei allen Fragen und f\u00fcr Beratung zur Verf\u00fcgung steht.<\/p>","protected":false},"excerpt":{"rendered":"<p><strong>Produktdetails :<\/strong><\/p>\n<ul>\n<li>Marke: Kolser<\/li>\n<li>Passt perfekt zum 5,5-Zoll-Colt<\/li>\n<li>Holzrahmen im rustikalen Stil, dunkles Finish f\u00fcr einen authentischen Effekt<\/li>\n<li>Innenhintergrund aus dunkelgr\u00fcnem Samt, perfekt, um das Replikat und die Munition hervorzuheben<\/li>\n<li>Vergoldete Metallplatte mit eleganter Gravur: \"Colts Patent Repeating Pistols\".<\/li>\n<li>Integrierte Metallhalterungen zur Befestigung von Revolver und Munition (abnehmbar)<\/li>\n<li>Entwickelt, um an die Wand geh\u00e4ngt oder auf einem M\u00f6belst\u00fcck ausgestellt zu werden<\/li>\n<\/ul>","protected":false},"featured_media":86674,"template":"","meta":[],"product_brand":[896],"product_cat":[51,90,27,64],"product_tag":[],"class_list":{"0":"post-86664","1":"product","2":"type-product","3":"status-publish","4":"has-post-thumbnail","6":"product_brand-replique-manga-cine","7":"product_cat-accessoires-western","8":"product_cat-holster-accessoires-western","9":"product_cat-armes-et-accessoires-western","10":"product_cat-western-repliques-armes","12":"first","13":"instock","14":"taxable","15":"shipping-taxable","16":"purchasable","17":"product-type-simple"},"yoast_head":"<!-- This site is optimized with the Yoast SEO plugin v27.5 - https:\/\/yoast.com\/product\/yoast-seo-wordpress\/ -->\n<title>Cadre de pr\u00e9sentation pour Colt 5.5 - Kolser | R\u00e9plique Manga Cin\u00e9<\/title>\n<meta name=\"description\" content=\"Cadre de pr\u00e9sentation pour Colt en bois avec fond velours vert et plaque dor\u00e9e. Id\u00e9al pour collectionneurs et d\u00e9co Western.\" \/>\n<meta name=\"robots\" content=\"index, follow, max-snippet:-1, max-image-preview:large, max-video-preview:-1\" \/>\n<link rel=\"canonical\" href=\"https:\/\/repliquemangacine.fr\/de\/western-repliques-waffen\/prasentationsrahmen-fur-colt\/\" \/>\n<meta property=\"og:locale\" content=\"de_DE\" \/>\n<meta property=\"og:type\" content=\"article\" \/>\n<meta property=\"og:title\" content=\"Cadre de pr\u00e9sentation pour Colt 5.5 - Kolser | R\u00e9plique Manga Cin\u00e9\" \/>\n<meta property=\"og:description\" content=\"Cadre de pr\u00e9sentation pour Colt en bois avec fond velours vert et plaque dor\u00e9e. Id\u00e9al pour collectionneurs et d\u00e9co Western.\" \/>\n<meta property=\"og:url\" content=\"https:\/\/repliquemangacine.fr\/de\/western-repliques-waffen\/prasentationsrahmen-fur-colt\/\" \/>\n<meta property=\"og:site_name\" content=\"R\u00e9plique Manga Cin\u00e9\" \/>\n<meta property=\"article:publisher\" content=\"https:\/\/www.facebook.com\/RepliqueMangaCine\" \/>\n<meta property=\"article:modified_time\" content=\"2026-02-19T09:17:03+00:00\" \/>\n<meta property=\"og:image\" content=\"https:\/\/repliquemangacine.fr\/wp-content\/uploads\/2025\/07\/Cadre-de-presentation-pour-colt-1065.jpg\" \/>\n\t<meta property=\"og:image:width\" content=\"700\" \/>\n\t<meta property=\"og:image:height\" content=\"500\" \/>\n\t<meta property=\"og:image:type\" content=\"image\/jpeg\" \/>\n<meta name=\"twitter:card\" content=\"summary_large_image\" \/>\n<meta name=\"twitter:label1\" content=\"Gesch\u00e4tzte Lesezeit\" \/>\n\t<meta name=\"twitter:data1\" content=\"3\u00a0Minuten\" \/>\n<script type=\"application\/ld+json\" class=\"yoast-schema-graph\">{\"@context\":\"https:\\\/\\\/schema.org\",\"@graph\":[{\"@type\":\"WebPage\",\"@id\":\"https:\\\/\\\/repliquemangacine.fr\\\/western-repliques-armes\\\/cadre-de-presentation-pour-colt\\\/\",\"url\":\"https:\\\/\\\/repliquemangacine.fr\\\/western-repliques-armes\\\/cadre-de-presentation-pour-colt\\\/\",\"name\":\"Cadre de pr\u00e9sentation pour Colt 5.5 - Kolser | R\u00e9plique Manga Cin\u00e9\",\"isPartOf\":{\"@id\":\"https:\\\/\\\/repliquemangacine.fr\\\/#website\"},\"primaryImageOfPage\":{\"@id\":\"https:\\\/\\\/repliquemangacine.fr\\\/western-repliques-armes\\\/cadre-de-presentation-pour-colt\\\/#primaryimage\"},\"image\":{\"@id\":\"https:\\\/\\\/repliquemangacine.fr\\\/western-repliques-armes\\\/cadre-de-presentation-pour-colt\\\/#primaryimage\"},\"thumbnailUrl\":\"https:\\\/\\\/repliquemangacine.fr\\\/wp-content\\\/uploads\\\/2025\\\/07\\\/Cadre-de-presentation-pour-colt-1065.jpg\",\"datePublished\":\"2025-07-23T13:59:11+00:00\",\"dateModified\":\"2026-02-19T09:17:03+00:00\",\"description\":\"Cadre de pr\u00e9sentation pour Colt en bois avec fond velours vert et plaque dor\u00e9e. Id\u00e9al pour collectionneurs et d\u00e9co Western.\",\"breadcrumb\":{\"@id\":\"https:\\\/\\\/repliquemangacine.fr\\\/western-repliques-armes\\\/cadre-de-presentation-pour-colt\\\/#breadcrumb\"},\"inLanguage\":\"de\",\"potentialAction\":[{\"@type\":\"ReadAction\",\"target\":[\"https:\\\/\\\/repliquemangacine.fr\\\/western-repliques-armes\\\/cadre-de-presentation-pour-colt\\\/\"]}]},{\"@type\":\"ImageObject\",\"inLanguage\":\"de\",\"@id\":\"https:\\\/\\\/repliquemangacine.fr\\\/western-repliques-armes\\\/cadre-de-presentation-pour-colt\\\/#primaryimage\",\"url\":\"https:\\\/\\\/repliquemangacine.fr\\\/wp-content\\\/uploads\\\/2025\\\/07\\\/Cadre-de-presentation-pour-colt-1065.jpg\",\"contentUrl\":\"https:\\\/\\\/repliquemangacine.fr\\\/wp-content\\\/uploads\\\/2025\\\/07\\\/Cadre-de-presentation-pour-colt-1065.jpg\",\"width\":700,\"height\":500,\"caption\":\"Cadre-de-pr\u00e9sentation-pour-colt-1065\"},{\"@type\":\"BreadcrumbList\",\"@id\":\"https:\\\/\\\/repliquemangacine.fr\\\/western-repliques-armes\\\/cadre-de-presentation-pour-colt\\\/#breadcrumb\",\"itemListElement\":[{\"@type\":\"ListItem\",\"position\":1,\"name\":\"Accueil\",\"item\":\"https:\\\/\\\/repliquemangacine.fr\\\/\"},{\"@type\":\"ListItem\",\"position\":2,\"name\":\"Produits\",\"item\":\"https:\\\/\\\/repliquemangacine.fr\\\/boutique\\\/\"},{\"@type\":\"ListItem\",\"position\":3,\"name\":\"Cadre de pr\u00e9sentation pour Colt 5.5\"}]},{\"@type\":\"WebSite\",\"@id\":\"https:\\\/\\\/repliquemangacine.fr\\\/#website\",\"url\":\"https:\\\/\\\/repliquemangacine.fr\\\/\",\"name\":\"R\u00e9plique Manga Cin\u00e9\",\"description\":\"\",\"publisher\":{\"@id\":\"https:\\\/\\\/repliquemangacine.fr\\\/#organization\"},\"potentialAction\":[{\"@type\":\"SearchAction\",\"target\":{\"@type\":\"EntryPoint\",\"urlTemplate\":\"https:\\\/\\\/repliquemangacine.fr\\\/?s={search_term_string}\"},\"query-input\":{\"@type\":\"PropertyValueSpecification\",\"valueRequired\":true,\"valueName\":\"search_term_string\"}}],\"inLanguage\":\"de\"},{\"@type\":\"Organization\",\"@id\":\"https:\\\/\\\/repliquemangacine.fr\\\/#organization\",\"name\":\"R\u00e9plique Manga Cin\u00e9\",\"url\":\"https:\\\/\\\/repliquemangacine.fr\\\/\",\"logo\":{\"@type\":\"ImageObject\",\"inLanguage\":\"de\",\"@id\":\"https:\\\/\\\/repliquemangacine.fr\\\/#\\\/schema\\\/logo\\\/image\\\/\",\"url\":\"https:\\\/\\\/repliquemangacine.fr\\\/wp-content\\\/uploads\\\/2023\\\/10\\\/RMC-500250.png\",\"contentUrl\":\"https:\\\/\\\/repliquemangacine.fr\\\/wp-content\\\/uploads\\\/2023\\\/10\\\/RMC-500250.png\",\"width\":500,\"height\":250,\"caption\":\"R\u00e9plique Manga Cin\u00e9\"},\"image\":{\"@id\":\"https:\\\/\\\/repliquemangacine.fr\\\/#\\\/schema\\\/logo\\\/image\\\/\"},\"sameAs\":[\"https:\\\/\\\/www.facebook.com\\\/RepliqueMangaCine\",\"https:\\\/\\\/www.instagram.com\\\/repliquemangacine.fr\\\/\"]}]}<\/script>\n<!-- \/ Yoast SEO plugin. -->","yoast_head_json":{"title":"Pr\u00e4sentationsrahmen f\u00fcr Colt 5.5 - Kolser | R\u00e9plique Manga Cin\u00e9","description":"Pr\u00e4sentationsrahmen f\u00fcr Colt aus Holz mit gr\u00fcnem Samtboden und goldener Plakette. Ideal f\u00fcr Sammler und Westerndekoration.","robots":{"index":"index","follow":"follow","max-snippet":"max-snippet:-1","max-image-preview":"max-image-preview:large","max-video-preview":"max-video-preview:-1"},"canonical":"https:\/\/repliquemangacine.fr\/de\/western-repliques-waffen\/prasentationsrahmen-fur-colt\/","og_locale":"de_DE","og_type":"article","og_title":"Cadre de pr\u00e9sentation pour Colt 5.5 - Kolser | R\u00e9plique Manga Cin\u00e9","og_description":"Cadre de pr\u00e9sentation pour Colt en bois avec fond velours vert et plaque dor\u00e9e. Id\u00e9al pour collectionneurs et d\u00e9co Western.","og_url":"https:\/\/repliquemangacine.fr\/de\/western-repliques-waffen\/prasentationsrahmen-fur-colt\/","og_site_name":"R\u00e9plique Manga Cin\u00e9","article_publisher":"https:\/\/www.facebook.com\/RepliqueMangaCine","article_modified_time":"2026-02-19T09:17:03+00:00","og_image":[{"width":700,"height":500,"url":"https:\/\/repliquemangacine.fr\/wp-content\/uploads\/2025\/07\/Cadre-de-presentation-pour-colt-1065.jpg","type":"image\/jpeg"}],"twitter_card":"summary_large_image","twitter_misc":{"Gesch\u00e4tzte Lesezeit":"3\u00a0Minuten"},"schema":{"@context":"https:\/\/schema.org","@graph":[{"@type":"WebPage","@id":"https:\/\/repliquemangacine.fr\/western-repliques-armes\/cadre-de-presentation-pour-colt\/","url":"https:\/\/repliquemangacine.fr\/western-repliques-armes\/cadre-de-presentation-pour-colt\/","name":"Pr\u00e4sentationsrahmen f\u00fcr Colt 5.5 - Kolser | R\u00e9plique Manga Cin\u00e9","isPartOf":{"@id":"https:\/\/repliquemangacine.fr\/#website"},"primaryImageOfPage":{"@id":"https:\/\/repliquemangacine.fr\/western-repliques-armes\/cadre-de-presentation-pour-colt\/#primaryimage"},"image":{"@id":"https:\/\/repliquemangacine.fr\/western-repliques-armes\/cadre-de-presentation-pour-colt\/#primaryimage"},"thumbnailUrl":"https:\/\/repliquemangacine.fr\/wp-content\/uploads\/2025\/07\/Cadre-de-presentation-pour-colt-1065.jpg","datePublished":"2025-07-23T13:59:11+00:00","dateModified":"2026-02-19T09:17:03+00:00","description":"Pr\u00e4sentationsrahmen f\u00fcr Colt aus Holz mit gr\u00fcnem Samtboden und goldener Plakette. Ideal f\u00fcr Sammler und Westerndekoration.","breadcrumb":{"@id":"https:\/\/repliquemangacine.fr\/western-repliques-armes\/cadre-de-presentation-pour-colt\/#breadcrumb"},"inLanguage":"de","potentialAction":[{"@type":"ReadAction","target":["https:\/\/repliquemangacine.fr\/western-repliques-armes\/cadre-de-presentation-pour-colt\/"]}]},{"@type":"ImageObject","inLanguage":"de","@id":"https:\/\/repliquemangacine.fr\/western-repliques-armes\/cadre-de-presentation-pour-colt\/#primaryimage","url":"https:\/\/repliquemangacine.fr\/wp-content\/uploads\/2025\/07\/Cadre-de-presentation-pour-colt-1065.jpg","contentUrl":"https:\/\/repliquemangacine.fr\/wp-content\/uploads\/2025\/07\/Cadre-de-presentation-pour-colt-1065.jpg","width":700,"height":500,"caption":"Cadre-de-pr\u00e9sentation-pour-colt-1065"},{"@type":"BreadcrumbList","@id":"https:\/\/repliquemangacine.fr\/western-repliques-armes\/cadre-de-presentation-pour-colt\/#breadcrumb","itemListElement":[{"@type":"ListItem","position":1,"name":"Accueil","item":"https:\/\/repliquemangacine.fr\/"},{"@type":"ListItem","position":2,"name":"Produits","item":"https:\/\/repliquemangacine.fr\/boutique\/"},{"@type":"ListItem","position":3,"name":"Cadre de pr\u00e9sentation pour Colt 5.5"}]},{"@type":"WebSite","@id":"https:\/\/repliquemangacine.fr\/#website","url":"https:\/\/repliquemangacine.fr\/","name":"R\u00e9plique Manga Cin\u00e9","description":"","publisher":{"@id":"https:\/\/repliquemangacine.fr\/#organization"},"potentialAction":[{"@type":"SearchAction","target":{"@type":"EntryPoint","urlTemplate":"https:\/\/repliquemangacine.fr\/?s={search_term_string}"},"query-input":{"@type":"PropertyValueSpecification","valueRequired":true,"valueName":"search_term_string"}}],"inLanguage":"de"},{"@type":"Organization","@id":"https:\/\/repliquemangacine.fr\/#organization","name":"R\u00e9plique Manga Cin\u00e9","url":"https:\/\/repliquemangacine.fr\/","logo":{"@type":"ImageObject","inLanguage":"de","@id":"https:\/\/repliquemangacine.fr\/#\/schema\/logo\/image\/","url":"https:\/\/repliquemangacine.fr\/wp-content\/uploads\/2023\/10\/RMC-500250.png","contentUrl":"https:\/\/repliquemangacine.fr\/wp-content\/uploads\/2023\/10\/RMC-500250.png","width":500,"height":250,"caption":"R\u00e9plique Manga Cin\u00e9"},"image":{"@id":"https:\/\/repliquemangacine.fr\/#\/schema\/logo\/image\/"},"sameAs":["https:\/\/www.facebook.com\/RepliqueMangaCine","https:\/\/www.instagram.com\/repliquemangacine.fr\/"]}]}},"_links":{"self":[{"href":"https:\/\/repliquemangacine.fr\/de\/wp-json\/wp\/v2\/product\/86664","targetHints":{"allow":["GET"]}}],"collection":[{"href":"https:\/\/repliquemangacine.fr\/de\/wp-json\/wp\/v2\/product"}],"about":[{"href":"https:\/\/repliquemangacine.fr\/de\/wp-json\/wp\/v2\/types\/product"}],"wp:featuredmedia":[{"embeddable":true,"href":"https:\/\/repliquemangacine.fr\/de\/wp-json\/wp\/v2\/media\/86674"}],"wp:attachment":[{"href":"https:\/\/repliquemangacine.fr\/de\/wp-json\/wp\/v2\/media?parent=86664"}],"wp:term":[{"taxonomy":"product_brand","embeddable":true,"href":"https:\/\/repliquemangacine.fr\/de\/wp-json\/wp\/v2\/product_brand?post=86664"},{"taxonomy":"product_cat","embeddable":true,"href":"https:\/\/repliquemangacine.fr\/de\/wp-json\/wp\/v2\/product_cat?post=86664"},{"taxonomy":"product_tag","embeddable":true,"href":"https:\/\/repliquemangacine.fr\/de\/wp-json\/wp\/v2\/product_tag?post=86664"}],"curies":[{"name":"wp","href":"https:\/\/api.w.org\/{rel}","templated":true}]}}