





{"id":86655,"date":"2025-07-23T13:56:38","date_gmt":"2025-07-23T11:56:38","guid":{"rendered":"https:\/\/repliquemangacine.fr\/?post_type=product&#038;p=86655"},"modified":"2026-04-29T21:14:48","modified_gmt":"2026-04-29T19:14:48","slug":"rotes-templermesser","status":"publish","type":"product","link":"https:\/\/repliquemangacine.fr\/de\/coutellerie\/couteau-templier-rouge\/","title":{"rendered":"Templermesser Rot"},"content":{"rendered":"<h2>Ein rotes Templermesser mit kraftvollem und detailliertem Design<\/h2>\n<p>Beginnen wir mit diesem roten Templer-Messer mit einer schwarzen Klinge aus rostfreiem Stahl, die schlank, elegant und perfekt symmetrisch ist.<br \/>\nSo zeigt der Griff aus rot-silbernem geb\u00fcrstetem Metall stolz eine <a href=\"https:\/\/fr.wikipedia.org\/wiki\/Ordre_du_Temple\" target=\"_blank\" rel=\"noopener noreferrer\">Templerkreuz<\/a> Schwarz, Symbol f\u00fcr Glauben und Macht.<br \/>\nAn beiden Enden des Griffs sind stilisierte Kreuze eingraviert, die an die sakrale Ikonografie der mittelalterlichen Tempelritter erinnern.<br \/>\nDank seiner kompakten Gr\u00f6\u00dfe und dem integrierten G\u00fcrtelclip l\u00e4sst er sich unter allen Umst\u00e4nden einfach und sicher transportieren.<br \/>\nDas sichere Verriegelungssystem garantiert eine praktische, reibungslose und zuverl\u00e4ssige Verwendung im Alltag oder in Ihrer Sammlung.<br \/>\nInspiriert von den Kreuzrittern verk\u00f6rpert er die Tapferkeit, Loyalit\u00e4t und St\u00e4rke der heiligen Orden des Mittelalters.<br \/>\nAbschlie\u00dfend l\u00e4sst sich sagen, dass dieses Modell sowohl f\u00fcr passionierte Sammler als auch f\u00fcr Liebhaber mittelalterlicher Objekte einen besonderen Platz einnehmen wird.<br \/>\nDas robuste Design, die makellose Verarbeitung und der ikonische Stil machen es zu einem Muss f\u00fcr alle Fans.<\/p>\n<h2>Ein Messer mit Charakter, Symbol f\u00fcr St\u00e4rke und Engagement<\/h2>\n<p>Au\u00dferdem ist dieses rote Templer-Messer nicht nur ein einfaches Accessoire: Es ist ein echtes Manifest Ihrer Leidenschaft f\u00fcr Geschichte.<br \/>\nSeine Templerkreuze erinnern an Schlachten, Kreuzz\u00fcge und die Entschlossenheit der gr\u00f6\u00dften heiligen Krieger des Mittelalters.<br \/>\nDie Farbe Rot symbolisiert das Blut, das f\u00fcr Gerechtigkeit, Ehre und Loyalit\u00e4t vergossen wurde, zentrale Werte dieses legend\u00e4ren Ordens.<br \/>\nDank seiner ergonomischen Handhabung und seiner leichtg\u00e4ngigen \u00d6ffnung ist er sowohl praktisch als auch \u00e4sthetisch und eignet sich ideal f\u00fcr den t\u00e4glichen Gebrauch.<br \/>\nDieses Messer l\u00e4sst niemanden gleichg\u00fcltig und eignet sich perfekt als Geschenk oder zur Erg\u00e4nzung einer einzigartigen und beeindruckenden Sammlung.<br \/>\nOb als Dekoration, beim Cosplay oder als Blickfang in einem Schaufenster \u2013 es unterstreicht Ihre Leidenschaft mit Kraft und Eleganz.<br \/>\nEs ist weit mehr als nur ein Gegenstand, es ist eine ganze Geschichte, die in Metall eingraviert ist.<\/p>\n<h2>Repliquemangacine: Ihr Ziel f\u00fcr kultige Repliken<\/h2>\n<p>Auf <strong>Replikmangacin<\/strong>Wenn Sie sich f\u00fcr eine Replik entscheiden, finden Sie eine gro\u00dfe Auswahl an Repliken aus Ihren Lieblingsuniversen: <a href=\"https:\/\/repliquemangacine.fr\/de\/repliken-manga-videospiele\/\" target=\"_blank\" rel=\"noopener noreferrer\">Manga, Kino, Videospiele<\/a> und Geschichte.<br \/>\nZun\u00e4chst bieten wir leuchtende Katanas an, die von One Piece, Demon Slayer, Zelda, Naruto oder Sword Art Online inspiriert sind.<br \/>\nEntdecken Sie unsere Repliken von Schwertern, S\u00e4beln und Kultgegenst\u00e4nden aus Harry Potter, Der Herr der Ringe oder Game of Thrones.<br \/>\nGeschichtsinteressierte werden unsere antiken Schwerter, mittelalterlichen Schwerter, Piratens\u00e4bel und Waffen aus beiden <a href=\"https:\/\/repliquemangacine.fr\/de\/waffen-accessoires-weltkrieg\/\" target=\"_blank\" rel=\"noopener noreferrer\">Weltkriege.<\/a><br \/>\nSie lieben den Wilden Westen? Dann werden Sie unsere originalgetreu nachgebildeten Colts, Winchesters und Sheriffsterne lieben.<br \/>\nErg\u00e4nzen Sie Ihr Universum mit unseren Goodies, Figuren und Sammler-Schl\u00fcsselanh\u00e4ngern.<br \/>\nKurz gesagt,<strong> Replikmangacin<\/strong>Der Shop ist ein Muss f\u00fcr alle, die sich f\u00fcr legend\u00e4re Waffen und mythische Helden begeistern!<\/p>\n<p><strong>\u26a0\ufe0f Verkauf an Minderj\u00e4hrige verboten. Nach der Bestellung kann eine Identit\u00e4tspr\u00fcfung verlangt werden, um die Vollj\u00e4hrigkeit des K\u00e4ufers zu best\u00e4tigen.<\/strong><\/p>","protected":false},"excerpt":{"rendered":"<p><strong>Technische Daten :<\/strong><\/p>\n<ul>\n<li>Klinge: Schwarzer, rostfreier Stahl mit dekorativer, zweischneidiger Mittellinie<\/li>\n<li>Griff: Geb\u00fcrstete rote und silberne Metalllegierung mit erhabenem Templerkreuz<\/li>\n<li>System: Manuelle \u00d6ffnung mit Flipper (Typ Messer Spring Assist oder halbautomatisch)<\/li>\n<li>G\u00fcrtelclip: Ja, f\u00fcr bequemes und schnelles Tragen<\/li>\n<li>Verschluss: Sicherheit Liner Lock<\/li>\n<li>Gesamtl\u00e4nge (offen) : Ca. 20 cm<\/li>\n<li><\/li>\n<\/ul>","protected":false},"featured_media":86657,"template":"","meta":[],"product_brand":[],"product_cat":[891,884],"product_tag":[],"class_list":{"0":"post-86655","1":"product","2":"type-product","3":"status-publish","4":"has-post-thumbnail","6":"product_cat-couteaux-automatiques","7":"product_cat-coutellerie","9":"first","10":"instock","11":"taxable","12":"shipping-taxable","13":"purchasable","14":"product-type-simple"},"yoast_head":"<!-- This site is optimized with the Yoast SEO plugin v27.5 - https:\/\/yoast.com\/product\/yoast-seo-wordpress\/ -->\n<title>Couteau Templier Rouge - R\u00e9plique Manga Cin\u00e9<\/title>\n<meta name=\"description\" content=\"Ajoutez un couteau de poche stylis\u00e9 Templier rouge \u00e0 votre collection ! Lame noire, croix templi\u00e8res, clip ceinture \u2013 entre histoire et l\u00e9gende !\" \/>\n<meta name=\"robots\" content=\"index, follow, max-snippet:-1, max-image-preview:large, max-video-preview:-1\" \/>\n<link rel=\"canonical\" href=\"https:\/\/repliquemangacine.fr\/de\/besteck\/rotes-templermesser\/\" \/>\n<meta property=\"og:locale\" content=\"de_DE\" \/>\n<meta property=\"og:type\" content=\"article\" \/>\n<meta property=\"og:title\" content=\"Couteau Templier Rouge - R\u00e9plique Manga Cin\u00e9\" \/>\n<meta property=\"og:description\" content=\"Ajoutez un couteau de poche stylis\u00e9 Templier rouge \u00e0 votre collection ! Lame noire, croix templi\u00e8res, clip ceinture \u2013 entre histoire et l\u00e9gende !\" \/>\n<meta property=\"og:url\" content=\"https:\/\/repliquemangacine.fr\/de\/besteck\/rotes-templermesser\/\" \/>\n<meta property=\"og:site_name\" content=\"R\u00e9plique Manga Cin\u00e9\" \/>\n<meta property=\"article:publisher\" content=\"https:\/\/www.facebook.com\/RepliqueMangaCine\" \/>\n<meta property=\"article:modified_time\" content=\"2026-04-29T19:14:48+00:00\" \/>\n<meta property=\"og:image\" content=\"https:\/\/repliquemangacine.fr\/wp-content\/uploads\/2025\/07\/Couteau-Templier-rouge.jpg\" \/>\n\t<meta property=\"og:image:width\" content=\"700\" \/>\n\t<meta property=\"og:image:height\" content=\"700\" \/>\n\t<meta property=\"og:image:type\" content=\"image\/jpeg\" \/>\n<meta name=\"twitter:card\" content=\"summary_large_image\" \/>\n<meta name=\"twitter:label1\" content=\"Gesch\u00e4tzte Lesezeit\" \/>\n\t<meta name=\"twitter:data1\" content=\"3\u00a0Minuten\" \/>\n<script type=\"application\/ld+json\" class=\"yoast-schema-graph\">{\"@context\":\"https:\\\/\\\/schema.org\",\"@graph\":[{\"@type\":\"WebPage\",\"@id\":\"https:\\\/\\\/repliquemangacine.fr\\\/coutellerie\\\/couteau-templier-rouge\\\/\",\"url\":\"https:\\\/\\\/repliquemangacine.fr\\\/coutellerie\\\/couteau-templier-rouge\\\/\",\"name\":\"Couteau Templier Rouge - R\u00e9plique Manga Cin\u00e9\",\"isPartOf\":{\"@id\":\"https:\\\/\\\/repliquemangacine.fr\\\/#website\"},\"primaryImageOfPage\":{\"@id\":\"https:\\\/\\\/repliquemangacine.fr\\\/coutellerie\\\/couteau-templier-rouge\\\/#primaryimage\"},\"image\":{\"@id\":\"https:\\\/\\\/repliquemangacine.fr\\\/coutellerie\\\/couteau-templier-rouge\\\/#primaryimage\"},\"thumbnailUrl\":\"https:\\\/\\\/repliquemangacine.fr\\\/wp-content\\\/uploads\\\/2025\\\/07\\\/Couteau-Templier-rouge.jpg\",\"datePublished\":\"2025-07-23T11:56:38+00:00\",\"dateModified\":\"2026-04-29T19:14:48+00:00\",\"description\":\"Ajoutez un couteau de poche stylis\u00e9 Templier rouge \u00e0 votre collection ! Lame noire, croix templi\u00e8res, clip ceinture \u2013 entre histoire et l\u00e9gende !\",\"breadcrumb\":{\"@id\":\"https:\\\/\\\/repliquemangacine.fr\\\/coutellerie\\\/couteau-templier-rouge\\\/#breadcrumb\"},\"inLanguage\":\"de\",\"potentialAction\":[{\"@type\":\"ReadAction\",\"target\":[\"https:\\\/\\\/repliquemangacine.fr\\\/coutellerie\\\/couteau-templier-rouge\\\/\"]}]},{\"@type\":\"ImageObject\",\"inLanguage\":\"de\",\"@id\":\"https:\\\/\\\/repliquemangacine.fr\\\/coutellerie\\\/couteau-templier-rouge\\\/#primaryimage\",\"url\":\"https:\\\/\\\/repliquemangacine.fr\\\/wp-content\\\/uploads\\\/2025\\\/07\\\/Couteau-Templier-rouge.jpg\",\"contentUrl\":\"https:\\\/\\\/repliquemangacine.fr\\\/wp-content\\\/uploads\\\/2025\\\/07\\\/Couteau-Templier-rouge.jpg\",\"width\":700,\"height\":700,\"caption\":\"Couteau-Templier-rouge\"},{\"@type\":\"BreadcrumbList\",\"@id\":\"https:\\\/\\\/repliquemangacine.fr\\\/coutellerie\\\/couteau-templier-rouge\\\/#breadcrumb\",\"itemListElement\":[{\"@type\":\"ListItem\",\"position\":1,\"name\":\"Accueil\",\"item\":\"https:\\\/\\\/repliquemangacine.fr\\\/\"},{\"@type\":\"ListItem\",\"position\":2,\"name\":\"Produits\",\"item\":\"https:\\\/\\\/repliquemangacine.fr\\\/boutique\\\/\"},{\"@type\":\"ListItem\",\"position\":3,\"name\":\"Couteau Templier Rouge\"}]},{\"@type\":\"WebSite\",\"@id\":\"https:\\\/\\\/repliquemangacine.fr\\\/#website\",\"url\":\"https:\\\/\\\/repliquemangacine.fr\\\/\",\"name\":\"R\u00e9plique Manga Cin\u00e9\",\"description\":\"\",\"publisher\":{\"@id\":\"https:\\\/\\\/repliquemangacine.fr\\\/#organization\"},\"potentialAction\":[{\"@type\":\"SearchAction\",\"target\":{\"@type\":\"EntryPoint\",\"urlTemplate\":\"https:\\\/\\\/repliquemangacine.fr\\\/?s={search_term_string}\"},\"query-input\":{\"@type\":\"PropertyValueSpecification\",\"valueRequired\":true,\"valueName\":\"search_term_string\"}}],\"inLanguage\":\"de\"},{\"@type\":\"Organization\",\"@id\":\"https:\\\/\\\/repliquemangacine.fr\\\/#organization\",\"name\":\"R\u00e9plique Manga Cin\u00e9\",\"url\":\"https:\\\/\\\/repliquemangacine.fr\\\/\",\"logo\":{\"@type\":\"ImageObject\",\"inLanguage\":\"de\",\"@id\":\"https:\\\/\\\/repliquemangacine.fr\\\/#\\\/schema\\\/logo\\\/image\\\/\",\"url\":\"https:\\\/\\\/repliquemangacine.fr\\\/wp-content\\\/uploads\\\/2023\\\/10\\\/RMC-500250.png\",\"contentUrl\":\"https:\\\/\\\/repliquemangacine.fr\\\/wp-content\\\/uploads\\\/2023\\\/10\\\/RMC-500250.png\",\"width\":500,\"height\":250,\"caption\":\"R\u00e9plique Manga Cin\u00e9\"},\"image\":{\"@id\":\"https:\\\/\\\/repliquemangacine.fr\\\/#\\\/schema\\\/logo\\\/image\\\/\"},\"sameAs\":[\"https:\\\/\\\/www.facebook.com\\\/RepliqueMangaCine\",\"https:\\\/\\\/www.instagram.com\\\/repliquemangacine.fr\\\/\"]}]}<\/script>\n<!-- \/ Yoast SEO plugin. -->","yoast_head_json":{"title":"Templermesser Rot - R\u00e9plique Manga Cin\u00e9","description":"F\u00fcgen Sie Ihrer Sammlung ein stilisiertes Taschenmesser der roten Templer hinzu! Schwarze Klinge, Templerkreuze, G\u00fcrtelclip - zwischen Geschichte und Legende!","robots":{"index":"index","follow":"follow","max-snippet":"max-snippet:-1","max-image-preview":"max-image-preview:large","max-video-preview":"max-video-preview:-1"},"canonical":"https:\/\/repliquemangacine.fr\/de\/besteck\/rotes-templermesser\/","og_locale":"de_DE","og_type":"article","og_title":"Couteau Templier Rouge - R\u00e9plique Manga Cin\u00e9","og_description":"Ajoutez un couteau de poche stylis\u00e9 Templier rouge \u00e0 votre collection ! Lame noire, croix templi\u00e8res, clip ceinture \u2013 entre histoire et l\u00e9gende !","og_url":"https:\/\/repliquemangacine.fr\/de\/besteck\/rotes-templermesser\/","og_site_name":"R\u00e9plique Manga Cin\u00e9","article_publisher":"https:\/\/www.facebook.com\/RepliqueMangaCine","article_modified_time":"2026-04-29T19:14:48+00:00","og_image":[{"width":700,"height":700,"url":"https:\/\/repliquemangacine.fr\/wp-content\/uploads\/2025\/07\/Couteau-Templier-rouge.jpg","type":"image\/jpeg"}],"twitter_card":"summary_large_image","twitter_misc":{"Gesch\u00e4tzte Lesezeit":"3\u00a0Minuten"},"schema":{"@context":"https:\/\/schema.org","@graph":[{"@type":"WebPage","@id":"https:\/\/repliquemangacine.fr\/coutellerie\/couteau-templier-rouge\/","url":"https:\/\/repliquemangacine.fr\/coutellerie\/couteau-templier-rouge\/","name":"Templermesser Rot - R\u00e9plique Manga Cin\u00e9","isPartOf":{"@id":"https:\/\/repliquemangacine.fr\/#website"},"primaryImageOfPage":{"@id":"https:\/\/repliquemangacine.fr\/coutellerie\/couteau-templier-rouge\/#primaryimage"},"image":{"@id":"https:\/\/repliquemangacine.fr\/coutellerie\/couteau-templier-rouge\/#primaryimage"},"thumbnailUrl":"https:\/\/repliquemangacine.fr\/wp-content\/uploads\/2025\/07\/Couteau-Templier-rouge.jpg","datePublished":"2025-07-23T11:56:38+00:00","dateModified":"2026-04-29T19:14:48+00:00","description":"F\u00fcgen Sie Ihrer Sammlung ein stilisiertes Taschenmesser der roten Templer hinzu! Schwarze Klinge, Templerkreuze, G\u00fcrtelclip - zwischen Geschichte und Legende!","breadcrumb":{"@id":"https:\/\/repliquemangacine.fr\/coutellerie\/couteau-templier-rouge\/#breadcrumb"},"inLanguage":"de","potentialAction":[{"@type":"ReadAction","target":["https:\/\/repliquemangacine.fr\/coutellerie\/couteau-templier-rouge\/"]}]},{"@type":"ImageObject","inLanguage":"de","@id":"https:\/\/repliquemangacine.fr\/coutellerie\/couteau-templier-rouge\/#primaryimage","url":"https:\/\/repliquemangacine.fr\/wp-content\/uploads\/2025\/07\/Couteau-Templier-rouge.jpg","contentUrl":"https:\/\/repliquemangacine.fr\/wp-content\/uploads\/2025\/07\/Couteau-Templier-rouge.jpg","width":700,"height":700,"caption":"Couteau-Templier-rouge"},{"@type":"BreadcrumbList","@id":"https:\/\/repliquemangacine.fr\/coutellerie\/couteau-templier-rouge\/#breadcrumb","itemListElement":[{"@type":"ListItem","position":1,"name":"Accueil","item":"https:\/\/repliquemangacine.fr\/"},{"@type":"ListItem","position":2,"name":"Produits","item":"https:\/\/repliquemangacine.fr\/boutique\/"},{"@type":"ListItem","position":3,"name":"Couteau Templier Rouge"}]},{"@type":"WebSite","@id":"https:\/\/repliquemangacine.fr\/#website","url":"https:\/\/repliquemangacine.fr\/","name":"R\u00e9plique Manga Cin\u00e9","description":"","publisher":{"@id":"https:\/\/repliquemangacine.fr\/#organization"},"potentialAction":[{"@type":"SearchAction","target":{"@type":"EntryPoint","urlTemplate":"https:\/\/repliquemangacine.fr\/?s={search_term_string}"},"query-input":{"@type":"PropertyValueSpecification","valueRequired":true,"valueName":"search_term_string"}}],"inLanguage":"de"},{"@type":"Organization","@id":"https:\/\/repliquemangacine.fr\/#organization","name":"R\u00e9plique Manga Cin\u00e9","url":"https:\/\/repliquemangacine.fr\/","logo":{"@type":"ImageObject","inLanguage":"de","@id":"https:\/\/repliquemangacine.fr\/#\/schema\/logo\/image\/","url":"https:\/\/repliquemangacine.fr\/wp-content\/uploads\/2023\/10\/RMC-500250.png","contentUrl":"https:\/\/repliquemangacine.fr\/wp-content\/uploads\/2023\/10\/RMC-500250.png","width":500,"height":250,"caption":"R\u00e9plique Manga Cin\u00e9"},"image":{"@id":"https:\/\/repliquemangacine.fr\/#\/schema\/logo\/image\/"},"sameAs":["https:\/\/www.facebook.com\/RepliqueMangaCine","https:\/\/www.instagram.com\/repliquemangacine.fr\/"]}]}},"_links":{"self":[{"href":"https:\/\/repliquemangacine.fr\/de\/wp-json\/wp\/v2\/product\/86655","targetHints":{"allow":["GET"]}}],"collection":[{"href":"https:\/\/repliquemangacine.fr\/de\/wp-json\/wp\/v2\/product"}],"about":[{"href":"https:\/\/repliquemangacine.fr\/de\/wp-json\/wp\/v2\/types\/product"}],"wp:featuredmedia":[{"embeddable":true,"href":"https:\/\/repliquemangacine.fr\/de\/wp-json\/wp\/v2\/media\/86657"}],"wp:attachment":[{"href":"https:\/\/repliquemangacine.fr\/de\/wp-json\/wp\/v2\/media?parent=86655"}],"wp:term":[{"taxonomy":"product_brand","embeddable":true,"href":"https:\/\/repliquemangacine.fr\/de\/wp-json\/wp\/v2\/product_brand?post=86655"},{"taxonomy":"product_cat","embeddable":true,"href":"https:\/\/repliquemangacine.fr\/de\/wp-json\/wp\/v2\/product_cat?post=86655"},{"taxonomy":"product_tag","embeddable":true,"href":"https:\/\/repliquemangacine.fr\/de\/wp-json\/wp\/v2\/product_tag?post=86655"}],"curies":[{"name":"wp","href":"https:\/\/api.w.org\/{rel}","templated":true}]}}