





{"id":86609,"date":"2025-07-21T16:00:05","date_gmt":"2025-07-21T14:00:05","guid":{"rendered":"https:\/\/repliquemangacine.fr\/?post_type=product&#038;p=86609"},"modified":"2026-04-04T04:49:47","modified_gmt":"2026-04-04T02:49:47","slug":"blaues-templermesser","status":"publish","type":"product","link":"https:\/\/repliquemangacine.fr\/de\/coutellerie\/couteau-templier-bleu\/","title":{"rendered":"Templermesser Blau"},"content":{"rendered":"<h2>Ein blaues Templermesser: heiliges Design und furchteinfl\u00f6\u00dfende Klinge<\/h2>\n<p>Beginnen wir mit diesem blauen Templer-Klappmesser, das stolz die Symbole der legend\u00e4ren Tempelritter aufgreift, die f\u00fcr Macht und heiligen Schutz stehen. Halbautomatische Feder\u00f6ffnung.<br \/>\nErstens seine schwarze Klinge aus <a href=\"https:\/\/fr.china-stainless-steels.com\/stainless-steel-plate\/400-series-stainless.html\" target=\"_blank\" rel=\"noopener noreferrer\">rostfreier Stahl 440<\/a>, Es vereint Robustheit, pr\u00e4zise Schneideigenschaften und ein imposantes Aussehen.<br \/>\nZweitens ist in den blau-silbernen Griff ein Kreuz eingraviert, das seinen ritterlichen und mystischen Stil unterstreicht.<br \/>\nDar\u00fcber hinaus verleihen die Metalloberfl\u00e4chen ein modernes und stilvolles Aussehen, das Liebhaber von Geschichte und Fantasy anspricht.<br \/>\nDas Schnell\u00f6ffnungssystem sorgt f\u00fcr eine reibungslose, effiziente und sichere Handhabung im Alltag.<br \/>\nDer integrierte G\u00fcrtelclip erm\u00f6glicht einen praktischen Transport sowohl an der H\u00fcfte als auch in einer taktischen Tasche.<br \/>\nDieses Messer verbindet auf perfekte Weise mittelalterliches Design mit moderner Funktionalit\u00e4t und ist damit die ideale Wahl f\u00fcr anspruchsvolle Liebhaber.<br \/>\nSo erinnert jedes Detail an die Welt der Kreuzz\u00fcge, mit einem selbstbewussten zeitgen\u00f6ssischen Touch.<\/p>\n<h2>Ein einzigartiges Messer mit symbolischem Stil und hohem \u00e4sthetischen Wert<\/h2>\n<p>Dieses Templer-Messer f\u00e4llt sofort durch sein ritterliches Aussehen auf, das zwischen sakraler Symbolik und pr\u00e4zise ausgearbeitetem Fantasy-Design angesiedelt ist.<br \/>\nIm Gegensatz zu klassischen Modellen erinnert es an eine vergangene Epoche und entspricht gleichzeitig den aktuellen Trends des Gothic-Stils.<br \/>\nDie reliefartigen Templerkreuze erinnern an den Glauben und Mut der alten Ritterorden und schm\u00fccken gleichzeitig das Bauwerk.<br \/>\nSo wird es zu viel mehr als nur einem Werkzeug: Es ist ein echtes Artefakt voller Bedeutung und Geschichte.<br \/>\nDer Kontrast zwischen elektrischem Blau und geb\u00fcrstetem Stahl verst\u00e4rkt seine Aura von Prestige und Kraft.<br \/>\nEs ist ein St\u00fcck, das fasziniert, neugierig macht und bei Liebhabern sofort Bewunderung hervorruft.<br \/>\nDieses Messer zu verschenken oder zu besitzen bedeutet, einen ausgepr\u00e4gten Geschmack f\u00fcr das Au\u00dfergew\u00f6hnliche zu bekunden.<br \/>\nEs vereint \u00c4sthetik, Charakter und Symbolik in einem einzigen Objekt.<\/p>\n<h2>Repliquemangacine: Dein Universum an Waffen und Sammlerst\u00fccken nur einen Klick entfernt<\/h2>\n<p>Auf unserer Seite<strong> Replikmangacin<\/strong>, Entdecken Sie Hunderte von Waffenrepliken, die von Filmen, Mangas, Videospielen und historischen Universen inspiriert sind.<br \/>\nEntdecke neben diesem Templer-Messer auch unsere One Piece-, Demon Slayer- und Bleach-Katanas sowie unsere Zelda- und The Witcher-Schwerter.<br \/>\nDu findest auch ikonische St\u00fccke wie <a href=\"https:\/\/repliquemangacine.fr\/de\/antike-schwerter\/maximus-schwert-in-gladiator\/\" target=\"_blank\" rel=\"noopener noreferrer\">das Schwert des Maximus<\/a>, die Schwerter aus Assassin\u2019s Creed oder Piratens\u00e4bel.<br \/>\nFantasy-Fans werden unsere Repliken aus Der Herr der Ringe, Game of Thrones und <a href=\"https:\/\/repliquemangacine.fr\/de\/house-of-the-dragon\/\" target=\"_blank\" rel=\"noopener noreferrer\">House of the Dragon<\/a>.<br \/>\nWir bieten auch Westernwaffen wie Colts, Winchesters, Holster oder authentische Sheriffsterne an.<br \/>\nJedes Produkt wird aufgrund seiner Qualit\u00e4t, seiner Originaltreue und seines Sammlerwerts ausgew\u00e4hlt.<br \/>\nDank <strong>Replikmangacin<\/strong>, Hier findest du alles, was du brauchst, um deine Leidenschaft voll auszuleben.<br \/>\nAu\u00dferdem helfen dir unsere detaillierten Beschreibungen dabei, den perfekten Artikel auszuw\u00e4hlen.<br \/>\nM\u00f6chtest du dich von anderen abheben? <strong>Replikmangacin<\/strong> ist dein bester Verb\u00fcndeter.<\/p>\n<p>\u26a0\ufe0f <strong data-start=\"86\" data-end=\"225\">Der Verkauf an Minderj\u00e4hrige ist untersagt. Nach der Bestellung kann eine Identit\u00e4tspr\u00fcfung verlangt werden, um die Vollj\u00e4hrigkeit des K\u00e4ufers zu best\u00e4tigen.<\/strong><\/p>","protected":false},"excerpt":{"rendered":"<p>Templermesser Blau, Schwarze Klinge 440 Edelstahl, G\u00fcrtelclip, Mittelalterlicher Stil<\/p>\n<p><strong>Eigenschaften :<\/strong><\/p>\n<ul>\n<li>Schwarze Klinge aus rostfreiem 440er Stahl - scharf und langlebig<\/li>\n<li>Griff aus blauem und silbernem Metall - integriertes Templerkreuz<\/li>\n<li>Halbautomatische Feder\u00f6ffnung<\/li>\n<li>G\u00fcrtelclip f\u00fcr diskretes und praktisches Tragen<\/li>\n<li>Gesamtl\u00e4nge: ca. 21 cm (offen)<\/li>\n<\/ul>","protected":false},"featured_media":86612,"template":"","meta":[],"product_brand":[],"product_cat":[891,886,884],"product_tag":[],"class_list":{"0":"post-86609","1":"product","2":"type-product","3":"status-publish","4":"has-post-thumbnail","6":"product_cat-couteaux-automatiques","7":"product_cat-couteaux-de-poche","8":"product_cat-coutellerie","10":"first","11":"instock","12":"taxable","13":"shipping-taxable","14":"purchasable","15":"product-type-simple"},"yoast_head":"<!-- This site is optimized with the Yoast SEO plugin v27.5 - https:\/\/yoast.com\/product\/yoast-seo-wordpress\/ -->\n<title>Couteau Templier Bleu - R\u00e9plique Manga Cin\u00e9<\/title>\n<meta name=\"description\" content=\"Couteau Templier bleu pliant avec lame noire en acier inoxydable. Design m\u00e9di\u00e9val, croix sacr\u00e9e, clip ceinture. Id\u00e9al collection.\" \/>\n<meta name=\"robots\" content=\"index, follow, max-snippet:-1, max-image-preview:large, max-video-preview:-1\" \/>\n<link rel=\"canonical\" href=\"https:\/\/repliquemangacine.fr\/de\/besteck\/blaues-templermesser\/\" \/>\n<meta property=\"og:locale\" content=\"de_DE\" \/>\n<meta property=\"og:type\" content=\"article\" \/>\n<meta property=\"og:title\" content=\"Couteau Templier Bleu - R\u00e9plique Manga Cin\u00e9\" \/>\n<meta property=\"og:description\" content=\"Couteau Templier bleu pliant avec lame noire en acier inoxydable. Design m\u00e9di\u00e9val, croix sacr\u00e9e, clip ceinture. Id\u00e9al collection.\" \/>\n<meta property=\"og:url\" content=\"https:\/\/repliquemangacine.fr\/de\/besteck\/blaues-templermesser\/\" \/>\n<meta property=\"og:site_name\" content=\"R\u00e9plique Manga Cin\u00e9\" \/>\n<meta property=\"article:publisher\" content=\"https:\/\/www.facebook.com\/RepliqueMangaCine\" \/>\n<meta property=\"article:modified_time\" content=\"2026-04-04T02:49:47+00:00\" \/>\n<meta property=\"og:image\" content=\"https:\/\/repliquemangacine.fr\/wp-content\/uploads\/2025\/07\/Couteau-Templier-Bleu-ouvert.jpg\" \/>\n\t<meta property=\"og:image:width\" content=\"700\" \/>\n\t<meta property=\"og:image:height\" content=\"700\" \/>\n\t<meta property=\"og:image:type\" content=\"image\/jpeg\" \/>\n<meta name=\"twitter:card\" content=\"summary_large_image\" \/>\n<meta name=\"twitter:label1\" content=\"Gesch\u00e4tzte Lesezeit\" \/>\n\t<meta name=\"twitter:data1\" content=\"3\u00a0Minuten\" \/>\n<script type=\"application\/ld+json\" class=\"yoast-schema-graph\">{\"@context\":\"https:\\\/\\\/schema.org\",\"@graph\":[{\"@type\":\"WebPage\",\"@id\":\"https:\\\/\\\/repliquemangacine.fr\\\/coutellerie\\\/couteau-templier-bleu\\\/\",\"url\":\"https:\\\/\\\/repliquemangacine.fr\\\/coutellerie\\\/couteau-templier-bleu\\\/\",\"name\":\"Couteau Templier Bleu - R\u00e9plique Manga Cin\u00e9\",\"isPartOf\":{\"@id\":\"https:\\\/\\\/repliquemangacine.fr\\\/#website\"},\"primaryImageOfPage\":{\"@id\":\"https:\\\/\\\/repliquemangacine.fr\\\/coutellerie\\\/couteau-templier-bleu\\\/#primaryimage\"},\"image\":{\"@id\":\"https:\\\/\\\/repliquemangacine.fr\\\/coutellerie\\\/couteau-templier-bleu\\\/#primaryimage\"},\"thumbnailUrl\":\"https:\\\/\\\/repliquemangacine.fr\\\/wp-content\\\/uploads\\\/2025\\\/07\\\/Couteau-Templier-Bleu-ouvert.jpg\",\"datePublished\":\"2025-07-21T14:00:05+00:00\",\"dateModified\":\"2026-04-04T02:49:47+00:00\",\"description\":\"Couteau Templier bleu pliant avec lame noire en acier inoxydable. Design m\u00e9di\u00e9val, croix sacr\u00e9e, clip ceinture. Id\u00e9al collection.\",\"breadcrumb\":{\"@id\":\"https:\\\/\\\/repliquemangacine.fr\\\/coutellerie\\\/couteau-templier-bleu\\\/#breadcrumb\"},\"inLanguage\":\"de\",\"potentialAction\":[{\"@type\":\"ReadAction\",\"target\":[\"https:\\\/\\\/repliquemangacine.fr\\\/coutellerie\\\/couteau-templier-bleu\\\/\"]}]},{\"@type\":\"ImageObject\",\"inLanguage\":\"de\",\"@id\":\"https:\\\/\\\/repliquemangacine.fr\\\/coutellerie\\\/couteau-templier-bleu\\\/#primaryimage\",\"url\":\"https:\\\/\\\/repliquemangacine.fr\\\/wp-content\\\/uploads\\\/2025\\\/07\\\/Couteau-Templier-Bleu-ouvert.jpg\",\"contentUrl\":\"https:\\\/\\\/repliquemangacine.fr\\\/wp-content\\\/uploads\\\/2025\\\/07\\\/Couteau-Templier-Bleu-ouvert.jpg\",\"width\":700,\"height\":700,\"caption\":\"Couteau-Templier-Bleu-ouvert\"},{\"@type\":\"BreadcrumbList\",\"@id\":\"https:\\\/\\\/repliquemangacine.fr\\\/coutellerie\\\/couteau-templier-bleu\\\/#breadcrumb\",\"itemListElement\":[{\"@type\":\"ListItem\",\"position\":1,\"name\":\"Accueil\",\"item\":\"https:\\\/\\\/repliquemangacine.fr\\\/\"},{\"@type\":\"ListItem\",\"position\":2,\"name\":\"Produits\",\"item\":\"https:\\\/\\\/repliquemangacine.fr\\\/boutique\\\/\"},{\"@type\":\"ListItem\",\"position\":3,\"name\":\"Couteau Templier Bleu\"}]},{\"@type\":\"WebSite\",\"@id\":\"https:\\\/\\\/repliquemangacine.fr\\\/#website\",\"url\":\"https:\\\/\\\/repliquemangacine.fr\\\/\",\"name\":\"R\u00e9plique Manga Cin\u00e9\",\"description\":\"\",\"publisher\":{\"@id\":\"https:\\\/\\\/repliquemangacine.fr\\\/#organization\"},\"potentialAction\":[{\"@type\":\"SearchAction\",\"target\":{\"@type\":\"EntryPoint\",\"urlTemplate\":\"https:\\\/\\\/repliquemangacine.fr\\\/?s={search_term_string}\"},\"query-input\":{\"@type\":\"PropertyValueSpecification\",\"valueRequired\":true,\"valueName\":\"search_term_string\"}}],\"inLanguage\":\"de\"},{\"@type\":\"Organization\",\"@id\":\"https:\\\/\\\/repliquemangacine.fr\\\/#organization\",\"name\":\"R\u00e9plique Manga Cin\u00e9\",\"url\":\"https:\\\/\\\/repliquemangacine.fr\\\/\",\"logo\":{\"@type\":\"ImageObject\",\"inLanguage\":\"de\",\"@id\":\"https:\\\/\\\/repliquemangacine.fr\\\/#\\\/schema\\\/logo\\\/image\\\/\",\"url\":\"https:\\\/\\\/repliquemangacine.fr\\\/wp-content\\\/uploads\\\/2023\\\/10\\\/RMC-500250.png\",\"contentUrl\":\"https:\\\/\\\/repliquemangacine.fr\\\/wp-content\\\/uploads\\\/2023\\\/10\\\/RMC-500250.png\",\"width\":500,\"height\":250,\"caption\":\"R\u00e9plique Manga Cin\u00e9\"},\"image\":{\"@id\":\"https:\\\/\\\/repliquemangacine.fr\\\/#\\\/schema\\\/logo\\\/image\\\/\"},\"sameAs\":[\"https:\\\/\\\/www.facebook.com\\\/RepliqueMangaCine\",\"https:\\\/\\\/www.instagram.com\\\/repliquemangacine.fr\\\/\"]}]}<\/script>\n<!-- \/ Yoast SEO plugin. -->","yoast_head_json":{"title":"Templermesser Blau - R\u00e9plique Manga Cin\u00e9","description":"Blaues Templer-Klappmesser mit schwarzer Klinge aus rostfreiem Stahl. Mittelalterliches Design, heiliges Kreuz, G\u00fcrtelclip. Ideal f\u00fcr Sammler.","robots":{"index":"index","follow":"follow","max-snippet":"max-snippet:-1","max-image-preview":"max-image-preview:large","max-video-preview":"max-video-preview:-1"},"canonical":"https:\/\/repliquemangacine.fr\/de\/besteck\/blaues-templermesser\/","og_locale":"de_DE","og_type":"article","og_title":"Couteau Templier Bleu - R\u00e9plique Manga Cin\u00e9","og_description":"Couteau Templier bleu pliant avec lame noire en acier inoxydable. Design m\u00e9di\u00e9val, croix sacr\u00e9e, clip ceinture. Id\u00e9al collection.","og_url":"https:\/\/repliquemangacine.fr\/de\/besteck\/blaues-templermesser\/","og_site_name":"R\u00e9plique Manga Cin\u00e9","article_publisher":"https:\/\/www.facebook.com\/RepliqueMangaCine","article_modified_time":"2026-04-04T02:49:47+00:00","og_image":[{"width":700,"height":700,"url":"https:\/\/repliquemangacine.fr\/wp-content\/uploads\/2025\/07\/Couteau-Templier-Bleu-ouvert.jpg","type":"image\/jpeg"}],"twitter_card":"summary_large_image","twitter_misc":{"Gesch\u00e4tzte Lesezeit":"3\u00a0Minuten"},"schema":{"@context":"https:\/\/schema.org","@graph":[{"@type":"WebPage","@id":"https:\/\/repliquemangacine.fr\/coutellerie\/couteau-templier-bleu\/","url":"https:\/\/repliquemangacine.fr\/coutellerie\/couteau-templier-bleu\/","name":"Templermesser Blau - R\u00e9plique Manga Cin\u00e9","isPartOf":{"@id":"https:\/\/repliquemangacine.fr\/#website"},"primaryImageOfPage":{"@id":"https:\/\/repliquemangacine.fr\/coutellerie\/couteau-templier-bleu\/#primaryimage"},"image":{"@id":"https:\/\/repliquemangacine.fr\/coutellerie\/couteau-templier-bleu\/#primaryimage"},"thumbnailUrl":"https:\/\/repliquemangacine.fr\/wp-content\/uploads\/2025\/07\/Couteau-Templier-Bleu-ouvert.jpg","datePublished":"2025-07-21T14:00:05+00:00","dateModified":"2026-04-04T02:49:47+00:00","description":"Blaues Templer-Klappmesser mit schwarzer Klinge aus rostfreiem Stahl. Mittelalterliches Design, heiliges Kreuz, G\u00fcrtelclip. Ideal f\u00fcr Sammler.","breadcrumb":{"@id":"https:\/\/repliquemangacine.fr\/coutellerie\/couteau-templier-bleu\/#breadcrumb"},"inLanguage":"de","potentialAction":[{"@type":"ReadAction","target":["https:\/\/repliquemangacine.fr\/coutellerie\/couteau-templier-bleu\/"]}]},{"@type":"ImageObject","inLanguage":"de","@id":"https:\/\/repliquemangacine.fr\/coutellerie\/couteau-templier-bleu\/#primaryimage","url":"https:\/\/repliquemangacine.fr\/wp-content\/uploads\/2025\/07\/Couteau-Templier-Bleu-ouvert.jpg","contentUrl":"https:\/\/repliquemangacine.fr\/wp-content\/uploads\/2025\/07\/Couteau-Templier-Bleu-ouvert.jpg","width":700,"height":700,"caption":"Couteau-Templier-Bleu-ouvert"},{"@type":"BreadcrumbList","@id":"https:\/\/repliquemangacine.fr\/coutellerie\/couteau-templier-bleu\/#breadcrumb","itemListElement":[{"@type":"ListItem","position":1,"name":"Accueil","item":"https:\/\/repliquemangacine.fr\/"},{"@type":"ListItem","position":2,"name":"Produits","item":"https:\/\/repliquemangacine.fr\/boutique\/"},{"@type":"ListItem","position":3,"name":"Couteau Templier Bleu"}]},{"@type":"WebSite","@id":"https:\/\/repliquemangacine.fr\/#website","url":"https:\/\/repliquemangacine.fr\/","name":"R\u00e9plique Manga Cin\u00e9","description":"","publisher":{"@id":"https:\/\/repliquemangacine.fr\/#organization"},"potentialAction":[{"@type":"SearchAction","target":{"@type":"EntryPoint","urlTemplate":"https:\/\/repliquemangacine.fr\/?s={search_term_string}"},"query-input":{"@type":"PropertyValueSpecification","valueRequired":true,"valueName":"search_term_string"}}],"inLanguage":"de"},{"@type":"Organization","@id":"https:\/\/repliquemangacine.fr\/#organization","name":"R\u00e9plique Manga Cin\u00e9","url":"https:\/\/repliquemangacine.fr\/","logo":{"@type":"ImageObject","inLanguage":"de","@id":"https:\/\/repliquemangacine.fr\/#\/schema\/logo\/image\/","url":"https:\/\/repliquemangacine.fr\/wp-content\/uploads\/2023\/10\/RMC-500250.png","contentUrl":"https:\/\/repliquemangacine.fr\/wp-content\/uploads\/2023\/10\/RMC-500250.png","width":500,"height":250,"caption":"R\u00e9plique Manga Cin\u00e9"},"image":{"@id":"https:\/\/repliquemangacine.fr\/#\/schema\/logo\/image\/"},"sameAs":["https:\/\/www.facebook.com\/RepliqueMangaCine","https:\/\/www.instagram.com\/repliquemangacine.fr\/"]}]}},"_links":{"self":[{"href":"https:\/\/repliquemangacine.fr\/de\/wp-json\/wp\/v2\/product\/86609","targetHints":{"allow":["GET"]}}],"collection":[{"href":"https:\/\/repliquemangacine.fr\/de\/wp-json\/wp\/v2\/product"}],"about":[{"href":"https:\/\/repliquemangacine.fr\/de\/wp-json\/wp\/v2\/types\/product"}],"wp:featuredmedia":[{"embeddable":true,"href":"https:\/\/repliquemangacine.fr\/de\/wp-json\/wp\/v2\/media\/86612"}],"wp:attachment":[{"href":"https:\/\/repliquemangacine.fr\/de\/wp-json\/wp\/v2\/media?parent=86609"}],"wp:term":[{"taxonomy":"product_brand","embeddable":true,"href":"https:\/\/repliquemangacine.fr\/de\/wp-json\/wp\/v2\/product_brand?post=86609"},{"taxonomy":"product_cat","embeddable":true,"href":"https:\/\/repliquemangacine.fr\/de\/wp-json\/wp\/v2\/product_cat?post=86609"},{"taxonomy":"product_tag","embeddable":true,"href":"https:\/\/repliquemangacine.fr\/de\/wp-json\/wp\/v2\/product_tag?post=86609"}],"curies":[{"name":"wp","href":"https:\/\/api.w.org\/{rel}","templated":true}]}}