





{"id":86294,"date":"2025-07-11T15:23:12","date_gmt":"2025-07-11T13:23:12","guid":{"rendered":"https:\/\/repliquemangacine.fr\/?post_type=product&#038;p=86294"},"modified":"2025-11-12T23:59:14","modified_gmt":"2025-11-12T22:59:14","slug":"taktisches-klappmesser-schwarz","status":"publish","type":"product","link":"https:\/\/repliquemangacine.fr\/de\/coutellerie\/couteau-pliant-tactique-noir\/","title":{"rendered":"Taktisches Klappmesser schwarz"},"content":{"rendered":"<h2>Schwarzes taktisches Klappmesser - N\u00fcchternheit, St\u00e4rke und absolute Effizienz<\/h2>\n<p>Beginnen wir mit der Betrachtung dieses schwarzen taktischen Klappmessers. Das Design ist schlicht, klar und von hoher Qualit\u00e4t.<br \/>\nZun\u00e4chst einmal bietet die schwarze Klinge aus rostfreiem Stahl optimale Pr\u00e4zision und eine hervorragende Schneidleistung, selbst bei widerstandsf\u00e4higen Materialien.<br \/>\nZweitens sorgt der schwarz strukturierte Griff f\u00fcr einen festen, stabilen und bequemen Halt.<br \/>\nSowie der G\u00fcrtelclip erm\u00f6glicht ein diskretes Tragen, ideal f\u00fcr die<a href=\"https:\/\/fr.wikipedia.org\/wiki\/EDC\" target=\"_blank\" rel=\"noopener noreferrer\">EDC (everydaycarry)<\/a>Dank des integrierten Gurtschneiders ist er auch bei Unf\u00e4llen oder dringenden Rettungsaktionen einsatzbereit.<br \/>\nUnd ein Glasbrecher aus Metall rundet das Ganze ab, sodass dieses Messer in Not- und \u00dcberlebensf\u00e4llen unverzichtbar ist.<br \/>\nDar\u00fcber hinaus garantiert die einh\u00e4ndige Schnell\u00f6ffnung maximale Reaktionsf\u00e4higkeit unter allen Umst\u00e4nden.<br \/>\nIdeal f\u00fcr Profis, Survivalisten oder Liebhaber ernsthafter taktischer Ausr\u00fcstung.<\/p>\n<h2>Der wahre Nutzen eines taktischen Messers, das f\u00fcr kritische Situationen gedacht ist<\/h2>\n<p>Dieses Klappmesser sieht nicht nur gut aus, es wurde auch f\u00fcr den Einsatz, den Notfall und den t\u00e4glichen Gebrauch konzipiert.<br \/>\nDer integrierte Gurtschneider kann bei einem Unfall den Unterschied ausmachen, indem er einen eingeklemmten Sicherheitsgurt schnell befreit.<br \/>\nDieses Modell ist ein wichtiger Verb\u00fcndeter in jedem modernen EDC-Kit oder \u00dcberlebenskonfiguration.<br \/>\nDank seiner mattschwarzen Oberfl\u00e4che bleibt es unauff\u00e4llig, taktisch und eignet sich f\u00fcr Profis und Enthusiasten gleicherma\u00dfen.<br \/>\nJedes Detail dieses Messers ist auf Schnelligkeit, Ergonomie und Effizienz im Notfall ausgelegt.<br \/>\nEr vereint das Beste aus milit\u00e4rischem Stil, Zweckm\u00e4\u00dfigkeit und moderner taktischer Vielseitigkeit.<br \/>\nAbschlie\u00dfend sei gesagt, dass dieses Messer zuverl\u00e4ssig, robust und funktional ist und die Anforderungen von Abenteurern erf\u00fcllt.<\/p>\n<h2>Erforsche m\u00e4chtige und vielf\u00e4ltige Welten auf Repliquemangacine.de<\/h2>\n<p>Zus\u00e4tzlich zu diesem taktischen Messer <strong>Repliquemangacine.de<\/strong> bietet eine eklektische Sammlung von Objekten, die von den gr\u00f6\u00dften Werken inspiriert sind.<br \/>\nDank unserer sorgf\u00e4ltigen Auswahl k\u00f6nnen Sie Ihre Sammlung mit leuchtenden Katanas, <a href=\"https:\/\/repliquemangacine.fr\/de\/historische-waffen\/\" target=\"_blank\" rel=\"noopener noreferrer\">historische Waffen<\/a>oder legend\u00e4re St\u00fccke.<br \/>\nEgal, ob Sie ein Fan von epischen Mangas sind oder sich f\u00fcr Fantasy-Geschichten begeistern k\u00f6nnen.<br \/>\nVon Samurai-Klingen bis <a href=\"https:\/\/repliquemangacine.fr\/de\/schwerter-the-hobbit\/schwert-thranduil-the-hobbit-elfensabel\/\" target=\"_blank\" rel=\"noopener noreferrer\">Elfenschwerter<\/a>Jedes Produkt hat seinen eigenen Charakter.<br \/>\nUnd vor allem erz\u00e4hlt jedes St\u00fcck eine Geschichte: die Geschichte eines Helden, einer Welt oder eines unvergesslichen Kampfes.<br \/>\nVertrauen Sie auf <strong>Repliquemangacine.de<\/strong> um das Herzensobjekt zu finden, das in Ihrem Schaufenster noch fehlte.<br \/>\nMit h\u00e4ufigen Neuerscheinungen haben Sie immer einen guten Grund, wiederzukommen und unsere Welt zu erkunden.<\/p>\n<p><strong>\u26a0\ufe0f Verkauf an Minderj\u00e4hrige verboten. Nach der Bestellung kann eine Identit\u00e4tspr\u00fcfung verlangt werden, um die Vollj\u00e4hrigkeit des K\u00e4ufers zu best\u00e4tigen.<\/strong><\/p>","protected":false},"excerpt":{"rendered":"<p>Taktisches Klappmesser schwarz<\/p>\n<p><strong>Technische Daten :<\/strong><\/p>\n<ul>\n<li>Klinge schwarz schwarz Edelstahl stainless 400<\/li>\n<li>Einh\u00e4ndig bedienbarer Schnell\u00f6ffner (Flipper) f\u00fcr sofortigen Einsatz<\/li>\n<li>Texturierter Griff in Mattschwarz<\/li>\n<li>G\u00fcrtelclip<\/li>\n<li>Integrierter G\u00fcrtelschneider<\/li>\n<li>Metallischer Glasbrecher<\/li>\n<li>Schlichtes, taktisches Design - Look 100 % schwarz<\/li>\n<li>L\u00e4nge offen: 21 cm<\/li>\n<li>L\u00e4nge des \u00c4rmels: 12 cm<\/li>\n<li>Klingenl\u00e4nge: 9 cm<\/li>\n<li>Gewicht 148 Gramm<\/li>\n<\/ul>","protected":false},"featured_media":86299,"template":"","meta":[],"product_brand":[],"product_cat":[891,884],"product_tag":[],"class_list":{"0":"post-86294","1":"product","2":"type-product","3":"status-publish","4":"has-post-thumbnail","6":"product_cat-couteaux-automatiques","7":"product_cat-coutellerie","9":"first","10":"instock","11":"taxable","12":"shipping-taxable","13":"purchasable","14":"product-type-simple"},"yoast_head":"<!-- This site is optimized with the Yoast SEO plugin v27.5 - https:\/\/yoast.com\/product\/yoast-seo-wordpress\/ -->\n<title>Couteau pliant tactique noir - R\u00e9plique Manga Cin\u00e9<\/title>\n<meta name=\"description\" content=\"Couteau pliant tactique noir avec lame noir, coupe-ceinture, brise-vitre et clip ceinture. Puissant, discret et ultra fonctionnel.\" \/>\n<meta name=\"robots\" content=\"index, follow, max-snippet:-1, max-image-preview:large, max-video-preview:-1\" \/>\n<link rel=\"canonical\" href=\"https:\/\/repliquemangacine.fr\/de\/besteck\/taktisches-klappmesser-schwarz\/\" \/>\n<meta property=\"og:locale\" content=\"de_DE\" \/>\n<meta property=\"og:type\" content=\"article\" \/>\n<meta property=\"og:title\" content=\"Couteau pliant tactique noir - R\u00e9plique Manga Cin\u00e9\" \/>\n<meta property=\"og:description\" content=\"Couteau pliant tactique noir avec lame noir, coupe-ceinture, brise-vitre et clip ceinture. Puissant, discret et ultra fonctionnel.\" \/>\n<meta property=\"og:url\" content=\"https:\/\/repliquemangacine.fr\/de\/besteck\/taktisches-klappmesser-schwarz\/\" \/>\n<meta property=\"og:site_name\" content=\"R\u00e9plique Manga Cin\u00e9\" \/>\n<meta property=\"article:publisher\" content=\"https:\/\/www.facebook.com\/RepliqueMangaCine\" \/>\n<meta property=\"article:modified_time\" content=\"2025-11-12T22:59:14+00:00\" \/>\n<meta property=\"og:image\" content=\"https:\/\/repliquemangacine.fr\/wp-content\/uploads\/2025\/07\/Couteau-pliant-tactique-noir.jpg\" \/>\n\t<meta property=\"og:image:width\" content=\"700\" \/>\n\t<meta property=\"og:image:height\" content=\"700\" \/>\n\t<meta property=\"og:image:type\" content=\"image\/jpeg\" \/>\n<meta name=\"twitter:card\" content=\"summary_large_image\" \/>\n<meta name=\"twitter:label1\" content=\"Gesch\u00e4tzte Lesezeit\" \/>\n\t<meta name=\"twitter:data1\" content=\"3\u00a0Minuten\" \/>\n<script type=\"application\/ld+json\" class=\"yoast-schema-graph\">{\"@context\":\"https:\\\/\\\/schema.org\",\"@graph\":[{\"@type\":\"WebPage\",\"@id\":\"https:\\\/\\\/repliquemangacine.fr\\\/coutellerie\\\/couteau-pliant-tactique-noir\\\/\",\"url\":\"https:\\\/\\\/repliquemangacine.fr\\\/coutellerie\\\/couteau-pliant-tactique-noir\\\/\",\"name\":\"Couteau pliant tactique noir - R\u00e9plique Manga Cin\u00e9\",\"isPartOf\":{\"@id\":\"https:\\\/\\\/repliquemangacine.fr\\\/#website\"},\"primaryImageOfPage\":{\"@id\":\"https:\\\/\\\/repliquemangacine.fr\\\/coutellerie\\\/couteau-pliant-tactique-noir\\\/#primaryimage\"},\"image\":{\"@id\":\"https:\\\/\\\/repliquemangacine.fr\\\/coutellerie\\\/couteau-pliant-tactique-noir\\\/#primaryimage\"},\"thumbnailUrl\":\"https:\\\/\\\/repliquemangacine.fr\\\/wp-content\\\/uploads\\\/2025\\\/07\\\/Couteau-pliant-tactique-noir.jpg\",\"datePublished\":\"2025-07-11T13:23:12+00:00\",\"dateModified\":\"2025-11-12T22:59:14+00:00\",\"description\":\"Couteau pliant tactique noir avec lame noir, coupe-ceinture, brise-vitre et clip ceinture. Puissant, discret et ultra fonctionnel.\",\"breadcrumb\":{\"@id\":\"https:\\\/\\\/repliquemangacine.fr\\\/coutellerie\\\/couteau-pliant-tactique-noir\\\/#breadcrumb\"},\"inLanguage\":\"de\",\"potentialAction\":[{\"@type\":\"ReadAction\",\"target\":[\"https:\\\/\\\/repliquemangacine.fr\\\/coutellerie\\\/couteau-pliant-tactique-noir\\\/\"]}]},{\"@type\":\"ImageObject\",\"inLanguage\":\"de\",\"@id\":\"https:\\\/\\\/repliquemangacine.fr\\\/coutellerie\\\/couteau-pliant-tactique-noir\\\/#primaryimage\",\"url\":\"https:\\\/\\\/repliquemangacine.fr\\\/wp-content\\\/uploads\\\/2025\\\/07\\\/Couteau-pliant-tactique-noir.jpg\",\"contentUrl\":\"https:\\\/\\\/repliquemangacine.fr\\\/wp-content\\\/uploads\\\/2025\\\/07\\\/Couteau-pliant-tactique-noir.jpg\",\"width\":700,\"height\":700,\"caption\":\"Couteau-pliant-tactique-noir\"},{\"@type\":\"BreadcrumbList\",\"@id\":\"https:\\\/\\\/repliquemangacine.fr\\\/coutellerie\\\/couteau-pliant-tactique-noir\\\/#breadcrumb\",\"itemListElement\":[{\"@type\":\"ListItem\",\"position\":1,\"name\":\"Accueil\",\"item\":\"https:\\\/\\\/repliquemangacine.fr\\\/\"},{\"@type\":\"ListItem\",\"position\":2,\"name\":\"Produits\",\"item\":\"https:\\\/\\\/repliquemangacine.fr\\\/boutique\\\/\"},{\"@type\":\"ListItem\",\"position\":3,\"name\":\"Couteau pliant tactique noir\"}]},{\"@type\":\"WebSite\",\"@id\":\"https:\\\/\\\/repliquemangacine.fr\\\/#website\",\"url\":\"https:\\\/\\\/repliquemangacine.fr\\\/\",\"name\":\"R\u00e9plique Manga Cin\u00e9\",\"description\":\"\",\"publisher\":{\"@id\":\"https:\\\/\\\/repliquemangacine.fr\\\/#organization\"},\"potentialAction\":[{\"@type\":\"SearchAction\",\"target\":{\"@type\":\"EntryPoint\",\"urlTemplate\":\"https:\\\/\\\/repliquemangacine.fr\\\/?s={search_term_string}\"},\"query-input\":{\"@type\":\"PropertyValueSpecification\",\"valueRequired\":true,\"valueName\":\"search_term_string\"}}],\"inLanguage\":\"de\"},{\"@type\":\"Organization\",\"@id\":\"https:\\\/\\\/repliquemangacine.fr\\\/#organization\",\"name\":\"R\u00e9plique Manga Cin\u00e9\",\"url\":\"https:\\\/\\\/repliquemangacine.fr\\\/\",\"logo\":{\"@type\":\"ImageObject\",\"inLanguage\":\"de\",\"@id\":\"https:\\\/\\\/repliquemangacine.fr\\\/#\\\/schema\\\/logo\\\/image\\\/\",\"url\":\"https:\\\/\\\/repliquemangacine.fr\\\/wp-content\\\/uploads\\\/2023\\\/10\\\/RMC-500250.png\",\"contentUrl\":\"https:\\\/\\\/repliquemangacine.fr\\\/wp-content\\\/uploads\\\/2023\\\/10\\\/RMC-500250.png\",\"width\":500,\"height\":250,\"caption\":\"R\u00e9plique Manga Cin\u00e9\"},\"image\":{\"@id\":\"https:\\\/\\\/repliquemangacine.fr\\\/#\\\/schema\\\/logo\\\/image\\\/\"},\"sameAs\":[\"https:\\\/\\\/www.facebook.com\\\/RepliqueMangaCine\",\"https:\\\/\\\/www.instagram.com\\\/repliquemangacine.fr\\\/\"]}]}<\/script>\n<!-- \/ Yoast SEO plugin. -->","yoast_head_json":{"title":"Taktisches Klappmesser Schwarz - R\u00e9plique Manga Cin\u00e9","description":"Schwarzes taktisches Klappmesser mit schwarzer Klinge, Gurtschneider, Glasbrecher und G\u00fcrtelclip. Leistungsstark, unauff\u00e4llig und ultrafunktional.","robots":{"index":"index","follow":"follow","max-snippet":"max-snippet:-1","max-image-preview":"max-image-preview:large","max-video-preview":"max-video-preview:-1"},"canonical":"https:\/\/repliquemangacine.fr\/de\/besteck\/taktisches-klappmesser-schwarz\/","og_locale":"de_DE","og_type":"article","og_title":"Couteau pliant tactique noir - R\u00e9plique Manga Cin\u00e9","og_description":"Couteau pliant tactique noir avec lame noir, coupe-ceinture, brise-vitre et clip ceinture. Puissant, discret et ultra fonctionnel.","og_url":"https:\/\/repliquemangacine.fr\/de\/besteck\/taktisches-klappmesser-schwarz\/","og_site_name":"R\u00e9plique Manga Cin\u00e9","article_publisher":"https:\/\/www.facebook.com\/RepliqueMangaCine","article_modified_time":"2025-11-12T22:59:14+00:00","og_image":[{"width":700,"height":700,"url":"https:\/\/repliquemangacine.fr\/wp-content\/uploads\/2025\/07\/Couteau-pliant-tactique-noir.jpg","type":"image\/jpeg"}],"twitter_card":"summary_large_image","twitter_misc":{"Gesch\u00e4tzte Lesezeit":"3\u00a0Minuten"},"schema":{"@context":"https:\/\/schema.org","@graph":[{"@type":"WebPage","@id":"https:\/\/repliquemangacine.fr\/coutellerie\/couteau-pliant-tactique-noir\/","url":"https:\/\/repliquemangacine.fr\/coutellerie\/couteau-pliant-tactique-noir\/","name":"Taktisches Klappmesser Schwarz - R\u00e9plique Manga Cin\u00e9","isPartOf":{"@id":"https:\/\/repliquemangacine.fr\/#website"},"primaryImageOfPage":{"@id":"https:\/\/repliquemangacine.fr\/coutellerie\/couteau-pliant-tactique-noir\/#primaryimage"},"image":{"@id":"https:\/\/repliquemangacine.fr\/coutellerie\/couteau-pliant-tactique-noir\/#primaryimage"},"thumbnailUrl":"https:\/\/repliquemangacine.fr\/wp-content\/uploads\/2025\/07\/Couteau-pliant-tactique-noir.jpg","datePublished":"2025-07-11T13:23:12+00:00","dateModified":"2025-11-12T22:59:14+00:00","description":"Schwarzes taktisches Klappmesser mit schwarzer Klinge, Gurtschneider, Glasbrecher und G\u00fcrtelclip. Leistungsstark, unauff\u00e4llig und ultrafunktional.","breadcrumb":{"@id":"https:\/\/repliquemangacine.fr\/coutellerie\/couteau-pliant-tactique-noir\/#breadcrumb"},"inLanguage":"de","potentialAction":[{"@type":"ReadAction","target":["https:\/\/repliquemangacine.fr\/coutellerie\/couteau-pliant-tactique-noir\/"]}]},{"@type":"ImageObject","inLanguage":"de","@id":"https:\/\/repliquemangacine.fr\/coutellerie\/couteau-pliant-tactique-noir\/#primaryimage","url":"https:\/\/repliquemangacine.fr\/wp-content\/uploads\/2025\/07\/Couteau-pliant-tactique-noir.jpg","contentUrl":"https:\/\/repliquemangacine.fr\/wp-content\/uploads\/2025\/07\/Couteau-pliant-tactique-noir.jpg","width":700,"height":700,"caption":"Couteau-pliant-tactique-noir"},{"@type":"BreadcrumbList","@id":"https:\/\/repliquemangacine.fr\/coutellerie\/couteau-pliant-tactique-noir\/#breadcrumb","itemListElement":[{"@type":"ListItem","position":1,"name":"Accueil","item":"https:\/\/repliquemangacine.fr\/"},{"@type":"ListItem","position":2,"name":"Produits","item":"https:\/\/repliquemangacine.fr\/boutique\/"},{"@type":"ListItem","position":3,"name":"Couteau pliant tactique noir"}]},{"@type":"WebSite","@id":"https:\/\/repliquemangacine.fr\/#website","url":"https:\/\/repliquemangacine.fr\/","name":"R\u00e9plique Manga Cin\u00e9","description":"","publisher":{"@id":"https:\/\/repliquemangacine.fr\/#organization"},"potentialAction":[{"@type":"SearchAction","target":{"@type":"EntryPoint","urlTemplate":"https:\/\/repliquemangacine.fr\/?s={search_term_string}"},"query-input":{"@type":"PropertyValueSpecification","valueRequired":true,"valueName":"search_term_string"}}],"inLanguage":"de"},{"@type":"Organization","@id":"https:\/\/repliquemangacine.fr\/#organization","name":"R\u00e9plique Manga Cin\u00e9","url":"https:\/\/repliquemangacine.fr\/","logo":{"@type":"ImageObject","inLanguage":"de","@id":"https:\/\/repliquemangacine.fr\/#\/schema\/logo\/image\/","url":"https:\/\/repliquemangacine.fr\/wp-content\/uploads\/2023\/10\/RMC-500250.png","contentUrl":"https:\/\/repliquemangacine.fr\/wp-content\/uploads\/2023\/10\/RMC-500250.png","width":500,"height":250,"caption":"R\u00e9plique Manga Cin\u00e9"},"image":{"@id":"https:\/\/repliquemangacine.fr\/#\/schema\/logo\/image\/"},"sameAs":["https:\/\/www.facebook.com\/RepliqueMangaCine","https:\/\/www.instagram.com\/repliquemangacine.fr\/"]}]}},"_links":{"self":[{"href":"https:\/\/repliquemangacine.fr\/de\/wp-json\/wp\/v2\/product\/86294","targetHints":{"allow":["GET"]}}],"collection":[{"href":"https:\/\/repliquemangacine.fr\/de\/wp-json\/wp\/v2\/product"}],"about":[{"href":"https:\/\/repliquemangacine.fr\/de\/wp-json\/wp\/v2\/types\/product"}],"wp:featuredmedia":[{"embeddable":true,"href":"https:\/\/repliquemangacine.fr\/de\/wp-json\/wp\/v2\/media\/86299"}],"wp:attachment":[{"href":"https:\/\/repliquemangacine.fr\/de\/wp-json\/wp\/v2\/media?parent=86294"}],"wp:term":[{"taxonomy":"product_brand","embeddable":true,"href":"https:\/\/repliquemangacine.fr\/de\/wp-json\/wp\/v2\/product_brand?post=86294"},{"taxonomy":"product_cat","embeddable":true,"href":"https:\/\/repliquemangacine.fr\/de\/wp-json\/wp\/v2\/product_cat?post=86294"},{"taxonomy":"product_tag","embeddable":true,"href":"https:\/\/repliquemangacine.fr\/de\/wp-json\/wp\/v2\/product_tag?post=86294"}],"curies":[{"name":"wp","href":"https:\/\/api.w.org\/{rel}","templated":true}]}}