





{"id":86264,"date":"2025-07-11T11:29:46","date_gmt":"2025-07-11T09:29:46","guid":{"rendered":"https:\/\/repliquemangacine.fr\/?post_type=product&#038;p=86264"},"modified":"2025-11-13T00:09:54","modified_gmt":"2025-11-12T23:09:54","slug":"halbautomatisches-feuerwehrmesser","status":"publish","type":"product","link":"https:\/\/repliquemangacine.fr\/de\/coutellerie\/couteau-pompier-semi-automatique\/","title":{"rendered":"Halbautomatisches Feuerwehrmesser"},"content":{"rendered":"<h2>Klappbares halbautomatisches Feuerwehrmesser, robust und stilvoll<\/h2>\n<p>Beginnen wir mit der \u00dcberpr\u00fcfung dieser halbautomatischen Feuerwehrmesser ist eine Hommage an die Feuerwehr, mit einem flammend roten Design mit dem offiziellen Logo \".<a href=\"https:\/\/www.linguee.fr\/anglais-francais\/traduction\/fire+dept.html\" target=\"_blank\" rel=\"noopener noreferrer\">Fire Dept<\/a>\u202f\u00bb.<br \/>\nErstens sorgt seine Klinge aus rostfreiem 440er Edelstahl f\u00fcr einen sauberen und pr\u00e4zisen Schnitt in allen \u00dcberlebenssituationen.<br \/>\nZweitens bietet der strukturierte Griff einen besseren Halt, mit rotem und schwarzem Aluminium f\u00fcr einen unverwechselbaren taktischen Look.<br \/>\nDank des integrierten G\u00fcrtelclips l\u00e4sst sich dieses Messer sicher und bequem im Alltag tragen.<br \/>\nAu\u00dferdem machen der Gurtschneider und die Glasschlagvorrichtung dieses Modell zu einem echten Notfallwerkzeug.<br \/>\nDas Schnell\u00f6ffnungssystem f\u00fcr eine Hand erm\u00f6glicht optimale Reaktionsf\u00e4higkeit, selbst in Extremsituationen.<br \/>\nOb Sie nun Sammler oder Liebhaber sind, dieses Feuerwehrmesser ist ein absolutes Muss.<br \/>\nSchlie\u00dflich vereint dieses Modell auf perfekte Weise Robustheit, Design und Symbolik f\u00fcr alle, die das Engagement der Feuerwehrleute bewundern.<\/p>\n<h2>Die Bedeutung eines taktischen Messers und die Besonderheiten dieses einzigartigen Modells<\/h2>\n<p>Heutzutage ist es unerl\u00e4sslich, ein zuverl\u00e4ssiges taktisches Messer f\u00fcr unvorhergesehene Situationen zu besitzen, sei es in der Stadt oder in der Natur.<br \/>\nDieses Feuerwehrmesser zeichnet sich durch seine Vielseitigkeit aus und vereint schnelle Einsatzf\u00e4higkeit mit einem ausgefeilten Design.<br \/>\nDer integrierte Gurtschneider erm\u00f6glicht die schnelle Befreiung einer eingeklemmten Person, was bei Verkehrsunf\u00e4llen lebenswichtig ist.<br \/>\nDer Glasbrecher ist auch n\u00fctzlich, um bei einer Notfallrettung mit minimalem Kraftaufwand eine Windschutzscheibe zu zerschlagen.<br \/>\nDiese beiden Funktionen sind diskret in den Griff integriert, ohne die Handhabung oder das schnelle \u00d6ffnen zu beeintr\u00e4chtigen.<br \/>\nSein ausgewogenes Gewicht vermittelt ein Gef\u00fchl perfekter Kontrolle, das f\u00fcr den professionellen oder t\u00e4glichen Gebrauch unverzichtbar ist.<br \/>\nEs vereint N\u00fctzlichkeit, Stil und starke Symbolik und ist eine Hommage an den Mut und die Reaktionsf\u00e4higkeit der Feuerwehrleute.<br \/>\nSein einzigartiges Design und seine Robustheit machen es zu einer Referenz in der Welt der modernen Multifunktionsmesser.<\/p>\n<h2>Entdecken Sie auch andere einzigartige Repliken auf Repliquemangacine.fr<\/h2>\n<p>\u00dcbrigens, neben diesem Feuerwehrmesser ist die Seite <strong>Repliquemangacine.de<\/strong> bietet Ihnen eine gro\u00dfe Auswahl an au\u00dfergew\u00f6hnlichen Sammlerst\u00fccken.<br \/>\nEntdecken Sie zun\u00e4chst unsere originalgetreuen Nachbildungen von Katanas, inspiriert von One Piece, Demon Slayer, Naruto, Bleach oder Sword Art Online.<br \/>\nFilmfans kommen hingegen mit unseren Schwertern aus Der Herr der Ringe, Game of Thrones oder Rambo voll auf ihre Kosten.<br \/>\nAber auch historische Waffen, <a href=\"https:\/\/repliquemangacine.fr\/de\/antike-schwerter\/\" target=\"_blank\" rel=\"noopener noreferrer\">Gladiatorenschwerter<\/a>, Piratens\u00e4bel und mittelalterliche Ritterhelme.<br \/>\nWesternfans werden unsere Colts zu sch\u00e4tzen wissen, <a href=\"https:\/\/repliquemangacine.fr\/de\/winchester-gewehr\/\" target=\"_blank\" rel=\"noopener noreferrer\">winchesters<\/a>, Lederholster und authentische Sheriffsterne.<br \/>\nJeder Artikel wurde aufgrund seines Realismus, seiner Qualit\u00e4t und seiner Aussagekraft in der Welt des Kinos oder Mangas ausgew\u00e4hlt.<br \/>\nUnsere Produkte sollen Eindruck hinterlassen und Sie in die Welt Ihrer Lieblingshelden entf\u00fchren.<br \/>\nZum Abschluss schauen Sie doch mal vorbei bei <strong>Repliquemangacine.de<\/strong> und lassen Sie sich von der Authentizit\u00e4t und der Leidenschaft f\u00fcr Details verf\u00fchren.<\/p>\n<p><strong>\u26a0\ufe0f Verkauf an Minderj\u00e4hrige verboten. Nach der Bestellung kann eine Identit\u00e4tspr\u00fcfung verlangt werden, um die Vollj\u00e4hrigkeit des K\u00e4ufers zu best\u00e4tigen.<\/strong><\/p>","protected":false},"excerpt":{"rendered":"<p>Halbautomatisches Feuerwehrmesser<\/p>\n<p><strong>Hauptmerkmale :<\/strong><\/p>\n<ul>\n<li>Gerippter roter Aluminiumstiel mit eingelegtem goldenem \"Fire Dept\"-Logo<\/li>\n<li>Integrierter Fensterbrecher f\u00fcr Notfalleins\u00e4tze<\/li>\n<li>Sicherer und effektiver Gurtschneider auf der R\u00fcckseite des Schafts<\/li>\n<li>Einh\u00e4ndig bedienbares, unterst\u00fctztes \u00d6ffnungssystem<\/li>\n<li>Schwarzer G\u00fcrtelclip<\/li>\n<li>L\u00e4nge offen: ca. 21 cm - Geschlossen: ca. 12 cm<\/li>\n<li>L\u00e4nge der Klinge ca. 8 cm<\/li>\n<li>Gewicht 132 Gramm<\/li>\n<\/ul>","protected":false},"featured_media":86266,"template":"","meta":[],"product_brand":[],"product_cat":[891,884],"product_tag":[],"class_list":{"0":"post-86264","1":"product","2":"type-product","3":"status-publish","4":"has-post-thumbnail","6":"product_cat-couteaux-automatiques","7":"product_cat-coutellerie","9":"first","10":"instock","11":"taxable","12":"shipping-taxable","13":"purchasable","14":"product-type-simple"},"yoast_head":"<!-- This site is optimized with the Yoast SEO plugin v27.5 - https:\/\/yoast.com\/product\/yoast-seo-wordpress\/ -->\n<title>Couteau pompier semi-automatique - R\u00e9plique Manga Cin\u00e9<\/title>\n<meta name=\"description\" content=\"Couteau pompier semi-automatique, coupe-ceinture et brise-vitre. Un outil tactique styl\u00e9, pratique et robuste. Disponible sur Repliquemangacine.fr.\" \/>\n<meta name=\"robots\" content=\"index, follow, max-snippet:-1, max-image-preview:large, max-video-preview:-1\" \/>\n<link rel=\"canonical\" href=\"https:\/\/repliquemangacine.fr\/de\/besteck\/halbautomatisches-feuerwehrmesser\/\" \/>\n<meta property=\"og:locale\" content=\"de_DE\" \/>\n<meta property=\"og:type\" content=\"article\" \/>\n<meta property=\"og:title\" content=\"Couteau pompier semi-automatique - R\u00e9plique Manga Cin\u00e9\" \/>\n<meta property=\"og:description\" content=\"Couteau pompier semi-automatique, coupe-ceinture et brise-vitre. Un outil tactique styl\u00e9, pratique et robuste. Disponible sur Repliquemangacine.fr.\" \/>\n<meta property=\"og:url\" content=\"https:\/\/repliquemangacine.fr\/de\/besteck\/halbautomatisches-feuerwehrmesser\/\" \/>\n<meta property=\"og:site_name\" content=\"R\u00e9plique Manga Cin\u00e9\" \/>\n<meta property=\"article:publisher\" content=\"https:\/\/www.facebook.com\/RepliqueMangaCine\" \/>\n<meta property=\"article:modified_time\" content=\"2025-11-12T23:09:54+00:00\" \/>\n<meta property=\"og:image\" content=\"https:\/\/repliquemangacine.fr\/wp-content\/uploads\/2025\/07\/couteau-pompier-.jpg\" \/>\n\t<meta property=\"og:image:width\" content=\"697\" \/>\n\t<meta property=\"og:image:height\" content=\"700\" \/>\n\t<meta property=\"og:image:type\" content=\"image\/jpeg\" \/>\n<meta name=\"twitter:card\" content=\"summary_large_image\" \/>\n<meta name=\"twitter:label1\" content=\"Gesch\u00e4tzte Lesezeit\" \/>\n\t<meta name=\"twitter:data1\" content=\"3\u00a0Minuten\" \/>\n<script type=\"application\/ld+json\" class=\"yoast-schema-graph\">{\"@context\":\"https:\\\/\\\/schema.org\",\"@graph\":[{\"@type\":\"WebPage\",\"@id\":\"https:\\\/\\\/repliquemangacine.fr\\\/coutellerie\\\/couteau-pompier-semi-automatique\\\/\",\"url\":\"https:\\\/\\\/repliquemangacine.fr\\\/coutellerie\\\/couteau-pompier-semi-automatique\\\/\",\"name\":\"Couteau pompier semi-automatique - R\u00e9plique Manga Cin\u00e9\",\"isPartOf\":{\"@id\":\"https:\\\/\\\/repliquemangacine.fr\\\/#website\"},\"primaryImageOfPage\":{\"@id\":\"https:\\\/\\\/repliquemangacine.fr\\\/coutellerie\\\/couteau-pompier-semi-automatique\\\/#primaryimage\"},\"image\":{\"@id\":\"https:\\\/\\\/repliquemangacine.fr\\\/coutellerie\\\/couteau-pompier-semi-automatique\\\/#primaryimage\"},\"thumbnailUrl\":\"https:\\\/\\\/repliquemangacine.fr\\\/wp-content\\\/uploads\\\/2025\\\/07\\\/couteau-pompier-.jpg\",\"datePublished\":\"2025-07-11T09:29:46+00:00\",\"dateModified\":\"2025-11-12T23:09:54+00:00\",\"description\":\"Couteau pompier semi-automatique, coupe-ceinture et brise-vitre. Un outil tactique styl\u00e9, pratique et robuste. Disponible sur Repliquemangacine.fr.\",\"breadcrumb\":{\"@id\":\"https:\\\/\\\/repliquemangacine.fr\\\/coutellerie\\\/couteau-pompier-semi-automatique\\\/#breadcrumb\"},\"inLanguage\":\"de\",\"potentialAction\":[{\"@type\":\"ReadAction\",\"target\":[\"https:\\\/\\\/repliquemangacine.fr\\\/coutellerie\\\/couteau-pompier-semi-automatique\\\/\"]}]},{\"@type\":\"ImageObject\",\"inLanguage\":\"de\",\"@id\":\"https:\\\/\\\/repliquemangacine.fr\\\/coutellerie\\\/couteau-pompier-semi-automatique\\\/#primaryimage\",\"url\":\"https:\\\/\\\/repliquemangacine.fr\\\/wp-content\\\/uploads\\\/2025\\\/07\\\/couteau-pompier-.jpg\",\"contentUrl\":\"https:\\\/\\\/repliquemangacine.fr\\\/wp-content\\\/uploads\\\/2025\\\/07\\\/couteau-pompier-.jpg\",\"width\":697,\"height\":700,\"caption\":\"Couteau pompier semi-automatique\"},{\"@type\":\"BreadcrumbList\",\"@id\":\"https:\\\/\\\/repliquemangacine.fr\\\/coutellerie\\\/couteau-pompier-semi-automatique\\\/#breadcrumb\",\"itemListElement\":[{\"@type\":\"ListItem\",\"position\":1,\"name\":\"Accueil\",\"item\":\"https:\\\/\\\/repliquemangacine.fr\\\/\"},{\"@type\":\"ListItem\",\"position\":2,\"name\":\"Produits\",\"item\":\"https:\\\/\\\/repliquemangacine.fr\\\/boutique\\\/\"},{\"@type\":\"ListItem\",\"position\":3,\"name\":\"Couteau pompier semi-automatique\"}]},{\"@type\":\"WebSite\",\"@id\":\"https:\\\/\\\/repliquemangacine.fr\\\/#website\",\"url\":\"https:\\\/\\\/repliquemangacine.fr\\\/\",\"name\":\"R\u00e9plique Manga Cin\u00e9\",\"description\":\"\",\"publisher\":{\"@id\":\"https:\\\/\\\/repliquemangacine.fr\\\/#organization\"},\"potentialAction\":[{\"@type\":\"SearchAction\",\"target\":{\"@type\":\"EntryPoint\",\"urlTemplate\":\"https:\\\/\\\/repliquemangacine.fr\\\/?s={search_term_string}\"},\"query-input\":{\"@type\":\"PropertyValueSpecification\",\"valueRequired\":true,\"valueName\":\"search_term_string\"}}],\"inLanguage\":\"de\"},{\"@type\":\"Organization\",\"@id\":\"https:\\\/\\\/repliquemangacine.fr\\\/#organization\",\"name\":\"R\u00e9plique Manga Cin\u00e9\",\"url\":\"https:\\\/\\\/repliquemangacine.fr\\\/\",\"logo\":{\"@type\":\"ImageObject\",\"inLanguage\":\"de\",\"@id\":\"https:\\\/\\\/repliquemangacine.fr\\\/#\\\/schema\\\/logo\\\/image\\\/\",\"url\":\"https:\\\/\\\/repliquemangacine.fr\\\/wp-content\\\/uploads\\\/2023\\\/10\\\/RMC-500250.png\",\"contentUrl\":\"https:\\\/\\\/repliquemangacine.fr\\\/wp-content\\\/uploads\\\/2023\\\/10\\\/RMC-500250.png\",\"width\":500,\"height\":250,\"caption\":\"R\u00e9plique Manga Cin\u00e9\"},\"image\":{\"@id\":\"https:\\\/\\\/repliquemangacine.fr\\\/#\\\/schema\\\/logo\\\/image\\\/\"},\"sameAs\":[\"https:\\\/\\\/www.facebook.com\\\/RepliqueMangaCine\",\"https:\\\/\\\/www.instagram.com\\\/repliquemangacine.fr\\\/\"]}]}<\/script>\n<!-- \/ Yoast SEO plugin. -->","yoast_head_json":{"title":"Halbautomatisches Feuerwehrmesser - R\u00e9plique Manga Cin\u00e9","description":"Halbautomatisches Feuerwehrmesser, Gurtschneider und Glasbrecher. Ein stylisches, praktisches und robustes taktisches Werkzeug. Erh\u00e4ltlich auf Repliquemangacine.de.","robots":{"index":"index","follow":"follow","max-snippet":"max-snippet:-1","max-image-preview":"max-image-preview:large","max-video-preview":"max-video-preview:-1"},"canonical":"https:\/\/repliquemangacine.fr\/de\/besteck\/halbautomatisches-feuerwehrmesser\/","og_locale":"de_DE","og_type":"article","og_title":"Couteau pompier semi-automatique - R\u00e9plique Manga Cin\u00e9","og_description":"Couteau pompier semi-automatique, coupe-ceinture et brise-vitre. Un outil tactique styl\u00e9, pratique et robuste. Disponible sur Repliquemangacine.fr.","og_url":"https:\/\/repliquemangacine.fr\/de\/besteck\/halbautomatisches-feuerwehrmesser\/","og_site_name":"R\u00e9plique Manga Cin\u00e9","article_publisher":"https:\/\/www.facebook.com\/RepliqueMangaCine","article_modified_time":"2025-11-12T23:09:54+00:00","og_image":[{"width":697,"height":700,"url":"https:\/\/repliquemangacine.fr\/wp-content\/uploads\/2025\/07\/couteau-pompier-.jpg","type":"image\/jpeg"}],"twitter_card":"summary_large_image","twitter_misc":{"Gesch\u00e4tzte Lesezeit":"3\u00a0Minuten"},"schema":{"@context":"https:\/\/schema.org","@graph":[{"@type":"WebPage","@id":"https:\/\/repliquemangacine.fr\/coutellerie\/couteau-pompier-semi-automatique\/","url":"https:\/\/repliquemangacine.fr\/coutellerie\/couteau-pompier-semi-automatique\/","name":"Halbautomatisches Feuerwehrmesser - R\u00e9plique Manga Cin\u00e9","isPartOf":{"@id":"https:\/\/repliquemangacine.fr\/#website"},"primaryImageOfPage":{"@id":"https:\/\/repliquemangacine.fr\/coutellerie\/couteau-pompier-semi-automatique\/#primaryimage"},"image":{"@id":"https:\/\/repliquemangacine.fr\/coutellerie\/couteau-pompier-semi-automatique\/#primaryimage"},"thumbnailUrl":"https:\/\/repliquemangacine.fr\/wp-content\/uploads\/2025\/07\/couteau-pompier-.jpg","datePublished":"2025-07-11T09:29:46+00:00","dateModified":"2025-11-12T23:09:54+00:00","description":"Halbautomatisches Feuerwehrmesser, Gurtschneider und Glasbrecher. Ein stylisches, praktisches und robustes taktisches Werkzeug. Erh\u00e4ltlich auf Repliquemangacine.de.","breadcrumb":{"@id":"https:\/\/repliquemangacine.fr\/coutellerie\/couteau-pompier-semi-automatique\/#breadcrumb"},"inLanguage":"de","potentialAction":[{"@type":"ReadAction","target":["https:\/\/repliquemangacine.fr\/coutellerie\/couteau-pompier-semi-automatique\/"]}]},{"@type":"ImageObject","inLanguage":"de","@id":"https:\/\/repliquemangacine.fr\/coutellerie\/couteau-pompier-semi-automatique\/#primaryimage","url":"https:\/\/repliquemangacine.fr\/wp-content\/uploads\/2025\/07\/couteau-pompier-.jpg","contentUrl":"https:\/\/repliquemangacine.fr\/wp-content\/uploads\/2025\/07\/couteau-pompier-.jpg","width":697,"height":700,"caption":"Couteau pompier semi-automatique"},{"@type":"BreadcrumbList","@id":"https:\/\/repliquemangacine.fr\/coutellerie\/couteau-pompier-semi-automatique\/#breadcrumb","itemListElement":[{"@type":"ListItem","position":1,"name":"Accueil","item":"https:\/\/repliquemangacine.fr\/"},{"@type":"ListItem","position":2,"name":"Produits","item":"https:\/\/repliquemangacine.fr\/boutique\/"},{"@type":"ListItem","position":3,"name":"Couteau pompier semi-automatique"}]},{"@type":"WebSite","@id":"https:\/\/repliquemangacine.fr\/#website","url":"https:\/\/repliquemangacine.fr\/","name":"R\u00e9plique Manga Cin\u00e9","description":"","publisher":{"@id":"https:\/\/repliquemangacine.fr\/#organization"},"potentialAction":[{"@type":"SearchAction","target":{"@type":"EntryPoint","urlTemplate":"https:\/\/repliquemangacine.fr\/?s={search_term_string}"},"query-input":{"@type":"PropertyValueSpecification","valueRequired":true,"valueName":"search_term_string"}}],"inLanguage":"de"},{"@type":"Organization","@id":"https:\/\/repliquemangacine.fr\/#organization","name":"R\u00e9plique Manga Cin\u00e9","url":"https:\/\/repliquemangacine.fr\/","logo":{"@type":"ImageObject","inLanguage":"de","@id":"https:\/\/repliquemangacine.fr\/#\/schema\/logo\/image\/","url":"https:\/\/repliquemangacine.fr\/wp-content\/uploads\/2023\/10\/RMC-500250.png","contentUrl":"https:\/\/repliquemangacine.fr\/wp-content\/uploads\/2023\/10\/RMC-500250.png","width":500,"height":250,"caption":"R\u00e9plique Manga Cin\u00e9"},"image":{"@id":"https:\/\/repliquemangacine.fr\/#\/schema\/logo\/image\/"},"sameAs":["https:\/\/www.facebook.com\/RepliqueMangaCine","https:\/\/www.instagram.com\/repliquemangacine.fr\/"]}]}},"_links":{"self":[{"href":"https:\/\/repliquemangacine.fr\/de\/wp-json\/wp\/v2\/product\/86264","targetHints":{"allow":["GET"]}}],"collection":[{"href":"https:\/\/repliquemangacine.fr\/de\/wp-json\/wp\/v2\/product"}],"about":[{"href":"https:\/\/repliquemangacine.fr\/de\/wp-json\/wp\/v2\/types\/product"}],"wp:featuredmedia":[{"embeddable":true,"href":"https:\/\/repliquemangacine.fr\/de\/wp-json\/wp\/v2\/media\/86266"}],"wp:attachment":[{"href":"https:\/\/repliquemangacine.fr\/de\/wp-json\/wp\/v2\/media?parent=86264"}],"wp:term":[{"taxonomy":"product_brand","embeddable":true,"href":"https:\/\/repliquemangacine.fr\/de\/wp-json\/wp\/v2\/product_brand?post=86264"},{"taxonomy":"product_cat","embeddable":true,"href":"https:\/\/repliquemangacine.fr\/de\/wp-json\/wp\/v2\/product_cat?post=86264"},{"taxonomy":"product_tag","embeddable":true,"href":"https:\/\/repliquemangacine.fr\/de\/wp-json\/wp\/v2\/product_tag?post=86264"}],"curies":[{"name":"wp","href":"https:\/\/api.w.org\/{rel}","templated":true}]}}