





{"id":86245,"date":"2025-07-10T14:35:54","date_gmt":"2025-07-10T12:35:54","guid":{"rendered":"https:\/\/repliquemangacine.fr\/?post_type=product&#038;p=86245"},"modified":"2026-02-06T10:01:00","modified_gmt":"2026-02-06T09:01:00","slug":"automatisches-messer-otf-schwarz","status":"publish","type":"product","link":"https:\/\/repliquemangacine.fr\/de\/non-classe\/couteau-automatique-otf-noir\/","title":{"rendered":"Automatisches Messer OTF Schwarz"},"content":{"rendered":"<h2>Ein schwarzes automatisches OTF-Messer mit taktischen und furchterregenden Ausf\u00fchrungen<\/h2>\n<p>Beginnen wir mit der Untersuchung dieses <a href=\"https:\/\/en.wikipedia.org\/wiki\/OTF\" target=\"_blank\" rel=\"noopener noreferrer\">automatisches Messer OTF<\/a> schwarz wurde f\u00fcr Liebhaber von taktischen Repliken mit schlichtem, unauff\u00e4lligem und funktionalem Design entworfen.<br \/>\nZun\u00e4chst einmal durch seine zweischneidige Klinge aus rostfreiem Stahl stainless440. Zweitens garantiert er dank seiner schnellen Front\u00f6ffnung jederzeit einen instinktiven, fl\u00fcssigen und sicheren Einsatz.<br \/>\nSchlie\u00dflich der mattschwarze Aluminiumgriff, der f\u00fcr einen festen Griff gerippt ist.<br \/>\nAu\u00dferdem wird es mit einem verst\u00e4rkten schwarzen Cordura-Etui geliefert, das mit einer Befestigungsschlaufe und einem G\u00fcrtelclip ausgestattet ist.<br \/>\nDiese Art von Messern ist oft von modernen Milit\u00e4rwelten oder Eliteagenten in Actionfilmen inspiriert.<br \/>\nKompakt, leicht und scharf - dieses Modell wird Sammlern und Liebhabern zeitgen\u00f6ssischer taktischer Gegenst\u00e4nde gleicherma\u00dfen gefallen.<br \/>\nEs kann auch als realistisches Cosplay-Element f\u00fcr Charaktere wie Soldaten, S\u00f6ldner oder moderne Assassinen verwendet werden.<\/p>\n<h2>Eine Replik, die Stil, Schnelligkeit und Adrenalinkick vereint<\/h2>\n<p>Dieses OTF-Messer zeichnet sich durch einen reibungslosen Mechanismus und eine visuelle Wirkung aus, die an Actionfilme oder Kampfspiele erinnert.<br \/>\nIm Gegensatz zu herk\u00f6mmlichen Klappmessern bietet es eine direkte, schnelle und sehr beeindruckende Front\u00f6ffnung bei der Benutzung.<br \/>\nSo bietet er ein einzigartiges Gef\u00fchl von Kontrolle, Kraft und Pr\u00e4zision, w\u00e4hrend er gleichzeitig sicher und bequem zu handhaben ist.<br \/>\nDank seiner robusten Konstruktion h\u00e4lt er wiederholter Handhabung stand, ohne an Fl\u00fcssigkeit oder Auswurfeffizienz zu verlieren.<br \/>\nDiese Art von Waffen fasziniert ebenso wie sie anzieht, durch ihre Technik, ihre \u00c4sthetik und ihre Verbindung mit taktischen Elitefiguren.<br \/>\nDank seiner schlichten Verarbeitung passt er sowohl zu einer Sammlung als auch zu einer realistischen Inszenierung oder einem gepflegten Cosplay.<br \/>\nMit dem mitgelieferten Cordura-Etui kann es \u00fcberall hin mitgenommen werden, wo es schnell und unauff\u00e4llig pr\u00e4sentiert werden soll.<br \/>\nSein \u00d6ffnungssystem bietet bei jedem Ausl\u00f6sen einen echten Adrenalinschub und verst\u00e4rkt das Vergn\u00fcgen, es zu besitzen.<\/p>\n<h2>Repliquemangacine: Ihre Referenz f\u00fcr Repliken von Waffen und Sammlerobjekten<\/h2>\n<p>Auf <strong>Replikmangacin<\/strong>Entdecken Sie ein komplettes Universum f\u00fcr Liebhaber von Repliken, Klingen und Accessoires, die von der Popkultur inspiriert sind.<br \/>\nUnser Shop bietet eine gro\u00dfe Auswahl an Automatikmessern, Dolchen, <a href=\"https:\/\/repliquemangacine.fr\/de\/naruto-katana\/ninja-set\/\" target=\"_blank\" rel=\"noopener noreferrer\">shurikens<\/a>Die meisten von ihnen haben eine stilisierte taktische Ausr\u00fcstung.<br \/>\nWir haben auch eine Westernabteilung mit Colt-Attrappen, Holstern, Sheriff-Sternen und anderen Gegenst\u00e4nden aus dem Wilden Westen.<br \/>\nNicht zu vergessen unsere <a href=\"https:\/\/repliquemangacine.fr\/de\/porte-cl\u00e9s-goodies\/\" target=\"_blank\" rel=\"noopener noreferrer\">Schl\u00fcsselanh\u00e4nger<\/a>In diesem Buch finden Sie eine Sammlung von Figuren, Goodies und kleinen Sammlerst\u00fccken aus Kultwelten.<br \/>\nJedes Produkt wird aufgrund seiner Qualit\u00e4t, seines Stils und seiner F\u00e4higkeit, echte Fans zu begeistern, ausgew\u00e4hlt.<br \/>\nBei <strong>Replikmangacin<\/strong>Jedes St\u00fcck erz\u00e4hlt eine Geschichte, erinnert an einen Helden, eine Epoche oder eine Kultsaga.<br \/>\nTreten Sie ein in unsere Welt und erg\u00e4nzen Sie Ihre Sammlung mit markanten, originellen und charaktervollen Objekten.<\/p>\n<p><strong>\u26a0\ufe0f Verkauf an Minderj\u00e4hrige verboten. Nach der Bestellung kann eine Identit\u00e4tspr\u00fcfung verlangt werden, um die Vollj\u00e4hrigkeit des K\u00e4ufers zu best\u00e4tigen.<\/strong><\/p>","protected":false},"excerpt":{"rendered":"<p>Dieses automatische Messer OTF schwarz (Out The Front)<\/p>\n<p><strong>Eigenschaften :<\/strong><\/p>\n<ul>\n<li>Automatische \u00d6ffnung Typ OTF (Klinge f\u00e4hrt frontal aus)<\/li>\n<li>Klinge aus rostfreiem Stahl mit satiniertem Finish, symmetrische, zweischneidige Dolchform<\/li>\n<li>Mattschwarzer Aluminiumstiel, geripptes Design f\u00fcr einen guten Griff<\/li>\n<li>Integrierter G\u00fcrtelclip<\/li>\n<li>Stabiles Verriegelungssystem, fl\u00fcssige Handhabung mit dem Daumen<\/li>\n<li>Wird mit einem verst\u00e4rkten Cordura-Etui geliefert, Clipverschluss + G\u00fcrtelschlaufe<\/li>\n<li>Gesamtl\u00e4nge: ca. 22 cm<\/li>\n<li>Klingenl\u00e4nge: ca. 9 cm<\/li>\n<li>L\u00e4nge geschlossen: ca. 12cm<\/li>\n<li>Gewicht 220 Gramm<\/li>\n<\/ul>","protected":false},"featured_media":86247,"template":"","meta":[],"product_brand":[],"product_cat":[22],"product_tag":[],"class_list":{"0":"post-86245","1":"product","2":"type-product","3":"status-publish","4":"has-post-thumbnail","6":"product_cat-non-classe","8":"first","9":"instock","10":"taxable","11":"shipping-taxable","12":"purchasable","13":"product-type-simple"},"yoast_head":"<!-- This site is optimized with the Yoast SEO plugin v27.5 - https:\/\/yoast.com\/product\/yoast-seo-wordpress\/ -->\n<title>Couteau Automatique OTF Noir - R\u00e9plique Manga Cin\u00e9<\/title>\n<meta name=\"description\" content=\"Couteau automatique OTF noir avec lame en acier double tranchant. Ouverture rapide, design tactique, livr\u00e9 avec \u00e9tui cordura. Parfait pour une collection.\" \/>\n<meta name=\"robots\" content=\"index, follow, max-snippet:-1, max-image-preview:large, max-video-preview:-1\" \/>\n<link rel=\"canonical\" href=\"https:\/\/repliquemangacine.fr\/de\/nicht-klasse\/automatisches-messer-otf-schwarz\/\" \/>\n<meta property=\"og:locale\" content=\"de_DE\" \/>\n<meta property=\"og:type\" content=\"article\" \/>\n<meta property=\"og:title\" content=\"Couteau Automatique OTF Noir - R\u00e9plique Manga Cin\u00e9\" \/>\n<meta property=\"og:description\" content=\"Couteau automatique OTF noir avec lame en acier double tranchant. Ouverture rapide, design tactique, livr\u00e9 avec \u00e9tui cordura. Parfait pour une collection.\" \/>\n<meta property=\"og:url\" content=\"https:\/\/repliquemangacine.fr\/de\/nicht-klasse\/automatisches-messer-otf-schwarz\/\" \/>\n<meta property=\"og:site_name\" content=\"R\u00e9plique Manga Cin\u00e9\" \/>\n<meta property=\"article:publisher\" content=\"https:\/\/www.facebook.com\/RepliqueMangaCine\" \/>\n<meta property=\"article:modified_time\" content=\"2026-02-06T09:01:00+00:00\" \/>\n<meta property=\"og:image\" content=\"https:\/\/repliquemangacine.fr\/wp-content\/uploads\/2025\/07\/couteau-automatique-OTF.jpg\" \/>\n\t<meta property=\"og:image:width\" content=\"697\" \/>\n\t<meta property=\"og:image:height\" content=\"700\" \/>\n\t<meta property=\"og:image:type\" content=\"image\/jpeg\" \/>\n<meta name=\"twitter:card\" content=\"summary_large_image\" \/>\n<meta name=\"twitter:label1\" content=\"Gesch\u00e4tzte Lesezeit\" \/>\n\t<meta name=\"twitter:data1\" content=\"3\u00a0Minuten\" \/>\n<script type=\"application\/ld+json\" class=\"yoast-schema-graph\">{\"@context\":\"https:\\\/\\\/schema.org\",\"@graph\":[{\"@type\":\"WebPage\",\"@id\":\"https:\\\/\\\/repliquemangacine.fr\\\/non-classe\\\/couteau-automatique-otf-noir\\\/\",\"url\":\"https:\\\/\\\/repliquemangacine.fr\\\/non-classe\\\/couteau-automatique-otf-noir\\\/\",\"name\":\"Couteau Automatique OTF Noir - R\u00e9plique Manga Cin\u00e9\",\"isPartOf\":{\"@id\":\"https:\\\/\\\/repliquemangacine.fr\\\/#website\"},\"primaryImageOfPage\":{\"@id\":\"https:\\\/\\\/repliquemangacine.fr\\\/non-classe\\\/couteau-automatique-otf-noir\\\/#primaryimage\"},\"image\":{\"@id\":\"https:\\\/\\\/repliquemangacine.fr\\\/non-classe\\\/couteau-automatique-otf-noir\\\/#primaryimage\"},\"thumbnailUrl\":\"https:\\\/\\\/repliquemangacine.fr\\\/wp-content\\\/uploads\\\/2025\\\/07\\\/couteau-automatique-OTF.jpg\",\"datePublished\":\"2025-07-10T12:35:54+00:00\",\"dateModified\":\"2026-02-06T09:01:00+00:00\",\"description\":\"Couteau automatique OTF noir avec lame en acier double tranchant. Ouverture rapide, design tactique, livr\u00e9 avec \u00e9tui cordura. Parfait pour une collection.\",\"breadcrumb\":{\"@id\":\"https:\\\/\\\/repliquemangacine.fr\\\/non-classe\\\/couteau-automatique-otf-noir\\\/#breadcrumb\"},\"inLanguage\":\"de\",\"potentialAction\":[{\"@type\":\"ReadAction\",\"target\":[\"https:\\\/\\\/repliquemangacine.fr\\\/non-classe\\\/couteau-automatique-otf-noir\\\/\"]}]},{\"@type\":\"ImageObject\",\"inLanguage\":\"de\",\"@id\":\"https:\\\/\\\/repliquemangacine.fr\\\/non-classe\\\/couteau-automatique-otf-noir\\\/#primaryimage\",\"url\":\"https:\\\/\\\/repliquemangacine.fr\\\/wp-content\\\/uploads\\\/2025\\\/07\\\/couteau-automatique-OTF.jpg\",\"contentUrl\":\"https:\\\/\\\/repliquemangacine.fr\\\/wp-content\\\/uploads\\\/2025\\\/07\\\/couteau-automatique-OTF.jpg\",\"width\":697,\"height\":700,\"caption\":\"couteau-automatique-OTF\"},{\"@type\":\"BreadcrumbList\",\"@id\":\"https:\\\/\\\/repliquemangacine.fr\\\/non-classe\\\/couteau-automatique-otf-noir\\\/#breadcrumb\",\"itemListElement\":[{\"@type\":\"ListItem\",\"position\":1,\"name\":\"Accueil\",\"item\":\"https:\\\/\\\/repliquemangacine.fr\\\/\"},{\"@type\":\"ListItem\",\"position\":2,\"name\":\"Produits\",\"item\":\"https:\\\/\\\/repliquemangacine.fr\\\/boutique\\\/\"},{\"@type\":\"ListItem\",\"position\":3,\"name\":\"Couteau Automatique OTF Noir\"}]},{\"@type\":\"WebSite\",\"@id\":\"https:\\\/\\\/repliquemangacine.fr\\\/#website\",\"url\":\"https:\\\/\\\/repliquemangacine.fr\\\/\",\"name\":\"R\u00e9plique Manga Cin\u00e9\",\"description\":\"\",\"publisher\":{\"@id\":\"https:\\\/\\\/repliquemangacine.fr\\\/#organization\"},\"potentialAction\":[{\"@type\":\"SearchAction\",\"target\":{\"@type\":\"EntryPoint\",\"urlTemplate\":\"https:\\\/\\\/repliquemangacine.fr\\\/?s={search_term_string}\"},\"query-input\":{\"@type\":\"PropertyValueSpecification\",\"valueRequired\":true,\"valueName\":\"search_term_string\"}}],\"inLanguage\":\"de\"},{\"@type\":\"Organization\",\"@id\":\"https:\\\/\\\/repliquemangacine.fr\\\/#organization\",\"name\":\"R\u00e9plique Manga Cin\u00e9\",\"url\":\"https:\\\/\\\/repliquemangacine.fr\\\/\",\"logo\":{\"@type\":\"ImageObject\",\"inLanguage\":\"de\",\"@id\":\"https:\\\/\\\/repliquemangacine.fr\\\/#\\\/schema\\\/logo\\\/image\\\/\",\"url\":\"https:\\\/\\\/repliquemangacine.fr\\\/wp-content\\\/uploads\\\/2023\\\/10\\\/RMC-500250.png\",\"contentUrl\":\"https:\\\/\\\/repliquemangacine.fr\\\/wp-content\\\/uploads\\\/2023\\\/10\\\/RMC-500250.png\",\"width\":500,\"height\":250,\"caption\":\"R\u00e9plique Manga Cin\u00e9\"},\"image\":{\"@id\":\"https:\\\/\\\/repliquemangacine.fr\\\/#\\\/schema\\\/logo\\\/image\\\/\"},\"sameAs\":[\"https:\\\/\\\/www.facebook.com\\\/RepliqueMangaCine\",\"https:\\\/\\\/www.instagram.com\\\/repliquemangacine.fr\\\/\"]}]}<\/script>\n<!-- \/ Yoast SEO plugin. -->","yoast_head_json":{"title":"Automatisches Messer OTF Schwarz - R\u00e9plique Manga Cin\u00e9","description":"Schwarzes OTF Automatikmesser mit zweischneidiger Stahlklinge. Schnell zu \u00f6ffnen, taktisches Design, geliefert mit Cordura-Holster. Perfekt f\u00fcr eine Sammlung.","robots":{"index":"index","follow":"follow","max-snippet":"max-snippet:-1","max-image-preview":"max-image-preview:large","max-video-preview":"max-video-preview:-1"},"canonical":"https:\/\/repliquemangacine.fr\/de\/nicht-klasse\/automatisches-messer-otf-schwarz\/","og_locale":"de_DE","og_type":"article","og_title":"Couteau Automatique OTF Noir - R\u00e9plique Manga Cin\u00e9","og_description":"Couteau automatique OTF noir avec lame en acier double tranchant. Ouverture rapide, design tactique, livr\u00e9 avec \u00e9tui cordura. Parfait pour une collection.","og_url":"https:\/\/repliquemangacine.fr\/de\/nicht-klasse\/automatisches-messer-otf-schwarz\/","og_site_name":"R\u00e9plique Manga Cin\u00e9","article_publisher":"https:\/\/www.facebook.com\/RepliqueMangaCine","article_modified_time":"2026-02-06T09:01:00+00:00","og_image":[{"width":697,"height":700,"url":"https:\/\/repliquemangacine.fr\/wp-content\/uploads\/2025\/07\/couteau-automatique-OTF.jpg","type":"image\/jpeg"}],"twitter_card":"summary_large_image","twitter_misc":{"Gesch\u00e4tzte Lesezeit":"3\u00a0Minuten"},"schema":{"@context":"https:\/\/schema.org","@graph":[{"@type":"WebPage","@id":"https:\/\/repliquemangacine.fr\/non-classe\/couteau-automatique-otf-noir\/","url":"https:\/\/repliquemangacine.fr\/non-classe\/couteau-automatique-otf-noir\/","name":"Automatisches Messer OTF Schwarz - R\u00e9plique Manga Cin\u00e9","isPartOf":{"@id":"https:\/\/repliquemangacine.fr\/#website"},"primaryImageOfPage":{"@id":"https:\/\/repliquemangacine.fr\/non-classe\/couteau-automatique-otf-noir\/#primaryimage"},"image":{"@id":"https:\/\/repliquemangacine.fr\/non-classe\/couteau-automatique-otf-noir\/#primaryimage"},"thumbnailUrl":"https:\/\/repliquemangacine.fr\/wp-content\/uploads\/2025\/07\/couteau-automatique-OTF.jpg","datePublished":"2025-07-10T12:35:54+00:00","dateModified":"2026-02-06T09:01:00+00:00","description":"Schwarzes OTF Automatikmesser mit zweischneidiger Stahlklinge. Schnell zu \u00f6ffnen, taktisches Design, geliefert mit Cordura-Holster. Perfekt f\u00fcr eine Sammlung.","breadcrumb":{"@id":"https:\/\/repliquemangacine.fr\/non-classe\/couteau-automatique-otf-noir\/#breadcrumb"},"inLanguage":"de","potentialAction":[{"@type":"ReadAction","target":["https:\/\/repliquemangacine.fr\/non-classe\/couteau-automatique-otf-noir\/"]}]},{"@type":"ImageObject","inLanguage":"de","@id":"https:\/\/repliquemangacine.fr\/non-classe\/couteau-automatique-otf-noir\/#primaryimage","url":"https:\/\/repliquemangacine.fr\/wp-content\/uploads\/2025\/07\/couteau-automatique-OTF.jpg","contentUrl":"https:\/\/repliquemangacine.fr\/wp-content\/uploads\/2025\/07\/couteau-automatique-OTF.jpg","width":697,"height":700,"caption":"couteau-automatique-OTF"},{"@type":"BreadcrumbList","@id":"https:\/\/repliquemangacine.fr\/non-classe\/couteau-automatique-otf-noir\/#breadcrumb","itemListElement":[{"@type":"ListItem","position":1,"name":"Accueil","item":"https:\/\/repliquemangacine.fr\/"},{"@type":"ListItem","position":2,"name":"Produits","item":"https:\/\/repliquemangacine.fr\/boutique\/"},{"@type":"ListItem","position":3,"name":"Couteau Automatique OTF Noir"}]},{"@type":"WebSite","@id":"https:\/\/repliquemangacine.fr\/#website","url":"https:\/\/repliquemangacine.fr\/","name":"R\u00e9plique Manga Cin\u00e9","description":"","publisher":{"@id":"https:\/\/repliquemangacine.fr\/#organization"},"potentialAction":[{"@type":"SearchAction","target":{"@type":"EntryPoint","urlTemplate":"https:\/\/repliquemangacine.fr\/?s={search_term_string}"},"query-input":{"@type":"PropertyValueSpecification","valueRequired":true,"valueName":"search_term_string"}}],"inLanguage":"de"},{"@type":"Organization","@id":"https:\/\/repliquemangacine.fr\/#organization","name":"R\u00e9plique Manga Cin\u00e9","url":"https:\/\/repliquemangacine.fr\/","logo":{"@type":"ImageObject","inLanguage":"de","@id":"https:\/\/repliquemangacine.fr\/#\/schema\/logo\/image\/","url":"https:\/\/repliquemangacine.fr\/wp-content\/uploads\/2023\/10\/RMC-500250.png","contentUrl":"https:\/\/repliquemangacine.fr\/wp-content\/uploads\/2023\/10\/RMC-500250.png","width":500,"height":250,"caption":"R\u00e9plique Manga Cin\u00e9"},"image":{"@id":"https:\/\/repliquemangacine.fr\/#\/schema\/logo\/image\/"},"sameAs":["https:\/\/www.facebook.com\/RepliqueMangaCine","https:\/\/www.instagram.com\/repliquemangacine.fr\/"]}]}},"_links":{"self":[{"href":"https:\/\/repliquemangacine.fr\/de\/wp-json\/wp\/v2\/product\/86245","targetHints":{"allow":["GET"]}}],"collection":[{"href":"https:\/\/repliquemangacine.fr\/de\/wp-json\/wp\/v2\/product"}],"about":[{"href":"https:\/\/repliquemangacine.fr\/de\/wp-json\/wp\/v2\/types\/product"}],"wp:featuredmedia":[{"embeddable":true,"href":"https:\/\/repliquemangacine.fr\/de\/wp-json\/wp\/v2\/media\/86247"}],"wp:attachment":[{"href":"https:\/\/repliquemangacine.fr\/de\/wp-json\/wp\/v2\/media?parent=86245"}],"wp:term":[{"taxonomy":"product_brand","embeddable":true,"href":"https:\/\/repliquemangacine.fr\/de\/wp-json\/wp\/v2\/product_brand?post=86245"},{"taxonomy":"product_cat","embeddable":true,"href":"https:\/\/repliquemangacine.fr\/de\/wp-json\/wp\/v2\/product_cat?post=86245"},{"taxonomy":"product_tag","embeddable":true,"href":"https:\/\/repliquemangacine.fr\/de\/wp-json\/wp\/v2\/product_tag?post=86245"}],"curies":[{"name":"wp","href":"https:\/\/api.w.org\/{rel}","templated":true}]}}