





{"id":86190,"date":"2025-07-09T12:46:28","date_gmt":"2025-07-09T10:46:28","guid":{"rendered":"https:\/\/repliquemangacine.fr\/?post_type=product&#038;p=86190"},"modified":"2025-11-13T00:12:05","modified_gmt":"2025-11-12T23:12:05","slug":"schwarzes-klappmesser-mit-offnungshilfe","status":"publish","type":"product","link":"https:\/\/repliquemangacine.fr\/de\/coutellerie\/couteau-noir-pliant-a-ouverture-assistee\/","title":{"rendered":"Schwarzes Messer mit \u00d6ffnungshilfe"},"content":{"rendered":"<h2>Schwarzes Klappmesser mit \u00d6ffnungshilfe: ein pr\u00e4zises und stilvolles Sammlerst\u00fcck<\/h2>\n<p>Betrachten wir zun\u00e4chst dieses schwarze Klappmesser, das durch seine matte Oberfl\u00e4che, sein gepflegtes Design und seine extrem leichtg\u00e4ngige \u00d6ffnungshilfe sofort \u00fcberzeugt.<br \/>\nErstens, seine Klinge aus <a href=\"https:\/\/fr.china-stainless-steels.com\/stainless-steel-plate\/stainless-steel-alloy-440.html\" target=\"_blank\" rel=\"noopener noreferrer\">rostfreier Stahl stainless 440<\/a> bietet eine hervorragende Balance zwischen Robustheit, Leichtigkeit und Eleganz f\u00fcr Liebhaber sch\u00f6ner St\u00fccke.<br \/>\nZweitens sorgt der ergonomisch geformte Griff mit Struktur f\u00fcr einen stabilen und bequemen Halt bei jeder Handhabung oder jedem \u00d6ffnen.<br \/>\nSchlie\u00dflich erm\u00f6glicht sein integrierter Clip eine praktische und sichere Aufbewahrung, die sowohl f\u00fcr Sammler als auch f\u00fcr Outdoor-Fans geeignet ist.<br \/>\nDas rote Detail am Scharnier veredelt das Gesamtbild und verleiht ihm einen sehr zeitgem\u00e4\u00dfen technischen Touch.<br \/>\nDieses Messer ist perfekt f\u00fcr Liebhaber von Klappmessern, Fans von Mechanik oder Wanderfreunde.<br \/>\nEs handelt sich um ein ebenso n\u00fctzliches wie \u00e4sthetisches St\u00fcck, das in keiner Sammlung technischer oder stilvoller Objekte fehlen sollte.<\/p>\n<h2>Ein au\u00dfergew\u00f6hnliches Klappmesser mit k\u00fchnem und funktionalem Design<\/h2>\n<p>Dieses Klappmesser zeichnet sich durch seine \u00d6ffnungshilfe aus, einen leichtg\u00e4ngigen Mechanismus, der jede Bewegung schnell und bequem erleichtert.<br \/>\nSein gepflegtes, komplett schwarzes Design verleiht ihm ein modernes Aussehen, das durch rote Schrauben in hochwertiger Ausf\u00fchrung noch verst\u00e4rkt wird.<br \/>\nIm Gegensatz zu herk\u00f6mmlichen Messern vereint dieses Messer Technik und \u00c4sthetik in einem Format, das f\u00fcr anspruchsvolle Liebhaber entwickelt wurde.<br \/>\nKompakt, handlich und gut durchdacht, findet es seinen Platz in einer Sammlung von Klappmessern oder Wanderausr\u00fcstung.<br \/>\nAuf Langlebigkeit ausgelegt, wird es zu einem robusten und unauff\u00e4lligen Begleiter f\u00fcr alle, die hochwertige Werkzeuge sch\u00e4tzen.<br \/>\nDieses Messer ist weit mehr als nur ein Accessoire: Es ist ein technisches Meisterwerk f\u00fcr Liebhaber von Pr\u00e4zision und Design.<\/p>\n<h2>Entdecken Sie alle unsere kultigen Repliken auf Repliquemangacine<\/h2>\n<p>Bei <strong>Replikmangacin<\/strong>, Unsere Mission ist es, originalgetreue Repliken anzubieten, die von den gr\u00f6\u00dften Film-, Manga- und Videospiel-Sagas inspiriert sind.<br \/>\nNeben diesem Klappmesser mit \u00d6ffnungshilfe finden Sie auch leuchtende Katanas aus One Piece, Demon Slayer oder Bleach.<br \/>\nAu\u00dferdem umfasst unsere Kollektion auch die Schwerter von Zelda, <a href=\"https:\/\/repliquemangacine.fr\/de\/schwert-the-witcher\/\" target=\"_blank\" rel=\"noopener noreferrer\">The Witcher<\/a>, oder auch das legend\u00e4re Schwert aus Gladiator.<br \/>\nDar\u00fcber hinaus bieten wir auch Wurfmesser, Ninja-Sets, Fantasy-Dolche und andere einzigartige Sammlerst\u00fccke an.<br \/>\nUnd schlie\u00dflich finden Geschichtsinteressierte hier Nachbildungen von\u2019<a href=\"https:\/\/repliquemangacine.fr\/de\/schwert-the-witcher\/\" target=\"_blank\" rel=\"noopener noreferrer\">mittelalterliche Waffen<\/a>, Schilde, Piratens\u00e4bel oder authentisch nachgebaute antike Helme.<br \/>\nErg\u00e4nzend dazu bieten wir Figuren, Sammler-Schl\u00fcsselanh\u00e4nger und Fanartikel f\u00fcr Geeks an, um jede Leidenschaft zu bereichern.<br \/>\nZusammenfassend l\u00e4sst sich sagen, dass, <strong>Repliquemangacin,<\/strong> ist der unumg\u00e4ngliche Shop f\u00fcr alle Fans von Popkultur, Manga, Fantasy und epischen Welten.<\/p>\n<p><strong>\u26a0\ufe0f Verkauf an Minderj\u00e4hrige verboten. Nach der Bestellung kann eine Identit\u00e4tspr\u00fcfung verlangt werden, um die Vollj\u00e4hrigkeit des K\u00e4ufers zu best\u00e4tigen.<\/strong><\/p>","protected":false},"excerpt":{"rendered":"<p>Tactical Klappmesser Schwarz - Urbanes Design &amp; Rotes Detail<\/p>\n<p><strong>Eigenschaften :<\/strong><\/p>\n<ul>\n<li>Schwarze Klinge aus rostfreiem Stahl Stainless 440, mattes Finish<\/li>\n<li>Rutschfester, texturierter Griff f\u00fcr einen festen, sicheren Halt<\/li>\n<li>Schnelles unterst\u00fctztes \u00d6ffnen \u00fcber Flipper<\/li>\n<li>Integrierter G\u00fcrtelclip f\u00fcr diskretes und praktisches Tragen<\/li>\n<li>Rotes Detail am Scharnier f\u00fcr einen einzigartigen Stil<\/li>\n<li>Geschlossene L\u00e4nge: 12 cm<\/li>\n<li>L\u00e4nge offen: 22 cm<\/li>\n<li>Gewicht: 148 Gramm<\/li>\n<\/ul>","protected":false},"featured_media":86196,"template":"","meta":[],"product_brand":[],"product_cat":[891,884],"product_tag":[],"class_list":{"0":"post-86190","1":"product","2":"type-product","3":"status-publish","4":"has-post-thumbnail","6":"product_cat-couteaux-automatiques","7":"product_cat-coutellerie","9":"first","10":"instock","11":"taxable","12":"shipping-taxable","13":"purchasable","14":"product-type-simple"},"yoast_head":"<!-- This site is optimized with the Yoast SEO plugin v27.5 - https:\/\/yoast.com\/product\/yoast-seo-wordpress\/ -->\n<title>Couteau noir \u00e0 ouverture assist\u00e9e - R\u00e9plique Manga Cin\u00e9<\/title>\n<meta name=\"description\" content=\"D\u00e9couvrez ce couteau noir pliant \u00e0 ouverture assist\u00e9e, design tactique et finition soign\u00e9e. Disponible sur Repliquemangacine ! N&#039;h\u00e9sitez plus\" \/>\n<meta name=\"robots\" content=\"index, follow, max-snippet:-1, max-image-preview:large, max-video-preview:-1\" \/>\n<link rel=\"canonical\" href=\"https:\/\/repliquemangacine.fr\/de\/besteck\/schwarzes-klappmesser-mit-offnungshilfe\/\" \/>\n<meta property=\"og:locale\" content=\"de_DE\" \/>\n<meta property=\"og:type\" content=\"article\" \/>\n<meta property=\"og:title\" content=\"Couteau noir \u00e0 ouverture assist\u00e9e - R\u00e9plique Manga Cin\u00e9\" \/>\n<meta property=\"og:description\" content=\"D\u00e9couvrez ce couteau noir pliant \u00e0 ouverture assist\u00e9e, design tactique et finition soign\u00e9e. Disponible sur Repliquemangacine ! N&#039;h\u00e9sitez plus\" \/>\n<meta property=\"og:url\" content=\"https:\/\/repliquemangacine.fr\/de\/besteck\/schwarzes-klappmesser-mit-offnungshilfe\/\" \/>\n<meta property=\"og:site_name\" content=\"R\u00e9plique Manga Cin\u00e9\" \/>\n<meta property=\"article:publisher\" content=\"https:\/\/www.facebook.com\/RepliqueMangaCine\" \/>\n<meta property=\"article:modified_time\" content=\"2025-11-12T23:12:05+00:00\" \/>\n<meta property=\"og:image\" content=\"https:\/\/repliquemangacine.fr\/wp-content\/uploads\/2025\/07\/couteau-strie-noir.jpg\" \/>\n\t<meta property=\"og:image:width\" content=\"700\" \/>\n\t<meta property=\"og:image:height\" content=\"700\" \/>\n\t<meta property=\"og:image:type\" content=\"image\/jpeg\" \/>\n<meta name=\"twitter:card\" content=\"summary_large_image\" \/>\n<meta name=\"twitter:label1\" content=\"Gesch\u00e4tzte Lesezeit\" \/>\n\t<meta name=\"twitter:data1\" content=\"3\u00a0Minuten\" \/>\n<script type=\"application\/ld+json\" class=\"yoast-schema-graph\">{\"@context\":\"https:\\\/\\\/schema.org\",\"@graph\":[{\"@type\":\"WebPage\",\"@id\":\"https:\\\/\\\/repliquemangacine.fr\\\/coutellerie\\\/couteau-noir-pliant-a-ouverture-assistee\\\/\",\"url\":\"https:\\\/\\\/repliquemangacine.fr\\\/coutellerie\\\/couteau-noir-pliant-a-ouverture-assistee\\\/\",\"name\":\"Couteau noir \u00e0 ouverture assist\u00e9e - R\u00e9plique Manga Cin\u00e9\",\"isPartOf\":{\"@id\":\"https:\\\/\\\/repliquemangacine.fr\\\/#website\"},\"primaryImageOfPage\":{\"@id\":\"https:\\\/\\\/repliquemangacine.fr\\\/coutellerie\\\/couteau-noir-pliant-a-ouverture-assistee\\\/#primaryimage\"},\"image\":{\"@id\":\"https:\\\/\\\/repliquemangacine.fr\\\/coutellerie\\\/couteau-noir-pliant-a-ouverture-assistee\\\/#primaryimage\"},\"thumbnailUrl\":\"https:\\\/\\\/repliquemangacine.fr\\\/wp-content\\\/uploads\\\/2025\\\/07\\\/couteau-strie-noir.jpg\",\"datePublished\":\"2025-07-09T10:46:28+00:00\",\"dateModified\":\"2025-11-12T23:12:05+00:00\",\"description\":\"D\u00e9couvrez ce couteau noir pliant \u00e0 ouverture assist\u00e9e, design tactique et finition soign\u00e9e. Disponible sur Repliquemangacine ! N'h\u00e9sitez plus\",\"breadcrumb\":{\"@id\":\"https:\\\/\\\/repliquemangacine.fr\\\/coutellerie\\\/couteau-noir-pliant-a-ouverture-assistee\\\/#breadcrumb\"},\"inLanguage\":\"de\",\"potentialAction\":[{\"@type\":\"ReadAction\",\"target\":[\"https:\\\/\\\/repliquemangacine.fr\\\/coutellerie\\\/couteau-noir-pliant-a-ouverture-assistee\\\/\"]}]},{\"@type\":\"ImageObject\",\"inLanguage\":\"de\",\"@id\":\"https:\\\/\\\/repliquemangacine.fr\\\/coutellerie\\\/couteau-noir-pliant-a-ouverture-assistee\\\/#primaryimage\",\"url\":\"https:\\\/\\\/repliquemangacine.fr\\\/wp-content\\\/uploads\\\/2025\\\/07\\\/couteau-strie-noir.jpg\",\"contentUrl\":\"https:\\\/\\\/repliquemangacine.fr\\\/wp-content\\\/uploads\\\/2025\\\/07\\\/couteau-strie-noir.jpg\",\"width\":700,\"height\":700,\"caption\":\"couteau-stri\u00e9-noir\"},{\"@type\":\"BreadcrumbList\",\"@id\":\"https:\\\/\\\/repliquemangacine.fr\\\/coutellerie\\\/couteau-noir-pliant-a-ouverture-assistee\\\/#breadcrumb\",\"itemListElement\":[{\"@type\":\"ListItem\",\"position\":1,\"name\":\"Accueil\",\"item\":\"https:\\\/\\\/repliquemangacine.fr\\\/\"},{\"@type\":\"ListItem\",\"position\":2,\"name\":\"Produits\",\"item\":\"https:\\\/\\\/repliquemangacine.fr\\\/boutique\\\/\"},{\"@type\":\"ListItem\",\"position\":3,\"name\":\"Couteau noir \u00e0 ouverture assist\u00e9e\"}]},{\"@type\":\"WebSite\",\"@id\":\"https:\\\/\\\/repliquemangacine.fr\\\/#website\",\"url\":\"https:\\\/\\\/repliquemangacine.fr\\\/\",\"name\":\"R\u00e9plique Manga Cin\u00e9\",\"description\":\"\",\"publisher\":{\"@id\":\"https:\\\/\\\/repliquemangacine.fr\\\/#organization\"},\"potentialAction\":[{\"@type\":\"SearchAction\",\"target\":{\"@type\":\"EntryPoint\",\"urlTemplate\":\"https:\\\/\\\/repliquemangacine.fr\\\/?s={search_term_string}\"},\"query-input\":{\"@type\":\"PropertyValueSpecification\",\"valueRequired\":true,\"valueName\":\"search_term_string\"}}],\"inLanguage\":\"de\"},{\"@type\":\"Organization\",\"@id\":\"https:\\\/\\\/repliquemangacine.fr\\\/#organization\",\"name\":\"R\u00e9plique Manga Cin\u00e9\",\"url\":\"https:\\\/\\\/repliquemangacine.fr\\\/\",\"logo\":{\"@type\":\"ImageObject\",\"inLanguage\":\"de\",\"@id\":\"https:\\\/\\\/repliquemangacine.fr\\\/#\\\/schema\\\/logo\\\/image\\\/\",\"url\":\"https:\\\/\\\/repliquemangacine.fr\\\/wp-content\\\/uploads\\\/2023\\\/10\\\/RMC-500250.png\",\"contentUrl\":\"https:\\\/\\\/repliquemangacine.fr\\\/wp-content\\\/uploads\\\/2023\\\/10\\\/RMC-500250.png\",\"width\":500,\"height\":250,\"caption\":\"R\u00e9plique Manga Cin\u00e9\"},\"image\":{\"@id\":\"https:\\\/\\\/repliquemangacine.fr\\\/#\\\/schema\\\/logo\\\/image\\\/\"},\"sameAs\":[\"https:\\\/\\\/www.facebook.com\\\/RepliqueMangaCine\",\"https:\\\/\\\/www.instagram.com\\\/repliquemangacine.fr\\\/\"]}]}<\/script>\n<!-- \/ Yoast SEO plugin. -->","yoast_head_json":{"title":"Schwarzes Messer mit \u00d6ffnungshilfe - R\u00e9plique Manga Cin\u00e9","description":"Entdecken Sie dieses schwarze Klappmesser mit \u00d6ffnungshilfe, taktischem Design und sorgf\u00e4ltiger Verarbeitung. Erh\u00e4ltlich auf Repliquemangacine! Z\u00f6gern Sie nicht mehr","robots":{"index":"index","follow":"follow","max-snippet":"max-snippet:-1","max-image-preview":"max-image-preview:large","max-video-preview":"max-video-preview:-1"},"canonical":"https:\/\/repliquemangacine.fr\/de\/besteck\/schwarzes-klappmesser-mit-offnungshilfe\/","og_locale":"de_DE","og_type":"article","og_title":"Couteau noir \u00e0 ouverture assist\u00e9e - R\u00e9plique Manga Cin\u00e9","og_description":"D\u00e9couvrez ce couteau noir pliant \u00e0 ouverture assist\u00e9e, design tactique et finition soign\u00e9e. Disponible sur Repliquemangacine ! N'h\u00e9sitez plus","og_url":"https:\/\/repliquemangacine.fr\/de\/besteck\/schwarzes-klappmesser-mit-offnungshilfe\/","og_site_name":"R\u00e9plique Manga Cin\u00e9","article_publisher":"https:\/\/www.facebook.com\/RepliqueMangaCine","article_modified_time":"2025-11-12T23:12:05+00:00","og_image":[{"width":700,"height":700,"url":"https:\/\/repliquemangacine.fr\/wp-content\/uploads\/2025\/07\/couteau-strie-noir.jpg","type":"image\/jpeg"}],"twitter_card":"summary_large_image","twitter_misc":{"Gesch\u00e4tzte Lesezeit":"3\u00a0Minuten"},"schema":{"@context":"https:\/\/schema.org","@graph":[{"@type":"WebPage","@id":"https:\/\/repliquemangacine.fr\/coutellerie\/couteau-noir-pliant-a-ouverture-assistee\/","url":"https:\/\/repliquemangacine.fr\/coutellerie\/couteau-noir-pliant-a-ouverture-assistee\/","name":"Schwarzes Messer mit \u00d6ffnungshilfe - R\u00e9plique Manga Cin\u00e9","isPartOf":{"@id":"https:\/\/repliquemangacine.fr\/#website"},"primaryImageOfPage":{"@id":"https:\/\/repliquemangacine.fr\/coutellerie\/couteau-noir-pliant-a-ouverture-assistee\/#primaryimage"},"image":{"@id":"https:\/\/repliquemangacine.fr\/coutellerie\/couteau-noir-pliant-a-ouverture-assistee\/#primaryimage"},"thumbnailUrl":"https:\/\/repliquemangacine.fr\/wp-content\/uploads\/2025\/07\/couteau-strie-noir.jpg","datePublished":"2025-07-09T10:46:28+00:00","dateModified":"2025-11-12T23:12:05+00:00","description":"Entdecken Sie dieses schwarze Klappmesser mit \u00d6ffnungshilfe, taktischem Design und sorgf\u00e4ltiger Verarbeitung. Erh\u00e4ltlich auf Repliquemangacine! Z\u00f6gern Sie nicht mehr","breadcrumb":{"@id":"https:\/\/repliquemangacine.fr\/coutellerie\/couteau-noir-pliant-a-ouverture-assistee\/#breadcrumb"},"inLanguage":"de","potentialAction":[{"@type":"ReadAction","target":["https:\/\/repliquemangacine.fr\/coutellerie\/couteau-noir-pliant-a-ouverture-assistee\/"]}]},{"@type":"ImageObject","inLanguage":"de","@id":"https:\/\/repliquemangacine.fr\/coutellerie\/couteau-noir-pliant-a-ouverture-assistee\/#primaryimage","url":"https:\/\/repliquemangacine.fr\/wp-content\/uploads\/2025\/07\/couteau-strie-noir.jpg","contentUrl":"https:\/\/repliquemangacine.fr\/wp-content\/uploads\/2025\/07\/couteau-strie-noir.jpg","width":700,"height":700,"caption":"couteau-stri\u00e9-noir"},{"@type":"BreadcrumbList","@id":"https:\/\/repliquemangacine.fr\/coutellerie\/couteau-noir-pliant-a-ouverture-assistee\/#breadcrumb","itemListElement":[{"@type":"ListItem","position":1,"name":"Accueil","item":"https:\/\/repliquemangacine.fr\/"},{"@type":"ListItem","position":2,"name":"Produits","item":"https:\/\/repliquemangacine.fr\/boutique\/"},{"@type":"ListItem","position":3,"name":"Couteau noir \u00e0 ouverture assist\u00e9e"}]},{"@type":"WebSite","@id":"https:\/\/repliquemangacine.fr\/#website","url":"https:\/\/repliquemangacine.fr\/","name":"R\u00e9plique Manga Cin\u00e9","description":"","publisher":{"@id":"https:\/\/repliquemangacine.fr\/#organization"},"potentialAction":[{"@type":"SearchAction","target":{"@type":"EntryPoint","urlTemplate":"https:\/\/repliquemangacine.fr\/?s={search_term_string}"},"query-input":{"@type":"PropertyValueSpecification","valueRequired":true,"valueName":"search_term_string"}}],"inLanguage":"de"},{"@type":"Organization","@id":"https:\/\/repliquemangacine.fr\/#organization","name":"R\u00e9plique Manga Cin\u00e9","url":"https:\/\/repliquemangacine.fr\/","logo":{"@type":"ImageObject","inLanguage":"de","@id":"https:\/\/repliquemangacine.fr\/#\/schema\/logo\/image\/","url":"https:\/\/repliquemangacine.fr\/wp-content\/uploads\/2023\/10\/RMC-500250.png","contentUrl":"https:\/\/repliquemangacine.fr\/wp-content\/uploads\/2023\/10\/RMC-500250.png","width":500,"height":250,"caption":"R\u00e9plique Manga Cin\u00e9"},"image":{"@id":"https:\/\/repliquemangacine.fr\/#\/schema\/logo\/image\/"},"sameAs":["https:\/\/www.facebook.com\/RepliqueMangaCine","https:\/\/www.instagram.com\/repliquemangacine.fr\/"]}]}},"_links":{"self":[{"href":"https:\/\/repliquemangacine.fr\/de\/wp-json\/wp\/v2\/product\/86190","targetHints":{"allow":["GET"]}}],"collection":[{"href":"https:\/\/repliquemangacine.fr\/de\/wp-json\/wp\/v2\/product"}],"about":[{"href":"https:\/\/repliquemangacine.fr\/de\/wp-json\/wp\/v2\/types\/product"}],"wp:featuredmedia":[{"embeddable":true,"href":"https:\/\/repliquemangacine.fr\/de\/wp-json\/wp\/v2\/media\/86196"}],"wp:attachment":[{"href":"https:\/\/repliquemangacine.fr\/de\/wp-json\/wp\/v2\/media?parent=86190"}],"wp:term":[{"taxonomy":"product_brand","embeddable":true,"href":"https:\/\/repliquemangacine.fr\/de\/wp-json\/wp\/v2\/product_brand?post=86190"},{"taxonomy":"product_cat","embeddable":true,"href":"https:\/\/repliquemangacine.fr\/de\/wp-json\/wp\/v2\/product_cat?post=86190"},{"taxonomy":"product_tag","embeddable":true,"href":"https:\/\/repliquemangacine.fr\/de\/wp-json\/wp\/v2\/product_tag?post=86190"}],"curies":[{"name":"wp","href":"https:\/\/api.w.org\/{rel}","templated":true}]}}