





{"id":86155,"date":"2025-07-08T14:13:43","date_gmt":"2025-07-08T12:13:43","guid":{"rendered":"https:\/\/repliquemangacine.fr\/?post_type=product&#038;p=86155"},"modified":"2025-12-11T15:49:13","modified_gmt":"2025-12-11T14:49:13","slug":"springmesser-drache","status":"publish","type":"product","link":"https:\/\/repliquemangacine.fr\/de\/coutellerie\/couteau-spring-dragon\/","title":{"rendered":"Drachenspringmesser"},"content":{"rendered":"<h2>Dragon Springmesser - Kompakt, stark und einsatzbereit<\/h2>\n<p>Betrachten wir zun\u00e4chst dieses taktische Spring-Dragon-Messer, das vollst\u00e4ndig aus Stahl gefertigt ist, ge\u00f6ffnet eine L\u00e4nge von 20 cm und geschlossen eine L\u00e4nge von 12 cm misst und insgesamt nur 174 Gramm wiegt.<br \/>\nErstens, die gezackte Klinge <a href=\"https:\/\/fr.china-stainless-steels.com\/stainless-steel-plate\/stainless-steel-alloy-440.html\">stainless 440<\/a>, mit Lochkehle. Die halbautomatische \u00d6ffnung erm\u00f6glicht einen schnellen, zuverl\u00e4ssigen Auswurf mit einem reibungslosen Mechanismus.<br \/>\nZweitens sorgt der ergonomische Griff f\u00fcr einen hervorragenden Halt, und auf dem Griff ist ein blauer Drache als Relief verziert.<br \/>\nMit einem diskreten G\u00fcrtelclip ausgestattet, l\u00e4sst es sich leicht transportieren, sei es beim Wandern, beim Airsoft oder beim realistischen Cosplay.<br \/>\nAm Ende des Stiels finden Sie schlie\u00dflich einen Glasbrecher und einen Seilschneider.<br \/>\nEine ideale Wahl f\u00fcr Liebhaber taktischer Ausr\u00fcstung oder Messersammler.<\/p>\n<h2>Ein Messer mit Charakter, zwischen Stil, Effizienz und intelligentem Mechanismus<\/h2>\n<p>Dieses Springmesser l\u00e4sst sich halbautomatisch \u00f6ffnen und ist somit ideal, um schnell zu handeln und gleichzeitig die volle Kontrolle zu behalten.<br \/>\nIm Gegensatz zu herk\u00f6mmlichen Messern vereint es dank seines robusten und langlebigen Unterst\u00fctzungssystems Geschwindigkeit, Pr\u00e4zision und Sicherheit.<br \/>\nMit seiner sorgf\u00e4ltigen Verarbeitung f\u00e4llt er sofort ins Auge, egal ob im Schaufenster oder am G\u00fcrtel.<br \/>\nSeine gezackte Klinge mit blauem Flammenrelief sowie seine Kehle mit Loch.<br \/>\nDer diskrete G\u00fcrtelclip erm\u00f6glicht ein unkompliziertes Tragen im Alltag und gew\u00e4hrleistet gleichzeitig sofortige Verf\u00fcgbarkeit.<br \/>\nDieses Messer eignet sich sowohl f\u00fcr passionierte Sammler als auch f\u00fcr Cosplay- oder Airsoft-Fans.<br \/>\nKurz gesagt: Er ist bereit, Ihnen \u00fcberallhin zu folgen, mit Pr\u00e4senz und Effizienz.<\/p>\n<h2>Finden Sie dieses Messer und viele andere auf repliquemangacine.fr<\/h2>\n<p>Auf <strong>R\u00e9plique Manga Cin\u00e9<\/strong>, Hier finden Sie weit mehr als nur dieses Messer: eine ganze Welt voller Repliken, die von Ihren Lieblingslizenzen inspiriert sind.<br \/>\nWir bieten Katanas aus One Piece an., <a href=\"https:\/\/repliquemangacine.fr\/de\/katana-demon-slayer\/\">Demon Slayer<\/a>, Naruto, Bleach, Sword Art Online, Zelda und viele andere mehr.<br \/>\nUnsere Kunden lieben auch unsere Schwerter, S\u00e4bel, historischen Waffen, Piratenfiguren oder unsere Western-Colts und Winchesters.<br \/>\nJedes Produkt wird sorgf\u00e4ltig ausgew\u00e4hlt, aufgrund seines originalgetreuen Designs, seiner hochwertigen Verarbeitung und seiner garantierten optischen Wirkung.<br \/>\nWir haben auch eine gro\u00dfe Auswahl an Goodies, Schl\u00fcsselanh\u00e4ngern, Figuren und Sammlerst\u00fccken aus Kultfilmen, -serien und -spielen.<br \/>\nDarunter finden sich Harry Potter, The Witcher, Assassin\u2019s Creed, Game of Thrones und viele mehr. <a href=\"https:\/\/repliquemangacine.fr\/de\/waffen-the-walking-dead\/\">The Walking Dead<\/a>.<br \/>\nJede Neuheit wird mit Leidenschaft hinzugef\u00fcgt, um Fans und Liebhaber au\u00dfergew\u00f6hnlicher Objekte zufrieden zu stellen.<br \/>\nWerden Sie Teil der Community von Enthusiasten auf repliquemangacine.fr und tauchen Sie ein in die ultimative Welt der Repliken!<\/p>\n<p><strong>\u26a0\ufe0f Verkauf an Minderj\u00e4hrige verboten. Nach der Bestellung kann eine Identit\u00e4tspr\u00fcfung verlangt werden, um die Vollj\u00e4hrigkeit des K\u00e4ufers zu best\u00e4tigen.<\/strong><\/p>","protected":false},"excerpt":{"rendered":"<p>Wundersch\u00f6nes Spring Dragon Messer<\/p>\n<ul>\n<li>Klinge aus stainless 440 Stahl<\/li>\n<li>K\u00f6rper aus Stahl<\/li>\n<li>L\u00e4nge insgesamt: 20 cm<\/li>\n<li>L\u00e4nge geschlossen: 12 cm<\/li>\n<li>Gewicht: 174 Gramm<\/li>\n<\/ul>","protected":false},"featured_media":86165,"template":"","meta":[],"product_brand":[],"product_cat":[886,884],"product_tag":[],"class_list":{"0":"post-86155","1":"product","2":"type-product","3":"status-publish","4":"has-post-thumbnail","6":"product_cat-couteaux-de-poche","7":"product_cat-coutellerie","9":"first","10":"instock","11":"taxable","12":"shipping-taxable","13":"purchasable","14":"product-type-simple"},"yoast_head":"<!-- This site is optimized with the Yoast SEO plugin v27.5 - https:\/\/yoast.com\/product\/yoast-seo-wordpress\/ -->\n<title>Couteau spring dragon - R\u00e9plique Manga Cin\u00e9<\/title>\n<meta name=\"description\" content=\"Couteau spring dragon \u2013 ouverture semi-auto, lame tanto noire, manche ergonomique, 20\u202fcm de puissance tactique. \u00c0 d\u00e9couvrir sur repliquemangacine.fr.\" \/>\n<meta name=\"robots\" content=\"index, follow, max-snippet:-1, max-image-preview:large, max-video-preview:-1\" \/>\n<link rel=\"canonical\" href=\"https:\/\/repliquemangacine.fr\/de\/besteck\/springmesser-drache\/\" \/>\n<meta property=\"og:locale\" content=\"de_DE\" \/>\n<meta property=\"og:type\" content=\"article\" \/>\n<meta property=\"og:title\" content=\"Couteau spring dragon - R\u00e9plique Manga Cin\u00e9\" \/>\n<meta property=\"og:description\" content=\"Couteau spring dragon \u2013 ouverture semi-auto, lame tanto noire, manche ergonomique, 20\u202fcm de puissance tactique. \u00c0 d\u00e9couvrir sur repliquemangacine.fr.\" \/>\n<meta property=\"og:url\" content=\"https:\/\/repliquemangacine.fr\/de\/besteck\/springmesser-drache\/\" \/>\n<meta property=\"og:site_name\" content=\"R\u00e9plique Manga Cin\u00e9\" \/>\n<meta property=\"article:publisher\" content=\"https:\/\/www.facebook.com\/RepliqueMangaCine\" \/>\n<meta property=\"article:modified_time\" content=\"2025-12-11T14:49:13+00:00\" \/>\n<meta property=\"og:image\" content=\"https:\/\/repliquemangacine.fr\/wp-content\/uploads\/2025\/07\/couteau-dragon.jpg\" \/>\n\t<meta property=\"og:image:width\" content=\"700\" \/>\n\t<meta property=\"og:image:height\" content=\"700\" \/>\n\t<meta property=\"og:image:type\" content=\"image\/jpeg\" \/>\n<meta name=\"twitter:card\" content=\"summary_large_image\" \/>\n<meta name=\"twitter:label1\" content=\"Gesch\u00e4tzte Lesezeit\" \/>\n\t<meta name=\"twitter:data1\" content=\"3\u00a0Minuten\" \/>\n<script type=\"application\/ld+json\" class=\"yoast-schema-graph\">{\"@context\":\"https:\\\/\\\/schema.org\",\"@graph\":[{\"@type\":\"WebPage\",\"@id\":\"https:\\\/\\\/repliquemangacine.fr\\\/coutellerie\\\/couteau-spring-dragon\\\/\",\"url\":\"https:\\\/\\\/repliquemangacine.fr\\\/coutellerie\\\/couteau-spring-dragon\\\/\",\"name\":\"Couteau spring dragon - R\u00e9plique Manga Cin\u00e9\",\"isPartOf\":{\"@id\":\"https:\\\/\\\/repliquemangacine.fr\\\/#website\"},\"primaryImageOfPage\":{\"@id\":\"https:\\\/\\\/repliquemangacine.fr\\\/coutellerie\\\/couteau-spring-dragon\\\/#primaryimage\"},\"image\":{\"@id\":\"https:\\\/\\\/repliquemangacine.fr\\\/coutellerie\\\/couteau-spring-dragon\\\/#primaryimage\"},\"thumbnailUrl\":\"https:\\\/\\\/repliquemangacine.fr\\\/wp-content\\\/uploads\\\/2025\\\/07\\\/couteau-dragon.jpg\",\"datePublished\":\"2025-07-08T12:13:43+00:00\",\"dateModified\":\"2025-12-11T14:49:13+00:00\",\"description\":\"Couteau spring dragon \u2013 ouverture semi-auto, lame tanto noire, manche ergonomique, 20\u202fcm de puissance tactique. \u00c0 d\u00e9couvrir sur repliquemangacine.fr.\",\"breadcrumb\":{\"@id\":\"https:\\\/\\\/repliquemangacine.fr\\\/coutellerie\\\/couteau-spring-dragon\\\/#breadcrumb\"},\"inLanguage\":\"de\",\"potentialAction\":[{\"@type\":\"ReadAction\",\"target\":[\"https:\\\/\\\/repliquemangacine.fr\\\/coutellerie\\\/couteau-spring-dragon\\\/\"]}]},{\"@type\":\"ImageObject\",\"inLanguage\":\"de\",\"@id\":\"https:\\\/\\\/repliquemangacine.fr\\\/coutellerie\\\/couteau-spring-dragon\\\/#primaryimage\",\"url\":\"https:\\\/\\\/repliquemangacine.fr\\\/wp-content\\\/uploads\\\/2025\\\/07\\\/couteau-dragon.jpg\",\"contentUrl\":\"https:\\\/\\\/repliquemangacine.fr\\\/wp-content\\\/uploads\\\/2025\\\/07\\\/couteau-dragon.jpg\",\"width\":700,\"height\":700,\"caption\":\"Couteau spring dragon\"},{\"@type\":\"BreadcrumbList\",\"@id\":\"https:\\\/\\\/repliquemangacine.fr\\\/coutellerie\\\/couteau-spring-dragon\\\/#breadcrumb\",\"itemListElement\":[{\"@type\":\"ListItem\",\"position\":1,\"name\":\"Accueil\",\"item\":\"https:\\\/\\\/repliquemangacine.fr\\\/\"},{\"@type\":\"ListItem\",\"position\":2,\"name\":\"Produits\",\"item\":\"https:\\\/\\\/repliquemangacine.fr\\\/boutique\\\/\"},{\"@type\":\"ListItem\",\"position\":3,\"name\":\"Couteau spring dragon\"}]},{\"@type\":\"WebSite\",\"@id\":\"https:\\\/\\\/repliquemangacine.fr\\\/#website\",\"url\":\"https:\\\/\\\/repliquemangacine.fr\\\/\",\"name\":\"R\u00e9plique Manga Cin\u00e9\",\"description\":\"\",\"publisher\":{\"@id\":\"https:\\\/\\\/repliquemangacine.fr\\\/#organization\"},\"potentialAction\":[{\"@type\":\"SearchAction\",\"target\":{\"@type\":\"EntryPoint\",\"urlTemplate\":\"https:\\\/\\\/repliquemangacine.fr\\\/?s={search_term_string}\"},\"query-input\":{\"@type\":\"PropertyValueSpecification\",\"valueRequired\":true,\"valueName\":\"search_term_string\"}}],\"inLanguage\":\"de\"},{\"@type\":\"Organization\",\"@id\":\"https:\\\/\\\/repliquemangacine.fr\\\/#organization\",\"name\":\"R\u00e9plique Manga Cin\u00e9\",\"url\":\"https:\\\/\\\/repliquemangacine.fr\\\/\",\"logo\":{\"@type\":\"ImageObject\",\"inLanguage\":\"de\",\"@id\":\"https:\\\/\\\/repliquemangacine.fr\\\/#\\\/schema\\\/logo\\\/image\\\/\",\"url\":\"https:\\\/\\\/repliquemangacine.fr\\\/wp-content\\\/uploads\\\/2023\\\/10\\\/RMC-500250.png\",\"contentUrl\":\"https:\\\/\\\/repliquemangacine.fr\\\/wp-content\\\/uploads\\\/2023\\\/10\\\/RMC-500250.png\",\"width\":500,\"height\":250,\"caption\":\"R\u00e9plique Manga Cin\u00e9\"},\"image\":{\"@id\":\"https:\\\/\\\/repliquemangacine.fr\\\/#\\\/schema\\\/logo\\\/image\\\/\"},\"sameAs\":[\"https:\\\/\\\/www.facebook.com\\\/RepliqueMangaCine\",\"https:\\\/\\\/www.instagram.com\\\/repliquemangacine.fr\\\/\"]}]}<\/script>\n<!-- \/ Yoast SEO plugin. -->","yoast_head_json":{"title":"Drachen Springmesser - R\u00e9plique Manga Cin\u00e9","description":"Dragon Spring Knife - halbautomatische \u00d6ffnung, schwarze Tanto-Klinge, ergonomischer Griff, 20 cm taktische Kraft. Zu entdecken auf repliquemangacine.fr.","robots":{"index":"index","follow":"follow","max-snippet":"max-snippet:-1","max-image-preview":"max-image-preview:large","max-video-preview":"max-video-preview:-1"},"canonical":"https:\/\/repliquemangacine.fr\/de\/besteck\/springmesser-drache\/","og_locale":"de_DE","og_type":"article","og_title":"Couteau spring dragon - R\u00e9plique Manga Cin\u00e9","og_description":"Couteau spring dragon \u2013 ouverture semi-auto, lame tanto noire, manche ergonomique, 20\u202fcm de puissance tactique. \u00c0 d\u00e9couvrir sur repliquemangacine.fr.","og_url":"https:\/\/repliquemangacine.fr\/de\/besteck\/springmesser-drache\/","og_site_name":"R\u00e9plique Manga Cin\u00e9","article_publisher":"https:\/\/www.facebook.com\/RepliqueMangaCine","article_modified_time":"2025-12-11T14:49:13+00:00","og_image":[{"width":700,"height":700,"url":"https:\/\/repliquemangacine.fr\/wp-content\/uploads\/2025\/07\/couteau-dragon.jpg","type":"image\/jpeg"}],"twitter_card":"summary_large_image","twitter_misc":{"Gesch\u00e4tzte Lesezeit":"3\u00a0Minuten"},"schema":{"@context":"https:\/\/schema.org","@graph":[{"@type":"WebPage","@id":"https:\/\/repliquemangacine.fr\/coutellerie\/couteau-spring-dragon\/","url":"https:\/\/repliquemangacine.fr\/coutellerie\/couteau-spring-dragon\/","name":"Drachen Springmesser - R\u00e9plique Manga Cin\u00e9","isPartOf":{"@id":"https:\/\/repliquemangacine.fr\/#website"},"primaryImageOfPage":{"@id":"https:\/\/repliquemangacine.fr\/coutellerie\/couteau-spring-dragon\/#primaryimage"},"image":{"@id":"https:\/\/repliquemangacine.fr\/coutellerie\/couteau-spring-dragon\/#primaryimage"},"thumbnailUrl":"https:\/\/repliquemangacine.fr\/wp-content\/uploads\/2025\/07\/couteau-dragon.jpg","datePublished":"2025-07-08T12:13:43+00:00","dateModified":"2025-12-11T14:49:13+00:00","description":"Dragon Spring Knife - halbautomatische \u00d6ffnung, schwarze Tanto-Klinge, ergonomischer Griff, 20 cm taktische Kraft. Zu entdecken auf repliquemangacine.fr.","breadcrumb":{"@id":"https:\/\/repliquemangacine.fr\/coutellerie\/couteau-spring-dragon\/#breadcrumb"},"inLanguage":"de","potentialAction":[{"@type":"ReadAction","target":["https:\/\/repliquemangacine.fr\/coutellerie\/couteau-spring-dragon\/"]}]},{"@type":"ImageObject","inLanguage":"de","@id":"https:\/\/repliquemangacine.fr\/coutellerie\/couteau-spring-dragon\/#primaryimage","url":"https:\/\/repliquemangacine.fr\/wp-content\/uploads\/2025\/07\/couteau-dragon.jpg","contentUrl":"https:\/\/repliquemangacine.fr\/wp-content\/uploads\/2025\/07\/couteau-dragon.jpg","width":700,"height":700,"caption":"Couteau spring dragon"},{"@type":"BreadcrumbList","@id":"https:\/\/repliquemangacine.fr\/coutellerie\/couteau-spring-dragon\/#breadcrumb","itemListElement":[{"@type":"ListItem","position":1,"name":"Accueil","item":"https:\/\/repliquemangacine.fr\/"},{"@type":"ListItem","position":2,"name":"Produits","item":"https:\/\/repliquemangacine.fr\/boutique\/"},{"@type":"ListItem","position":3,"name":"Couteau spring dragon"}]},{"@type":"WebSite","@id":"https:\/\/repliquemangacine.fr\/#website","url":"https:\/\/repliquemangacine.fr\/","name":"R\u00e9plique Manga Cin\u00e9","description":"","publisher":{"@id":"https:\/\/repliquemangacine.fr\/#organization"},"potentialAction":[{"@type":"SearchAction","target":{"@type":"EntryPoint","urlTemplate":"https:\/\/repliquemangacine.fr\/?s={search_term_string}"},"query-input":{"@type":"PropertyValueSpecification","valueRequired":true,"valueName":"search_term_string"}}],"inLanguage":"de"},{"@type":"Organization","@id":"https:\/\/repliquemangacine.fr\/#organization","name":"R\u00e9plique Manga Cin\u00e9","url":"https:\/\/repliquemangacine.fr\/","logo":{"@type":"ImageObject","inLanguage":"de","@id":"https:\/\/repliquemangacine.fr\/#\/schema\/logo\/image\/","url":"https:\/\/repliquemangacine.fr\/wp-content\/uploads\/2023\/10\/RMC-500250.png","contentUrl":"https:\/\/repliquemangacine.fr\/wp-content\/uploads\/2023\/10\/RMC-500250.png","width":500,"height":250,"caption":"R\u00e9plique Manga Cin\u00e9"},"image":{"@id":"https:\/\/repliquemangacine.fr\/#\/schema\/logo\/image\/"},"sameAs":["https:\/\/www.facebook.com\/RepliqueMangaCine","https:\/\/www.instagram.com\/repliquemangacine.fr\/"]}]}},"_links":{"self":[{"href":"https:\/\/repliquemangacine.fr\/de\/wp-json\/wp\/v2\/product\/86155","targetHints":{"allow":["GET"]}}],"collection":[{"href":"https:\/\/repliquemangacine.fr\/de\/wp-json\/wp\/v2\/product"}],"about":[{"href":"https:\/\/repliquemangacine.fr\/de\/wp-json\/wp\/v2\/types\/product"}],"wp:featuredmedia":[{"embeddable":true,"href":"https:\/\/repliquemangacine.fr\/de\/wp-json\/wp\/v2\/media\/86165"}],"wp:attachment":[{"href":"https:\/\/repliquemangacine.fr\/de\/wp-json\/wp\/v2\/media?parent=86155"}],"wp:term":[{"taxonomy":"product_brand","embeddable":true,"href":"https:\/\/repliquemangacine.fr\/de\/wp-json\/wp\/v2\/product_brand?post=86155"},{"taxonomy":"product_cat","embeddable":true,"href":"https:\/\/repliquemangacine.fr\/de\/wp-json\/wp\/v2\/product_cat?post=86155"},{"taxonomy":"product_tag","embeddable":true,"href":"https:\/\/repliquemangacine.fr\/de\/wp-json\/wp\/v2\/product_tag?post=86155"}],"curies":[{"name":"wp","href":"https:\/\/api.w.org\/{rel}","templated":true}]}}