





{"id":86126,"date":"2025-07-08T11:10:00","date_gmt":"2025-07-08T09:10:00","guid":{"rendered":"https:\/\/repliquemangacine.fr\/?post_type=product&#038;p=86126"},"modified":"2025-11-13T00:15:38","modified_gmt":"2025-11-12T23:15:38","slug":"klappmesser-schwarz","status":"publish","type":"product","link":"https:\/\/repliquemangacine.fr\/de\/coutellerie\/couteau-pliant-noir\/","title":{"rendered":"Klappmesser schwarz"},"content":{"rendered":"<h2><strong>Klappmesser schwarz ein taktischer Look und makellose Verarbeitung<\/strong><\/h2>\n<p>Das schwarze Klappmesser F822 besticht durch sein modernes Design, das direkt vom Milit\u00e4r, dem urbanen Lebensraum und der zeitgen\u00f6ssischen Technologie inspiriert ist.<br \/>\nSeine schwarze Klinge <a href=\"https:\/\/fr.wikipedia.org\/wiki\/Drop-point\">Semi-Drop-Point<\/a> ist effizient, elegant und widerstandsf\u00e4hig, perfekt f\u00fcr pr\u00e4zise Schnitte im Alltag.<br \/>\nDer \u00d6ffnungsmechanismus mit Unterst\u00fctzung sorgt f\u00fcr eine fl\u00fcssige, schnelle und intuitive Bewegung, sodass die Aktion in Sekundenbruchteilen kontrolliert ausgef\u00fchrt werden kann.<br \/>\nSein strukturierter Griff schmiegt sich nat\u00fcrlich an die Handfl\u00e4che an, Griff aus ABS und Halt in allen Situationen.<br \/>\nMit dem unauff\u00e4lligen G\u00fcrtelclip haben Sie das Messer immer griffbereit, ohne dass es Sie beim Tragen oder bei Ihren Bewegungen st\u00f6rt.<br \/>\nAm \u00c4rmelende verleihen ein Glasbrecher und ein Gurtschneider dem Ganzen einen technischen und optisch markanten Touch.<\/p>\n<h2>Ein Klappmesser mit modernem Design, praktisch, stilvoll und einsatzbereit<\/h2>\n<p>Das schwarze Klappmesser f\u00e4llt sofort durch sein kantiges, aggressives und futuristisches Design auf, das einer taktischen Ausr\u00fcstung aus einem fiktionalen Universum w\u00fcrdig ist.<br class=\"yoast-text-mark\" \/>Seine schwarze Halb-Drop-Point-Klinge f\u00e4ngt das Licht mit einem auff\u00e4lligen Matteffekt ein, der seine optische Pr\u00e4senz schon beim \u00d6ffnen betont.<br class=\"yoast-text-mark\" \/>Erstens l\u00e4sst sich dieses zusammenklappbare Modell dank des Quick Assist-Systems mit einer flie\u00dfenden Bewegung \u00f6ffnen - perfekt f\u00fcr den einfachen und schnellen t\u00e4glichen Gebrauch.<br class=\"yoast-text-mark\" \/>Zweitens passt sich der strukturierte, rutschfeste Griff auf nat\u00fcrliche Weise der Handform an und sorgt so f\u00fcr eine bequeme Handhabung ohne st\u00f6rendes Abrutschen.<br class=\"yoast-text-mark\" \/>Schlie\u00dflich kann das Messer mit dem Trageclip unauff\u00e4llig an einem G\u00fcrtel, oder Ausr\u00fcstungsgurt befestigt werden.<br class=\"yoast-text-mark\" \/>Das Ensemble strahlt Solidit\u00e4t, aber auch Modernit\u00e4t aus, mit klaren Linien, die an die Werkzeuge bestimmter taktischer Videospiele erinnern.<br \/>\nZusammenfassend l\u00e4sst sich sagen, dass dies ein Muss f\u00fcr Fans von gut durchdachter Ausr\u00fcstung ist, die Funktionalit\u00e4t, \u00c4sthetik und Pers\u00f6nlichkeit miteinander verbinden m\u00f6chten.<\/p>\n<h2>Dutzende von Repliken auf Manga Cin\u00e9 Repliques zu entdecken<\/h2>\n<p>So auf unserer Seite <strong>Repliken Manga Cin\u00e9<\/strong>In dieser Kategorie finden Sie Gegenst\u00e4nde, die von den gr\u00f6\u00dften Lizenzen aus der Welt der Mangas, Filme und Videospiele inspiriert sind.<br class=\"yoast-text-mark\" \/>Wir bieten eine gro\u00dfe Auswahl an <a href=\"https:\/\/repliquemangacine.fr\/de\/katana-schwert\/\">Katanas<\/a> dekorativ, manchmal leuchtend, direkt inspiriert von One Piece, Demon Slayer oder Bleach.<br class=\"yoast-text-mark\" \/>Au\u00dferdem finden Sie hier originalgetreue Nachbildungen von Schwertern aus beliebten Videospielen wie Zelda, Genshin Impact oder The Witcher.<br \/>\nFantasy-Fans k\u00f6nnen unsere Kultschwerter aus dem <a href=\"https:\/\/repliquemangacine.fr\/de\/herr-der-ringe-schwerter\/\">Herr der Ringe<\/a> oder Game of Thrones.<br \/>\nWas historische Waffen angeht, umfasst unsere Sammlung r\u00f6mische Schwerter, Piratens\u00e4bel, mittelalterliche Schwerter und Waffen aus dem Zweiten Weltkrieg.<br \/>\nUnd schlie\u00dflich finden Westernfans Colts, Winchesters, Holster und typisches Zubeh\u00f6r aus der Zeit der Sheriffs.<\/p>\n<p><strong>\u26a0\ufe0f Verkauf an Minderj\u00e4hrige verboten. Nach der Bestellung kann eine Identit\u00e4tspr\u00fcfung verlangt werden, um die Vollj\u00e4hrigkeit des K\u00e4ufers zu best\u00e4tigen.<\/strong><\/p>","protected":false},"excerpt":{"rendered":"<p>Schwarzes Klappmesser F822 mit modernem taktischen Design, das von der Milit\u00e4r- und Stadtwelt inspiriert wurde.<\/p>\n<ul>\n<li>Schwarze Semi-Drop-Point-Klinge aus rostfreiem Stahl mit Flipper-Schnell\u00f6ffnung.<\/li>\n<li>Texturierter Griff f\u00fcr einen ausgezeichneten Halt, ultra stylisches Full Black Finish.<\/li>\n<li>Integrierter Glasbrecher am Ende + diskreter Gurtschneider f\u00fcr einen starken technischen Look.<\/li>\n<li>G\u00fcrtelclip f\u00fcr bequemes, unauff\u00e4lliges und schnelles Ziehen.<\/li>\n<li>L\u00e4nge offen: 21 cm - L\u00e4nge geschlossen: 12,5 cm - Gewicht: 112 g<\/li>\n<\/ul>","protected":false},"featured_media":86135,"template":"","meta":[],"product_brand":[],"product_cat":[891,886,892,884],"product_tag":[],"class_list":{"0":"post-86126","1":"product","2":"type-product","3":"status-publish","4":"has-post-thumbnail","6":"product_cat-couteaux-automatiques","7":"product_cat-couteaux-de-poche","8":"product_cat-couteaux-tactical","9":"product_cat-coutellerie","11":"first","12":"instock","13":"taxable","14":"shipping-taxable","15":"purchasable","16":"product-type-simple"},"yoast_head":"<!-- This site is optimized with the Yoast SEO plugin v27.5 - https:\/\/yoast.com\/product\/yoast-seo-wordpress\/ -->\n<title>Couteau pliant noir - R\u00e9plique Manga Cin\u00e9<\/title>\n<meta name=\"description\" content=\"Couteau pliant noir F822 au design tactique. Lame noire, clip ceinture, brise-vitre. Pratique, styl\u00e9 et pr\u00eat \u00e0 l\u2019action. Livraison rapide.\" \/>\n<meta name=\"robots\" content=\"index, follow, max-snippet:-1, max-image-preview:large, max-video-preview:-1\" \/>\n<link rel=\"canonical\" href=\"https:\/\/repliquemangacine.fr\/de\/besteck\/klappmesser-schwarz\/\" \/>\n<meta property=\"og:locale\" content=\"de_DE\" \/>\n<meta property=\"og:type\" content=\"article\" \/>\n<meta property=\"og:title\" content=\"Couteau pliant noir - R\u00e9plique Manga Cin\u00e9\" \/>\n<meta property=\"og:description\" content=\"Couteau pliant noir F822 au design tactique. Lame noire, clip ceinture, brise-vitre. Pratique, styl\u00e9 et pr\u00eat \u00e0 l\u2019action. Livraison rapide.\" \/>\n<meta property=\"og:url\" content=\"https:\/\/repliquemangacine.fr\/de\/besteck\/klappmesser-schwarz\/\" \/>\n<meta property=\"og:site_name\" content=\"R\u00e9plique Manga Cin\u00e9\" \/>\n<meta property=\"article:publisher\" content=\"https:\/\/www.facebook.com\/RepliqueMangaCine\" \/>\n<meta property=\"article:modified_time\" content=\"2025-11-12T23:15:38+00:00\" \/>\n<meta property=\"og:image\" content=\"https:\/\/repliquemangacine.fr\/wp-content\/uploads\/2025\/07\/Couteau-F822.jpg\" \/>\n\t<meta property=\"og:image:width\" content=\"700\" \/>\n\t<meta property=\"og:image:height\" content=\"700\" \/>\n\t<meta property=\"og:image:type\" content=\"image\/jpeg\" \/>\n<meta name=\"twitter:card\" content=\"summary_large_image\" \/>\n<meta name=\"twitter:label1\" content=\"Gesch\u00e4tzte Lesezeit\" \/>\n\t<meta name=\"twitter:data1\" content=\"3\u00a0Minuten\" \/>\n<script type=\"application\/ld+json\" class=\"yoast-schema-graph\">{\"@context\":\"https:\\\/\\\/schema.org\",\"@graph\":[{\"@type\":\"WebPage\",\"@id\":\"https:\\\/\\\/repliquemangacine.fr\\\/coutellerie\\\/couteau-pliant-noir\\\/\",\"url\":\"https:\\\/\\\/repliquemangacine.fr\\\/coutellerie\\\/couteau-pliant-noir\\\/\",\"name\":\"Couteau pliant noir - R\u00e9plique Manga Cin\u00e9\",\"isPartOf\":{\"@id\":\"https:\\\/\\\/repliquemangacine.fr\\\/#website\"},\"primaryImageOfPage\":{\"@id\":\"https:\\\/\\\/repliquemangacine.fr\\\/coutellerie\\\/couteau-pliant-noir\\\/#primaryimage\"},\"image\":{\"@id\":\"https:\\\/\\\/repliquemangacine.fr\\\/coutellerie\\\/couteau-pliant-noir\\\/#primaryimage\"},\"thumbnailUrl\":\"https:\\\/\\\/repliquemangacine.fr\\\/wp-content\\\/uploads\\\/2025\\\/07\\\/Couteau-F822.jpg\",\"datePublished\":\"2025-07-08T09:10:00+00:00\",\"dateModified\":\"2025-11-12T23:15:38+00:00\",\"description\":\"Couteau pliant noir F822 au design tactique. Lame noire, clip ceinture, brise-vitre. Pratique, styl\u00e9 et pr\u00eat \u00e0 l\u2019action. Livraison rapide.\",\"breadcrumb\":{\"@id\":\"https:\\\/\\\/repliquemangacine.fr\\\/coutellerie\\\/couteau-pliant-noir\\\/#breadcrumb\"},\"inLanguage\":\"de\",\"potentialAction\":[{\"@type\":\"ReadAction\",\"target\":[\"https:\\\/\\\/repliquemangacine.fr\\\/coutellerie\\\/couteau-pliant-noir\\\/\"]}]},{\"@type\":\"ImageObject\",\"inLanguage\":\"de\",\"@id\":\"https:\\\/\\\/repliquemangacine.fr\\\/coutellerie\\\/couteau-pliant-noir\\\/#primaryimage\",\"url\":\"https:\\\/\\\/repliquemangacine.fr\\\/wp-content\\\/uploads\\\/2025\\\/07\\\/Couteau-F822.jpg\",\"contentUrl\":\"https:\\\/\\\/repliquemangacine.fr\\\/wp-content\\\/uploads\\\/2025\\\/07\\\/Couteau-F822.jpg\",\"width\":700,\"height\":700,\"caption\":\"Couteau pliant noir\"},{\"@type\":\"BreadcrumbList\",\"@id\":\"https:\\\/\\\/repliquemangacine.fr\\\/coutellerie\\\/couteau-pliant-noir\\\/#breadcrumb\",\"itemListElement\":[{\"@type\":\"ListItem\",\"position\":1,\"name\":\"Accueil\",\"item\":\"https:\\\/\\\/repliquemangacine.fr\\\/\"},{\"@type\":\"ListItem\",\"position\":2,\"name\":\"Produits\",\"item\":\"https:\\\/\\\/repliquemangacine.fr\\\/boutique\\\/\"},{\"@type\":\"ListItem\",\"position\":3,\"name\":\"Couteau pliant noir\"}]},{\"@type\":\"WebSite\",\"@id\":\"https:\\\/\\\/repliquemangacine.fr\\\/#website\",\"url\":\"https:\\\/\\\/repliquemangacine.fr\\\/\",\"name\":\"R\u00e9plique Manga Cin\u00e9\",\"description\":\"\",\"publisher\":{\"@id\":\"https:\\\/\\\/repliquemangacine.fr\\\/#organization\"},\"potentialAction\":[{\"@type\":\"SearchAction\",\"target\":{\"@type\":\"EntryPoint\",\"urlTemplate\":\"https:\\\/\\\/repliquemangacine.fr\\\/?s={search_term_string}\"},\"query-input\":{\"@type\":\"PropertyValueSpecification\",\"valueRequired\":true,\"valueName\":\"search_term_string\"}}],\"inLanguage\":\"de\"},{\"@type\":\"Organization\",\"@id\":\"https:\\\/\\\/repliquemangacine.fr\\\/#organization\",\"name\":\"R\u00e9plique Manga Cin\u00e9\",\"url\":\"https:\\\/\\\/repliquemangacine.fr\\\/\",\"logo\":{\"@type\":\"ImageObject\",\"inLanguage\":\"de\",\"@id\":\"https:\\\/\\\/repliquemangacine.fr\\\/#\\\/schema\\\/logo\\\/image\\\/\",\"url\":\"https:\\\/\\\/repliquemangacine.fr\\\/wp-content\\\/uploads\\\/2023\\\/10\\\/RMC-500250.png\",\"contentUrl\":\"https:\\\/\\\/repliquemangacine.fr\\\/wp-content\\\/uploads\\\/2023\\\/10\\\/RMC-500250.png\",\"width\":500,\"height\":250,\"caption\":\"R\u00e9plique Manga Cin\u00e9\"},\"image\":{\"@id\":\"https:\\\/\\\/repliquemangacine.fr\\\/#\\\/schema\\\/logo\\\/image\\\/\"},\"sameAs\":[\"https:\\\/\\\/www.facebook.com\\\/RepliqueMangaCine\",\"https:\\\/\\\/www.instagram.com\\\/repliquemangacine.fr\\\/\"]}]}<\/script>\n<!-- \/ Yoast SEO plugin. -->","yoast_head_json":{"title":"Klappmesser schwarz - R\u00e9plique Manga Cin\u00e9","description":"Schwarzes Klappmesser F822 im taktischen Design. Schwarze Klinge, G\u00fcrtelclip, Glasbrecher. Praktisch, stilvoll und einsatzbereit. Schnelle Lieferung.","robots":{"index":"index","follow":"follow","max-snippet":"max-snippet:-1","max-image-preview":"max-image-preview:large","max-video-preview":"max-video-preview:-1"},"canonical":"https:\/\/repliquemangacine.fr\/de\/besteck\/klappmesser-schwarz\/","og_locale":"de_DE","og_type":"article","og_title":"Couteau pliant noir - R\u00e9plique Manga Cin\u00e9","og_description":"Couteau pliant noir F822 au design tactique. Lame noire, clip ceinture, brise-vitre. Pratique, styl\u00e9 et pr\u00eat \u00e0 l\u2019action. Livraison rapide.","og_url":"https:\/\/repliquemangacine.fr\/de\/besteck\/klappmesser-schwarz\/","og_site_name":"R\u00e9plique Manga Cin\u00e9","article_publisher":"https:\/\/www.facebook.com\/RepliqueMangaCine","article_modified_time":"2025-11-12T23:15:38+00:00","og_image":[{"width":700,"height":700,"url":"https:\/\/repliquemangacine.fr\/wp-content\/uploads\/2025\/07\/Couteau-F822.jpg","type":"image\/jpeg"}],"twitter_card":"summary_large_image","twitter_misc":{"Gesch\u00e4tzte Lesezeit":"3\u00a0Minuten"},"schema":{"@context":"https:\/\/schema.org","@graph":[{"@type":"WebPage","@id":"https:\/\/repliquemangacine.fr\/coutellerie\/couteau-pliant-noir\/","url":"https:\/\/repliquemangacine.fr\/coutellerie\/couteau-pliant-noir\/","name":"Klappmesser schwarz - R\u00e9plique Manga Cin\u00e9","isPartOf":{"@id":"https:\/\/repliquemangacine.fr\/#website"},"primaryImageOfPage":{"@id":"https:\/\/repliquemangacine.fr\/coutellerie\/couteau-pliant-noir\/#primaryimage"},"image":{"@id":"https:\/\/repliquemangacine.fr\/coutellerie\/couteau-pliant-noir\/#primaryimage"},"thumbnailUrl":"https:\/\/repliquemangacine.fr\/wp-content\/uploads\/2025\/07\/Couteau-F822.jpg","datePublished":"2025-07-08T09:10:00+00:00","dateModified":"2025-11-12T23:15:38+00:00","description":"Schwarzes Klappmesser F822 im taktischen Design. Schwarze Klinge, G\u00fcrtelclip, Glasbrecher. Praktisch, stilvoll und einsatzbereit. Schnelle Lieferung.","breadcrumb":{"@id":"https:\/\/repliquemangacine.fr\/coutellerie\/couteau-pliant-noir\/#breadcrumb"},"inLanguage":"de","potentialAction":[{"@type":"ReadAction","target":["https:\/\/repliquemangacine.fr\/coutellerie\/couteau-pliant-noir\/"]}]},{"@type":"ImageObject","inLanguage":"de","@id":"https:\/\/repliquemangacine.fr\/coutellerie\/couteau-pliant-noir\/#primaryimage","url":"https:\/\/repliquemangacine.fr\/wp-content\/uploads\/2025\/07\/Couteau-F822.jpg","contentUrl":"https:\/\/repliquemangacine.fr\/wp-content\/uploads\/2025\/07\/Couteau-F822.jpg","width":700,"height":700,"caption":"Couteau pliant noir"},{"@type":"BreadcrumbList","@id":"https:\/\/repliquemangacine.fr\/coutellerie\/couteau-pliant-noir\/#breadcrumb","itemListElement":[{"@type":"ListItem","position":1,"name":"Accueil","item":"https:\/\/repliquemangacine.fr\/"},{"@type":"ListItem","position":2,"name":"Produits","item":"https:\/\/repliquemangacine.fr\/boutique\/"},{"@type":"ListItem","position":3,"name":"Couteau pliant noir"}]},{"@type":"WebSite","@id":"https:\/\/repliquemangacine.fr\/#website","url":"https:\/\/repliquemangacine.fr\/","name":"R\u00e9plique Manga Cin\u00e9","description":"","publisher":{"@id":"https:\/\/repliquemangacine.fr\/#organization"},"potentialAction":[{"@type":"SearchAction","target":{"@type":"EntryPoint","urlTemplate":"https:\/\/repliquemangacine.fr\/?s={search_term_string}"},"query-input":{"@type":"PropertyValueSpecification","valueRequired":true,"valueName":"search_term_string"}}],"inLanguage":"de"},{"@type":"Organization","@id":"https:\/\/repliquemangacine.fr\/#organization","name":"R\u00e9plique Manga Cin\u00e9","url":"https:\/\/repliquemangacine.fr\/","logo":{"@type":"ImageObject","inLanguage":"de","@id":"https:\/\/repliquemangacine.fr\/#\/schema\/logo\/image\/","url":"https:\/\/repliquemangacine.fr\/wp-content\/uploads\/2023\/10\/RMC-500250.png","contentUrl":"https:\/\/repliquemangacine.fr\/wp-content\/uploads\/2023\/10\/RMC-500250.png","width":500,"height":250,"caption":"R\u00e9plique Manga Cin\u00e9"},"image":{"@id":"https:\/\/repliquemangacine.fr\/#\/schema\/logo\/image\/"},"sameAs":["https:\/\/www.facebook.com\/RepliqueMangaCine","https:\/\/www.instagram.com\/repliquemangacine.fr\/"]}]}},"_links":{"self":[{"href":"https:\/\/repliquemangacine.fr\/de\/wp-json\/wp\/v2\/product\/86126","targetHints":{"allow":["GET"]}}],"collection":[{"href":"https:\/\/repliquemangacine.fr\/de\/wp-json\/wp\/v2\/product"}],"about":[{"href":"https:\/\/repliquemangacine.fr\/de\/wp-json\/wp\/v2\/types\/product"}],"wp:featuredmedia":[{"embeddable":true,"href":"https:\/\/repliquemangacine.fr\/de\/wp-json\/wp\/v2\/media\/86135"}],"wp:attachment":[{"href":"https:\/\/repliquemangacine.fr\/de\/wp-json\/wp\/v2\/media?parent=86126"}],"wp:term":[{"taxonomy":"product_brand","embeddable":true,"href":"https:\/\/repliquemangacine.fr\/de\/wp-json\/wp\/v2\/product_brand?post=86126"},{"taxonomy":"product_cat","embeddable":true,"href":"https:\/\/repliquemangacine.fr\/de\/wp-json\/wp\/v2\/product_cat?post=86126"},{"taxonomy":"product_tag","embeddable":true,"href":"https:\/\/repliquemangacine.fr\/de\/wp-json\/wp\/v2\/product_tag?post=86126"}],"curies":[{"name":"wp","href":"https:\/\/api.w.org\/{rel}","templated":true}]}}