





{"id":85916,"date":"2025-07-01T16:10:37","date_gmt":"2025-07-01T14:10:37","guid":{"rendered":"https:\/\/repliquemangacine.fr\/?post_type=product&#038;p=85916"},"modified":"2026-04-01T06:37:22","modified_gmt":"2026-04-01T04:37:22","slug":"englische-pistole-6-laufe","status":"publish","type":"product","link":"https:\/\/repliquemangacine.fr\/de\/armes-historiques\/pistolet-anglais-6-canons\/","title":{"rendered":"Englische Pistole 6 L\u00e4ufe"},"content":{"rendered":"<h2>Eine originalgetreue und beeindruckende englische Pistole 1840 mit sechs L\u00e4ufen, signiert Denix<\/h2>\n<p>Zun\u00e4chst einmal ist diese 6-l\u00e4ufige Englische Pistole <a href=\"https:\/\/www.denix.fr\/\" target=\"_blank\" rel=\"noopener noreferrer\">Denix<\/a> ist eine einzigartige Nachbildung, inspiriert von den komplexen und gef\u00fcrchteten Faustmodellen des 19. Jahrhunderts.<br \/>\nSorgf\u00e4ltig gefertigt, greift es den typischen Stil der um 1840 verwendeten Mehrfachlauf-Duellwaffen auf.<br \/>\nSeine Besonderheit sind die sechs drehbaren Kanonen, eine technische Meisterleistung, die es erm\u00f6glicht, mehrere Sch\u00fcsse schnell hintereinander abzufeuern, ohne nachladen zu m\u00fcssen.<br \/>\nDie Replik ist etwa 22,5 cm gro\u00df und wiegt fast 968 g. Sie eignet sich perfekt f\u00fcr Ausstellungen, Cosplay oder Sammlungen.<br \/>\nDer K\u00f6rper besteht aus gealtertem Metall mit einer Mahagoni-Imitat-Holzoberfl\u00e4che am Griff, was f\u00fcr ein sehr realistisches Aussehen sorgt.<br \/>\nDie Pistole verk\u00f6rpert den \u00dcbergang von der klassischen handwerklichen Waffe zum industriellen Erfindungsreichtum des beginnenden Jahrhunderts.<br \/>\nDieses von Denix entworfene Dekorationsst\u00fcck spiegelt perfekt die brutale Raffinesse der viktorianischen \u00c4ra in Gro\u00dfbritannien wider.<br \/>\nSammler, Geschichtsinteressierte oder Liebhaber alter Waffen \u2013 diese Pistole wird in Ihrer Vitrine niemanden unbeeindruckt lassen.<\/p>\n<h2>Eine seltene historische Replik mit einer ebenso \u00e4sthetischen wie ungew\u00f6hnlichen Mechanik<\/h2>\n<p>Man muss sagen, dass die englische 6-l\u00e4ufige Pistole eine seltene Form milit\u00e4rischer Genialit\u00e4t im Herzen des 19. Jahrhunderts inmitten des technologischen Wandels verk\u00f6rpert.<br \/>\nEntwickelt, um das langsame Nachladen auszugleichen, bietet es seinem Tr\u00e4ger einen klaren strategischen Vorteil im Nahkampf.<br \/>\nIn diesem Fall wirkt das Vorhandensein von sechs \u00fcbereinander angeordneten Kanonen abschreckend, innovativ und wird manchmal sogar als aristokratischer Luxus angesehen.<br \/>\nBritische Offiziere, Seefahrer oder Entdecker, die in feindlichen Gebieten im Einsatz sind, tragen diese Waffe.<br \/>\nDie Denix-Replik entspricht genau dieser technischen Eleganz und vereint Robustheit, gravierte Details und einen drehbaren Spannmechanismus.<br \/>\nKurz gesagt: Mit dem Kauf oder Geschenk dieser Pistole erwerben Sie ein seltenes St\u00fcck, das den Erfindungsreichtum der britischen Waffenhersteller des 19. Jahrhunderts w\u00fcrdigt.<\/p>\n<h2>Erkunden Sie weitere englische Repliken auf R\u00e9plique Manga Cin\u00e9<\/h2>\n<p>Auf <strong>R\u00e9plique Manga Cin\u00e9<\/strong>, Entdecken Sie weitere originalgetreu nachgebaute britische Waffen, um Ihre Sammlung stilvoll und historisch konsistent zu bereichern.<br \/>\nF\u00fcgen Sie zun\u00e4chst beispielsweise das <a href=\"https:\/\/repliquemangacine.fr\/de\/denix\/duellpistole-englisch-messing-flintlock-18-jahrhundert\/\" target=\"_blank\" rel=\"noopener noreferrer\">englische Duellpistole mit Steinschloss aus Messing<\/a>, elegant, pr\u00e4zise und typisch f\u00fcr aristokratische Ehrenduelle.<br \/>\nDie polierte Messingoberfl\u00e4che und der geschnitzte Holzschaft machen ihn zu einem prestigetr\u00e4chtigen und historisch raffinierten St\u00fcck.<br \/>\nZweitens, der <a href=\"https:\/\/repliquemangacine.fr\/de\/piratenwaffen\/englische-marinekanone-18-jahrhundert\/\" target=\"_blank\" rel=\"noopener noreferrer\">englische Marinekanone aus dem 18. Jahrhundert<\/a>, dekorative Miniatur, die durch ihre Metall- und Holzverarbeitung beeindruckt.<br \/>\nSo lassen sich diese Produkte perfekt mit der 6-l\u00e4ufigen Pistole kombinieren, um ein stimmiges britisches See- oder Milit\u00e4runiversum zu schaffen.<br \/>\nZum Abschluss,<strong> R\u00e9plique Manga Cin\u00e9<\/strong> wird aufgrund seiner Echtheit, seiner Verarbeitung und seines dekorativen Potenzials ausgew\u00e4hlt.<br \/>\nDaher finden Liebhaber von Geschichte, Nachstellungen oder Sammlerst\u00fccken hier einzigartige Objekte, um ihre Sammlung zu bereichern.<\/p>","protected":false},"excerpt":{"rendered":"<p>Beeindruckende Replik einer englischen Pistole mit sechs rotierenden L\u00e4ufen, Modell 1840, signiert Denix. Ein seltenes St\u00fcck, perfekt f\u00fcr die Sammlung, Dekoration oder historisches Cosplay.<\/p>\n<p><strong>Produktmerkmale :<\/strong><\/p>\n<ul>\n<li>Nicht funktionierendes Replikat, hergestellt von Denix<\/li>\n<li>Sechs rotierende Kanonen f\u00fcr eine einzigartige, realistische \u00c4sthetik<\/li>\n<li>Struktur aus gealtertem Metall mit Holzstock<\/li>\n<li>Beweglicher Mechanismus f\u00fcr Waffensimulation<\/li>\n<li>Getreu den britischen Duell- und Verteidigungswaffen des 19. Jahrhunderts<\/li>\n<li>Historischer Dekorationsgegenstand oder Zubeh\u00f6r f\u00fcr viktorianisches Cosplay<\/li>\n<li>Perfekt als Erg\u00e4nzung zu Vitrinen mit alten Waffen oder Marinewaffen<\/li>\n<li>Ungef\u00e4hre L\u00e4nge: 22.5 cm<\/li>\n<li>Gewicht: 968 g<\/li>\n<\/ul>","protected":false},"featured_media":85943,"template":"","meta":[],"product_brand":[],"product_cat":[25,102,52,28],"product_tag":[],"class_list":{"0":"post-85916","1":"product","2":"type-product","3":"status-publish","4":"has-post-thumbnail","6":"product_cat-armes-historiques","7":"product_cat-denix","8":"product_cat-pistolet-ancien","9":"product_cat-repliques-darmes","11":"first","12":"instock","13":"sale","14":"taxable","15":"shipping-taxable","16":"purchasable","17":"product-type-simple"},"yoast_head":"<!-- This site is optimized with the Yoast SEO plugin v27.5 - https:\/\/yoast.com\/product\/yoast-seo-wordpress\/ -->\n<title>Pistolet Anglais 6 Canons - R\u00e9plique Manga Cin\u00e9<\/title>\n<meta name=\"description\" content=\"R\u00e9plique Denix d&#039;un Pistolet Anglais 6 Canons. Pi\u00e8ce historique d\u00e9corative, id\u00e9ale pour collection, exposition ou passionn\u00e9s d\u2019armes anciennes.\" \/>\n<meta name=\"robots\" content=\"index, follow, max-snippet:-1, max-image-preview:large, max-video-preview:-1\" \/>\n<link rel=\"canonical\" href=\"https:\/\/repliquemangacine.fr\/de\/historische-waffen\/englische-pistole-6-laufe\/\" \/>\n<meta property=\"og:locale\" content=\"de_DE\" \/>\n<meta property=\"og:type\" content=\"article\" \/>\n<meta property=\"og:title\" content=\"Pistolet Anglais 6 Canons - R\u00e9plique Manga Cin\u00e9\" \/>\n<meta property=\"og:description\" content=\"R\u00e9plique Denix d&#039;un Pistolet Anglais 6 Canons. Pi\u00e8ce historique d\u00e9corative, id\u00e9ale pour collection, exposition ou passionn\u00e9s d\u2019armes anciennes.\" \/>\n<meta property=\"og:url\" content=\"https:\/\/repliquemangacine.fr\/de\/historische-waffen\/englische-pistole-6-laufe\/\" \/>\n<meta property=\"og:site_name\" content=\"R\u00e9plique Manga Cin\u00e9\" \/>\n<meta property=\"article:publisher\" content=\"https:\/\/www.facebook.com\/RepliqueMangaCine\" \/>\n<meta property=\"article:modified_time\" content=\"2026-04-01T04:37:22+00:00\" \/>\n<meta property=\"og:image\" content=\"https:\/\/repliquemangacine.fr\/wp-content\/uploads\/2025\/07\/Revolver-6-canons-Angleterre-1840.jpg\" \/>\n\t<meta property=\"og:image:width\" content=\"700\" \/>\n\t<meta property=\"og:image:height\" content=\"700\" \/>\n\t<meta property=\"og:image:type\" content=\"image\/jpeg\" \/>\n<meta name=\"twitter:card\" content=\"summary_large_image\" \/>\n<meta name=\"twitter:label1\" content=\"Gesch\u00e4tzte Lesezeit\" \/>\n\t<meta name=\"twitter:data1\" content=\"3\u00a0Minuten\" \/>\n<script type=\"application\/ld+json\" class=\"yoast-schema-graph\">{\"@context\":\"https:\\\/\\\/schema.org\",\"@graph\":[{\"@type\":\"WebPage\",\"@id\":\"https:\\\/\\\/repliquemangacine.fr\\\/armes-historiques\\\/pistolet-anglais-6-canons\\\/\",\"url\":\"https:\\\/\\\/repliquemangacine.fr\\\/armes-historiques\\\/pistolet-anglais-6-canons\\\/\",\"name\":\"Pistolet Anglais 6 Canons - R\u00e9plique Manga Cin\u00e9\",\"isPartOf\":{\"@id\":\"https:\\\/\\\/repliquemangacine.fr\\\/#website\"},\"primaryImageOfPage\":{\"@id\":\"https:\\\/\\\/repliquemangacine.fr\\\/armes-historiques\\\/pistolet-anglais-6-canons\\\/#primaryimage\"},\"image\":{\"@id\":\"https:\\\/\\\/repliquemangacine.fr\\\/armes-historiques\\\/pistolet-anglais-6-canons\\\/#primaryimage\"},\"thumbnailUrl\":\"https:\\\/\\\/repliquemangacine.fr\\\/wp-content\\\/uploads\\\/2025\\\/07\\\/Revolver-6-canons-Angleterre-1840.jpg\",\"datePublished\":\"2025-07-01T14:10:37+00:00\",\"dateModified\":\"2026-04-01T04:37:22+00:00\",\"description\":\"R\u00e9plique Denix d'un Pistolet Anglais 6 Canons. Pi\u00e8ce historique d\u00e9corative, id\u00e9ale pour collection, exposition ou passionn\u00e9s d\u2019armes anciennes.\",\"breadcrumb\":{\"@id\":\"https:\\\/\\\/repliquemangacine.fr\\\/armes-historiques\\\/pistolet-anglais-6-canons\\\/#breadcrumb\"},\"inLanguage\":\"de\",\"potentialAction\":[{\"@type\":\"ReadAction\",\"target\":[\"https:\\\/\\\/repliquemangacine.fr\\\/armes-historiques\\\/pistolet-anglais-6-canons\\\/\"]}]},{\"@type\":\"ImageObject\",\"inLanguage\":\"de\",\"@id\":\"https:\\\/\\\/repliquemangacine.fr\\\/armes-historiques\\\/pistolet-anglais-6-canons\\\/#primaryimage\",\"url\":\"https:\\\/\\\/repliquemangacine.fr\\\/wp-content\\\/uploads\\\/2025\\\/07\\\/Revolver-6-canons-Angleterre-1840.jpg\",\"contentUrl\":\"https:\\\/\\\/repliquemangacine.fr\\\/wp-content\\\/uploads\\\/2025\\\/07\\\/Revolver-6-canons-Angleterre-1840.jpg\",\"width\":700,\"height\":700,\"caption\":\"Revolver-6-canons-Angleterre-1840\"},{\"@type\":\"BreadcrumbList\",\"@id\":\"https:\\\/\\\/repliquemangacine.fr\\\/armes-historiques\\\/pistolet-anglais-6-canons\\\/#breadcrumb\",\"itemListElement\":[{\"@type\":\"ListItem\",\"position\":1,\"name\":\"Accueil\",\"item\":\"https:\\\/\\\/repliquemangacine.fr\\\/\"},{\"@type\":\"ListItem\",\"position\":2,\"name\":\"Produits\",\"item\":\"https:\\\/\\\/repliquemangacine.fr\\\/boutique\\\/\"},{\"@type\":\"ListItem\",\"position\":3,\"name\":\"Pistolet Anglais 6 Canons\"}]},{\"@type\":\"WebSite\",\"@id\":\"https:\\\/\\\/repliquemangacine.fr\\\/#website\",\"url\":\"https:\\\/\\\/repliquemangacine.fr\\\/\",\"name\":\"R\u00e9plique Manga Cin\u00e9\",\"description\":\"\",\"publisher\":{\"@id\":\"https:\\\/\\\/repliquemangacine.fr\\\/#organization\"},\"potentialAction\":[{\"@type\":\"SearchAction\",\"target\":{\"@type\":\"EntryPoint\",\"urlTemplate\":\"https:\\\/\\\/repliquemangacine.fr\\\/?s={search_term_string}\"},\"query-input\":{\"@type\":\"PropertyValueSpecification\",\"valueRequired\":true,\"valueName\":\"search_term_string\"}}],\"inLanguage\":\"de\"},{\"@type\":\"Organization\",\"@id\":\"https:\\\/\\\/repliquemangacine.fr\\\/#organization\",\"name\":\"R\u00e9plique Manga Cin\u00e9\",\"url\":\"https:\\\/\\\/repliquemangacine.fr\\\/\",\"logo\":{\"@type\":\"ImageObject\",\"inLanguage\":\"de\",\"@id\":\"https:\\\/\\\/repliquemangacine.fr\\\/#\\\/schema\\\/logo\\\/image\\\/\",\"url\":\"https:\\\/\\\/repliquemangacine.fr\\\/wp-content\\\/uploads\\\/2023\\\/10\\\/RMC-500250.png\",\"contentUrl\":\"https:\\\/\\\/repliquemangacine.fr\\\/wp-content\\\/uploads\\\/2023\\\/10\\\/RMC-500250.png\",\"width\":500,\"height\":250,\"caption\":\"R\u00e9plique Manga Cin\u00e9\"},\"image\":{\"@id\":\"https:\\\/\\\/repliquemangacine.fr\\\/#\\\/schema\\\/logo\\\/image\\\/\"},\"sameAs\":[\"https:\\\/\\\/www.facebook.com\\\/RepliqueMangaCine\",\"https:\\\/\\\/www.instagram.com\\\/repliquemangacine.fr\\\/\"]}]}<\/script>\n<!-- \/ Yoast SEO plugin. -->","yoast_head_json":{"title":"Englische Pistole 6 L\u00e4ufe - R\u00e9plique Manga Cin\u00e9","description":"Denix-Replik einer englischen Pistole mit 6 L\u00e4ufen. Dekoratives historisches St\u00fcck, ideal f\u00fcr Sammlungen, Ausstellungen oder Liebhaber alter Waffen.","robots":{"index":"index","follow":"follow","max-snippet":"max-snippet:-1","max-image-preview":"max-image-preview:large","max-video-preview":"max-video-preview:-1"},"canonical":"https:\/\/repliquemangacine.fr\/de\/historische-waffen\/englische-pistole-6-laufe\/","og_locale":"de_DE","og_type":"article","og_title":"Pistolet Anglais 6 Canons - R\u00e9plique Manga Cin\u00e9","og_description":"R\u00e9plique Denix d'un Pistolet Anglais 6 Canons. Pi\u00e8ce historique d\u00e9corative, id\u00e9ale pour collection, exposition ou passionn\u00e9s d\u2019armes anciennes.","og_url":"https:\/\/repliquemangacine.fr\/de\/historische-waffen\/englische-pistole-6-laufe\/","og_site_name":"R\u00e9plique Manga Cin\u00e9","article_publisher":"https:\/\/www.facebook.com\/RepliqueMangaCine","article_modified_time":"2026-04-01T04:37:22+00:00","og_image":[{"width":700,"height":700,"url":"https:\/\/repliquemangacine.fr\/wp-content\/uploads\/2025\/07\/Revolver-6-canons-Angleterre-1840.jpg","type":"image\/jpeg"}],"twitter_card":"summary_large_image","twitter_misc":{"Gesch\u00e4tzte Lesezeit":"3\u00a0Minuten"},"schema":{"@context":"https:\/\/schema.org","@graph":[{"@type":"WebPage","@id":"https:\/\/repliquemangacine.fr\/armes-historiques\/pistolet-anglais-6-canons\/","url":"https:\/\/repliquemangacine.fr\/armes-historiques\/pistolet-anglais-6-canons\/","name":"Englische Pistole 6 L\u00e4ufe - R\u00e9plique Manga Cin\u00e9","isPartOf":{"@id":"https:\/\/repliquemangacine.fr\/#website"},"primaryImageOfPage":{"@id":"https:\/\/repliquemangacine.fr\/armes-historiques\/pistolet-anglais-6-canons\/#primaryimage"},"image":{"@id":"https:\/\/repliquemangacine.fr\/armes-historiques\/pistolet-anglais-6-canons\/#primaryimage"},"thumbnailUrl":"https:\/\/repliquemangacine.fr\/wp-content\/uploads\/2025\/07\/Revolver-6-canons-Angleterre-1840.jpg","datePublished":"2025-07-01T14:10:37+00:00","dateModified":"2026-04-01T04:37:22+00:00","description":"Denix-Replik einer englischen Pistole mit 6 L\u00e4ufen. Dekoratives historisches St\u00fcck, ideal f\u00fcr Sammlungen, Ausstellungen oder Liebhaber alter Waffen.","breadcrumb":{"@id":"https:\/\/repliquemangacine.fr\/armes-historiques\/pistolet-anglais-6-canons\/#breadcrumb"},"inLanguage":"de","potentialAction":[{"@type":"ReadAction","target":["https:\/\/repliquemangacine.fr\/armes-historiques\/pistolet-anglais-6-canons\/"]}]},{"@type":"ImageObject","inLanguage":"de","@id":"https:\/\/repliquemangacine.fr\/armes-historiques\/pistolet-anglais-6-canons\/#primaryimage","url":"https:\/\/repliquemangacine.fr\/wp-content\/uploads\/2025\/07\/Revolver-6-canons-Angleterre-1840.jpg","contentUrl":"https:\/\/repliquemangacine.fr\/wp-content\/uploads\/2025\/07\/Revolver-6-canons-Angleterre-1840.jpg","width":700,"height":700,"caption":"Revolver-6-canons-Angleterre-1840"},{"@type":"BreadcrumbList","@id":"https:\/\/repliquemangacine.fr\/armes-historiques\/pistolet-anglais-6-canons\/#breadcrumb","itemListElement":[{"@type":"ListItem","position":1,"name":"Accueil","item":"https:\/\/repliquemangacine.fr\/"},{"@type":"ListItem","position":2,"name":"Produits","item":"https:\/\/repliquemangacine.fr\/boutique\/"},{"@type":"ListItem","position":3,"name":"Pistolet Anglais 6 Canons"}]},{"@type":"WebSite","@id":"https:\/\/repliquemangacine.fr\/#website","url":"https:\/\/repliquemangacine.fr\/","name":"R\u00e9plique Manga Cin\u00e9","description":"","publisher":{"@id":"https:\/\/repliquemangacine.fr\/#organization"},"potentialAction":[{"@type":"SearchAction","target":{"@type":"EntryPoint","urlTemplate":"https:\/\/repliquemangacine.fr\/?s={search_term_string}"},"query-input":{"@type":"PropertyValueSpecification","valueRequired":true,"valueName":"search_term_string"}}],"inLanguage":"de"},{"@type":"Organization","@id":"https:\/\/repliquemangacine.fr\/#organization","name":"R\u00e9plique Manga Cin\u00e9","url":"https:\/\/repliquemangacine.fr\/","logo":{"@type":"ImageObject","inLanguage":"de","@id":"https:\/\/repliquemangacine.fr\/#\/schema\/logo\/image\/","url":"https:\/\/repliquemangacine.fr\/wp-content\/uploads\/2023\/10\/RMC-500250.png","contentUrl":"https:\/\/repliquemangacine.fr\/wp-content\/uploads\/2023\/10\/RMC-500250.png","width":500,"height":250,"caption":"R\u00e9plique Manga Cin\u00e9"},"image":{"@id":"https:\/\/repliquemangacine.fr\/#\/schema\/logo\/image\/"},"sameAs":["https:\/\/www.facebook.com\/RepliqueMangaCine","https:\/\/www.instagram.com\/repliquemangacine.fr\/"]}]}},"_links":{"self":[{"href":"https:\/\/repliquemangacine.fr\/de\/wp-json\/wp\/v2\/product\/85916","targetHints":{"allow":["GET"]}}],"collection":[{"href":"https:\/\/repliquemangacine.fr\/de\/wp-json\/wp\/v2\/product"}],"about":[{"href":"https:\/\/repliquemangacine.fr\/de\/wp-json\/wp\/v2\/types\/product"}],"wp:featuredmedia":[{"embeddable":true,"href":"https:\/\/repliquemangacine.fr\/de\/wp-json\/wp\/v2\/media\/85943"}],"wp:attachment":[{"href":"https:\/\/repliquemangacine.fr\/de\/wp-json\/wp\/v2\/media?parent=85916"}],"wp:term":[{"taxonomy":"product_brand","embeddable":true,"href":"https:\/\/repliquemangacine.fr\/de\/wp-json\/wp\/v2\/product_brand?post=85916"},{"taxonomy":"product_cat","embeddable":true,"href":"https:\/\/repliquemangacine.fr\/de\/wp-json\/wp\/v2\/product_cat?post=85916"},{"taxonomy":"product_tag","embeddable":true,"href":"https:\/\/repliquemangacine.fr\/de\/wp-json\/wp\/v2\/product_tag?post=85916"}],"curies":[{"name":"wp","href":"https:\/\/api.w.org\/{rel}","templated":true}]}}