





{"id":85868,"date":"2025-07-01T15:04:48","date_gmt":"2025-07-01T13:04:48","guid":{"rendered":"https:\/\/repliquemangacine.fr\/?post_type=product&#038;p=85868"},"modified":"2026-02-19T10:17:20","modified_gmt":"2026-02-19T09:17:20","slug":"mini-katana-von-michonne","status":"publish","type":"product","link":"https:\/\/repliquemangacine.fr\/de\/armes-the-walking-dead\/mini-katana-de-michonne\/","title":{"rendered":"Michonnes Mini-Katana"},"content":{"rendered":"<h2>Ein Mini-Katana, das der ikonischen Waffe von Michonne in The Walking Dead treu bleibt<\/h2>\n<p>Dieses Mini Katana von Michonne ist eine originalgetreue Nachbildung der ikonischen Waffe, die von <a href=\"https:\/\/thewalkingdead.fandom.com\/fr\/wiki\/Michonne_(univers_TV)\" target=\"_blank\" rel=\"noopener noreferrer\">Michonne<\/a> in der Serie \"The Walking Dead\".<br class=\"yoast-text-mark\" \/>Zun\u00e4chst einmal ist das Mini-Katana 45,5 cm lang und hat ein Gesamtgewicht von 230 g, das sich perfekt f\u00fcr die Ausstellung in einer Vitrine eignet.<br class=\"yoast-text-mark\" \/>Die Klinge besteht aus nicht scharfem, rostfreiem 440er Stahl mit eingraviertem Symbol f\u00fcr biologische Gefahr.<br class=\"yoast-text-mark\" \/>Der Griff ist mit wei\u00dfem Baumwollgeflecht umwickelt, getreu dem traditionellen japanischen Stil, den Michonne bei all ihren Auftritten tr\u00e4gt.<br class=\"yoast-text-mark\" \/>Schlie\u00dflich erh\u00e4lt die Holzscheide auch noch ein wei\u00dfes Baumwollgeflecht sowie eine schwarze Kordel als Verzierung.<br class=\"yoast-text-mark\" \/>Das Miniformat macht diese Replik zug\u00e4nglich und leicht ausstellbar, wobei die wesentlichen Details der Originalwaffe erhalten bleiben.<br class=\"yoast-text-mark\" \/>Alles in allem wird dieses Miniatur-Katana alle Zombie-Fans, Fans der Serie oder Liebhaber sch\u00f6ner Katana-Repliken begeistern.<\/p>\n<h2>Ein symbolisches Katana, stille \u00dcberlebenswaffe und Michonnes Signatur<\/h2>\n<p>Erstens ist Michonnes Katana viel mehr als eine Waffe: Es ist eine Erweiterung ihrer Identit\u00e4t, ihr Symbol f\u00fcr \u00dcberleben und Beherrschung.<br class=\"yoast-text-mark\" \/>Diese Besonderheit hat Michonne im Laufe der Staffeln der Serie zu einer der gef\u00fcrchtetsten und respektiertesten \u00dcberlebenden gemacht.<br \/>\nSo ist seine Art, mit der Klinge umzugehen, fl\u00fcssig. Pr\u00e4zise und entschlossen, was gro\u00dfe Weisheit widerspiegelt.<\/p>\n<p>Dieses Mini-Katana f\u00e4ngt die Essenz dieser Kultwaffe ein, mit sorgf\u00e4ltiger Verarbeitung und graviertem Pariergriff.<br class=\"yoast-text-mark\" \/>Er ist auch eine Metapher f\u00fcr die Stille, die Kontrolle und die Widerstandsf\u00e4higkeit, die Michonne bei jedem Auftritt verk\u00f6rpert.<br class=\"yoast-text-mark\" \/>Letztendlich ehren Sie mit diesem Katana eine unauff\u00e4llige Kriegerin, die sich vom Schutz derer, die sie liebt, leiten l\u00e4sst.<\/p>\n<h2>Weitere ikonische Waffen aus The Walking Dead finden Sie auf R\u00e9plique Manga Cin\u00e9<\/h2>\n<p>Bei <strong>R\u00e9plique Manga Cin\u00e9<\/strong>Hier finden Sie weitere legend\u00e4re Repliken aus dem The Walking Dead-Universum, um Ihre Sammlung zu vervollst\u00e4ndigen.<br class=\"yoast-text-mark\" \/>Vor allem <a href=\"https:\/\/repliquemangacine.fr\/de\/waffen-the-walking-dead\/katana-schmiede-von-michonne\/\" target=\"_blank\" rel=\"noopener noreferrer\">Michonnes schneidendes Katana<\/a> : Eine lebensgro\u00dfe, gesch\u00e4rfte Version f\u00fcr eine noch realistischere Darstellung.<br class=\"yoast-text-mark\" \/>Sowie das <a href=\"https:\/\/repliquemangacine.fr\/de\/denix\/colt-python-rick-grimes\/\" target=\"_blank\" rel=\"noopener noreferrer\">Ric-Pistole<\/a>k Grimes zu Ihrer Ausr\u00fcstung: ein Kult-Revolver, der w\u00e4hrend der gesamten Serie zur Verteidigung der \u00dcberlebenden eingesetzt wird.<br \/>\nUnser Shop bietet originalgetreue, detailreiche Nachbildungen von Waffen aus Filmen und Serien, die aufgrund ihrer Qualit\u00e4t und Authentizit\u00e4t ausgew\u00e4hlt wurden.<br \/>\nBesuchen Sie schlie\u00dflich <strong>R\u00e9plique Manga Cin\u00e9<\/strong> und erschaffen Sie die Atmosph\u00e4re Ihrer Lieblingsserie mit Stil, Pr\u00e4zision und Leidenschaft f\u00fcr Details.<\/p>","protected":false},"excerpt":{"rendered":"<p>Eine originalgetreue Replik des ikonischen Katanas von Michonne, der Kult-Heldin aus der Serie The Walking Dead. Kompakt, detailliert und stilisiert, bewahrt dieses Miniaturmodell die Seele der Originalwaffe in einem kleinen, erschwinglichen Format.<\/p>\n<p><strong>Produktmerkmale :<\/strong><\/p>\n<ul>\n<li>Klinge: 440er rostfreier Stahl, nicht scharf, mit eingraviertem Symbol f\u00fcr biologische Gefahr<\/li>\n<li>Stiel: Wei\u00dfes Baumwollgeflecht auf Holzimitatgriff<\/li>\n<li>Scheide: bemaltes Holz, mit wei\u00dfem Geflecht und dekorativer schwarzer Kordel<\/li>\n<li>Dekorative, originalgetreue Replik von Michonnes Waffe, Miniformat, ideal f\u00fcr Ausstellungen<\/li>\n<li>Perfekt f\u00fcr Sammlung, Cosplay, Vitrine oder Geschenk f\u00fcr Fans von Zombies und Kultserien<\/li>\n<li>Gesamtl\u00e4nge: 45.5cm<\/li>\n<li>L\u00e4nge der Klinge: 27cm<\/li>\n<li>Gewicht: 230 g<\/li>\n<\/ul>","protected":false},"featured_media":85872,"template":"","meta":[],"product_brand":[],"product_cat":[62],"product_tag":[],"class_list":{"0":"post-85868","1":"product","2":"type-product","3":"status-publish","4":"has-post-thumbnail","6":"product_cat-armes-the-walking-dead","8":"first","9":"instock","10":"taxable","11":"shipping-taxable","12":"purchasable","13":"product-type-simple"},"yoast_head":"<!-- This site is optimized with the Yoast SEO plugin v27.5 - https:\/\/yoast.com\/product\/yoast-seo-wordpress\/ -->\n<title>Mini Katana de Michonne - R\u00e9plique Manga Cin\u00e9<\/title>\n<meta name=\"description\" content=\"Mini katana de Michonne \u2013 The Walking Dead. R\u00e9plique fid\u00e8le avec fourreau, lame d\u00e9corative et finitions r\u00e9alistes. Id\u00e9al pour les collectionneurs\" \/>\n<meta name=\"robots\" content=\"index, follow, max-snippet:-1, max-image-preview:large, max-video-preview:-1\" \/>\n<link rel=\"canonical\" href=\"https:\/\/repliquemangacine.fr\/de\/waffen-the-walking-dead\/mini-katana-von-michonne\/\" \/>\n<meta property=\"og:locale\" content=\"de_DE\" \/>\n<meta property=\"og:type\" content=\"article\" \/>\n<meta property=\"og:title\" content=\"Mini Katana de Michonne - R\u00e9plique Manga Cin\u00e9\" \/>\n<meta property=\"og:description\" content=\"Mini katana de Michonne \u2013 The Walking Dead. R\u00e9plique fid\u00e8le avec fourreau, lame d\u00e9corative et finitions r\u00e9alistes. Id\u00e9al pour les collectionneurs\" \/>\n<meta property=\"og:url\" content=\"https:\/\/repliquemangacine.fr\/de\/waffen-the-walking-dead\/mini-katana-von-michonne\/\" \/>\n<meta property=\"og:site_name\" content=\"R\u00e9plique Manga Cin\u00e9\" \/>\n<meta property=\"article:publisher\" content=\"https:\/\/www.facebook.com\/RepliqueMangaCine\" \/>\n<meta property=\"article:modified_time\" content=\"2026-02-19T09:17:20+00:00\" \/>\n<meta property=\"og:image\" content=\"https:\/\/repliquemangacine.fr\/wp-content\/uploads\/2025\/07\/mini-katana-Michonne.jpg\" \/>\n\t<meta property=\"og:image:width\" content=\"700\" \/>\n\t<meta property=\"og:image:height\" content=\"700\" \/>\n\t<meta property=\"og:image:type\" content=\"image\/jpeg\" \/>\n<meta name=\"twitter:card\" content=\"summary_large_image\" \/>\n<meta name=\"twitter:label1\" content=\"Gesch\u00e4tzte Lesezeit\" \/>\n\t<meta name=\"twitter:data1\" content=\"3\u00a0Minuten\" \/>\n<script type=\"application\/ld+json\" class=\"yoast-schema-graph\">{\"@context\":\"https:\\\/\\\/schema.org\",\"@graph\":[{\"@type\":\"WebPage\",\"@id\":\"https:\\\/\\\/repliquemangacine.fr\\\/armes-the-walking-dead\\\/mini-katana-de-michonne\\\/\",\"url\":\"https:\\\/\\\/repliquemangacine.fr\\\/armes-the-walking-dead\\\/mini-katana-de-michonne\\\/\",\"name\":\"Mini Katana de Michonne - R\u00e9plique Manga Cin\u00e9\",\"isPartOf\":{\"@id\":\"https:\\\/\\\/repliquemangacine.fr\\\/#website\"},\"primaryImageOfPage\":{\"@id\":\"https:\\\/\\\/repliquemangacine.fr\\\/armes-the-walking-dead\\\/mini-katana-de-michonne\\\/#primaryimage\"},\"image\":{\"@id\":\"https:\\\/\\\/repliquemangacine.fr\\\/armes-the-walking-dead\\\/mini-katana-de-michonne\\\/#primaryimage\"},\"thumbnailUrl\":\"https:\\\/\\\/repliquemangacine.fr\\\/wp-content\\\/uploads\\\/2025\\\/07\\\/mini-katana-Michonne.jpg\",\"datePublished\":\"2025-07-01T13:04:48+00:00\",\"dateModified\":\"2026-02-19T09:17:20+00:00\",\"description\":\"Mini katana de Michonne \u2013 The Walking Dead. R\u00e9plique fid\u00e8le avec fourreau, lame d\u00e9corative et finitions r\u00e9alistes. Id\u00e9al pour les collectionneurs\",\"breadcrumb\":{\"@id\":\"https:\\\/\\\/repliquemangacine.fr\\\/armes-the-walking-dead\\\/mini-katana-de-michonne\\\/#breadcrumb\"},\"inLanguage\":\"de\",\"potentialAction\":[{\"@type\":\"ReadAction\",\"target\":[\"https:\\\/\\\/repliquemangacine.fr\\\/armes-the-walking-dead\\\/mini-katana-de-michonne\\\/\"]}]},{\"@type\":\"ImageObject\",\"inLanguage\":\"de\",\"@id\":\"https:\\\/\\\/repliquemangacine.fr\\\/armes-the-walking-dead\\\/mini-katana-de-michonne\\\/#primaryimage\",\"url\":\"https:\\\/\\\/repliquemangacine.fr\\\/wp-content\\\/uploads\\\/2025\\\/07\\\/mini-katana-Michonne.jpg\",\"contentUrl\":\"https:\\\/\\\/repliquemangacine.fr\\\/wp-content\\\/uploads\\\/2025\\\/07\\\/mini-katana-Michonne.jpg\",\"width\":700,\"height\":700,\"caption\":\"mini-katana-Michonne\"},{\"@type\":\"BreadcrumbList\",\"@id\":\"https:\\\/\\\/repliquemangacine.fr\\\/armes-the-walking-dead\\\/mini-katana-de-michonne\\\/#breadcrumb\",\"itemListElement\":[{\"@type\":\"ListItem\",\"position\":1,\"name\":\"Accueil\",\"item\":\"https:\\\/\\\/repliquemangacine.fr\\\/\"},{\"@type\":\"ListItem\",\"position\":2,\"name\":\"Produits\",\"item\":\"https:\\\/\\\/repliquemangacine.fr\\\/boutique\\\/\"},{\"@type\":\"ListItem\",\"position\":3,\"name\":\"Mini Katana de Michonne\"}]},{\"@type\":\"WebSite\",\"@id\":\"https:\\\/\\\/repliquemangacine.fr\\\/#website\",\"url\":\"https:\\\/\\\/repliquemangacine.fr\\\/\",\"name\":\"R\u00e9plique Manga Cin\u00e9\",\"description\":\"\",\"publisher\":{\"@id\":\"https:\\\/\\\/repliquemangacine.fr\\\/#organization\"},\"potentialAction\":[{\"@type\":\"SearchAction\",\"target\":{\"@type\":\"EntryPoint\",\"urlTemplate\":\"https:\\\/\\\/repliquemangacine.fr\\\/?s={search_term_string}\"},\"query-input\":{\"@type\":\"PropertyValueSpecification\",\"valueRequired\":true,\"valueName\":\"search_term_string\"}}],\"inLanguage\":\"de\"},{\"@type\":\"Organization\",\"@id\":\"https:\\\/\\\/repliquemangacine.fr\\\/#organization\",\"name\":\"R\u00e9plique Manga Cin\u00e9\",\"url\":\"https:\\\/\\\/repliquemangacine.fr\\\/\",\"logo\":{\"@type\":\"ImageObject\",\"inLanguage\":\"de\",\"@id\":\"https:\\\/\\\/repliquemangacine.fr\\\/#\\\/schema\\\/logo\\\/image\\\/\",\"url\":\"https:\\\/\\\/repliquemangacine.fr\\\/wp-content\\\/uploads\\\/2023\\\/10\\\/RMC-500250.png\",\"contentUrl\":\"https:\\\/\\\/repliquemangacine.fr\\\/wp-content\\\/uploads\\\/2023\\\/10\\\/RMC-500250.png\",\"width\":500,\"height\":250,\"caption\":\"R\u00e9plique Manga Cin\u00e9\"},\"image\":{\"@id\":\"https:\\\/\\\/repliquemangacine.fr\\\/#\\\/schema\\\/logo\\\/image\\\/\"},\"sameAs\":[\"https:\\\/\\\/www.facebook.com\\\/RepliqueMangaCine\",\"https:\\\/\\\/www.instagram.com\\\/repliquemangacine.fr\\\/\"]}]}<\/script>\n<!-- \/ Yoast SEO plugin. -->","yoast_head_json":{"title":"Michonnes Mini Katana - R\u00e9plique Manga Cin\u00e9","description":"Mini-Katana von Michonne - The Walking Dead. Originalgetreue Replik mit Scheide, dekorativer Klinge und realistischen Oberfl\u00e4chen. Ideal f\u00fcr Sammler","robots":{"index":"index","follow":"follow","max-snippet":"max-snippet:-1","max-image-preview":"max-image-preview:large","max-video-preview":"max-video-preview:-1"},"canonical":"https:\/\/repliquemangacine.fr\/de\/waffen-the-walking-dead\/mini-katana-von-michonne\/","og_locale":"de_DE","og_type":"article","og_title":"Mini Katana de Michonne - R\u00e9plique Manga Cin\u00e9","og_description":"Mini katana de Michonne \u2013 The Walking Dead. R\u00e9plique fid\u00e8le avec fourreau, lame d\u00e9corative et finitions r\u00e9alistes. Id\u00e9al pour les collectionneurs","og_url":"https:\/\/repliquemangacine.fr\/de\/waffen-the-walking-dead\/mini-katana-von-michonne\/","og_site_name":"R\u00e9plique Manga Cin\u00e9","article_publisher":"https:\/\/www.facebook.com\/RepliqueMangaCine","article_modified_time":"2026-02-19T09:17:20+00:00","og_image":[{"width":700,"height":700,"url":"https:\/\/repliquemangacine.fr\/wp-content\/uploads\/2025\/07\/mini-katana-Michonne.jpg","type":"image\/jpeg"}],"twitter_card":"summary_large_image","twitter_misc":{"Gesch\u00e4tzte Lesezeit":"3\u00a0Minuten"},"schema":{"@context":"https:\/\/schema.org","@graph":[{"@type":"WebPage","@id":"https:\/\/repliquemangacine.fr\/armes-the-walking-dead\/mini-katana-de-michonne\/","url":"https:\/\/repliquemangacine.fr\/armes-the-walking-dead\/mini-katana-de-michonne\/","name":"Michonnes Mini Katana - R\u00e9plique Manga Cin\u00e9","isPartOf":{"@id":"https:\/\/repliquemangacine.fr\/#website"},"primaryImageOfPage":{"@id":"https:\/\/repliquemangacine.fr\/armes-the-walking-dead\/mini-katana-de-michonne\/#primaryimage"},"image":{"@id":"https:\/\/repliquemangacine.fr\/armes-the-walking-dead\/mini-katana-de-michonne\/#primaryimage"},"thumbnailUrl":"https:\/\/repliquemangacine.fr\/wp-content\/uploads\/2025\/07\/mini-katana-Michonne.jpg","datePublished":"2025-07-01T13:04:48+00:00","dateModified":"2026-02-19T09:17:20+00:00","description":"Mini-Katana von Michonne - The Walking Dead. Originalgetreue Replik mit Scheide, dekorativer Klinge und realistischen Oberfl\u00e4chen. Ideal f\u00fcr Sammler","breadcrumb":{"@id":"https:\/\/repliquemangacine.fr\/armes-the-walking-dead\/mini-katana-de-michonne\/#breadcrumb"},"inLanguage":"de","potentialAction":[{"@type":"ReadAction","target":["https:\/\/repliquemangacine.fr\/armes-the-walking-dead\/mini-katana-de-michonne\/"]}]},{"@type":"ImageObject","inLanguage":"de","@id":"https:\/\/repliquemangacine.fr\/armes-the-walking-dead\/mini-katana-de-michonne\/#primaryimage","url":"https:\/\/repliquemangacine.fr\/wp-content\/uploads\/2025\/07\/mini-katana-Michonne.jpg","contentUrl":"https:\/\/repliquemangacine.fr\/wp-content\/uploads\/2025\/07\/mini-katana-Michonne.jpg","width":700,"height":700,"caption":"mini-katana-Michonne"},{"@type":"BreadcrumbList","@id":"https:\/\/repliquemangacine.fr\/armes-the-walking-dead\/mini-katana-de-michonne\/#breadcrumb","itemListElement":[{"@type":"ListItem","position":1,"name":"Accueil","item":"https:\/\/repliquemangacine.fr\/"},{"@type":"ListItem","position":2,"name":"Produits","item":"https:\/\/repliquemangacine.fr\/boutique\/"},{"@type":"ListItem","position":3,"name":"Mini Katana de Michonne"}]},{"@type":"WebSite","@id":"https:\/\/repliquemangacine.fr\/#website","url":"https:\/\/repliquemangacine.fr\/","name":"R\u00e9plique Manga Cin\u00e9","description":"","publisher":{"@id":"https:\/\/repliquemangacine.fr\/#organization"},"potentialAction":[{"@type":"SearchAction","target":{"@type":"EntryPoint","urlTemplate":"https:\/\/repliquemangacine.fr\/?s={search_term_string}"},"query-input":{"@type":"PropertyValueSpecification","valueRequired":true,"valueName":"search_term_string"}}],"inLanguage":"de"},{"@type":"Organization","@id":"https:\/\/repliquemangacine.fr\/#organization","name":"R\u00e9plique Manga Cin\u00e9","url":"https:\/\/repliquemangacine.fr\/","logo":{"@type":"ImageObject","inLanguage":"de","@id":"https:\/\/repliquemangacine.fr\/#\/schema\/logo\/image\/","url":"https:\/\/repliquemangacine.fr\/wp-content\/uploads\/2023\/10\/RMC-500250.png","contentUrl":"https:\/\/repliquemangacine.fr\/wp-content\/uploads\/2023\/10\/RMC-500250.png","width":500,"height":250,"caption":"R\u00e9plique Manga Cin\u00e9"},"image":{"@id":"https:\/\/repliquemangacine.fr\/#\/schema\/logo\/image\/"},"sameAs":["https:\/\/www.facebook.com\/RepliqueMangaCine","https:\/\/www.instagram.com\/repliquemangacine.fr\/"]}]}},"_links":{"self":[{"href":"https:\/\/repliquemangacine.fr\/de\/wp-json\/wp\/v2\/product\/85868","targetHints":{"allow":["GET"]}}],"collection":[{"href":"https:\/\/repliquemangacine.fr\/de\/wp-json\/wp\/v2\/product"}],"about":[{"href":"https:\/\/repliquemangacine.fr\/de\/wp-json\/wp\/v2\/types\/product"}],"wp:featuredmedia":[{"embeddable":true,"href":"https:\/\/repliquemangacine.fr\/de\/wp-json\/wp\/v2\/media\/85872"}],"wp:attachment":[{"href":"https:\/\/repliquemangacine.fr\/de\/wp-json\/wp\/v2\/media?parent=85868"}],"wp:term":[{"taxonomy":"product_brand","embeddable":true,"href":"https:\/\/repliquemangacine.fr\/de\/wp-json\/wp\/v2\/product_brand?post=85868"},{"taxonomy":"product_cat","embeddable":true,"href":"https:\/\/repliquemangacine.fr\/de\/wp-json\/wp\/v2\/product_cat?post=85868"},{"taxonomy":"product_tag","embeddable":true,"href":"https:\/\/repliquemangacine.fr\/de\/wp-json\/wp\/v2\/product_tag?post=85868"}],"curies":[{"name":"wp","href":"https:\/\/api.w.org\/{rel}","templated":true}]}}