





{"id":85832,"date":"2025-07-01T13:57:46","date_gmt":"2025-07-01T11:57:46","guid":{"rendered":"https:\/\/repliquemangacine.fr\/?post_type=product&#038;p=85832"},"modified":"2026-04-15T12:52:01","modified_gmt":"2026-04-15T10:52:01","slug":"piratenpistole-xviii","status":"publish","type":"product","link":"https:\/\/repliquemangacine.fr\/de\/armes-de-pirates\/pistolet-pirate-xviii\/","title":{"rendered":"Piratenpistole XVIII"},"content":{"rendered":"<h2>Eine detaillierte Denix Pirate Pistol XVIII Replik, um einen echten Freibeuter des 18. Jahrhunderts zu verk\u00f6rpern<\/h2>\n<p>Zun\u00e4chst einmal ist diese Piratenpistole XVIII Si\u00e8cle <a href=\"https:\/\/www.denix.fr\/\" target=\"_blank\" rel=\"noopener noreferrer\">Denix<\/a> ist eine originalgetreue Nachbildung einer Piratenwaffe aus dem 18. Jahrhundert, die f\u00fcr wagemutige und furchtlose Linksh\u00e4nder entwickelt wurde.<br class=\"yoast-text-mark\" \/>Auf dem Holzgriff ist ein Piratenemblem abgebildet: ein Totenkopf und gekreuzte S\u00e4bel, das mythische Symbol der gef\u00fcrchteten Freibeuter.<br class=\"yoast-text-mark\" \/>Der gealterte und vergoldete Lauf, die barocken Schnitzereien und der metallenen Hahn veranschaulichen eine bemerkenswerte und immersive Liebe zum Detail.<br class=\"yoast-text-mark\" \/>Dieses Modell ist etwa 38 cm gro\u00df und wiegt insgesamt 654 g, wodurch es hervorragend in der Hand liegt. Au\u00dferdem verf\u00fcgt es \u00fcber einen Gelenkmechanismus, um das Spannen der Waffe aus jener Zeit zu simulieren.<br \/>\nSomit ist sie sowohl f\u00fcr Geschichtsinteressierte als auch f\u00fcr Fans von Fluch der Karibik oder authentischen und filmreifen Meeresabenteuern geeignet.<br \/>\nEs erinnert an die Seele eines Kapit\u00e4ns mit sicherer Hand, der seinen Prinzipien treu bleibt.<br \/>\nSchl\u00fcpfen Sie mit diesem einzigartigen Modell in die Rolle eines entschlossenen, freien und wilden Piraten, der vom Meer und dem Geruch von Schie\u00dfpulver getrieben wird.<\/p>\n<h2>Eine symbolische M\u00fcnze, die die Macht und das Ansehen der Piraten widerspiegelt<\/h2>\n<p>Erstens ist diese Piratenpistole viel mehr als nur eine Waffe: Sie verk\u00f6rpert den Status, die St\u00e4rke und die List erfahrener Freibeuter.<br class=\"yoast-text-mark\" \/>Zun\u00e4chst betrachten wir seine Herstellung, f\u00fcr Linksh\u00e4nder ist selten und wertvoll, oft geschickte und gef\u00fcrchtete Sch\u00fctzen.<br class=\"yoast-text-mark\" \/>Der auf dem Kolben eingravierte Totenkopf ist ein Echo der ber\u00fchmten Schwarzen Flagge, die als Signal der Bedrohung und des t\u00f6dlichen Ultimatums gilt.<br class=\"yoast-text-mark\" \/>Seine eingravierten Verzierungen dr\u00fccken einen hohen Rang aus: Es ist nicht die Waffe eines Schaumschl\u00e4gers, sondern die eines selbstbewussten Anf\u00fchrers.<br class=\"yoast-text-mark\" \/>Beim Entern wird die Pistole f\u00fcr Nahduelle oder als letzter Ausweg verwendet.<br class=\"yoast-text-mark\" \/>Er erinnert daran, dass jeder Pirat bewaffnet, schnell und feuerbereit sein muss.<br class=\"yoast-text-mark\" \/>Alles in allem besitzen Sie mit dieser Denix-Replik ein St\u00fcck Geschichte, eine Waffe, die symbolisch f\u00fcr Mut, Ehre und Freiheit steht.<\/p>\n<h2>Erstellen Sie eine komplette Piratenwelt mit R\u00e9plique Manga Cin\u00e9<\/h2>\n<p>Um deine Piratenausr\u00fcstung zu erweitern, erkunde die komplette Sammlung an Waffen und Zubeh\u00f6r, die du auf <strong>R\u00e9plique Manga Cin\u00e9<\/strong>.<br \/>\nVerbinden Sie diese Pistole zun\u00e4chst mit dem <a href=\"https:\/\/repliquemangacine.fr\/de\/piratenbeiser-sabel\/piratensabel-freibeutersabel\/\" target=\"_blank\" rel=\"noopener noreferrer\">S\u00e4bel zum Entern von Freibeutern<\/a>, ideal als Erg\u00e4nzung zu einem Korsar-Outfit.<br \/>\nF\u00fcgen Sie au\u00dferdem eine <a href=\"https:\/\/repliquemangacine.fr\/de\/piratenbeiser-sabel\/piratengeldbeutel-mit-munzen\/\" target=\"_blank\" rel=\"noopener noreferrer\">Piratenb\u00f6rse<\/a> mit antiken St\u00fccken, um die Atmosph\u00e4re von Beute und Schatz wiederherzustellen.<br \/>\nEntdecken Sie auch unsere <a href=\"https:\/\/repliquemangacine.fr\/de\/piratenwaffen\/pistole-axt-piraten-18-jahrhundert\/\" target=\"_blank\" rel=\"noopener noreferrer\">Axtpistole<\/a> aus dem 18. Jahrhundert, eine kombinierte Waffe mit einer kraftvollen und beeindruckenden \u00c4sthetik.<\/p>\n<p>Auf <strong>R\u00e9plique Manga Cin\u00e9<\/strong>, Wir bieten Ihnen sorgf\u00e4ltig ausgew\u00e4hlte Artikel, die sich durch ihre Qualit\u00e4t und ihren Realismus auszeichnen und Leidenschaft, Geschichte und filmisches Erlebnis miteinander verbinden.<br \/>\nUnsere Repliken sind perfekt f\u00fcr Fans von Fluch der Karibik, Assassin\u2019s Creed oder anderen Universen.<br \/>\nSchlie\u00dflich<strong> R\u00e9plique Manga Cin\u00e9<\/strong>Hier finden Sie Piratensch\u00e4tze, S\u00e4bel, antike Waffen und Nachbildungen von Legenden.<\/p>","protected":false},"excerpt":{"rendered":"<p>Wundersch\u00f6ne Replik einer Piratenpistole f\u00fcr Linksh\u00e4nder, mit goldenen Gravuren, Totenkopf und Altholzoberfl\u00e4che. Ideal f\u00fcr Sammler, Cosplayer oder Marinedekorationen. Symbolisches St\u00fcck aus der Welt der Freibeuter, signiert von Denix.<\/p>\n<p><strong>Produktmerkmale :<\/strong><\/p>\n<ul>\n<li>Herstellung Denix - auf Reproduktionen alter Waffen spezialisierte Marke<\/li>\n<li>F\u00fcr Linksh\u00e4nder konzipiert: umgekehrter ergonomischer Schaft<\/li>\n<li>Goldschnitt auf dem Lauf und barocke Verzierung<\/li>\n<li>Griff aus echtem Holz mit eingelegtem Totenkopf<\/li>\n<li>Gelenkmechanismus mit Feuerstein (Schie\u00dfsimulation)<\/li>\n<li>Ungef\u00e4hre L\u00e4nge: 38 cm<\/li>\n<li>Materialien: gealtertes Metall und Holzimitat<\/li>\n<li>Nicht funktionaler Dekorationsgegenstand - freier Verkauf<\/li>\n<li>Perfekt f\u00fcr Cosplay, Sammlung, Deko oder Reenactment Piraten<\/li>\n<\/ul>","protected":false},"featured_media":85833,"template":"","meta":[],"product_brand":[],"product_cat":[49,102,114],"product_tag":[],"class_list":{"0":"post-85832","1":"product","2":"type-product","3":"status-publish","4":"has-post-thumbnail","6":"product_cat-armes-de-pirates","7":"product_cat-denix","8":"product_cat-pistolet-pirate","10":"first","11":"instock","12":"taxable","13":"shipping-taxable","14":"purchasable","15":"product-type-simple"},"yoast_head":"<!-- This site is optimized with the Yoast SEO plugin v27.5 - https:\/\/yoast.com\/product\/yoast-seo-wordpress\/ -->\n<title>Pistolet Pirate XVIII - R\u00e9plique Manga Cin\u00e9<\/title>\n<meta name=\"description\" content=\"R\u00e9plique Denix d\u2019un Pistolet Pirate XVIII si\u00e8cle pour gaucher, gravures dor\u00e9es et t\u00eate de mort. Parfait pour collection, d\u00e9co ou cosplay.\" \/>\n<meta name=\"robots\" content=\"index, follow, max-snippet:-1, max-image-preview:large, max-video-preview:-1\" \/>\n<link rel=\"canonical\" href=\"https:\/\/repliquemangacine.fr\/de\/piratenwaffen\/piratenpistole-xviii\/\" \/>\n<meta property=\"og:locale\" content=\"de_DE\" \/>\n<meta property=\"og:type\" content=\"article\" \/>\n<meta property=\"og:title\" content=\"Pistolet Pirate XVIII - R\u00e9plique Manga Cin\u00e9\" \/>\n<meta property=\"og:description\" content=\"R\u00e9plique Denix d\u2019un Pistolet Pirate XVIII si\u00e8cle pour gaucher, gravures dor\u00e9es et t\u00eate de mort. Parfait pour collection, d\u00e9co ou cosplay.\" \/>\n<meta property=\"og:url\" content=\"https:\/\/repliquemangacine.fr\/de\/piratenwaffen\/piratenpistole-xviii\/\" \/>\n<meta property=\"og:site_name\" content=\"R\u00e9plique Manga Cin\u00e9\" \/>\n<meta property=\"article:publisher\" content=\"https:\/\/www.facebook.com\/RepliqueMangaCine\" \/>\n<meta property=\"article:modified_time\" content=\"2026-04-15T10:52:01+00:00\" \/>\n<meta property=\"og:image\" content=\"https:\/\/repliquemangacine.fr\/wp-content\/uploads\/2025\/07\/Pistolet-pirate-S.XVIII-gaucher.jpg\" \/>\n\t<meta property=\"og:image:width\" content=\"700\" \/>\n\t<meta property=\"og:image:height\" content=\"700\" \/>\n\t<meta property=\"og:image:type\" content=\"image\/jpeg\" \/>\n<meta name=\"twitter:card\" content=\"summary_large_image\" \/>\n<meta name=\"twitter:label1\" content=\"Gesch\u00e4tzte Lesezeit\" \/>\n\t<meta name=\"twitter:data1\" content=\"3\u00a0Minuten\" \/>\n<script type=\"application\/ld+json\" class=\"yoast-schema-graph\">{\"@context\":\"https:\\\/\\\/schema.org\",\"@graph\":[{\"@type\":\"WebPage\",\"@id\":\"https:\\\/\\\/repliquemangacine.fr\\\/armes-de-pirates\\\/pistolet-pirate-xviii\\\/\",\"url\":\"https:\\\/\\\/repliquemangacine.fr\\\/armes-de-pirates\\\/pistolet-pirate-xviii\\\/\",\"name\":\"Pistolet Pirate XVIII - R\u00e9plique Manga Cin\u00e9\",\"isPartOf\":{\"@id\":\"https:\\\/\\\/repliquemangacine.fr\\\/#website\"},\"primaryImageOfPage\":{\"@id\":\"https:\\\/\\\/repliquemangacine.fr\\\/armes-de-pirates\\\/pistolet-pirate-xviii\\\/#primaryimage\"},\"image\":{\"@id\":\"https:\\\/\\\/repliquemangacine.fr\\\/armes-de-pirates\\\/pistolet-pirate-xviii\\\/#primaryimage\"},\"thumbnailUrl\":\"https:\\\/\\\/repliquemangacine.fr\\\/wp-content\\\/uploads\\\/2025\\\/07\\\/Pistolet-pirate-S.XVIII-gaucher.jpg\",\"datePublished\":\"2025-07-01T11:57:46+00:00\",\"dateModified\":\"2026-04-15T10:52:01+00:00\",\"description\":\"R\u00e9plique Denix d\u2019un Pistolet Pirate XVIII si\u00e8cle pour gaucher, gravures dor\u00e9es et t\u00eate de mort. Parfait pour collection, d\u00e9co ou cosplay.\",\"breadcrumb\":{\"@id\":\"https:\\\/\\\/repliquemangacine.fr\\\/armes-de-pirates\\\/pistolet-pirate-xviii\\\/#breadcrumb\"},\"inLanguage\":\"de\",\"potentialAction\":[{\"@type\":\"ReadAction\",\"target\":[\"https:\\\/\\\/repliquemangacine.fr\\\/armes-de-pirates\\\/pistolet-pirate-xviii\\\/\"]}]},{\"@type\":\"ImageObject\",\"inLanguage\":\"de\",\"@id\":\"https:\\\/\\\/repliquemangacine.fr\\\/armes-de-pirates\\\/pistolet-pirate-xviii\\\/#primaryimage\",\"url\":\"https:\\\/\\\/repliquemangacine.fr\\\/wp-content\\\/uploads\\\/2025\\\/07\\\/Pistolet-pirate-S.XVIII-gaucher.jpg\",\"contentUrl\":\"https:\\\/\\\/repliquemangacine.fr\\\/wp-content\\\/uploads\\\/2025\\\/07\\\/Pistolet-pirate-S.XVIII-gaucher.jpg\",\"width\":700,\"height\":700,\"caption\":\"Pistolet-pirate-S.XVIII-gaucher\"},{\"@type\":\"BreadcrumbList\",\"@id\":\"https:\\\/\\\/repliquemangacine.fr\\\/armes-de-pirates\\\/pistolet-pirate-xviii\\\/#breadcrumb\",\"itemListElement\":[{\"@type\":\"ListItem\",\"position\":1,\"name\":\"Accueil\",\"item\":\"https:\\\/\\\/repliquemangacine.fr\\\/\"},{\"@type\":\"ListItem\",\"position\":2,\"name\":\"Produits\",\"item\":\"https:\\\/\\\/repliquemangacine.fr\\\/boutique\\\/\"},{\"@type\":\"ListItem\",\"position\":3,\"name\":\"Pistolet Pirate XVIII\"}]},{\"@type\":\"WebSite\",\"@id\":\"https:\\\/\\\/repliquemangacine.fr\\\/#website\",\"url\":\"https:\\\/\\\/repliquemangacine.fr\\\/\",\"name\":\"R\u00e9plique Manga Cin\u00e9\",\"description\":\"\",\"publisher\":{\"@id\":\"https:\\\/\\\/repliquemangacine.fr\\\/#organization\"},\"potentialAction\":[{\"@type\":\"SearchAction\",\"target\":{\"@type\":\"EntryPoint\",\"urlTemplate\":\"https:\\\/\\\/repliquemangacine.fr\\\/?s={search_term_string}\"},\"query-input\":{\"@type\":\"PropertyValueSpecification\",\"valueRequired\":true,\"valueName\":\"search_term_string\"}}],\"inLanguage\":\"de\"},{\"@type\":\"Organization\",\"@id\":\"https:\\\/\\\/repliquemangacine.fr\\\/#organization\",\"name\":\"R\u00e9plique Manga Cin\u00e9\",\"url\":\"https:\\\/\\\/repliquemangacine.fr\\\/\",\"logo\":{\"@type\":\"ImageObject\",\"inLanguage\":\"de\",\"@id\":\"https:\\\/\\\/repliquemangacine.fr\\\/#\\\/schema\\\/logo\\\/image\\\/\",\"url\":\"https:\\\/\\\/repliquemangacine.fr\\\/wp-content\\\/uploads\\\/2023\\\/10\\\/RMC-500250.png\",\"contentUrl\":\"https:\\\/\\\/repliquemangacine.fr\\\/wp-content\\\/uploads\\\/2023\\\/10\\\/RMC-500250.png\",\"width\":500,\"height\":250,\"caption\":\"R\u00e9plique Manga Cin\u00e9\"},\"image\":{\"@id\":\"https:\\\/\\\/repliquemangacine.fr\\\/#\\\/schema\\\/logo\\\/image\\\/\"},\"sameAs\":[\"https:\\\/\\\/www.facebook.com\\\/RepliqueMangaCine\",\"https:\\\/\\\/www.instagram.com\\\/repliquemangacine.fr\\\/\"]}]}<\/script>\n<!-- \/ Yoast SEO plugin. -->","yoast_head_json":{"title":"Piratenpistole XVIII - R\u00e9plique Manga Cin\u00e9","description":"Denix-Replik einer Piratenpistole aus dem 18. Jahrhundert f\u00fcr Linksh\u00e4nder, mit vergoldeten Gravuren und einem Totenkopf. Perfekt f\u00fcr Sammlung, Deko oder Cosplay.","robots":{"index":"index","follow":"follow","max-snippet":"max-snippet:-1","max-image-preview":"max-image-preview:large","max-video-preview":"max-video-preview:-1"},"canonical":"https:\/\/repliquemangacine.fr\/de\/piratenwaffen\/piratenpistole-xviii\/","og_locale":"de_DE","og_type":"article","og_title":"Pistolet Pirate XVIII - R\u00e9plique Manga Cin\u00e9","og_description":"R\u00e9plique Denix d\u2019un Pistolet Pirate XVIII si\u00e8cle pour gaucher, gravures dor\u00e9es et t\u00eate de mort. Parfait pour collection, d\u00e9co ou cosplay.","og_url":"https:\/\/repliquemangacine.fr\/de\/piratenwaffen\/piratenpistole-xviii\/","og_site_name":"R\u00e9plique Manga Cin\u00e9","article_publisher":"https:\/\/www.facebook.com\/RepliqueMangaCine","article_modified_time":"2026-04-15T10:52:01+00:00","og_image":[{"width":700,"height":700,"url":"https:\/\/repliquemangacine.fr\/wp-content\/uploads\/2025\/07\/Pistolet-pirate-S.XVIII-gaucher.jpg","type":"image\/jpeg"}],"twitter_card":"summary_large_image","twitter_misc":{"Gesch\u00e4tzte Lesezeit":"3\u00a0Minuten"},"schema":{"@context":"https:\/\/schema.org","@graph":[{"@type":"WebPage","@id":"https:\/\/repliquemangacine.fr\/armes-de-pirates\/pistolet-pirate-xviii\/","url":"https:\/\/repliquemangacine.fr\/armes-de-pirates\/pistolet-pirate-xviii\/","name":"Piratenpistole XVIII - R\u00e9plique Manga Cin\u00e9","isPartOf":{"@id":"https:\/\/repliquemangacine.fr\/#website"},"primaryImageOfPage":{"@id":"https:\/\/repliquemangacine.fr\/armes-de-pirates\/pistolet-pirate-xviii\/#primaryimage"},"image":{"@id":"https:\/\/repliquemangacine.fr\/armes-de-pirates\/pistolet-pirate-xviii\/#primaryimage"},"thumbnailUrl":"https:\/\/repliquemangacine.fr\/wp-content\/uploads\/2025\/07\/Pistolet-pirate-S.XVIII-gaucher.jpg","datePublished":"2025-07-01T11:57:46+00:00","dateModified":"2026-04-15T10:52:01+00:00","description":"Denix-Replik einer Piratenpistole aus dem 18. Jahrhundert f\u00fcr Linksh\u00e4nder, mit vergoldeten Gravuren und einem Totenkopf. Perfekt f\u00fcr Sammlung, Deko oder Cosplay.","breadcrumb":{"@id":"https:\/\/repliquemangacine.fr\/armes-de-pirates\/pistolet-pirate-xviii\/#breadcrumb"},"inLanguage":"de","potentialAction":[{"@type":"ReadAction","target":["https:\/\/repliquemangacine.fr\/armes-de-pirates\/pistolet-pirate-xviii\/"]}]},{"@type":"ImageObject","inLanguage":"de","@id":"https:\/\/repliquemangacine.fr\/armes-de-pirates\/pistolet-pirate-xviii\/#primaryimage","url":"https:\/\/repliquemangacine.fr\/wp-content\/uploads\/2025\/07\/Pistolet-pirate-S.XVIII-gaucher.jpg","contentUrl":"https:\/\/repliquemangacine.fr\/wp-content\/uploads\/2025\/07\/Pistolet-pirate-S.XVIII-gaucher.jpg","width":700,"height":700,"caption":"Pistolet-pirate-S.XVIII-gaucher"},{"@type":"BreadcrumbList","@id":"https:\/\/repliquemangacine.fr\/armes-de-pirates\/pistolet-pirate-xviii\/#breadcrumb","itemListElement":[{"@type":"ListItem","position":1,"name":"Accueil","item":"https:\/\/repliquemangacine.fr\/"},{"@type":"ListItem","position":2,"name":"Produits","item":"https:\/\/repliquemangacine.fr\/boutique\/"},{"@type":"ListItem","position":3,"name":"Pistolet Pirate XVIII"}]},{"@type":"WebSite","@id":"https:\/\/repliquemangacine.fr\/#website","url":"https:\/\/repliquemangacine.fr\/","name":"R\u00e9plique Manga Cin\u00e9","description":"","publisher":{"@id":"https:\/\/repliquemangacine.fr\/#organization"},"potentialAction":[{"@type":"SearchAction","target":{"@type":"EntryPoint","urlTemplate":"https:\/\/repliquemangacine.fr\/?s={search_term_string}"},"query-input":{"@type":"PropertyValueSpecification","valueRequired":true,"valueName":"search_term_string"}}],"inLanguage":"de"},{"@type":"Organization","@id":"https:\/\/repliquemangacine.fr\/#organization","name":"R\u00e9plique Manga Cin\u00e9","url":"https:\/\/repliquemangacine.fr\/","logo":{"@type":"ImageObject","inLanguage":"de","@id":"https:\/\/repliquemangacine.fr\/#\/schema\/logo\/image\/","url":"https:\/\/repliquemangacine.fr\/wp-content\/uploads\/2023\/10\/RMC-500250.png","contentUrl":"https:\/\/repliquemangacine.fr\/wp-content\/uploads\/2023\/10\/RMC-500250.png","width":500,"height":250,"caption":"R\u00e9plique Manga Cin\u00e9"},"image":{"@id":"https:\/\/repliquemangacine.fr\/#\/schema\/logo\/image\/"},"sameAs":["https:\/\/www.facebook.com\/RepliqueMangaCine","https:\/\/www.instagram.com\/repliquemangacine.fr\/"]}]}},"_links":{"self":[{"href":"https:\/\/repliquemangacine.fr\/de\/wp-json\/wp\/v2\/product\/85832","targetHints":{"allow":["GET"]}}],"collection":[{"href":"https:\/\/repliquemangacine.fr\/de\/wp-json\/wp\/v2\/product"}],"about":[{"href":"https:\/\/repliquemangacine.fr\/de\/wp-json\/wp\/v2\/types\/product"}],"wp:featuredmedia":[{"embeddable":true,"href":"https:\/\/repliquemangacine.fr\/de\/wp-json\/wp\/v2\/media\/85833"}],"wp:attachment":[{"href":"https:\/\/repliquemangacine.fr\/de\/wp-json\/wp\/v2\/media?parent=85832"}],"wp:term":[{"taxonomy":"product_brand","embeddable":true,"href":"https:\/\/repliquemangacine.fr\/de\/wp-json\/wp\/v2\/product_brand?post=85832"},{"taxonomy":"product_cat","embeddable":true,"href":"https:\/\/repliquemangacine.fr\/de\/wp-json\/wp\/v2\/product_cat?post=85832"},{"taxonomy":"product_tag","embeddable":true,"href":"https:\/\/repliquemangacine.fr\/de\/wp-json\/wp\/v2\/product_tag?post=85832"}],"curies":[{"name":"wp","href":"https:\/\/api.w.org\/{rel}","templated":true}]}}