





{"id":85782,"date":"2025-07-01T09:43:51","date_gmt":"2025-07-01T07:43:51","guid":{"rendered":"https:\/\/repliquemangacine.fr\/?post_type=product&#038;p=85782"},"modified":"2026-02-19T10:18:13","modified_gmt":"2026-02-19T09:18:13","slug":"grose-piratenpistole-denix","status":"publish","type":"product","link":"https:\/\/repliquemangacine.fr\/de\/armes-de-pirates\/grand-pistolet-pirate-denix\/","title":{"rendered":"Gro\u00dfe Denix-Piratenpistole"},"content":{"rendered":"<h2>Eine imposante Gro\u00dfe Denix-Piratenpistole mit Geschichte und immersivem Realismus<\/h2>\n<p>Inspiriert von den Feuerwaffen des 18. Jahrhunderts verk\u00f6rpert diese gro\u00dfe Piratenpistole von Denix die Kraft und Eleganz der Freibeuter.<br \/>\nMit einer L\u00e4nge von 42 cm beeindruckt es sofort durch seine gro\u00dfz\u00fcgige Gr\u00f6\u00dfe, die den Bordwaffen der Piraten entspricht.<br \/>\nJedes Detail wurde so gestaltet, dass es die historische Realit\u00e4t widerspiegelt, vom doppelten Federhaus bis hin zu den Totenkopfgravuren.<br \/>\nDank seiner beiden Abzugshebel wird das Schie\u00dfen realistisch simuliert, sodass man w\u00e4hrend der Ausstellung vollst\u00e4ndig in die Welt eintauchen kann.<br \/>\nSein Funktionsmechanismus erm\u00f6glicht es, das Laden zu simulieren, wodurch die Replik in Ihren H\u00e4nden noch authentischer und lebendiger wirkt.<br \/>\nDar\u00fcber hinaus unterstreicht die Verarbeitung aus gealtertem Metall und Holzimitat seinen antiken Charme und seine beeindruckend authentische Optik.<br \/>\nSo verbinden Sie Geschichte und \u00c4sthetik mit einer Nachbildung einer Piratenwaffe!<br \/>\nSchlie\u00dflich diese Antwort <a href=\"https:\/\/www.denix.fr\/\" target=\"_blank\" rel=\"noopener noreferrer\">Denix<\/a> ist ein Muss f\u00fcr alle Fans von Piraten und historischen Dekorationen.<\/p>\n<h2>Ein furchteinfl\u00f6\u00dfendes Symbol, Emblem der gef\u00e4hrlichsten Piraten des 18. Jahrhunderts<\/h2>\n<p>Diese doppell\u00e4ufige Pistole war die Lieblingswaffe der Piratenkapit\u00e4ne, da sie es erm\u00f6glichte, zweimal zu schie\u00dfen, ohne sofort nachladen zu m\u00fcssen.<br \/>\nDieses Modell wurde bei Angriffen oder Nahk\u00e4mpfen eingesetzt und bot einen t\u00f6dlichen Vorteil gegen\u00fcber den langen, langsam nachladbaren Musketen.<br \/>\nSein doppelter Abzugsmechanismus symbolisiert die Innovationskraft der Piraten, die st\u00e4ndig danach strebten, ihre Feinde zu \u00fcberraschen und zu beherrschen.<br \/>\nDie Gravuren und Verzierungen spiegeln auch den sozialen Status wider: Diese Art von Waffe wurde von Anf\u00fchrern oder reichen Freibeutern getragen.<br \/>\nDenix hat jedes Detail ber\u00fccksichtigt und dieses St\u00fcck in eine echte Zeitkapsel aus der goldenen \u00c4ra der Seepiraterie verwandelt.<br \/>\nSein massives Aussehen, seine patinierte Oberfl\u00e4che und sein realistischer Mechanismus verleihen ihm eine seltene Pr\u00e4senz in jeder Waffensammlung.<br \/>\nDamit besitzen Sie ein St\u00fcck, das die K\u00fchnheit, List und Freiheit der legend\u00e4ren Piraten verk\u00f6rpert.<\/p>\n<h2>Vervollst\u00e4ndigen Sie Ihre Piratenausr\u00fcstung mit den Must-Haves von R\u00e9plique Manga Cin\u00e9<\/h2>\n<p>Um ganz in die Welt der Piraten einzutauchen, finden Sie auf unserer Website weitere ikonische Accessoires und Waffen. <strong>R\u00e9plique Manga Cin\u00e9<\/strong>.<br \/>\nKombinieren Sie diese Denix-Pistole mit unserem <a href=\"https:\/\/repliquemangacine.fr\/de\/piratenbeiser-sabel\/piratensabel-freibeutersabel\/\" target=\"_blank\" rel=\"noopener noreferrer\">S\u00e4bel zum Entern von Freibeutern<\/a>, ein robustes Modell mit gebogener Klinge.<br \/>\nF\u00fcgen Sie auch die <a href=\"https:\/\/repliquemangacine.fr\/de\/piratenbeiser-sabel\/piratengeldbeutel-mit-munzen\/\" target=\"_blank\" rel=\"noopener noreferrer\">Piratenb\u00f6rse mit alter W\u00e4hrung<\/a>, um Ihre eigenen Pl\u00fcnderungsszenen nachzustellen oder ein detailreiches Kost\u00fcm zu vervollst\u00e4ndigen.<br \/>\nSie k\u00f6nnen sich auch f\u00fcr das sehr originelle <a href=\"https:\/\/repliquemangacine.fr\/de\/piratenwaffen\/pistole-axt-piraten-18-jahrhundert\/\" target=\"_blank\" rel=\"noopener noreferrer\">Axtpistole Pirat.<\/a><br \/>\nDieses Zubeh\u00f6r ist ideal f\u00fcr Sammler, Geschichtsinteressierte und Cosplay-Fans.<br \/>\nJedes von <strong>R\u00e9plique Manga Cin\u00e9<\/strong> vereint hochwertige Verarbeitung, historische Authentizit\u00e4t und einen f\u00fcr die breite Masse erschwinglichen Preis.<br \/>\nDank ihnen entsteht Ihre Piratenwelt mit Koh\u00e4renz und Stil.<br \/>\nZusammen schaffen diese St\u00fccke eine immersive Atmosph\u00e4re, sei es f\u00fcr eine pers\u00f6nliche Sammlung oder eine Veranstaltungsinszenierung.<br \/>\nWerden Sie Teil der Crew von <strong>R\u00e9plique Manga Cin\u00e9<\/strong> und halten Sie die Fahne hoch f\u00fcr das gro\u00dfe goldene Zeitalter der Piraterie!<\/p>","protected":false},"excerpt":{"rendered":"<p>Wundersch\u00f6ne Nachbildung einer doppell\u00e4ufigen Piratenpistole, die vom 18. Jahrhundert inspiriert ist. Jahrhundert. Realistische Details, Vintage-Finish, Schie\u00dfsimulation.<\/p>\n<p><strong>Hauptmerkmale :<\/strong><br \/>\n- Replik einer Piratenpistole aus dem 18. Jahrhundert (Modell Denix)<br \/>\n- L\u00e4nge: 42 cm - imposantes, zeitgetreues Format<br \/>\n- Funktionaler Doppelzylinder und Doppelabzug f\u00fcr realistische Simulation<br \/>\n- Simulationsmechanismus f\u00fcr gefahrloses Laden und Schie\u00dfen<br \/>\n- Herstellung aus Metall und Holzimitat im Used-Look<br \/>\n- Ideal f\u00fcr Cosplay, Sammlung oder thematische Dekoration<br \/>\n- Nicht funktionaler Gegenstand (keine echte Munition - frei verk\u00e4uflich)<br \/>\n- Historische Nachbildung eines Modells, das bei Schiffszusammenst\u00f6\u00dfen verwendet wurde<br \/>\n- Perfekt in Kombination mit S\u00e4beln, Piratenbeuteln oder Axtpistolen<br \/>\n- Exklusiv auf R\u00e9plique Manga Cin\u00e9<\/p>","protected":false},"featured_media":85803,"template":"","meta":[],"product_brand":[],"product_cat":[49,102,114],"product_tag":[],"class_list":{"0":"post-85782","1":"product","2":"type-product","3":"status-publish","4":"has-post-thumbnail","6":"product_cat-armes-de-pirates","7":"product_cat-denix","8":"product_cat-pistolet-pirate","10":"first","11":"instock","12":"taxable","13":"shipping-taxable","14":"purchasable","15":"product-type-simple"},"yoast_head":"<!-- This site is optimized with the Yoast SEO plugin v27.5 - https:\/\/yoast.com\/product\/yoast-seo-wordpress\/ -->\n<title>Grand Pistolet Pirate Denix - R\u00e9plique Manga Cin\u00e9<\/title>\n<meta name=\"description\" content=\"D\u00e9couvrez le Grand Pistolet Pirate Denix \u00e0 double barillet, 42 cm, r\u00e9alisme historique garanti. Parfait pour collection, cosplay d\u2019\u00e9poque XVIIIe si\u00e8cle.\" \/>\n<meta name=\"robots\" content=\"index, follow, max-snippet:-1, max-image-preview:large, max-video-preview:-1\" \/>\n<link rel=\"canonical\" href=\"https:\/\/repliquemangacine.fr\/de\/piratenwaffen\/grose-piratenpistole-denix\/\" \/>\n<meta property=\"og:locale\" content=\"de_DE\" \/>\n<meta property=\"og:type\" content=\"article\" \/>\n<meta property=\"og:title\" content=\"Grand Pistolet Pirate Denix - R\u00e9plique Manga Cin\u00e9\" \/>\n<meta property=\"og:description\" content=\"D\u00e9couvrez le Grand Pistolet Pirate Denix \u00e0 double barillet, 42 cm, r\u00e9alisme historique garanti. Parfait pour collection, cosplay d\u2019\u00e9poque XVIIIe si\u00e8cle.\" \/>\n<meta property=\"og:url\" content=\"https:\/\/repliquemangacine.fr\/de\/piratenwaffen\/grose-piratenpistole-denix\/\" \/>\n<meta property=\"og:site_name\" content=\"R\u00e9plique Manga Cin\u00e9\" \/>\n<meta property=\"article:publisher\" content=\"https:\/\/www.facebook.com\/RepliqueMangaCine\" \/>\n<meta property=\"article:modified_time\" content=\"2026-02-19T09:18:13+00:00\" \/>\n<meta property=\"og:image\" content=\"https:\/\/repliquemangacine.fr\/wp-content\/uploads\/2025\/06\/Grand-Pistolet-Pirate-Denix-autre-profil-.jpg\" \/>\n\t<meta property=\"og:image:width\" content=\"700\" \/>\n\t<meta property=\"og:image:height\" content=\"700\" \/>\n\t<meta property=\"og:image:type\" content=\"image\/jpeg\" \/>\n<meta name=\"twitter:card\" content=\"summary_large_image\" \/>\n<meta name=\"twitter:label1\" content=\"Gesch\u00e4tzte Lesezeit\" \/>\n\t<meta name=\"twitter:data1\" content=\"3\u00a0Minuten\" \/>\n<script type=\"application\/ld+json\" class=\"yoast-schema-graph\">{\"@context\":\"https:\\\/\\\/schema.org\",\"@graph\":[{\"@type\":\"WebPage\",\"@id\":\"https:\\\/\\\/repliquemangacine.fr\\\/armes-de-pirates\\\/grand-pistolet-pirate-denix\\\/\",\"url\":\"https:\\\/\\\/repliquemangacine.fr\\\/armes-de-pirates\\\/grand-pistolet-pirate-denix\\\/\",\"name\":\"Grand Pistolet Pirate Denix - R\u00e9plique Manga Cin\u00e9\",\"isPartOf\":{\"@id\":\"https:\\\/\\\/repliquemangacine.fr\\\/#website\"},\"primaryImageOfPage\":{\"@id\":\"https:\\\/\\\/repliquemangacine.fr\\\/armes-de-pirates\\\/grand-pistolet-pirate-denix\\\/#primaryimage\"},\"image\":{\"@id\":\"https:\\\/\\\/repliquemangacine.fr\\\/armes-de-pirates\\\/grand-pistolet-pirate-denix\\\/#primaryimage\"},\"thumbnailUrl\":\"https:\\\/\\\/repliquemangacine.fr\\\/wp-content\\\/uploads\\\/2025\\\/06\\\/Grand-Pistolet-Pirate-Denix-autre-profil-.jpg\",\"datePublished\":\"2025-07-01T07:43:51+00:00\",\"dateModified\":\"2026-02-19T09:18:13+00:00\",\"description\":\"D\u00e9couvrez le Grand Pistolet Pirate Denix \u00e0 double barillet, 42 cm, r\u00e9alisme historique garanti. Parfait pour collection, cosplay d\u2019\u00e9poque XVIIIe si\u00e8cle.\",\"breadcrumb\":{\"@id\":\"https:\\\/\\\/repliquemangacine.fr\\\/armes-de-pirates\\\/grand-pistolet-pirate-denix\\\/#breadcrumb\"},\"inLanguage\":\"de\",\"potentialAction\":[{\"@type\":\"ReadAction\",\"target\":[\"https:\\\/\\\/repliquemangacine.fr\\\/armes-de-pirates\\\/grand-pistolet-pirate-denix\\\/\"]}]},{\"@type\":\"ImageObject\",\"inLanguage\":\"de\",\"@id\":\"https:\\\/\\\/repliquemangacine.fr\\\/armes-de-pirates\\\/grand-pistolet-pirate-denix\\\/#primaryimage\",\"url\":\"https:\\\/\\\/repliquemangacine.fr\\\/wp-content\\\/uploads\\\/2025\\\/06\\\/Grand-Pistolet-Pirate-Denix-autre-profil-.jpg\",\"contentUrl\":\"https:\\\/\\\/repliquemangacine.fr\\\/wp-content\\\/uploads\\\/2025\\\/06\\\/Grand-Pistolet-Pirate-Denix-autre-profil-.jpg\",\"width\":700,\"height\":700,\"caption\":\"R\u00e9plique du grand pistolet pirate Denix \u00e0 double barillet du XVIIIe si\u00e8cle, finition bois et m\u00e9tal vieilli, 42 cm.\"},{\"@type\":\"BreadcrumbList\",\"@id\":\"https:\\\/\\\/repliquemangacine.fr\\\/armes-de-pirates\\\/grand-pistolet-pirate-denix\\\/#breadcrumb\",\"itemListElement\":[{\"@type\":\"ListItem\",\"position\":1,\"name\":\"Accueil\",\"item\":\"https:\\\/\\\/repliquemangacine.fr\\\/\"},{\"@type\":\"ListItem\",\"position\":2,\"name\":\"Produits\",\"item\":\"https:\\\/\\\/repliquemangacine.fr\\\/boutique\\\/\"},{\"@type\":\"ListItem\",\"position\":3,\"name\":\"Grand Pistolet Pirate Denix\"}]},{\"@type\":\"WebSite\",\"@id\":\"https:\\\/\\\/repliquemangacine.fr\\\/#website\",\"url\":\"https:\\\/\\\/repliquemangacine.fr\\\/\",\"name\":\"R\u00e9plique Manga Cin\u00e9\",\"description\":\"\",\"publisher\":{\"@id\":\"https:\\\/\\\/repliquemangacine.fr\\\/#organization\"},\"potentialAction\":[{\"@type\":\"SearchAction\",\"target\":{\"@type\":\"EntryPoint\",\"urlTemplate\":\"https:\\\/\\\/repliquemangacine.fr\\\/?s={search_term_string}\"},\"query-input\":{\"@type\":\"PropertyValueSpecification\",\"valueRequired\":true,\"valueName\":\"search_term_string\"}}],\"inLanguage\":\"de\"},{\"@type\":\"Organization\",\"@id\":\"https:\\\/\\\/repliquemangacine.fr\\\/#organization\",\"name\":\"R\u00e9plique Manga Cin\u00e9\",\"url\":\"https:\\\/\\\/repliquemangacine.fr\\\/\",\"logo\":{\"@type\":\"ImageObject\",\"inLanguage\":\"de\",\"@id\":\"https:\\\/\\\/repliquemangacine.fr\\\/#\\\/schema\\\/logo\\\/image\\\/\",\"url\":\"https:\\\/\\\/repliquemangacine.fr\\\/wp-content\\\/uploads\\\/2023\\\/10\\\/RMC-500250.png\",\"contentUrl\":\"https:\\\/\\\/repliquemangacine.fr\\\/wp-content\\\/uploads\\\/2023\\\/10\\\/RMC-500250.png\",\"width\":500,\"height\":250,\"caption\":\"R\u00e9plique Manga Cin\u00e9\"},\"image\":{\"@id\":\"https:\\\/\\\/repliquemangacine.fr\\\/#\\\/schema\\\/logo\\\/image\\\/\"},\"sameAs\":[\"https:\\\/\\\/www.facebook.com\\\/RepliqueMangaCine\",\"https:\\\/\\\/www.instagram.com\\\/repliquemangacine.fr\\\/\"]}]}<\/script>\n<!-- \/ Yoast SEO plugin. -->","yoast_head_json":{"title":"Gro\u00dfe Denix-Piratenpistole - R\u00e9plique Manga Cin\u00e9","description":"Entdecken Sie die gro\u00dfe Denix-Piratenpistole mit doppeltem Lauf, 42 cm, garantiert historisch realistisch. Perfekt f\u00fcr Sammlungen, Cosplay im 18. Jahrhundert.","robots":{"index":"index","follow":"follow","max-snippet":"max-snippet:-1","max-image-preview":"max-image-preview:large","max-video-preview":"max-video-preview:-1"},"canonical":"https:\/\/repliquemangacine.fr\/de\/piratenwaffen\/grose-piratenpistole-denix\/","og_locale":"de_DE","og_type":"article","og_title":"Grand Pistolet Pirate Denix - R\u00e9plique Manga Cin\u00e9","og_description":"D\u00e9couvrez le Grand Pistolet Pirate Denix \u00e0 double barillet, 42 cm, r\u00e9alisme historique garanti. Parfait pour collection, cosplay d\u2019\u00e9poque XVIIIe si\u00e8cle.","og_url":"https:\/\/repliquemangacine.fr\/de\/piratenwaffen\/grose-piratenpistole-denix\/","og_site_name":"R\u00e9plique Manga Cin\u00e9","article_publisher":"https:\/\/www.facebook.com\/RepliqueMangaCine","article_modified_time":"2026-02-19T09:18:13+00:00","og_image":[{"width":700,"height":700,"url":"https:\/\/repliquemangacine.fr\/wp-content\/uploads\/2025\/06\/Grand-Pistolet-Pirate-Denix-autre-profil-.jpg","type":"image\/jpeg"}],"twitter_card":"summary_large_image","twitter_misc":{"Gesch\u00e4tzte Lesezeit":"3\u00a0Minuten"},"schema":{"@context":"https:\/\/schema.org","@graph":[{"@type":"WebPage","@id":"https:\/\/repliquemangacine.fr\/armes-de-pirates\/grand-pistolet-pirate-denix\/","url":"https:\/\/repliquemangacine.fr\/armes-de-pirates\/grand-pistolet-pirate-denix\/","name":"Gro\u00dfe Denix-Piratenpistole - R\u00e9plique Manga Cin\u00e9","isPartOf":{"@id":"https:\/\/repliquemangacine.fr\/#website"},"primaryImageOfPage":{"@id":"https:\/\/repliquemangacine.fr\/armes-de-pirates\/grand-pistolet-pirate-denix\/#primaryimage"},"image":{"@id":"https:\/\/repliquemangacine.fr\/armes-de-pirates\/grand-pistolet-pirate-denix\/#primaryimage"},"thumbnailUrl":"https:\/\/repliquemangacine.fr\/wp-content\/uploads\/2025\/06\/Grand-Pistolet-Pirate-Denix-autre-profil-.jpg","datePublished":"2025-07-01T07:43:51+00:00","dateModified":"2026-02-19T09:18:13+00:00","description":"Entdecken Sie die gro\u00dfe Denix-Piratenpistole mit doppeltem Lauf, 42 cm, garantiert historisch realistisch. Perfekt f\u00fcr Sammlungen, Cosplay im 18. Jahrhundert.","breadcrumb":{"@id":"https:\/\/repliquemangacine.fr\/armes-de-pirates\/grand-pistolet-pirate-denix\/#breadcrumb"},"inLanguage":"de","potentialAction":[{"@type":"ReadAction","target":["https:\/\/repliquemangacine.fr\/armes-de-pirates\/grand-pistolet-pirate-denix\/"]}]},{"@type":"ImageObject","inLanguage":"de","@id":"https:\/\/repliquemangacine.fr\/armes-de-pirates\/grand-pistolet-pirate-denix\/#primaryimage","url":"https:\/\/repliquemangacine.fr\/wp-content\/uploads\/2025\/06\/Grand-Pistolet-Pirate-Denix-autre-profil-.jpg","contentUrl":"https:\/\/repliquemangacine.fr\/wp-content\/uploads\/2025\/06\/Grand-Pistolet-Pirate-Denix-autre-profil-.jpg","width":700,"height":700,"caption":"R\u00e9plique du grand pistolet pirate Denix \u00e0 double barillet du XVIIIe si\u00e8cle, finition bois et m\u00e9tal vieilli, 42 cm."},{"@type":"BreadcrumbList","@id":"https:\/\/repliquemangacine.fr\/armes-de-pirates\/grand-pistolet-pirate-denix\/#breadcrumb","itemListElement":[{"@type":"ListItem","position":1,"name":"Accueil","item":"https:\/\/repliquemangacine.fr\/"},{"@type":"ListItem","position":2,"name":"Produits","item":"https:\/\/repliquemangacine.fr\/boutique\/"},{"@type":"ListItem","position":3,"name":"Grand Pistolet Pirate Denix"}]},{"@type":"WebSite","@id":"https:\/\/repliquemangacine.fr\/#website","url":"https:\/\/repliquemangacine.fr\/","name":"R\u00e9plique Manga Cin\u00e9","description":"","publisher":{"@id":"https:\/\/repliquemangacine.fr\/#organization"},"potentialAction":[{"@type":"SearchAction","target":{"@type":"EntryPoint","urlTemplate":"https:\/\/repliquemangacine.fr\/?s={search_term_string}"},"query-input":{"@type":"PropertyValueSpecification","valueRequired":true,"valueName":"search_term_string"}}],"inLanguage":"de"},{"@type":"Organization","@id":"https:\/\/repliquemangacine.fr\/#organization","name":"R\u00e9plique Manga Cin\u00e9","url":"https:\/\/repliquemangacine.fr\/","logo":{"@type":"ImageObject","inLanguage":"de","@id":"https:\/\/repliquemangacine.fr\/#\/schema\/logo\/image\/","url":"https:\/\/repliquemangacine.fr\/wp-content\/uploads\/2023\/10\/RMC-500250.png","contentUrl":"https:\/\/repliquemangacine.fr\/wp-content\/uploads\/2023\/10\/RMC-500250.png","width":500,"height":250,"caption":"R\u00e9plique Manga Cin\u00e9"},"image":{"@id":"https:\/\/repliquemangacine.fr\/#\/schema\/logo\/image\/"},"sameAs":["https:\/\/www.facebook.com\/RepliqueMangaCine","https:\/\/www.instagram.com\/repliquemangacine.fr\/"]}]}},"_links":{"self":[{"href":"https:\/\/repliquemangacine.fr\/de\/wp-json\/wp\/v2\/product\/85782","targetHints":{"allow":["GET"]}}],"collection":[{"href":"https:\/\/repliquemangacine.fr\/de\/wp-json\/wp\/v2\/product"}],"about":[{"href":"https:\/\/repliquemangacine.fr\/de\/wp-json\/wp\/v2\/types\/product"}],"wp:featuredmedia":[{"embeddable":true,"href":"https:\/\/repliquemangacine.fr\/de\/wp-json\/wp\/v2\/media\/85803"}],"wp:attachment":[{"href":"https:\/\/repliquemangacine.fr\/de\/wp-json\/wp\/v2\/media?parent=85782"}],"wp:term":[{"taxonomy":"product_brand","embeddable":true,"href":"https:\/\/repliquemangacine.fr\/de\/wp-json\/wp\/v2\/product_brand?post=85782"},{"taxonomy":"product_cat","embeddable":true,"href":"https:\/\/repliquemangacine.fr\/de\/wp-json\/wp\/v2\/product_cat?post=85782"},{"taxonomy":"product_tag","embeddable":true,"href":"https:\/\/repliquemangacine.fr\/de\/wp-json\/wp\/v2\/product_tag?post=85782"}],"curies":[{"name":"wp","href":"https:\/\/api.w.org\/{rel}","templated":true}]}}