





{"id":85643,"date":"2025-06-24T15:46:14","date_gmt":"2025-06-24T13:46:14","guid":{"rendered":"https:\/\/repliquemangacine.fr\/?post_type=product&#038;p=85643"},"modified":"2025-12-13T16:18:21","modified_gmt":"2025-12-13T15:18:21","slug":"winchester-gewehr-mit-repetition-und-kugelauswurf-denix","status":"publish","type":"product","link":"https:\/\/repliquemangacine.fr\/de\/repliques-carabine-winchester-western\/fusil-winchester-a-repetition-et-ejection-des-balles-denix\/","title":{"rendered":"Winchester-Gewehr mit Repetierfunktion und Geschossauswurf - Denix"},"content":{"rendered":"<h2>Winchester-Repetiergewehr - Der Mythos des Wilden Westens in Ihren H\u00e4nden<\/h2>\n<p>Tauchen Sie zu Beginn in einen Western ein mit diesem\u00a0 <strong>Winchester-Repetiergewehr<\/strong> unterzeichnet <a href=\"https:\/\/www.denix.fr\" target=\"_blank\" rel=\"noopener noreferrer\">Denix<\/a> : Zamak-Metall, Massivholz und ultrarealistische Messingoberfl\u00e4chen. Au\u00dferdem funktioniert ihr Mechanismus wie bei einer echten Waffe: Der Hebel unter dem Abzug wirft die Attrappenpatronen mit einem Knall aus, der den gro\u00dfen Filmen w\u00fcrdig ist. Dar\u00fcber hinaus wird die Waffe mit drei auswerfbaren Patronen geliefert. Dieses St\u00fcck beeindruckt durch seine Pr\u00e4senz: 110 cm lang und 2,6 kg pures Vergn\u00fcgen. Der Holzschaft sorgt f\u00fcr Komfort und perfekten Halt, damit Sie Ihre Duellszenen nachspielen oder Ihre hochwertige Western-Dekoration bereichern k\u00f6nnen.<\/p>\n<p>Was die Genehmigungen angeht, so sind keine erforderlich, da diese Replik frei verk\u00e4uflich ist. Sie bestellen sie, erhalten sie und pr\u00e4sentieren sie stolz. Ob zum Sammeln, Ausstellen oder Anfassen \u2013 sie ist ein echtes Schmuckst\u00fcck f\u00fcr Fans des Wilden Westens und Liebhaber realistischer historischer Waffen. Fangen Sie Blicke auf und regen Sie Diskussionen an: Diese Winchester bleibt niemals unbemerkt.<\/p>\n<h2>Eine Legende des Westens zum Greifen nah<\/h2>\n<p>Das Modell 1873 war ein Repetiergewehr mit Hebelmechanismus, d. h. es erm\u00f6glichte mehrere Sch\u00fcsse vor dem Nachladen, indem die verbrauchte H\u00fclse durch Bet\u00e4tigen eines Hebels unter dem Abzug entfernt und durch eine neue ersetzt wurde, daher der Begriff \u201cRepetiergewehr\u201d.<\/p>\n<p>Es war \u00fcbrigens das zu seiner Zeit am h\u00e4ufigsten verwendete Gewehr, da es aus Stahl gefertigt war und die gleichen Zentralfeuerpatronen wie die damaligen Revolver verwendete, sodass der Sch\u00fctze zwei verschiedene Waffen mit nur einer Munitionsart tragen konnte. Es wurde in so gro\u00dfen St\u00fcckzahlen produziert, dass es zu einem festen Bestandteil des Westens der Vereinigten Staaten wurde und aufgrund seiner Verbreitung und Vielseitigkeit den Spitznamen \u201cThe gun that won the West\u201d (Die Waffe, die den Westen erobert hat) erhielt. Er inspirierte den 1950 gedrehten Film \u201cWinchester \u201973\u201d mit James Stewart in der Hauptrolle unter der Regie von Anthony Mann.<\/p>\n<p>Zusammenfassend: Dies ist DAS St\u00fcck, das jeder Fan der Cowboy-Welt haben muss. Und jetzt geh\u00f6rt es Ihnen.<\/p>\n<h2>R\u00e9plique Manga Cin\u00e9 - Das Waffenparadies Denix<\/h2>\n<p>Bei R\u00e9plique Manga Cin\u00e9 machen wir keine halben Sachen: Die Winchester 1873 ist nur der Anfang der Party. Au\u00dferdem finden Sie <a href=\"https:\/\/repliquemangacine.fr\/de\/denix\/winchester-denix-attrappenkugeln\/\">Attrappenkugeln<\/a> um Ihr Gewehr zu vervollst\u00e4ndigen und echte Ausw\u00fcrfe wie im Film zu simulieren.<\/p>\n<p>Fan des Zweiten Weltkriegs? Die <a href=\"https:\/\/repliquemangacine.fr\/de\/waffenreproduktionen-zweiter-weltkrieg-denix\/mauser-gewehr-k98-gealtert\/\">Mauser-Karabiner K98<\/a> Die gealterten Waffen lassen Sie mit einem verbl\u00fcffenden Realismus in die Geschichte eintauchen. Bei den Pistolen ist das <a href=\"https:\/\/repliquemangacine.fr\/de\/waffenreproduktionen-zweiter-weltkrieg-denix\/automatische-pistole-m1911a1-patiniert-und-gealtert\/\">M1911A1 patiniert<\/a> wartet auf Sie, bereit, aus dem Holster gezogen zu werden, um in all Ihren Inszenierungen zu beeindrucken.<\/p>\n<p>Lust auf einen Konf\u00f6derierten-Look? Der <a href=\"https:\/\/repliquemangacine.fr\/de\/colt-pistole\/revolver-confedere-1860-gealtert\/\">Revolver 1860<\/a> signiert Denix, perfekt gealtert, bringt Sie direkt ins 19. Jahrhundert zur\u00fcck. Alle unsere Repliken sind aus Metall, mit originalgetreuen Mechanismen, feiner Verarbeitung und 100% legal f\u00fcr anspruchsvolle Sammler. Besuchen Sie R\u00e9plique Manga Cin\u00e9: schnelle Lieferung, Lagerbestand, Top-Qualit\u00e4t... Kurz gesagt, die H\u00f6hle des Ali Baba f\u00fcr historische Waffen!<\/p>","protected":false},"excerpt":{"rendered":"<p>Wundersch\u00f6ne Replik eines Winchester-Gewehrs aus Messing 1873 mit Repetiervorrichtung der Marke Denix.<\/p>\n<ul>\n<li>Aus Metall (Zamak) mit Messing- und Holzfinish<\/li>\n<li>Funktionaler Mechanismus mit Ballauswurf.<\/li>\n<li>Holzschaft<\/li>\n<li>Funktionaler Unterhebel, der zum Auswerfen von Kugeln dient.<\/li>\n<li>Wird mit 3 Schleuderb\u00e4llen geliefert.<\/li>\n<li>Gesamtl\u00e4nge: 110 cm<\/li>\n<li>Gewicht: 2625 g<br \/>\n<strong>Unterliegt keiner Genehmigungspflicht. Verkauf und Besitz frei.<\/strong><\/li>\n<\/ul>","protected":false},"featured_media":85644,"template":"","meta":[],"product_brand":[896],"product_cat":[34,86,39,28,64],"product_tag":[],"class_list":{"0":"post-85643","1":"product","2":"type-product","3":"status-publish","4":"has-post-thumbnail","6":"product_brand-replique-manga-cine","7":"product_cat-armes-westerns","8":"product_cat-repliques-carabine-winchester-western","9":"product_cat-carabine-winchester","10":"product_cat-repliques-darmes","11":"product_cat-western-repliques-armes","13":"first","14":"outofstock","15":"sale","16":"taxable","17":"shipping-taxable","18":"purchasable","19":"product-type-simple"},"yoast_head":"<!-- This site is optimized with the Yoast SEO plugin v27.5 - https:\/\/yoast.com\/product\/yoast-seo-wordpress\/ -->\n<title>Fusil Winchester \u00e0 r\u00e9p\u00e9tition et \u00e9jection des balles - Denix - R\u00e9plique Manga Cin\u00e9<\/title>\n<meta name=\"description\" content=\"Fusil Winchester \u00e0 r\u00e9p\u00e9tition 1873 Denix ultra r\u00e9aliste avec m\u00e9canisme \u00e9jecteur, bois et m\u00e9tal. Vente libre. Pour fans de western et collectionneurs.\" \/>\n<meta name=\"robots\" content=\"index, follow, max-snippet:-1, max-image-preview:large, max-video-preview:-1\" \/>\n<link rel=\"canonical\" href=\"https:\/\/repliquemangacine.fr\/de\/repliken-gewehr-winchester-western\/winchester-gewehr-mit-repetition-und-kugelauswurf-denix\/\" \/>\n<meta property=\"og:locale\" content=\"de_DE\" \/>\n<meta property=\"og:type\" content=\"article\" \/>\n<meta property=\"og:title\" content=\"Fusil Winchester \u00e0 r\u00e9p\u00e9tition et \u00e9jection des balles - Denix - R\u00e9plique Manga Cin\u00e9\" \/>\n<meta property=\"og:description\" content=\"Fusil Winchester \u00e0 r\u00e9p\u00e9tition 1873 Denix ultra r\u00e9aliste avec m\u00e9canisme \u00e9jecteur, bois et m\u00e9tal. Vente libre. Pour fans de western et collectionneurs.\" \/>\n<meta property=\"og:url\" content=\"https:\/\/repliquemangacine.fr\/de\/repliken-gewehr-winchester-western\/winchester-gewehr-mit-repetition-und-kugelauswurf-denix\/\" \/>\n<meta property=\"og:site_name\" content=\"R\u00e9plique Manga Cin\u00e9\" \/>\n<meta property=\"article:publisher\" content=\"https:\/\/www.facebook.com\/RepliqueMangaCine\" \/>\n<meta property=\"article:modified_time\" content=\"2025-12-13T15:18:21+00:00\" \/>\n<meta property=\"og:image\" content=\"https:\/\/repliquemangacine.fr\/wp-content\/uploads\/2025\/06\/winchester-mod-73-laiton-denix.jpg\" \/>\n\t<meta property=\"og:image:width\" content=\"600\" \/>\n\t<meta property=\"og:image:height\" content=\"600\" \/>\n\t<meta property=\"og:image:type\" content=\"image\/jpeg\" \/>\n<meta name=\"twitter:card\" content=\"summary_large_image\" \/>\n<meta name=\"twitter:label1\" content=\"Gesch\u00e4tzte Lesezeit\" \/>\n\t<meta name=\"twitter:data1\" content=\"3\u00a0Minuten\" \/>\n<script type=\"application\/ld+json\" class=\"yoast-schema-graph\">{\"@context\":\"https:\\\/\\\/schema.org\",\"@graph\":[{\"@type\":\"WebPage\",\"@id\":\"https:\\\/\\\/repliquemangacine.fr\\\/repliques-carabine-winchester-western\\\/fusil-winchester-a-repetition-et-ejection-des-balles-denix\\\/\",\"url\":\"https:\\\/\\\/repliquemangacine.fr\\\/repliques-carabine-winchester-western\\\/fusil-winchester-a-repetition-et-ejection-des-balles-denix\\\/\",\"name\":\"Fusil Winchester \u00e0 r\u00e9p\u00e9tition et \u00e9jection des balles - Denix - R\u00e9plique Manga Cin\u00e9\",\"isPartOf\":{\"@id\":\"https:\\\/\\\/repliquemangacine.fr\\\/#website\"},\"primaryImageOfPage\":{\"@id\":\"https:\\\/\\\/repliquemangacine.fr\\\/repliques-carabine-winchester-western\\\/fusil-winchester-a-repetition-et-ejection-des-balles-denix\\\/#primaryimage\"},\"image\":{\"@id\":\"https:\\\/\\\/repliquemangacine.fr\\\/repliques-carabine-winchester-western\\\/fusil-winchester-a-repetition-et-ejection-des-balles-denix\\\/#primaryimage\"},\"thumbnailUrl\":\"https:\\\/\\\/repliquemangacine.fr\\\/wp-content\\\/uploads\\\/2025\\\/06\\\/winchester-mod-73-laiton-denix.jpg\",\"datePublished\":\"2025-06-24T13:46:14+00:00\",\"dateModified\":\"2025-12-13T15:18:21+00:00\",\"description\":\"Fusil Winchester \u00e0 r\u00e9p\u00e9tition 1873 Denix ultra r\u00e9aliste avec m\u00e9canisme \u00e9jecteur, bois et m\u00e9tal. Vente libre. Pour fans de western et collectionneurs.\",\"breadcrumb\":{\"@id\":\"https:\\\/\\\/repliquemangacine.fr\\\/repliques-carabine-winchester-western\\\/fusil-winchester-a-repetition-et-ejection-des-balles-denix\\\/#breadcrumb\"},\"inLanguage\":\"de\",\"potentialAction\":[{\"@type\":\"ReadAction\",\"target\":[\"https:\\\/\\\/repliquemangacine.fr\\\/repliques-carabine-winchester-western\\\/fusil-winchester-a-repetition-et-ejection-des-balles-denix\\\/\"]}]},{\"@type\":\"ImageObject\",\"inLanguage\":\"de\",\"@id\":\"https:\\\/\\\/repliquemangacine.fr\\\/repliques-carabine-winchester-western\\\/fusil-winchester-a-repetition-et-ejection-des-balles-denix\\\/#primaryimage\",\"url\":\"https:\\\/\\\/repliquemangacine.fr\\\/wp-content\\\/uploads\\\/2025\\\/06\\\/winchester-mod-73-laiton-denix.jpg\",\"contentUrl\":\"https:\\\/\\\/repliquemangacine.fr\\\/wp-content\\\/uploads\\\/2025\\\/06\\\/winchester-mod-73-laiton-denix.jpg\",\"width\":600,\"height\":600,\"caption\":\"Fusil Winchester \u00e0 r\u00e9p\u00e9tition et \u00e9jection des balles Denix\"},{\"@type\":\"BreadcrumbList\",\"@id\":\"https:\\\/\\\/repliquemangacine.fr\\\/repliques-carabine-winchester-western\\\/fusil-winchester-a-repetition-et-ejection-des-balles-denix\\\/#breadcrumb\",\"itemListElement\":[{\"@type\":\"ListItem\",\"position\":1,\"name\":\"Accueil\",\"item\":\"https:\\\/\\\/repliquemangacine.fr\\\/\"},{\"@type\":\"ListItem\",\"position\":2,\"name\":\"Produits\",\"item\":\"https:\\\/\\\/repliquemangacine.fr\\\/boutique\\\/\"},{\"@type\":\"ListItem\",\"position\":3,\"name\":\"Fusil Winchester \u00e0 r\u00e9p\u00e9tition et \u00e9jection des balles &#8211; Denix\"}]},{\"@type\":\"WebSite\",\"@id\":\"https:\\\/\\\/repliquemangacine.fr\\\/#website\",\"url\":\"https:\\\/\\\/repliquemangacine.fr\\\/\",\"name\":\"R\u00e9plique Manga Cin\u00e9\",\"description\":\"\",\"publisher\":{\"@id\":\"https:\\\/\\\/repliquemangacine.fr\\\/#organization\"},\"potentialAction\":[{\"@type\":\"SearchAction\",\"target\":{\"@type\":\"EntryPoint\",\"urlTemplate\":\"https:\\\/\\\/repliquemangacine.fr\\\/?s={search_term_string}\"},\"query-input\":{\"@type\":\"PropertyValueSpecification\",\"valueRequired\":true,\"valueName\":\"search_term_string\"}}],\"inLanguage\":\"de\"},{\"@type\":\"Organization\",\"@id\":\"https:\\\/\\\/repliquemangacine.fr\\\/#organization\",\"name\":\"R\u00e9plique Manga Cin\u00e9\",\"url\":\"https:\\\/\\\/repliquemangacine.fr\\\/\",\"logo\":{\"@type\":\"ImageObject\",\"inLanguage\":\"de\",\"@id\":\"https:\\\/\\\/repliquemangacine.fr\\\/#\\\/schema\\\/logo\\\/image\\\/\",\"url\":\"https:\\\/\\\/repliquemangacine.fr\\\/wp-content\\\/uploads\\\/2023\\\/10\\\/RMC-500250.png\",\"contentUrl\":\"https:\\\/\\\/repliquemangacine.fr\\\/wp-content\\\/uploads\\\/2023\\\/10\\\/RMC-500250.png\",\"width\":500,\"height\":250,\"caption\":\"R\u00e9plique Manga Cin\u00e9\"},\"image\":{\"@id\":\"https:\\\/\\\/repliquemangacine.fr\\\/#\\\/schema\\\/logo\\\/image\\\/\"},\"sameAs\":[\"https:\\\/\\\/www.facebook.com\\\/RepliqueMangaCine\",\"https:\\\/\\\/www.instagram.com\\\/repliquemangacine.fr\\\/\"]}]}<\/script>\n<!-- \/ Yoast SEO plugin. -->","yoast_head_json":{"title":"Winchester-Gewehr mit Repetierfunktion und Kugelauswurf - Denix - R\u00e9plique Manga Cin\u00e9","description":"Ultrarealistisches Winchester-Repetiergewehr 1873 Denix mit Auswurfmechanismus, Holz und Metall. Wird frei verkauft. F\u00fcr Westernfans und Sammler.","robots":{"index":"index","follow":"follow","max-snippet":"max-snippet:-1","max-image-preview":"max-image-preview:large","max-video-preview":"max-video-preview:-1"},"canonical":"https:\/\/repliquemangacine.fr\/de\/repliken-gewehr-winchester-western\/winchester-gewehr-mit-repetition-und-kugelauswurf-denix\/","og_locale":"de_DE","og_type":"article","og_title":"Fusil Winchester \u00e0 r\u00e9p\u00e9tition et \u00e9jection des balles - Denix - R\u00e9plique Manga Cin\u00e9","og_description":"Fusil Winchester \u00e0 r\u00e9p\u00e9tition 1873 Denix ultra r\u00e9aliste avec m\u00e9canisme \u00e9jecteur, bois et m\u00e9tal. Vente libre. Pour fans de western et collectionneurs.","og_url":"https:\/\/repliquemangacine.fr\/de\/repliken-gewehr-winchester-western\/winchester-gewehr-mit-repetition-und-kugelauswurf-denix\/","og_site_name":"R\u00e9plique Manga Cin\u00e9","article_publisher":"https:\/\/www.facebook.com\/RepliqueMangaCine","article_modified_time":"2025-12-13T15:18:21+00:00","og_image":[{"width":600,"height":600,"url":"https:\/\/repliquemangacine.fr\/wp-content\/uploads\/2025\/06\/winchester-mod-73-laiton-denix.jpg","type":"image\/jpeg"}],"twitter_card":"summary_large_image","twitter_misc":{"Gesch\u00e4tzte Lesezeit":"3\u00a0Minuten"},"schema":{"@context":"https:\/\/schema.org","@graph":[{"@type":"WebPage","@id":"https:\/\/repliquemangacine.fr\/repliques-carabine-winchester-western\/fusil-winchester-a-repetition-et-ejection-des-balles-denix\/","url":"https:\/\/repliquemangacine.fr\/repliques-carabine-winchester-western\/fusil-winchester-a-repetition-et-ejection-des-balles-denix\/","name":"Winchester-Gewehr mit Repetierfunktion und Kugelauswurf - Denix - R\u00e9plique Manga Cin\u00e9","isPartOf":{"@id":"https:\/\/repliquemangacine.fr\/#website"},"primaryImageOfPage":{"@id":"https:\/\/repliquemangacine.fr\/repliques-carabine-winchester-western\/fusil-winchester-a-repetition-et-ejection-des-balles-denix\/#primaryimage"},"image":{"@id":"https:\/\/repliquemangacine.fr\/repliques-carabine-winchester-western\/fusil-winchester-a-repetition-et-ejection-des-balles-denix\/#primaryimage"},"thumbnailUrl":"https:\/\/repliquemangacine.fr\/wp-content\/uploads\/2025\/06\/winchester-mod-73-laiton-denix.jpg","datePublished":"2025-06-24T13:46:14+00:00","dateModified":"2025-12-13T15:18:21+00:00","description":"Ultrarealistisches Winchester-Repetiergewehr 1873 Denix mit Auswurfmechanismus, Holz und Metall. Wird frei verkauft. F\u00fcr Westernfans und Sammler.","breadcrumb":{"@id":"https:\/\/repliquemangacine.fr\/repliques-carabine-winchester-western\/fusil-winchester-a-repetition-et-ejection-des-balles-denix\/#breadcrumb"},"inLanguage":"de","potentialAction":[{"@type":"ReadAction","target":["https:\/\/repliquemangacine.fr\/repliques-carabine-winchester-western\/fusil-winchester-a-repetition-et-ejection-des-balles-denix\/"]}]},{"@type":"ImageObject","inLanguage":"de","@id":"https:\/\/repliquemangacine.fr\/repliques-carabine-winchester-western\/fusil-winchester-a-repetition-et-ejection-des-balles-denix\/#primaryimage","url":"https:\/\/repliquemangacine.fr\/wp-content\/uploads\/2025\/06\/winchester-mod-73-laiton-denix.jpg","contentUrl":"https:\/\/repliquemangacine.fr\/wp-content\/uploads\/2025\/06\/winchester-mod-73-laiton-denix.jpg","width":600,"height":600,"caption":"Fusil Winchester \u00e0 r\u00e9p\u00e9tition et \u00e9jection des balles Denix"},{"@type":"BreadcrumbList","@id":"https:\/\/repliquemangacine.fr\/repliques-carabine-winchester-western\/fusil-winchester-a-repetition-et-ejection-des-balles-denix\/#breadcrumb","itemListElement":[{"@type":"ListItem","position":1,"name":"Accueil","item":"https:\/\/repliquemangacine.fr\/"},{"@type":"ListItem","position":2,"name":"Produits","item":"https:\/\/repliquemangacine.fr\/boutique\/"},{"@type":"ListItem","position":3,"name":"Fusil Winchester \u00e0 r\u00e9p\u00e9tition et \u00e9jection des balles &#8211; Denix"}]},{"@type":"WebSite","@id":"https:\/\/repliquemangacine.fr\/#website","url":"https:\/\/repliquemangacine.fr\/","name":"R\u00e9plique Manga Cin\u00e9","description":"","publisher":{"@id":"https:\/\/repliquemangacine.fr\/#organization"},"potentialAction":[{"@type":"SearchAction","target":{"@type":"EntryPoint","urlTemplate":"https:\/\/repliquemangacine.fr\/?s={search_term_string}"},"query-input":{"@type":"PropertyValueSpecification","valueRequired":true,"valueName":"search_term_string"}}],"inLanguage":"de"},{"@type":"Organization","@id":"https:\/\/repliquemangacine.fr\/#organization","name":"R\u00e9plique Manga Cin\u00e9","url":"https:\/\/repliquemangacine.fr\/","logo":{"@type":"ImageObject","inLanguage":"de","@id":"https:\/\/repliquemangacine.fr\/#\/schema\/logo\/image\/","url":"https:\/\/repliquemangacine.fr\/wp-content\/uploads\/2023\/10\/RMC-500250.png","contentUrl":"https:\/\/repliquemangacine.fr\/wp-content\/uploads\/2023\/10\/RMC-500250.png","width":500,"height":250,"caption":"R\u00e9plique Manga Cin\u00e9"},"image":{"@id":"https:\/\/repliquemangacine.fr\/#\/schema\/logo\/image\/"},"sameAs":["https:\/\/www.facebook.com\/RepliqueMangaCine","https:\/\/www.instagram.com\/repliquemangacine.fr\/"]}]}},"_links":{"self":[{"href":"https:\/\/repliquemangacine.fr\/de\/wp-json\/wp\/v2\/product\/85643","targetHints":{"allow":["GET"]}}],"collection":[{"href":"https:\/\/repliquemangacine.fr\/de\/wp-json\/wp\/v2\/product"}],"about":[{"href":"https:\/\/repliquemangacine.fr\/de\/wp-json\/wp\/v2\/types\/product"}],"wp:featuredmedia":[{"embeddable":true,"href":"https:\/\/repliquemangacine.fr\/de\/wp-json\/wp\/v2\/media\/85644"}],"wp:attachment":[{"href":"https:\/\/repliquemangacine.fr\/de\/wp-json\/wp\/v2\/media?parent=85643"}],"wp:term":[{"taxonomy":"product_brand","embeddable":true,"href":"https:\/\/repliquemangacine.fr\/de\/wp-json\/wp\/v2\/product_brand?post=85643"},{"taxonomy":"product_cat","embeddable":true,"href":"https:\/\/repliquemangacine.fr\/de\/wp-json\/wp\/v2\/product_cat?post=85643"},{"taxonomy":"product_tag","embeddable":true,"href":"https:\/\/repliquemangacine.fr\/de\/wp-json\/wp\/v2\/product_tag?post=85643"}],"curies":[{"name":"wp","href":"https:\/\/api.w.org\/{rel}","templated":true}]}}