





{"id":85608,"date":"2025-06-23T17:45:01","date_gmt":"2025-06-23T15:45:01","guid":{"rendered":"https:\/\/repliquemangacine.fr\/?post_type=product&#038;p=85608"},"modified":"2026-04-16T06:36:19","modified_gmt":"2026-04-16T04:36:19","slug":"pluschtier-hedwige-offizielle-edle-kollektion-harry-potter","status":"publish","type":"product","link":"https:\/\/repliquemangacine.fr\/de\/collectors-et-goodies-harry-potter\/peluche-hedwige-officielle-noble-collection-harry-potter\/","title":{"rendered":"Offizielle Hedwig-Pl\u00fcschfigur - Harry Potter"},"content":{"rendered":"<h2>Offizielle Hedwig-Pl\u00fcschfigur: Ein s\u00fc\u00dfes Sammlerst\u00fcck zum Annehmen<\/h2>\n<p>Entdecken Sie zun\u00e4chst diese <strong>Offizielle Hedwig-Pl\u00fcschfigur<\/strong>, sorgf\u00e4ltig vollst\u00e4ndig aus Polyesterfasern hergestellt, um dauerhafte Weichheit und unglaubliche Widerstandsf\u00e4higkeit zu bieten.<br \/>\nUnter offizieller Lizenz von Warner Bros., vertrieben durch The <a href=\"https:\/\/noblecollection.fr\/\" target=\"_blank\" rel=\"noopener noreferrer\">Noble Collection.<\/a> Makellose Verarbeitung, bezaubernder Blick und Premium-Qualit\u00e4t. Ein echtes Schmuckst\u00fcck f\u00fcr Harry-Potter-Fans oder Liebhaber wei\u00dfer Eulen.<\/p>\n<p>Zur Pflege sollten Sie ausschlie\u00dflich eine einfache, schnelle und faserschonende Handw\u00e4sche vornehmen, um Verformungen, Glanzverlust oder vorzeitigen Verschlei\u00df zu vermeiden. Wischen Sie das Produkt daher vorsichtig mit einem mit lauwarmem Seifenwasser angefeuchteten Waschlappen ab, sp\u00fclen Sie es mit einem feuchten Waschlappen ab und trocknen Sie es mit einem trockenen Waschlappen. Verwenden Sie daher niemals die Waschmaschine, aggressive Schleuderprogramme oder den W\u00e4schetrockner, um Langlebigkeit, Sch\u00f6nheit, Aussehen und den au\u00dfergew\u00f6hnlichen Sammlerwert zu gew\u00e4hrleisten.<\/p>\n<p>Beachten Sie bitte, dass dieser Artikel aus Sicherheitsgr\u00fcnden nicht f\u00fcr Kinder unter 36 Monaten geeignet ist und besondere Vorsicht geboten ist.<\/p>\n<h2>Hedwig: Mehr als eine Eule, ein starkes Symbol der Saga<\/h2>\n<p>Erstens ist Hedwig viel mehr als nur eine Eule. Sie ist Harrys erste Freundin, seine Botin, seine Verbindung zur magischen Welt. Au\u00dferdem verk\u00f6rpert sie mit ihrer reinen, edlen und treuen Wei\u00dfheit Reinheit und Treue und begleitet Harry in seinen dunkelsten Momenten. Dar\u00fcber hinaus spendet ihre Anwesenheit Trost, beruhigt und verleiht jeder Szene, in der sie auftritt, einen poetischen Touch. Sie fliegt in den Erinnerungen der Fans als Symbol f\u00fcr Z\u00e4rtlichkeit, Freiheit und tiefe Verbundenheit weiter.<\/p>\n<p>Sein tragisches Ende bleibt in den Herzen verewigt: Es markiert einen Wendepunkt, einen Verlust der Unschuld, einen \u00dcbergang ins Erwachsenenalter. Wenn man dieses Stofftier verschenkt oder sich selbst schenkt, l\u00e4sst man diese Emotion wieder aufleben und bewahrt einen Teil der Magie in seiner N\u00e4he. Zusammenfassend l\u00e4sst sich sagen, dass es sich um ein emotionales, seltenes St\u00fcck handelt, das sowohl dekorativ als auch symbolisch ist und perfekt f\u00fcr diejenigen geeignet ist, die noch immer bei jeder Eule, die vorbeifliegt, mitfiebern.<\/p>\n<h2>Entdecken Sie weitere Harry-Potter-Sch\u00e4tze auf R\u00e9plique Manga Cin\u00e9<\/h2>\n<p>Bist du ein Fan der magischen Welt? Auf R\u00e9plique Manga Cin\u00e9 findest du viel mehr als nur ein Pl\u00fcschtier: Sammlerst\u00fccke, an denen man nicht vorbeikommt!<\/p>\n<ul>\n<li>In der Hauptrolle: der <a href=\"https:\/\/repliquemangacine.fr\/de\/sammlerstucke-und-goodies-harry-potter\/firebolt-besen-harry-potter\/\">Besen Feuerblitz (Firebolt)<\/a> mit offizieller Lizenz, das dem von Harry w\u00e4hrend der Quidditch-Spiele getreu ist.<\/li>\n<li>F\u00fcge deiner Sammlung den mythischen <a href=\"https:\/\/repliquemangacine.fr\/de\/sammlerstucke-und-goodies-harry-potter\/interaktiver-wahlhut-harry-potter\/\">Magische Hut<\/a>Die Geschichte der Kinder, die in der Gro\u00dfen Halle spielt, mit ihren atemberaubenden Details, die direkt aus der Gro\u00dfen Halle stammen.<\/li>\n<li>Brauchen Sie Mut? L'<a href=\"https:\/\/repliquemangacine.fr\/de\/stabe-und-goodies-harry-potter\/godric-epee-harry-potter\/\">Godric Gryffindor Schwert<\/a> wartet auf dich, bereit, deine Wand zu schm\u00fccken oder dein Cosplay zu vervollst\u00e4ndigen.<\/li>\n<li>Und nat\u00fcrlich sind alle offiziellen Zauberst\u00e4be dabei: Harry, Hermine, Dumbledore, Voldemort und viele andere. Jedes St\u00fcck wird sorgf\u00e4ltig f\u00fcr echte Liebhaber des JK Rowling-Universums ausgew\u00e4hlt. Fazit: Tauche in unseren Shop ein, entdecke magische Sch\u00e4tze und erwecke dein eigenes Harry-Potter-Abenteuer jetzt zum Leben!<\/li>\n<\/ul>","protected":false},"excerpt":{"rendered":"<p>Entdecken Sie diese wundersch\u00f6ne offizielle Hedwig-Pl\u00fcschfigur von Warner Bros. und vertrieben von Noble Collection in der Harry-Potter-Saga.<\/p>\n<ul>\n<li>Alles aus Polyesterfaser<\/li>\n<li>Unter offizieller Warner-Bros-Lizenz vertrieben von Noble Collection.<\/li>\n<li>Wird in einem HP-Karton geliefert<\/li>\n<li>Gr\u00f6\u00dfe: 29 cm lang (vom Kopf bis zum Schwanz)<\/li>\n<li>Nicht in der Maschine waschen<\/li>\n<li>Gewicht: 304 g<\/li>\n<li><strong>Nicht geeignet f\u00fcr Kinder unter 36 Monaten.<\/strong><\/li>\n<\/ul>","protected":false},"featured_media":85609,"template":"","meta":[],"product_brand":[896],"product_cat":[87,41],"product_tag":[],"class_list":{"0":"post-85608","1":"product","2":"type-product","3":"status-publish","4":"has-post-thumbnail","6":"product_brand-replique-manga-cine","7":"product_cat-collectors-et-goodies-harry-potter","8":"product_cat-baguettes-et-goodies-harry-potter","10":"first","11":"instock","12":"taxable","13":"shipping-taxable","14":"purchasable","15":"product-type-simple"},"yoast_head":"<!-- This site is optimized with the Yoast SEO plugin v27.5 - https:\/\/yoast.com\/product\/yoast-seo-wordpress\/ -->\n<title>Peluche Hedwige officielle - Harry Potter - R\u00e9plique Manga Cin\u00e9<\/title>\n<meta name=\"description\" content=\"Adoptez la Peluche Hedwige officielle dans Harry Potter. Douce, fid\u00e8le, sous licence Warner Bros. Un incontournable pour tous les vrais fans de la saga !\" \/>\n<meta name=\"robots\" content=\"index, follow, max-snippet:-1, max-image-preview:large, max-video-preview:-1\" \/>\n<link rel=\"canonical\" href=\"https:\/\/repliquemangacine.fr\/de\/sammlerstucke-und-goodies-harry-potter\/pluschtier-hedwige-offizielle-edle-kollektion-harry-potter\/\" \/>\n<meta property=\"og:locale\" content=\"de_DE\" \/>\n<meta property=\"og:type\" content=\"article\" \/>\n<meta property=\"og:title\" content=\"Peluche Hedwige officielle - Harry Potter - R\u00e9plique Manga Cin\u00e9\" \/>\n<meta property=\"og:description\" content=\"Adoptez la Peluche Hedwige officielle dans Harry Potter. Douce, fid\u00e8le, sous licence Warner Bros. Un incontournable pour tous les vrais fans de la saga !\" \/>\n<meta property=\"og:url\" content=\"https:\/\/repliquemangacine.fr\/de\/sammlerstucke-und-goodies-harry-potter\/pluschtier-hedwige-offizielle-edle-kollektion-harry-potter\/\" \/>\n<meta property=\"og:site_name\" content=\"R\u00e9plique Manga Cin\u00e9\" \/>\n<meta property=\"article:publisher\" content=\"https:\/\/www.facebook.com\/RepliqueMangaCine\" \/>\n<meta property=\"article:modified_time\" content=\"2026-04-16T04:36:19+00:00\" \/>\n<meta property=\"og:image\" content=\"https:\/\/repliquemangacine.fr\/wp-content\/uploads\/2025\/06\/Peluche-Hedwige-Harry-Potter.jpg\" \/>\n\t<meta property=\"og:image:width\" content=\"700\" \/>\n\t<meta property=\"og:image:height\" content=\"701\" \/>\n\t<meta property=\"og:image:type\" content=\"image\/jpeg\" \/>\n<meta name=\"twitter:card\" content=\"summary_large_image\" \/>\n<meta name=\"twitter:label1\" content=\"Gesch\u00e4tzte Lesezeit\" \/>\n\t<meta name=\"twitter:data1\" content=\"3\u00a0Minuten\" \/>\n<script type=\"application\/ld+json\" class=\"yoast-schema-graph\">{\"@context\":\"https:\\\/\\\/schema.org\",\"@graph\":[{\"@type\":\"WebPage\",\"@id\":\"https:\\\/\\\/repliquemangacine.fr\\\/collectors-et-goodies-harry-potter\\\/peluche-hedwige-officielle-noble-collection-harry-potter\\\/\",\"url\":\"https:\\\/\\\/repliquemangacine.fr\\\/collectors-et-goodies-harry-potter\\\/peluche-hedwige-officielle-noble-collection-harry-potter\\\/\",\"name\":\"Peluche Hedwige officielle - Harry Potter - R\u00e9plique Manga Cin\u00e9\",\"isPartOf\":{\"@id\":\"https:\\\/\\\/repliquemangacine.fr\\\/#website\"},\"primaryImageOfPage\":{\"@id\":\"https:\\\/\\\/repliquemangacine.fr\\\/collectors-et-goodies-harry-potter\\\/peluche-hedwige-officielle-noble-collection-harry-potter\\\/#primaryimage\"},\"image\":{\"@id\":\"https:\\\/\\\/repliquemangacine.fr\\\/collectors-et-goodies-harry-potter\\\/peluche-hedwige-officielle-noble-collection-harry-potter\\\/#primaryimage\"},\"thumbnailUrl\":\"https:\\\/\\\/repliquemangacine.fr\\\/wp-content\\\/uploads\\\/2025\\\/06\\\/Peluche-Hedwige-Harry-Potter.jpg\",\"datePublished\":\"2025-06-23T15:45:01+00:00\",\"dateModified\":\"2026-04-16T04:36:19+00:00\",\"description\":\"Adoptez la Peluche Hedwige officielle dans Harry Potter. Douce, fid\u00e8le, sous licence Warner Bros. Un incontournable pour tous les vrais fans de la saga !\",\"breadcrumb\":{\"@id\":\"https:\\\/\\\/repliquemangacine.fr\\\/collectors-et-goodies-harry-potter\\\/peluche-hedwige-officielle-noble-collection-harry-potter\\\/#breadcrumb\"},\"inLanguage\":\"de\",\"potentialAction\":[{\"@type\":\"ReadAction\",\"target\":[\"https:\\\/\\\/repliquemangacine.fr\\\/collectors-et-goodies-harry-potter\\\/peluche-hedwige-officielle-noble-collection-harry-potter\\\/\"]}]},{\"@type\":\"ImageObject\",\"inLanguage\":\"de\",\"@id\":\"https:\\\/\\\/repliquemangacine.fr\\\/collectors-et-goodies-harry-potter\\\/peluche-hedwige-officielle-noble-collection-harry-potter\\\/#primaryimage\",\"url\":\"https:\\\/\\\/repliquemangacine.fr\\\/wp-content\\\/uploads\\\/2025\\\/06\\\/Peluche-Hedwige-Harry-Potter.jpg\",\"contentUrl\":\"https:\\\/\\\/repliquemangacine.fr\\\/wp-content\\\/uploads\\\/2025\\\/06\\\/Peluche-Hedwige-Harry-Potter.jpg\",\"width\":700,\"height\":701,\"caption\":\"Peluche Hedwige Noble Collection Harry potter\"},{\"@type\":\"BreadcrumbList\",\"@id\":\"https:\\\/\\\/repliquemangacine.fr\\\/collectors-et-goodies-harry-potter\\\/peluche-hedwige-officielle-noble-collection-harry-potter\\\/#breadcrumb\",\"itemListElement\":[{\"@type\":\"ListItem\",\"position\":1,\"name\":\"Accueil\",\"item\":\"https:\\\/\\\/repliquemangacine.fr\\\/\"},{\"@type\":\"ListItem\",\"position\":2,\"name\":\"Produits\",\"item\":\"https:\\\/\\\/repliquemangacine.fr\\\/boutique\\\/\"},{\"@type\":\"ListItem\",\"position\":3,\"name\":\"Peluche Hedwige officielle &#8211; Harry Potter\"}]},{\"@type\":\"WebSite\",\"@id\":\"https:\\\/\\\/repliquemangacine.fr\\\/#website\",\"url\":\"https:\\\/\\\/repliquemangacine.fr\\\/\",\"name\":\"R\u00e9plique Manga Cin\u00e9\",\"description\":\"\",\"publisher\":{\"@id\":\"https:\\\/\\\/repliquemangacine.fr\\\/#organization\"},\"potentialAction\":[{\"@type\":\"SearchAction\",\"target\":{\"@type\":\"EntryPoint\",\"urlTemplate\":\"https:\\\/\\\/repliquemangacine.fr\\\/?s={search_term_string}\"},\"query-input\":{\"@type\":\"PropertyValueSpecification\",\"valueRequired\":true,\"valueName\":\"search_term_string\"}}],\"inLanguage\":\"de\"},{\"@type\":\"Organization\",\"@id\":\"https:\\\/\\\/repliquemangacine.fr\\\/#organization\",\"name\":\"R\u00e9plique Manga Cin\u00e9\",\"url\":\"https:\\\/\\\/repliquemangacine.fr\\\/\",\"logo\":{\"@type\":\"ImageObject\",\"inLanguage\":\"de\",\"@id\":\"https:\\\/\\\/repliquemangacine.fr\\\/#\\\/schema\\\/logo\\\/image\\\/\",\"url\":\"https:\\\/\\\/repliquemangacine.fr\\\/wp-content\\\/uploads\\\/2023\\\/10\\\/RMC-500250.png\",\"contentUrl\":\"https:\\\/\\\/repliquemangacine.fr\\\/wp-content\\\/uploads\\\/2023\\\/10\\\/RMC-500250.png\",\"width\":500,\"height\":250,\"caption\":\"R\u00e9plique Manga Cin\u00e9\"},\"image\":{\"@id\":\"https:\\\/\\\/repliquemangacine.fr\\\/#\\\/schema\\\/logo\\\/image\\\/\"},\"sameAs\":[\"https:\\\/\\\/www.facebook.com\\\/RepliqueMangaCine\",\"https:\\\/\\\/www.instagram.com\\\/repliquemangacine.fr\\\/\"]}]}<\/script>\n<!-- \/ Yoast SEO plugin. -->","yoast_head_json":{"title":"Offizielle Hedwig-Pl\u00fcschfigur - Harry Potter - R\u00e9plique Manga Cin\u00e9","description":"Adoptieren Sie das offizielle Hedwig-Pl\u00fcschtier aus Harry Potter. Weich, treu, lizenziert von Warner Bros. Ein Muss f\u00fcr alle echten Fans der Saga!","robots":{"index":"index","follow":"follow","max-snippet":"max-snippet:-1","max-image-preview":"max-image-preview:large","max-video-preview":"max-video-preview:-1"},"canonical":"https:\/\/repliquemangacine.fr\/de\/sammlerstucke-und-goodies-harry-potter\/pluschtier-hedwige-offizielle-edle-kollektion-harry-potter\/","og_locale":"de_DE","og_type":"article","og_title":"Peluche Hedwige officielle - Harry Potter - R\u00e9plique Manga Cin\u00e9","og_description":"Adoptez la Peluche Hedwige officielle dans Harry Potter. Douce, fid\u00e8le, sous licence Warner Bros. Un incontournable pour tous les vrais fans de la saga !","og_url":"https:\/\/repliquemangacine.fr\/de\/sammlerstucke-und-goodies-harry-potter\/pluschtier-hedwige-offizielle-edle-kollektion-harry-potter\/","og_site_name":"R\u00e9plique Manga Cin\u00e9","article_publisher":"https:\/\/www.facebook.com\/RepliqueMangaCine","article_modified_time":"2026-04-16T04:36:19+00:00","og_image":[{"width":700,"height":701,"url":"https:\/\/repliquemangacine.fr\/wp-content\/uploads\/2025\/06\/Peluche-Hedwige-Harry-Potter.jpg","type":"image\/jpeg"}],"twitter_card":"summary_large_image","twitter_misc":{"Gesch\u00e4tzte Lesezeit":"3\u00a0Minuten"},"schema":{"@context":"https:\/\/schema.org","@graph":[{"@type":"WebPage","@id":"https:\/\/repliquemangacine.fr\/collectors-et-goodies-harry-potter\/peluche-hedwige-officielle-noble-collection-harry-potter\/","url":"https:\/\/repliquemangacine.fr\/collectors-et-goodies-harry-potter\/peluche-hedwige-officielle-noble-collection-harry-potter\/","name":"Offizielle Hedwig-Pl\u00fcschfigur - Harry Potter - R\u00e9plique Manga Cin\u00e9","isPartOf":{"@id":"https:\/\/repliquemangacine.fr\/#website"},"primaryImageOfPage":{"@id":"https:\/\/repliquemangacine.fr\/collectors-et-goodies-harry-potter\/peluche-hedwige-officielle-noble-collection-harry-potter\/#primaryimage"},"image":{"@id":"https:\/\/repliquemangacine.fr\/collectors-et-goodies-harry-potter\/peluche-hedwige-officielle-noble-collection-harry-potter\/#primaryimage"},"thumbnailUrl":"https:\/\/repliquemangacine.fr\/wp-content\/uploads\/2025\/06\/Peluche-Hedwige-Harry-Potter.jpg","datePublished":"2025-06-23T15:45:01+00:00","dateModified":"2026-04-16T04:36:19+00:00","description":"Adoptieren Sie das offizielle Hedwig-Pl\u00fcschtier aus Harry Potter. Weich, treu, lizenziert von Warner Bros. Ein Muss f\u00fcr alle echten Fans der Saga!","breadcrumb":{"@id":"https:\/\/repliquemangacine.fr\/collectors-et-goodies-harry-potter\/peluche-hedwige-officielle-noble-collection-harry-potter\/#breadcrumb"},"inLanguage":"de","potentialAction":[{"@type":"ReadAction","target":["https:\/\/repliquemangacine.fr\/collectors-et-goodies-harry-potter\/peluche-hedwige-officielle-noble-collection-harry-potter\/"]}]},{"@type":"ImageObject","inLanguage":"de","@id":"https:\/\/repliquemangacine.fr\/collectors-et-goodies-harry-potter\/peluche-hedwige-officielle-noble-collection-harry-potter\/#primaryimage","url":"https:\/\/repliquemangacine.fr\/wp-content\/uploads\/2025\/06\/Peluche-Hedwige-Harry-Potter.jpg","contentUrl":"https:\/\/repliquemangacine.fr\/wp-content\/uploads\/2025\/06\/Peluche-Hedwige-Harry-Potter.jpg","width":700,"height":701,"caption":"Peluche Hedwige Noble Collection Harry potter"},{"@type":"BreadcrumbList","@id":"https:\/\/repliquemangacine.fr\/collectors-et-goodies-harry-potter\/peluche-hedwige-officielle-noble-collection-harry-potter\/#breadcrumb","itemListElement":[{"@type":"ListItem","position":1,"name":"Accueil","item":"https:\/\/repliquemangacine.fr\/"},{"@type":"ListItem","position":2,"name":"Produits","item":"https:\/\/repliquemangacine.fr\/boutique\/"},{"@type":"ListItem","position":3,"name":"Peluche Hedwige officielle &#8211; Harry Potter"}]},{"@type":"WebSite","@id":"https:\/\/repliquemangacine.fr\/#website","url":"https:\/\/repliquemangacine.fr\/","name":"R\u00e9plique Manga Cin\u00e9","description":"","publisher":{"@id":"https:\/\/repliquemangacine.fr\/#organization"},"potentialAction":[{"@type":"SearchAction","target":{"@type":"EntryPoint","urlTemplate":"https:\/\/repliquemangacine.fr\/?s={search_term_string}"},"query-input":{"@type":"PropertyValueSpecification","valueRequired":true,"valueName":"search_term_string"}}],"inLanguage":"de"},{"@type":"Organization","@id":"https:\/\/repliquemangacine.fr\/#organization","name":"R\u00e9plique Manga Cin\u00e9","url":"https:\/\/repliquemangacine.fr\/","logo":{"@type":"ImageObject","inLanguage":"de","@id":"https:\/\/repliquemangacine.fr\/#\/schema\/logo\/image\/","url":"https:\/\/repliquemangacine.fr\/wp-content\/uploads\/2023\/10\/RMC-500250.png","contentUrl":"https:\/\/repliquemangacine.fr\/wp-content\/uploads\/2023\/10\/RMC-500250.png","width":500,"height":250,"caption":"R\u00e9plique Manga Cin\u00e9"},"image":{"@id":"https:\/\/repliquemangacine.fr\/#\/schema\/logo\/image\/"},"sameAs":["https:\/\/www.facebook.com\/RepliqueMangaCine","https:\/\/www.instagram.com\/repliquemangacine.fr\/"]}]}},"_links":{"self":[{"href":"https:\/\/repliquemangacine.fr\/de\/wp-json\/wp\/v2\/product\/85608","targetHints":{"allow":["GET"]}}],"collection":[{"href":"https:\/\/repliquemangacine.fr\/de\/wp-json\/wp\/v2\/product"}],"about":[{"href":"https:\/\/repliquemangacine.fr\/de\/wp-json\/wp\/v2\/types\/product"}],"wp:featuredmedia":[{"embeddable":true,"href":"https:\/\/repliquemangacine.fr\/de\/wp-json\/wp\/v2\/media\/85609"}],"wp:attachment":[{"href":"https:\/\/repliquemangacine.fr\/de\/wp-json\/wp\/v2\/media?parent=85608"}],"wp:term":[{"taxonomy":"product_brand","embeddable":true,"href":"https:\/\/repliquemangacine.fr\/de\/wp-json\/wp\/v2\/product_brand?post=85608"},{"taxonomy":"product_cat","embeddable":true,"href":"https:\/\/repliquemangacine.fr\/de\/wp-json\/wp\/v2\/product_cat?post=85608"},{"taxonomy":"product_tag","embeddable":true,"href":"https:\/\/repliquemangacine.fr\/de\/wp-json\/wp\/v2\/product_tag?post=85608"}],"curies":[{"name":"wp","href":"https:\/\/api.w.org\/{rel}","templated":true}]}}