





{"id":85581,"date":"2025-06-22T18:58:59","date_gmt":"2025-06-22T16:58:59","guid":{"rendered":"https:\/\/repliquemangacine.fr\/?post_type=product&#038;p=85581"},"modified":"2026-03-16T12:04:47","modified_gmt":"2026-03-16T11:04:47","slug":"holster-fur-remington-1858-kolser","status":"publish","type":"product","link":"https:\/\/repliquemangacine.fr\/de\/holster-accessoires-western\/holster-pour-remington-1858-kolser\/","title":{"rendered":"Holster f\u00fcr Remington 1858 Kolser"},"content":{"rendered":"<h2>Kolser Remington 1858 Holster - Lederhandwerk f\u00fcr die Ewigkeit<\/h2>\n<p>Zun\u00e4chst einmal pr\u00e4sentiert die Marke Kolser hier ein Premium-Accessoire, das den Ruf ihrer Nachbildungen unterstreicht: robust, realistisch, elegant. Das Holster aus weichem, pflanzlich gegerbtem Vollnarbenleder schmiegt sich an die Silhouette des Revolvers Remington 1858 an. Au\u00dferdem bietet ein integrierter Patronengurt Platz f\u00fcr die mitgelieferten \u00dcbungsgeschosse. Dar\u00fcber hinaus sorgen zwei geformte Halterungen f\u00fcr die zus\u00e4tzlichen Trommeln, um die Feuerrate zu erh\u00f6hen.<\/p>\n<p>Um die Langlebigkeit der Montage zu gew\u00e4hrleisten, <a href=\"https:\/\/kolser.com\/\" target=\"_blank\" rel=\"noopener noreferrer\">Kolser<\/a> bevorzugt eine genietete statt einer gen\u00e4hten Verbindung. So besteht keine Gefahr, dass sich eine Naht unter Spannung l\u00f6st. Die korrosionsgesch\u00fctzte G\u00fcrtelschnalle aus Stahl erm\u00f6glicht eine schnelle Anpassung und verleiht dem Holster einen authentischen Western-Look. Alles in allem verk\u00f6rpert dieses Holster die Verbindung von traditioneller Handwerkskunst und modernen Anforderungen, die Komfort, Sicherheit und ein makelloses Aussehen garantieren.<\/p>\n<h2>Warum das Halfter im Wilden Westen lebenswichtig war - und es auch heute noch ist<\/h2>\n<p>In der Zeit der staubigen Ebenen und lauten Saloons war das Holster nicht nur ein einfaches Accessoire, sondern ein Statussymbol und ein taktischer Vorteil. Erstens erleichterte ein gut geformtes Leder das \u00abQuick-Draw\u00bb, eine entscheidende Geste bei einem Duell oder einer spontanen Konfrontation. Au\u00dferdem erm\u00f6glichte der gef\u00fcllte Patronengurt ein schnelles Nachladen. Die an den H\u00fcften befestigten Ersatzl\u00e4ufe verschafften einen entscheidenden Vorteil bei der Schussfrequenz. Ein Detail, das Kolser \u00fcbrigens sinnvollerweise wieder in den Vordergrund r\u00fcckt.<\/p>\n<p>Au\u00dferdem sch\u00fctzte die widerstandsf\u00e4hige Metallschlaufe die Waffe vor einem Sturz w\u00e4hrend des Ritts und sorgte daf\u00fcr, dass der Revolver stabil, aber griffbereit blieb. Schlie\u00dflich signalisierte das Tragen eines kunstvoll gearbeiteten Holsters die Beherrschung von Waffen: Sheriffs, Kopfgeldj\u00e4ger oder Sp\u00e4her zeigten damit ihre Professionalit\u00e4t. Auch heute noch gibt dieses Holster die Funktion und Ausstrahlung der damaligen Zeit originalgetreu wieder und verleiht jeder Nachstellung oder Sammlung historischen Realismus und Praktikabilit\u00e4t.<\/p>\n<h2>Vervollst\u00e4ndigen Sie Ihre Westernausr\u00fcstung mit unserem Kolser-Zubeh\u00f6r<\/h2>\n<p>Damit Sie Ihr Remington 1858 Kolser Holster optimal nutzen k\u00f6nnen. Wir empfehlen Ihnen, sich unsere Auswahl an erg\u00e4nzendem Zubeh\u00f6r anzusehen, das in unserem Shop erh\u00e4ltlich ist. Zum Beispiel finden Sie hier unsere <a href=\"https:\/\/repliquemangacine.fr\/de\/kolser-waffe\/zusatzliche-perkussionstrommel-remington-1858-kolser\/\">Perkussionsf\u00e4sser<\/a> oder konvertierte, die speziell daf\u00fcr entworfen wurden, in die vorgesehenen Schlitze des Holsters zu passen. Dar\u00fcber hinaus sind unsere <a href=\"https:\/\/repliquemangacine.fr\/de\/kolser-waffe\/6-attrappenkugeln-fur-colt-45-kolser\/\">Attrappenkugeln f\u00fcr Colt<\/a> Unsere Knallkapseln sind ebenfalls einzeln oder im Paket erh\u00e4ltlich und eignen sich ideal f\u00fcr Cosplay-Veranstaltungen, Ausstellungen oder historische Nachstellungen.<\/p>\n<p>Z\u00f6gern Sie nicht, unsere Kategorie \u201c<a href=\"https:\/\/repliquemangacine.fr\/de\/waffen-und-westernzubehor\/\">Western<\/a>\u201d, um alle unsere legend\u00e4ren Repliken zu entdecken: Revolver, Karabiner, Holster, Sheriff-Abzeichen oder Cowboy-Accessoires.<\/p>\n<p>Dank dieser kompletten Ausstattung ist Ihr Remington 1858 Kolser nicht mehr nur eine Replik. Er wird zum pulsierenden Herzen Ihrer Westernwelt, bereit, bei jeder Gelegenheit zu ziehen.<\/p>","protected":false},"excerpt":{"rendered":"<p>Holster f\u00fcr Remington 1858 Kolser<\/p>\n<ul>\n<li>Alles aus weichem Leder<\/li>\n<li>Patronengurt mit mitgelieferten Kugeln<\/li>\n<li>Platz f\u00fcr zwei zus\u00e4tzliche L\u00e4ufe<\/li>\n<li>G\u00fcrtelschnalle aus Stahl<\/li>\n<li>Zusammenbau durch Nieten<\/li>\n<\/ul>","protected":false},"featured_media":85582,"template":"","meta":[],"product_brand":[896],"product_cat":[51,100,45,90],"product_tag":[],"class_list":{"0":"post-85581","1":"product","2":"type-product","3":"status-publish","4":"has-post-thumbnail","6":"product_brand-replique-manga-cine","7":"product_cat-accessoires-western","8":"product_cat-arme-kolser","9":"product_cat-holster-western-ceinturon","10":"product_cat-holster-accessoires-western","12":"first","13":"outofstock","14":"taxable","15":"shipping-taxable","16":"purchasable","17":"product-type-simple"},"yoast_head":"<!-- This site is optimized with the Yoast SEO plugin v27.5 - https:\/\/yoast.com\/product\/yoast-seo-wordpress\/ -->\n<title>Holster pour Remington 1858 Kolser - R\u00e9plique Manga Cin\u00e9<\/title>\n<meta name=\"description\" content=\"Venez d\u00e9couvrir ce Holster pour Remington 1858 de la marque Kolser. Tout en cuir souple. Emplacement de deux barillets, cartouchi\u00e8re avec balles fournies.\" \/>\n<meta name=\"robots\" content=\"index, follow, max-snippet:-1, max-image-preview:large, max-video-preview:-1\" \/>\n<link rel=\"canonical\" href=\"https:\/\/repliquemangacine.fr\/de\/holster-westernzubehor\/holster-fur-remington-1858-kolser\/\" \/>\n<meta property=\"og:locale\" content=\"de_DE\" \/>\n<meta property=\"og:type\" content=\"article\" \/>\n<meta property=\"og:title\" content=\"Holster pour Remington 1858 Kolser - R\u00e9plique Manga Cin\u00e9\" \/>\n<meta property=\"og:description\" content=\"Venez d\u00e9couvrir ce Holster pour Remington 1858 de la marque Kolser. Tout en cuir souple. Emplacement de deux barillets, cartouchi\u00e8re avec balles fournies.\" \/>\n<meta property=\"og:url\" content=\"https:\/\/repliquemangacine.fr\/de\/holster-westernzubehor\/holster-fur-remington-1858-kolser\/\" \/>\n<meta property=\"og:site_name\" content=\"R\u00e9plique Manga Cin\u00e9\" \/>\n<meta property=\"article:publisher\" content=\"https:\/\/www.facebook.com\/RepliqueMangaCine\" \/>\n<meta property=\"article:modified_time\" content=\"2026-03-16T11:04:47+00:00\" \/>\n<meta property=\"og:image\" content=\"https:\/\/repliquemangacine.fr\/wp-content\/uploads\/2025\/06\/holster-pour-Remington.jpg\" \/>\n\t<meta property=\"og:image:width\" content=\"600\" \/>\n\t<meta property=\"og:image:height\" content=\"600\" \/>\n\t<meta property=\"og:image:type\" content=\"image\/jpeg\" \/>\n<meta name=\"twitter:card\" content=\"summary_large_image\" \/>\n<meta name=\"twitter:label1\" content=\"Gesch\u00e4tzte Lesezeit\" \/>\n\t<meta name=\"twitter:data1\" content=\"3\u00a0Minuten\" \/>\n<script type=\"application\/ld+json\" class=\"yoast-schema-graph\">{\"@context\":\"https:\\\/\\\/schema.org\",\"@graph\":[{\"@type\":\"WebPage\",\"@id\":\"https:\\\/\\\/repliquemangacine.fr\\\/holster-accessoires-western\\\/holster-pour-remington-1858-kolser\\\/\",\"url\":\"https:\\\/\\\/repliquemangacine.fr\\\/holster-accessoires-western\\\/holster-pour-remington-1858-kolser\\\/\",\"name\":\"Holster pour Remington 1858 Kolser - R\u00e9plique Manga Cin\u00e9\",\"isPartOf\":{\"@id\":\"https:\\\/\\\/repliquemangacine.fr\\\/#website\"},\"primaryImageOfPage\":{\"@id\":\"https:\\\/\\\/repliquemangacine.fr\\\/holster-accessoires-western\\\/holster-pour-remington-1858-kolser\\\/#primaryimage\"},\"image\":{\"@id\":\"https:\\\/\\\/repliquemangacine.fr\\\/holster-accessoires-western\\\/holster-pour-remington-1858-kolser\\\/#primaryimage\"},\"thumbnailUrl\":\"https:\\\/\\\/repliquemangacine.fr\\\/wp-content\\\/uploads\\\/2025\\\/06\\\/holster-pour-Remington.jpg\",\"datePublished\":\"2025-06-22T16:58:59+00:00\",\"dateModified\":\"2026-03-16T11:04:47+00:00\",\"description\":\"Venez d\u00e9couvrir ce Holster pour Remington 1858 de la marque Kolser. Tout en cuir souple. Emplacement de deux barillets, cartouchi\u00e8re avec balles fournies.\",\"breadcrumb\":{\"@id\":\"https:\\\/\\\/repliquemangacine.fr\\\/holster-accessoires-western\\\/holster-pour-remington-1858-kolser\\\/#breadcrumb\"},\"inLanguage\":\"de\",\"potentialAction\":[{\"@type\":\"ReadAction\",\"target\":[\"https:\\\/\\\/repliquemangacine.fr\\\/holster-accessoires-western\\\/holster-pour-remington-1858-kolser\\\/\"]}]},{\"@type\":\"ImageObject\",\"inLanguage\":\"de\",\"@id\":\"https:\\\/\\\/repliquemangacine.fr\\\/holster-accessoires-western\\\/holster-pour-remington-1858-kolser\\\/#primaryimage\",\"url\":\"https:\\\/\\\/repliquemangacine.fr\\\/wp-content\\\/uploads\\\/2025\\\/06\\\/holster-pour-Remington.jpg\",\"contentUrl\":\"https:\\\/\\\/repliquemangacine.fr\\\/wp-content\\\/uploads\\\/2025\\\/06\\\/holster-pour-Remington.jpg\",\"width\":600,\"height\":600,\"caption\":\"Holster pour Remington Kolser\"},{\"@type\":\"BreadcrumbList\",\"@id\":\"https:\\\/\\\/repliquemangacine.fr\\\/holster-accessoires-western\\\/holster-pour-remington-1858-kolser\\\/#breadcrumb\",\"itemListElement\":[{\"@type\":\"ListItem\",\"position\":1,\"name\":\"Accueil\",\"item\":\"https:\\\/\\\/repliquemangacine.fr\\\/\"},{\"@type\":\"ListItem\",\"position\":2,\"name\":\"Produits\",\"item\":\"https:\\\/\\\/repliquemangacine.fr\\\/boutique\\\/\"},{\"@type\":\"ListItem\",\"position\":3,\"name\":\"Holster pour Remington 1858 Kolser\"}]},{\"@type\":\"WebSite\",\"@id\":\"https:\\\/\\\/repliquemangacine.fr\\\/#website\",\"url\":\"https:\\\/\\\/repliquemangacine.fr\\\/\",\"name\":\"R\u00e9plique Manga Cin\u00e9\",\"description\":\"\",\"publisher\":{\"@id\":\"https:\\\/\\\/repliquemangacine.fr\\\/#organization\"},\"potentialAction\":[{\"@type\":\"SearchAction\",\"target\":{\"@type\":\"EntryPoint\",\"urlTemplate\":\"https:\\\/\\\/repliquemangacine.fr\\\/?s={search_term_string}\"},\"query-input\":{\"@type\":\"PropertyValueSpecification\",\"valueRequired\":true,\"valueName\":\"search_term_string\"}}],\"inLanguage\":\"de\"},{\"@type\":\"Organization\",\"@id\":\"https:\\\/\\\/repliquemangacine.fr\\\/#organization\",\"name\":\"R\u00e9plique Manga Cin\u00e9\",\"url\":\"https:\\\/\\\/repliquemangacine.fr\\\/\",\"logo\":{\"@type\":\"ImageObject\",\"inLanguage\":\"de\",\"@id\":\"https:\\\/\\\/repliquemangacine.fr\\\/#\\\/schema\\\/logo\\\/image\\\/\",\"url\":\"https:\\\/\\\/repliquemangacine.fr\\\/wp-content\\\/uploads\\\/2023\\\/10\\\/RMC-500250.png\",\"contentUrl\":\"https:\\\/\\\/repliquemangacine.fr\\\/wp-content\\\/uploads\\\/2023\\\/10\\\/RMC-500250.png\",\"width\":500,\"height\":250,\"caption\":\"R\u00e9plique Manga Cin\u00e9\"},\"image\":{\"@id\":\"https:\\\/\\\/repliquemangacine.fr\\\/#\\\/schema\\\/logo\\\/image\\\/\"},\"sameAs\":[\"https:\\\/\\\/www.facebook.com\\\/RepliqueMangaCine\",\"https:\\\/\\\/www.instagram.com\\\/repliquemangacine.fr\\\/\"]}]}<\/script>\n<!-- \/ Yoast SEO plugin. -->","yoast_head_json":{"title":"Holster f\u00fcr Remington 1858 Kolser - R\u00e9plique Manga Cin\u00e9","description":"Entdecken Sie dieses Holster f\u00fcr die Remington 1858 der Marke Kolser. Vollst\u00e4ndig aus weichem Leder. Platz f\u00fcr zwei L\u00e4ufe, Patronengurt mit Kugeln im Lieferumfang enthalten.","robots":{"index":"index","follow":"follow","max-snippet":"max-snippet:-1","max-image-preview":"max-image-preview:large","max-video-preview":"max-video-preview:-1"},"canonical":"https:\/\/repliquemangacine.fr\/de\/holster-westernzubehor\/holster-fur-remington-1858-kolser\/","og_locale":"de_DE","og_type":"article","og_title":"Holster pour Remington 1858 Kolser - R\u00e9plique Manga Cin\u00e9","og_description":"Venez d\u00e9couvrir ce Holster pour Remington 1858 de la marque Kolser. Tout en cuir souple. Emplacement de deux barillets, cartouchi\u00e8re avec balles fournies.","og_url":"https:\/\/repliquemangacine.fr\/de\/holster-westernzubehor\/holster-fur-remington-1858-kolser\/","og_site_name":"R\u00e9plique Manga Cin\u00e9","article_publisher":"https:\/\/www.facebook.com\/RepliqueMangaCine","article_modified_time":"2026-03-16T11:04:47+00:00","og_image":[{"width":600,"height":600,"url":"https:\/\/repliquemangacine.fr\/wp-content\/uploads\/2025\/06\/holster-pour-Remington.jpg","type":"image\/jpeg"}],"twitter_card":"summary_large_image","twitter_misc":{"Gesch\u00e4tzte Lesezeit":"3\u00a0Minuten"},"schema":{"@context":"https:\/\/schema.org","@graph":[{"@type":"WebPage","@id":"https:\/\/repliquemangacine.fr\/holster-accessoires-western\/holster-pour-remington-1858-kolser\/","url":"https:\/\/repliquemangacine.fr\/holster-accessoires-western\/holster-pour-remington-1858-kolser\/","name":"Holster f\u00fcr Remington 1858 Kolser - R\u00e9plique Manga Cin\u00e9","isPartOf":{"@id":"https:\/\/repliquemangacine.fr\/#website"},"primaryImageOfPage":{"@id":"https:\/\/repliquemangacine.fr\/holster-accessoires-western\/holster-pour-remington-1858-kolser\/#primaryimage"},"image":{"@id":"https:\/\/repliquemangacine.fr\/holster-accessoires-western\/holster-pour-remington-1858-kolser\/#primaryimage"},"thumbnailUrl":"https:\/\/repliquemangacine.fr\/wp-content\/uploads\/2025\/06\/holster-pour-Remington.jpg","datePublished":"2025-06-22T16:58:59+00:00","dateModified":"2026-03-16T11:04:47+00:00","description":"Entdecken Sie dieses Holster f\u00fcr die Remington 1858 der Marke Kolser. Vollst\u00e4ndig aus weichem Leder. Platz f\u00fcr zwei L\u00e4ufe, Patronengurt mit Kugeln im Lieferumfang enthalten.","breadcrumb":{"@id":"https:\/\/repliquemangacine.fr\/holster-accessoires-western\/holster-pour-remington-1858-kolser\/#breadcrumb"},"inLanguage":"de","potentialAction":[{"@type":"ReadAction","target":["https:\/\/repliquemangacine.fr\/holster-accessoires-western\/holster-pour-remington-1858-kolser\/"]}]},{"@type":"ImageObject","inLanguage":"de","@id":"https:\/\/repliquemangacine.fr\/holster-accessoires-western\/holster-pour-remington-1858-kolser\/#primaryimage","url":"https:\/\/repliquemangacine.fr\/wp-content\/uploads\/2025\/06\/holster-pour-Remington.jpg","contentUrl":"https:\/\/repliquemangacine.fr\/wp-content\/uploads\/2025\/06\/holster-pour-Remington.jpg","width":600,"height":600,"caption":"Holster pour Remington Kolser"},{"@type":"BreadcrumbList","@id":"https:\/\/repliquemangacine.fr\/holster-accessoires-western\/holster-pour-remington-1858-kolser\/#breadcrumb","itemListElement":[{"@type":"ListItem","position":1,"name":"Accueil","item":"https:\/\/repliquemangacine.fr\/"},{"@type":"ListItem","position":2,"name":"Produits","item":"https:\/\/repliquemangacine.fr\/boutique\/"},{"@type":"ListItem","position":3,"name":"Holster pour Remington 1858 Kolser"}]},{"@type":"WebSite","@id":"https:\/\/repliquemangacine.fr\/#website","url":"https:\/\/repliquemangacine.fr\/","name":"R\u00e9plique Manga Cin\u00e9","description":"","publisher":{"@id":"https:\/\/repliquemangacine.fr\/#organization"},"potentialAction":[{"@type":"SearchAction","target":{"@type":"EntryPoint","urlTemplate":"https:\/\/repliquemangacine.fr\/?s={search_term_string}"},"query-input":{"@type":"PropertyValueSpecification","valueRequired":true,"valueName":"search_term_string"}}],"inLanguage":"de"},{"@type":"Organization","@id":"https:\/\/repliquemangacine.fr\/#organization","name":"R\u00e9plique Manga Cin\u00e9","url":"https:\/\/repliquemangacine.fr\/","logo":{"@type":"ImageObject","inLanguage":"de","@id":"https:\/\/repliquemangacine.fr\/#\/schema\/logo\/image\/","url":"https:\/\/repliquemangacine.fr\/wp-content\/uploads\/2023\/10\/RMC-500250.png","contentUrl":"https:\/\/repliquemangacine.fr\/wp-content\/uploads\/2023\/10\/RMC-500250.png","width":500,"height":250,"caption":"R\u00e9plique Manga Cin\u00e9"},"image":{"@id":"https:\/\/repliquemangacine.fr\/#\/schema\/logo\/image\/"},"sameAs":["https:\/\/www.facebook.com\/RepliqueMangaCine","https:\/\/www.instagram.com\/repliquemangacine.fr\/"]}]}},"_links":{"self":[{"href":"https:\/\/repliquemangacine.fr\/de\/wp-json\/wp\/v2\/product\/85581","targetHints":{"allow":["GET"]}}],"collection":[{"href":"https:\/\/repliquemangacine.fr\/de\/wp-json\/wp\/v2\/product"}],"about":[{"href":"https:\/\/repliquemangacine.fr\/de\/wp-json\/wp\/v2\/types\/product"}],"wp:featuredmedia":[{"embeddable":true,"href":"https:\/\/repliquemangacine.fr\/de\/wp-json\/wp\/v2\/media\/85582"}],"wp:attachment":[{"href":"https:\/\/repliquemangacine.fr\/de\/wp-json\/wp\/v2\/media?parent=85581"}],"wp:term":[{"taxonomy":"product_brand","embeddable":true,"href":"https:\/\/repliquemangacine.fr\/de\/wp-json\/wp\/v2\/product_brand?post=85581"},{"taxonomy":"product_cat","embeddable":true,"href":"https:\/\/repliquemangacine.fr\/de\/wp-json\/wp\/v2\/product_cat?post=85581"},{"taxonomy":"product_tag","embeddable":true,"href":"https:\/\/repliquemangacine.fr\/de\/wp-json\/wp\/v2\/product_tag?post=85581"}],"curies":[{"name":"wp","href":"https:\/\/api.w.org\/{rel}","templated":true}]}}