





{"id":85578,"date":"2025-06-22T17:49:19","date_gmt":"2025-06-22T15:49:19","guid":{"rendered":"https:\/\/repliquemangacine.fr\/?post_type=product&#038;p=85578"},"modified":"2026-02-19T10:18:50","modified_gmt":"2026-02-19T09:18:50","slug":"konvertierter-lauf-remington-1858-kolser","status":"publish","type":"product","link":"https:\/\/repliquemangacine.fr\/de\/arme-kolser\/barillet-converti-remington-1858-kolser\/","title":{"rendered":"Konvertierter Lauf Remington 1858 Kolser"},"content":{"rendered":"<h2>Konvertierter Schlie\u00dfzylinder - Modernit\u00e4t und Effizienz<\/h2>\n<p>Zun\u00e4chst einmal reproduziert dieses Zubeh\u00f6r den umgebauten Lauf, der typisch f\u00fcr den postamerikanischen \u00dcbergang von Waffen aus dem B\u00fcrgerkrieg ist. Hergestellt aus hochwertigem Zamak und mit schwarzem Finish.<\/p>\n<p>Dieses Trommelmodell entspricht dem umgebauten Revolver Remington 1858, wie ihn Clint Eastwood in Pale Rider (1985) schw\u00f6rt. In dem Film benutzt der legend\u00e4re Sch\u00fctze nicht nur diese Waffe, sondern tr\u00e4gt auch mehrere zus\u00e4tzliche Trommeln bei sich, die zum Nachladen bereitstehen - eine Strategie, die ihm einen entscheidenden taktischen Vorteil verschafft.<\/p>\n<p>Mit diesem Zubeh\u00f6r <a href=\"https:\/\/kolser.com\/\" target=\"_blank\" rel=\"noopener noreferrer\">Kolser<\/a>k\u00f6nnen Sie das Erlebnis des Alten Westens nachstellen und Ihr Replikat f\u00fcr Ausstellungen, historische Freizeitaktivit\u00e4ten oder einfach nur zum Genie\u00dfen eines legend\u00e4ren St\u00fccks vervollst\u00e4ndigen.<\/p>\n<h2>Exklusiver Lauf des Remington-Modells umgewandelt 1858 Kolser<\/h2>\n<p>Mit diesem umgebauten Lauf f\u00fcr die Remington 1858 Kolser k\u00f6nnen Sie in eine modernisierte Version wechseln. Ohne echte Patronen, aber mit einem verbl\u00fcffenden visuellen und akustischen System. Sie ist f\u00fcr Colt-Attrappenkugeln konzipiert und hat hinten in jeder Kammer eine Aussparung, in die Sie ein Petarden-Z\u00fcndh\u00fctchen einlegen k\u00f6nnen. So wird das Ger\u00e4usch eines echten Schusses bei Ihren Inszenierungen nachgebildet.<\/p>\n<p>Dar\u00fcber hinaus erm\u00f6glicht der integrierte Auszieher das einfache Auswerfen von Steckschl\u00fcsselattrappen. Die verchromte Oberfl\u00e4che sorgt f\u00fcr eine reibungslose Bewegung und sch\u00fctzt die internen Komponenten. Dank dieses Designs erhalten Sie eine originalgetreue und sichere Nachbildung, die sich perfekt f\u00fcr Animationen oder Cosplay eignet.<\/p>\n<p>Und schlie\u00dflich l\u00e4sst sich dieser Zylinder dank seines Drop-In-Systems in Sekundenschnelle ohne Werkzeug austauschen. Er ist also ein unverzichtbares Zubeh\u00f6r f\u00fcr Liebhaber, die authentische \u00c4sthetik, realistische Handhabung und beeindruckende Klangeffekte ohne jedes Risiko miteinander verbinden m\u00f6chten.<\/p>\n<h2>Unverzichtbares Zubeh\u00f6r f\u00fcr einen vollst\u00e4ndigen und einsatzbereiten Remington 1858<\/h2>\n<p>Um den Wilden Westen zu erleben und Ihre Remington 1858 zu veredeln, sind bestimmte Accessoires einfach unverzichtbar. Dazu geh\u00f6rt das Lederholster, das speziell f\u00fcr dieses Modell entworfen wurde. Zusammen mit dem integrierten Patronengurt bietet es nicht nur einen hohen Tragekomfort, sondern auch einen authentischen Cowboy-Look. Und das Beste daran: Es verf\u00fcgt \u00fcber einen doppelten Steckplatz f\u00fcr zus\u00e4tzliche L\u00e4ufe, sodass Sie jederzeit zwischen Perkussion und umgebauter Version wechseln k\u00f6nnen.<\/p>\n<p>Um den akustischen und visuellen Realismus zu betonen, wurden au\u00dferdem die <a href=\"https:\/\/repliquemangacine.fr\/de\/kolser-waffe\/blister-208-kolser-zundhutchen\/\">Knallk\u00f6rperz\u00fcnder<\/a> sind von entscheidender Bedeutung. Sie werden direkt auf den Piton der Perkussionstrommel oder in den daf\u00fcr vorgesehenen Platz auf der R\u00fcckseite des umgebauten Modells gesetzt und f\u00fcgen einen bluffigen Schusseffekt hinzu, der v\u00f6llig ungef\u00e4hrlich ist.<\/p>\n<p>Um die Illusion zu vervollst\u00e4ndigen, werden schlie\u00dflich die <a href=\"https:\/\/repliquemangacine.fr\/de\/kolser-waffe\/6-attrappenkugeln-fur-colt-45-kolser\/\">Attrappenkugeln f\u00fcr Colt<\/a> passen in die Kammern der umgebauten L\u00e4ufe. Sie verleihen Ihren Reenactment-Szenen, Ausstellungen oder Fotoshootings den perfekten Abschluss. Zusammen verwandeln diese Zubeh\u00f6rteile Ihren Revolver in ein lebendiges St\u00fcck Geschichte, das bereit ist, zu beeindrucken.<\/p>","protected":false},"excerpt":{"rendered":"<p>Stellen Sie den historischen Umbau der Remington 1858 mit diesem umgebauten Lauf, der f\u00fcr Kolser-Metallpatronen geeignet ist, nach.<\/p>\n<ul>\n<li>Exklusiv f\u00fcr die Replik von Kolsers Remington 1858 Converted entworfen<\/li>\n<li>Hergestellt aus hochwertigem Zamak mit schwarzem Finish.<\/li>\n<li><strong>WICHTIG:<\/strong> Diese Trommel wurde ausschlie\u00dflich f\u00fcr den Remington 1858 Converted entwickelt. Sie ist nicht <strong>nicht kompatibel mit dem Schlagzeugmodell<\/strong> klassisch, da beide unterschiedliche Mechanismen haben. Tauschen Sie die Trommeln nicht zwischen den Modellen aus. Achten Sie darauf, dass Sie die richtige f\u00fcr Ihr Replikat bekommen.<\/li>\n<\/ul>","protected":false},"featured_media":85579,"template":"","meta":[],"product_brand":[896],"product_cat":[51,100,90],"product_tag":[],"class_list":{"0":"post-85578","1":"product","2":"type-product","3":"status-publish","4":"has-post-thumbnail","6":"product_brand-replique-manga-cine","7":"product_cat-accessoires-western","8":"product_cat-arme-kolser","9":"product_cat-holster-accessoires-western","11":"first","12":"outofstock","13":"taxable","14":"shipping-taxable","15":"purchasable","16":"product-type-simple"},"yoast_head":"<!-- This site is optimized with the Yoast SEO plugin v27.5 - https:\/\/yoast.com\/product\/yoast-seo-wordpress\/ -->\n<title>Barillet converti Remington 1858 Kolser - R\u00e9plique Manga Cin\u00e9<\/title>\n<meta name=\"description\" content=\"Recr\u00e9er la conversion historique du Remington 1858 avec ce Barillet converti adapt\u00e9 pour les cartouches en m\u00e9tal Kolser. Zamac de haute qualit\u00e9.\" \/>\n<meta name=\"robots\" content=\"index, follow, max-snippet:-1, max-image-preview:large, max-video-preview:-1\" \/>\n<link rel=\"canonical\" href=\"https:\/\/repliquemangacine.fr\/de\/kolser-waffe\/konvertierter-lauf-remington-1858-kolser\/\" \/>\n<meta property=\"og:locale\" content=\"de_DE\" \/>\n<meta property=\"og:type\" content=\"article\" \/>\n<meta property=\"og:title\" content=\"Barillet converti Remington 1858 Kolser - R\u00e9plique Manga Cin\u00e9\" \/>\n<meta property=\"og:description\" content=\"Recr\u00e9er la conversion historique du Remington 1858 avec ce Barillet converti adapt\u00e9 pour les cartouches en m\u00e9tal Kolser. Zamac de haute qualit\u00e9.\" \/>\n<meta property=\"og:url\" content=\"https:\/\/repliquemangacine.fr\/de\/kolser-waffe\/konvertierter-lauf-remington-1858-kolser\/\" \/>\n<meta property=\"og:site_name\" content=\"R\u00e9plique Manga Cin\u00e9\" \/>\n<meta property=\"article:publisher\" content=\"https:\/\/www.facebook.com\/RepliqueMangaCine\" \/>\n<meta property=\"article:modified_time\" content=\"2026-02-19T09:18:50+00:00\" \/>\n<meta property=\"og:image\" content=\"https:\/\/repliquemangacine.fr\/wp-content\/uploads\/2025\/06\/barillet-converti.jpg\" \/>\n\t<meta property=\"og:image:width\" content=\"800\" \/>\n\t<meta property=\"og:image:height\" content=\"800\" \/>\n\t<meta property=\"og:image:type\" content=\"image\/jpeg\" \/>\n<meta name=\"twitter:card\" content=\"summary_large_image\" \/>\n<meta name=\"twitter:label1\" content=\"Gesch\u00e4tzte Lesezeit\" \/>\n\t<meta name=\"twitter:data1\" content=\"3\u00a0Minuten\" \/>\n<script type=\"application\/ld+json\" class=\"yoast-schema-graph\">{\"@context\":\"https:\\\/\\\/schema.org\",\"@graph\":[{\"@type\":\"WebPage\",\"@id\":\"https:\\\/\\\/repliquemangacine.fr\\\/arme-kolser\\\/barillet-converti-remington-1858-kolser\\\/\",\"url\":\"https:\\\/\\\/repliquemangacine.fr\\\/arme-kolser\\\/barillet-converti-remington-1858-kolser\\\/\",\"name\":\"Barillet converti Remington 1858 Kolser - R\u00e9plique Manga Cin\u00e9\",\"isPartOf\":{\"@id\":\"https:\\\/\\\/repliquemangacine.fr\\\/#website\"},\"primaryImageOfPage\":{\"@id\":\"https:\\\/\\\/repliquemangacine.fr\\\/arme-kolser\\\/barillet-converti-remington-1858-kolser\\\/#primaryimage\"},\"image\":{\"@id\":\"https:\\\/\\\/repliquemangacine.fr\\\/arme-kolser\\\/barillet-converti-remington-1858-kolser\\\/#primaryimage\"},\"thumbnailUrl\":\"https:\\\/\\\/repliquemangacine.fr\\\/wp-content\\\/uploads\\\/2025\\\/06\\\/barillet-converti.jpg\",\"datePublished\":\"2025-06-22T15:49:19+00:00\",\"dateModified\":\"2026-02-19T09:18:50+00:00\",\"description\":\"Recr\u00e9er la conversion historique du Remington 1858 avec ce Barillet converti adapt\u00e9 pour les cartouches en m\u00e9tal Kolser. Zamac de haute qualit\u00e9.\",\"breadcrumb\":{\"@id\":\"https:\\\/\\\/repliquemangacine.fr\\\/arme-kolser\\\/barillet-converti-remington-1858-kolser\\\/#breadcrumb\"},\"inLanguage\":\"de\",\"potentialAction\":[{\"@type\":\"ReadAction\",\"target\":[\"https:\\\/\\\/repliquemangacine.fr\\\/arme-kolser\\\/barillet-converti-remington-1858-kolser\\\/\"]}]},{\"@type\":\"ImageObject\",\"inLanguage\":\"de\",\"@id\":\"https:\\\/\\\/repliquemangacine.fr\\\/arme-kolser\\\/barillet-converti-remington-1858-kolser\\\/#primaryimage\",\"url\":\"https:\\\/\\\/repliquemangacine.fr\\\/wp-content\\\/uploads\\\/2025\\\/06\\\/barillet-converti.jpg\",\"contentUrl\":\"https:\\\/\\\/repliquemangacine.fr\\\/wp-content\\\/uploads\\\/2025\\\/06\\\/barillet-converti.jpg\",\"width\":800,\"height\":800,\"caption\":\"Barillet converti Remington 1858 Kolser\"},{\"@type\":\"BreadcrumbList\",\"@id\":\"https:\\\/\\\/repliquemangacine.fr\\\/arme-kolser\\\/barillet-converti-remington-1858-kolser\\\/#breadcrumb\",\"itemListElement\":[{\"@type\":\"ListItem\",\"position\":1,\"name\":\"Accueil\",\"item\":\"https:\\\/\\\/repliquemangacine.fr\\\/\"},{\"@type\":\"ListItem\",\"position\":2,\"name\":\"Produits\",\"item\":\"https:\\\/\\\/repliquemangacine.fr\\\/boutique\\\/\"},{\"@type\":\"ListItem\",\"position\":3,\"name\":\"Barillet converti Remington 1858 Kolser\"}]},{\"@type\":\"WebSite\",\"@id\":\"https:\\\/\\\/repliquemangacine.fr\\\/#website\",\"url\":\"https:\\\/\\\/repliquemangacine.fr\\\/\",\"name\":\"R\u00e9plique Manga Cin\u00e9\",\"description\":\"\",\"publisher\":{\"@id\":\"https:\\\/\\\/repliquemangacine.fr\\\/#organization\"},\"potentialAction\":[{\"@type\":\"SearchAction\",\"target\":{\"@type\":\"EntryPoint\",\"urlTemplate\":\"https:\\\/\\\/repliquemangacine.fr\\\/?s={search_term_string}\"},\"query-input\":{\"@type\":\"PropertyValueSpecification\",\"valueRequired\":true,\"valueName\":\"search_term_string\"}}],\"inLanguage\":\"de\"},{\"@type\":\"Organization\",\"@id\":\"https:\\\/\\\/repliquemangacine.fr\\\/#organization\",\"name\":\"R\u00e9plique Manga Cin\u00e9\",\"url\":\"https:\\\/\\\/repliquemangacine.fr\\\/\",\"logo\":{\"@type\":\"ImageObject\",\"inLanguage\":\"de\",\"@id\":\"https:\\\/\\\/repliquemangacine.fr\\\/#\\\/schema\\\/logo\\\/image\\\/\",\"url\":\"https:\\\/\\\/repliquemangacine.fr\\\/wp-content\\\/uploads\\\/2023\\\/10\\\/RMC-500250.png\",\"contentUrl\":\"https:\\\/\\\/repliquemangacine.fr\\\/wp-content\\\/uploads\\\/2023\\\/10\\\/RMC-500250.png\",\"width\":500,\"height\":250,\"caption\":\"R\u00e9plique Manga Cin\u00e9\"},\"image\":{\"@id\":\"https:\\\/\\\/repliquemangacine.fr\\\/#\\\/schema\\\/logo\\\/image\\\/\"},\"sameAs\":[\"https:\\\/\\\/www.facebook.com\\\/RepliqueMangaCine\",\"https:\\\/\\\/www.instagram.com\\\/repliquemangacine.fr\\\/\"]}]}<\/script>\n<!-- \/ Yoast SEO plugin. -->","yoast_head_json":{"title":"Konvertierter Lauf Remington 1858 Kolser - R\u00e9plique Manga Cin\u00e9","description":"Stellen Sie den historischen Umbau der Remington 1858 mit diesem umgebauten Lauf nach, der f\u00fcr Kolser-Metallpatronen geeignet ist. Hochwertiges Zamak.","robots":{"index":"index","follow":"follow","max-snippet":"max-snippet:-1","max-image-preview":"max-image-preview:large","max-video-preview":"max-video-preview:-1"},"canonical":"https:\/\/repliquemangacine.fr\/de\/kolser-waffe\/konvertierter-lauf-remington-1858-kolser\/","og_locale":"de_DE","og_type":"article","og_title":"Barillet converti Remington 1858 Kolser - R\u00e9plique Manga Cin\u00e9","og_description":"Recr\u00e9er la conversion historique du Remington 1858 avec ce Barillet converti adapt\u00e9 pour les cartouches en m\u00e9tal Kolser. Zamac de haute qualit\u00e9.","og_url":"https:\/\/repliquemangacine.fr\/de\/kolser-waffe\/konvertierter-lauf-remington-1858-kolser\/","og_site_name":"R\u00e9plique Manga Cin\u00e9","article_publisher":"https:\/\/www.facebook.com\/RepliqueMangaCine","article_modified_time":"2026-02-19T09:18:50+00:00","og_image":[{"width":800,"height":800,"url":"https:\/\/repliquemangacine.fr\/wp-content\/uploads\/2025\/06\/barillet-converti.jpg","type":"image\/jpeg"}],"twitter_card":"summary_large_image","twitter_misc":{"Gesch\u00e4tzte Lesezeit":"3\u00a0Minuten"},"schema":{"@context":"https:\/\/schema.org","@graph":[{"@type":"WebPage","@id":"https:\/\/repliquemangacine.fr\/arme-kolser\/barillet-converti-remington-1858-kolser\/","url":"https:\/\/repliquemangacine.fr\/arme-kolser\/barillet-converti-remington-1858-kolser\/","name":"Konvertierter Lauf Remington 1858 Kolser - R\u00e9plique Manga Cin\u00e9","isPartOf":{"@id":"https:\/\/repliquemangacine.fr\/#website"},"primaryImageOfPage":{"@id":"https:\/\/repliquemangacine.fr\/arme-kolser\/barillet-converti-remington-1858-kolser\/#primaryimage"},"image":{"@id":"https:\/\/repliquemangacine.fr\/arme-kolser\/barillet-converti-remington-1858-kolser\/#primaryimage"},"thumbnailUrl":"https:\/\/repliquemangacine.fr\/wp-content\/uploads\/2025\/06\/barillet-converti.jpg","datePublished":"2025-06-22T15:49:19+00:00","dateModified":"2026-02-19T09:18:50+00:00","description":"Stellen Sie den historischen Umbau der Remington 1858 mit diesem umgebauten Lauf nach, der f\u00fcr Kolser-Metallpatronen geeignet ist. Hochwertiges Zamak.","breadcrumb":{"@id":"https:\/\/repliquemangacine.fr\/arme-kolser\/barillet-converti-remington-1858-kolser\/#breadcrumb"},"inLanguage":"de","potentialAction":[{"@type":"ReadAction","target":["https:\/\/repliquemangacine.fr\/arme-kolser\/barillet-converti-remington-1858-kolser\/"]}]},{"@type":"ImageObject","inLanguage":"de","@id":"https:\/\/repliquemangacine.fr\/arme-kolser\/barillet-converti-remington-1858-kolser\/#primaryimage","url":"https:\/\/repliquemangacine.fr\/wp-content\/uploads\/2025\/06\/barillet-converti.jpg","contentUrl":"https:\/\/repliquemangacine.fr\/wp-content\/uploads\/2025\/06\/barillet-converti.jpg","width":800,"height":800,"caption":"Barillet converti Remington 1858 Kolser"},{"@type":"BreadcrumbList","@id":"https:\/\/repliquemangacine.fr\/arme-kolser\/barillet-converti-remington-1858-kolser\/#breadcrumb","itemListElement":[{"@type":"ListItem","position":1,"name":"Accueil","item":"https:\/\/repliquemangacine.fr\/"},{"@type":"ListItem","position":2,"name":"Produits","item":"https:\/\/repliquemangacine.fr\/boutique\/"},{"@type":"ListItem","position":3,"name":"Barillet converti Remington 1858 Kolser"}]},{"@type":"WebSite","@id":"https:\/\/repliquemangacine.fr\/#website","url":"https:\/\/repliquemangacine.fr\/","name":"R\u00e9plique Manga Cin\u00e9","description":"","publisher":{"@id":"https:\/\/repliquemangacine.fr\/#organization"},"potentialAction":[{"@type":"SearchAction","target":{"@type":"EntryPoint","urlTemplate":"https:\/\/repliquemangacine.fr\/?s={search_term_string}"},"query-input":{"@type":"PropertyValueSpecification","valueRequired":true,"valueName":"search_term_string"}}],"inLanguage":"de"},{"@type":"Organization","@id":"https:\/\/repliquemangacine.fr\/#organization","name":"R\u00e9plique Manga Cin\u00e9","url":"https:\/\/repliquemangacine.fr\/","logo":{"@type":"ImageObject","inLanguage":"de","@id":"https:\/\/repliquemangacine.fr\/#\/schema\/logo\/image\/","url":"https:\/\/repliquemangacine.fr\/wp-content\/uploads\/2023\/10\/RMC-500250.png","contentUrl":"https:\/\/repliquemangacine.fr\/wp-content\/uploads\/2023\/10\/RMC-500250.png","width":500,"height":250,"caption":"R\u00e9plique Manga Cin\u00e9"},"image":{"@id":"https:\/\/repliquemangacine.fr\/#\/schema\/logo\/image\/"},"sameAs":["https:\/\/www.facebook.com\/RepliqueMangaCine","https:\/\/www.instagram.com\/repliquemangacine.fr\/"]}]}},"_links":{"self":[{"href":"https:\/\/repliquemangacine.fr\/de\/wp-json\/wp\/v2\/product\/85578","targetHints":{"allow":["GET"]}}],"collection":[{"href":"https:\/\/repliquemangacine.fr\/de\/wp-json\/wp\/v2\/product"}],"about":[{"href":"https:\/\/repliquemangacine.fr\/de\/wp-json\/wp\/v2\/types\/product"}],"wp:featuredmedia":[{"embeddable":true,"href":"https:\/\/repliquemangacine.fr\/de\/wp-json\/wp\/v2\/media\/85579"}],"wp:attachment":[{"href":"https:\/\/repliquemangacine.fr\/de\/wp-json\/wp\/v2\/media?parent=85578"}],"wp:term":[{"taxonomy":"product_brand","embeddable":true,"href":"https:\/\/repliquemangacine.fr\/de\/wp-json\/wp\/v2\/product_brand?post=85578"},{"taxonomy":"product_cat","embeddable":true,"href":"https:\/\/repliquemangacine.fr\/de\/wp-json\/wp\/v2\/product_cat?post=85578"},{"taxonomy":"product_tag","embeddable":true,"href":"https:\/\/repliquemangacine.fr\/de\/wp-json\/wp\/v2\/product_tag?post=85578"}],"curies":[{"name":"wp","href":"https:\/\/api.w.org\/{rel}","templated":true}]}}