





{"id":85576,"date":"2025-06-22T17:25:20","date_gmt":"2025-06-22T15:25:20","guid":{"rendered":"https:\/\/repliquemangacine.fr\/?post_type=product&#038;p=85576"},"modified":"2026-04-27T15:40:19","modified_gmt":"2026-04-27T13:40:19","slug":"zusatzliche-perkussionstrommel-remington-1858-kolser","status":"publish","type":"product","link":"https:\/\/repliquemangacine.fr\/de\/arme-kolser\/barillet-a-percussion-supplementaire-remington-1858-kolser\/","title":{"rendered":"Zus\u00e4tzlicher Perkussionszylinder Remington 1858 Kolser"},"content":{"rendered":"<h2>Extra Percussion Barrel - Kompromisslose Authentizit\u00e4t<\/h2>\n<p>Zun\u00e4chst vervollst\u00e4ndigen Sie Ihre Remington 1858 Replik mit diesem Ersatz-Percussion Barrel. <a href=\"https:\/\/kolser.com\/\" target=\"_blank\" rel=\"noopener noreferrer\">Kolser<\/a> Originalteil. Speziell f\u00fcr das klassische Perkussionsmodell entwickelt. Mit diesem Zubeh\u00f6rteil k\u00f6nnen Sie die innovativste Funktion des Revolvers simulieren: den schnellen Trommelwechsel im Kampf.<\/p>\n<p>Hergestellt aus denselben Materialien und mit denselben Oberfl\u00e4chen wie das Originalmodell. Diese Trommel ist eine originalgetreue Nachbildung des Modells, das w\u00e4hrend des amerikanischen B\u00fcrgerkriegs von der Unionsarmee verwendet wurde. Ideal f\u00fcr Sammler, historische Nachsteller und Enthusiasten, die ein authentischeres Erlebnis suchen.<\/p>\n<p>Es handelt sich um das Trommelmodell, das dem Perkussionsrevolver der New Army 1858 entspricht, derselben Waffe, die Jamie Foxx in Django Unchained (2012) verwendet.<\/p>\n<h2>Exklusive Trommel f\u00fcr das Perkussionsmodell von Remington 1858<\/h2>\n<p>Zun\u00e4chst einmal verwandelt dieser Perkussionslauf Ihre Remington 1858 Kolser in eine echte Maschine, mit der Sie Geschichte wieder aufleben lassen k\u00f6nnen. Er besteht aus behandeltem Stahl und hat genau die gleiche Kapazit\u00e4t von sechs Kammern. Die Positionierung der Kamine und die konische Innenform.<\/p>\n<p>Au\u00dferdem verf\u00fcgt jede Kammer \u00fcber einen kleinen Zapfen, in den direkt eine Z\u00fcndkapsel eingesetzt werden kann, wodurch eine originalgetreue Nachbildung des urspr\u00fcnglichen Systems gew\u00e4hrleistet ist. Dank dieser Kompatibilit\u00e4t und des reibungslosen Indexierungssystems k\u00f6nnen Sie mehrere L\u00e4ufe im Voraus vorbereiten und so Ihre Schusskapazit\u00e4t bei Nachstellungen oder Ausstellungen verdoppeln.<\/p>\n<p>Schlie\u00dflich begrenzt die polierte Oberfl\u00e4che die Verschmutzung und erleichtert die Reinigung. Dieser Perkussionslauf ist daher das perfekte Zubeh\u00f6r f\u00fcr Enthusiasten, die ein realistisches Erlebnis suchen. Ohne Pulver und Projektil, aber mit garantiertem Klang- und Mechanikeffekt.<\/p>\n<h2>Unverzichtbares Zubeh\u00f6r f\u00fcr einen vollst\u00e4ndigen und einsatzbereiten Remington 1858<\/h2>\n<p>Um den Wilden Westen zu erleben und Ihre Remington 1858 zu veredeln, sind bestimmte Accessoires einfach unverzichtbar. Dazu geh\u00f6rt das Lederholster, das speziell f\u00fcr dieses Modell entworfen wurde. Zusammen mit dem integrierten Patronengurt bietet es nicht nur einen hohen Tragekomfort, sondern auch einen authentischen Cowboy-Look. Und das Beste daran: Es verf\u00fcgt \u00fcber einen doppelten Steckplatz f\u00fcr zus\u00e4tzliche L\u00e4ufe, sodass Sie jederzeit zwischen Perkussion und umgebauter Version wechseln k\u00f6nnen.<\/p>\n<p>Um den akustischen und visuellen Realismus zu betonen, wurden au\u00dferdem die <a href=\"https:\/\/repliquemangacine.fr\/de\/kolser-waffe\/blister-208-kolser-zundhutchen\/\">Knallk\u00f6rperz\u00fcnder<\/a> sind von entscheidender Bedeutung. Sie werden direkt auf den Piton der Perkussionstrommel oder in den daf\u00fcr vorgesehenen Platz auf der R\u00fcckseite des umgebauten Modells gesetzt und f\u00fcgen einen bluffigen Schusseffekt hinzu, der v\u00f6llig ungef\u00e4hrlich ist.<\/p>\n<p>Um die Illusion zu vervollst\u00e4ndigen, werden schlie\u00dflich die<a href=\"https:\/\/repliquemangacine.fr\/de\/kolser-waffe\/6-attrappenkugeln-fur-colt-45-kolser\/\"> Attrappenkugeln f\u00fcr Colt<\/a> passen in die Kammern der umgebauten L\u00e4ufe. Sie verleihen Ihren Reenactment-Szenen, Ausstellungen oder Fotoshootings den perfekten Abschluss. Zusammen verwandeln diese Zubeh\u00f6rteile Ihren Revolver in ein lebendiges St\u00fcck Geschichte, das bereit ist, zu beeindrucken.<\/p>","protected":false},"excerpt":{"rendered":"<p>Erg\u00e4nzen Sie Ihre Remington 1858 Replik mit diesem Kolser Ersatz-Percussion Barrel.<\/p>\n<ul>\n<li>Speziell f\u00fcr das klassische Perkussionsmodell entwickelt<\/li>\n<li>Aus hochwertigem Zamak<\/li>\n<li><strong>WICHTIG<\/strong>: Der Perkussionsmechanismus der Remington 1858 ist nicht <strong>NICHT<\/strong> gleich dem der Remington 1858 Convertie<br \/>\nDeshalb kann man die Trommeln zwischen diesen beiden Modellen nicht austauschen.<br \/>\nWenn Sie eine zus\u00e4tzliche Trommel kaufen, achten Sie darauf, dass es sich um das richtige Modell handelt. <strong>Sie sind untereinander nicht kompatibel<\/strong>.<\/li>\n<\/ul>","protected":false},"featured_media":85571,"template":"","meta":[],"product_brand":[896],"product_cat":[51,100,90,27],"product_tag":[],"class_list":{"0":"post-85576","1":"product","2":"type-product","3":"status-publish","4":"has-post-thumbnail","6":"product_brand-replique-manga-cine","7":"product_cat-accessoires-western","8":"product_cat-arme-kolser","9":"product_cat-holster-accessoires-western","10":"product_cat-armes-et-accessoires-western","12":"first","13":"instock","14":"taxable","15":"shipping-taxable","16":"purchasable","17":"product-type-simple"},"yoast_head":"<!-- This site is optimized with the Yoast SEO plugin v27.5 - https:\/\/yoast.com\/product\/yoast-seo-wordpress\/ -->\n<title>Barillet \u00e0 percussion suppl\u00e9mentaire Remington 1858 Kolser - R\u00e9plique Manga Cin\u00e9<\/title>\n<meta name=\"description\" content=\"Compl\u00e9tez votre r\u00e9plique Remington 1858 avec ce Barillet \u00e0 percussion de remplacement Kolser. Accepte les amorces p\u00e9tards. Tout en zamac\" \/>\n<meta name=\"robots\" content=\"index, follow, max-snippet:-1, max-image-preview:large, max-video-preview:-1\" \/>\n<link rel=\"canonical\" href=\"https:\/\/repliquemangacine.fr\/de\/kolser-waffe\/zusatzliche-perkussionstrommel-remington-1858-kolser\/\" \/>\n<meta property=\"og:locale\" content=\"de_DE\" \/>\n<meta property=\"og:type\" content=\"article\" \/>\n<meta property=\"og:title\" content=\"Barillet \u00e0 percussion suppl\u00e9mentaire Remington 1858 Kolser - R\u00e9plique Manga Cin\u00e9\" \/>\n<meta property=\"og:description\" content=\"Compl\u00e9tez votre r\u00e9plique Remington 1858 avec ce Barillet \u00e0 percussion de remplacement Kolser. Accepte les amorces p\u00e9tards. Tout en zamac\" \/>\n<meta property=\"og:url\" content=\"https:\/\/repliquemangacine.fr\/de\/kolser-waffe\/zusatzliche-perkussionstrommel-remington-1858-kolser\/\" \/>\n<meta property=\"og:site_name\" content=\"R\u00e9plique Manga Cin\u00e9\" \/>\n<meta property=\"article:publisher\" content=\"https:\/\/www.facebook.com\/RepliqueMangaCine\" \/>\n<meta property=\"article:modified_time\" content=\"2026-04-27T13:40:19+00:00\" \/>\n<meta property=\"og:image\" content=\"https:\/\/repliquemangacine.fr\/wp-content\/uploads\/2025\/06\/barillet-a-percussion.jpg\" \/>\n\t<meta property=\"og:image:width\" content=\"800\" \/>\n\t<meta property=\"og:image:height\" content=\"800\" \/>\n\t<meta property=\"og:image:type\" content=\"image\/jpeg\" \/>\n<meta name=\"twitter:card\" content=\"summary_large_image\" \/>\n<meta name=\"twitter:label1\" content=\"Gesch\u00e4tzte Lesezeit\" \/>\n\t<meta name=\"twitter:data1\" content=\"3\u00a0Minuten\" \/>\n<script type=\"application\/ld+json\" class=\"yoast-schema-graph\">{\"@context\":\"https:\\\/\\\/schema.org\",\"@graph\":[{\"@type\":\"WebPage\",\"@id\":\"https:\\\/\\\/repliquemangacine.fr\\\/arme-kolser\\\/barillet-a-percussion-supplementaire-remington-1858-kolser\\\/\",\"url\":\"https:\\\/\\\/repliquemangacine.fr\\\/arme-kolser\\\/barillet-a-percussion-supplementaire-remington-1858-kolser\\\/\",\"name\":\"Barillet \u00e0 percussion suppl\u00e9mentaire Remington 1858 Kolser - R\u00e9plique Manga Cin\u00e9\",\"isPartOf\":{\"@id\":\"https:\\\/\\\/repliquemangacine.fr\\\/#website\"},\"primaryImageOfPage\":{\"@id\":\"https:\\\/\\\/repliquemangacine.fr\\\/arme-kolser\\\/barillet-a-percussion-supplementaire-remington-1858-kolser\\\/#primaryimage\"},\"image\":{\"@id\":\"https:\\\/\\\/repliquemangacine.fr\\\/arme-kolser\\\/barillet-a-percussion-supplementaire-remington-1858-kolser\\\/#primaryimage\"},\"thumbnailUrl\":\"https:\\\/\\\/repliquemangacine.fr\\\/wp-content\\\/uploads\\\/2025\\\/06\\\/barillet-a-percussion.jpg\",\"datePublished\":\"2025-06-22T15:25:20+00:00\",\"dateModified\":\"2026-04-27T13:40:19+00:00\",\"description\":\"Compl\u00e9tez votre r\u00e9plique Remington 1858 avec ce Barillet \u00e0 percussion de remplacement Kolser. Accepte les amorces p\u00e9tards. Tout en zamac\",\"breadcrumb\":{\"@id\":\"https:\\\/\\\/repliquemangacine.fr\\\/arme-kolser\\\/barillet-a-percussion-supplementaire-remington-1858-kolser\\\/#breadcrumb\"},\"inLanguage\":\"de\",\"potentialAction\":[{\"@type\":\"ReadAction\",\"target\":[\"https:\\\/\\\/repliquemangacine.fr\\\/arme-kolser\\\/barillet-a-percussion-supplementaire-remington-1858-kolser\\\/\"]}]},{\"@type\":\"ImageObject\",\"inLanguage\":\"de\",\"@id\":\"https:\\\/\\\/repliquemangacine.fr\\\/arme-kolser\\\/barillet-a-percussion-supplementaire-remington-1858-kolser\\\/#primaryimage\",\"url\":\"https:\\\/\\\/repliquemangacine.fr\\\/wp-content\\\/uploads\\\/2025\\\/06\\\/barillet-a-percussion.jpg\",\"contentUrl\":\"https:\\\/\\\/repliquemangacine.fr\\\/wp-content\\\/uploads\\\/2025\\\/06\\\/barillet-a-percussion.jpg\",\"width\":800,\"height\":800,\"caption\":\"Barillet \u00e0 percussion suppl\u00e9mentaire pour Remington 1858\"},{\"@type\":\"BreadcrumbList\",\"@id\":\"https:\\\/\\\/repliquemangacine.fr\\\/arme-kolser\\\/barillet-a-percussion-supplementaire-remington-1858-kolser\\\/#breadcrumb\",\"itemListElement\":[{\"@type\":\"ListItem\",\"position\":1,\"name\":\"Accueil\",\"item\":\"https:\\\/\\\/repliquemangacine.fr\\\/\"},{\"@type\":\"ListItem\",\"position\":2,\"name\":\"Produits\",\"item\":\"https:\\\/\\\/repliquemangacine.fr\\\/boutique\\\/\"},{\"@type\":\"ListItem\",\"position\":3,\"name\":\"Barillet \u00e0 percussion suppl\u00e9mentaire Remington 1858 Kolser\"}]},{\"@type\":\"WebSite\",\"@id\":\"https:\\\/\\\/repliquemangacine.fr\\\/#website\",\"url\":\"https:\\\/\\\/repliquemangacine.fr\\\/\",\"name\":\"R\u00e9plique Manga Cin\u00e9\",\"description\":\"\",\"publisher\":{\"@id\":\"https:\\\/\\\/repliquemangacine.fr\\\/#organization\"},\"potentialAction\":[{\"@type\":\"SearchAction\",\"target\":{\"@type\":\"EntryPoint\",\"urlTemplate\":\"https:\\\/\\\/repliquemangacine.fr\\\/?s={search_term_string}\"},\"query-input\":{\"@type\":\"PropertyValueSpecification\",\"valueRequired\":true,\"valueName\":\"search_term_string\"}}],\"inLanguage\":\"de\"},{\"@type\":\"Organization\",\"@id\":\"https:\\\/\\\/repliquemangacine.fr\\\/#organization\",\"name\":\"R\u00e9plique Manga Cin\u00e9\",\"url\":\"https:\\\/\\\/repliquemangacine.fr\\\/\",\"logo\":{\"@type\":\"ImageObject\",\"inLanguage\":\"de\",\"@id\":\"https:\\\/\\\/repliquemangacine.fr\\\/#\\\/schema\\\/logo\\\/image\\\/\",\"url\":\"https:\\\/\\\/repliquemangacine.fr\\\/wp-content\\\/uploads\\\/2023\\\/10\\\/RMC-500250.png\",\"contentUrl\":\"https:\\\/\\\/repliquemangacine.fr\\\/wp-content\\\/uploads\\\/2023\\\/10\\\/RMC-500250.png\",\"width\":500,\"height\":250,\"caption\":\"R\u00e9plique Manga Cin\u00e9\"},\"image\":{\"@id\":\"https:\\\/\\\/repliquemangacine.fr\\\/#\\\/schema\\\/logo\\\/image\\\/\"},\"sameAs\":[\"https:\\\/\\\/www.facebook.com\\\/RepliqueMangaCine\",\"https:\\\/\\\/www.instagram.com\\\/repliquemangacine.fr\\\/\"]}]}<\/script>\n<!-- \/ Yoast SEO plugin. -->","yoast_head_json":{"title":"Zus\u00e4tzlicher Perkussionszylinder Remington 1858 Kolser - R\u00e9plique Manga Cin\u00e9","description":"Erg\u00e4nzen Sie Ihre Remington 1858 Replik mit diesem Ersatz-Percussion Barrel von Kolser. Akzeptiert B\u00f6llerz\u00fcndungen. Ganz aus Zamak","robots":{"index":"index","follow":"follow","max-snippet":"max-snippet:-1","max-image-preview":"max-image-preview:large","max-video-preview":"max-video-preview:-1"},"canonical":"https:\/\/repliquemangacine.fr\/de\/kolser-waffe\/zusatzliche-perkussionstrommel-remington-1858-kolser\/","og_locale":"de_DE","og_type":"article","og_title":"Barillet \u00e0 percussion suppl\u00e9mentaire Remington 1858 Kolser - R\u00e9plique Manga Cin\u00e9","og_description":"Compl\u00e9tez votre r\u00e9plique Remington 1858 avec ce Barillet \u00e0 percussion de remplacement Kolser. Accepte les amorces p\u00e9tards. Tout en zamac","og_url":"https:\/\/repliquemangacine.fr\/de\/kolser-waffe\/zusatzliche-perkussionstrommel-remington-1858-kolser\/","og_site_name":"R\u00e9plique Manga Cin\u00e9","article_publisher":"https:\/\/www.facebook.com\/RepliqueMangaCine","article_modified_time":"2026-04-27T13:40:19+00:00","og_image":[{"width":800,"height":800,"url":"https:\/\/repliquemangacine.fr\/wp-content\/uploads\/2025\/06\/barillet-a-percussion.jpg","type":"image\/jpeg"}],"twitter_card":"summary_large_image","twitter_misc":{"Gesch\u00e4tzte Lesezeit":"3\u00a0Minuten"},"schema":{"@context":"https:\/\/schema.org","@graph":[{"@type":"WebPage","@id":"https:\/\/repliquemangacine.fr\/arme-kolser\/barillet-a-percussion-supplementaire-remington-1858-kolser\/","url":"https:\/\/repliquemangacine.fr\/arme-kolser\/barillet-a-percussion-supplementaire-remington-1858-kolser\/","name":"Zus\u00e4tzlicher Perkussionszylinder Remington 1858 Kolser - R\u00e9plique Manga Cin\u00e9","isPartOf":{"@id":"https:\/\/repliquemangacine.fr\/#website"},"primaryImageOfPage":{"@id":"https:\/\/repliquemangacine.fr\/arme-kolser\/barillet-a-percussion-supplementaire-remington-1858-kolser\/#primaryimage"},"image":{"@id":"https:\/\/repliquemangacine.fr\/arme-kolser\/barillet-a-percussion-supplementaire-remington-1858-kolser\/#primaryimage"},"thumbnailUrl":"https:\/\/repliquemangacine.fr\/wp-content\/uploads\/2025\/06\/barillet-a-percussion.jpg","datePublished":"2025-06-22T15:25:20+00:00","dateModified":"2026-04-27T13:40:19+00:00","description":"Erg\u00e4nzen Sie Ihre Remington 1858 Replik mit diesem Ersatz-Percussion Barrel von Kolser. Akzeptiert B\u00f6llerz\u00fcndungen. Ganz aus Zamak","breadcrumb":{"@id":"https:\/\/repliquemangacine.fr\/arme-kolser\/barillet-a-percussion-supplementaire-remington-1858-kolser\/#breadcrumb"},"inLanguage":"de","potentialAction":[{"@type":"ReadAction","target":["https:\/\/repliquemangacine.fr\/arme-kolser\/barillet-a-percussion-supplementaire-remington-1858-kolser\/"]}]},{"@type":"ImageObject","inLanguage":"de","@id":"https:\/\/repliquemangacine.fr\/arme-kolser\/barillet-a-percussion-supplementaire-remington-1858-kolser\/#primaryimage","url":"https:\/\/repliquemangacine.fr\/wp-content\/uploads\/2025\/06\/barillet-a-percussion.jpg","contentUrl":"https:\/\/repliquemangacine.fr\/wp-content\/uploads\/2025\/06\/barillet-a-percussion.jpg","width":800,"height":800,"caption":"Barillet \u00e0 percussion suppl\u00e9mentaire pour Remington 1858"},{"@type":"BreadcrumbList","@id":"https:\/\/repliquemangacine.fr\/arme-kolser\/barillet-a-percussion-supplementaire-remington-1858-kolser\/#breadcrumb","itemListElement":[{"@type":"ListItem","position":1,"name":"Accueil","item":"https:\/\/repliquemangacine.fr\/"},{"@type":"ListItem","position":2,"name":"Produits","item":"https:\/\/repliquemangacine.fr\/boutique\/"},{"@type":"ListItem","position":3,"name":"Barillet \u00e0 percussion suppl\u00e9mentaire Remington 1858 Kolser"}]},{"@type":"WebSite","@id":"https:\/\/repliquemangacine.fr\/#website","url":"https:\/\/repliquemangacine.fr\/","name":"R\u00e9plique Manga Cin\u00e9","description":"","publisher":{"@id":"https:\/\/repliquemangacine.fr\/#organization"},"potentialAction":[{"@type":"SearchAction","target":{"@type":"EntryPoint","urlTemplate":"https:\/\/repliquemangacine.fr\/?s={search_term_string}"},"query-input":{"@type":"PropertyValueSpecification","valueRequired":true,"valueName":"search_term_string"}}],"inLanguage":"de"},{"@type":"Organization","@id":"https:\/\/repliquemangacine.fr\/#organization","name":"R\u00e9plique Manga Cin\u00e9","url":"https:\/\/repliquemangacine.fr\/","logo":{"@type":"ImageObject","inLanguage":"de","@id":"https:\/\/repliquemangacine.fr\/#\/schema\/logo\/image\/","url":"https:\/\/repliquemangacine.fr\/wp-content\/uploads\/2023\/10\/RMC-500250.png","contentUrl":"https:\/\/repliquemangacine.fr\/wp-content\/uploads\/2023\/10\/RMC-500250.png","width":500,"height":250,"caption":"R\u00e9plique Manga Cin\u00e9"},"image":{"@id":"https:\/\/repliquemangacine.fr\/#\/schema\/logo\/image\/"},"sameAs":["https:\/\/www.facebook.com\/RepliqueMangaCine","https:\/\/www.instagram.com\/repliquemangacine.fr\/"]}]}},"_links":{"self":[{"href":"https:\/\/repliquemangacine.fr\/de\/wp-json\/wp\/v2\/product\/85576","targetHints":{"allow":["GET"]}}],"collection":[{"href":"https:\/\/repliquemangacine.fr\/de\/wp-json\/wp\/v2\/product"}],"about":[{"href":"https:\/\/repliquemangacine.fr\/de\/wp-json\/wp\/v2\/types\/product"}],"wp:featuredmedia":[{"embeddable":true,"href":"https:\/\/repliquemangacine.fr\/de\/wp-json\/wp\/v2\/media\/85571"}],"wp:attachment":[{"href":"https:\/\/repliquemangacine.fr\/de\/wp-json\/wp\/v2\/media?parent=85576"}],"wp:term":[{"taxonomy":"product_brand","embeddable":true,"href":"https:\/\/repliquemangacine.fr\/de\/wp-json\/wp\/v2\/product_brand?post=85576"},{"taxonomy":"product_cat","embeddable":true,"href":"https:\/\/repliquemangacine.fr\/de\/wp-json\/wp\/v2\/product_cat?post=85576"},{"taxonomy":"product_tag","embeddable":true,"href":"https:\/\/repliquemangacine.fr\/de\/wp-json\/wp\/v2\/product_tag?post=85576"}],"curies":[{"name":"wp","href":"https:\/\/api.w.org\/{rel}","templated":true}]}}