





{"id":85567,"date":"2025-06-22T15:39:58","date_gmt":"2025-06-22T13:39:58","guid":{"rendered":"https:\/\/repliquemangacine.fr\/?post_type=product&#038;p=85567"},"modified":"2026-02-27T10:34:29","modified_gmt":"2026-02-27T09:34:29","slug":"attrappenkugeln-derringer-kolser","status":"publish","type":"product","link":"https:\/\/repliquemangacine.fr\/de\/arme-kolser\/balles-factices-derringer-kolser\/","title":{"rendered":"Faktische B\u00e4lle Derringer Kolser"},"content":{"rendered":"<h2>Faktische B\u00e4lle Derringer Kolser<\/h2>\n<p>Zun\u00e4chst einmal die Derringer Kolser-Attrappen oder Munitionsimitate, Objekte, die manchmal sehr realistisch echte Munition imitieren. Attrappenwaffen und -munition sind meist Spielzeug oder Repliken f\u00fcr Sammler.<\/p>\n<p>Um Ihre Nachbildung der Derringer Kolser Pistole zu vervollst\u00e4ndigen, entscheiden Sie sich f\u00fcr diese Attrappenpatronen aus Metall, die speziell f\u00fcr eine perfekte Kompatibilit\u00e4t entwickelt wurden. Diese Attrappenpatronen erm\u00f6glichen es, einen Z\u00fcndh\u00fctchen hinzuzuf\u00fcgen. So bieten sie eine realistische Detonation ohne Gefahr. Dank dieser Funktion genie\u00dfen Sie ein immersives Erlebnis. Ideal f\u00fcr Liebhaber von historischen Nachstellungen, Western-Cosplay oder szenischem Schie\u00dfen mit Platzpatronen. Dar\u00fcber hinaus verleihen sie durch ihre Metallverarbeitung ein authentisches Aussehen, das den Realismus Ihrer Replik noch verst\u00e4rkt. Im Gegensatz zu anderen Modellen sind diese Kugeln ausschlie\u00dflich mit Kolser-Pistolen kompatibel (nicht kompatibel mit Denix). Dies garantiert eine optimale Passform und Funktion. Mit ihrem ausgezeichneten Preis-Leistungs-Verh\u00e4ltnis ist diese Munition schlie\u00dflich das unverzichtbare Zubeh\u00f6r, um Ihre Westernszenen zum Leben zu erwecken.<\/p>\n<p>Die doppell\u00e4ufigen Derringer-Pistolen von Kolser sind alle handgefertigt und von hoher Qualit\u00e4t. Die Kugeln bestehen aus goldfarbenem Stahl und grauem Metall, sind am hinteren Ende leicht eingedr\u00fcckt und haben eine kleine hervorstehende Spitze. Setzen Sie die Z\u00fcndkapsel auf diese Spitze, legen Sie die Kugeln in die Kammer ein und schon kann es losgehen: Sobald der Hund die Z\u00fcndkapsel trifft, gibt es einen lauten Knall! Jetzt sind Sie dran!<\/p>\n<p>Zusammenfassend l\u00e4sst sich sagen, dass die \u00dcbungsgeschosse eine unverzichtbare Erg\u00e4nzung sind, um Ihrer Pistole der Marke Kolser mehr Realismus zu verleihen. Bestellen Sie jetzt und verbessern Sie jeden Schuss mit Stil und Pr\u00e4zision!<\/p>\n<h2>Ihr Westernzubeh\u00f6r zum besten Preis.<\/h2>\n<p>Wir bieten Ihnen eine gro\u00dfe Auswahl an Reproduktionen von Kolser-Waffenattrappen.<\/p>\n<p>Zun\u00e4chst einmal,<\/p>\n<ul>\n<li>Die <a href=\"https:\/\/repliquemangacine.fr\/de\/western-repliques-waffen\/derringer-kolser-pistole\/\">Derringer-Pistolen<\/a> doppell\u00e4ufig in verschiedenen Ausf\u00fchrungen<\/li>\n<li>Sowie das <a href=\"https:\/\/repliquemangacine.fr\/de\/kolser-waffe\/koffer-colt-45-poliert-4-75-zoll-1873-kolser\/\">Colt 45 poliert<\/a> von 4,75 Zoll in einer Schachtel mit sechs Kugeln.<\/li>\n<li>Es gibt auch den <a href=\"https:\/\/repliquemangacine.fr\/de\/kolser-waffe\/thunderer-revolver-messing\/\">Thunderer-Revolver<\/a> aus Messing mit seinem Perlmuttgriff.<\/li>\n<li>Und noch viel mehr gibt es in unserem Online-Shop zu entdecken!<\/li>\n<\/ul>\n<p>Deshalb ist dies eine gro\u00dfartige Geschenkidee f\u00fcr alle Liebhaber historischer Waffen.<\/p>\n<p>Zusammenfassend l\u00e4sst sich sagen, dass Sie diese Derringer Kolser-Attrappen f\u00fcr Ihre historischen Nachstellungen und Dekorationen verwenden k\u00f6nnen. In erster Linie handelt es sich bei dieser Waffe jedoch um ein Sammler- und Dekorationsst\u00fcck.<\/p>\n<p>R\u00e9plique Manga Cin\u00e9 ist ein franz\u00f6sisches Unternehmen und offizieller Vertriebspartner der Marken <a href=\"https:\/\/kolser.com\/\" target=\"_blank\" rel=\"noopener noreferrer\">Kolser<\/a> und Denix.<\/p>","protected":false},"excerpt":{"rendered":"<p>Beutel mit 6 Attrappenb\u00e4llen f\u00fcr Derringer, wichtige Erg\u00e4nzung, f\u00fcr mehr Realismus.<\/p>\n<ul>\n<li>Aus goldfarbenem und grauem Metall.<\/li>\n<li>Keine explosive Ladung.<\/li>\n<li>Empf\u00e4ngt Knallk\u00f6rper mit Z\u00fcndh\u00fctchen.<\/li>\n<li>Sie passen zu allen Derringer Kolser Modellen.<\/li>\n<li>Beutel mit 6 B\u00e4llen.<\/li>\n<li>L\u00e4nge der Kugel: 2 cm<\/li>\n<\/ul>","protected":false},"featured_media":85568,"template":"","meta":[],"product_brand":[896],"product_cat":[51,100,34,90],"product_tag":[],"class_list":{"0":"post-85567","1":"product","2":"type-product","3":"status-publish","4":"has-post-thumbnail","6":"product_brand-replique-manga-cine","7":"product_cat-accessoires-western","8":"product_cat-arme-kolser","9":"product_cat-armes-westerns","10":"product_cat-holster-accessoires-western","12":"first","13":"outofstock","14":"taxable","15":"shipping-taxable","16":"purchasable","17":"product-type-simple"},"yoast_head":"<!-- This site is optimized with the Yoast SEO plugin v27.5 - https:\/\/yoast.com\/product\/yoast-seo-wordpress\/ -->\n<title>Balles Factices Derringer Kolser - R\u00e9plique Manga Cin\u00e9<\/title>\n<meta name=\"description\" content=\"Venez d\u00e9couvrir les nouvelles Balles Factices Derringer Kolser. En m\u00e9tal dor\u00e9 et embout gris pour une parfaite illusion. Accepte les amorces p\u00eatards. 2 cm\" \/>\n<meta name=\"robots\" content=\"index, follow, max-snippet:-1, max-image-preview:large, max-video-preview:-1\" \/>\n<link rel=\"canonical\" href=\"https:\/\/repliquemangacine.fr\/de\/kolser-waffe\/attrappenkugeln-derringer-kolser\/\" \/>\n<meta property=\"og:locale\" content=\"de_DE\" \/>\n<meta property=\"og:type\" content=\"article\" \/>\n<meta property=\"og:title\" content=\"Balles Factices Derringer Kolser - R\u00e9plique Manga Cin\u00e9\" \/>\n<meta property=\"og:description\" content=\"Venez d\u00e9couvrir les nouvelles Balles Factices Derringer Kolser. En m\u00e9tal dor\u00e9 et embout gris pour une parfaite illusion. Accepte les amorces p\u00eatards. 2 cm\" \/>\n<meta property=\"og:url\" content=\"https:\/\/repliquemangacine.fr\/de\/kolser-waffe\/attrappenkugeln-derringer-kolser\/\" \/>\n<meta property=\"og:site_name\" content=\"R\u00e9plique Manga Cin\u00e9\" \/>\n<meta property=\"article:publisher\" content=\"https:\/\/www.facebook.com\/RepliqueMangaCine\" \/>\n<meta property=\"article:modified_time\" content=\"2026-02-27T09:34:29+00:00\" \/>\n<meta property=\"og:image\" content=\"https:\/\/repliquemangacine.fr\/wp-content\/uploads\/2025\/06\/balle-pour-derringer.jpg\" \/>\n\t<meta property=\"og:image:width\" content=\"800\" \/>\n\t<meta property=\"og:image:height\" content=\"800\" \/>\n\t<meta property=\"og:image:type\" content=\"image\/jpeg\" \/>\n<meta name=\"twitter:card\" content=\"summary_large_image\" \/>\n<meta name=\"twitter:label1\" content=\"Gesch\u00e4tzte Lesezeit\" \/>\n\t<meta name=\"twitter:data1\" content=\"3\u00a0Minuten\" \/>\n<script type=\"application\/ld+json\" class=\"yoast-schema-graph\">{\"@context\":\"https:\\\/\\\/schema.org\",\"@graph\":[{\"@type\":\"WebPage\",\"@id\":\"https:\\\/\\\/repliquemangacine.fr\\\/arme-kolser\\\/balles-factices-derringer-kolser\\\/\",\"url\":\"https:\\\/\\\/repliquemangacine.fr\\\/arme-kolser\\\/balles-factices-derringer-kolser\\\/\",\"name\":\"Balles Factices Derringer Kolser - R\u00e9plique Manga Cin\u00e9\",\"isPartOf\":{\"@id\":\"https:\\\/\\\/repliquemangacine.fr\\\/#website\"},\"primaryImageOfPage\":{\"@id\":\"https:\\\/\\\/repliquemangacine.fr\\\/arme-kolser\\\/balles-factices-derringer-kolser\\\/#primaryimage\"},\"image\":{\"@id\":\"https:\\\/\\\/repliquemangacine.fr\\\/arme-kolser\\\/balles-factices-derringer-kolser\\\/#primaryimage\"},\"thumbnailUrl\":\"https:\\\/\\\/repliquemangacine.fr\\\/wp-content\\\/uploads\\\/2025\\\/06\\\/balle-pour-derringer.jpg\",\"datePublished\":\"2025-06-22T13:39:58+00:00\",\"dateModified\":\"2026-02-27T09:34:29+00:00\",\"description\":\"Venez d\u00e9couvrir les nouvelles Balles Factices Derringer Kolser. En m\u00e9tal dor\u00e9 et embout gris pour une parfaite illusion. Accepte les amorces p\u00eatards. 2 cm\",\"breadcrumb\":{\"@id\":\"https:\\\/\\\/repliquemangacine.fr\\\/arme-kolser\\\/balles-factices-derringer-kolser\\\/#breadcrumb\"},\"inLanguage\":\"de\",\"potentialAction\":[{\"@type\":\"ReadAction\",\"target\":[\"https:\\\/\\\/repliquemangacine.fr\\\/arme-kolser\\\/balles-factices-derringer-kolser\\\/\"]}]},{\"@type\":\"ImageObject\",\"inLanguage\":\"de\",\"@id\":\"https:\\\/\\\/repliquemangacine.fr\\\/arme-kolser\\\/balles-factices-derringer-kolser\\\/#primaryimage\",\"url\":\"https:\\\/\\\/repliquemangacine.fr\\\/wp-content\\\/uploads\\\/2025\\\/06\\\/balle-pour-derringer.jpg\",\"contentUrl\":\"https:\\\/\\\/repliquemangacine.fr\\\/wp-content\\\/uploads\\\/2025\\\/06\\\/balle-pour-derringer.jpg\",\"width\":800,\"height\":800,\"caption\":\"Balles Factices Derringer Kolser\"},{\"@type\":\"BreadcrumbList\",\"@id\":\"https:\\\/\\\/repliquemangacine.fr\\\/arme-kolser\\\/balles-factices-derringer-kolser\\\/#breadcrumb\",\"itemListElement\":[{\"@type\":\"ListItem\",\"position\":1,\"name\":\"Accueil\",\"item\":\"https:\\\/\\\/repliquemangacine.fr\\\/\"},{\"@type\":\"ListItem\",\"position\":2,\"name\":\"Produits\",\"item\":\"https:\\\/\\\/repliquemangacine.fr\\\/boutique\\\/\"},{\"@type\":\"ListItem\",\"position\":3,\"name\":\"Balles Factices Derringer Kolser\"}]},{\"@type\":\"WebSite\",\"@id\":\"https:\\\/\\\/repliquemangacine.fr\\\/#website\",\"url\":\"https:\\\/\\\/repliquemangacine.fr\\\/\",\"name\":\"R\u00e9plique Manga Cin\u00e9\",\"description\":\"\",\"publisher\":{\"@id\":\"https:\\\/\\\/repliquemangacine.fr\\\/#organization\"},\"potentialAction\":[{\"@type\":\"SearchAction\",\"target\":{\"@type\":\"EntryPoint\",\"urlTemplate\":\"https:\\\/\\\/repliquemangacine.fr\\\/?s={search_term_string}\"},\"query-input\":{\"@type\":\"PropertyValueSpecification\",\"valueRequired\":true,\"valueName\":\"search_term_string\"}}],\"inLanguage\":\"de\"},{\"@type\":\"Organization\",\"@id\":\"https:\\\/\\\/repliquemangacine.fr\\\/#organization\",\"name\":\"R\u00e9plique Manga Cin\u00e9\",\"url\":\"https:\\\/\\\/repliquemangacine.fr\\\/\",\"logo\":{\"@type\":\"ImageObject\",\"inLanguage\":\"de\",\"@id\":\"https:\\\/\\\/repliquemangacine.fr\\\/#\\\/schema\\\/logo\\\/image\\\/\",\"url\":\"https:\\\/\\\/repliquemangacine.fr\\\/wp-content\\\/uploads\\\/2023\\\/10\\\/RMC-500250.png\",\"contentUrl\":\"https:\\\/\\\/repliquemangacine.fr\\\/wp-content\\\/uploads\\\/2023\\\/10\\\/RMC-500250.png\",\"width\":500,\"height\":250,\"caption\":\"R\u00e9plique Manga Cin\u00e9\"},\"image\":{\"@id\":\"https:\\\/\\\/repliquemangacine.fr\\\/#\\\/schema\\\/logo\\\/image\\\/\"},\"sameAs\":[\"https:\\\/\\\/www.facebook.com\\\/RepliqueMangaCine\",\"https:\\\/\\\/www.instagram.com\\\/repliquemangacine.fr\\\/\"]}]}<\/script>\n<!-- \/ Yoast SEO plugin. -->","yoast_head_json":{"title":"Faktische B\u00e4lle Derringer Kolser - R\u00e9plique Manga Cin\u00e9","description":"Entdecken Sie die neuen Kolser Derringer Factice Balls. Aus goldfarbenem Metall und grauer Spitze f\u00fcr eine perfekte Illusion. Akzeptiert Petarden-Z\u00fcndh\u00fctchen. 2 cm","robots":{"index":"index","follow":"follow","max-snippet":"max-snippet:-1","max-image-preview":"max-image-preview:large","max-video-preview":"max-video-preview:-1"},"canonical":"https:\/\/repliquemangacine.fr\/de\/kolser-waffe\/attrappenkugeln-derringer-kolser\/","og_locale":"de_DE","og_type":"article","og_title":"Balles Factices Derringer Kolser - R\u00e9plique Manga Cin\u00e9","og_description":"Venez d\u00e9couvrir les nouvelles Balles Factices Derringer Kolser. En m\u00e9tal dor\u00e9 et embout gris pour une parfaite illusion. Accepte les amorces p\u00eatards. 2 cm","og_url":"https:\/\/repliquemangacine.fr\/de\/kolser-waffe\/attrappenkugeln-derringer-kolser\/","og_site_name":"R\u00e9plique Manga Cin\u00e9","article_publisher":"https:\/\/www.facebook.com\/RepliqueMangaCine","article_modified_time":"2026-02-27T09:34:29+00:00","og_image":[{"width":800,"height":800,"url":"https:\/\/repliquemangacine.fr\/wp-content\/uploads\/2025\/06\/balle-pour-derringer.jpg","type":"image\/jpeg"}],"twitter_card":"summary_large_image","twitter_misc":{"Gesch\u00e4tzte Lesezeit":"3\u00a0Minuten"},"schema":{"@context":"https:\/\/schema.org","@graph":[{"@type":"WebPage","@id":"https:\/\/repliquemangacine.fr\/arme-kolser\/balles-factices-derringer-kolser\/","url":"https:\/\/repliquemangacine.fr\/arme-kolser\/balles-factices-derringer-kolser\/","name":"Faktische B\u00e4lle Derringer Kolser - R\u00e9plique Manga Cin\u00e9","isPartOf":{"@id":"https:\/\/repliquemangacine.fr\/#website"},"primaryImageOfPage":{"@id":"https:\/\/repliquemangacine.fr\/arme-kolser\/balles-factices-derringer-kolser\/#primaryimage"},"image":{"@id":"https:\/\/repliquemangacine.fr\/arme-kolser\/balles-factices-derringer-kolser\/#primaryimage"},"thumbnailUrl":"https:\/\/repliquemangacine.fr\/wp-content\/uploads\/2025\/06\/balle-pour-derringer.jpg","datePublished":"2025-06-22T13:39:58+00:00","dateModified":"2026-02-27T09:34:29+00:00","description":"Entdecken Sie die neuen Kolser Derringer Factice Balls. Aus goldfarbenem Metall und grauer Spitze f\u00fcr eine perfekte Illusion. Akzeptiert Petarden-Z\u00fcndh\u00fctchen. 2 cm","breadcrumb":{"@id":"https:\/\/repliquemangacine.fr\/arme-kolser\/balles-factices-derringer-kolser\/#breadcrumb"},"inLanguage":"de","potentialAction":[{"@type":"ReadAction","target":["https:\/\/repliquemangacine.fr\/arme-kolser\/balles-factices-derringer-kolser\/"]}]},{"@type":"ImageObject","inLanguage":"de","@id":"https:\/\/repliquemangacine.fr\/arme-kolser\/balles-factices-derringer-kolser\/#primaryimage","url":"https:\/\/repliquemangacine.fr\/wp-content\/uploads\/2025\/06\/balle-pour-derringer.jpg","contentUrl":"https:\/\/repliquemangacine.fr\/wp-content\/uploads\/2025\/06\/balle-pour-derringer.jpg","width":800,"height":800,"caption":"Balles Factices Derringer Kolser"},{"@type":"BreadcrumbList","@id":"https:\/\/repliquemangacine.fr\/arme-kolser\/balles-factices-derringer-kolser\/#breadcrumb","itemListElement":[{"@type":"ListItem","position":1,"name":"Accueil","item":"https:\/\/repliquemangacine.fr\/"},{"@type":"ListItem","position":2,"name":"Produits","item":"https:\/\/repliquemangacine.fr\/boutique\/"},{"@type":"ListItem","position":3,"name":"Balles Factices Derringer Kolser"}]},{"@type":"WebSite","@id":"https:\/\/repliquemangacine.fr\/#website","url":"https:\/\/repliquemangacine.fr\/","name":"R\u00e9plique Manga Cin\u00e9","description":"","publisher":{"@id":"https:\/\/repliquemangacine.fr\/#organization"},"potentialAction":[{"@type":"SearchAction","target":{"@type":"EntryPoint","urlTemplate":"https:\/\/repliquemangacine.fr\/?s={search_term_string}"},"query-input":{"@type":"PropertyValueSpecification","valueRequired":true,"valueName":"search_term_string"}}],"inLanguage":"de"},{"@type":"Organization","@id":"https:\/\/repliquemangacine.fr\/#organization","name":"R\u00e9plique Manga Cin\u00e9","url":"https:\/\/repliquemangacine.fr\/","logo":{"@type":"ImageObject","inLanguage":"de","@id":"https:\/\/repliquemangacine.fr\/#\/schema\/logo\/image\/","url":"https:\/\/repliquemangacine.fr\/wp-content\/uploads\/2023\/10\/RMC-500250.png","contentUrl":"https:\/\/repliquemangacine.fr\/wp-content\/uploads\/2023\/10\/RMC-500250.png","width":500,"height":250,"caption":"R\u00e9plique Manga Cin\u00e9"},"image":{"@id":"https:\/\/repliquemangacine.fr\/#\/schema\/logo\/image\/"},"sameAs":["https:\/\/www.facebook.com\/RepliqueMangaCine","https:\/\/www.instagram.com\/repliquemangacine.fr\/"]}]}},"_links":{"self":[{"href":"https:\/\/repliquemangacine.fr\/de\/wp-json\/wp\/v2\/product\/85567","targetHints":{"allow":["GET"]}}],"collection":[{"href":"https:\/\/repliquemangacine.fr\/de\/wp-json\/wp\/v2\/product"}],"about":[{"href":"https:\/\/repliquemangacine.fr\/de\/wp-json\/wp\/v2\/types\/product"}],"wp:featuredmedia":[{"embeddable":true,"href":"https:\/\/repliquemangacine.fr\/de\/wp-json\/wp\/v2\/media\/85568"}],"wp:attachment":[{"href":"https:\/\/repliquemangacine.fr\/de\/wp-json\/wp\/v2\/media?parent=85567"}],"wp:term":[{"taxonomy":"product_brand","embeddable":true,"href":"https:\/\/repliquemangacine.fr\/de\/wp-json\/wp\/v2\/product_brand?post=85567"},{"taxonomy":"product_cat","embeddable":true,"href":"https:\/\/repliquemangacine.fr\/de\/wp-json\/wp\/v2\/product_cat?post=85567"},{"taxonomy":"product_tag","embeddable":true,"href":"https:\/\/repliquemangacine.fr\/de\/wp-json\/wp\/v2\/product_tag?post=85567"}],"curies":[{"name":"wp","href":"https:\/\/api.w.org\/{rel}","templated":true}]}}