





{"id":85389,"date":"2025-06-19T16:32:37","date_gmt":"2025-06-19T14:32:37","guid":{"rendered":"https:\/\/repliquemangacine.fr\/?post_type=product&#038;p=85389"},"modified":"2026-02-19T10:20:28","modified_gmt":"2026-02-19T09:20:28","slug":"dark-moon-greatsword-metal-elden-ring","status":"publish","type":"product","link":"https:\/\/repliquemangacine.fr\/de\/elden-ring\/dark-moon-greatsword-metal-elden-ring\/","title":{"rendered":"Dark Moon Greatsword Metall"},"content":{"rendered":"<h2>Atemberaubende Dark Moon Greatsword-Metall-Replik<\/h2>\n<p>Zun\u00e4chst einmal ist hier die 1:1-Replik des mythischen <strong>Dark Moon Greatsword Metall<\/strong> aus dem Meisterwerk <a href=\"https:\/\/eldenring.fandom.com\/fr\/wiki\/Wiki_Elden_Ring\" target=\"_blank\" rel=\"noopener noreferrer\">Elden Ring<\/a>...ultratreu und spektakul\u00e4r. Die bl\u00e4uliche Klinge aus rostfreiem Stahl gl\u00e4nzt intensiv und ist mit einer floralen Reliefgravur versehen, die die Mondmagie des Spiels heraufbeschw\u00f6rt. Das Heft und der Griff sind fein aus Stahl geformt und bieten eine hochwertige Verarbeitung f\u00fcr den anspruchsvollen Sammler. Mit einer Klingenl\u00e4nge von 89,5 cm und einer Gesamtl\u00e4nge von 122 cm strahlt dieses imposante Schwert eine einzigartige legend\u00e4re Aura aus. Es wird mit einer h\u00f6lzernen Wandhalterung mit dem Elden Ring-Logo geliefert, die es perfekt zur Geltung bringt. Au\u00dferdem sorgt sein Gewicht von 3565 g f\u00fcr einen realistischen Griff, ideal f\u00fcr Ausstellungen oder Cosplay. Also, f\u00fcge dieses legend\u00e4re St\u00fcck jetzt deiner Sammlung hinzu, es wird schon auf den ersten Blick einen bleibenden Eindruck hinterlassen.<\/p>\n<h2>Eine mythische Waffe im Herzen von Elden Ring<\/h2>\n<p>Das Dark Moon Greatsword ist eine der ikonischsten und begehrtesten Waffen in der d\u00fcsteren und mystischen Welt des Elden Rings. Es repr\u00e4sentiert das magische Erbe der Hexe Ranni und verk\u00f6rpert die Macht der Gestirne und des ewigen Mondes. Es ist also mehr als nur ein Schwert: Es ist ein Symbol der Weisheit, der Magie und des Schicksals, das nur den Auserw\u00e4hlten der Intelligenz vorbehalten ist. Seine Besonderheit? Es entfesselt Wellen von Mondmagie, die aus der Ferne Frostschaden verursachen - einfach spektakul\u00e4r. Inspiriert von den alten Moonlight Greatsword verbindet sie den Elden Ring mit den Legenden der anderen FromSoftware-Spiele. Es ist majest\u00e4tisch und t\u00f6dlich zugleich, und jedes Detail dieser Replik ist eine treue und leidenschaftliche Hommage an sie. Dieses Schwert zu besitzen bedeutet, deine Leidenschaft f\u00fcr eine komplexe, mysteri\u00f6se und unglaublich reiche Welt deutlich zu zeigen.<\/p>\n<h2>Weitere Schwerter von Elden Ring erh\u00e4ltlich auf R\u00e9plique Manga Cin\u00e9<\/h2>\n<p>Entdecke auf R\u00e9plique Manga Cin\u00e9 auch eine Version <a href=\"https:\/\/repliquemangacine.fr\/de\/elden-ring\/schwert-dark-moon-greatsword-elden-ring\/\">Dark Moon Greatsword aus Fiberglas<\/a>, leicht und perfekt f\u00fcr Cosplay. Du willst rohe Kraft? W\u00e4hle die <a href=\"https:\/\/repliquemangacine.fr\/de\/elden-ring\/schwert-bloodhound-fang-elden-ring\/\">Bloodhound Fang<\/a>Mit seiner bronzefarbenen, geh\u00e4mmerten, gebogenen Klinge wirkt es roh und animalisch. Du magst es lieber elegant? Entscheiden Sie sich f\u00fcr die <a href=\"https:\/\/repliquemangacine.fr\/de\/elden-ring\/rogier-rapiere-elden-ring\/\">Rogiers Rapier<\/a>mit seiner Klinge mit Hohlkehle und den wundersch\u00f6nen goldenen Gravuren. Und nicht zu vergessen das unumg\u00e4ngliche <a href=\"https:\/\/repliquemangacine.fr\/de\/elden-ring\/katana-moonveil-in-elden-ring\/\">Moonveil-Katana<\/a>, aus zweifarbigem 440er Stahl, mit einem Griff im Vintage-Stil, inspiriert von den Mond-Samurai. Und das ist noch nicht alles: In unserer Kollektion erwarten dich weitere legend\u00e4re Waffen aus Elden Ring, eine detailreicher als die andere.<br \/>\nZusammenfassend l\u00e4sst sich sagen, dass R\u00e9plique Manga Cin\u00e9 die erste Adresse f\u00fcr Fantasy- und Dark-RPG-Fans ist, die auf der Suche nach einzigartigen Objekten sind. Warte nicht l\u00e4nger, besuche unseren Shop und tauche ein in das Universum von Elden Ring wie nie zuvor!<\/p>","protected":false},"excerpt":{"rendered":"<p>Wundersch\u00f6ne Replik des Dark Moon Greatsword-Schwerts aus dem Spiel Elden Ring<\/p>\n<p><strong>Nachbildung im Ma\u00dfstab 1:1<\/strong><\/p>\n<ul>\n<li>Hochwertige Klinge aus rostfreiem Stahl mit bl\u00e4ulichem Finish.<\/li>\n<li>Blumengravur als Relief auf der Klinge<\/li>\n<li>Finelent-Stahlgriff und -Griff mit Schnitzereien.<\/li>\n<li>Wird mit seiner h\u00f6lzernen Wandhalterung mit Elden Ring-Logo geliefert.<\/li>\n<li>L\u00e4nge der Klinge: 89.5 cm - Gesamtl\u00e4nge: 122 cm<\/li>\n<li>Gewicht: 3565 g<\/li>\n<\/ul>","protected":false},"featured_media":85390,"template":"","meta":[],"product_brand":[896],"product_cat":[876,23],"product_tag":[],"class_list":{"0":"post-85389","1":"product","2":"type-product","3":"status-publish","4":"has-post-thumbnail","6":"product_brand-replique-manga-cine","7":"product_cat-elden-ring","8":"product_cat-repliques-manga-jeux-video","10":"first","11":"instock","12":"taxable","13":"shipping-taxable","14":"purchasable","15":"product-type-simple"},"yoast_head":"<!-- This site is optimized with the Yoast SEO plugin v27.5 - https:\/\/yoast.com\/product\/yoast-seo-wordpress\/ -->\n<title>Dark Moon Greatsword M\u00e9tal - R\u00e9plique Manga Cin\u00e9<\/title>\n<meta name=\"description\" content=\"R\u00e9plique 1:1 de la Dark Moon Greatsword M\u00e9tal d\u2019Elden Ring. Lame bleut\u00e9e, gravures, support mural. Une pi\u00e8ce de collection \u00e9pique et d\u00e9taill\u00e9e.\" \/>\n<meta name=\"robots\" content=\"index, follow, max-snippet:-1, max-image-preview:large, max-video-preview:-1\" \/>\n<link rel=\"canonical\" href=\"https:\/\/repliquemangacine.fr\/de\/elden-ring\/dark-moon-greatsword-metal-elden-ring\/\" \/>\n<meta property=\"og:locale\" content=\"de_DE\" \/>\n<meta property=\"og:type\" content=\"article\" \/>\n<meta property=\"og:title\" content=\"Dark Moon Greatsword M\u00e9tal - R\u00e9plique Manga Cin\u00e9\" \/>\n<meta property=\"og:description\" content=\"R\u00e9plique 1:1 de la Dark Moon Greatsword M\u00e9tal d\u2019Elden Ring. Lame bleut\u00e9e, gravures, support mural. Une pi\u00e8ce de collection \u00e9pique et d\u00e9taill\u00e9e.\" \/>\n<meta property=\"og:url\" content=\"https:\/\/repliquemangacine.fr\/de\/elden-ring\/dark-moon-greatsword-metal-elden-ring\/\" \/>\n<meta property=\"og:site_name\" content=\"R\u00e9plique Manga Cin\u00e9\" \/>\n<meta property=\"article:publisher\" content=\"https:\/\/www.facebook.com\/RepliqueMangaCine\" \/>\n<meta property=\"article:modified_time\" content=\"2026-02-19T09:20:28+00:00\" \/>\n<meta property=\"og:image\" content=\"https:\/\/repliquemangacine.fr\/wp-content\/uploads\/2025\/06\/Dark-Moon-Greatsword-metal.jpg\" \/>\n\t<meta property=\"og:image:width\" content=\"700\" \/>\n\t<meta property=\"og:image:height\" content=\"700\" \/>\n\t<meta property=\"og:image:type\" content=\"image\/jpeg\" \/>\n<meta name=\"twitter:card\" content=\"summary_large_image\" \/>\n<meta name=\"twitter:label1\" content=\"Gesch\u00e4tzte Lesezeit\" \/>\n\t<meta name=\"twitter:data1\" content=\"3\u00a0Minuten\" \/>\n<script type=\"application\/ld+json\" class=\"yoast-schema-graph\">{\"@context\":\"https:\\\/\\\/schema.org\",\"@graph\":[{\"@type\":\"WebPage\",\"@id\":\"https:\\\/\\\/repliquemangacine.fr\\\/elden-ring\\\/dark-moon-greatsword-metal-elden-ring\\\/\",\"url\":\"https:\\\/\\\/repliquemangacine.fr\\\/elden-ring\\\/dark-moon-greatsword-metal-elden-ring\\\/\",\"name\":\"Dark Moon Greatsword M\u00e9tal - R\u00e9plique Manga Cin\u00e9\",\"isPartOf\":{\"@id\":\"https:\\\/\\\/repliquemangacine.fr\\\/#website\"},\"primaryImageOfPage\":{\"@id\":\"https:\\\/\\\/repliquemangacine.fr\\\/elden-ring\\\/dark-moon-greatsword-metal-elden-ring\\\/#primaryimage\"},\"image\":{\"@id\":\"https:\\\/\\\/repliquemangacine.fr\\\/elden-ring\\\/dark-moon-greatsword-metal-elden-ring\\\/#primaryimage\"},\"thumbnailUrl\":\"https:\\\/\\\/repliquemangacine.fr\\\/wp-content\\\/uploads\\\/2025\\\/06\\\/Dark-Moon-Greatsword-metal.jpg\",\"datePublished\":\"2025-06-19T14:32:37+00:00\",\"dateModified\":\"2026-02-19T09:20:28+00:00\",\"description\":\"R\u00e9plique 1:1 de la Dark Moon Greatsword M\u00e9tal d\u2019Elden Ring. Lame bleut\u00e9e, gravures, support mural. Une pi\u00e8ce de collection \u00e9pique et d\u00e9taill\u00e9e.\",\"breadcrumb\":{\"@id\":\"https:\\\/\\\/repliquemangacine.fr\\\/elden-ring\\\/dark-moon-greatsword-metal-elden-ring\\\/#breadcrumb\"},\"inLanguage\":\"de\",\"potentialAction\":[{\"@type\":\"ReadAction\",\"target\":[\"https:\\\/\\\/repliquemangacine.fr\\\/elden-ring\\\/dark-moon-greatsword-metal-elden-ring\\\/\"]}]},{\"@type\":\"ImageObject\",\"inLanguage\":\"de\",\"@id\":\"https:\\\/\\\/repliquemangacine.fr\\\/elden-ring\\\/dark-moon-greatsword-metal-elden-ring\\\/#primaryimage\",\"url\":\"https:\\\/\\\/repliquemangacine.fr\\\/wp-content\\\/uploads\\\/2025\\\/06\\\/Dark-Moon-Greatsword-metal.jpg\",\"contentUrl\":\"https:\\\/\\\/repliquemangacine.fr\\\/wp-content\\\/uploads\\\/2025\\\/06\\\/Dark-Moon-Greatsword-metal.jpg\",\"width\":700,\"height\":700,\"caption\":\"Dark Moon Greatsword M\u00e9tal\"},{\"@type\":\"BreadcrumbList\",\"@id\":\"https:\\\/\\\/repliquemangacine.fr\\\/elden-ring\\\/dark-moon-greatsword-metal-elden-ring\\\/#breadcrumb\",\"itemListElement\":[{\"@type\":\"ListItem\",\"position\":1,\"name\":\"Accueil\",\"item\":\"https:\\\/\\\/repliquemangacine.fr\\\/\"},{\"@type\":\"ListItem\",\"position\":2,\"name\":\"Produits\",\"item\":\"https:\\\/\\\/repliquemangacine.fr\\\/boutique\\\/\"},{\"@type\":\"ListItem\",\"position\":3,\"name\":\"Dark Moon Greatsword M\u00e9tal\"}]},{\"@type\":\"WebSite\",\"@id\":\"https:\\\/\\\/repliquemangacine.fr\\\/#website\",\"url\":\"https:\\\/\\\/repliquemangacine.fr\\\/\",\"name\":\"R\u00e9plique Manga Cin\u00e9\",\"description\":\"\",\"publisher\":{\"@id\":\"https:\\\/\\\/repliquemangacine.fr\\\/#organization\"},\"potentialAction\":[{\"@type\":\"SearchAction\",\"target\":{\"@type\":\"EntryPoint\",\"urlTemplate\":\"https:\\\/\\\/repliquemangacine.fr\\\/?s={search_term_string}\"},\"query-input\":{\"@type\":\"PropertyValueSpecification\",\"valueRequired\":true,\"valueName\":\"search_term_string\"}}],\"inLanguage\":\"de\"},{\"@type\":\"Organization\",\"@id\":\"https:\\\/\\\/repliquemangacine.fr\\\/#organization\",\"name\":\"R\u00e9plique Manga Cin\u00e9\",\"url\":\"https:\\\/\\\/repliquemangacine.fr\\\/\",\"logo\":{\"@type\":\"ImageObject\",\"inLanguage\":\"de\",\"@id\":\"https:\\\/\\\/repliquemangacine.fr\\\/#\\\/schema\\\/logo\\\/image\\\/\",\"url\":\"https:\\\/\\\/repliquemangacine.fr\\\/wp-content\\\/uploads\\\/2023\\\/10\\\/RMC-500250.png\",\"contentUrl\":\"https:\\\/\\\/repliquemangacine.fr\\\/wp-content\\\/uploads\\\/2023\\\/10\\\/RMC-500250.png\",\"width\":500,\"height\":250,\"caption\":\"R\u00e9plique Manga Cin\u00e9\"},\"image\":{\"@id\":\"https:\\\/\\\/repliquemangacine.fr\\\/#\\\/schema\\\/logo\\\/image\\\/\"},\"sameAs\":[\"https:\\\/\\\/www.facebook.com\\\/RepliqueMangaCine\",\"https:\\\/\\\/www.instagram.com\\\/repliquemangacine.fr\\\/\"]}]}<\/script>\n<!-- \/ Yoast SEO plugin. -->","yoast_head_json":{"title":"Dark Moon Greatsword Metall - R\u00e9plique Manga Cin\u00e9","description":"1:1-Replik des Dark Moon Greatsword Metall von Elden Ring. Bl\u00e4ulich schimmernde Klinge, Gravuren, Wandhalterung. Ein episches und detailliertes Sammlerst\u00fcck.","robots":{"index":"index","follow":"follow","max-snippet":"max-snippet:-1","max-image-preview":"max-image-preview:large","max-video-preview":"max-video-preview:-1"},"canonical":"https:\/\/repliquemangacine.fr\/de\/elden-ring\/dark-moon-greatsword-metal-elden-ring\/","og_locale":"de_DE","og_type":"article","og_title":"Dark Moon Greatsword M\u00e9tal - R\u00e9plique Manga Cin\u00e9","og_description":"R\u00e9plique 1:1 de la Dark Moon Greatsword M\u00e9tal d\u2019Elden Ring. Lame bleut\u00e9e, gravures, support mural. Une pi\u00e8ce de collection \u00e9pique et d\u00e9taill\u00e9e.","og_url":"https:\/\/repliquemangacine.fr\/de\/elden-ring\/dark-moon-greatsword-metal-elden-ring\/","og_site_name":"R\u00e9plique Manga Cin\u00e9","article_publisher":"https:\/\/www.facebook.com\/RepliqueMangaCine","article_modified_time":"2026-02-19T09:20:28+00:00","og_image":[{"width":700,"height":700,"url":"https:\/\/repliquemangacine.fr\/wp-content\/uploads\/2025\/06\/Dark-Moon-Greatsword-metal.jpg","type":"image\/jpeg"}],"twitter_card":"summary_large_image","twitter_misc":{"Gesch\u00e4tzte Lesezeit":"3\u00a0Minuten"},"schema":{"@context":"https:\/\/schema.org","@graph":[{"@type":"WebPage","@id":"https:\/\/repliquemangacine.fr\/elden-ring\/dark-moon-greatsword-metal-elden-ring\/","url":"https:\/\/repliquemangacine.fr\/elden-ring\/dark-moon-greatsword-metal-elden-ring\/","name":"Dark Moon Greatsword Metall - R\u00e9plique Manga Cin\u00e9","isPartOf":{"@id":"https:\/\/repliquemangacine.fr\/#website"},"primaryImageOfPage":{"@id":"https:\/\/repliquemangacine.fr\/elden-ring\/dark-moon-greatsword-metal-elden-ring\/#primaryimage"},"image":{"@id":"https:\/\/repliquemangacine.fr\/elden-ring\/dark-moon-greatsword-metal-elden-ring\/#primaryimage"},"thumbnailUrl":"https:\/\/repliquemangacine.fr\/wp-content\/uploads\/2025\/06\/Dark-Moon-Greatsword-metal.jpg","datePublished":"2025-06-19T14:32:37+00:00","dateModified":"2026-02-19T09:20:28+00:00","description":"1:1-Replik des Dark Moon Greatsword Metall von Elden Ring. Bl\u00e4ulich schimmernde Klinge, Gravuren, Wandhalterung. Ein episches und detailliertes Sammlerst\u00fcck.","breadcrumb":{"@id":"https:\/\/repliquemangacine.fr\/elden-ring\/dark-moon-greatsword-metal-elden-ring\/#breadcrumb"},"inLanguage":"de","potentialAction":[{"@type":"ReadAction","target":["https:\/\/repliquemangacine.fr\/elden-ring\/dark-moon-greatsword-metal-elden-ring\/"]}]},{"@type":"ImageObject","inLanguage":"de","@id":"https:\/\/repliquemangacine.fr\/elden-ring\/dark-moon-greatsword-metal-elden-ring\/#primaryimage","url":"https:\/\/repliquemangacine.fr\/wp-content\/uploads\/2025\/06\/Dark-Moon-Greatsword-metal.jpg","contentUrl":"https:\/\/repliquemangacine.fr\/wp-content\/uploads\/2025\/06\/Dark-Moon-Greatsword-metal.jpg","width":700,"height":700,"caption":"Dark Moon Greatsword M\u00e9tal"},{"@type":"BreadcrumbList","@id":"https:\/\/repliquemangacine.fr\/elden-ring\/dark-moon-greatsword-metal-elden-ring\/#breadcrumb","itemListElement":[{"@type":"ListItem","position":1,"name":"Accueil","item":"https:\/\/repliquemangacine.fr\/"},{"@type":"ListItem","position":2,"name":"Produits","item":"https:\/\/repliquemangacine.fr\/boutique\/"},{"@type":"ListItem","position":3,"name":"Dark Moon Greatsword M\u00e9tal"}]},{"@type":"WebSite","@id":"https:\/\/repliquemangacine.fr\/#website","url":"https:\/\/repliquemangacine.fr\/","name":"R\u00e9plique Manga Cin\u00e9","description":"","publisher":{"@id":"https:\/\/repliquemangacine.fr\/#organization"},"potentialAction":[{"@type":"SearchAction","target":{"@type":"EntryPoint","urlTemplate":"https:\/\/repliquemangacine.fr\/?s={search_term_string}"},"query-input":{"@type":"PropertyValueSpecification","valueRequired":true,"valueName":"search_term_string"}}],"inLanguage":"de"},{"@type":"Organization","@id":"https:\/\/repliquemangacine.fr\/#organization","name":"R\u00e9plique Manga Cin\u00e9","url":"https:\/\/repliquemangacine.fr\/","logo":{"@type":"ImageObject","inLanguage":"de","@id":"https:\/\/repliquemangacine.fr\/#\/schema\/logo\/image\/","url":"https:\/\/repliquemangacine.fr\/wp-content\/uploads\/2023\/10\/RMC-500250.png","contentUrl":"https:\/\/repliquemangacine.fr\/wp-content\/uploads\/2023\/10\/RMC-500250.png","width":500,"height":250,"caption":"R\u00e9plique Manga Cin\u00e9"},"image":{"@id":"https:\/\/repliquemangacine.fr\/#\/schema\/logo\/image\/"},"sameAs":["https:\/\/www.facebook.com\/RepliqueMangaCine","https:\/\/www.instagram.com\/repliquemangacine.fr\/"]}]}},"_links":{"self":[{"href":"https:\/\/repliquemangacine.fr\/de\/wp-json\/wp\/v2\/product\/85389","targetHints":{"allow":["GET"]}}],"collection":[{"href":"https:\/\/repliquemangacine.fr\/de\/wp-json\/wp\/v2\/product"}],"about":[{"href":"https:\/\/repliquemangacine.fr\/de\/wp-json\/wp\/v2\/types\/product"}],"wp:featuredmedia":[{"embeddable":true,"href":"https:\/\/repliquemangacine.fr\/de\/wp-json\/wp\/v2\/media\/85390"}],"wp:attachment":[{"href":"https:\/\/repliquemangacine.fr\/de\/wp-json\/wp\/v2\/media?parent=85389"}],"wp:term":[{"taxonomy":"product_brand","embeddable":true,"href":"https:\/\/repliquemangacine.fr\/de\/wp-json\/wp\/v2\/product_brand?post=85389"},{"taxonomy":"product_cat","embeddable":true,"href":"https:\/\/repliquemangacine.fr\/de\/wp-json\/wp\/v2\/product_cat?post=85389"},{"taxonomy":"product_tag","embeddable":true,"href":"https:\/\/repliquemangacine.fr\/de\/wp-json\/wp\/v2\/product_tag?post=85389"}],"curies":[{"name":"wp","href":"https:\/\/api.w.org\/{rel}","templated":true}]}}