





{"id":85360,"date":"2025-06-17T20:01:42","date_gmt":"2025-06-17T18:01:42","guid":{"rendered":"https:\/\/repliquemangacine.fr\/?post_type=product&#038;p=85360"},"modified":"2026-02-23T09:46:44","modified_gmt":"2026-02-23T08:46:44","slug":"remington-1858-konvertiert-kolser","status":"publish","type":"product","link":"https:\/\/repliquemangacine.fr\/de\/arme-kolser\/remington-1858-converti-kolser\/","title":{"rendered":"Remington 1858 umgebaut - Kolser"},"content":{"rendered":"<h2>Remington 1858 umgebaut auf Patronen - Wenn der Wilde Westen in die Moderne geht<\/h2>\n<p>Zun\u00e4chst einmal ist der <strong>Remington 1858 umgewandelt<\/strong>, eine logische Antwort auf die Notwendigkeit schnellerer und effizienterer Aufladungen.<\/p>\n<p>Ende der 1860er Jahre befindet sich die Welt der Feuerwaffen in einer Revolution. Metallpatronen kommen auf den Markt. Sie bieten einen unvergleichlichen Zeitgewinn, Zuverl\u00e4ssigkeit und Sicherheit. Perkussionsrevolver wie der Remington 1858 werden angesichts dieser Innovation \u00fcberfl\u00fcssig. Um wettbewerbsf\u00e4hig zu bleiben, begann Remington mit der Umr\u00fcstung seiner bestehenden Modelle. Dazu wurde ihre Struktur so ver\u00e4ndert, dass sie f\u00fcr Metallpatronen geeignet waren. Dieser umger\u00fcstete Remington 1858 verk\u00f6rpert diese entscheidende Phase in der Geschichte der Waffen. Eine Hybridwaffe zwischen der Tradition des Schwarzpulverschie\u00dfens und moderner Ballistik. Ein faszinierendes St\u00fcck, Symbol f\u00fcr den Wandel hin zum mechanisierten Westen.<\/p>\n<h2>Eine unauff\u00e4llige, aber entscheidende technische Transformation<\/h2>\n<p>\u00c4u\u00dferlich beh\u00e4lt diese umgebaute Version die rohe Eleganz und das Aussehen des Modells mit Schlagz\u00fcndung bei. Bei genauerem Hinsehen sind jedoch einige wichtige \u00c4nderungen zu erkennen: ein geschlossener Verschluss, eine Ladeklappe auf der rechten Seite und ein H\u00fclsenauszieher. Durch diese Anpassungen k\u00f6nnen die Metallpatronen direkt in den hinteren Teil des Laufs geladen werden, ohne Ladehebel oder Z\u00fcndh\u00fctchen. Dieses System macht die Waffe schneller, sauberer und einfacher im Gefecht zu bedienen. Die Trommel kann je nach Umbau ver\u00e4ndert oder ersetzt werden, bleibt aber in der Regel sechssch\u00fcssig. <a href=\"https:\/\/kolser.com\/fr\/produit\/replica-remington-1858-converted\/\" target=\"_blank\" rel=\"noopener noreferrer\">Kolser<\/a> bietet Sammlern und Liebhabern die M\u00f6glichkeit, ein funktionales St\u00fcck Geschichte zu besitzen, das mit extremer Liebe zum Detail und tiefem Respekt vor der Authentizit\u00e4t des urspr\u00fcnglichen Designs nachgebildet wurde.<\/p>\n<h2>Ein historisches und funktionales St\u00fcck f\u00fcr alle Liebhaber des amerikanischen Westens<\/h2>\n<p>Dieser umgebaute Remington 1858 ist weit mehr als nur ein dekorativer Revolver: Er ist Zeuge eines entscheidenden Wendepunkts in der Geschichte der Feuerwaffen. Mit seiner ikonischen Silhouette und seinem an Patronen angepassten Mechanismus verk\u00f6rpert er den Wilden Westen in seiner modernsten Version. Die Welt der Kopfgeldj\u00e4ger, Banditen und Scharfsch\u00fctzen des letzten Viertels des 19. Jahrhunderts. Ideal f\u00fcr Westernfans, Cosplayer oder Liebhaber sch\u00f6ner Mechanik. Diese Replik verleiht jeder Sammlung einen Hauch von Originalit\u00e4t. Zusammenfassend l\u00e4sst sich sagen, dass es sich um eine mythische Waffe handelt, die bereit ist, im Scheinwerferlicht eines Duells bei Sonnenuntergang wieder zum Leben zu erwachen.<\/p>\n<p>Entdecken Sie unsere anderen Kolser-Modelle:<\/p>\n<ul>\n<li>Die <a href=\"https:\/\/repliquemangacine.fr\/de\/kolser-waffe\/mares-leg-55cm-messing-kolser\/\">Mare's Leg<\/a> von Josh Randall<\/li>\n<li>Die <a href=\"https:\/\/repliquemangacine.fr\/de\/kolser-waffe\/vulkanisch-1854\/\">Volcanic Pistol<\/a> 1854 und seine Stiche<\/li>\n<li>Sowie das <a href=\"https:\/\/repliquemangacine.fr\/de\/kolser-waffe\/thunderer-revolver-messing\/\">Thunderer-Revolver<\/a> mit seinem Perlmuttgriff<\/li>\n<li>Und noch viele andere, die Sie auf unserer Website entdecken k\u00f6nnen.<\/li>\n<\/ul>","protected":false},"excerpt":{"rendered":"<p>Wundersch\u00f6ne Replik der umgebauten Remington 1858 der Marke Kolser<\/p>\n<ul>\n<li>Geh\u00e4use aus gealtertem Metall (hochfestes Zamak)<\/li>\n<li>Schaftkappen aus echtem Holz.<\/li>\n<li>Achtkantiger 8-Zoll-Lauf<\/li>\n<li>Funktionsmechanismus mit simuliertem Schuss<\/li>\n<li>Auswechselbarer Lauf, geeignet f\u00fcr Kolser-Patronen.<\/li>\n<li>Kompatibel mit Primern<\/li>\n<li>Gesamtl\u00e4nge: 35.5 cm - Gewicht: 1125g<\/li>\n<\/ul>","protected":false},"featured_media":85366,"template":"","meta":[],"product_brand":[896],"product_cat":[100,34,77,28,64],"product_tag":[],"class_list":{"0":"post-85360","1":"product","2":"type-product","3":"status-publish","4":"has-post-thumbnail","6":"product_brand-replique-manga-cine","7":"product_cat-arme-kolser","8":"product_cat-armes-westerns","9":"product_cat-colt-revolver-western","10":"product_cat-repliques-darmes","11":"product_cat-western-repliques-armes","13":"first","14":"outofstock","15":"taxable","16":"shipping-taxable","17":"purchasable","18":"product-type-variable"},"yoast_head":"<!-- This site is optimized with the Yoast SEO plugin v27.5 - https:\/\/yoast.com\/product\/yoast-seo-wordpress\/ -->\n<title>Remington 1858 converti - Kolser - R\u00e9plique Manga Cin\u00e9<\/title>\n<meta name=\"description\" content=\"Remington 1858 converti \u00e0 cartouches, r\u00e9plique fid\u00e8le d\u2019une arme mythique modernis\u00e9e pour l\u2019Ouest sauvage des ann\u00e9es 1870. Fonctionnel, avec tir simul\u00e9.\" \/>\n<meta name=\"robots\" content=\"index, follow, max-snippet:-1, max-image-preview:large, max-video-preview:-1\" \/>\n<link rel=\"canonical\" href=\"https:\/\/repliquemangacine.fr\/de\/kolser-waffe\/remington-1858-konvertiert-kolser\/\" \/>\n<meta property=\"og:locale\" content=\"de_DE\" \/>\n<meta property=\"og:type\" content=\"article\" \/>\n<meta property=\"og:title\" content=\"Remington 1858 converti - Kolser - R\u00e9plique Manga Cin\u00e9\" \/>\n<meta property=\"og:description\" content=\"Remington 1858 converti \u00e0 cartouches, r\u00e9plique fid\u00e8le d\u2019une arme mythique modernis\u00e9e pour l\u2019Ouest sauvage des ann\u00e9es 1870. Fonctionnel, avec tir simul\u00e9.\" \/>\n<meta property=\"og:url\" content=\"https:\/\/repliquemangacine.fr\/de\/kolser-waffe\/remington-1858-konvertiert-kolser\/\" \/>\n<meta property=\"og:site_name\" content=\"R\u00e9plique Manga Cin\u00e9\" \/>\n<meta property=\"article:publisher\" content=\"https:\/\/www.facebook.com\/RepliqueMangaCine\" \/>\n<meta property=\"article:modified_time\" content=\"2026-02-23T08:46:44+00:00\" \/>\n<meta property=\"og:image\" content=\"https:\/\/repliquemangacine.fr\/wp-content\/uploads\/2025\/06\/Colt-Remington-laiton-chien8754wl.jpg\" \/>\n\t<meta property=\"og:image:width\" content=\"800\" \/>\n\t<meta property=\"og:image:height\" content=\"800\" \/>\n\t<meta property=\"og:image:type\" content=\"image\/jpeg\" \/>\n<meta name=\"twitter:card\" content=\"summary_large_image\" \/>\n<meta name=\"twitter:label1\" content=\"Gesch\u00e4tzte Lesezeit\" \/>\n\t<meta name=\"twitter:data1\" content=\"3\u00a0Minuten\" \/>\n<script type=\"application\/ld+json\" class=\"yoast-schema-graph\">{\"@context\":\"https:\\\/\\\/schema.org\",\"@graph\":[{\"@type\":\"WebPage\",\"@id\":\"https:\\\/\\\/repliquemangacine.fr\\\/arme-kolser\\\/remington-1858-converti-kolser\\\/\",\"url\":\"https:\\\/\\\/repliquemangacine.fr\\\/arme-kolser\\\/remington-1858-converti-kolser\\\/\",\"name\":\"Remington 1858 converti - Kolser - R\u00e9plique Manga Cin\u00e9\",\"isPartOf\":{\"@id\":\"https:\\\/\\\/repliquemangacine.fr\\\/#website\"},\"primaryImageOfPage\":{\"@id\":\"https:\\\/\\\/repliquemangacine.fr\\\/arme-kolser\\\/remington-1858-converti-kolser\\\/#primaryimage\"},\"image\":{\"@id\":\"https:\\\/\\\/repliquemangacine.fr\\\/arme-kolser\\\/remington-1858-converti-kolser\\\/#primaryimage\"},\"thumbnailUrl\":\"https:\\\/\\\/repliquemangacine.fr\\\/wp-content\\\/uploads\\\/2025\\\/06\\\/Colt-Remington-laiton-chien8754wl.jpg\",\"datePublished\":\"2025-06-17T18:01:42+00:00\",\"dateModified\":\"2026-02-23T08:46:44+00:00\",\"description\":\"Remington 1858 converti \u00e0 cartouches, r\u00e9plique fid\u00e8le d\u2019une arme mythique modernis\u00e9e pour l\u2019Ouest sauvage des ann\u00e9es 1870. Fonctionnel, avec tir simul\u00e9.\",\"breadcrumb\":{\"@id\":\"https:\\\/\\\/repliquemangacine.fr\\\/arme-kolser\\\/remington-1858-converti-kolser\\\/#breadcrumb\"},\"inLanguage\":\"de\",\"potentialAction\":[{\"@type\":\"ReadAction\",\"target\":[\"https:\\\/\\\/repliquemangacine.fr\\\/arme-kolser\\\/remington-1858-converti-kolser\\\/\"]}]},{\"@type\":\"ImageObject\",\"inLanguage\":\"de\",\"@id\":\"https:\\\/\\\/repliquemangacine.fr\\\/arme-kolser\\\/remington-1858-converti-kolser\\\/#primaryimage\",\"url\":\"https:\\\/\\\/repliquemangacine.fr\\\/wp-content\\\/uploads\\\/2025\\\/06\\\/Colt-Remington-laiton-chien8754wl.jpg\",\"contentUrl\":\"https:\\\/\\\/repliquemangacine.fr\\\/wp-content\\\/uploads\\\/2025\\\/06\\\/Colt-Remington-laiton-chien8754wl.jpg\",\"width\":800,\"height\":800},{\"@type\":\"BreadcrumbList\",\"@id\":\"https:\\\/\\\/repliquemangacine.fr\\\/arme-kolser\\\/remington-1858-converti-kolser\\\/#breadcrumb\",\"itemListElement\":[{\"@type\":\"ListItem\",\"position\":1,\"name\":\"Accueil\",\"item\":\"https:\\\/\\\/repliquemangacine.fr\\\/\"},{\"@type\":\"ListItem\",\"position\":2,\"name\":\"Produits\",\"item\":\"https:\\\/\\\/repliquemangacine.fr\\\/boutique\\\/\"},{\"@type\":\"ListItem\",\"position\":3,\"name\":\"Remington 1858 converti &#8211; Kolser\"}]},{\"@type\":\"WebSite\",\"@id\":\"https:\\\/\\\/repliquemangacine.fr\\\/#website\",\"url\":\"https:\\\/\\\/repliquemangacine.fr\\\/\",\"name\":\"R\u00e9plique Manga Cin\u00e9\",\"description\":\"\",\"publisher\":{\"@id\":\"https:\\\/\\\/repliquemangacine.fr\\\/#organization\"},\"potentialAction\":[{\"@type\":\"SearchAction\",\"target\":{\"@type\":\"EntryPoint\",\"urlTemplate\":\"https:\\\/\\\/repliquemangacine.fr\\\/?s={search_term_string}\"},\"query-input\":{\"@type\":\"PropertyValueSpecification\",\"valueRequired\":true,\"valueName\":\"search_term_string\"}}],\"inLanguage\":\"de\"},{\"@type\":\"Organization\",\"@id\":\"https:\\\/\\\/repliquemangacine.fr\\\/#organization\",\"name\":\"R\u00e9plique Manga Cin\u00e9\",\"url\":\"https:\\\/\\\/repliquemangacine.fr\\\/\",\"logo\":{\"@type\":\"ImageObject\",\"inLanguage\":\"de\",\"@id\":\"https:\\\/\\\/repliquemangacine.fr\\\/#\\\/schema\\\/logo\\\/image\\\/\",\"url\":\"https:\\\/\\\/repliquemangacine.fr\\\/wp-content\\\/uploads\\\/2023\\\/10\\\/RMC-500250.png\",\"contentUrl\":\"https:\\\/\\\/repliquemangacine.fr\\\/wp-content\\\/uploads\\\/2023\\\/10\\\/RMC-500250.png\",\"width\":500,\"height\":250,\"caption\":\"R\u00e9plique Manga Cin\u00e9\"},\"image\":{\"@id\":\"https:\\\/\\\/repliquemangacine.fr\\\/#\\\/schema\\\/logo\\\/image\\\/\"},\"sameAs\":[\"https:\\\/\\\/www.facebook.com\\\/RepliqueMangaCine\",\"https:\\\/\\\/www.instagram.com\\\/repliquemangacine.fr\\\/\"]}]}<\/script>\n<!-- \/ Yoast SEO plugin. -->","yoast_head_json":{"title":"Remington 1858 umgebaut - Kolser - R\u00e9plique Manga Cin\u00e9","description":"Remington 1858 umgebaut auf Patronen, originalgetreue Nachbildung einer mythischen Waffe, die f\u00fcr den Wilden Westen der 1870er Jahre modernisiert wurde. Funktionst\u00fcchtig, mit simuliertem Schuss.","robots":{"index":"index","follow":"follow","max-snippet":"max-snippet:-1","max-image-preview":"max-image-preview:large","max-video-preview":"max-video-preview:-1"},"canonical":"https:\/\/repliquemangacine.fr\/de\/kolser-waffe\/remington-1858-konvertiert-kolser\/","og_locale":"de_DE","og_type":"article","og_title":"Remington 1858 converti - Kolser - R\u00e9plique Manga Cin\u00e9","og_description":"Remington 1858 converti \u00e0 cartouches, r\u00e9plique fid\u00e8le d\u2019une arme mythique modernis\u00e9e pour l\u2019Ouest sauvage des ann\u00e9es 1870. Fonctionnel, avec tir simul\u00e9.","og_url":"https:\/\/repliquemangacine.fr\/de\/kolser-waffe\/remington-1858-konvertiert-kolser\/","og_site_name":"R\u00e9plique Manga Cin\u00e9","article_publisher":"https:\/\/www.facebook.com\/RepliqueMangaCine","article_modified_time":"2026-02-23T08:46:44+00:00","og_image":[{"width":800,"height":800,"url":"https:\/\/repliquemangacine.fr\/wp-content\/uploads\/2025\/06\/Colt-Remington-laiton-chien8754wl.jpg","type":"image\/jpeg"}],"twitter_card":"summary_large_image","twitter_misc":{"Gesch\u00e4tzte Lesezeit":"3\u00a0Minuten"},"schema":{"@context":"https:\/\/schema.org","@graph":[{"@type":"WebPage","@id":"https:\/\/repliquemangacine.fr\/arme-kolser\/remington-1858-converti-kolser\/","url":"https:\/\/repliquemangacine.fr\/arme-kolser\/remington-1858-converti-kolser\/","name":"Remington 1858 umgebaut - Kolser - R\u00e9plique Manga Cin\u00e9","isPartOf":{"@id":"https:\/\/repliquemangacine.fr\/#website"},"primaryImageOfPage":{"@id":"https:\/\/repliquemangacine.fr\/arme-kolser\/remington-1858-converti-kolser\/#primaryimage"},"image":{"@id":"https:\/\/repliquemangacine.fr\/arme-kolser\/remington-1858-converti-kolser\/#primaryimage"},"thumbnailUrl":"https:\/\/repliquemangacine.fr\/wp-content\/uploads\/2025\/06\/Colt-Remington-laiton-chien8754wl.jpg","datePublished":"2025-06-17T18:01:42+00:00","dateModified":"2026-02-23T08:46:44+00:00","description":"Remington 1858 umgebaut auf Patronen, originalgetreue Nachbildung einer mythischen Waffe, die f\u00fcr den Wilden Westen der 1870er Jahre modernisiert wurde. Funktionst\u00fcchtig, mit simuliertem Schuss.","breadcrumb":{"@id":"https:\/\/repliquemangacine.fr\/arme-kolser\/remington-1858-converti-kolser\/#breadcrumb"},"inLanguage":"de","potentialAction":[{"@type":"ReadAction","target":["https:\/\/repliquemangacine.fr\/arme-kolser\/remington-1858-converti-kolser\/"]}]},{"@type":"ImageObject","inLanguage":"de","@id":"https:\/\/repliquemangacine.fr\/arme-kolser\/remington-1858-converti-kolser\/#primaryimage","url":"https:\/\/repliquemangacine.fr\/wp-content\/uploads\/2025\/06\/Colt-Remington-laiton-chien8754wl.jpg","contentUrl":"https:\/\/repliquemangacine.fr\/wp-content\/uploads\/2025\/06\/Colt-Remington-laiton-chien8754wl.jpg","width":800,"height":800},{"@type":"BreadcrumbList","@id":"https:\/\/repliquemangacine.fr\/arme-kolser\/remington-1858-converti-kolser\/#breadcrumb","itemListElement":[{"@type":"ListItem","position":1,"name":"Accueil","item":"https:\/\/repliquemangacine.fr\/"},{"@type":"ListItem","position":2,"name":"Produits","item":"https:\/\/repliquemangacine.fr\/boutique\/"},{"@type":"ListItem","position":3,"name":"Remington 1858 converti &#8211; Kolser"}]},{"@type":"WebSite","@id":"https:\/\/repliquemangacine.fr\/#website","url":"https:\/\/repliquemangacine.fr\/","name":"R\u00e9plique Manga Cin\u00e9","description":"","publisher":{"@id":"https:\/\/repliquemangacine.fr\/#organization"},"potentialAction":[{"@type":"SearchAction","target":{"@type":"EntryPoint","urlTemplate":"https:\/\/repliquemangacine.fr\/?s={search_term_string}"},"query-input":{"@type":"PropertyValueSpecification","valueRequired":true,"valueName":"search_term_string"}}],"inLanguage":"de"},{"@type":"Organization","@id":"https:\/\/repliquemangacine.fr\/#organization","name":"R\u00e9plique Manga Cin\u00e9","url":"https:\/\/repliquemangacine.fr\/","logo":{"@type":"ImageObject","inLanguage":"de","@id":"https:\/\/repliquemangacine.fr\/#\/schema\/logo\/image\/","url":"https:\/\/repliquemangacine.fr\/wp-content\/uploads\/2023\/10\/RMC-500250.png","contentUrl":"https:\/\/repliquemangacine.fr\/wp-content\/uploads\/2023\/10\/RMC-500250.png","width":500,"height":250,"caption":"R\u00e9plique Manga Cin\u00e9"},"image":{"@id":"https:\/\/repliquemangacine.fr\/#\/schema\/logo\/image\/"},"sameAs":["https:\/\/www.facebook.com\/RepliqueMangaCine","https:\/\/www.instagram.com\/repliquemangacine.fr\/"]}]}},"_links":{"self":[{"href":"https:\/\/repliquemangacine.fr\/de\/wp-json\/wp\/v2\/product\/85360","targetHints":{"allow":["GET"]}}],"collection":[{"href":"https:\/\/repliquemangacine.fr\/de\/wp-json\/wp\/v2\/product"}],"about":[{"href":"https:\/\/repliquemangacine.fr\/de\/wp-json\/wp\/v2\/types\/product"}],"wp:featuredmedia":[{"embeddable":true,"href":"https:\/\/repliquemangacine.fr\/de\/wp-json\/wp\/v2\/media\/85366"}],"wp:attachment":[{"href":"https:\/\/repliquemangacine.fr\/de\/wp-json\/wp\/v2\/media?parent=85360"}],"wp:term":[{"taxonomy":"product_brand","embeddable":true,"href":"https:\/\/repliquemangacine.fr\/de\/wp-json\/wp\/v2\/product_brand?post=85360"},{"taxonomy":"product_cat","embeddable":true,"href":"https:\/\/repliquemangacine.fr\/de\/wp-json\/wp\/v2\/product_cat?post=85360"},{"taxonomy":"product_tag","embeddable":true,"href":"https:\/\/repliquemangacine.fr\/de\/wp-json\/wp\/v2\/product_tag?post=85360"}],"curies":[{"name":"wp","href":"https:\/\/api.w.org\/{rel}","templated":true}]}}