





{"id":85345,"date":"2025-06-17T17:59:30","date_gmt":"2025-06-17T15:59:30","guid":{"rendered":"https:\/\/repliquemangacine.fr\/?post_type=product&#038;p=85345"},"modified":"2026-04-23T21:02:01","modified_gmt":"2026-04-23T19:02:01","slug":"remington-1858-a-percussion-kolser","status":"publish","type":"product","link":"https:\/\/repliquemangacine.fr\/de\/arme-kolser\/remington-1858-a-percussion-kolser\/","title":{"rendered":"Remington 1858 Percussion - Kolser"},"content":{"rendered":"<h2>Remington 1858 Kolser Percussion - Die rohe Authentizit\u00e4t des Wilden Westens in einer packenden Replik<\/h2>\n<p>Entdecken Sie zun\u00e4chst einen der kultigsten Revolver wieder, den <strong>Remington 1858 Perkussion<\/strong> angeboten von der Marke <a href=\"https:\/\/kolser.com\/fr\/\" target=\"_blank\" rel=\"noopener noreferrer\">Kolser<\/a>. Dieses Modell war w\u00e4hrend des B\u00fcrgerkriegs die Waffe der Wahl f\u00fcr viele Soldaten der Union. Tats\u00e4chlich setzte er sich dank seines geschlossenen Rahmens schnell als Standard f\u00fcr Schwarzpulverrevolver durch. Solide und zuverl\u00e4ssig, viel robuster als der der zeitgen\u00f6ssischen Colts. Diese originalgetreue Reproduktion bildet jedes Detail pr\u00e4zise nach. Sechssch\u00fcssiger Lauf, Nachladehebel unter dem Lauf, Gelenkhahn und gealterte Metallbeschl\u00e4ge. Ein historisches St\u00fcck, das nach Staub, Pulver und dem wilden Epos des amerikanischen Westens riecht.<\/p>\n<h2>Eine sorgf\u00e4ltige Verarbeitung und ein realistischer Mechanismus von Kolser<\/h2>\n<p>Kolser liefert hier ein hochwertiges Produkt, das visuellen Realismus mit mechanischer Robustheit verbindet. Diese Remington 1858 zeichnet sich durch ihr authentisches Gewicht und ihren perfekt geformten Griff in Holzoptik aus. Dar\u00fcber hinaus verf\u00fcgt sie \u00fcber ein mechanisches Tr\u00e4gheitssystem: Der Hahn ist beweglich, der Lauf dreht sich. Dank des Kolser-Systems kann die Nachbildung mit Knallkapseln geladen werden, um die urspr\u00fcngliche Funktion originalgetreu nachzubilden. Damit ist sie eine ausgezeichnete Wahl f\u00fcr anspruchsvolle Sammler, Liebhaber historischer Nachstellungen, Westernfans oder einfach zur Bereicherung einer vom 19. Jahrhundert inspirierten Dekoration. Zusammenfassend l\u00e4sst sich sagen, dass jedes Detail darauf ausgelegt ist, den Geist der damaligen Zeit mit einer beeindruckenden \u00c4sthetik und einer \u00fcberzeugenden Haptik wiederzugeben.<\/p>\n<p>Entdecken Sie weitere Kolser-Repliken wie die <a href=\"https:\/\/repliquemangacine.fr\/de\/colt-western-revolver\/colt-navy-1851-grau\/\">colt Navy 1851<\/a>sowie der <a href=\"https:\/\/repliquemangacine.fr\/de\/kolser-waffe\/colt-thunderer-schaft-perlmutt\/\">Colt Thunderer<\/a> und seine verschiedenen St\u00f6cke, gibt es auch den <a href=\"https:\/\/repliquemangacine.fr\/de\/western-repliques-waffen\/derringer-kolser-pistole\/\">Derringer-Pistole<\/a>. Und, noch viel mehr ...<\/p>\n<h2>Ein Glanzst\u00fcck f\u00fcr Liebhaber von Geschichte und Objekten mit Charakter<\/h2>\n<p>In einer Vitrine, an einem Lederg\u00fcrtel oder in den H\u00e4nden eines Westernfans - diese Replik der Remington 1858 zieht alle Blicke auf sich. Es ist mehr als nur ein Dekorationsobjekt: Es ist ein Symbol des Wilden Westens, ein St\u00fcck Geschichte, das man fast br\u00fcllen h\u00f6ren kann. Also ideal, um eine Cowboy-Atmosph\u00e4re zu schaffen, Filmszenen nachzustellen oder das Outfit eines Sheriffs, Outlaws oder Kopfgeldj\u00e4gers zu vervollst\u00e4ndigen. Es erinnert an das goldene Zeitalter der Duelle im Staub, der verrauchten Saloons und der Ritte unter der hei\u00dfen Sonne. Das Fazit: G\u00f6nnen Sie sich ein St\u00fcck Legende, mit einem Replikat, das nicht nur sch\u00f6n anzusehen, sondern auch handlich ist.<\/p>","protected":false},"excerpt":{"rendered":"<p>Wundersch\u00f6ne Replik der Remington 1858 Perkussionsmaschine der Marke Kolser<\/p>\n<ul>\n<li>Geh\u00e4use aus gealtertem Metall (hochfestes Zamak)<\/li>\n<li>Schaftkappen aus echtem Holz.<\/li>\n<li>Achtkantiger 8-Zoll-Lauf<\/li>\n<li>Funktionsmechanismus mit simuliertem Schuss<\/li>\n<li>Auswechselbarer Lauf.<\/li>\n<li>Kompatibel mit Primern<\/li>\n<li>Gesamtl\u00e4nge: 35.5 cm - Gewicht: 1125g<\/li>\n<\/ul>\n<p>&nbsp;<\/p>","protected":false},"featured_media":85356,"template":"","meta":[],"product_brand":[896],"product_cat":[100,34,77,27,64],"product_tag":[],"class_list":{"0":"post-85345","1":"product","2":"type-product","3":"status-publish","4":"has-post-thumbnail","6":"product_brand-replique-manga-cine","7":"product_cat-arme-kolser","8":"product_cat-armes-westerns","9":"product_cat-colt-revolver-western","10":"product_cat-armes-et-accessoires-western","11":"product_cat-western-repliques-armes","13":"first","14":"outofstock","15":"taxable","16":"shipping-taxable","17":"purchasable","18":"product-type-variable"},"yoast_head":"<!-- This site is optimized with the Yoast SEO plugin v27.5 - https:\/\/yoast.com\/product\/yoast-seo-wordpress\/ -->\n<title>Remington 1858 \u00e0 percussion - Kolser - R\u00e9plique Manga Cin\u00e9<\/title>\n<meta name=\"description\" content=\"Nouveaut\u00e9 : Remington 1858 \u00e0 percussion de Kolser. R\u00e9plique ultra-r\u00e9aliste d\u2019arme de poing western avec m\u00e9canisme fonctionnel. Balles factices \u00e0 amorces\" \/>\n<meta name=\"robots\" content=\"index, follow, max-snippet:-1, max-image-preview:large, max-video-preview:-1\" \/>\n<link rel=\"canonical\" href=\"https:\/\/repliquemangacine.fr\/de\/kolser-waffe\/remington-1858-a-percussion-kolser\/\" \/>\n<meta property=\"og:locale\" content=\"de_DE\" \/>\n<meta property=\"og:type\" content=\"article\" \/>\n<meta property=\"og:title\" content=\"Remington 1858 \u00e0 percussion - Kolser - R\u00e9plique Manga Cin\u00e9\" \/>\n<meta property=\"og:description\" content=\"Nouveaut\u00e9 : Remington 1858 \u00e0 percussion de Kolser. R\u00e9plique ultra-r\u00e9aliste d\u2019arme de poing western avec m\u00e9canisme fonctionnel. Balles factices \u00e0 amorces\" \/>\n<meta property=\"og:url\" content=\"https:\/\/repliquemangacine.fr\/de\/kolser-waffe\/remington-1858-a-percussion-kolser\/\" \/>\n<meta property=\"og:site_name\" content=\"R\u00e9plique Manga Cin\u00e9\" \/>\n<meta property=\"article:publisher\" content=\"https:\/\/www.facebook.com\/RepliqueMangaCine\" \/>\n<meta property=\"article:modified_time\" content=\"2026-04-23T19:02:01+00:00\" \/>\n<meta property=\"og:image\" content=\"https:\/\/repliquemangacine.fr\/wp-content\/uploads\/2025\/06\/Remington-a-percussion-laiton-1.jpg\" \/>\n\t<meta property=\"og:image:width\" content=\"800\" \/>\n\t<meta property=\"og:image:height\" content=\"800\" \/>\n\t<meta property=\"og:image:type\" content=\"image\/jpeg\" \/>\n<meta name=\"twitter:card\" content=\"summary_large_image\" \/>\n<meta name=\"twitter:label1\" content=\"Gesch\u00e4tzte Lesezeit\" \/>\n\t<meta name=\"twitter:data1\" content=\"3\u00a0Minuten\" \/>\n<script type=\"application\/ld+json\" class=\"yoast-schema-graph\">{\"@context\":\"https:\\\/\\\/schema.org\",\"@graph\":[{\"@type\":\"WebPage\",\"@id\":\"https:\\\/\\\/repliquemangacine.fr\\\/arme-kolser\\\/remington-1858-a-percussion-kolser\\\/\",\"url\":\"https:\\\/\\\/repliquemangacine.fr\\\/arme-kolser\\\/remington-1858-a-percussion-kolser\\\/\",\"name\":\"Remington 1858 \u00e0 percussion - Kolser - R\u00e9plique Manga Cin\u00e9\",\"isPartOf\":{\"@id\":\"https:\\\/\\\/repliquemangacine.fr\\\/#website\"},\"primaryImageOfPage\":{\"@id\":\"https:\\\/\\\/repliquemangacine.fr\\\/arme-kolser\\\/remington-1858-a-percussion-kolser\\\/#primaryimage\"},\"image\":{\"@id\":\"https:\\\/\\\/repliquemangacine.fr\\\/arme-kolser\\\/remington-1858-a-percussion-kolser\\\/#primaryimage\"},\"thumbnailUrl\":\"https:\\\/\\\/repliquemangacine.fr\\\/wp-content\\\/uploads\\\/2025\\\/06\\\/Remington-a-percussion-laiton-1.jpg\",\"datePublished\":\"2025-06-17T15:59:30+00:00\",\"dateModified\":\"2026-04-23T19:02:01+00:00\",\"description\":\"Nouveaut\u00e9 : Remington 1858 \u00e0 percussion de Kolser. R\u00e9plique ultra-r\u00e9aliste d\u2019arme de poing western avec m\u00e9canisme fonctionnel. Balles factices \u00e0 amorces\",\"breadcrumb\":{\"@id\":\"https:\\\/\\\/repliquemangacine.fr\\\/arme-kolser\\\/remington-1858-a-percussion-kolser\\\/#breadcrumb\"},\"inLanguage\":\"de\",\"potentialAction\":[{\"@type\":\"ReadAction\",\"target\":[\"https:\\\/\\\/repliquemangacine.fr\\\/arme-kolser\\\/remington-1858-a-percussion-kolser\\\/\"]}]},{\"@type\":\"ImageObject\",\"inLanguage\":\"de\",\"@id\":\"https:\\\/\\\/repliquemangacine.fr\\\/arme-kolser\\\/remington-1858-a-percussion-kolser\\\/#primaryimage\",\"url\":\"https:\\\/\\\/repliquemangacine.fr\\\/wp-content\\\/uploads\\\/2025\\\/06\\\/Remington-a-percussion-laiton-1.jpg\",\"contentUrl\":\"https:\\\/\\\/repliquemangacine.fr\\\/wp-content\\\/uploads\\\/2025\\\/06\\\/Remington-a-percussion-laiton-1.jpg\",\"width\":800,\"height\":800,\"caption\":\"Remington 1858 \u00e0 percussion Laiton\"},{\"@type\":\"BreadcrumbList\",\"@id\":\"https:\\\/\\\/repliquemangacine.fr\\\/arme-kolser\\\/remington-1858-a-percussion-kolser\\\/#breadcrumb\",\"itemListElement\":[{\"@type\":\"ListItem\",\"position\":1,\"name\":\"Accueil\",\"item\":\"https:\\\/\\\/repliquemangacine.fr\\\/\"},{\"@type\":\"ListItem\",\"position\":2,\"name\":\"Produits\",\"item\":\"https:\\\/\\\/repliquemangacine.fr\\\/boutique\\\/\"},{\"@type\":\"ListItem\",\"position\":3,\"name\":\"Remington 1858 \u00e0 percussion &#8211; Kolser\"}]},{\"@type\":\"WebSite\",\"@id\":\"https:\\\/\\\/repliquemangacine.fr\\\/#website\",\"url\":\"https:\\\/\\\/repliquemangacine.fr\\\/\",\"name\":\"R\u00e9plique Manga Cin\u00e9\",\"description\":\"\",\"publisher\":{\"@id\":\"https:\\\/\\\/repliquemangacine.fr\\\/#organization\"},\"potentialAction\":[{\"@type\":\"SearchAction\",\"target\":{\"@type\":\"EntryPoint\",\"urlTemplate\":\"https:\\\/\\\/repliquemangacine.fr\\\/?s={search_term_string}\"},\"query-input\":{\"@type\":\"PropertyValueSpecification\",\"valueRequired\":true,\"valueName\":\"search_term_string\"}}],\"inLanguage\":\"de\"},{\"@type\":\"Organization\",\"@id\":\"https:\\\/\\\/repliquemangacine.fr\\\/#organization\",\"name\":\"R\u00e9plique Manga Cin\u00e9\",\"url\":\"https:\\\/\\\/repliquemangacine.fr\\\/\",\"logo\":{\"@type\":\"ImageObject\",\"inLanguage\":\"de\",\"@id\":\"https:\\\/\\\/repliquemangacine.fr\\\/#\\\/schema\\\/logo\\\/image\\\/\",\"url\":\"https:\\\/\\\/repliquemangacine.fr\\\/wp-content\\\/uploads\\\/2023\\\/10\\\/RMC-500250.png\",\"contentUrl\":\"https:\\\/\\\/repliquemangacine.fr\\\/wp-content\\\/uploads\\\/2023\\\/10\\\/RMC-500250.png\",\"width\":500,\"height\":250,\"caption\":\"R\u00e9plique Manga Cin\u00e9\"},\"image\":{\"@id\":\"https:\\\/\\\/repliquemangacine.fr\\\/#\\\/schema\\\/logo\\\/image\\\/\"},\"sameAs\":[\"https:\\\/\\\/www.facebook.com\\\/RepliqueMangaCine\",\"https:\\\/\\\/www.instagram.com\\\/repliquemangacine.fr\\\/\"]}]}<\/script>\n<!-- \/ Yoast SEO plugin. -->","yoast_head_json":{"title":"Remington 1858 Percussion - Kolser - R\u00e9plique Manga Cin\u00e9","description":"Neuheit: Remington 1858 mit Perkussionsz\u00fcndung von Kolser. Ultrarealistische Nachbildung einer Westernhandfeuerwaffe mit funktionierendem Mechanismus. Attrappenkugeln mit Z\u00fcndh\u00fctchen","robots":{"index":"index","follow":"follow","max-snippet":"max-snippet:-1","max-image-preview":"max-image-preview:large","max-video-preview":"max-video-preview:-1"},"canonical":"https:\/\/repliquemangacine.fr\/de\/kolser-waffe\/remington-1858-a-percussion-kolser\/","og_locale":"de_DE","og_type":"article","og_title":"Remington 1858 \u00e0 percussion - Kolser - R\u00e9plique Manga Cin\u00e9","og_description":"Nouveaut\u00e9 : Remington 1858 \u00e0 percussion de Kolser. R\u00e9plique ultra-r\u00e9aliste d\u2019arme de poing western avec m\u00e9canisme fonctionnel. Balles factices \u00e0 amorces","og_url":"https:\/\/repliquemangacine.fr\/de\/kolser-waffe\/remington-1858-a-percussion-kolser\/","og_site_name":"R\u00e9plique Manga Cin\u00e9","article_publisher":"https:\/\/www.facebook.com\/RepliqueMangaCine","article_modified_time":"2026-04-23T19:02:01+00:00","og_image":[{"width":800,"height":800,"url":"https:\/\/repliquemangacine.fr\/wp-content\/uploads\/2025\/06\/Remington-a-percussion-laiton-1.jpg","type":"image\/jpeg"}],"twitter_card":"summary_large_image","twitter_misc":{"Gesch\u00e4tzte Lesezeit":"3\u00a0Minuten"},"schema":{"@context":"https:\/\/schema.org","@graph":[{"@type":"WebPage","@id":"https:\/\/repliquemangacine.fr\/arme-kolser\/remington-1858-a-percussion-kolser\/","url":"https:\/\/repliquemangacine.fr\/arme-kolser\/remington-1858-a-percussion-kolser\/","name":"Remington 1858 Percussion - Kolser - R\u00e9plique Manga Cin\u00e9","isPartOf":{"@id":"https:\/\/repliquemangacine.fr\/#website"},"primaryImageOfPage":{"@id":"https:\/\/repliquemangacine.fr\/arme-kolser\/remington-1858-a-percussion-kolser\/#primaryimage"},"image":{"@id":"https:\/\/repliquemangacine.fr\/arme-kolser\/remington-1858-a-percussion-kolser\/#primaryimage"},"thumbnailUrl":"https:\/\/repliquemangacine.fr\/wp-content\/uploads\/2025\/06\/Remington-a-percussion-laiton-1.jpg","datePublished":"2025-06-17T15:59:30+00:00","dateModified":"2026-04-23T19:02:01+00:00","description":"Neuheit: Remington 1858 mit Perkussionsz\u00fcndung von Kolser. Ultrarealistische Nachbildung einer Westernhandfeuerwaffe mit funktionierendem Mechanismus. Attrappenkugeln mit Z\u00fcndh\u00fctchen","breadcrumb":{"@id":"https:\/\/repliquemangacine.fr\/arme-kolser\/remington-1858-a-percussion-kolser\/#breadcrumb"},"inLanguage":"de","potentialAction":[{"@type":"ReadAction","target":["https:\/\/repliquemangacine.fr\/arme-kolser\/remington-1858-a-percussion-kolser\/"]}]},{"@type":"ImageObject","inLanguage":"de","@id":"https:\/\/repliquemangacine.fr\/arme-kolser\/remington-1858-a-percussion-kolser\/#primaryimage","url":"https:\/\/repliquemangacine.fr\/wp-content\/uploads\/2025\/06\/Remington-a-percussion-laiton-1.jpg","contentUrl":"https:\/\/repliquemangacine.fr\/wp-content\/uploads\/2025\/06\/Remington-a-percussion-laiton-1.jpg","width":800,"height":800,"caption":"Remington 1858 \u00e0 percussion Laiton"},{"@type":"BreadcrumbList","@id":"https:\/\/repliquemangacine.fr\/arme-kolser\/remington-1858-a-percussion-kolser\/#breadcrumb","itemListElement":[{"@type":"ListItem","position":1,"name":"Accueil","item":"https:\/\/repliquemangacine.fr\/"},{"@type":"ListItem","position":2,"name":"Produits","item":"https:\/\/repliquemangacine.fr\/boutique\/"},{"@type":"ListItem","position":3,"name":"Remington 1858 \u00e0 percussion &#8211; Kolser"}]},{"@type":"WebSite","@id":"https:\/\/repliquemangacine.fr\/#website","url":"https:\/\/repliquemangacine.fr\/","name":"R\u00e9plique Manga Cin\u00e9","description":"","publisher":{"@id":"https:\/\/repliquemangacine.fr\/#organization"},"potentialAction":[{"@type":"SearchAction","target":{"@type":"EntryPoint","urlTemplate":"https:\/\/repliquemangacine.fr\/?s={search_term_string}"},"query-input":{"@type":"PropertyValueSpecification","valueRequired":true,"valueName":"search_term_string"}}],"inLanguage":"de"},{"@type":"Organization","@id":"https:\/\/repliquemangacine.fr\/#organization","name":"R\u00e9plique Manga Cin\u00e9","url":"https:\/\/repliquemangacine.fr\/","logo":{"@type":"ImageObject","inLanguage":"de","@id":"https:\/\/repliquemangacine.fr\/#\/schema\/logo\/image\/","url":"https:\/\/repliquemangacine.fr\/wp-content\/uploads\/2023\/10\/RMC-500250.png","contentUrl":"https:\/\/repliquemangacine.fr\/wp-content\/uploads\/2023\/10\/RMC-500250.png","width":500,"height":250,"caption":"R\u00e9plique Manga Cin\u00e9"},"image":{"@id":"https:\/\/repliquemangacine.fr\/#\/schema\/logo\/image\/"},"sameAs":["https:\/\/www.facebook.com\/RepliqueMangaCine","https:\/\/www.instagram.com\/repliquemangacine.fr\/"]}]}},"_links":{"self":[{"href":"https:\/\/repliquemangacine.fr\/de\/wp-json\/wp\/v2\/product\/85345","targetHints":{"allow":["GET"]}}],"collection":[{"href":"https:\/\/repliquemangacine.fr\/de\/wp-json\/wp\/v2\/product"}],"about":[{"href":"https:\/\/repliquemangacine.fr\/de\/wp-json\/wp\/v2\/types\/product"}],"wp:featuredmedia":[{"embeddable":true,"href":"https:\/\/repliquemangacine.fr\/de\/wp-json\/wp\/v2\/media\/85356"}],"wp:attachment":[{"href":"https:\/\/repliquemangacine.fr\/de\/wp-json\/wp\/v2\/media?parent=85345"}],"wp:term":[{"taxonomy":"product_brand","embeddable":true,"href":"https:\/\/repliquemangacine.fr\/de\/wp-json\/wp\/v2\/product_brand?post=85345"},{"taxonomy":"product_cat","embeddable":true,"href":"https:\/\/repliquemangacine.fr\/de\/wp-json\/wp\/v2\/product_cat?post=85345"},{"taxonomy":"product_tag","embeddable":true,"href":"https:\/\/repliquemangacine.fr\/de\/wp-json\/wp\/v2\/product_tag?post=85345"}],"curies":[{"name":"wp","href":"https:\/\/api.w.org\/{rel}","templated":true}]}}