





{"id":84742,"date":"2025-05-30T18:44:54","date_gmt":"2025-05-30T16:44:54","guid":{"rendered":"https:\/\/repliquemangacine.fr\/?post_type=product&#038;p=84742"},"modified":"2025-12-06T16:45:35","modified_gmt":"2025-12-06T15:45:35","slug":"m1-garand-patina-alt-denix","status":"publish","type":"product","link":"https:\/\/repliquemangacine.fr\/de\/reproductions-armes-seconde-guerre-mondiale-denix\/m1-garand-patine-vieilli-denix\/","title":{"rendered":"M1 Garand patiniert und gealtert - Denix"},"content":{"rendered":"<h2>M1 Garand patiniert und gealtert - Denix Ausnahme-Reproduktion<\/h2>\n<p>Zun\u00e4chst einmal ist dies <strong>M1 Garand patiniert und gealtert<\/strong> Verf\u00fcgt \u00fcber einen Schaft und einen Lauf aus Massivholz f\u00fcr ein authentisches und au\u00dfergew\u00f6hnlich robustes Finish. Metallteile aus patiniertem und gealtertem Zamak f\u00fcr ein Aussehen, das den historischen Waffen dieser Epoche treu nachempfunden ist. Der Mechanismus funktioniert und simuliert das Laden und Schie\u00dfen, sodass Sie vollst\u00e4ndig in die Welt des amerikanischen Milit\u00e4rs eintauchen k\u00f6nnen.<br \/>\nDiese Denix-Replik l\u00e4sst sich laden und abfeuern, ist jedoch v\u00f6llig unbrauchbar f\u00fcr den Schuss und dient ausschlie\u00dflich zu Dekorationszwecken. F\u00fcr den Kauf oder Besitz dieses patinierten und gealterten M1 Garand ist keine Genehmigung erforderlich.<br \/>\nSein Kaliber ist .30 (7,62), eine originalgetreue Nachbildung des Modells, das w\u00e4hrend des Krieges von der amerikanischen Armee verwendet wurde.<\/p>\n<p>Dieses Sammlerst\u00fcck beeindruckt durch seine hochwertige Verarbeitung und seine akribische historische Genauigkeit. Ein Muss f\u00fcr Liebhaber antiker Waffen, Reenactments oder authentischer Milit\u00e4rausr\u00fcstung. G\u00f6nnen Sie sich die legend\u00e4re Waffe, die die alliierten Soldaten zum Sieg \u00fcber die Achsenm\u00e4chte gef\u00fchrt hat. Das M1 Garand <a href=\"https:\/\/www.denix.fr\/fr\/\" target=\"_blank\" rel=\"noopener noreferrer\">Denix<\/a> vereint Realismus, Sicherheit und Leidenschaft f\u00fcr Sammlerst\u00fccke mit liebevollen Details.<\/p>\n<h2>Der M1 Garand: eine legend\u00e4re Waffe aus dem Zweiten Weltkrieg<\/h2>\n<p>Zun\u00e4chst einmal war es die Hauptwaffe der amerikanischen Armee w\u00e4hrend des Zweiten Weltkriegs und ersetzte die klassischen Bolzengewehre. Es bot somit eine halbautomatische Feuerrate, was einen entscheidenden Vorteil gegen\u00fcber Feinden mit langsameren und veralteten Waffen darstellte. Dieses von John Garand entworfene halbautomatische Gewehr war bekannt f\u00fcr seine Zuverl\u00e4ssigkeit, Pr\u00e4zision und Robustheit im Einsatz. Sein ber\u00fchmtes metallisches \u201cPing\u201d beim Auswerfen des Magazins ist bei Veteranen und Liebhabern historischer Waffen zu einem Symbol geworden. Es wurde massiv bei der Landung in der Normandie eingesetzt und trug zur Befreiung des von den Nazis besetzten Europas bei. Dar\u00fcber hinaus symbolisiert das M1 Garand die technologische \u00dcberlegenheit der USA gegen\u00fcber den Achsenm\u00e4chten w\u00e4hrend der gro\u00dfen Offensiven der Alliierten.<\/p>\n<p>Dieses Gewehr, das sp\u00e4ter w\u00e4hrend des Koreakriegs eingef\u00fchrt wurde, stellt einen wichtigen Wendepunkt in der Geschichte der modernen Milit\u00e4rwaffen dar. Sein halbautomatischer Mechanismus inspirierte zahlreiche Waffenmodelle der folgenden Jahrzehnte. Mit dieser Replik von Denix k\u00f6nnen Sie dieses historische St\u00fcck in Ihrer Sammlung oder Ihrer milit\u00e4rischen Dekoration w\u00fcrdigen. Das M1 Garand bleibt eine unangefochtene Ikone des Sieges der Alliierten und des Mutes der amerikanischen Soldaten.<\/p>\n<h2>Weitere Denix-Kunstdrucke zum Entdecken auf R\u00e9plique Manga Cin\u00e9<\/h2>\n<p>In unserem R\u00e9plique Manga Cin\u00e9-Shop finden Sie weitere patinierte und gealterte Denix-Waffen mit minuti\u00f6sen und originalgetreuen Details. Da gibt es die <a href=\"https:\/\/repliquemangacine.fr\/de\/waffenreproduktionen-zweiter-weltkrieg-denix\/mauser-gewehr-k98-gealtert\/\">Mauser-Gewehr K98 Gealtert<\/a> bietet mit seinen Holz- und Metalloberfl\u00e4chen eine realistische Darstellung f\u00fcr Wehrmachtsfans. Entdecken Sie auch die <a href=\"https:\/\/repliquemangacine.fr\/de\/replica-darmes\/maschinengewehr-thompson-m1928a1-denix\/\">Maschinengewehr Thompson M1928A1<\/a>die ber\u00fchmte Waffe der amerikanischen Kommandosoldaten und aus klassischen Kriegsfilmen. Sowie das <a href=\"https:\/\/repliquemangacine.fr\/de\/waffenreproduktionen-zweiter-weltkrieg-denix\/automatische-pistole-m1911a1-patiniert-und-gealtert\/\">Automatische Spritzpistole M1911A1<\/a> l\u00e4sst Sie mit einem originalgetreuen und funktionalen Mechanismus in die Welt der amerikanischen Offiziere eintauchen. Was den <a href=\"https:\/\/repliquemangacine.fr\/de\/waffenreproduktionen-zweiter-weltkrieg-denix\/luger-pistole-p08-gealtert\/\">Luger P08 Pistole Gealtert<\/a>, Es handelt sich um die symboltr\u00e4chtige Waffe der deutschen Armee mit einer au\u00dfergew\u00f6hnlichen historischen Verarbeitung. Jede Denix-Replik ist so konzipiert, dass sie Sammler, Reenactment-Fans und Liebhaber der Milit\u00e4rgeschichte zufriedenstellt.<\/p>\n<p>Diese Objekte sind sicher, dekorativ und frei verk\u00e4uflich und eignen sich perfekt f\u00fcr Vitrinen oder thematische Dekorationen. Unsere Website bietet eine gro\u00dfe Auswahl an historischen Waffen, die sorgf\u00e4ltig reproduziert wurden, um ein authentisches und spektakul\u00e4res Ergebnis zu erzielen. R\u00e9plique Manga Cin\u00e9 hat es sich zur Aufgabe gemacht, Waffen-, Geschichts- und Popkulturbegeisterten hochwertige Produkte anzubieten.\u00a0 Erg\u00e4nzen Sie jetzt Ihre pers\u00f6nliche Sammlung oder Ihre Dekoration mit dem M1 Garand oder einem anderen St\u00fcck von Denix.<\/p>","protected":false},"excerpt":{"rendered":"<p>Wundersch\u00f6ne Replik des patinierten und gealterten Garand M1 Gewehrs, USA 1932.<\/p>\n<ul>\n<li>Schaft und Kolben aus Massivholz.<\/li>\n<li>Metallteile aus patiniertem und gealtertem Zamak.<\/li>\n<li>Mechanismus zur Simulation von Belastung und Beschuss<\/li>\n<li>Bewaffnet sich und schl\u00e4gt ein, ist aber v\u00f6llig unf\u00e4hig zu schie\u00dfen.<\/li>\n<li>Unterliegt keiner Genehmigungspflicht. Verkauf und Besitz frei.<\/li>\n<li>Kaliber.30 (7,62)<\/li>\n<li>L\u00e4nge: 110 cm - Gewicht: 3480 grs<\/li>\n<\/ul>","protected":false},"featured_media":84743,"template":"","meta":[],"product_brand":[896],"product_cat":[102,46,54,28,76],"product_tag":[],"class_list":{"0":"post-84742","1":"product","2":"type-product","3":"status-publish","4":"has-post-thumbnail","6":"product_brand-replique-manga-cine","7":"product_cat-denix","8":"product_cat-fusil-d-assaut-fusil-moderne","9":"product_cat-armes-accessoires-guerre-mondiale","10":"product_cat-repliques-darmes","11":"product_cat-reproductions-armes-seconde-guerre-mondiale-denix","13":"first","14":"outofstock","15":"taxable","16":"shipping-taxable","17":"purchasable","18":"product-type-simple"},"yoast_head":"<!-- This site is optimized with the Yoast SEO plugin v27.5 - https:\/\/yoast.com\/product\/yoast-seo-wordpress\/ -->\n<title>M1 Garand patin\u00e9 et vieilli - Denix - R\u00e9plique Manga Cin\u00e9<\/title>\n<meta name=\"description\" content=\"D\u00e9couvrez le M1 Garand patin\u00e9 et vieilli Denix : reproduction fid\u00e8le, m\u00e9canisme fonctionnel, bois massif et Zamac vieilli. Vente libre sur RMC\" \/>\n<meta name=\"robots\" content=\"index, follow, max-snippet:-1, max-image-preview:large, max-video-preview:-1\" \/>\n<link rel=\"canonical\" href=\"https:\/\/repliquemangacine.fr\/de\/waffenreproduktionen-zweiter-weltkrieg-denix\/m1-garand-patina-alt-denix\/\" \/>\n<meta property=\"og:locale\" content=\"de_DE\" \/>\n<meta property=\"og:type\" content=\"article\" \/>\n<meta property=\"og:title\" content=\"M1 Garand patin\u00e9 et vieilli - Denix - R\u00e9plique Manga Cin\u00e9\" \/>\n<meta property=\"og:description\" content=\"D\u00e9couvrez le M1 Garand patin\u00e9 et vieilli Denix : reproduction fid\u00e8le, m\u00e9canisme fonctionnel, bois massif et Zamac vieilli. Vente libre sur RMC\" \/>\n<meta property=\"og:url\" content=\"https:\/\/repliquemangacine.fr\/de\/waffenreproduktionen-zweiter-weltkrieg-denix\/m1-garand-patina-alt-denix\/\" \/>\n<meta property=\"og:site_name\" content=\"R\u00e9plique Manga Cin\u00e9\" \/>\n<meta property=\"article:publisher\" content=\"https:\/\/www.facebook.com\/RepliqueMangaCine\" \/>\n<meta property=\"article:modified_time\" content=\"2025-12-06T15:45:35+00:00\" \/>\n<meta property=\"og:image\" content=\"https:\/\/repliquemangacine.fr\/wp-content\/uploads\/2025\/05\/M1-Garand-Vieilli.jpg\" \/>\n\t<meta property=\"og:image:width\" content=\"800\" \/>\n\t<meta property=\"og:image:height\" content=\"800\" \/>\n\t<meta property=\"og:image:type\" content=\"image\/jpeg\" \/>\n<meta name=\"twitter:card\" content=\"summary_large_image\" \/>\n<meta name=\"twitter:label1\" content=\"Gesch\u00e4tzte Lesezeit\" \/>\n\t<meta name=\"twitter:data1\" content=\"4\u00a0Minuten\" \/>\n<script type=\"application\/ld+json\" class=\"yoast-schema-graph\">{\"@context\":\"https:\\\/\\\/schema.org\",\"@graph\":[{\"@type\":\"WebPage\",\"@id\":\"https:\\\/\\\/repliquemangacine.fr\\\/reproductions-armes-seconde-guerre-mondiale-denix\\\/m1-garand-patine-vieilli-denix\\\/\",\"url\":\"https:\\\/\\\/repliquemangacine.fr\\\/reproductions-armes-seconde-guerre-mondiale-denix\\\/m1-garand-patine-vieilli-denix\\\/\",\"name\":\"M1 Garand patin\u00e9 et vieilli - Denix - R\u00e9plique Manga Cin\u00e9\",\"isPartOf\":{\"@id\":\"https:\\\/\\\/repliquemangacine.fr\\\/#website\"},\"primaryImageOfPage\":{\"@id\":\"https:\\\/\\\/repliquemangacine.fr\\\/reproductions-armes-seconde-guerre-mondiale-denix\\\/m1-garand-patine-vieilli-denix\\\/#primaryimage\"},\"image\":{\"@id\":\"https:\\\/\\\/repliquemangacine.fr\\\/reproductions-armes-seconde-guerre-mondiale-denix\\\/m1-garand-patine-vieilli-denix\\\/#primaryimage\"},\"thumbnailUrl\":\"https:\\\/\\\/repliquemangacine.fr\\\/wp-content\\\/uploads\\\/2025\\\/05\\\/M1-Garand-Vieilli.jpg\",\"datePublished\":\"2025-05-30T16:44:54+00:00\",\"dateModified\":\"2025-12-06T15:45:35+00:00\",\"description\":\"D\u00e9couvrez le M1 Garand patin\u00e9 et vieilli Denix : reproduction fid\u00e8le, m\u00e9canisme fonctionnel, bois massif et Zamac vieilli. Vente libre sur RMC\",\"breadcrumb\":{\"@id\":\"https:\\\/\\\/repliquemangacine.fr\\\/reproductions-armes-seconde-guerre-mondiale-denix\\\/m1-garand-patine-vieilli-denix\\\/#breadcrumb\"},\"inLanguage\":\"de\",\"potentialAction\":[{\"@type\":\"ReadAction\",\"target\":[\"https:\\\/\\\/repliquemangacine.fr\\\/reproductions-armes-seconde-guerre-mondiale-denix\\\/m1-garand-patine-vieilli-denix\\\/\"]}]},{\"@type\":\"ImageObject\",\"inLanguage\":\"de\",\"@id\":\"https:\\\/\\\/repliquemangacine.fr\\\/reproductions-armes-seconde-guerre-mondiale-denix\\\/m1-garand-patine-vieilli-denix\\\/#primaryimage\",\"url\":\"https:\\\/\\\/repliquemangacine.fr\\\/wp-content\\\/uploads\\\/2025\\\/05\\\/M1-Garand-Vieilli.jpg\",\"contentUrl\":\"https:\\\/\\\/repliquemangacine.fr\\\/wp-content\\\/uploads\\\/2025\\\/05\\\/M1-Garand-Vieilli.jpg\",\"width\":800,\"height\":800,\"caption\":\"M1 Garand Vieilli Denix\"},{\"@type\":\"BreadcrumbList\",\"@id\":\"https:\\\/\\\/repliquemangacine.fr\\\/reproductions-armes-seconde-guerre-mondiale-denix\\\/m1-garand-patine-vieilli-denix\\\/#breadcrumb\",\"itemListElement\":[{\"@type\":\"ListItem\",\"position\":1,\"name\":\"Accueil\",\"item\":\"https:\\\/\\\/repliquemangacine.fr\\\/\"},{\"@type\":\"ListItem\",\"position\":2,\"name\":\"Produits\",\"item\":\"https:\\\/\\\/repliquemangacine.fr\\\/boutique\\\/\"},{\"@type\":\"ListItem\",\"position\":3,\"name\":\"M1 Garand patin\u00e9 et vieilli &#8211; Denix\"}]},{\"@type\":\"WebSite\",\"@id\":\"https:\\\/\\\/repliquemangacine.fr\\\/#website\",\"url\":\"https:\\\/\\\/repliquemangacine.fr\\\/\",\"name\":\"R\u00e9plique Manga Cin\u00e9\",\"description\":\"\",\"publisher\":{\"@id\":\"https:\\\/\\\/repliquemangacine.fr\\\/#organization\"},\"potentialAction\":[{\"@type\":\"SearchAction\",\"target\":{\"@type\":\"EntryPoint\",\"urlTemplate\":\"https:\\\/\\\/repliquemangacine.fr\\\/?s={search_term_string}\"},\"query-input\":{\"@type\":\"PropertyValueSpecification\",\"valueRequired\":true,\"valueName\":\"search_term_string\"}}],\"inLanguage\":\"de\"},{\"@type\":\"Organization\",\"@id\":\"https:\\\/\\\/repliquemangacine.fr\\\/#organization\",\"name\":\"R\u00e9plique Manga Cin\u00e9\",\"url\":\"https:\\\/\\\/repliquemangacine.fr\\\/\",\"logo\":{\"@type\":\"ImageObject\",\"inLanguage\":\"de\",\"@id\":\"https:\\\/\\\/repliquemangacine.fr\\\/#\\\/schema\\\/logo\\\/image\\\/\",\"url\":\"https:\\\/\\\/repliquemangacine.fr\\\/wp-content\\\/uploads\\\/2023\\\/10\\\/RMC-500250.png\",\"contentUrl\":\"https:\\\/\\\/repliquemangacine.fr\\\/wp-content\\\/uploads\\\/2023\\\/10\\\/RMC-500250.png\",\"width\":500,\"height\":250,\"caption\":\"R\u00e9plique Manga Cin\u00e9\"},\"image\":{\"@id\":\"https:\\\/\\\/repliquemangacine.fr\\\/#\\\/schema\\\/logo\\\/image\\\/\"},\"sameAs\":[\"https:\\\/\\\/www.facebook.com\\\/RepliqueMangaCine\",\"https:\\\/\\\/www.instagram.com\\\/repliquemangacine.fr\\\/\"]}]}<\/script>\n<!-- \/ Yoast SEO plugin. -->","yoast_head_json":{"title":"M1 Garand patiniert und gealtert - Denix - R\u00e9plique Manga Cin\u00e9","description":"Entdecken Sie die patinierte und gealterte M1 Garand von Denix: originalgetreue Nachbildung, funktionaler Mechanismus, Massivholz und gealtertes Zamak. Freiverk\u00e4uflich auf RMC","robots":{"index":"index","follow":"follow","max-snippet":"max-snippet:-1","max-image-preview":"max-image-preview:large","max-video-preview":"max-video-preview:-1"},"canonical":"https:\/\/repliquemangacine.fr\/de\/waffenreproduktionen-zweiter-weltkrieg-denix\/m1-garand-patina-alt-denix\/","og_locale":"de_DE","og_type":"article","og_title":"M1 Garand patin\u00e9 et vieilli - Denix - R\u00e9plique Manga Cin\u00e9","og_description":"D\u00e9couvrez le M1 Garand patin\u00e9 et vieilli Denix : reproduction fid\u00e8le, m\u00e9canisme fonctionnel, bois massif et Zamac vieilli. Vente libre sur RMC","og_url":"https:\/\/repliquemangacine.fr\/de\/waffenreproduktionen-zweiter-weltkrieg-denix\/m1-garand-patina-alt-denix\/","og_site_name":"R\u00e9plique Manga Cin\u00e9","article_publisher":"https:\/\/www.facebook.com\/RepliqueMangaCine","article_modified_time":"2025-12-06T15:45:35+00:00","og_image":[{"width":800,"height":800,"url":"https:\/\/repliquemangacine.fr\/wp-content\/uploads\/2025\/05\/M1-Garand-Vieilli.jpg","type":"image\/jpeg"}],"twitter_card":"summary_large_image","twitter_misc":{"Gesch\u00e4tzte Lesezeit":"4\u00a0Minuten"},"schema":{"@context":"https:\/\/schema.org","@graph":[{"@type":"WebPage","@id":"https:\/\/repliquemangacine.fr\/reproductions-armes-seconde-guerre-mondiale-denix\/m1-garand-patine-vieilli-denix\/","url":"https:\/\/repliquemangacine.fr\/reproductions-armes-seconde-guerre-mondiale-denix\/m1-garand-patine-vieilli-denix\/","name":"M1 Garand patiniert und gealtert - Denix - R\u00e9plique Manga Cin\u00e9","isPartOf":{"@id":"https:\/\/repliquemangacine.fr\/#website"},"primaryImageOfPage":{"@id":"https:\/\/repliquemangacine.fr\/reproductions-armes-seconde-guerre-mondiale-denix\/m1-garand-patine-vieilli-denix\/#primaryimage"},"image":{"@id":"https:\/\/repliquemangacine.fr\/reproductions-armes-seconde-guerre-mondiale-denix\/m1-garand-patine-vieilli-denix\/#primaryimage"},"thumbnailUrl":"https:\/\/repliquemangacine.fr\/wp-content\/uploads\/2025\/05\/M1-Garand-Vieilli.jpg","datePublished":"2025-05-30T16:44:54+00:00","dateModified":"2025-12-06T15:45:35+00:00","description":"Entdecken Sie die patinierte und gealterte M1 Garand von Denix: originalgetreue Nachbildung, funktionaler Mechanismus, Massivholz und gealtertes Zamak. Freiverk\u00e4uflich auf RMC","breadcrumb":{"@id":"https:\/\/repliquemangacine.fr\/reproductions-armes-seconde-guerre-mondiale-denix\/m1-garand-patine-vieilli-denix\/#breadcrumb"},"inLanguage":"de","potentialAction":[{"@type":"ReadAction","target":["https:\/\/repliquemangacine.fr\/reproductions-armes-seconde-guerre-mondiale-denix\/m1-garand-patine-vieilli-denix\/"]}]},{"@type":"ImageObject","inLanguage":"de","@id":"https:\/\/repliquemangacine.fr\/reproductions-armes-seconde-guerre-mondiale-denix\/m1-garand-patine-vieilli-denix\/#primaryimage","url":"https:\/\/repliquemangacine.fr\/wp-content\/uploads\/2025\/05\/M1-Garand-Vieilli.jpg","contentUrl":"https:\/\/repliquemangacine.fr\/wp-content\/uploads\/2025\/05\/M1-Garand-Vieilli.jpg","width":800,"height":800,"caption":"M1 Garand Vieilli Denix"},{"@type":"BreadcrumbList","@id":"https:\/\/repliquemangacine.fr\/reproductions-armes-seconde-guerre-mondiale-denix\/m1-garand-patine-vieilli-denix\/#breadcrumb","itemListElement":[{"@type":"ListItem","position":1,"name":"Accueil","item":"https:\/\/repliquemangacine.fr\/"},{"@type":"ListItem","position":2,"name":"Produits","item":"https:\/\/repliquemangacine.fr\/boutique\/"},{"@type":"ListItem","position":3,"name":"M1 Garand patin\u00e9 et vieilli &#8211; Denix"}]},{"@type":"WebSite","@id":"https:\/\/repliquemangacine.fr\/#website","url":"https:\/\/repliquemangacine.fr\/","name":"R\u00e9plique Manga Cin\u00e9","description":"","publisher":{"@id":"https:\/\/repliquemangacine.fr\/#organization"},"potentialAction":[{"@type":"SearchAction","target":{"@type":"EntryPoint","urlTemplate":"https:\/\/repliquemangacine.fr\/?s={search_term_string}"},"query-input":{"@type":"PropertyValueSpecification","valueRequired":true,"valueName":"search_term_string"}}],"inLanguage":"de"},{"@type":"Organization","@id":"https:\/\/repliquemangacine.fr\/#organization","name":"R\u00e9plique Manga Cin\u00e9","url":"https:\/\/repliquemangacine.fr\/","logo":{"@type":"ImageObject","inLanguage":"de","@id":"https:\/\/repliquemangacine.fr\/#\/schema\/logo\/image\/","url":"https:\/\/repliquemangacine.fr\/wp-content\/uploads\/2023\/10\/RMC-500250.png","contentUrl":"https:\/\/repliquemangacine.fr\/wp-content\/uploads\/2023\/10\/RMC-500250.png","width":500,"height":250,"caption":"R\u00e9plique Manga Cin\u00e9"},"image":{"@id":"https:\/\/repliquemangacine.fr\/#\/schema\/logo\/image\/"},"sameAs":["https:\/\/www.facebook.com\/RepliqueMangaCine","https:\/\/www.instagram.com\/repliquemangacine.fr\/"]}]}},"_links":{"self":[{"href":"https:\/\/repliquemangacine.fr\/de\/wp-json\/wp\/v2\/product\/84742","targetHints":{"allow":["GET"]}}],"collection":[{"href":"https:\/\/repliquemangacine.fr\/de\/wp-json\/wp\/v2\/product"}],"about":[{"href":"https:\/\/repliquemangacine.fr\/de\/wp-json\/wp\/v2\/types\/product"}],"wp:featuredmedia":[{"embeddable":true,"href":"https:\/\/repliquemangacine.fr\/de\/wp-json\/wp\/v2\/media\/84743"}],"wp:attachment":[{"href":"https:\/\/repliquemangacine.fr\/de\/wp-json\/wp\/v2\/media?parent=84742"}],"wp:term":[{"taxonomy":"product_brand","embeddable":true,"href":"https:\/\/repliquemangacine.fr\/de\/wp-json\/wp\/v2\/product_brand?post=84742"},{"taxonomy":"product_cat","embeddable":true,"href":"https:\/\/repliquemangacine.fr\/de\/wp-json\/wp\/v2\/product_cat?post=84742"},{"taxonomy":"product_tag","embeddable":true,"href":"https:\/\/repliquemangacine.fr\/de\/wp-json\/wp\/v2\/product_tag?post=84742"}],"curies":[{"name":"wp","href":"https:\/\/api.w.org\/{rel}","templated":true}]}}