





{"id":84669,"date":"2025-05-28T20:36:36","date_gmt":"2025-05-28T18:36:36","guid":{"rendered":"https:\/\/repliquemangacine.fr\/?post_type=product&#038;p=84669"},"modified":"2026-02-20T12:21:34","modified_gmt":"2026-02-20T11:21:34","slug":"automatische-pistole-m1911a1-patiniert-und-gealtert","status":"publish","type":"product","link":"https:\/\/repliquemangacine.fr\/de\/reproductions-armes-seconde-guerre-mondiale-denix\/pistolet-automatique-m1911a1-patine-et-vieilli\/","title":{"rendered":"Automatikpistole M1911A1 patiniert und gealtert"},"content":{"rendered":"<h2>Patinierte automatische Pistole M1911A1: Die amerikanische Milit\u00e4rlegende in Ihren H\u00e4nden<\/h2>\n<p>Entdecken Sie zun\u00e4chst die Nachbildung des <strong>Patinierte Automatikpistole M1911A1<\/strong>. Originalgetreue Nachbildung der ikonischen Handfeuerwaffe der US-Armee. Dieses Modell <a href=\"https:\/\/www.denix.fr\/fr\/catalogue\/guerres-mondiales-1914-1945\/pistolets\/2312\/\" target=\"_blank\" rel=\"noopener noreferrer\">Denix<\/a> kombiniert gealtertes Metall und realistische Handhabung f\u00fcr ein umfassendes Erlebnis. Seit \u00fcber 70 Jahren wird es von den US-Streitkr\u00e4ften verwendet und ist ein starkes Symbol f\u00fcr Kraft und Ausdauer. Dank seines funktionalen Mechanismus \u2013 der Schlitten gleitet zur\u00fcck, der Hahn spannt sich, der Abzug reagiert \u2013 entsteht ein authentisches Gef\u00fchl. Mit seiner patinierten Oberfl\u00e4che erinnert es sofort an die Schlachtfelder des 20. Jahrhunderts.<\/p>\n<p>Sie ist v\u00f6llig schussunf\u00e4hig, sodass sie ohne Formalit\u00e4ten frei erworben werden kann. Diese Pistole, die lange Zeit in gro\u00dfen Konflikten eingesetzt wurde, ist heute bei erfahrenen Sammlern sehr begehrt. Es handelt sich um ein historisches, elegantes und robustes St\u00fcck, das f\u00fcr sich allein schon ein St\u00fcck amerikanischer Geschichte erz\u00e4hlt. Ob zur Ausstellung oder zum Anfassen, die M1911A1 Denix ist ein Muss f\u00fcr jede Milit\u00e4rsammlung.<\/p>\n<h2>Eine mythische Waffe aus beiden Weltkriegen<\/h2>\n<p>Die M1911A1 wurde von John Browning entwickelt und 1911 offiziell von der US-Armee eingef\u00fchrt. Sie kam erstmals im Ersten Weltkrieg zum Einsatz und bew\u00e4hrte sich in den Sch\u00fctzengr\u00e4ben und im Nahkampf. Im Zweiten Weltkrieg war sie dann die Standard-Handfeuerwaffe von Offizieren, Piloten und Spezialeinheiten. Ihr Kaliber .45 ACP ist wegen seiner Durchschlagskraft im Einsatz gef\u00fcrchtet.<br \/>\nDar\u00fcber hinaus blieb die M1911A1 bis in die 1980er Jahre im Einsatz, was ihre au\u00dfergew\u00f6hnliche Langlebigkeit unterstreicht. Einfach, zuverl\u00e4ssig und handlich, gilt sie auch heute noch als Referenz in der Welt der Schusswaffen.<\/p>\n<p>Die Denix-Replik greift diese Linien mit einer antiken Oberfl\u00e4che auf, um ein realistisches und historisches Aussehen zu erzielen. Diese Pistole erinnert an heldenhafte K\u00e4mpfe, Befreiungsmissionen und den Mut der alliierten Soldaten. Sie war das zuverl\u00e4ssige Werkzeug der K\u00e4mpfer vom Pazifik bis zur Normandie. Mit dem Besitz dieser Replik ehrt man ein Jahrhundert amerikanischer Tapferkeit im Krieg.<\/p>\n<h2>Weitere au\u00dfergew\u00f6hnliche Denix-Repliken finden Sie auf R\u00e9plique Manga Cin\u00e9<\/h2>\n<p>Diese Replik der M1911A1 ist ab sofort bei R\u00e9plique Manga Cin\u00e9 erh\u00e4ltlich und passt perfekt in unsere Sammlung zum Zweiten Weltkrieg. Aber das ist nicht die einzige Replik \u2013 bereichern Sie Ihre Sammlung mit weiteren Nachbildungen.<br \/>\nZun\u00e4chst k\u00f6nnen Sie weitere ebenso ikonische St\u00fccke von Denix entdecken, wie beispielsweise das <a href=\"https:\/\/repliquemangacine.fr\/de\/waffenreproduktionen-zweiter-weltkrieg-denix\/mauser-c96-etui-schaft\/\">Mauser C96 mit seinem Pistolenhalfter<\/a> aus Holz gefertigt. Es gibt auch die ber\u00fchmte <a href=\"https:\/\/repliquemangacine.fr\/de\/waffenreproduktionen-zweiter-weltkrieg-denix\/mg34-maschinengewehr-34\/\">Maschinengewehr MG 34<\/a>die an allen Fronten eingesetzt wird. Sowie der gef\u00fcrchtete <a href=\"https:\/\/repliquemangacine.fr\/de\/denix\/maschinengewehr-mp40-sub-machin-gun\/\">Maschinengewehr MP40<\/a>ein sehr begehrter Ort. Und noch viele andere, die es zu entdecken gilt.<\/p>","protected":false},"excerpt":{"rendered":"<p>Identisch mit dem Original. Diese Reproduktion der Automatischen Pistole M1911A1 patiniert und gealtert<\/p>\n<ul>\n<li>Geh\u00e4use aus Zamak.<\/li>\n<li>Geriffelte Schaftkappen aus ABS.<\/li>\n<li>Mechanismus zur Simulation von Belastung und Beschuss.<\/li>\n<li>Abnehmbare Kanone . Abnehmbares Ladeger\u00e4t.<\/li>\n<li>Kaliber 45.<\/li>\n<li>Bewaffnet sich und schl\u00e4gt ein. V\u00f6llig unf\u00e4hig zu schie\u00dfen.<\/li>\n<li>Unterliegt keiner Genehmigungspflicht. Verkauf und Besitz frei<\/li>\n<li>Ma\u00dfe: 24 cm - Gewicht: 920 Gramm<\/li>\n<\/ul>","protected":false},"featured_media":84671,"template":"","meta":[],"product_brand":[896],"product_cat":[102,54,40,28,76],"product_tag":[],"class_list":{"0":"post-84669","1":"product","2":"type-product","3":"status-publish","4":"has-post-thumbnail","6":"product_brand-replique-manga-cine","7":"product_cat-denix","8":"product_cat-armes-accessoires-guerre-mondiale","9":"product_cat-pistolet-moderne","10":"product_cat-repliques-darmes","11":"product_cat-reproductions-armes-seconde-guerre-mondiale-denix","13":"first","14":"outofstock","15":"taxable","16":"shipping-taxable","17":"purchasable","18":"product-type-simple"},"yoast_head":"<!-- This site is optimized with the Yoast SEO plugin v27.5 - https:\/\/yoast.com\/product\/yoast-seo-wordpress\/ -->\n<title>Pistolet automatique M1911A1 patin\u00e9 et vieilli - R\u00e9plique Manga Cin\u00e9<\/title>\n<meta name=\"description\" content=\"R\u00e9plique du Pistolet automatique M1911A1 patin\u00e9 et vieilli par Denix. Embl\u00e9matique des deux guerres mondiales. Id\u00e9ale pour collectionneurs.\" \/>\n<meta name=\"robots\" content=\"index, follow, max-snippet:-1, max-image-preview:large, max-video-preview:-1\" \/>\n<link rel=\"canonical\" href=\"https:\/\/repliquemangacine.fr\/de\/waffenreproduktionen-zweiter-weltkrieg-denix\/automatische-pistole-m1911a1-patiniert-und-gealtert\/\" \/>\n<meta property=\"og:locale\" content=\"de_DE\" \/>\n<meta property=\"og:type\" content=\"article\" \/>\n<meta property=\"og:title\" content=\"Pistolet automatique M1911A1 patin\u00e9 et vieilli - R\u00e9plique Manga Cin\u00e9\" \/>\n<meta property=\"og:description\" content=\"R\u00e9plique du Pistolet automatique M1911A1 patin\u00e9 et vieilli par Denix. Embl\u00e9matique des deux guerres mondiales. Id\u00e9ale pour collectionneurs.\" \/>\n<meta property=\"og:url\" content=\"https:\/\/repliquemangacine.fr\/de\/waffenreproduktionen-zweiter-weltkrieg-denix\/automatische-pistole-m1911a1-patiniert-und-gealtert\/\" \/>\n<meta property=\"og:site_name\" content=\"R\u00e9plique Manga Cin\u00e9\" \/>\n<meta property=\"article:publisher\" content=\"https:\/\/www.facebook.com\/RepliqueMangaCine\" \/>\n<meta property=\"article:modified_time\" content=\"2026-02-20T11:21:34+00:00\" \/>\n<meta property=\"og:image\" content=\"https:\/\/repliquemangacine.fr\/wp-content\/uploads\/2025\/05\/Pistolet-automatique-M1911A1-patine.jpg\" \/>\n\t<meta property=\"og:image:width\" content=\"800\" \/>\n\t<meta property=\"og:image:height\" content=\"800\" \/>\n\t<meta property=\"og:image:type\" content=\"image\/jpeg\" \/>\n<meta name=\"twitter:card\" content=\"summary_large_image\" \/>\n<meta name=\"twitter:label1\" content=\"Gesch\u00e4tzte Lesezeit\" \/>\n\t<meta name=\"twitter:data1\" content=\"3\u00a0Minuten\" \/>\n<script type=\"application\/ld+json\" class=\"yoast-schema-graph\">{\"@context\":\"https:\\\/\\\/schema.org\",\"@graph\":[{\"@type\":\"WebPage\",\"@id\":\"https:\\\/\\\/repliquemangacine.fr\\\/reproductions-armes-seconde-guerre-mondiale-denix\\\/pistolet-automatique-m1911a1-patine-et-vieilli\\\/\",\"url\":\"https:\\\/\\\/repliquemangacine.fr\\\/reproductions-armes-seconde-guerre-mondiale-denix\\\/pistolet-automatique-m1911a1-patine-et-vieilli\\\/\",\"name\":\"Pistolet automatique M1911A1 patin\u00e9 et vieilli - R\u00e9plique Manga Cin\u00e9\",\"isPartOf\":{\"@id\":\"https:\\\/\\\/repliquemangacine.fr\\\/#website\"},\"primaryImageOfPage\":{\"@id\":\"https:\\\/\\\/repliquemangacine.fr\\\/reproductions-armes-seconde-guerre-mondiale-denix\\\/pistolet-automatique-m1911a1-patine-et-vieilli\\\/#primaryimage\"},\"image\":{\"@id\":\"https:\\\/\\\/repliquemangacine.fr\\\/reproductions-armes-seconde-guerre-mondiale-denix\\\/pistolet-automatique-m1911a1-patine-et-vieilli\\\/#primaryimage\"},\"thumbnailUrl\":\"https:\\\/\\\/repliquemangacine.fr\\\/wp-content\\\/uploads\\\/2025\\\/05\\\/Pistolet-automatique-M1911A1-patine.jpg\",\"datePublished\":\"2025-05-28T18:36:36+00:00\",\"dateModified\":\"2026-02-20T11:21:34+00:00\",\"description\":\"R\u00e9plique du Pistolet automatique M1911A1 patin\u00e9 et vieilli par Denix. Embl\u00e9matique des deux guerres mondiales. Id\u00e9ale pour collectionneurs.\",\"breadcrumb\":{\"@id\":\"https:\\\/\\\/repliquemangacine.fr\\\/reproductions-armes-seconde-guerre-mondiale-denix\\\/pistolet-automatique-m1911a1-patine-et-vieilli\\\/#breadcrumb\"},\"inLanguage\":\"de\",\"potentialAction\":[{\"@type\":\"ReadAction\",\"target\":[\"https:\\\/\\\/repliquemangacine.fr\\\/reproductions-armes-seconde-guerre-mondiale-denix\\\/pistolet-automatique-m1911a1-patine-et-vieilli\\\/\"]}]},{\"@type\":\"ImageObject\",\"inLanguage\":\"de\",\"@id\":\"https:\\\/\\\/repliquemangacine.fr\\\/reproductions-armes-seconde-guerre-mondiale-denix\\\/pistolet-automatique-m1911a1-patine-et-vieilli\\\/#primaryimage\",\"url\":\"https:\\\/\\\/repliquemangacine.fr\\\/wp-content\\\/uploads\\\/2025\\\/05\\\/Pistolet-automatique-M1911A1-patine.jpg\",\"contentUrl\":\"https:\\\/\\\/repliquemangacine.fr\\\/wp-content\\\/uploads\\\/2025\\\/05\\\/Pistolet-automatique-M1911A1-patine.jpg\",\"width\":800,\"height\":800,\"caption\":\"Pistolet automatique M1911A1 patin\u00e9\"},{\"@type\":\"BreadcrumbList\",\"@id\":\"https:\\\/\\\/repliquemangacine.fr\\\/reproductions-armes-seconde-guerre-mondiale-denix\\\/pistolet-automatique-m1911a1-patine-et-vieilli\\\/#breadcrumb\",\"itemListElement\":[{\"@type\":\"ListItem\",\"position\":1,\"name\":\"Accueil\",\"item\":\"https:\\\/\\\/repliquemangacine.fr\\\/\"},{\"@type\":\"ListItem\",\"position\":2,\"name\":\"Produits\",\"item\":\"https:\\\/\\\/repliquemangacine.fr\\\/boutique\\\/\"},{\"@type\":\"ListItem\",\"position\":3,\"name\":\"Pistolet automatique M1911A1 patin\u00e9 et vieilli\"}]},{\"@type\":\"WebSite\",\"@id\":\"https:\\\/\\\/repliquemangacine.fr\\\/#website\",\"url\":\"https:\\\/\\\/repliquemangacine.fr\\\/\",\"name\":\"R\u00e9plique Manga Cin\u00e9\",\"description\":\"\",\"publisher\":{\"@id\":\"https:\\\/\\\/repliquemangacine.fr\\\/#organization\"},\"potentialAction\":[{\"@type\":\"SearchAction\",\"target\":{\"@type\":\"EntryPoint\",\"urlTemplate\":\"https:\\\/\\\/repliquemangacine.fr\\\/?s={search_term_string}\"},\"query-input\":{\"@type\":\"PropertyValueSpecification\",\"valueRequired\":true,\"valueName\":\"search_term_string\"}}],\"inLanguage\":\"de\"},{\"@type\":\"Organization\",\"@id\":\"https:\\\/\\\/repliquemangacine.fr\\\/#organization\",\"name\":\"R\u00e9plique Manga Cin\u00e9\",\"url\":\"https:\\\/\\\/repliquemangacine.fr\\\/\",\"logo\":{\"@type\":\"ImageObject\",\"inLanguage\":\"de\",\"@id\":\"https:\\\/\\\/repliquemangacine.fr\\\/#\\\/schema\\\/logo\\\/image\\\/\",\"url\":\"https:\\\/\\\/repliquemangacine.fr\\\/wp-content\\\/uploads\\\/2023\\\/10\\\/RMC-500250.png\",\"contentUrl\":\"https:\\\/\\\/repliquemangacine.fr\\\/wp-content\\\/uploads\\\/2023\\\/10\\\/RMC-500250.png\",\"width\":500,\"height\":250,\"caption\":\"R\u00e9plique Manga Cin\u00e9\"},\"image\":{\"@id\":\"https:\\\/\\\/repliquemangacine.fr\\\/#\\\/schema\\\/logo\\\/image\\\/\"},\"sameAs\":[\"https:\\\/\\\/www.facebook.com\\\/RepliqueMangaCine\",\"https:\\\/\\\/www.instagram.com\\\/repliquemangacine.fr\\\/\"]}]}<\/script>\n<!-- \/ Yoast SEO plugin. -->","yoast_head_json":{"title":"Automatikpistole M1911A1 patiniert und gealtert - R\u00e9plique Manga Cin\u00e9","description":"Replik der Automatikpistole M1911A1, patiniert und gealtert von Denix. Emblematisch f\u00fcr die beiden Weltkriege. Ideal f\u00fcr Sammler.","robots":{"index":"index","follow":"follow","max-snippet":"max-snippet:-1","max-image-preview":"max-image-preview:large","max-video-preview":"max-video-preview:-1"},"canonical":"https:\/\/repliquemangacine.fr\/de\/waffenreproduktionen-zweiter-weltkrieg-denix\/automatische-pistole-m1911a1-patiniert-und-gealtert\/","og_locale":"de_DE","og_type":"article","og_title":"Pistolet automatique M1911A1 patin\u00e9 et vieilli - R\u00e9plique Manga Cin\u00e9","og_description":"R\u00e9plique du Pistolet automatique M1911A1 patin\u00e9 et vieilli par Denix. Embl\u00e9matique des deux guerres mondiales. Id\u00e9ale pour collectionneurs.","og_url":"https:\/\/repliquemangacine.fr\/de\/waffenreproduktionen-zweiter-weltkrieg-denix\/automatische-pistole-m1911a1-patiniert-und-gealtert\/","og_site_name":"R\u00e9plique Manga Cin\u00e9","article_publisher":"https:\/\/www.facebook.com\/RepliqueMangaCine","article_modified_time":"2026-02-20T11:21:34+00:00","og_image":[{"width":800,"height":800,"url":"https:\/\/repliquemangacine.fr\/wp-content\/uploads\/2025\/05\/Pistolet-automatique-M1911A1-patine.jpg","type":"image\/jpeg"}],"twitter_card":"summary_large_image","twitter_misc":{"Gesch\u00e4tzte Lesezeit":"3\u00a0Minuten"},"schema":{"@context":"https:\/\/schema.org","@graph":[{"@type":"WebPage","@id":"https:\/\/repliquemangacine.fr\/reproductions-armes-seconde-guerre-mondiale-denix\/pistolet-automatique-m1911a1-patine-et-vieilli\/","url":"https:\/\/repliquemangacine.fr\/reproductions-armes-seconde-guerre-mondiale-denix\/pistolet-automatique-m1911a1-patine-et-vieilli\/","name":"Automatikpistole M1911A1 patiniert und gealtert - R\u00e9plique Manga Cin\u00e9","isPartOf":{"@id":"https:\/\/repliquemangacine.fr\/#website"},"primaryImageOfPage":{"@id":"https:\/\/repliquemangacine.fr\/reproductions-armes-seconde-guerre-mondiale-denix\/pistolet-automatique-m1911a1-patine-et-vieilli\/#primaryimage"},"image":{"@id":"https:\/\/repliquemangacine.fr\/reproductions-armes-seconde-guerre-mondiale-denix\/pistolet-automatique-m1911a1-patine-et-vieilli\/#primaryimage"},"thumbnailUrl":"https:\/\/repliquemangacine.fr\/wp-content\/uploads\/2025\/05\/Pistolet-automatique-M1911A1-patine.jpg","datePublished":"2025-05-28T18:36:36+00:00","dateModified":"2026-02-20T11:21:34+00:00","description":"Replik der Automatikpistole M1911A1, patiniert und gealtert von Denix. Emblematisch f\u00fcr die beiden Weltkriege. Ideal f\u00fcr Sammler.","breadcrumb":{"@id":"https:\/\/repliquemangacine.fr\/reproductions-armes-seconde-guerre-mondiale-denix\/pistolet-automatique-m1911a1-patine-et-vieilli\/#breadcrumb"},"inLanguage":"de","potentialAction":[{"@type":"ReadAction","target":["https:\/\/repliquemangacine.fr\/reproductions-armes-seconde-guerre-mondiale-denix\/pistolet-automatique-m1911a1-patine-et-vieilli\/"]}]},{"@type":"ImageObject","inLanguage":"de","@id":"https:\/\/repliquemangacine.fr\/reproductions-armes-seconde-guerre-mondiale-denix\/pistolet-automatique-m1911a1-patine-et-vieilli\/#primaryimage","url":"https:\/\/repliquemangacine.fr\/wp-content\/uploads\/2025\/05\/Pistolet-automatique-M1911A1-patine.jpg","contentUrl":"https:\/\/repliquemangacine.fr\/wp-content\/uploads\/2025\/05\/Pistolet-automatique-M1911A1-patine.jpg","width":800,"height":800,"caption":"Pistolet automatique M1911A1 patin\u00e9"},{"@type":"BreadcrumbList","@id":"https:\/\/repliquemangacine.fr\/reproductions-armes-seconde-guerre-mondiale-denix\/pistolet-automatique-m1911a1-patine-et-vieilli\/#breadcrumb","itemListElement":[{"@type":"ListItem","position":1,"name":"Accueil","item":"https:\/\/repliquemangacine.fr\/"},{"@type":"ListItem","position":2,"name":"Produits","item":"https:\/\/repliquemangacine.fr\/boutique\/"},{"@type":"ListItem","position":3,"name":"Pistolet automatique M1911A1 patin\u00e9 et vieilli"}]},{"@type":"WebSite","@id":"https:\/\/repliquemangacine.fr\/#website","url":"https:\/\/repliquemangacine.fr\/","name":"R\u00e9plique Manga Cin\u00e9","description":"","publisher":{"@id":"https:\/\/repliquemangacine.fr\/#organization"},"potentialAction":[{"@type":"SearchAction","target":{"@type":"EntryPoint","urlTemplate":"https:\/\/repliquemangacine.fr\/?s={search_term_string}"},"query-input":{"@type":"PropertyValueSpecification","valueRequired":true,"valueName":"search_term_string"}}],"inLanguage":"de"},{"@type":"Organization","@id":"https:\/\/repliquemangacine.fr\/#organization","name":"R\u00e9plique Manga Cin\u00e9","url":"https:\/\/repliquemangacine.fr\/","logo":{"@type":"ImageObject","inLanguage":"de","@id":"https:\/\/repliquemangacine.fr\/#\/schema\/logo\/image\/","url":"https:\/\/repliquemangacine.fr\/wp-content\/uploads\/2023\/10\/RMC-500250.png","contentUrl":"https:\/\/repliquemangacine.fr\/wp-content\/uploads\/2023\/10\/RMC-500250.png","width":500,"height":250,"caption":"R\u00e9plique Manga Cin\u00e9"},"image":{"@id":"https:\/\/repliquemangacine.fr\/#\/schema\/logo\/image\/"},"sameAs":["https:\/\/www.facebook.com\/RepliqueMangaCine","https:\/\/www.instagram.com\/repliquemangacine.fr\/"]}]}},"_links":{"self":[{"href":"https:\/\/repliquemangacine.fr\/de\/wp-json\/wp\/v2\/product\/84669","targetHints":{"allow":["GET"]}}],"collection":[{"href":"https:\/\/repliquemangacine.fr\/de\/wp-json\/wp\/v2\/product"}],"about":[{"href":"https:\/\/repliquemangacine.fr\/de\/wp-json\/wp\/v2\/types\/product"}],"wp:featuredmedia":[{"embeddable":true,"href":"https:\/\/repliquemangacine.fr\/de\/wp-json\/wp\/v2\/media\/84671"}],"wp:attachment":[{"href":"https:\/\/repliquemangacine.fr\/de\/wp-json\/wp\/v2\/media?parent=84669"}],"wp:term":[{"taxonomy":"product_brand","embeddable":true,"href":"https:\/\/repliquemangacine.fr\/de\/wp-json\/wp\/v2\/product_brand?post=84669"},{"taxonomy":"product_cat","embeddable":true,"href":"https:\/\/repliquemangacine.fr\/de\/wp-json\/wp\/v2\/product_cat?post=84669"},{"taxonomy":"product_tag","embeddable":true,"href":"https:\/\/repliquemangacine.fr\/de\/wp-json\/wp\/v2\/product_tag?post=84669"}],"curies":[{"name":"wp","href":"https:\/\/api.w.org\/{rel}","templated":true}]}}