





{"id":84659,"date":"2025-05-28T18:48:08","date_gmt":"2025-05-28T16:48:08","guid":{"rendered":"https:\/\/repliquemangacine.fr\/?post_type=product&#038;p=84659"},"modified":"2026-01-13T04:20:46","modified_gmt":"2026-01-13T03:20:46","slug":"maschinengewehr-thompson-m1928a1-denix","status":"publish","type":"product","link":"https:\/\/repliquemangacine.fr\/de\/repliques-darmes\/mitraillette-thompson-m1928a1-denix\/","title":{"rendered":"Maschinenpistole Thompson M1928A1 - Patina Antik-Look"},"content":{"rendered":"<h2>Thompson-Maschinenpistole M1928A1: Ein realistisches Kultst\u00fcck<\/h2>\n<p>Entdecken Sie zun\u00e4chst die legend\u00e4re Thompson-Maschinenpistole M1928A1 in ihrer patinierten Version durch <a href=\"https:\/\/www.denix.fr\/fr\/catalogue\/guerres-mondiales-1914-1945\/mitraillettes-et-mitrailleuses\/2093\/\" target=\"_blank\" rel=\"noopener noreferrer\">Denix<\/a>. Diese Nachbildung ist eine originalgetreue Hommage. Mit ihrem massiven Holzschaft und den antikisierten Metallteilen verspr\u00fcht sie einen authentischen Retro-Charme. Dank ihres Simulationsmechanismus l\u00e4sst sie sich laden, spannen und abfeuern und sorgt so f\u00fcr einen verbl\u00fcffend realistischen Effekt. Das Magazin ist abnehmbar, was den Eindruck verst\u00e4rkt, eine echte Waffe in den H\u00e4nden zu halten. Keine Gefahr: Diese Nachbildung ist absolut schussunf\u00e4hig und somit f\u00fcr jede Sammlung v\u00f6llig legal. Mit einem Gewicht von 3745 Gramm und einer L\u00e4nge von 86 cm liegt sie gut in der Hand.<\/p>\n<p>Keine Genehmigung erforderlich: Diese Attrappe ist f\u00fcr alle Liebhaber frei verk\u00e4uflich. Dieses au\u00dfergew\u00f6hnliche St\u00fcck wird Liebhaber von Geschichte, Kino oder milit\u00e4rischen Nachstellungen begeistern. Denix bietet hier ein hochwertiges Modell, das Vintage-\u00c4sthetik und absolute Sicherheit vereint. Zusammenfassend l\u00e4sst sich sagen, dass es sich um eine ikonische Maschinenpistole handelt, die die Zeiten \u00fcberdauert, ohne zu altern.<\/p>\n<h2>Eine legend\u00e4re Waffe im Zentrum der gro\u00dfen Konflikte des 20. Jahrhunderts<\/h2>\n<p>Die Maschinenpistole Thompson M1928A1 ist eine Ikone des Zweiten Weltkriegs, die seit 1941 von den amerikanischen Truppen eingesetzt wurde. Sie wurde \u201cTommy Gun\u201d genannt und war zun\u00e4chst bei den Gangstern der 1930er Jahre in den Vereinigten Staaten beliebt. Ihr robustes Design, ihre hohe Feuerrate und ihr Trommelmagazin machten sie von Anfang an ber\u00fchmt. Die Alliierten \u00fcbernahmen sie aufgrund ihrer Zuverl\u00e4ssigkeit im Nahkampf. Sie begleitete die amerikanischen Soldaten an allen Fronten: in Afrika, Europa und im Pazifik. Man findet sie daher in den H\u00e4nden von Kommandos, Offizieren und Spezialeinheiten. Ihr charakteristisches Ger\u00e4usch und ihre imposante Silhouette machten sie zu einer gef\u00fcrchteten und respektierten Waffe.<\/p>\n<p>Heute symbolisiert sie das Engagement der Alliierten im Kampf gegen totalit\u00e4re Regime. Die Thompson zu repr\u00e4sentieren bedeutet, der Milit\u00e4rgeschichte des 20. Jahrhunderts Tribut zu zollen. Ein St\u00fcck, das die Erinnerung an ganze Generationen von K\u00e4mpfern in sich tr\u00e4gt.<\/p>\n<h2>Ein Muss auf R\u00e9plique Manag Cin\u00e9 neben den sch\u00f6nsten Denix-Repliken<\/h2>\n<p>Die Thompson-Maschinenpistole M1928A1 ist ab sofort auf R\u00e9plique Manga Cin\u00e9 in unserer Sammlung historischer Waffen mit Patina erh\u00e4ltlich. Sie geh\u00f6rt zu einer exklusiven Auswahl an Repliken von Denix, die f\u00fcr ihren Realismus und ihre au\u00dfergew\u00f6hnliche Verarbeitungsqualit\u00e4t bekannt sind. In der Kategorie Zweiter Weltkrieg finden Sie das legend\u00e4re Garand-Gewehr, die ber\u00fchmte <a href=\"https:\/\/repliquemangacine.fr\/de\/waffenreproduktionen-zweiter-weltkrieg-denix\/mauser-gewehr-k98-gealtert\/\">Mauser-Karabiner K98<\/a>,<br \/>\nsowie der legend\u00e4re <a href=\"https:\/\/repliquemangacine.fr\/de\/waffenreproduktionen-zweiter-weltkrieg-denix\/luger-pistole-p08-gealtert\/\">Luger-Pistole<\/a>, Alle Modelle sind mit einem wundersch\u00f6nen Vintage-Look erh\u00e4ltlich. Diese ikonischen St\u00fccke lassen die Geschichte durch originalgetreue und vollst\u00e4ndig legale Reproduktionen wieder aufleben.<\/p>\n<p>Unsere Western-Kollektion umfasst auch <a href=\"https:\/\/repliquemangacine.fr\/de\/westernwaffen\/\">Colts von Cowboys<\/a> die ber\u00fchmtesten, vom Wilden Westen bis Hollywood. Zum Schluss und nicht zu vergessen die <a href=\"https:\/\/repliquemangacine.fr\/de\/altes-gewehr\/\">antike Gewehre<\/a>Das majest\u00e4tische Napoleon-Gewehr ist ideal f\u00fcr Liebhaber von historischen Waffen. Jedes Produkt wird aufgrund seiner Authentizit\u00e4t, seiner \u00c4sthetik und seiner F\u00e4higkeit, Ihre Sammlung mit Leidenschaft zu bereichern, ausgew\u00e4hlt.<\/p>","protected":false},"excerpt":{"rendered":"<p>Wundersch\u00f6ne Reproduktion der Thompson M1A1 Maschinenpistole - Kollektion patiniert und gealtert.<\/p>\n<ul>\n<li>Schaft aus Massivholz.<\/li>\n<li>Metallteile aus patiniertem und gealtertem Zamak.<\/li>\n<li>Mechanismus zur Simulation von Belastung und Beschuss.<\/li>\n<li>Abnehmbares Ladeger\u00e4t.<\/li>\n<li>Bewaffnet sich und schl\u00e4gt ein, ist aber v\u00f6llig unf\u00e4hig zu schie\u00dfen.<\/li>\n<li>L\u00e4nge: 86 cm - Gewicht: 3745 grs<\/li>\n<li>Unterliegt keiner Genehmigungspflicht. Verkauf und Besitz frei<\/li>\n<\/ul>","protected":false},"featured_media":84661,"template":"","meta":[],"product_brand":[896],"product_cat":[46,54,28,76],"product_tag":[],"class_list":{"0":"post-84659","1":"product","2":"type-product","3":"status-publish","4":"has-post-thumbnail","6":"product_brand-replique-manga-cine","7":"product_cat-fusil-d-assaut-fusil-moderne","8":"product_cat-armes-accessoires-guerre-mondiale","9":"product_cat-repliques-darmes","10":"product_cat-reproductions-armes-seconde-guerre-mondiale-denix","12":"first","13":"instock","14":"taxable","15":"shipping-taxable","16":"purchasable","17":"product-type-simple"},"yoast_head":"<!-- This site is optimized with the Yoast SEO plugin v27.5 - https:\/\/yoast.com\/product\/yoast-seo-wordpress\/ -->\n<title>Mitraillette Thompson M1928A1 - Patin\u00e9 aspect Vieilli - R\u00e9plique Manga Cin\u00e9<\/title>\n<meta name=\"description\" content=\"R\u00e9plique patin\u00e9e de la mitraillette Thompson M1928A1 par Denix, fid\u00e8le \u00e0 l&#039;originale. Id\u00e9ale pour collectionneurs et passionn\u00e9s d\u2019histoire militaire.\" \/>\n<meta name=\"robots\" content=\"index, follow, max-snippet:-1, max-image-preview:large, max-video-preview:-1\" \/>\n<link rel=\"canonical\" href=\"https:\/\/repliquemangacine.fr\/de\/replica-darmes\/maschinengewehr-thompson-m1928a1-denix\/\" \/>\n<meta property=\"og:locale\" content=\"de_DE\" \/>\n<meta property=\"og:type\" content=\"article\" \/>\n<meta property=\"og:title\" content=\"Mitraillette Thompson M1928A1 - Patin\u00e9 aspect Vieilli - R\u00e9plique Manga Cin\u00e9\" \/>\n<meta property=\"og:description\" content=\"R\u00e9plique patin\u00e9e de la mitraillette Thompson M1928A1 par Denix, fid\u00e8le \u00e0 l&#039;originale. Id\u00e9ale pour collectionneurs et passionn\u00e9s d\u2019histoire militaire.\" \/>\n<meta property=\"og:url\" content=\"https:\/\/repliquemangacine.fr\/de\/replica-darmes\/maschinengewehr-thompson-m1928a1-denix\/\" \/>\n<meta property=\"og:site_name\" content=\"R\u00e9plique Manga Cin\u00e9\" \/>\n<meta property=\"article:publisher\" content=\"https:\/\/www.facebook.com\/RepliqueMangaCine\" \/>\n<meta property=\"article:modified_time\" content=\"2026-01-13T03:20:46+00:00\" \/>\n<meta property=\"og:image\" content=\"https:\/\/repliquemangacine.fr\/wp-content\/uploads\/2025\/05\/Mitraillette-Thompson-M1928A1.jpg\" \/>\n\t<meta property=\"og:image:width\" content=\"800\" \/>\n\t<meta property=\"og:image:height\" content=\"800\" \/>\n\t<meta property=\"og:image:type\" content=\"image\/jpeg\" \/>\n<meta name=\"twitter:card\" content=\"summary_large_image\" \/>\n<meta name=\"twitter:label1\" content=\"Gesch\u00e4tzte Lesezeit\" \/>\n\t<meta name=\"twitter:data1\" content=\"3\u00a0Minuten\" \/>\n<script type=\"application\/ld+json\" class=\"yoast-schema-graph\">{\"@context\":\"https:\\\/\\\/schema.org\",\"@graph\":[{\"@type\":\"WebPage\",\"@id\":\"https:\\\/\\\/repliquemangacine.fr\\\/repliques-darmes\\\/mitraillette-thompson-m1928a1-denix\\\/\",\"url\":\"https:\\\/\\\/repliquemangacine.fr\\\/repliques-darmes\\\/mitraillette-thompson-m1928a1-denix\\\/\",\"name\":\"Mitraillette Thompson M1928A1 - Patin\u00e9 aspect Vieilli - R\u00e9plique Manga Cin\u00e9\",\"isPartOf\":{\"@id\":\"https:\\\/\\\/repliquemangacine.fr\\\/#website\"},\"primaryImageOfPage\":{\"@id\":\"https:\\\/\\\/repliquemangacine.fr\\\/repliques-darmes\\\/mitraillette-thompson-m1928a1-denix\\\/#primaryimage\"},\"image\":{\"@id\":\"https:\\\/\\\/repliquemangacine.fr\\\/repliques-darmes\\\/mitraillette-thompson-m1928a1-denix\\\/#primaryimage\"},\"thumbnailUrl\":\"https:\\\/\\\/repliquemangacine.fr\\\/wp-content\\\/uploads\\\/2025\\\/05\\\/Mitraillette-Thompson-M1928A1.jpg\",\"datePublished\":\"2025-05-28T16:48:08+00:00\",\"dateModified\":\"2026-01-13T03:20:46+00:00\",\"description\":\"R\u00e9plique patin\u00e9e de la mitraillette Thompson M1928A1 par Denix, fid\u00e8le \u00e0 l'originale. Id\u00e9ale pour collectionneurs et passionn\u00e9s d\u2019histoire militaire.\",\"breadcrumb\":{\"@id\":\"https:\\\/\\\/repliquemangacine.fr\\\/repliques-darmes\\\/mitraillette-thompson-m1928a1-denix\\\/#breadcrumb\"},\"inLanguage\":\"de\",\"potentialAction\":[{\"@type\":\"ReadAction\",\"target\":[\"https:\\\/\\\/repliquemangacine.fr\\\/repliques-darmes\\\/mitraillette-thompson-m1928a1-denix\\\/\"]}]},{\"@type\":\"ImageObject\",\"inLanguage\":\"de\",\"@id\":\"https:\\\/\\\/repliquemangacine.fr\\\/repliques-darmes\\\/mitraillette-thompson-m1928a1-denix\\\/#primaryimage\",\"url\":\"https:\\\/\\\/repliquemangacine.fr\\\/wp-content\\\/uploads\\\/2025\\\/05\\\/Mitraillette-Thompson-M1928A1.jpg\",\"contentUrl\":\"https:\\\/\\\/repliquemangacine.fr\\\/wp-content\\\/uploads\\\/2025\\\/05\\\/Mitraillette-Thompson-M1928A1.jpg\",\"width\":800,\"height\":800,\"caption\":\"Mitraillette Thompson M1928A1\"},{\"@type\":\"BreadcrumbList\",\"@id\":\"https:\\\/\\\/repliquemangacine.fr\\\/repliques-darmes\\\/mitraillette-thompson-m1928a1-denix\\\/#breadcrumb\",\"itemListElement\":[{\"@type\":\"ListItem\",\"position\":1,\"name\":\"Accueil\",\"item\":\"https:\\\/\\\/repliquemangacine.fr\\\/\"},{\"@type\":\"ListItem\",\"position\":2,\"name\":\"Produits\",\"item\":\"https:\\\/\\\/repliquemangacine.fr\\\/boutique\\\/\"},{\"@type\":\"ListItem\",\"position\":3,\"name\":\"Mitraillette Thompson M1928A1 &#8211; Patin\u00e9 aspect Vieilli\"}]},{\"@type\":\"WebSite\",\"@id\":\"https:\\\/\\\/repliquemangacine.fr\\\/#website\",\"url\":\"https:\\\/\\\/repliquemangacine.fr\\\/\",\"name\":\"R\u00e9plique Manga Cin\u00e9\",\"description\":\"\",\"publisher\":{\"@id\":\"https:\\\/\\\/repliquemangacine.fr\\\/#organization\"},\"potentialAction\":[{\"@type\":\"SearchAction\",\"target\":{\"@type\":\"EntryPoint\",\"urlTemplate\":\"https:\\\/\\\/repliquemangacine.fr\\\/?s={search_term_string}\"},\"query-input\":{\"@type\":\"PropertyValueSpecification\",\"valueRequired\":true,\"valueName\":\"search_term_string\"}}],\"inLanguage\":\"de\"},{\"@type\":\"Organization\",\"@id\":\"https:\\\/\\\/repliquemangacine.fr\\\/#organization\",\"name\":\"R\u00e9plique Manga Cin\u00e9\",\"url\":\"https:\\\/\\\/repliquemangacine.fr\\\/\",\"logo\":{\"@type\":\"ImageObject\",\"inLanguage\":\"de\",\"@id\":\"https:\\\/\\\/repliquemangacine.fr\\\/#\\\/schema\\\/logo\\\/image\\\/\",\"url\":\"https:\\\/\\\/repliquemangacine.fr\\\/wp-content\\\/uploads\\\/2023\\\/10\\\/RMC-500250.png\",\"contentUrl\":\"https:\\\/\\\/repliquemangacine.fr\\\/wp-content\\\/uploads\\\/2023\\\/10\\\/RMC-500250.png\",\"width\":500,\"height\":250,\"caption\":\"R\u00e9plique Manga Cin\u00e9\"},\"image\":{\"@id\":\"https:\\\/\\\/repliquemangacine.fr\\\/#\\\/schema\\\/logo\\\/image\\\/\"},\"sameAs\":[\"https:\\\/\\\/www.facebook.com\\\/RepliqueMangaCine\",\"https:\\\/\\\/www.instagram.com\\\/repliquemangacine.fr\\\/\"]}]}<\/script>\n<!-- \/ Yoast SEO plugin. -->","yoast_head_json":{"title":"Maschinenpistole Thompson M1928A1 - Antik Antik-Look - R\u00e9plique Manga Cin\u00e9","description":"Patinierte Replik des Thompson M1928A1 Maschinengewehrs von Denix, originalgetreu. Ideal f\u00fcr Sammler und Liebhaber der Milit\u00e4rgeschichte.","robots":{"index":"index","follow":"follow","max-snippet":"max-snippet:-1","max-image-preview":"max-image-preview:large","max-video-preview":"max-video-preview:-1"},"canonical":"https:\/\/repliquemangacine.fr\/de\/replica-darmes\/maschinengewehr-thompson-m1928a1-denix\/","og_locale":"de_DE","og_type":"article","og_title":"Mitraillette Thompson M1928A1 - Patin\u00e9 aspect Vieilli - R\u00e9plique Manga Cin\u00e9","og_description":"R\u00e9plique patin\u00e9e de la mitraillette Thompson M1928A1 par Denix, fid\u00e8le \u00e0 l'originale. Id\u00e9ale pour collectionneurs et passionn\u00e9s d\u2019histoire militaire.","og_url":"https:\/\/repliquemangacine.fr\/de\/replica-darmes\/maschinengewehr-thompson-m1928a1-denix\/","og_site_name":"R\u00e9plique Manga Cin\u00e9","article_publisher":"https:\/\/www.facebook.com\/RepliqueMangaCine","article_modified_time":"2026-01-13T03:20:46+00:00","og_image":[{"width":800,"height":800,"url":"https:\/\/repliquemangacine.fr\/wp-content\/uploads\/2025\/05\/Mitraillette-Thompson-M1928A1.jpg","type":"image\/jpeg"}],"twitter_card":"summary_large_image","twitter_misc":{"Gesch\u00e4tzte Lesezeit":"3\u00a0Minuten"},"schema":{"@context":"https:\/\/schema.org","@graph":[{"@type":"WebPage","@id":"https:\/\/repliquemangacine.fr\/repliques-darmes\/mitraillette-thompson-m1928a1-denix\/","url":"https:\/\/repliquemangacine.fr\/repliques-darmes\/mitraillette-thompson-m1928a1-denix\/","name":"Maschinenpistole Thompson M1928A1 - Antik Antik-Look - R\u00e9plique Manga Cin\u00e9","isPartOf":{"@id":"https:\/\/repliquemangacine.fr\/#website"},"primaryImageOfPage":{"@id":"https:\/\/repliquemangacine.fr\/repliques-darmes\/mitraillette-thompson-m1928a1-denix\/#primaryimage"},"image":{"@id":"https:\/\/repliquemangacine.fr\/repliques-darmes\/mitraillette-thompson-m1928a1-denix\/#primaryimage"},"thumbnailUrl":"https:\/\/repliquemangacine.fr\/wp-content\/uploads\/2025\/05\/Mitraillette-Thompson-M1928A1.jpg","datePublished":"2025-05-28T16:48:08+00:00","dateModified":"2026-01-13T03:20:46+00:00","description":"Patinierte Replik des Thompson M1928A1 Maschinengewehrs von Denix, originalgetreu. Ideal f\u00fcr Sammler und Liebhaber der Milit\u00e4rgeschichte.","breadcrumb":{"@id":"https:\/\/repliquemangacine.fr\/repliques-darmes\/mitraillette-thompson-m1928a1-denix\/#breadcrumb"},"inLanguage":"de","potentialAction":[{"@type":"ReadAction","target":["https:\/\/repliquemangacine.fr\/repliques-darmes\/mitraillette-thompson-m1928a1-denix\/"]}]},{"@type":"ImageObject","inLanguage":"de","@id":"https:\/\/repliquemangacine.fr\/repliques-darmes\/mitraillette-thompson-m1928a1-denix\/#primaryimage","url":"https:\/\/repliquemangacine.fr\/wp-content\/uploads\/2025\/05\/Mitraillette-Thompson-M1928A1.jpg","contentUrl":"https:\/\/repliquemangacine.fr\/wp-content\/uploads\/2025\/05\/Mitraillette-Thompson-M1928A1.jpg","width":800,"height":800,"caption":"Mitraillette Thompson M1928A1"},{"@type":"BreadcrumbList","@id":"https:\/\/repliquemangacine.fr\/repliques-darmes\/mitraillette-thompson-m1928a1-denix\/#breadcrumb","itemListElement":[{"@type":"ListItem","position":1,"name":"Accueil","item":"https:\/\/repliquemangacine.fr\/"},{"@type":"ListItem","position":2,"name":"Produits","item":"https:\/\/repliquemangacine.fr\/boutique\/"},{"@type":"ListItem","position":3,"name":"Mitraillette Thompson M1928A1 &#8211; Patin\u00e9 aspect Vieilli"}]},{"@type":"WebSite","@id":"https:\/\/repliquemangacine.fr\/#website","url":"https:\/\/repliquemangacine.fr\/","name":"R\u00e9plique Manga Cin\u00e9","description":"","publisher":{"@id":"https:\/\/repliquemangacine.fr\/#organization"},"potentialAction":[{"@type":"SearchAction","target":{"@type":"EntryPoint","urlTemplate":"https:\/\/repliquemangacine.fr\/?s={search_term_string}"},"query-input":{"@type":"PropertyValueSpecification","valueRequired":true,"valueName":"search_term_string"}}],"inLanguage":"de"},{"@type":"Organization","@id":"https:\/\/repliquemangacine.fr\/#organization","name":"R\u00e9plique Manga Cin\u00e9","url":"https:\/\/repliquemangacine.fr\/","logo":{"@type":"ImageObject","inLanguage":"de","@id":"https:\/\/repliquemangacine.fr\/#\/schema\/logo\/image\/","url":"https:\/\/repliquemangacine.fr\/wp-content\/uploads\/2023\/10\/RMC-500250.png","contentUrl":"https:\/\/repliquemangacine.fr\/wp-content\/uploads\/2023\/10\/RMC-500250.png","width":500,"height":250,"caption":"R\u00e9plique Manga Cin\u00e9"},"image":{"@id":"https:\/\/repliquemangacine.fr\/#\/schema\/logo\/image\/"},"sameAs":["https:\/\/www.facebook.com\/RepliqueMangaCine","https:\/\/www.instagram.com\/repliquemangacine.fr\/"]}]}},"_links":{"self":[{"href":"https:\/\/repliquemangacine.fr\/de\/wp-json\/wp\/v2\/product\/84659","targetHints":{"allow":["GET"]}}],"collection":[{"href":"https:\/\/repliquemangacine.fr\/de\/wp-json\/wp\/v2\/product"}],"about":[{"href":"https:\/\/repliquemangacine.fr\/de\/wp-json\/wp\/v2\/types\/product"}],"wp:featuredmedia":[{"embeddable":true,"href":"https:\/\/repliquemangacine.fr\/de\/wp-json\/wp\/v2\/media\/84661"}],"wp:attachment":[{"href":"https:\/\/repliquemangacine.fr\/de\/wp-json\/wp\/v2\/media?parent=84659"}],"wp:term":[{"taxonomy":"product_brand","embeddable":true,"href":"https:\/\/repliquemangacine.fr\/de\/wp-json\/wp\/v2\/product_brand?post=84659"},{"taxonomy":"product_cat","embeddable":true,"href":"https:\/\/repliquemangacine.fr\/de\/wp-json\/wp\/v2\/product_cat?post=84659"},{"taxonomy":"product_tag","embeddable":true,"href":"https:\/\/repliquemangacine.fr\/de\/wp-json\/wp\/v2\/product_tag?post=84659"}],"curies":[{"name":"wp","href":"https:\/\/api.w.org\/{rel}","templated":true}]}}