





{"id":84596,"date":"2025-05-25T17:11:53","date_gmt":"2025-05-25T15:11:53","guid":{"rendered":"https:\/\/repliquemangacine.fr\/?post_type=product&#038;p=84596"},"modified":"2026-02-24T10:29:27","modified_gmt":"2026-02-24T09:29:27","slug":"dartorias-schwert","status":"publish","type":"product","link":"https:\/\/repliquemangacine.fr\/de\/katana-et-epee-de-jeux-video-autre-jeux-video\/epee-dartorias\/","title":{"rendered":"Artorias Schwert - Dark Souls | Legend\u00e4re Klinge"},"content":{"rendered":"<h2>Das Schwert des Artorias: Ein Symbol f\u00fcr Mut in der Tiefe<\/h2>\n<p>Zun\u00e4chst einmal ist die<strong>Schwert von Artorias<\/strong> ist viel mehr als eine Waffe. Sie verk\u00f6rpert den Kampf eines Mannes gegen die Finsternis. In <a href=\"https:\/\/dark-souls.fandom.com\/fr\/wiki\/Wiki_Dark_Souls\" target=\"_blank\" rel=\"noopener noreferrer\">Dark Souls<\/a>, Dieser legend\u00e4re Ritter stellt sich allein und ohne Hoffnung auf R\u00fcckkehr der Abyss. Mit diesem Schwert bek\u00e4mpft er die verdorbenen Kreaturen bis zum letzten Atemzug. Der Kampf bricht ihn jedoch k\u00f6rperlich und seelisch. Selbst geschw\u00e4cht k\u00e4mpft er weiter, getreu seiner Mission. So wird seine Klinge zum Spiegelbild seiner Seele: edel, gequ\u00e4lt, unzerst\u00f6rbar.<\/p>\n<p>Sein Design erinnert an mittelalterliche Waffen, mit einem kunstvoll gearbeiteten Griff und einer spitzen Klinge. Die Runengravuren verleihen ihm einen mystischen Touch. Daher begeistert es sowohl Sammler als auch Videospielbegeisterte. Jedes Detail erinnert an die Noblesse des Opfers. Durch dieses Schwert sp\u00fcrt der Spieler die Last eines Erbes. Dieses Schwert zu besitzen bedeutet, die Erinnerung an einen Helden zu tragen, der gefallen ist, um eine Welt in Tr\u00fcmmern zu retten.<\/p>\n<h2>Artorias der Abyss March: Der Ritter mit dem tragischen Schicksal<\/h2>\n<p>Artorias ist eine der markantesten Figuren in Dark Souls. Als Eliteheld geh\u00f6rt er zu den Vier Rittern von Gwyn. Er wird wegen seiner Macht gef\u00fcrchtet, aber auch wegen seines Herzens respektiert. Seine Mission: den Abgrund einzud\u00e4mmen, der aus dem Wahnsinn der Menschen entstanden ist. Er nimmt diese Aufgabe ohne zu z\u00f6gern an, selbst wenn er dabei sein Leben lassen muss. Sein gebrochener Arm und sein zerfressener Geist zeugen von diesem verzweifelten Kampf. Trotzdem k\u00e4mpft er weiter, allein, ohne Verst\u00e4rkung. Dieses Opfer macht ihn f\u00fcr die Spieler unvergesslich.<\/p>\n<p>An seiner Seite bewacht sein treuer Wolf Sif sein Grab und schwingt dasselbe Schwert. Diese Verbindung verst\u00e4rkt die Emotionen, die mit dieser Figur verbunden sind, noch weiter. Dank ihm bietet Dark Souls eine d\u00fcstere und heroische Geschichte. Sein Untergang ist keine Schw\u00e4che, sondern ein Symbol f\u00fcr Tapferkeit. Daher erinnert jede Nachbildung seines Schwertes an diesen erbitterten Kampf gegen die Dunkelheit.<\/p>\n<h2>Ein Kult-Sammlerst\u00fcck von R\u00e9plique Manga Cin\u00e9<\/h2>\n<p>Das Schwert von Artorias geh\u00f6rt zu den sch\u00f6nsten Waffen unserer Kollektion bei R\u00e9plique Manga Cin\u00e9. Mit seiner sorgf\u00e4ltigen Verarbeitung und seiner imposanten Klinge verk\u00f6rpert es die Legende in ihrer reinsten Form.<br \/>\nAber das ist noch nicht alles. Entdecken Sie an seiner Seite auch die <a href=\"https:\/\/repliquemangacine.fr\/de\/katana-und-schwert-von-videospielen-andere-videospiele\/fusionsschwert-cloud-multiblade-buster-sword-final-fantasy-vii\/\">Fusion Sword von Cloud Strife<\/a> (Final Fantasy VII), die <a href=\"https:\/\/repliquemangacine.fr\/de\/katana-und-schwert-von-videospielen-andere-videospiele\/holy-moonlight-vor-der-transformation-bloodborne\/\">Holy Moonlight<\/a> vor der Verwandlung (Bloodborne) oder die Dragon Slayer, die<a href=\"https:\/\/repliquemangacine.fr\/de\/berserk\/gutsschwert-dragon-slayer-berserk\/\">Riesenschwert von Guts in Berserk<\/a>in Originalgr\u00f6\u00dfe. Diese Repliken sind nicht einfach nur Objekte. Sie sind Fragmente von Welten, Zeugnisse m\u00e4chtiger Erz\u00e4hlungen. Wer das Schwert des Artorias ausstellt, ehrt damit einen dunklen und unvergesslichen Helden. Jedes von unserem Shop gelieferte St\u00fcck wird aufgrund seiner Qualit\u00e4t und Treue ausgew\u00e4hlt. Ob als Geschenk oder zur Erweiterung einer Sammlung, diese ikonischen Klingen sind garantiert ein Volltreffer. Lassen Sie Ihre Leidenschaft mit einer au\u00dfergew\u00f6hnlichen Replik aufleben.<\/p>","protected":false},"excerpt":{"rendered":"<p>Erhabene Nachbildung des Schwertes von Artorias im Spiel Darksouls.<\/p>\n<ul>\n<li>Doppelte abgeschr\u00e4gte Klinge aus zweifarbigem Stahl mit Logo<\/li>\n<li>Griff mit schwarzem Kunstleder \u00fcberzogen<\/li>\n<li>Imposanter Vollstahl-Griff mit feiner Gravur<\/li>\n<li>Speziell geformter Knauf aus Vollstahl<\/li>\n<li>Wird mit einer Wandhalterung aus verziertem Holz geliefert<\/li>\n<li>L\u00e4nge der Klinge: 68 cm - Breite der Klinge: 4.2 cm<\/li>\n<li>Gesamtl\u00e4nge: 107.35 cm - Gewicht 2300 g<\/li>\n<\/ul>","protected":false},"featured_media":84597,"template":"","meta":[],"product_brand":[896],"product_cat":[44,67],"product_tag":[],"class_list":{"0":"post-84596","1":"product","2":"type-product","3":"status-publish","4":"has-post-thumbnail","6":"product_brand-replique-manga-cine","7":"product_cat-epees-et-dagues-fantasy","8":"product_cat-katana-et-epee-de-jeux-video-autre-jeux-video","10":"first","11":"instock","12":"taxable","13":"shipping-taxable","14":"purchasable","15":"product-type-simple"},"yoast_head":"<!-- This site is optimized with the Yoast SEO plugin v27.5 - https:\/\/yoast.com\/product\/yoast-seo-wordpress\/ -->\n<title>\u00c9p\u00e9e d\u2019Artorias \u2013 Dark Souls | Lame l\u00e9gendaire - RMC<\/title>\n<meta name=\"description\" content=\"R\u00e9plique fid\u00e8le de l\u2019\u00c9p\u00e9e d\u2019Artorias de Dark Souls. Une pi\u00e8ce l\u00e9gendaire \u00e0 exposer, pour fans, gamers et collectionneurs exigeants. 107.5 cm\" \/>\n<meta name=\"robots\" content=\"index, follow, max-snippet:-1, max-image-preview:large, max-video-preview:-1\" \/>\n<link rel=\"canonical\" href=\"https:\/\/repliquemangacine.fr\/de\/katana-und-schwert-von-videospielen-andere-videospiele\/dartorias-schwert\/\" \/>\n<meta property=\"og:locale\" content=\"de_DE\" \/>\n<meta property=\"og:type\" content=\"article\" \/>\n<meta property=\"og:title\" content=\"\u00c9p\u00e9e d\u2019Artorias \u2013 Dark Souls | Lame l\u00e9gendaire - RMC\" \/>\n<meta property=\"og:description\" content=\"R\u00e9plique fid\u00e8le de l\u2019\u00c9p\u00e9e d\u2019Artorias de Dark Souls. Une pi\u00e8ce l\u00e9gendaire \u00e0 exposer, pour fans, gamers et collectionneurs exigeants. 107.5 cm\" \/>\n<meta property=\"og:url\" content=\"https:\/\/repliquemangacine.fr\/de\/katana-und-schwert-von-videospielen-andere-videospiele\/dartorias-schwert\/\" \/>\n<meta property=\"og:site_name\" content=\"R\u00e9plique Manga Cin\u00e9\" \/>\n<meta property=\"article:publisher\" content=\"https:\/\/www.facebook.com\/RepliqueMangaCine\" \/>\n<meta property=\"article:modified_time\" content=\"2026-02-24T09:29:27+00:00\" \/>\n<meta property=\"og:image\" content=\"https:\/\/repliquemangacine.fr\/wp-content\/uploads\/2025\/05\/Epee-dArtorias-de-Darksouls.jpg\" \/>\n\t<meta property=\"og:image:width\" content=\"800\" \/>\n\t<meta property=\"og:image:height\" content=\"800\" \/>\n\t<meta property=\"og:image:type\" content=\"image\/jpeg\" \/>\n<meta name=\"twitter:card\" content=\"summary_large_image\" \/>\n<meta name=\"twitter:label1\" content=\"Gesch\u00e4tzte Lesezeit\" \/>\n\t<meta name=\"twitter:data1\" content=\"3\u00a0Minuten\" \/>\n<script type=\"application\/ld+json\" class=\"yoast-schema-graph\">{\"@context\":\"https:\\\/\\\/schema.org\",\"@graph\":[{\"@type\":\"WebPage\",\"@id\":\"https:\\\/\\\/repliquemangacine.fr\\\/katana-et-epee-de-jeux-video-autre-jeux-video\\\/epee-dartorias\\\/\",\"url\":\"https:\\\/\\\/repliquemangacine.fr\\\/katana-et-epee-de-jeux-video-autre-jeux-video\\\/epee-dartorias\\\/\",\"name\":\"\u00c9p\u00e9e d\u2019Artorias \u2013 Dark Souls | Lame l\u00e9gendaire - RMC\",\"isPartOf\":{\"@id\":\"https:\\\/\\\/repliquemangacine.fr\\\/#website\"},\"primaryImageOfPage\":{\"@id\":\"https:\\\/\\\/repliquemangacine.fr\\\/katana-et-epee-de-jeux-video-autre-jeux-video\\\/epee-dartorias\\\/#primaryimage\"},\"image\":{\"@id\":\"https:\\\/\\\/repliquemangacine.fr\\\/katana-et-epee-de-jeux-video-autre-jeux-video\\\/epee-dartorias\\\/#primaryimage\"},\"thumbnailUrl\":\"https:\\\/\\\/repliquemangacine.fr\\\/wp-content\\\/uploads\\\/2025\\\/05\\\/Epee-dArtorias-de-Darksouls.jpg\",\"datePublished\":\"2025-05-25T15:11:53+00:00\",\"dateModified\":\"2026-02-24T09:29:27+00:00\",\"description\":\"R\u00e9plique fid\u00e8le de l\u2019\u00c9p\u00e9e d\u2019Artorias de Dark Souls. Une pi\u00e8ce l\u00e9gendaire \u00e0 exposer, pour fans, gamers et collectionneurs exigeants. 107.5 cm\",\"breadcrumb\":{\"@id\":\"https:\\\/\\\/repliquemangacine.fr\\\/katana-et-epee-de-jeux-video-autre-jeux-video\\\/epee-dartorias\\\/#breadcrumb\"},\"inLanguage\":\"de\",\"potentialAction\":[{\"@type\":\"ReadAction\",\"target\":[\"https:\\\/\\\/repliquemangacine.fr\\\/katana-et-epee-de-jeux-video-autre-jeux-video\\\/epee-dartorias\\\/\"]}]},{\"@type\":\"ImageObject\",\"inLanguage\":\"de\",\"@id\":\"https:\\\/\\\/repliquemangacine.fr\\\/katana-et-epee-de-jeux-video-autre-jeux-video\\\/epee-dartorias\\\/#primaryimage\",\"url\":\"https:\\\/\\\/repliquemangacine.fr\\\/wp-content\\\/uploads\\\/2025\\\/05\\\/Epee-dArtorias-de-Darksouls.jpg\",\"contentUrl\":\"https:\\\/\\\/repliquemangacine.fr\\\/wp-content\\\/uploads\\\/2025\\\/05\\\/Epee-dArtorias-de-Darksouls.jpg\",\"width\":800,\"height\":800,\"caption\":\"\u00c9p\u00e9e d'Artorias Darksouls\"},{\"@type\":\"BreadcrumbList\",\"@id\":\"https:\\\/\\\/repliquemangacine.fr\\\/katana-et-epee-de-jeux-video-autre-jeux-video\\\/epee-dartorias\\\/#breadcrumb\",\"itemListElement\":[{\"@type\":\"ListItem\",\"position\":1,\"name\":\"Accueil\",\"item\":\"https:\\\/\\\/repliquemangacine.fr\\\/\"},{\"@type\":\"ListItem\",\"position\":2,\"name\":\"Produits\",\"item\":\"https:\\\/\\\/repliquemangacine.fr\\\/boutique\\\/\"},{\"@type\":\"ListItem\",\"position\":3,\"name\":\"\u00c9p\u00e9e d\u2019Artorias \u2013 Dark Souls | Lame l\u00e9gendaire\"}]},{\"@type\":\"WebSite\",\"@id\":\"https:\\\/\\\/repliquemangacine.fr\\\/#website\",\"url\":\"https:\\\/\\\/repliquemangacine.fr\\\/\",\"name\":\"R\u00e9plique Manga Cin\u00e9\",\"description\":\"\",\"publisher\":{\"@id\":\"https:\\\/\\\/repliquemangacine.fr\\\/#organization\"},\"potentialAction\":[{\"@type\":\"SearchAction\",\"target\":{\"@type\":\"EntryPoint\",\"urlTemplate\":\"https:\\\/\\\/repliquemangacine.fr\\\/?s={search_term_string}\"},\"query-input\":{\"@type\":\"PropertyValueSpecification\",\"valueRequired\":true,\"valueName\":\"search_term_string\"}}],\"inLanguage\":\"de\"},{\"@type\":\"Organization\",\"@id\":\"https:\\\/\\\/repliquemangacine.fr\\\/#organization\",\"name\":\"R\u00e9plique Manga Cin\u00e9\",\"url\":\"https:\\\/\\\/repliquemangacine.fr\\\/\",\"logo\":{\"@type\":\"ImageObject\",\"inLanguage\":\"de\",\"@id\":\"https:\\\/\\\/repliquemangacine.fr\\\/#\\\/schema\\\/logo\\\/image\\\/\",\"url\":\"https:\\\/\\\/repliquemangacine.fr\\\/wp-content\\\/uploads\\\/2023\\\/10\\\/RMC-500250.png\",\"contentUrl\":\"https:\\\/\\\/repliquemangacine.fr\\\/wp-content\\\/uploads\\\/2023\\\/10\\\/RMC-500250.png\",\"width\":500,\"height\":250,\"caption\":\"R\u00e9plique Manga Cin\u00e9\"},\"image\":{\"@id\":\"https:\\\/\\\/repliquemangacine.fr\\\/#\\\/schema\\\/logo\\\/image\\\/\"},\"sameAs\":[\"https:\\\/\\\/www.facebook.com\\\/RepliqueMangaCine\",\"https:\\\/\\\/www.instagram.com\\\/repliquemangacine.fr\\\/\"]}]}<\/script>\n<!-- \/ Yoast SEO plugin. -->","yoast_head_json":{"title":"Schwert des Artorias - Dark Souls | Legend\u00e4re Klinge - RMC","description":"Eine originalgetreue Replik des Schwertes von Artorias aus Dark Souls. Ein legend\u00e4res Ausstellungsst\u00fcck f\u00fcr Fans, Gamer und anspruchsvolle Sammler. 107.5 cm","robots":{"index":"index","follow":"follow","max-snippet":"max-snippet:-1","max-image-preview":"max-image-preview:large","max-video-preview":"max-video-preview:-1"},"canonical":"https:\/\/repliquemangacine.fr\/de\/katana-und-schwert-von-videospielen-andere-videospiele\/dartorias-schwert\/","og_locale":"de_DE","og_type":"article","og_title":"\u00c9p\u00e9e d\u2019Artorias \u2013 Dark Souls | Lame l\u00e9gendaire - RMC","og_description":"R\u00e9plique fid\u00e8le de l\u2019\u00c9p\u00e9e d\u2019Artorias de Dark Souls. Une pi\u00e8ce l\u00e9gendaire \u00e0 exposer, pour fans, gamers et collectionneurs exigeants. 107.5 cm","og_url":"https:\/\/repliquemangacine.fr\/de\/katana-und-schwert-von-videospielen-andere-videospiele\/dartorias-schwert\/","og_site_name":"R\u00e9plique Manga Cin\u00e9","article_publisher":"https:\/\/www.facebook.com\/RepliqueMangaCine","article_modified_time":"2026-02-24T09:29:27+00:00","og_image":[{"width":800,"height":800,"url":"https:\/\/repliquemangacine.fr\/wp-content\/uploads\/2025\/05\/Epee-dArtorias-de-Darksouls.jpg","type":"image\/jpeg"}],"twitter_card":"summary_large_image","twitter_misc":{"Gesch\u00e4tzte Lesezeit":"3\u00a0Minuten"},"schema":{"@context":"https:\/\/schema.org","@graph":[{"@type":"WebPage","@id":"https:\/\/repliquemangacine.fr\/katana-et-epee-de-jeux-video-autre-jeux-video\/epee-dartorias\/","url":"https:\/\/repliquemangacine.fr\/katana-et-epee-de-jeux-video-autre-jeux-video\/epee-dartorias\/","name":"Schwert des Artorias - Dark Souls | Legend\u00e4re Klinge - RMC","isPartOf":{"@id":"https:\/\/repliquemangacine.fr\/#website"},"primaryImageOfPage":{"@id":"https:\/\/repliquemangacine.fr\/katana-et-epee-de-jeux-video-autre-jeux-video\/epee-dartorias\/#primaryimage"},"image":{"@id":"https:\/\/repliquemangacine.fr\/katana-et-epee-de-jeux-video-autre-jeux-video\/epee-dartorias\/#primaryimage"},"thumbnailUrl":"https:\/\/repliquemangacine.fr\/wp-content\/uploads\/2025\/05\/Epee-dArtorias-de-Darksouls.jpg","datePublished":"2025-05-25T15:11:53+00:00","dateModified":"2026-02-24T09:29:27+00:00","description":"Eine originalgetreue Replik des Schwertes von Artorias aus Dark Souls. Ein legend\u00e4res Ausstellungsst\u00fcck f\u00fcr Fans, Gamer und anspruchsvolle Sammler. 107.5 cm","breadcrumb":{"@id":"https:\/\/repliquemangacine.fr\/katana-et-epee-de-jeux-video-autre-jeux-video\/epee-dartorias\/#breadcrumb"},"inLanguage":"de","potentialAction":[{"@type":"ReadAction","target":["https:\/\/repliquemangacine.fr\/katana-et-epee-de-jeux-video-autre-jeux-video\/epee-dartorias\/"]}]},{"@type":"ImageObject","inLanguage":"de","@id":"https:\/\/repliquemangacine.fr\/katana-et-epee-de-jeux-video-autre-jeux-video\/epee-dartorias\/#primaryimage","url":"https:\/\/repliquemangacine.fr\/wp-content\/uploads\/2025\/05\/Epee-dArtorias-de-Darksouls.jpg","contentUrl":"https:\/\/repliquemangacine.fr\/wp-content\/uploads\/2025\/05\/Epee-dArtorias-de-Darksouls.jpg","width":800,"height":800,"caption":"\u00c9p\u00e9e d'Artorias Darksouls"},{"@type":"BreadcrumbList","@id":"https:\/\/repliquemangacine.fr\/katana-et-epee-de-jeux-video-autre-jeux-video\/epee-dartorias\/#breadcrumb","itemListElement":[{"@type":"ListItem","position":1,"name":"Accueil","item":"https:\/\/repliquemangacine.fr\/"},{"@type":"ListItem","position":2,"name":"Produits","item":"https:\/\/repliquemangacine.fr\/boutique\/"},{"@type":"ListItem","position":3,"name":"\u00c9p\u00e9e d\u2019Artorias \u2013 Dark Souls | Lame l\u00e9gendaire"}]},{"@type":"WebSite","@id":"https:\/\/repliquemangacine.fr\/#website","url":"https:\/\/repliquemangacine.fr\/","name":"R\u00e9plique Manga Cin\u00e9","description":"","publisher":{"@id":"https:\/\/repliquemangacine.fr\/#organization"},"potentialAction":[{"@type":"SearchAction","target":{"@type":"EntryPoint","urlTemplate":"https:\/\/repliquemangacine.fr\/?s={search_term_string}"},"query-input":{"@type":"PropertyValueSpecification","valueRequired":true,"valueName":"search_term_string"}}],"inLanguage":"de"},{"@type":"Organization","@id":"https:\/\/repliquemangacine.fr\/#organization","name":"R\u00e9plique Manga Cin\u00e9","url":"https:\/\/repliquemangacine.fr\/","logo":{"@type":"ImageObject","inLanguage":"de","@id":"https:\/\/repliquemangacine.fr\/#\/schema\/logo\/image\/","url":"https:\/\/repliquemangacine.fr\/wp-content\/uploads\/2023\/10\/RMC-500250.png","contentUrl":"https:\/\/repliquemangacine.fr\/wp-content\/uploads\/2023\/10\/RMC-500250.png","width":500,"height":250,"caption":"R\u00e9plique Manga Cin\u00e9"},"image":{"@id":"https:\/\/repliquemangacine.fr\/#\/schema\/logo\/image\/"},"sameAs":["https:\/\/www.facebook.com\/RepliqueMangaCine","https:\/\/www.instagram.com\/repliquemangacine.fr\/"]}]}},"_links":{"self":[{"href":"https:\/\/repliquemangacine.fr\/de\/wp-json\/wp\/v2\/product\/84596","targetHints":{"allow":["GET"]}}],"collection":[{"href":"https:\/\/repliquemangacine.fr\/de\/wp-json\/wp\/v2\/product"}],"about":[{"href":"https:\/\/repliquemangacine.fr\/de\/wp-json\/wp\/v2\/types\/product"}],"wp:featuredmedia":[{"embeddable":true,"href":"https:\/\/repliquemangacine.fr\/de\/wp-json\/wp\/v2\/media\/84597"}],"wp:attachment":[{"href":"https:\/\/repliquemangacine.fr\/de\/wp-json\/wp\/v2\/media?parent=84596"}],"wp:term":[{"taxonomy":"product_brand","embeddable":true,"href":"https:\/\/repliquemangacine.fr\/de\/wp-json\/wp\/v2\/product_brand?post=84596"},{"taxonomy":"product_cat","embeddable":true,"href":"https:\/\/repliquemangacine.fr\/de\/wp-json\/wp\/v2\/product_cat?post=84596"},{"taxonomy":"product_tag","embeddable":true,"href":"https:\/\/repliquemangacine.fr\/de\/wp-json\/wp\/v2\/product_tag?post=84596"}],"curies":[{"name":"wp","href":"https:\/\/api.w.org\/{rel}","templated":true}]}}