





{"id":84574,"date":"2025-05-24T20:42:53","date_gmt":"2025-05-24T18:42:53","guid":{"rendered":"https:\/\/repliquemangacine.fr\/?post_type=product&#038;p=84574"},"modified":"2025-11-13T00:43:30","modified_gmt":"2025-11-12T23:43:30","slug":"traditionelles-schwert-der-ming-dynastie","status":"publish","type":"product","link":"https:\/\/repliquemangacine.fr\/de\/katana-decoration\/epee-traditionnelle-dynastie-ming\/","title":{"rendered":"Traditionelles Schwert Ming-Dynastie"},"content":{"rendered":"<h2>Traditionelles Schwert der Ming-Dynastie: massiv und beeindruckend<\/h2>\n<p>Zun\u00e4chst einmal ist diese <strong>Traditionelles Schwert Ming-Dynastie<\/strong>, ist direkt von den Prunkmodellen inspiriert, die Offiziere bei gro\u00dfen kaiserlichen Zeremonien trugen. Tats\u00e4chlich spiegelte in der Ming-Dynastie die Raffinesse der Waffen die Macht des Reiches und die Meisterschaft der kaiserlichen Handwerker wider. Ihr imposantes Design erinnert an eine Zeit, in der Autorit\u00e4t ebenso sehr durch Stahl wie durch pr\u00e4chtige Verzierungen zum Ausdruck kam. Jedes Element dieser Klinge ist eine Hommage an den Prunk, die Disziplin und das Ansehen hochrangiger Milit\u00e4rs. Ihr edles Aussehen erinnert an Paraden in k\u00f6niglichen H\u00f6fen und martialische Vorf\u00fchrungen in den Verbotenen Pal\u00e4sten.<br \/>\nDiese Art von Schwert war Ausdruck des sozialen Status und ein Beweis der Loyalit\u00e4t gegen\u00fcber dem Kaiser und seinen Werten. Als Emblem getragen, beeindruckte es sowohl durch seine Sch\u00f6nheit als auch durch die Symbolik, die es verk\u00f6rperte. Ein St\u00fcck, das auch heute noch durch seine Pr\u00e4senz und seine bemerkenswerte visuelle Kraft fasziniert.<\/p>\n<h2>Die Prestigewaffe eines raffinierten und gef\u00fcrchteten Imperiums<\/h2>\n<p>Es muss betont werden, dass Waffen in der Ming-Dynastie nicht nur einfache Kriegswerkzeuge waren. Sie spiegelten ein raffiniertes Reich wider, das sich seiner St\u00e4rke und g\u00f6ttlichen Legitimit\u00e4t sicher war. Dieses Schwert ist mit seinem majest\u00e4tischen Aussehen und seinen fein gearbeiteten Verzierungen ein perfektes Beispiel daf\u00fcr. Es war nicht f\u00fcr das Schlachtfeld bestimmt, sondern sollte Respekt und Loyalit\u00e4t einfl\u00f6\u00dfen. Es wurde bei Zeremonien, Milit\u00e4rparaden oder Kampfvorf\u00fchrungen verwendet und hatte sowohl symbolische als auch funktionale Bedeutung.<br \/>\nDie Drachen, die in seinen Stichen allgegenw\u00e4rtig sind, werden mit dem Kaiser, der himmlischen Macht und der Langlebigkeit in Verbindung gebracht. Jedes Detail erinnert an die Gr\u00f6\u00dfe einer Zeit, in der Kunst und Autorit\u00e4t eins waren. Heute ist sie ein begehrtes Sammlerst\u00fcck, das Geheimnis, Prestige und kaiserliche Aura in sich vereint. Zusammenfassend l\u00e4sst sich sagen, dass es sich um ein einzigartiges Dekorationsobjekt handelt, das aus einem Museum oder einem vergessenen Palast zu stammen scheint.<\/p>\n<h2>Ein in Stahl gegossenes kaiserliches Epos<\/h2>\n<p>Die Ming-Dynastie war eine der glanzvollsten Perioden in der Geschichte des chinesischen Kaiserreichs. Handel, Kunst, Forschung und Milit\u00e4r erreichten unter dem wachsamen Blick des Kaisers ihren H\u00f6hepunkt.<br \/>\nDieses Schwert k\u00f6nnte das eines loyalen Hauptmanns sein, der die Grenze sch\u00fctzt, oder das eines W\u00e4chters, der an der <a href=\"https:\/\/chinoistips.com\/cite-interdite\/\" target=\"_blank\" rel=\"noopener noreferrer\">Verbotene Stadt<\/a>. Sie erinnert an die Pracht einer Epoche, in der Protokoll, Hierarchie und Ehre alle Aspekte der Gesellschaft beherrschten. So erz\u00e4hlt jede Kurve, jede Gravur ein St\u00fcck dieses imperialen Epos, in dem Loyalit\u00e4t mit Gr\u00f6\u00dfe einherging.<br \/>\nDer Drache, eine zentrale Figur, wacht \u00fcber die Klinge wie \u00fcber das Reich, Symbol f\u00fcr ewige Macht und g\u00f6ttliche Gerechtigkeit. Mit diesem St\u00fcck stellen Sie eine Geschichte, ein Erbe, eine Legende aus. Letztendlich laden Sie damit die Seele der Ming in Ihr Zuhause ein, voller Geheimnisse und kaiserlicher Noblesse. Auf unserer Website finden Sie auch die\u2019<a href=\"https:\/\/repliquemangacine.fr\/de\/katana-dekoration\/traditionelles-schwert-der-tang-dynastie\/\">traditionelles Schwert aus der Tang-Dynastie<\/a>.<\/p>","protected":false},"excerpt":{"rendered":"<p>Majest\u00e4tisches Traditionelles Schwert der Ming-Dynastie, das Drachenschwert.<\/p>\n<ul>\n<li>Nicht scharfe Klinge mit Kullenschliff aus rostfreiem Stahl mit einem ge\u00e4tzten Drachen auf der Oberseite der Klinge.<\/li>\n<li>Vollst\u00e4ndig gealterter Stahlb\u00fcgel mit Drachendekor<\/li>\n<li>Langer Stahlgriff mit reichem Drachendekor und in der Mitte ein Lederriemen f\u00fcr einen guten Griff.<\/li>\n<li>Knauf aus Vollstahl ebenfalls reich verziert<\/li>\n<li>Holzscheide mit dickem schwarzem Stoff\u00fcberzug mit Drachendekor.<\/li>\n<li>Vier fein verzierte Ornamente aus vielliertem Stahl entlang der Scheide.<\/li>\n<li>Schwarze Kordel mit zwei Pompoms und Holzperlen<\/li>\n<li>L\u00e4nge der Klinge; 89 cm - Gesamtl\u00e4nge ohne Scheide: 132 cm und 140 cm mit Scheide<\/li>\n<li>Gewicht: 2040 g Schwert allein und 2650 g mit Scheide<\/li>\n<\/ul>","protected":false},"featured_media":84576,"template":"","meta":[],"product_brand":[896],"product_cat":[44,26,32],"product_tag":[],"class_list":{"0":"post-84574","1":"product","2":"type-product","3":"status-publish","4":"has-post-thumbnail","6":"product_brand-replique-manga-cine","7":"product_cat-epees-et-dagues-fantasy","8":"product_cat-katana-epee","9":"product_cat-katana-decoration","11":"first","12":"instock","13":"taxable","14":"shipping-taxable","15":"purchasable","16":"product-type-simple"},"yoast_head":"<!-- This site is optimized with the Yoast SEO plugin v27.5 - https:\/\/yoast.com\/product\/yoast-seo-wordpress\/ -->\n<title>\u00c9p\u00e9e Traditionnelle Dynastie Ming - R\u00e9plique Manga Cin\u00e9<\/title>\n<meta name=\"description\" content=\"D\u00e9couvrez un chef-d\u2019\u0153uvre de tradition chinoise avec cette \u00c9p\u00e9e Traditionnelle Dynastie Ming, d\u00e9cor\u00e9 de dragons symboliques et de finitions somptueuses.\" \/>\n<meta name=\"robots\" content=\"index, follow, max-snippet:-1, max-image-preview:large, max-video-preview:-1\" \/>\n<link rel=\"canonical\" href=\"https:\/\/repliquemangacine.fr\/de\/katana-dekoration\/traditionelles-schwert-der-ming-dynastie\/\" \/>\n<meta property=\"og:locale\" content=\"de_DE\" \/>\n<meta property=\"og:type\" content=\"article\" \/>\n<meta property=\"og:title\" content=\"\u00c9p\u00e9e Traditionnelle Dynastie Ming - R\u00e9plique Manga Cin\u00e9\" \/>\n<meta property=\"og:description\" content=\"D\u00e9couvrez un chef-d\u2019\u0153uvre de tradition chinoise avec cette \u00c9p\u00e9e Traditionnelle Dynastie Ming, d\u00e9cor\u00e9 de dragons symboliques et de finitions somptueuses.\" \/>\n<meta property=\"og:url\" content=\"https:\/\/repliquemangacine.fr\/de\/katana-dekoration\/traditionelles-schwert-der-ming-dynastie\/\" \/>\n<meta property=\"og:site_name\" content=\"R\u00e9plique Manga Cin\u00e9\" \/>\n<meta property=\"article:publisher\" content=\"https:\/\/www.facebook.com\/RepliqueMangaCine\" \/>\n<meta property=\"article:modified_time\" content=\"2025-11-12T23:43:30+00:00\" \/>\n<meta property=\"og:image\" content=\"https:\/\/repliquemangacine.fr\/wp-content\/uploads\/2025\/05\/Epee-Traditionnelle-Dynastie-Ming.jpg\" \/>\n\t<meta property=\"og:image:width\" content=\"1000\" \/>\n\t<meta property=\"og:image:height\" content=\"1000\" \/>\n\t<meta property=\"og:image:type\" content=\"image\/jpeg\" \/>\n<meta name=\"twitter:card\" content=\"summary_large_image\" \/>\n<meta name=\"twitter:label1\" content=\"Gesch\u00e4tzte Lesezeit\" \/>\n\t<meta name=\"twitter:data1\" content=\"3\u00a0Minuten\" \/>\n<script type=\"application\/ld+json\" class=\"yoast-schema-graph\">{\"@context\":\"https:\\\/\\\/schema.org\",\"@graph\":[{\"@type\":\"WebPage\",\"@id\":\"https:\\\/\\\/repliquemangacine.fr\\\/katana-decoration\\\/epee-traditionnelle-dynastie-ming\\\/\",\"url\":\"https:\\\/\\\/repliquemangacine.fr\\\/katana-decoration\\\/epee-traditionnelle-dynastie-ming\\\/\",\"name\":\"\u00c9p\u00e9e Traditionnelle Dynastie Ming - R\u00e9plique Manga Cin\u00e9\",\"isPartOf\":{\"@id\":\"https:\\\/\\\/repliquemangacine.fr\\\/#website\"},\"primaryImageOfPage\":{\"@id\":\"https:\\\/\\\/repliquemangacine.fr\\\/katana-decoration\\\/epee-traditionnelle-dynastie-ming\\\/#primaryimage\"},\"image\":{\"@id\":\"https:\\\/\\\/repliquemangacine.fr\\\/katana-decoration\\\/epee-traditionnelle-dynastie-ming\\\/#primaryimage\"},\"thumbnailUrl\":\"https:\\\/\\\/repliquemangacine.fr\\\/wp-content\\\/uploads\\\/2025\\\/05\\\/Epee-Traditionnelle-Dynastie-Ming.jpg\",\"datePublished\":\"2025-05-24T18:42:53+00:00\",\"dateModified\":\"2025-11-12T23:43:30+00:00\",\"description\":\"D\u00e9couvrez un chef-d\u2019\u0153uvre de tradition chinoise avec cette \u00c9p\u00e9e Traditionnelle Dynastie Ming, d\u00e9cor\u00e9 de dragons symboliques et de finitions somptueuses.\",\"breadcrumb\":{\"@id\":\"https:\\\/\\\/repliquemangacine.fr\\\/katana-decoration\\\/epee-traditionnelle-dynastie-ming\\\/#breadcrumb\"},\"inLanguage\":\"de\",\"potentialAction\":[{\"@type\":\"ReadAction\",\"target\":[\"https:\\\/\\\/repliquemangacine.fr\\\/katana-decoration\\\/epee-traditionnelle-dynastie-ming\\\/\"]}]},{\"@type\":\"ImageObject\",\"inLanguage\":\"de\",\"@id\":\"https:\\\/\\\/repliquemangacine.fr\\\/katana-decoration\\\/epee-traditionnelle-dynastie-ming\\\/#primaryimage\",\"url\":\"https:\\\/\\\/repliquemangacine.fr\\\/wp-content\\\/uploads\\\/2025\\\/05\\\/Epee-Traditionnelle-Dynastie-Ming.jpg\",\"contentUrl\":\"https:\\\/\\\/repliquemangacine.fr\\\/wp-content\\\/uploads\\\/2025\\\/05\\\/Epee-Traditionnelle-Dynastie-Ming.jpg\",\"width\":1000,\"height\":1000,\"caption\":\"\u00c9p\u00e9e Traditionnelle Dynastie Ming\"},{\"@type\":\"BreadcrumbList\",\"@id\":\"https:\\\/\\\/repliquemangacine.fr\\\/katana-decoration\\\/epee-traditionnelle-dynastie-ming\\\/#breadcrumb\",\"itemListElement\":[{\"@type\":\"ListItem\",\"position\":1,\"name\":\"Accueil\",\"item\":\"https:\\\/\\\/repliquemangacine.fr\\\/\"},{\"@type\":\"ListItem\",\"position\":2,\"name\":\"Produits\",\"item\":\"https:\\\/\\\/repliquemangacine.fr\\\/boutique\\\/\"},{\"@type\":\"ListItem\",\"position\":3,\"name\":\"\u00c9p\u00e9e Traditionnelle Dynastie Ming\"}]},{\"@type\":\"WebSite\",\"@id\":\"https:\\\/\\\/repliquemangacine.fr\\\/#website\",\"url\":\"https:\\\/\\\/repliquemangacine.fr\\\/\",\"name\":\"R\u00e9plique Manga Cin\u00e9\",\"description\":\"\",\"publisher\":{\"@id\":\"https:\\\/\\\/repliquemangacine.fr\\\/#organization\"},\"potentialAction\":[{\"@type\":\"SearchAction\",\"target\":{\"@type\":\"EntryPoint\",\"urlTemplate\":\"https:\\\/\\\/repliquemangacine.fr\\\/?s={search_term_string}\"},\"query-input\":{\"@type\":\"PropertyValueSpecification\",\"valueRequired\":true,\"valueName\":\"search_term_string\"}}],\"inLanguage\":\"de\"},{\"@type\":\"Organization\",\"@id\":\"https:\\\/\\\/repliquemangacine.fr\\\/#organization\",\"name\":\"R\u00e9plique Manga Cin\u00e9\",\"url\":\"https:\\\/\\\/repliquemangacine.fr\\\/\",\"logo\":{\"@type\":\"ImageObject\",\"inLanguage\":\"de\",\"@id\":\"https:\\\/\\\/repliquemangacine.fr\\\/#\\\/schema\\\/logo\\\/image\\\/\",\"url\":\"https:\\\/\\\/repliquemangacine.fr\\\/wp-content\\\/uploads\\\/2023\\\/10\\\/RMC-500250.png\",\"contentUrl\":\"https:\\\/\\\/repliquemangacine.fr\\\/wp-content\\\/uploads\\\/2023\\\/10\\\/RMC-500250.png\",\"width\":500,\"height\":250,\"caption\":\"R\u00e9plique Manga Cin\u00e9\"},\"image\":{\"@id\":\"https:\\\/\\\/repliquemangacine.fr\\\/#\\\/schema\\\/logo\\\/image\\\/\"},\"sameAs\":[\"https:\\\/\\\/www.facebook.com\\\/RepliqueMangaCine\",\"https:\\\/\\\/www.instagram.com\\\/repliquemangacine.fr\\\/\"]}]}<\/script>\n<!-- \/ Yoast SEO plugin. -->","yoast_head_json":{"title":"Traditionelles Schwert Ming-Dynastie - R\u00e9plique Manga Cin\u00e9","description":"Entdecken Sie mit diesem Traditionellen Schwert der Ming-Dynastie ein Meisterwerk der chinesischen Tradition, das mit symbolischen Drachen und pr\u00e4chtigen Verzierungen geschm\u00fcckt ist.","robots":{"index":"index","follow":"follow","max-snippet":"max-snippet:-1","max-image-preview":"max-image-preview:large","max-video-preview":"max-video-preview:-1"},"canonical":"https:\/\/repliquemangacine.fr\/de\/katana-dekoration\/traditionelles-schwert-der-ming-dynastie\/","og_locale":"de_DE","og_type":"article","og_title":"\u00c9p\u00e9e Traditionnelle Dynastie Ming - R\u00e9plique Manga Cin\u00e9","og_description":"D\u00e9couvrez un chef-d\u2019\u0153uvre de tradition chinoise avec cette \u00c9p\u00e9e Traditionnelle Dynastie Ming, d\u00e9cor\u00e9 de dragons symboliques et de finitions somptueuses.","og_url":"https:\/\/repliquemangacine.fr\/de\/katana-dekoration\/traditionelles-schwert-der-ming-dynastie\/","og_site_name":"R\u00e9plique Manga Cin\u00e9","article_publisher":"https:\/\/www.facebook.com\/RepliqueMangaCine","article_modified_time":"2025-11-12T23:43:30+00:00","og_image":[{"width":1000,"height":1000,"url":"https:\/\/repliquemangacine.fr\/wp-content\/uploads\/2025\/05\/Epee-Traditionnelle-Dynastie-Ming.jpg","type":"image\/jpeg"}],"twitter_card":"summary_large_image","twitter_misc":{"Gesch\u00e4tzte Lesezeit":"3\u00a0Minuten"},"schema":{"@context":"https:\/\/schema.org","@graph":[{"@type":"WebPage","@id":"https:\/\/repliquemangacine.fr\/katana-decoration\/epee-traditionnelle-dynastie-ming\/","url":"https:\/\/repliquemangacine.fr\/katana-decoration\/epee-traditionnelle-dynastie-ming\/","name":"Traditionelles Schwert Ming-Dynastie - R\u00e9plique Manga Cin\u00e9","isPartOf":{"@id":"https:\/\/repliquemangacine.fr\/#website"},"primaryImageOfPage":{"@id":"https:\/\/repliquemangacine.fr\/katana-decoration\/epee-traditionnelle-dynastie-ming\/#primaryimage"},"image":{"@id":"https:\/\/repliquemangacine.fr\/katana-decoration\/epee-traditionnelle-dynastie-ming\/#primaryimage"},"thumbnailUrl":"https:\/\/repliquemangacine.fr\/wp-content\/uploads\/2025\/05\/Epee-Traditionnelle-Dynastie-Ming.jpg","datePublished":"2025-05-24T18:42:53+00:00","dateModified":"2025-11-12T23:43:30+00:00","description":"Entdecken Sie mit diesem Traditionellen Schwert der Ming-Dynastie ein Meisterwerk der chinesischen Tradition, das mit symbolischen Drachen und pr\u00e4chtigen Verzierungen geschm\u00fcckt ist.","breadcrumb":{"@id":"https:\/\/repliquemangacine.fr\/katana-decoration\/epee-traditionnelle-dynastie-ming\/#breadcrumb"},"inLanguage":"de","potentialAction":[{"@type":"ReadAction","target":["https:\/\/repliquemangacine.fr\/katana-decoration\/epee-traditionnelle-dynastie-ming\/"]}]},{"@type":"ImageObject","inLanguage":"de","@id":"https:\/\/repliquemangacine.fr\/katana-decoration\/epee-traditionnelle-dynastie-ming\/#primaryimage","url":"https:\/\/repliquemangacine.fr\/wp-content\/uploads\/2025\/05\/Epee-Traditionnelle-Dynastie-Ming.jpg","contentUrl":"https:\/\/repliquemangacine.fr\/wp-content\/uploads\/2025\/05\/Epee-Traditionnelle-Dynastie-Ming.jpg","width":1000,"height":1000,"caption":"\u00c9p\u00e9e Traditionnelle Dynastie Ming"},{"@type":"BreadcrumbList","@id":"https:\/\/repliquemangacine.fr\/katana-decoration\/epee-traditionnelle-dynastie-ming\/#breadcrumb","itemListElement":[{"@type":"ListItem","position":1,"name":"Accueil","item":"https:\/\/repliquemangacine.fr\/"},{"@type":"ListItem","position":2,"name":"Produits","item":"https:\/\/repliquemangacine.fr\/boutique\/"},{"@type":"ListItem","position":3,"name":"\u00c9p\u00e9e Traditionnelle Dynastie Ming"}]},{"@type":"WebSite","@id":"https:\/\/repliquemangacine.fr\/#website","url":"https:\/\/repliquemangacine.fr\/","name":"R\u00e9plique Manga Cin\u00e9","description":"","publisher":{"@id":"https:\/\/repliquemangacine.fr\/#organization"},"potentialAction":[{"@type":"SearchAction","target":{"@type":"EntryPoint","urlTemplate":"https:\/\/repliquemangacine.fr\/?s={search_term_string}"},"query-input":{"@type":"PropertyValueSpecification","valueRequired":true,"valueName":"search_term_string"}}],"inLanguage":"de"},{"@type":"Organization","@id":"https:\/\/repliquemangacine.fr\/#organization","name":"R\u00e9plique Manga Cin\u00e9","url":"https:\/\/repliquemangacine.fr\/","logo":{"@type":"ImageObject","inLanguage":"de","@id":"https:\/\/repliquemangacine.fr\/#\/schema\/logo\/image\/","url":"https:\/\/repliquemangacine.fr\/wp-content\/uploads\/2023\/10\/RMC-500250.png","contentUrl":"https:\/\/repliquemangacine.fr\/wp-content\/uploads\/2023\/10\/RMC-500250.png","width":500,"height":250,"caption":"R\u00e9plique Manga Cin\u00e9"},"image":{"@id":"https:\/\/repliquemangacine.fr\/#\/schema\/logo\/image\/"},"sameAs":["https:\/\/www.facebook.com\/RepliqueMangaCine","https:\/\/www.instagram.com\/repliquemangacine.fr\/"]}]}},"_links":{"self":[{"href":"https:\/\/repliquemangacine.fr\/de\/wp-json\/wp\/v2\/product\/84574","targetHints":{"allow":["GET"]}}],"collection":[{"href":"https:\/\/repliquemangacine.fr\/de\/wp-json\/wp\/v2\/product"}],"about":[{"href":"https:\/\/repliquemangacine.fr\/de\/wp-json\/wp\/v2\/types\/product"}],"wp:featuredmedia":[{"embeddable":true,"href":"https:\/\/repliquemangacine.fr\/de\/wp-json\/wp\/v2\/media\/84576"}],"wp:attachment":[{"href":"https:\/\/repliquemangacine.fr\/de\/wp-json\/wp\/v2\/media?parent=84574"}],"wp:term":[{"taxonomy":"product_brand","embeddable":true,"href":"https:\/\/repliquemangacine.fr\/de\/wp-json\/wp\/v2\/product_brand?post=84574"},{"taxonomy":"product_cat","embeddable":true,"href":"https:\/\/repliquemangacine.fr\/de\/wp-json\/wp\/v2\/product_cat?post=84574"},{"taxonomy":"product_tag","embeddable":true,"href":"https:\/\/repliquemangacine.fr\/de\/wp-json\/wp\/v2\/product_tag?post=84574"}],"curies":[{"name":"wp","href":"https:\/\/api.w.org\/{rel}","templated":true}]}}