





{"id":84566,"date":"2025-05-24T18:15:03","date_gmt":"2025-05-24T16:15:03","guid":{"rendered":"https:\/\/repliquemangacine.fr\/?post_type=product&#038;p=84566"},"modified":"2026-03-25T15:58:21","modified_gmt":"2026-03-25T14:58:21","slug":"traditionelles-schwert-der-tang-dynastie","status":"publish","type":"product","link":"https:\/\/repliquemangacine.fr\/de\/katana-decoration\/epee-traditionnelle-dynastie-tang\/","title":{"rendered":"Traditionelles Schwert Tang-Dynastie"},"content":{"rendered":"<h2>Traditionelles Schwert aus der Tang-Dynastie - Die Eleganz einer kaiserlichen Epoche<\/h2>\n<p>Tauchen Sie zun\u00e4chst in das Herz der <a href=\"https:\/\/www.nationalgeographic.fr\/histoire\/la-revolte-des-taiping-cauchemar-de-la-derniere-dynastie-imperiale-de-chine\" target=\"_blank\" rel=\"noopener noreferrer\">Kaiserliches China<\/a> mit dieser authentischen Replik, die von den <strong>Traditionelles Schwert Tang-Dynastie<\/strong>\u00a0(618\u2013907 n. Chr.). Eine der wohlhabendsten, k\u00fcnstlerischsten und m\u00e4chtigsten Perioden der chinesischen Geschichte.<\/p>\n<p>Stellen Sie sich nun einen Offizier der kaiserlichen Armee vor, der in seiner pr\u00e4chtigen R\u00fcstung durch den Morgennebel schreitet. An seinem G\u00fcrtel h\u00e4ngt ein gerades, scharfes Schwert aus gl\u00e4nzendem Metall. Es ist das Tang-Schwert, Symbol f\u00fcr Elite und Loyalit\u00e4t gegen\u00fcber dem Kaiser. Diese kraftvolle und elegante Nachbildung ist von Modellen aus dem 8. Jahrhundert inspiriert. Ihre schlichte, aber rassige Silhouette erinnert an die Disziplin und milit\u00e4rische Exzellenz des alten China. Jedes Detail erinnert an die goldene \u00c4ra der Tang-Dynastie, in der Kunst und Krieg Hand in Hand gingen. Sorgf\u00e4ltig gefertigt, vereint es Sch\u00f6nheit und Robustheit. Diese Kraft bieten wir Ihnen heute mit einer Replik, die dem Geist der damaligen Zeit treu bleibt.<\/p>\n<h2>Das Tang-Schwert: Edle Details f\u00fcr anspruchsvolle Sammler<\/h2>\n<p>Stellen Sie sich zun\u00e4chst einen General des Tang-Reiches vor, der selbstbewusst durch die G\u00e4nge des K\u00f6nigspalastes schreitet. An seinem G\u00fcrtel tr\u00e4gt er die Waffe der h\u00f6chsten Milit\u00e4rkreise: ein gerades, furchterregendes und raffiniertes Schwert.<\/p>\n<p>Dieses mit eleganten Motiven verzierte Schwert verbindet \u00c4sthetik mit Leistung. Es erinnert auch an Ehrenduelle, Milit\u00e4rparaden und die kriegerische Disziplin einer glanzvollen Epoche.<\/p>\n<p>Das Design entspricht genau den Vorstellungen der Gener\u00e4le der Tang-Dynastie mit seinem Griff aus massivem, gealtertem Stahl, der mit zwei ineinander verschlungenen Drachenk\u00f6pfen verziert ist und die kaiserliche Symbolik perfekt verk\u00f6rpert. Die Holzscheide, die mit einem dicken, mit traditionellen Drachen verzierten Stoff \u00fcberzogen ist, vervollst\u00e4ndigt dieses au\u00dfergew\u00f6hnliche St\u00fcck.\u00a0 An den Enden und in der Mitte befinden sich fein gearbeitete Metallteile. Das schwarze Seil, verziert mit zwei Quasten mit Holzperlen, verleiht dem Schwert einen zeremoniellen und authentischen Touch.<\/p>\n<h2>Warum sollten Sie es in Ihre Sammlung aufnehmen?<\/h2>\n<p>Ob Sie nun Sammler sind, sich f\u00fcr chinesische Kampfk\u00fcnste (Wushu, Tai Chi) begeistern oder historische Waffen lieben, dieses Tang-Schwert ist mehr als nur eine einfache Replik: Es ist eine Hommage an ein goldenes Zeitalter der asiatischen Milit\u00e4rkunst.<\/p>\n<ul>\n<li>Historisches Design, das der Vorstellungswelt der Gener\u00e4le der Tang-Zeit treu bleibt<\/li>\n<li>Ausgewogene Klinge, perfekt f\u00fcr Vorf\u00fchrungen oder Ausstellungen<\/li>\n<li>Ein Hauch von Exotik und Raffinesse f\u00fcr Liebhaber von Kampfsportarten oder Objekten aus der damaligen Zeit. Ein Raum mit Charakter, zwischen Kampfkunst und hochwertiger Dekoration.<\/li>\n<\/ul>\n<p>Eine originelle Geschenkidee f\u00fcr Liebhaber der Geschichte, des alten China oder der asiatischen Kultur. Lassen Sie sich die Geschichte nicht entgehen! G\u00f6nnen Sie sich mit diesem au\u00dfergew\u00f6hnlichen St\u00fcck ein St\u00fcck kaiserliches Erbe.<\/p>\n<p>Es ist zu betonen, dass Sie auch die\u2019<a href=\"https:\/\/repliquemangacine.fr\/de\/katana-dekoration\/traditionelles-schwert-der-ming-dynastie\/\">traditionelles Schwert der Ming-Dynastie<\/a>.<\/p>","protected":false},"excerpt":{"rendered":"<p>Wundersch\u00f6nes traditionelles Schwert aus der Tang-Dynastie, ein symboltr\u00e4chtiges St\u00fcck der Milit\u00e4r- und Kulturgeschichte Chinas.<\/p>\n<ul>\n<li>Gerade Klinge aus rostfreiem Stahl mit eleganten Gravuren<\/li>\n<li>Mit Leder \u00fcberzogener Holzgriff f\u00fcr einen guten Griff<\/li>\n<li>Krallenf\u00f6rmiger Knauf aus antikisiertem Metall<\/li>\n<li>Ebenfalls gealterter Vollstahlb\u00fcgel, der zwei ineinander verschlungene Drachenk\u00f6pfe darstellt.<\/li>\n<li>Holzscheide mit dickem Stoffbezug und Drachendekor.<\/li>\n<li>An den Enden der Scheide fein verzierte Metallteile sowie in der Mitte. Schwarzes Tau und zwei Pompoms mit Holzperlen.<\/li>\n<li>Klingenl\u00e4nge: 71 cm - Gesamtl\u00e4nge: 106,5 cm ohne Scheide und 111,5 cm mit Scheide<\/li>\n<li>Gewicht: 1455 g ohne Scheide und 1950 g mit Scheide<\/li>\n<\/ul>","protected":false},"featured_media":84567,"template":"","meta":[],"product_brand":[896],"product_cat":[44,26,32],"product_tag":[],"class_list":{"0":"post-84566","1":"product","2":"type-product","3":"status-publish","4":"has-post-thumbnail","6":"product_brand-replique-manga-cine","7":"product_cat-epees-et-dagues-fantasy","8":"product_cat-katana-epee","9":"product_cat-katana-decoration","11":"first","12":"instock","13":"taxable","14":"shipping-taxable","15":"purchasable","16":"product-type-simple"},"yoast_head":"<!-- This site is optimized with the Yoast SEO plugin v27.5 - https:\/\/yoast.com\/product\/yoast-seo-wordpress\/ -->\n<title>\u00c9p\u00e9e Traditionnelle Dynastie Tang - R\u00e9plique Manga Cin\u00e9<\/title>\n<meta name=\"description\" content=\"Faites entrer la grandeur imp\u00e9riale chez vous ! Avec cette \u00c9p\u00e9e Traditionnelle Dynastie Tang, un fragment d&#039;histoire \u00e0 votre port\u00e9e. 106.5 cm\" \/>\n<meta name=\"robots\" content=\"index, follow, max-snippet:-1, max-image-preview:large, max-video-preview:-1\" \/>\n<link rel=\"canonical\" href=\"https:\/\/repliquemangacine.fr\/de\/katana-dekoration\/traditionelles-schwert-der-tang-dynastie\/\" \/>\n<meta property=\"og:locale\" content=\"de_DE\" \/>\n<meta property=\"og:type\" content=\"article\" \/>\n<meta property=\"og:title\" content=\"\u00c9p\u00e9e Traditionnelle Dynastie Tang - R\u00e9plique Manga Cin\u00e9\" \/>\n<meta property=\"og:description\" content=\"Faites entrer la grandeur imp\u00e9riale chez vous ! Avec cette \u00c9p\u00e9e Traditionnelle Dynastie Tang, un fragment d&#039;histoire \u00e0 votre port\u00e9e. 106.5 cm\" \/>\n<meta property=\"og:url\" content=\"https:\/\/repliquemangacine.fr\/de\/katana-dekoration\/traditionelles-schwert-der-tang-dynastie\/\" \/>\n<meta property=\"og:site_name\" content=\"R\u00e9plique Manga Cin\u00e9\" \/>\n<meta property=\"article:publisher\" content=\"https:\/\/www.facebook.com\/RepliqueMangaCine\" \/>\n<meta property=\"article:modified_time\" content=\"2026-03-25T14:58:21+00:00\" \/>\n<meta property=\"og:image\" content=\"https:\/\/repliquemangacine.fr\/wp-content\/uploads\/2025\/05\/Epee-Traditionnelle-Dynasty-Tang.jpg\" \/>\n\t<meta property=\"og:image:width\" content=\"800\" \/>\n\t<meta property=\"og:image:height\" content=\"800\" \/>\n\t<meta property=\"og:image:type\" content=\"image\/jpeg\" \/>\n<meta name=\"twitter:card\" content=\"summary_large_image\" \/>\n<meta name=\"twitter:label1\" content=\"Gesch\u00e4tzte Lesezeit\" \/>\n\t<meta name=\"twitter:data1\" content=\"3\u00a0Minuten\" \/>\n<script type=\"application\/ld+json\" class=\"yoast-schema-graph\">{\"@context\":\"https:\\\/\\\/schema.org\",\"@graph\":[{\"@type\":\"WebPage\",\"@id\":\"https:\\\/\\\/repliquemangacine.fr\\\/katana-decoration\\\/epee-traditionnelle-dynastie-tang\\\/\",\"url\":\"https:\\\/\\\/repliquemangacine.fr\\\/katana-decoration\\\/epee-traditionnelle-dynastie-tang\\\/\",\"name\":\"\u00c9p\u00e9e Traditionnelle Dynastie Tang - R\u00e9plique Manga Cin\u00e9\",\"isPartOf\":{\"@id\":\"https:\\\/\\\/repliquemangacine.fr\\\/#website\"},\"primaryImageOfPage\":{\"@id\":\"https:\\\/\\\/repliquemangacine.fr\\\/katana-decoration\\\/epee-traditionnelle-dynastie-tang\\\/#primaryimage\"},\"image\":{\"@id\":\"https:\\\/\\\/repliquemangacine.fr\\\/katana-decoration\\\/epee-traditionnelle-dynastie-tang\\\/#primaryimage\"},\"thumbnailUrl\":\"https:\\\/\\\/repliquemangacine.fr\\\/wp-content\\\/uploads\\\/2025\\\/05\\\/Epee-Traditionnelle-Dynasty-Tang.jpg\",\"datePublished\":\"2025-05-24T16:15:03+00:00\",\"dateModified\":\"2026-03-25T14:58:21+00:00\",\"description\":\"Faites entrer la grandeur imp\u00e9riale chez vous ! Avec cette \u00c9p\u00e9e Traditionnelle Dynastie Tang, un fragment d'histoire \u00e0 votre port\u00e9e. 106.5 cm\",\"breadcrumb\":{\"@id\":\"https:\\\/\\\/repliquemangacine.fr\\\/katana-decoration\\\/epee-traditionnelle-dynastie-tang\\\/#breadcrumb\"},\"inLanguage\":\"de\",\"potentialAction\":[{\"@type\":\"ReadAction\",\"target\":[\"https:\\\/\\\/repliquemangacine.fr\\\/katana-decoration\\\/epee-traditionnelle-dynastie-tang\\\/\"]}]},{\"@type\":\"ImageObject\",\"inLanguage\":\"de\",\"@id\":\"https:\\\/\\\/repliquemangacine.fr\\\/katana-decoration\\\/epee-traditionnelle-dynastie-tang\\\/#primaryimage\",\"url\":\"https:\\\/\\\/repliquemangacine.fr\\\/wp-content\\\/uploads\\\/2025\\\/05\\\/Epee-Traditionnelle-Dynasty-Tang.jpg\",\"contentUrl\":\"https:\\\/\\\/repliquemangacine.fr\\\/wp-content\\\/uploads\\\/2025\\\/05\\\/Epee-Traditionnelle-Dynasty-Tang.jpg\",\"width\":800,\"height\":800,\"caption\":\"\u00c9p\u00e9e Traditionnelle Dynastie Tang\"},{\"@type\":\"BreadcrumbList\",\"@id\":\"https:\\\/\\\/repliquemangacine.fr\\\/katana-decoration\\\/epee-traditionnelle-dynastie-tang\\\/#breadcrumb\",\"itemListElement\":[{\"@type\":\"ListItem\",\"position\":1,\"name\":\"Accueil\",\"item\":\"https:\\\/\\\/repliquemangacine.fr\\\/\"},{\"@type\":\"ListItem\",\"position\":2,\"name\":\"Produits\",\"item\":\"https:\\\/\\\/repliquemangacine.fr\\\/boutique\\\/\"},{\"@type\":\"ListItem\",\"position\":3,\"name\":\"\u00c9p\u00e9e Traditionnelle Dynastie Tang\"}]},{\"@type\":\"WebSite\",\"@id\":\"https:\\\/\\\/repliquemangacine.fr\\\/#website\",\"url\":\"https:\\\/\\\/repliquemangacine.fr\\\/\",\"name\":\"R\u00e9plique Manga Cin\u00e9\",\"description\":\"\",\"publisher\":{\"@id\":\"https:\\\/\\\/repliquemangacine.fr\\\/#organization\"},\"potentialAction\":[{\"@type\":\"SearchAction\",\"target\":{\"@type\":\"EntryPoint\",\"urlTemplate\":\"https:\\\/\\\/repliquemangacine.fr\\\/?s={search_term_string}\"},\"query-input\":{\"@type\":\"PropertyValueSpecification\",\"valueRequired\":true,\"valueName\":\"search_term_string\"}}],\"inLanguage\":\"de\"},{\"@type\":\"Organization\",\"@id\":\"https:\\\/\\\/repliquemangacine.fr\\\/#organization\",\"name\":\"R\u00e9plique Manga Cin\u00e9\",\"url\":\"https:\\\/\\\/repliquemangacine.fr\\\/\",\"logo\":{\"@type\":\"ImageObject\",\"inLanguage\":\"de\",\"@id\":\"https:\\\/\\\/repliquemangacine.fr\\\/#\\\/schema\\\/logo\\\/image\\\/\",\"url\":\"https:\\\/\\\/repliquemangacine.fr\\\/wp-content\\\/uploads\\\/2023\\\/10\\\/RMC-500250.png\",\"contentUrl\":\"https:\\\/\\\/repliquemangacine.fr\\\/wp-content\\\/uploads\\\/2023\\\/10\\\/RMC-500250.png\",\"width\":500,\"height\":250,\"caption\":\"R\u00e9plique Manga Cin\u00e9\"},\"image\":{\"@id\":\"https:\\\/\\\/repliquemangacine.fr\\\/#\\\/schema\\\/logo\\\/image\\\/\"},\"sameAs\":[\"https:\\\/\\\/www.facebook.com\\\/RepliqueMangaCine\",\"https:\\\/\\\/www.instagram.com\\\/repliquemangacine.fr\\\/\"]}]}<\/script>\n<!-- \/ Yoast SEO plugin. -->","yoast_head_json":{"title":"Traditionelles Schwert Tang-Dynastie - R\u00e9plique Manga Cin\u00e9","description":"Holen Sie sich die kaiserliche Gr\u00f6\u00dfe in Ihr Zuhause! Mit diesem Traditionellen Schwert der Tang-Dynastie liegt ein St\u00fcck Geschichte in Ihrer Reichweite. 106.5 cm","robots":{"index":"index","follow":"follow","max-snippet":"max-snippet:-1","max-image-preview":"max-image-preview:large","max-video-preview":"max-video-preview:-1"},"canonical":"https:\/\/repliquemangacine.fr\/de\/katana-dekoration\/traditionelles-schwert-der-tang-dynastie\/","og_locale":"de_DE","og_type":"article","og_title":"\u00c9p\u00e9e Traditionnelle Dynastie Tang - R\u00e9plique Manga Cin\u00e9","og_description":"Faites entrer la grandeur imp\u00e9riale chez vous ! Avec cette \u00c9p\u00e9e Traditionnelle Dynastie Tang, un fragment d'histoire \u00e0 votre port\u00e9e. 106.5 cm","og_url":"https:\/\/repliquemangacine.fr\/de\/katana-dekoration\/traditionelles-schwert-der-tang-dynastie\/","og_site_name":"R\u00e9plique Manga Cin\u00e9","article_publisher":"https:\/\/www.facebook.com\/RepliqueMangaCine","article_modified_time":"2026-03-25T14:58:21+00:00","og_image":[{"width":800,"height":800,"url":"https:\/\/repliquemangacine.fr\/wp-content\/uploads\/2025\/05\/Epee-Traditionnelle-Dynasty-Tang.jpg","type":"image\/jpeg"}],"twitter_card":"summary_large_image","twitter_misc":{"Gesch\u00e4tzte Lesezeit":"3\u00a0Minuten"},"schema":{"@context":"https:\/\/schema.org","@graph":[{"@type":"WebPage","@id":"https:\/\/repliquemangacine.fr\/katana-decoration\/epee-traditionnelle-dynastie-tang\/","url":"https:\/\/repliquemangacine.fr\/katana-decoration\/epee-traditionnelle-dynastie-tang\/","name":"Traditionelles Schwert Tang-Dynastie - R\u00e9plique Manga Cin\u00e9","isPartOf":{"@id":"https:\/\/repliquemangacine.fr\/#website"},"primaryImageOfPage":{"@id":"https:\/\/repliquemangacine.fr\/katana-decoration\/epee-traditionnelle-dynastie-tang\/#primaryimage"},"image":{"@id":"https:\/\/repliquemangacine.fr\/katana-decoration\/epee-traditionnelle-dynastie-tang\/#primaryimage"},"thumbnailUrl":"https:\/\/repliquemangacine.fr\/wp-content\/uploads\/2025\/05\/Epee-Traditionnelle-Dynasty-Tang.jpg","datePublished":"2025-05-24T16:15:03+00:00","dateModified":"2026-03-25T14:58:21+00:00","description":"Holen Sie sich die kaiserliche Gr\u00f6\u00dfe in Ihr Zuhause! Mit diesem Traditionellen Schwert der Tang-Dynastie liegt ein St\u00fcck Geschichte in Ihrer Reichweite. 106.5 cm","breadcrumb":{"@id":"https:\/\/repliquemangacine.fr\/katana-decoration\/epee-traditionnelle-dynastie-tang\/#breadcrumb"},"inLanguage":"de","potentialAction":[{"@type":"ReadAction","target":["https:\/\/repliquemangacine.fr\/katana-decoration\/epee-traditionnelle-dynastie-tang\/"]}]},{"@type":"ImageObject","inLanguage":"de","@id":"https:\/\/repliquemangacine.fr\/katana-decoration\/epee-traditionnelle-dynastie-tang\/#primaryimage","url":"https:\/\/repliquemangacine.fr\/wp-content\/uploads\/2025\/05\/Epee-Traditionnelle-Dynasty-Tang.jpg","contentUrl":"https:\/\/repliquemangacine.fr\/wp-content\/uploads\/2025\/05\/Epee-Traditionnelle-Dynasty-Tang.jpg","width":800,"height":800,"caption":"\u00c9p\u00e9e Traditionnelle Dynastie Tang"},{"@type":"BreadcrumbList","@id":"https:\/\/repliquemangacine.fr\/katana-decoration\/epee-traditionnelle-dynastie-tang\/#breadcrumb","itemListElement":[{"@type":"ListItem","position":1,"name":"Accueil","item":"https:\/\/repliquemangacine.fr\/"},{"@type":"ListItem","position":2,"name":"Produits","item":"https:\/\/repliquemangacine.fr\/boutique\/"},{"@type":"ListItem","position":3,"name":"\u00c9p\u00e9e Traditionnelle Dynastie Tang"}]},{"@type":"WebSite","@id":"https:\/\/repliquemangacine.fr\/#website","url":"https:\/\/repliquemangacine.fr\/","name":"R\u00e9plique Manga Cin\u00e9","description":"","publisher":{"@id":"https:\/\/repliquemangacine.fr\/#organization"},"potentialAction":[{"@type":"SearchAction","target":{"@type":"EntryPoint","urlTemplate":"https:\/\/repliquemangacine.fr\/?s={search_term_string}"},"query-input":{"@type":"PropertyValueSpecification","valueRequired":true,"valueName":"search_term_string"}}],"inLanguage":"de"},{"@type":"Organization","@id":"https:\/\/repliquemangacine.fr\/#organization","name":"R\u00e9plique Manga Cin\u00e9","url":"https:\/\/repliquemangacine.fr\/","logo":{"@type":"ImageObject","inLanguage":"de","@id":"https:\/\/repliquemangacine.fr\/#\/schema\/logo\/image\/","url":"https:\/\/repliquemangacine.fr\/wp-content\/uploads\/2023\/10\/RMC-500250.png","contentUrl":"https:\/\/repliquemangacine.fr\/wp-content\/uploads\/2023\/10\/RMC-500250.png","width":500,"height":250,"caption":"R\u00e9plique Manga Cin\u00e9"},"image":{"@id":"https:\/\/repliquemangacine.fr\/#\/schema\/logo\/image\/"},"sameAs":["https:\/\/www.facebook.com\/RepliqueMangaCine","https:\/\/www.instagram.com\/repliquemangacine.fr\/"]}]}},"_links":{"self":[{"href":"https:\/\/repliquemangacine.fr\/de\/wp-json\/wp\/v2\/product\/84566","targetHints":{"allow":["GET"]}}],"collection":[{"href":"https:\/\/repliquemangacine.fr\/de\/wp-json\/wp\/v2\/product"}],"about":[{"href":"https:\/\/repliquemangacine.fr\/de\/wp-json\/wp\/v2\/types\/product"}],"wp:featuredmedia":[{"embeddable":true,"href":"https:\/\/repliquemangacine.fr\/de\/wp-json\/wp\/v2\/media\/84567"}],"wp:attachment":[{"href":"https:\/\/repliquemangacine.fr\/de\/wp-json\/wp\/v2\/media?parent=84566"}],"wp:term":[{"taxonomy":"product_brand","embeddable":true,"href":"https:\/\/repliquemangacine.fr\/de\/wp-json\/wp\/v2\/product_brand?post=84566"},{"taxonomy":"product_cat","embeddable":true,"href":"https:\/\/repliquemangacine.fr\/de\/wp-json\/wp\/v2\/product_cat?post=84566"},{"taxonomy":"product_tag","embeddable":true,"href":"https:\/\/repliquemangacine.fr\/de\/wp-json\/wp\/v2\/product_tag?post=84566"}],"curies":[{"name":"wp","href":"https:\/\/api.w.org\/{rel}","templated":true}]}}